{"id":25745,"date":"2026-05-05T12:19:52","date_gmt":"2026-05-05T10:19:52","guid":{"rendered":"https:\/\/www.sariki.es\/?page_id=25745"},"modified":"2026-05-05T13:06:15","modified_gmt":"2026-05-05T11:06:15","slug":"maquinas-especiais-de-medicao","status":"publish","type":"page","link":"https:\/\/www.sariki.es\/pt-pt\/equipamentos-de-medicao\/maquinas-especiais-de-medicao\/","title":{"rendered":"M\u00e1quinas especiais de medi\u00e7\u00e3o"},"content":{"rendered":"\n\n\t\t<h1>\n\t\t\tM\u00e1quinas especiais de medi\u00e7\u00e3o\n\t\t<\/h1>\n\t<p>Oferecemos solu\u00e7\u00f5es avan\u00e7adas para o<strong> desenvolvimento e fabrico de m\u00e1quinas especiais de medi\u00e7\u00e3o<\/strong>, desde esta\u00e7\u00f5es manuais at\u00e9 <strong>linhas totalmente automatizadas<\/strong>.<\/p>\n<p>Proporcionamos sistemas de medi\u00e7\u00e3o robustos, precisos e adaptados a ambientes industriais exigentes, concebidos para maximizar a produtividade e o controlo de qualidade em processos cr\u00edticos.<\/p>\n\t\t\t\t\t\t\t<img loading=\"lazy\" decoding=\"async\" src=\"https:\/\/www.sariki.es\/wp-content\/uploads\/2019\/07\/icono-portada-header.png\" alt=\"icono-portada-header\" width=\"42\" height=\"55\" \/>\n\t\t\t\t\t\t<h4>A Sariki \u00e9 distribuidor oficial da PHILIPP HAFNER para Espanha e Portugal.<\/h4>\t\t\t\t\t\n\t\t\t\t\t\t\t\t\t<img loading=\"lazy\" decoding=\"async\" src=\"https:\/\/www.sariki.es\/wp-content\/uploads\/2026\/05\/csm_Maschine_Kolben_85b0a108eb.jpg\" alt=\"csm_Maschine_Kolben_85b0a108eb\" itemprop=\"image\" height=\"395\" width=\"600\" srcset=\"https:\/\/www.sariki.es\/wp-content\/uploads\/2026\/05\/csm_Maschine_Kolben_85b0a108eb.jpg 600w, https:\/\/www.sariki.es\/wp-content\/uploads\/2026\/05\/csm_Maschine_Kolben_85b0a108eb-300x198.jpg 300w\" sizes=\"auto, (max-width: 600px) 100vw, 600px\" title=\"csm_Maschine_Kolben_85b0a108eb\" onerror=\"this.style.display='none'\"  \/>\n\t\t<h2>\n\t\t\tSolu\u00e7\u00f5es avan\u00e7adas de medi\u00e7\u00e3o industrial\n\t\t<\/h2>\n\t<p>Concebemos e fabricamos <strong>equipamentos e automatismos de medi\u00e7\u00e3o espec\u00edficos<\/strong> para os seguintes grupos de componentes:<\/p>\n<ul>\n<li><strong>Juntas homocin\u00e9ticas<\/strong><\/li>\n<li><strong>Elementos de engrenagem<\/strong><\/li>\n<li><strong>Pe\u00e7as de eixos e direc\u00e7\u00e3o<\/strong><\/li>\n<li><strong>Pe\u00e7as de motor<\/strong><\/li>\n<li><strong>Rodas e jantes<\/strong><\/li>\n<li><strong>Pe\u00e7as de alum\u00ednio<\/strong><\/li>\n<li><strong>Outras provetes industriais<\/strong>\n<\/li>\n<\/ul>\n<h2>\n\t\t\tJuntas homocin\u00e9ticas\t<\/h2>\n\t<p>Somos especialistas no desenvolvimento de equipamentos e sistemas autom\u00e1ticos de medi\u00e7\u00e3o para:<\/p>\n<ul>\n<li>Caixa articulada<\/li>\n<li>Porta-roletes<\/li>\n<li>Cubo de esferas<\/li>\n<\/ul>\n<h2>\n\t\t\tElementos de engrenagem\t<\/h2>\n\t<p>Fornecemos equipamentos de medi\u00e7\u00e3o para uma ampla variedade de pe\u00e7as de engrenagem, incluindo:<\/p>\n<ul>\n<li>Caixas de engrenagens<\/li>\n<li>\u00c1rvores (eixos)<\/li>\n<li>Rodas dentadas<\/li>\n<li>Grupos de liga\u00e7\u00e3o<\/li>\n<li>Componentes CVT<\/li>\n<li>An\u00e9is sincronizadores e sincronizadores<\/li>\n<li>Outras pe\u00e7as de engrenagem<\/li>\n<\/ul>\n<h2>\n\t\t\tPe\u00e7as de eixos e direc\u00e7\u00e3o\t<\/h2>\n\t<p>Desenvolvemos solu\u00e7\u00f5es para a medi\u00e7\u00e3o de:<\/p>\n<ul>\n<li>Mangas de eixo e suportes de roda<\/li>\n<li>Flanges de roda<\/li>\n<li>Discos e tambores de trav\u00e3o<\/li>\n<li>Escoras de chassis<\/li>\n<li>Caixas de direc\u00e7\u00e3o<\/li>\n<li>Cremalheiras<\/li>\n<li>Porcas e pinh\u00f5es de direc\u00e7\u00e3o<\/li>\n<li>Caixas de eixos<\/li>\n<li>Engrenagens c\u00f3nicas<\/li>\n<li>Diferenciais e respetivos componentes<\/li>\n<\/ul>\n<h2>\n\t\t\tPe\u00e7as de motor\t<\/h2>\n\t<p>Equipamentos de medi\u00e7\u00e3o para:<\/p>\n<ul>\n<li>Cabe\u00e7as de motor (culatas)<\/li>\n<li>Blocos de motor<\/li>\n<li>\u00c1rvores de cames<\/li>\n<li>Bielas<\/li>\n<li>Cambotas<\/li>\n<li>Outros componentes cr\u00edticos do motor<\/li>\n<\/ul>\n<h2>\n\t\t\tRuedas y llantas\t<\/h2>\n\t<p>Fornecemos sistemas de medi\u00e7\u00e3o para:<\/p>\n<ul>\n<li>Jantes de a\u00e7o<\/li>\n<li>Jantes de alum\u00ednio<\/li>\n<li>Jantes para ve\u00edculos industriais e cami\u00f5es<\/li>\n<\/ul>\n<h2>\n\t\t\tLinha flex\u00edvel de medi\u00e7\u00e3o e montagem de pist\u00f5es\t<\/h2>\n\t<p>A linha flex\u00edvel de medi\u00e7\u00e3o e montagem de pist\u00f5es abrange todas as tarefas habituais de medi\u00e7\u00e3o, inspe\u00e7\u00e3o e montagem numa \u00fanica solu\u00e7\u00e3o integrada.<\/p>\n<p>Fun\u00e7\u00f5es de medi\u00e7\u00e3o<\/p>\n<ul>\n<li>Offset do perno<\/li>\n<li>Altura de compress\u00e3o<\/li>\n<li>Profundidade da cuba<\/li>\n<li>Di\u00e2metros do pist\u00e3o (DN a D4)<\/li>\n<li>Di\u00e2metro do perno<\/li>\n<li>Peso<\/li>\n<li>Ovalidade<\/li>\n<li>Perpendicularidade<\/li>\n<li>Tor\u00e7\u00e3o da ovalidade<\/li>\n<li>Geometria da coroa<\/li>\n<li>Saia e eixo do pist\u00e3o<\/li>\n<\/ul>\n<p>Montagem<\/p>\n<ul>\n<li>Perno<\/li>\n<li>An\u00e9is de seguran\u00e7a<\/li>\n<li>An\u00e9is de pist\u00e3o e expansor<\/li>\n<li>Placas de cobertura<\/li>\n<\/ul>\n<p>Verifica\u00e7\u00e3o e controlo de qualidade<\/p>\n<ul>\n<li>Dete\u00e7\u00e3o de rebarbas<\/li>\n<li>Danos superficiais<\/li>\n<li>Precis\u00e3o do contorno<\/li>\n<li>Qualidade do revestimento<\/li>\n<li>Orienta\u00e7\u00e3o posicional<\/li>\n<li>Ensaios por ultrassons<\/li>\n<li>Correntes de Foucault<\/li>\n<\/ul>\n<p>Marca\u00e7\u00e3o<\/p>\n<ul>\n<li>Marca\u00e7\u00e3o a laser<\/li>\n<li>Marca\u00e7\u00e3o por tinta<\/li>\n<\/ul>\n<h2>\n\t\t\tOutras provetes industriais\t<\/h2>\n\t<p>Tamb\u00e9m fornecemos sistemas de medi\u00e7\u00e3o para:<\/p>\n<ul>\n<li>Carca\u00e7as<\/li>\n<li>Rolamentos de esferas<\/li>\n<li>Guias lineares<\/li>\n<li>Componentes de motores el\u00e9tricos<\/li>\n<\/ul>\n\t\t<iframe loading=\"lazy\" width=\"560\" height=\"315\" src=\"https:\/\/www.youtube.com\/embed\/GfuLCxEXzKM?si=1eSOz0O4jrUCyOwu\" title=\"YouTube video player\" frameborder=\"0\" allow=\"accelerometer; autoplay; clipboard-write; encrypted-media; gyroscope; picture-in-picture; web-share\" referrerpolicy=\"strict-origin-when-cross-origin\" allowfullscreen><\/iframe>\t\n\t\t\t\t\t\t\t\t\t<img loading=\"lazy\" decoding=\"async\" src=\"https:\/\/www.sariki.es\/wp-content\/uploads\/2026\/05\/philipp_hafner_de_mexico_cover.jpg\" alt=\"philipp_hafner_de_mexico_cover\" itemprop=\"image\" height=\"798\" width=\"1200\" srcset=\"https:\/\/www.sariki.es\/wp-content\/uploads\/2026\/05\/philipp_hafner_de_mexico_cover.jpg 1200w, https:\/\/www.sariki.es\/wp-content\/uploads\/2026\/05\/philipp_hafner_de_mexico_cover-300x200.jpg 300w, https:\/\/www.sariki.es\/wp-content\/uploads\/2026\/05\/philipp_hafner_de_mexico_cover-1024x681.jpg 1024w, https:\/\/www.sariki.es\/wp-content\/uploads\/2026\/05\/philipp_hafner_de_mexico_cover-768x511.jpg 768w, https:\/\/www.sariki.es\/wp-content\/uploads\/2026\/05\/philipp_hafner_de_mexico_cover-375x250.jpg 375w\" sizes=\"auto, (max-width: 1200px) 100vw, 1200px\" title=\"philipp_hafner_de_mexico_cover\" onerror=\"this.style.display='none'\"  \/>\n\t\t\t\t\t\t\t\t\t<img loading=\"lazy\" decoding=\"async\" src=\"https:\/\/www.sariki.es\/wp-content\/uploads\/2026\/05\/1768298052896.jpg\" alt=\"1768298052896\" itemprop=\"image\" height=\"1421\" width=\"800\" srcset=\"https:\/\/www.sariki.es\/wp-content\/uploads\/2026\/05\/1768298052896.jpg 800w, https:\/\/www.sariki.es\/wp-content\/uploads\/2026\/05\/1768298052896-169x300.jpg 169w, https:\/\/www.sariki.es\/wp-content\/uploads\/2026\/05\/1768298052896-576x1024.jpg 576w, https:\/\/www.sariki.es\/wp-content\/uploads\/2026\/05\/1768298052896-768x1364.jpg 768w\" sizes=\"auto, (max-width: 800px) 100vw, 800px\" title=\"1768298052896\" onerror=\"this.style.display='none'\"  \/>\n\t\t\t\t\t\t\t<img loading=\"lazy\" decoding=\"async\" src=\"https:\/\/www.sariki.es\/wp-content\/uploads\/2019\/09\/quiero-presupuesto-icono.png\" alt=\"quiero-presupuesto-icono\" width=\"201\" height=\"201\" \/>\n\t\t\t\t\t\t\t\t\t\t\t\n\t\t\t<a href=\"https:\/\/www.sariki.es\/pt-pt\/pretendo-uma-oferta\/\" title=\"Click Here\" target=\"_self\"   role=\"button\" aria-label=\"Pretendo uma oferta\">\n\t\t\t\t\t\t\tPretendo uma oferta\n\t\t<\/a>\n\t\t\t\t\t\t\t<img loading=\"lazy\" decoding=\"async\" src=\"https:\/\/www.sariki.es\/wp-content\/uploads\/2019\/09\/descargar-catalogo-icono.png\" alt=\"descargar-catalogo-icono\" width=\"201\" height=\"201\" \/>\n\t\t\t\t\t\t\t\t\t\t\t\n\t\t\t<a href=\"#\" title=\"Click Here\" target=\"_self\"   role=\"button\" aria-label=\"Descarregar o cat\u00e1logo\">\n\t\t\t\t\t\t\tDescarregar o cat\u00e1logo\n\t\t<\/a>\n\t\t<h3>\n\t\t\tProjeto integral adequado \u00e0s suas necessidades\n\t\t<\/h3>\n\t<p>Dispomos de uma solu\u00e7\u00e3o integral adequada \u00e0s suas necessidades. A experi\u00eancia diz-nos que a <strong>colabora\u00e7\u00e3o com o cliente<\/strong> \u00e9 a base do \u00e9xito deste tipo de projetos e por esse motivo <strong>desde o inicio do projeto que trabalhamos conjuntamente para identificar quais as suas necessidades principais por forma a propormos a melhor solu\u00e7\u00e3o<\/strong>.<\/p>\n<strong>Acompanhamos ao longo de todo o ciclo de vida do projeto:<\/strong> defini\u00e7\u00e3o do projeto, instala\u00e7\u00e3o, forma\u00e7\u00e3o, programa\u00e7\u00e3o, suporte ao utilizador e assist\u00eancia t\u00e9cnica. A Sariki est\u00e1 formada por uma equipa de 60 pessoas altamente especializadas e com mais de 35 anos de experi\u00eancia no sector da metrologia.<strong><br \/>\n<\/strong>\n\t\t\t\t\t\t<h4>Acompanhamos ao longo de todo o ciclo de vida do projeto<\/h4>\t\t\t\t\t\n\t\t\t\t\t\t<a href=\"https:\/\/www.sariki.es\/pt-pt\/pretendo-informacoes\/\" target=\"_self\" aria-label=\"\">\n\t\t\t\t\t\t\t<img loading=\"lazy\" decoding=\"async\" src=\"https:\/\/www.sariki.es\/wp-content\/uploads\/2019\/09\/quiero-asesoramiento-icono.png\" alt=\"quiero-asesoramiento-icono\" width=\"201\" height=\"201\" \/>\n\t\t\t\t\t\t<\/a>\n\t\t\t\t\t\t\t\t\t\t\t\n\t\t\t\t<a href=\"https:\/\/www.sariki.es\/pt-pt\/pretendo-informacoes\/\" role=\"button\" target=\"_self\">\n\t\t\t\t\t\t\t\t\t\tPretendo informa\u00e7\u00f5es\n\t\t\t\t\t\t\t\t\t<\/a>\n\t\t<h2>\n\t\t\tNecessitas de mais informa\u00e7\u00e3o?\n\t\t<\/h2>\n\n","protected":false},"excerpt":{"rendered":"<p>M\u00e1quinas especiais de medi\u00e7\u00e3o Oferecemos solu\u00e7\u00f5es avan\u00e7adas para o desenvolvimento e fabrico de m\u00e1quinas especiais de medi\u00e7\u00e3o, desde esta\u00e7\u00f5es manuais at\u00e9 linhas totalmente automatizadas. Proporcionamos sistemas de medi\u00e7\u00e3o robustos, precisos e adaptados a ambientes industriais exigentes, concebidos para maximizar a produtividade e o controlo de qualidade em processos cr\u00edticos. A Sariki \u00e9 distribuidor oficial da&hellip;<\/p>\n","protected":false},"author":6,"featured_media":0,"parent":24207,"menu_order":0,"comment_status":"closed","ping_status":"closed","template":"","meta":{"footnotes":""},"class_list":["post-25745","page","type-page","status-publish","hentry"],"yoast_head":"<!-- This site is optimized with the Yoast SEO Premium plugin v24.6 (Yoast SEO v24.6) - https:\/\/yoast.com\/wordpress\/plugins\/seo\/ -->\n<title>Sariki - Metrolog\u00eda industrial - M\u00e1quinas especiais de medi\u00e7\u00e3o<\/title>\n<meta name=\"description\" content=\"M\u00e1quinas especiais: a nossa gama de produtos abrange desde o posto de medi\u00e7\u00e3o manual at\u00e9 \u00e0 m\u00e1quina de medi\u00e7\u00e3o totalmente automatizada.\" \/>\n<meta name=\"robots\" content=\"index, follow, max-snippet:-1, max-image-preview:large, max-video-preview:-1\" \/>\n<link rel=\"canonical\" href=\"https:\/\/www.sariki.es\/pt-pt\/equipamentos-de-medicao\/maquinas-especiais-de-medicao\/\" \/>\n<meta property=\"og:locale\" content=\"pt_PT\" \/>\n<meta property=\"og:type\" content=\"article\" \/>\n<meta property=\"og:title\" content=\"M\u00e1quinas especiais de medi\u00e7\u00e3o\" \/>\n<meta property=\"og:description\" content=\"M\u00e1quinas especiais: a nossa gama de produtos abrange desde o posto de medi\u00e7\u00e3o manual at\u00e9 \u00e0 m\u00e1quina de medi\u00e7\u00e3o totalmente automatizada.\" \/>\n<meta property=\"og:url\" content=\"https:\/\/www.sariki.es\/pt-pt\/equipamentos-de-medicao\/maquinas-especiais-de-medicao\/\" \/>\n<meta property=\"og:site_name\" content=\"Sariki - Metrolog\u00eda industrial\" \/>\n<meta property=\"article:publisher\" content=\"https:\/\/www.facebook.com\/MetrologiaSariki\" \/>\n<meta property=\"article:modified_time\" content=\"2026-05-05T11:06:15+00:00\" \/>\n<meta property=\"og:image\" content=\"https:\/\/www.sariki.es\/wp-content\/uploads\/2019\/07\/icono-portada-header.png\" \/>\n<meta name=\"twitter:card\" content=\"summary_large_image\" \/>\n<meta name=\"twitter:site\" content=\"@sarikisa\" \/>\n<meta name=\"twitter:label1\" content=\"Tempo estimado de leitura\" \/>\n\t<meta name=\"twitter:data1\" content=\"3 minutos\" \/>\n<script type=\"application\/ld+json\" class=\"yoast-schema-graph\">{\"@context\":\"https:\/\/schema.org\",\"@graph\":[{\"@type\":\"WebPage\",\"@id\":\"https:\/\/www.sariki.es\/pt-pt\/equipamentos-de-medicao\/maquinas-especiais-de-medicao\/\",\"url\":\"https:\/\/www.sariki.es\/pt-pt\/equipamentos-de-medicao\/maquinas-especiais-de-medicao\/\",\"name\":\"Sariki - Metrolog\u00eda industrial - M\u00e1quinas especiais de medi\u00e7\u00e3o\",\"isPartOf\":{\"@id\":\"https:\/\/www.sariki.es\/pt-pt\/#website\"},\"primaryImageOfPage\":{\"@id\":\"https:\/\/www.sariki.es\/pt-pt\/equipamentos-de-medicao\/maquinas-especiais-de-medicao\/#primaryimage\"},\"image\":{\"@id\":\"https:\/\/www.sariki.es\/pt-pt\/equipamentos-de-medicao\/maquinas-especiais-de-medicao\/#primaryimage\"},\"thumbnailUrl\":\"https:\/\/www.sariki.es\/wp-content\/uploads\/2019\/07\/icono-portada-header.png\",\"datePublished\":\"2026-05-05T10:19:52+00:00\",\"dateModified\":\"2026-05-05T11:06:15+00:00\",\"description\":\"M\u00e1quinas especiais: a nossa gama de produtos abrange desde o posto de medi\u00e7\u00e3o manual at\u00e9 \u00e0 m\u00e1quina de medi\u00e7\u00e3o totalmente automatizada.\",\"breadcrumb\":{\"@id\":\"https:\/\/www.sariki.es\/pt-pt\/equipamentos-de-medicao\/maquinas-especiais-de-medicao\/#breadcrumb\"},\"inLanguage\":\"pt-PT\",\"potentialAction\":[{\"@type\":\"ReadAction\",\"target\":[\"https:\/\/www.sariki.es\/pt-pt\/equipamentos-de-medicao\/maquinas-especiais-de-medicao\/\"]}]},{\"@type\":\"ImageObject\",\"inLanguage\":\"pt-PT\",\"@id\":\"https:\/\/www.sariki.es\/pt-pt\/equipamentos-de-medicao\/maquinas-especiais-de-medicao\/#primaryimage\",\"url\":\"https:\/\/www.sariki.es\/wp-content\/uploads\/2019\/07\/icono-portada-header.png\",\"contentUrl\":\"https:\/\/www.sariki.es\/wp-content\/uploads\/2019\/07\/icono-portada-header.png\"},{\"@type\":\"BreadcrumbList\",\"@id\":\"https:\/\/www.sariki.es\/pt-pt\/equipamentos-de-medicao\/maquinas-especiais-de-medicao\/#breadcrumb\",\"itemListElement\":[{\"@type\":\"ListItem\",\"position\":1,\"name\":\"Inicio\",\"item\":\"https:\/\/www.sariki.es\/pt-pt\/\"},{\"@type\":\"ListItem\",\"position\":2,\"name\":\"Equipamentos de medi\u00e7\u00e3o\",\"item\":\"https:\/\/www.sariki.es\/pt-pt\/equipamentos-de-medicao\/\"},{\"@type\":\"ListItem\",\"position\":3,\"name\":\"Privado: M\u00e1quinas especiais de medi\u00e7\u00e3o\"}]},{\"@type\":\"WebSite\",\"@id\":\"https:\/\/www.sariki.es\/pt-pt\/#website\",\"url\":\"https:\/\/www.sariki.es\/pt-pt\/\",\"name\":\"Sariki - Metrolog\u00eda industrial\",\"description\":\"Metrolog\u00eda industrial en Gipuzkoa\",\"publisher\":{\"@id\":\"https:\/\/www.sariki.es\/pt-pt\/#organization\"},\"potentialAction\":[{\"@type\":\"SearchAction\",\"target\":{\"@type\":\"EntryPoint\",\"urlTemplate\":\"https:\/\/www.sariki.es\/pt-pt\/?s={search_term_string}\"},\"query-input\":{\"@type\":\"PropertyValueSpecification\",\"valueRequired\":true,\"valueName\":\"search_term_string\"}}],\"inLanguage\":\"pt-PT\"},{\"@type\":\"Organization\",\"@id\":\"https:\/\/www.sariki.es\/pt-pt\/#organization\",\"name\":\"Sariki - Soluciones de metrolog\u00eda\",\"url\":\"https:\/\/www.sariki.es\/pt-pt\/\",\"logo\":{\"@type\":\"ImageObject\",\"inLanguage\":\"pt-PT\",\"@id\":\"https:\/\/www.sariki.es\/pt-pt\/#\/schema\/logo\/image\/\",\"url\":\"\",\"contentUrl\":\"\",\"caption\":\"Sariki - Soluciones de metrolog\u00eda\"},\"image\":{\"@id\":\"https:\/\/www.sariki.es\/pt-pt\/#\/schema\/logo\/image\/\"},\"sameAs\":[\"https:\/\/www.facebook.com\/MetrologiaSariki\",\"https:\/\/x.com\/sarikisa\"]}]}<\/script>\n<!-- \/ Yoast SEO Premium plugin. -->","yoast_head_json":{"title":"Sariki - Metrolog\u00eda industrial - M\u00e1quinas especiais de medi\u00e7\u00e3o","description":"M\u00e1quinas especiais: a nossa gama de produtos abrange desde o posto de medi\u00e7\u00e3o manual at\u00e9 \u00e0 m\u00e1quina de medi\u00e7\u00e3o totalmente automatizada.","robots":{"index":"index","follow":"follow","max-snippet":"max-snippet:-1","max-image-preview":"max-image-preview:large","max-video-preview":"max-video-preview:-1"},"canonical":"https:\/\/www.sariki.es\/pt-pt\/equipamentos-de-medicao\/maquinas-especiais-de-medicao\/","og_locale":"pt_PT","og_type":"article","og_title":"M\u00e1quinas especiais de medi\u00e7\u00e3o","og_description":"M\u00e1quinas especiais: a nossa gama de produtos abrange desde o posto de medi\u00e7\u00e3o manual at\u00e9 \u00e0 m\u00e1quina de medi\u00e7\u00e3o totalmente automatizada.","og_url":"https:\/\/www.sariki.es\/pt-pt\/equipamentos-de-medicao\/maquinas-especiais-de-medicao\/","og_site_name":"Sariki - Metrolog\u00eda industrial","article_publisher":"https:\/\/www.facebook.com\/MetrologiaSariki","article_modified_time":"2026-05-05T11:06:15+00:00","og_image":[{"url":"https:\/\/www.sariki.es\/wp-content\/uploads\/2019\/07\/icono-portada-header.png","type":"","width":"","height":""}],"twitter_card":"summary_large_image","twitter_site":"@sarikisa","twitter_misc":{"Tempo estimado de leitura":"3 minutos"},"schema":{"@context":"https:\/\/schema.org","@graph":[{"@type":"WebPage","@id":"https:\/\/www.sariki.es\/pt-pt\/equipamentos-de-medicao\/maquinas-especiais-de-medicao\/","url":"https:\/\/www.sariki.es\/pt-pt\/equipamentos-de-medicao\/maquinas-especiais-de-medicao\/","name":"Sariki - Metrolog\u00eda industrial - M\u00e1quinas especiais de medi\u00e7\u00e3o","isPartOf":{"@id":"https:\/\/www.sariki.es\/pt-pt\/#website"},"primaryImageOfPage":{"@id":"https:\/\/www.sariki.es\/pt-pt\/equipamentos-de-medicao\/maquinas-especiais-de-medicao\/#primaryimage"},"image":{"@id":"https:\/\/www.sariki.es\/pt-pt\/equipamentos-de-medicao\/maquinas-especiais-de-medicao\/#primaryimage"},"thumbnailUrl":"https:\/\/www.sariki.es\/wp-content\/uploads\/2019\/07\/icono-portada-header.png","datePublished":"2026-05-05T10:19:52+00:00","dateModified":"2026-05-05T11:06:15+00:00","description":"M\u00e1quinas especiais: a nossa gama de produtos abrange desde o posto de medi\u00e7\u00e3o manual at\u00e9 \u00e0 m\u00e1quina de medi\u00e7\u00e3o totalmente automatizada.","breadcrumb":{"@id":"https:\/\/www.sariki.es\/pt-pt\/equipamentos-de-medicao\/maquinas-especiais-de-medicao\/#breadcrumb"},"inLanguage":"pt-PT","potentialAction":[{"@type":"ReadAction","target":["https:\/\/www.sariki.es\/pt-pt\/equipamentos-de-medicao\/maquinas-especiais-de-medicao\/"]}]},{"@type":"ImageObject","inLanguage":"pt-PT","@id":"https:\/\/www.sariki.es\/pt-pt\/equipamentos-de-medicao\/maquinas-especiais-de-medicao\/#primaryimage","url":"https:\/\/www.sariki.es\/wp-content\/uploads\/2019\/07\/icono-portada-header.png","contentUrl":"https:\/\/www.sariki.es\/wp-content\/uploads\/2019\/07\/icono-portada-header.png"},{"@type":"BreadcrumbList","@id":"https:\/\/www.sariki.es\/pt-pt\/equipamentos-de-medicao\/maquinas-especiais-de-medicao\/#breadcrumb","itemListElement":[{"@type":"ListItem","position":1,"name":"Inicio","item":"https:\/\/www.sariki.es\/pt-pt\/"},{"@type":"ListItem","position":2,"name":"Equipamentos de medi\u00e7\u00e3o","item":"https:\/\/www.sariki.es\/pt-pt\/equipamentos-de-medicao\/"},{"@type":"ListItem","position":3,"name":"Privado: M\u00e1quinas especiais de medi\u00e7\u00e3o"}]},{"@type":"WebSite","@id":"https:\/\/www.sariki.es\/pt-pt\/#website","url":"https:\/\/www.sariki.es\/pt-pt\/","name":"Sariki - Metrolog\u00eda industrial","description":"Metrolog\u00eda industrial en Gipuzkoa","publisher":{"@id":"https:\/\/www.sariki.es\/pt-pt\/#organization"},"potentialAction":[{"@type":"SearchAction","target":{"@type":"EntryPoint","urlTemplate":"https:\/\/www.sariki.es\/pt-pt\/?s={search_term_string}"},"query-input":{"@type":"PropertyValueSpecification","valueRequired":true,"valueName":"search_term_string"}}],"inLanguage":"pt-PT"},{"@type":"Organization","@id":"https:\/\/www.sariki.es\/pt-pt\/#organization","name":"Sariki - Soluciones de metrolog\u00eda","url":"https:\/\/www.sariki.es\/pt-pt\/","logo":{"@type":"ImageObject","inLanguage":"pt-PT","@id":"https:\/\/www.sariki.es\/pt-pt\/#\/schema\/logo\/image\/","url":"","contentUrl":"","caption":"Sariki - Soluciones de metrolog\u00eda"},"image":{"@id":"https:\/\/www.sariki.es\/pt-pt\/#\/schema\/logo\/image\/"},"sameAs":["https:\/\/www.facebook.com\/MetrologiaSariki","https:\/\/x.com\/sarikisa"]}]}},"_links":{"self":[{"href":"https:\/\/www.sariki.es\/pt-pt\/wp-json\/wp\/v2\/pages\/25745","targetHints":{"allow":["GET"]}}],"collection":[{"href":"https:\/\/www.sariki.es\/pt-pt\/wp-json\/wp\/v2\/pages"}],"about":[{"href":"https:\/\/www.sariki.es\/pt-pt\/wp-json\/wp\/v2\/types\/page"}],"author":[{"embeddable":true,"href":"https:\/\/www.sariki.es\/pt-pt\/wp-json\/wp\/v2\/users\/6"}],"replies":[{"embeddable":true,"href":"https:\/\/www.sariki.es\/pt-pt\/wp-json\/wp\/v2\/comments?post=25745"}],"version-history":[{"count":2,"href":"https:\/\/www.sariki.es\/pt-pt\/wp-json\/wp\/v2\/pages\/25745\/revisions"}],"predecessor-version":[{"id":25750,"href":"https:\/\/www.sariki.es\/pt-pt\/wp-json\/wp\/v2\/pages\/25745\/revisions\/25750"}],"up":[{"embeddable":true,"href":"https:\/\/www.sariki.es\/pt-pt\/wp-json\/wp\/v2\/pages\/24207"}],"wp:attachment":[{"href":"https:\/\/www.sariki.es\/pt-pt\/wp-json\/wp\/v2\/media?parent=25745"}],"curies":[{"name":"wp","href":"https:\/\/api.w.org\/{rel}","templated":true}]}}