{"id":25687,"date":"2026-05-04T10:46:53","date_gmt":"2026-05-04T08:46:53","guid":{"rendered":"https:\/\/www.sariki.es\/?page_id=25687"},"modified":"2026-05-04T12:37:19","modified_gmt":"2026-05-04T10:37:19","slug":"vicivision-metrios","status":"publish","type":"page","link":"https:\/\/www.sariki.es\/pt-pt\/equipamentos-de-medicao\/medicao-optica-em-processo\/vicivision-metrios\/","title":{"rendered":"ViciVision Metrios"},"content":{"rendered":"\r\n\r\n\t\t<h1>\r\n\t\t\tMETRIOS\r\n\t\t<\/h1>\r\n\t\t\t\t\t\t\t\t\t\t\t\r\n\t\t\t<p><strong>A m\u00e1quina de medi\u00e7\u00e3o \u00f3tica para o ch\u00e3o de f\u00e1brica<\/strong>A <b>METRIOS<\/b> realiza medi\u00e7\u00f5es atrav\u00e9s de um sistema sem contacto, composto por uma c\u00e2mara de alta resolu\u00e7\u00e3o e tr\u00eas sistemas de ilumina\u00e7\u00e3o diferentes.<br \/><br \/>Mediante un iluminador anular motorizado, METRIOS puede cambiar el \u00e1ngulo de incidencia de las luces sobre la pieza y proporcionar diferentes \u00e1ngulos de la fuente de luz dentro del mismo ciclo de medici\u00f3n.<\/p>\t\t\r\n\t\t\t<a href=\"#\" title=\"Click Here\" target=\"_self\"   role=\"button\" aria-label=\"Descarregar o cat\u00e1logo\">\r\n\t\t\t\t\t\t\tDescarregar o cat\u00e1logo\r\n\t\t<\/a>\r\n\t\t<h2>\r\n\t\t\tDesenhada para utilizar em produ\u00e7\u00e3o\r\n\t\t<\/h2>\r\n\t\t\t<p><b>A Metrios disp\u00f5e de diferentes modelos de m\u00e1quina.<\/b><\/p>\t\t\r\n\t<ul>\r\n<li><strong>METRIOS:<\/strong> Alta resoluci\u00f3n para componentes peque\u00f1os.<\/li>\r\n<li><strong>METRIOS HD:<\/strong> A maior resolu\u00e7\u00e3o da gama, capaz de captar os mais pequenos detalhes dos microcomponentes.<\/li>\r\n<li><strong>METRIOS CROSS<\/strong>: Equipado com uma mesa m\u00f3vel nos eixos X-Y, oferecendo uma vasta \u00e1rea de trabalho e alta resolu\u00e7\u00e3o em todo o campo de vis\u00e3o.<\/li>\r\n<li><strong>METRIOS HD CROSS:<\/strong> A maior resolu\u00e7\u00e3o da gama, equipada com uma mesa m\u00f3vel ao longo dos eixos X-Y.<\/li>\r\n<li><strong>METRIOS 332<\/strong>: A tudo\u2011em\u2011um.<\/li>\r\n<\/ul>\r\n\t\t\t\t<img decoding=\"async\" src=\"https:\/\/www.sariki.es\/wp-content\/uploads\/2026\/04\/METRIOS-VICIVISION-375x500.jpg\" alt=\"METRIOS-VICIVISION\" itemprop=\"image\" height=\"500\" width=\"375\" title=\"METRIOS-VICIVISION\" onerror=\"this.style.display='none'\" loading=\"lazy\" \/>\r\n\t<iframe loading=\"lazy\" width=\"560\" height=\"315\" src=\"https:\/\/www.youtube.com\/embed\/k7S4xnPRlhY?si=LWgM6DTgTCNZ-aJm\" title=\"YouTube video player\" frameborder=\"0\" allow=\"accelerometer; autoplay; clipboard-write; encrypted-media; gyroscope; picture-in-picture; web-share\" referrerpolicy=\"strict-origin-when-cross-origin\" allowfullscreen=\"\"><\/iframe>\r\n\t\t\t<a href=\"#\" title=\"Click Here\" target=\"_self\"   role=\"button\" aria-label=\"Descarregar o cat\u00e1logo\">\r\n\t\t\t\t\t\t\tDescarregar o cat\u00e1logo\r\n\t\t<\/a>\r\n\t\t\t\t\t\t\t<img loading=\"lazy\" decoding=\"async\" src=\"https:\/\/www.sariki.es\/wp-content\/uploads\/2019\/09\/quiero-presupuesto-icono.png\" alt=\"quiero-presupuesto-icono\" width=\"201\" height=\"201\" \/>\r\n\t\t\t\t\t\t\t\t\t\t\t\r\n\t\t\t<a href=\"https:\/\/www.sariki.es\/pt-pt\/pretendo-uma-oferta\/\" title=\"Click Here\" target=\"_self\"   role=\"button\" aria-label=\"Pretendo uma oferta\">\r\n\t\t\t\t\t\t\tPretendo uma oferta\r\n\t\t<\/a>\r\n\t\t\t\t\t\t\t<img loading=\"lazy\" decoding=\"async\" src=\"https:\/\/www.sariki.es\/wp-content\/uploads\/2019\/09\/quiero-asesoramiento-icono.png\" alt=\"quiero-asesoramiento-icono\" width=\"201\" height=\"201\" \/>\r\n\t\t\t\t\t\t\t\t\t\t\t\r\n\t\t\t<a href=\"https:\/\/www.sariki.es\/pt-pt\/pretendo-informacoes\/\" title=\"Click Here\" target=\"_self\"   role=\"button\" aria-label=\"Pretendo informa\u00e7\u00f5es\">\r\n\t\t\t\t\t\t\tPretendo informa\u00e7\u00f5es\r\n\t\t<\/a>\r\n\t\t\t\t\t\t\t<img loading=\"lazy\" decoding=\"async\" src=\"https:\/\/www.sariki.es\/wp-content\/uploads\/2019\/09\/descargar-catalogo-icono.png\" alt=\"descargar-catalogo-icono\" width=\"201\" height=\"201\" \/>\r\n\t\t\t\t\t\t\t\t\t\t\t\r\n\t\t\t<a href=\"#\" title=\"Click Here\" target=\"_self\"   role=\"button\" aria-label=\"Descarregar o cat\u00e1logo\">\r\n\t\t\t\t\t\t\tDescarregar o cat\u00e1logo\r\n\t\t<\/a>\r\n\t\t<h2>\r\n\t\t\tAplica\u00e7\u00f5es\r\n\t\t<\/h2>\r\n\t<p>Com a METRIOS \u00e9 poss\u00edvel medir <strong>molas, veda\u00e7\u00f5es, conectores, pe\u00e7as estampadas, engrenagens, pe\u00e7as mec\u00e2nicas e moldadas, componentes de rel\u00f3gios, placas eletr\u00f3nicas e muito mais.<\/strong><\/p>\r\n\t\t\t\t\t\t\t<img loading=\"lazy\" decoding=\"async\" src=\"https:\/\/www.sariki.es\/wp-content\/uploads\/2026\/04\/aplicacion-salud-metrios-360x282.jpg\" alt=\"aplicacion-salud-metrios\" width=\"800\" height=\"600\" \/>\r\n\t\t\t\t\t\t\t\t\t\t\t\r\n\t\t\t\t\t\t\t<img loading=\"lazy\" decoding=\"async\" src=\"https:\/\/www.sariki.es\/wp-content\/uploads\/2026\/04\/aplicacion-METRIOS-CROSS-VICIVISION-360x282.jpg\" alt=\"aplicacion-METRIOS-CROSS-VICIVISION\" width=\"800\" height=\"533\" \/>\r\n\t\t\t\t\t\t\t\t\t\t\t\r\n\t\t\t\t\t\t\t<img loading=\"lazy\" decoding=\"async\" src=\"https:\/\/www.sariki.es\/wp-content\/uploads\/2026\/04\/aplicaciones-metrios-360x282.jpg\" alt=\"aplicaciones-metrios\" width=\"800\" height=\"533\" \/>\r\n\t\t\t\t\t\t\t\t\t\t\t\r\n\t\t<h2>\r\n\t\t\tSolu\u00e7\u00e3o personalizada SK\/solu\u00e7\u00f5es\r\n\t\t<\/h2>\r\n\t\t\t<p>Dispomos de uma solu\u00e7\u00e3o integral adequada \u00e0s suas necessidades. A experi\u00eancia diz-nos que a <strong>colabora\u00e7\u00e3o com o cliente<\/strong> \u00e9 a base do \u00e9xito deste tipo de projetos e por esse motivo <strong>desde o inicio do projeto que trabalhamos conjuntamente para identificar quais as suas necessidades principais por forma a propormos a melhor solu\u00e7\u00e3o<\/strong>.<strong>Acompanhamos-te ao longo de toda a vida do projeto:<\/strong> defini\u00e7\u00e3o do projeto, instala\u00e7\u00e3o, forma\u00e7\u00e3o, programa\u00e7\u00e3o, suporte ao utilizador e assist\u00eancia t\u00e9cnica. Sariki est\u00e1 formada por uma equipa de 60 pessoas altamente especializadas com mais de 35 anos de experi\u00eancia no setor da metrologia.<\/p>\t\t\r\n\t\t<h2>\r\n\t\t\tEspecifica\u00e7\u00f5es t\u00e9cnicas\r\n\t\t<\/h2>\r\n\t\t\t\t\t\t\t<img loading=\"lazy\" decoding=\"async\" src=\"https:\/\/www.sariki.es\/wp-content\/uploads\/2019\/08\/icono-especificaciones.png\" alt=\"icono-especificaciones\" width=\"67\" height=\"54\" \/>\r\n\t\t\t\t\t\t<h4>DISPONIVEL 5 MODELOS<\/h4>\t\t\t\t\t\r\n\t\t\t\t\t\t<h4>\u00c1rea de medi\u00e7\u00e3o<\/h4>\t\t\t\t\t\r\n\t\t\t<p>De 95 \u00d7 65 mm at\u00e9 235 \u00d7 235 mm<\/p>\t\t\r\n\t\t\t\t\t\t<h4>Dimens\u00e3o m\u00e1xima da carga (Z)<\/h4>\t\t\t\t\t\r\n\t\t\t<p>De 100 a 200 mm e de 5 a 20 kg de carga<\/p>\t\t\r\n\t\t\t\t\t\t<h4>Temperatura ambiente<\/h4>\t\t\t\t\t\r\n\t\t\t<p>de 10 a 45\u00baC<\/p>\t\t\r\n\t\t\t\t\t\t<h4>Resolu\u00e7\u00e3o<\/h4>\t\t\t\t\t\r\n\t\t\t<p>0,0001 mm<\/p>\t\t\r\n\t\t<h2>\r\n\t\t\tNecessitas de mais informa\u00e7\u00e3o?\r\n\t\t<\/h2>\r\n\r\n","protected":false},"excerpt":{"rendered":"<p>METRIOS A m\u00e1quina de medi\u00e7\u00e3o \u00f3tica para o ch\u00e3o de f\u00e1bricaA METRIOS realiza medi\u00e7\u00f5es atrav\u00e9s de um sistema sem contacto, composto por uma c\u00e2mara de alta resolu\u00e7\u00e3o e tr\u00eas sistemas de ilumina\u00e7\u00e3o diferentes. Mediante un iluminador anular motorizado, METRIOS puede cambiar el \u00e1ngulo de incidencia de las luces sobre la pieza y proporcionar diferentes \u00e1ngulos&hellip;<\/p>\n","protected":false},"author":6,"featured_media":0,"parent":23726,"menu_order":0,"comment_status":"closed","ping_status":"closed","template":"","meta":{"footnotes":""},"class_list":["post-25687","page","type-page","status-publish","hentry"],"yoast_head":"<!-- This site is optimized with the Yoast SEO Premium plugin v24.6 (Yoast SEO v24.6) - https:\/\/yoast.com\/wordpress\/plugins\/seo\/ -->\n<title>ViciVision Metrios - Metrolog\u00eda Sariki - Metrologia na produ\u00e7\u00e3o<\/title>\n<meta name=\"description\" content=\"A METRIOS \u00e9 uma m\u00e1quina de medi\u00e7\u00e3o \u00f3tica concebida para utiliza\u00e7\u00e3o em ambiente de produ\u00e7\u00e3o. A forma de produzir mudou. Mude o seu m\u00e9todo de medi\u00e7\u00e3o.\" \/>\n<meta name=\"robots\" content=\"index, follow, max-snippet:-1, max-image-preview:large, max-video-preview:-1\" \/>\n<link rel=\"canonical\" href=\"https:\/\/www.sariki.es\/pt-pt\/equipamentos-de-medicao\/medicao-optica-em-processo\/vicivision-metrios\/\" \/>\n<meta property=\"og:locale\" content=\"pt_PT\" \/>\n<meta property=\"og:type\" content=\"article\" \/>\n<meta property=\"og:title\" content=\"ViciVision Metrios\" \/>\n<meta property=\"og:description\" content=\"A METRIOS \u00e9 uma m\u00e1quina de medi\u00e7\u00e3o \u00f3tica concebida para utiliza\u00e7\u00e3o em ambiente de produ\u00e7\u00e3o. A forma de produzir mudou. Mude o seu m\u00e9todo de medi\u00e7\u00e3o.\" \/>\n<meta property=\"og:url\" content=\"https:\/\/www.sariki.es\/pt-pt\/equipamentos-de-medicao\/medicao-optica-em-processo\/vicivision-metrios\/\" \/>\n<meta property=\"og:site_name\" content=\"Sariki - Metrolog\u00eda industrial\" \/>\n<meta property=\"article:publisher\" content=\"https:\/\/www.facebook.com\/MetrologiaSariki\" \/>\n<meta property=\"article:modified_time\" content=\"2026-05-04T10:37:19+00:00\" \/>\n<meta property=\"og:image\" content=\"https:\/\/www.sariki.es\/wp-content\/uploads\/2026\/04\/METRIOS-VICIVISION-375x500.jpg\" \/>\n<meta name=\"twitter:card\" content=\"summary_large_image\" \/>\n<meta name=\"twitter:site\" content=\"@sarikisa\" \/>\n<meta name=\"twitter:label1\" content=\"Tempo estimado de leitura\" \/>\n\t<meta name=\"twitter:data1\" content=\"9 minutos\" \/>\n<script type=\"application\/ld+json\" class=\"yoast-schema-graph\">{\"@context\":\"https:\/\/schema.org\",\"@graph\":[{\"@type\":\"WebPage\",\"@id\":\"https:\/\/www.sariki.es\/pt-pt\/equipamentos-de-medicao\/medicao-optica-em-processo\/vicivision-metrios\/\",\"url\":\"https:\/\/www.sariki.es\/pt-pt\/equipamentos-de-medicao\/medicao-optica-em-processo\/vicivision-metrios\/\",\"name\":\"ViciVision Metrios - Metrolog\u00eda Sariki - Metrologia na produ\u00e7\u00e3o\",\"isPartOf\":{\"@id\":\"https:\/\/www.sariki.es\/pt-pt\/#website\"},\"primaryImageOfPage\":{\"@id\":\"https:\/\/www.sariki.es\/pt-pt\/equipamentos-de-medicao\/medicao-optica-em-processo\/vicivision-metrios\/#primaryimage\"},\"image\":{\"@id\":\"https:\/\/www.sariki.es\/pt-pt\/equipamentos-de-medicao\/medicao-optica-em-processo\/vicivision-metrios\/#primaryimage\"},\"thumbnailUrl\":\"https:\/\/www.sariki.es\/wp-content\/uploads\/2026\/04\/METRIOS-VICIVISION-375x500.jpg\",\"datePublished\":\"2026-05-04T08:46:53+00:00\",\"dateModified\":\"2026-05-04T10:37:19+00:00\",\"description\":\"A METRIOS \u00e9 uma m\u00e1quina de medi\u00e7\u00e3o \u00f3tica concebida para utiliza\u00e7\u00e3o em ambiente de produ\u00e7\u00e3o. A forma de produzir mudou. Mude o seu m\u00e9todo de medi\u00e7\u00e3o.\",\"breadcrumb\":{\"@id\":\"https:\/\/www.sariki.es\/pt-pt\/equipamentos-de-medicao\/medicao-optica-em-processo\/vicivision-metrios\/#breadcrumb\"},\"inLanguage\":\"pt-PT\",\"potentialAction\":[{\"@type\":\"ReadAction\",\"target\":[\"https:\/\/www.sariki.es\/pt-pt\/equipamentos-de-medicao\/medicao-optica-em-processo\/vicivision-metrios\/\"]}]},{\"@type\":\"ImageObject\",\"inLanguage\":\"pt-PT\",\"@id\":\"https:\/\/www.sariki.es\/pt-pt\/equipamentos-de-medicao\/medicao-optica-em-processo\/vicivision-metrios\/#primaryimage\",\"url\":\"https:\/\/www.sariki.es\/wp-content\/uploads\/2026\/04\/METRIOS-VICIVISION-375x500.jpg\",\"contentUrl\":\"https:\/\/www.sariki.es\/wp-content\/uploads\/2026\/04\/METRIOS-VICIVISION-375x500.jpg\"},{\"@type\":\"BreadcrumbList\",\"@id\":\"https:\/\/www.sariki.es\/pt-pt\/equipamentos-de-medicao\/medicao-optica-em-processo\/vicivision-metrios\/#breadcrumb\",\"itemListElement\":[{\"@type\":\"ListItem\",\"position\":1,\"name\":\"Inicio\",\"item\":\"https:\/\/www.sariki.es\/pt-pt\/\"},{\"@type\":\"ListItem\",\"position\":2,\"name\":\"Equipamentos de medi\u00e7\u00e3o\",\"item\":\"https:\/\/www.sariki.es\/pt-pt\/equipamentos-de-medicao\/\"},{\"@type\":\"ListItem\",\"position\":3,\"name\":\"Medi\u00e7\u00e3o \u00f3ptica em processo\",\"item\":\"https:\/\/www.sariki.es\/pt-pt\/equipamentos-de-medicao\/medicao-optica-em-processo\/\"},{\"@type\":\"ListItem\",\"position\":4,\"name\":\"ViciVision Metrios\"}]},{\"@type\":\"WebSite\",\"@id\":\"https:\/\/www.sariki.es\/pt-pt\/#website\",\"url\":\"https:\/\/www.sariki.es\/pt-pt\/\",\"name\":\"Sariki - Metrolog\u00eda industrial\",\"description\":\"Metrolog\u00eda industrial en Gipuzkoa\",\"publisher\":{\"@id\":\"https:\/\/www.sariki.es\/pt-pt\/#organization\"},\"potentialAction\":[{\"@type\":\"SearchAction\",\"target\":{\"@type\":\"EntryPoint\",\"urlTemplate\":\"https:\/\/www.sariki.es\/pt-pt\/?s={search_term_string}\"},\"query-input\":{\"@type\":\"PropertyValueSpecification\",\"valueRequired\":true,\"valueName\":\"search_term_string\"}}],\"inLanguage\":\"pt-PT\"},{\"@type\":\"Organization\",\"@id\":\"https:\/\/www.sariki.es\/pt-pt\/#organization\",\"name\":\"Sariki - Soluciones de metrolog\u00eda\",\"url\":\"https:\/\/www.sariki.es\/pt-pt\/\",\"logo\":{\"@type\":\"ImageObject\",\"inLanguage\":\"pt-PT\",\"@id\":\"https:\/\/www.sariki.es\/pt-pt\/#\/schema\/logo\/image\/\",\"url\":\"\",\"contentUrl\":\"\",\"caption\":\"Sariki - Soluciones de metrolog\u00eda\"},\"image\":{\"@id\":\"https:\/\/www.sariki.es\/pt-pt\/#\/schema\/logo\/image\/\"},\"sameAs\":[\"https:\/\/www.facebook.com\/MetrologiaSariki\",\"https:\/\/x.com\/sarikisa\"]}]}<\/script>\n<!-- \/ Yoast SEO Premium plugin. -->","yoast_head_json":{"title":"ViciVision Metrios - Metrolog\u00eda Sariki - Metrologia na produ\u00e7\u00e3o","description":"A METRIOS \u00e9 uma m\u00e1quina de medi\u00e7\u00e3o \u00f3tica concebida para utiliza\u00e7\u00e3o em ambiente de produ\u00e7\u00e3o. A forma de produzir mudou. Mude o seu m\u00e9todo de medi\u00e7\u00e3o.","robots":{"index":"index","follow":"follow","max-snippet":"max-snippet:-1","max-image-preview":"max-image-preview:large","max-video-preview":"max-video-preview:-1"},"canonical":"https:\/\/www.sariki.es\/pt-pt\/equipamentos-de-medicao\/medicao-optica-em-processo\/vicivision-metrios\/","og_locale":"pt_PT","og_type":"article","og_title":"ViciVision Metrios","og_description":"A METRIOS \u00e9 uma m\u00e1quina de medi\u00e7\u00e3o \u00f3tica concebida para utiliza\u00e7\u00e3o em ambiente de produ\u00e7\u00e3o. A forma de produzir mudou. Mude o seu m\u00e9todo de medi\u00e7\u00e3o.","og_url":"https:\/\/www.sariki.es\/pt-pt\/equipamentos-de-medicao\/medicao-optica-em-processo\/vicivision-metrios\/","og_site_name":"Sariki - Metrolog\u00eda industrial","article_publisher":"https:\/\/www.facebook.com\/MetrologiaSariki","article_modified_time":"2026-05-04T10:37:19+00:00","og_image":[{"url":"https:\/\/www.sariki.es\/wp-content\/uploads\/2026\/04\/METRIOS-VICIVISION-375x500.jpg","type":"","width":"","height":""}],"twitter_card":"summary_large_image","twitter_site":"@sarikisa","twitter_misc":{"Tempo estimado de leitura":"9 minutos"},"schema":{"@context":"https:\/\/schema.org","@graph":[{"@type":"WebPage","@id":"https:\/\/www.sariki.es\/pt-pt\/equipamentos-de-medicao\/medicao-optica-em-processo\/vicivision-metrios\/","url":"https:\/\/www.sariki.es\/pt-pt\/equipamentos-de-medicao\/medicao-optica-em-processo\/vicivision-metrios\/","name":"ViciVision Metrios - Metrolog\u00eda Sariki - Metrologia na produ\u00e7\u00e3o","isPartOf":{"@id":"https:\/\/www.sariki.es\/pt-pt\/#website"},"primaryImageOfPage":{"@id":"https:\/\/www.sariki.es\/pt-pt\/equipamentos-de-medicao\/medicao-optica-em-processo\/vicivision-metrios\/#primaryimage"},"image":{"@id":"https:\/\/www.sariki.es\/pt-pt\/equipamentos-de-medicao\/medicao-optica-em-processo\/vicivision-metrios\/#primaryimage"},"thumbnailUrl":"https:\/\/www.sariki.es\/wp-content\/uploads\/2026\/04\/METRIOS-VICIVISION-375x500.jpg","datePublished":"2026-05-04T08:46:53+00:00","dateModified":"2026-05-04T10:37:19+00:00","description":"A METRIOS \u00e9 uma m\u00e1quina de medi\u00e7\u00e3o \u00f3tica concebida para utiliza\u00e7\u00e3o em ambiente de produ\u00e7\u00e3o. A forma de produzir mudou. Mude o seu m\u00e9todo de medi\u00e7\u00e3o.","breadcrumb":{"@id":"https:\/\/www.sariki.es\/pt-pt\/equipamentos-de-medicao\/medicao-optica-em-processo\/vicivision-metrios\/#breadcrumb"},"inLanguage":"pt-PT","potentialAction":[{"@type":"ReadAction","target":["https:\/\/www.sariki.es\/pt-pt\/equipamentos-de-medicao\/medicao-optica-em-processo\/vicivision-metrios\/"]}]},{"@type":"ImageObject","inLanguage":"pt-PT","@id":"https:\/\/www.sariki.es\/pt-pt\/equipamentos-de-medicao\/medicao-optica-em-processo\/vicivision-metrios\/#primaryimage","url":"https:\/\/www.sariki.es\/wp-content\/uploads\/2026\/04\/METRIOS-VICIVISION-375x500.jpg","contentUrl":"https:\/\/www.sariki.es\/wp-content\/uploads\/2026\/04\/METRIOS-VICIVISION-375x500.jpg"},{"@type":"BreadcrumbList","@id":"https:\/\/www.sariki.es\/pt-pt\/equipamentos-de-medicao\/medicao-optica-em-processo\/vicivision-metrios\/#breadcrumb","itemListElement":[{"@type":"ListItem","position":1,"name":"Inicio","item":"https:\/\/www.sariki.es\/pt-pt\/"},{"@type":"ListItem","position":2,"name":"Equipamentos de medi\u00e7\u00e3o","item":"https:\/\/www.sariki.es\/pt-pt\/equipamentos-de-medicao\/"},{"@type":"ListItem","position":3,"name":"Medi\u00e7\u00e3o \u00f3ptica em processo","item":"https:\/\/www.sariki.es\/pt-pt\/equipamentos-de-medicao\/medicao-optica-em-processo\/"},{"@type":"ListItem","position":4,"name":"ViciVision Metrios"}]},{"@type":"WebSite","@id":"https:\/\/www.sariki.es\/pt-pt\/#website","url":"https:\/\/www.sariki.es\/pt-pt\/","name":"Sariki - Metrolog\u00eda industrial","description":"Metrolog\u00eda industrial en Gipuzkoa","publisher":{"@id":"https:\/\/www.sariki.es\/pt-pt\/#organization"},"potentialAction":[{"@type":"SearchAction","target":{"@type":"EntryPoint","urlTemplate":"https:\/\/www.sariki.es\/pt-pt\/?s={search_term_string}"},"query-input":{"@type":"PropertyValueSpecification","valueRequired":true,"valueName":"search_term_string"}}],"inLanguage":"pt-PT"},{"@type":"Organization","@id":"https:\/\/www.sariki.es\/pt-pt\/#organization","name":"Sariki - Soluciones de metrolog\u00eda","url":"https:\/\/www.sariki.es\/pt-pt\/","logo":{"@type":"ImageObject","inLanguage":"pt-PT","@id":"https:\/\/www.sariki.es\/pt-pt\/#\/schema\/logo\/image\/","url":"","contentUrl":"","caption":"Sariki - Soluciones de metrolog\u00eda"},"image":{"@id":"https:\/\/www.sariki.es\/pt-pt\/#\/schema\/logo\/image\/"},"sameAs":["https:\/\/www.facebook.com\/MetrologiaSariki","https:\/\/x.com\/sarikisa"]}]}},"_links":{"self":[{"href":"https:\/\/www.sariki.es\/pt-pt\/wp-json\/wp\/v2\/pages\/25687","targetHints":{"allow":["GET"]}}],"collection":[{"href":"https:\/\/www.sariki.es\/pt-pt\/wp-json\/wp\/v2\/pages"}],"about":[{"href":"https:\/\/www.sariki.es\/pt-pt\/wp-json\/wp\/v2\/types\/page"}],"author":[{"embeddable":true,"href":"https:\/\/www.sariki.es\/pt-pt\/wp-json\/wp\/v2\/users\/6"}],"replies":[{"embeddable":true,"href":"https:\/\/www.sariki.es\/pt-pt\/wp-json\/wp\/v2\/comments?post=25687"}],"version-history":[{"count":1,"href":"https:\/\/www.sariki.es\/pt-pt\/wp-json\/wp\/v2\/pages\/25687\/revisions"}],"predecessor-version":[{"id":25695,"href":"https:\/\/www.sariki.es\/pt-pt\/wp-json\/wp\/v2\/pages\/25687\/revisions\/25695"}],"up":[{"embeddable":true,"href":"https:\/\/www.sariki.es\/pt-pt\/wp-json\/wp\/v2\/pages\/23726"}],"wp:attachment":[{"href":"https:\/\/www.sariki.es\/pt-pt\/wp-json\/wp\/v2\/media?parent=25687"}],"curies":[{"name":"wp","href":"https:\/\/api.w.org\/{rel}","templated":true}]}}