{"id":24205,"date":"2025-03-25T15:24:47","date_gmt":"2025-03-25T14:24:47","guid":{"rendered":"https:\/\/www.sariki.es\/cmrobot\/"},"modified":"2025-04-03T08:25:43","modified_gmt":"2025-04-03T06:25:43","slug":"cmrobot","status":"publish","type":"page","link":"https:\/\/www.sariki.es\/pt-pt\/equipamentos-de-medicao\/cmrobot\/","title":{"rendered":"CMRobot"},"content":{"rendered":"\n\n\t\t<h1>\n\t\t\tCMRobot\n\t\t<\/h1>\n\t<p><strong>Digitaliza\u00e7\u00e3o 3D em processo<\/strong><\/p>\n<p>&nbsp;<\/p>\n<p><strong>CMRobot<\/strong> \u00e9 uma solu\u00e7\u00e3o de hardware e software para inspe\u00e7\u00e3o avan\u00e7ada em linha. Baseia-se na <strong>integra\u00e7\u00e3o de um scanner laser 3D num robot flex\u00edvel de m\u00faltiplos eixos.<\/strong><\/p>\n<p>Este sistema de medi\u00e7\u00e3o 3D sem contacto, <strong>utiliza a tecnologia de scanner laser 3D <\/strong><strong>sem a necessidade de alvos ou sistemas de rastreio.<\/strong> Pode ser incorporada uma sonda de contacto no scanner laser.<\/p>\n\t\t\t\t<img loading=\"lazy\" decoding=\"async\" src=\"https:\/\/www.sariki.es\/wp-content\/uploads\/2020\/03\/CMRobot-digitalizado-3d-con-robot-1.jpg\" alt=\"CMRobot-digitalizado-3d-con-robot\" itemprop=\"image\" height=\"424\" width=\"620\" title=\"CMRobot-digitalizado-3d-con-robot\" onerror=\"this.style.display='none'\"  \/>\n\t<p>Esta solu\u00e7\u00e3o de medi\u00e7\u00e3o robotizada ir\u00e1 oferecer um eficiente controlo de qualidade no seu processo de produ\u00e7\u00e3o, <strong>realizando de forma r\u00e1pida e precisa medi\u00e7\u00f5es de forma completamente autom\u00e1tica na produ\u00e7\u00e3o. Adicionalmente, os dados gerados podem facilmente ser integrados no Sistema de trabalho.<\/strong><\/p>\n<p>&nbsp;<\/p>\n<p><strong>CMRobot<\/strong> combina:<\/p>\n<ul>\n<li>Rob\u00f4 do fabricante St\u00e4ubli<\/li>\n<li>Scanner Kreon Zephyr II Blue com sensor \u00f3ptico e tactil<\/li>\n<li>Software metrolog X4 i-robot<\/li>\n<\/ul>\n<p><\/p>\n<p>A solu\u00e7\u00e3o CMR est\u00e1 disponivel para usar com TX gama da St\u00e4ubli robots <strong>(TX 60, TX 90 and TX 200)<\/strong>. Usando o Staubli TX 200 com <strong>contact probe<\/strong>, podes alcan\u00e7ar uma <strong>precis\u00e3o de +\/- 100 \u03bcm.<\/strong> Quando scaneado com o <strong>Zephyr II Blue<\/strong> scanner, a <strong>precis\u00e3o \u00e9 +\/- 150 \u03bcm<\/strong> (estes dados s\u00e3o efectivos para um volume de medi\u00e7\u00e3o de um metro c\u00fabico).<\/p>\n<p>&nbsp;<\/p>\n\t<iframe loading=\"lazy\" width=\"620\" height=\"349\" src=\"https:\/\/www.youtube.com\/embed\/Q_hFYkOBcRQ\" frameborder=\"0\" allow=\"accelerometer; autoplay; encrypted-media; gyroscope; picture-in-picture\" allowfullscreen=\"\"><\/iframe>\n\t\t\n\t\t\t<p>Esta solu\u00e7\u00e3o foi desenvolvida em colabora\u00e7\u00e3o entre Sta\u00fcbli, Kreon e Metrologic.<\/p>\t\t\n\t\t\t\t\t\t\t<img loading=\"lazy\" decoding=\"async\" src=\"https:\/\/www.sariki.es\/wp-content\/uploads\/2019\/09\/quiero-presupuesto-icono.png\" alt=\"quiero-presupuesto-icono\" width=\"201\" height=\"201\" \/>\n\t\t\n\t\t\t<a href=\"#\" title=\"Click Here\" target=\"_self\"   role=\"button\" aria-label=\"Pretendo uma oferta\">\n\t\t\t\t\t\t\tPretendo uma oferta\n\t\t<\/a>\n\t\t\t\t\t\t\t<img loading=\"lazy\" decoding=\"async\" src=\"https:\/\/www.sariki.es\/wp-content\/uploads\/2019\/09\/quiero-asesoramiento-icono.png\" alt=\"quiero-asesoramiento-icono\" width=\"201\" height=\"201\" \/>\n\t\t\n\t\t\t<a href=\"#\" title=\"Click Here\" target=\"_self\"   role=\"button\" aria-label=\"Pretendo informa\u00e7\u00f5es\">\n\t\t\t\t\t\t\tPretendo informa\u00e7\u00f5es\n\t\t<\/a>\n\t\t\t\t\t\t\t<img loading=\"lazy\" decoding=\"async\" src=\"https:\/\/www.sariki.es\/wp-content\/uploads\/2019\/09\/descargar-catalogo-icono.png\" alt=\"descargar-catalogo-icono\" width=\"201\" height=\"201\" \/>\n\t\t\n\t\t\t<a href=\"#\" title=\"Click Here\" target=\"_self\"   role=\"button\" aria-label=\"Descarregar o cat\u00e1logo\">\n\t\t\t\t\t\t\tDescarregar o cat\u00e1logo\n\t\t<\/a>\n\t\t<h2>\n\t\t\tProdutos e servi\u00e7os relacionados\n\t\t<\/h2>\n\t\t\t<p>Junto com este equipamento, podem ser utilizados diferentes softwares dependendo das necessidades e usos pretendidos. Oferecemos consultoria para identificar a solu\u00e7\u00e3o mais adequada no seu caso, se assim desejar. Consulte-nos sem compromisso.<\/p>\t\t\n\t\t\t\t\t\t\t<img loading=\"lazy\" decoding=\"async\" src=\"https:\/\/www.sariki.es\/wp-content\/uploads\/2019\/10\/plataforma-de-software-de-medicion-3d-metrolog-X4.png\" alt=\"plataforma-de-software-de-medicion-3d-metrolog-X4\" width=\"433\" height=\"306\" \/>\n\t\t\n\t\t\t<a href=\"https:\/\/www.sariki.es\/pt-pt\/equipamentos-de-medicao\/digitalizacao-3d\/scanner-laser-para-braco-portatil\/software-metrolog-x4\/\" title=\"Click Here\" target=\"_self\"   role=\"button\" aria-label=\"Software Metrolog X4\">\n\t\t\t\t\t\t\tSoftware Metrolog X4\n\t\t<\/a>\n\t\t<h2>\n\t\t\tAplica\u00e7\u00f5es\n\t\t<\/h2>\n\t<p><strong>CMRobot<\/strong> foi desenhado para inspec\u00e7\u00e3o em linha para pe\u00e7as do sector autom\u00f3vel e aeron\u00e1utico.<\/p>\n<p>O equipamento \u00e9 adequado para <strong>medir, processar e obter a maior informa\u00e7\u00e3o possivel de uma forma mais r\u00e1pida<\/strong>, sobretudo para processos automatizados com alta cad\u00eancia de pe\u00e7as. Est\u00e1 orientada para medi\u00e7\u00f5es em linha, integr\u00e1vel em qualquer linha d produ\u00e7\u00e3o e oferecendo uma <strong>experi\u00eancia 3D de medi\u00e7\u00e3o automatizada<\/strong>, desde a planifica\u00e7\u00e3o e execu\u00e7\u00e3o, at\u00e9 \u00e0 an\u00e1lise e aos relat\u00f3rios.<\/p>\n\t\t<h2>\n\t\t\tSolu\u00e7\u00e3o personalizada\n\t\t<\/h2>\n\t\t\t\t\t\t\t<img loading=\"lazy\" decoding=\"async\" src=\"https:\/\/www.sariki.es\/wp-content\/uploads\/2019\/10\/icono-solucion-personalizada-6.png\" alt=\"icono-solucion-personalizada-6\" width=\"60\" height=\"60\" \/>\n\t\t<h4>Poupan\u00e7a de tempos de inspe\u00e7\u00e3o<\/h4>\n\t\t\t<p>Com a solu\u00e7\u00e3o CMRobot, optimizada para medi\u00e7\u00f5es na f\u00e1brica, podes poupar tempo e custos, uma vez que temos a informa\u00e7\u00e3o exacta e necess\u00e1ria em tempo real e n\u00e3o apenas para o design, mas tamb\u00e9m para o controlo de qualidade de uma forma mais r\u00e1pida e eficaz<\/p>\t\t\n\t\t\t\t\t\t\t<img loading=\"lazy\" decoding=\"async\" src=\"https:\/\/www.sariki.es\/wp-content\/uploads\/2019\/08\/icono-solucion-personalizada-3.png\" alt=\"icono-solucion-personalizada-3\" width=\"51\" height=\"50\" \/>\n\t\t<h4>Optimizado para medi\u00e7\u00e3o em f\u00e1brica<\/h4>\n\t\t\t<p>Poder\u00e1 trasladar o controlo de qualidade a alta velocidade ao espa\u00e7o de produ\u00e7\u00e3o sem a necessidade de capacita\u00e7\u00e3o avan\u00e7ada para todos os usu\u00e1rios, simplificando o processo de medi\u00e7\u00e3o, o que resulta numa melhoria significativa da sua produtividade<\/p>\t\t\n\t\t\t\t\t\t\t<img loading=\"lazy\" decoding=\"async\" src=\"https:\/\/www.sariki.es\/wp-content\/uploads\/2019\/08\/icono-solucion-personalizada-1.png\" alt=\"icono-solucion-personalizada-1\" width=\"59\" height=\"52\" \/>\n\t\t<h4>Solu\u00e7\u00e3o flex\u00edvel<\/h4>\n\t\t\t<p>Oferecemos uma solu\u00e7\u00e3o integral flex\u00edvel que se adapta a todas as suas necessidades<\/p>\t\t\n\t\t\t\t\t\t\t<img loading=\"lazy\" decoding=\"async\" src=\"https:\/\/www.sariki.es\/wp-content\/uploads\/2019\/08\/icono-solucion-personalizada-4.png\" alt=\"icono-solucion-personalizada-4\" width=\"59\" height=\"52\" \/>\n\t\t<h4>Solu\u00e7\u00e3o personalizada<\/h4>\n\t\t\t<p>O nosso departamento de engenharia pode personalizar e adaptar o CMRobot \u00e0s suas necessidades. Conta-nos qual \u00e9 o teu objectivo e desde Sariki prestaremos apoio para identificar a melhor solu\u00e7\u00e3o para o teu caso em concreto.<\/p>\t\t\n\t\t<h2>\n\t\t\tNecessitas de mais informa\u00e7\u00e3o?\n\t\t<\/h2>\n\n","protected":false},"excerpt":{"rendered":"<p>CMRobot Digitaliza\u00e7\u00e3o 3D em processo &nbsp; CMRobot \u00e9 uma solu\u00e7\u00e3o de hardware e software para inspe\u00e7\u00e3o avan\u00e7ada em linha. Baseia-se na integra\u00e7\u00e3o de um scanner laser 3D num robot flex\u00edvel de m\u00faltiplos eixos. Este sistema de medi\u00e7\u00e3o 3D sem contacto, utiliza a tecnologia de scanner laser 3D sem a necessidade de alvos ou sistemas de&hellip;<\/p>\n","protected":false},"author":6,"featured_media":0,"parent":24207,"menu_order":0,"comment_status":"closed","ping_status":"closed","template":"","meta":{"footnotes":""},"class_list":["post-24205","page","type-page","status-publish","hentry"],"yoast_head":"<!-- This site is optimized with the Yoast SEO Premium plugin v24.6 (Yoast SEO v24.6) - https:\/\/yoast.com\/wordpress\/plugins\/seo\/ -->\n<title>Sariki - Metrolog\u00eda industrial - Digitaliza\u00e7\u00e3o 3D online CMRobot<\/title>\n<meta name=\"description\" content=\"O CMRobot \u00e9 uma solu\u00e7\u00e3o rob\u00f3tica de digitaliza\u00e7\u00e3o laser 3D que efectua medi\u00e7\u00f5es autom\u00e1ticas r\u00e1pidas e precisas diretamente no ch\u00e3o de f\u00e1brica.\" \/>\n<meta name=\"robots\" content=\"index, follow, max-snippet:-1, max-image-preview:large, max-video-preview:-1\" \/>\n<link rel=\"canonical\" href=\"https:\/\/www.sariki.es\/pt-pt\/equipamentos-de-medicao\/cmrobot\/\" \/>\n<meta property=\"og:locale\" content=\"pt_PT\" \/>\n<meta property=\"og:type\" content=\"article\" \/>\n<meta property=\"og:title\" content=\"CMRobot\" \/>\n<meta property=\"og:description\" content=\"O CMRobot \u00e9 uma solu\u00e7\u00e3o rob\u00f3tica de digitaliza\u00e7\u00e3o laser 3D que efectua medi\u00e7\u00f5es autom\u00e1ticas r\u00e1pidas e precisas diretamente no ch\u00e3o de f\u00e1brica.\" \/>\n<meta property=\"og:url\" content=\"https:\/\/www.sariki.es\/pt-pt\/equipamentos-de-medicao\/cmrobot\/\" \/>\n<meta property=\"og:site_name\" content=\"Sariki - Metrolog\u00eda industrial\" \/>\n<meta property=\"article:publisher\" content=\"https:\/\/www.facebook.com\/MetrologiaSariki\" \/>\n<meta property=\"article:modified_time\" content=\"2025-04-03T06:25:43+00:00\" \/>\n<meta property=\"og:image\" content=\"https:\/\/www.sariki.es\/wp-content\/uploads\/2020\/03\/CMRobot-digitalizado-3d-con-robot-1.jpg\" \/>\n<meta name=\"twitter:card\" content=\"summary_large_image\" \/>\n<meta name=\"twitter:site\" content=\"@sarikisa\" \/>\n<meta name=\"twitter:label1\" content=\"Tempo estimado de leitura\" \/>\n\t<meta name=\"twitter:data1\" content=\"3 minutos\" \/>\n<script type=\"application\/ld+json\" class=\"yoast-schema-graph\">{\"@context\":\"https:\/\/schema.org\",\"@graph\":[{\"@type\":\"WebPage\",\"@id\":\"https:\/\/www.sariki.es\/pt-pt\/equipamentos-de-medicao\/cmrobot\/\",\"url\":\"https:\/\/www.sariki.es\/pt-pt\/equipamentos-de-medicao\/cmrobot\/\",\"name\":\"Sariki - Metrolog\u00eda industrial - Digitaliza\u00e7\u00e3o 3D online CMRobot\",\"isPartOf\":{\"@id\":\"https:\/\/www.sariki.es\/pt-pt\/#website\"},\"primaryImageOfPage\":{\"@id\":\"https:\/\/www.sariki.es\/pt-pt\/equipamentos-de-medicao\/cmrobot\/#primaryimage\"},\"image\":{\"@id\":\"https:\/\/www.sariki.es\/pt-pt\/equipamentos-de-medicao\/cmrobot\/#primaryimage\"},\"thumbnailUrl\":\"https:\/\/www.sariki.es\/wp-content\/uploads\/2020\/03\/CMRobot-digitalizado-3d-con-robot-1.jpg\",\"datePublished\":\"2025-03-25T14:24:47+00:00\",\"dateModified\":\"2025-04-03T06:25:43+00:00\",\"description\":\"O CMRobot \u00e9 uma solu\u00e7\u00e3o rob\u00f3tica de digitaliza\u00e7\u00e3o laser 3D que efectua medi\u00e7\u00f5es autom\u00e1ticas r\u00e1pidas e precisas diretamente no ch\u00e3o de f\u00e1brica.\",\"breadcrumb\":{\"@id\":\"https:\/\/www.sariki.es\/pt-pt\/equipamentos-de-medicao\/cmrobot\/#breadcrumb\"},\"inLanguage\":\"pt-PT\",\"potentialAction\":[{\"@type\":\"ReadAction\",\"target\":[\"https:\/\/www.sariki.es\/pt-pt\/equipamentos-de-medicao\/cmrobot\/\"]}]},{\"@type\":\"ImageObject\",\"inLanguage\":\"pt-PT\",\"@id\":\"https:\/\/www.sariki.es\/pt-pt\/equipamentos-de-medicao\/cmrobot\/#primaryimage\",\"url\":\"https:\/\/www.sariki.es\/wp-content\/uploads\/2020\/03\/CMRobot-digitalizado-3d-con-robot-1.jpg\",\"contentUrl\":\"https:\/\/www.sariki.es\/wp-content\/uploads\/2020\/03\/CMRobot-digitalizado-3d-con-robot-1.jpg\"},{\"@type\":\"BreadcrumbList\",\"@id\":\"https:\/\/www.sariki.es\/pt-pt\/equipamentos-de-medicao\/cmrobot\/#breadcrumb\",\"itemListElement\":[{\"@type\":\"ListItem\",\"position\":1,\"name\":\"Inicio\",\"item\":\"https:\/\/www.sariki.es\/pt-pt\/\"},{\"@type\":\"ListItem\",\"position\":2,\"name\":\"Equipamentos de medi\u00e7\u00e3o\",\"item\":\"https:\/\/www.sariki.es\/pt-pt\/equipamentos-de-medicao\/\"},{\"@type\":\"ListItem\",\"position\":3,\"name\":\"CMRobot\"}]},{\"@type\":\"WebSite\",\"@id\":\"https:\/\/www.sariki.es\/pt-pt\/#website\",\"url\":\"https:\/\/www.sariki.es\/pt-pt\/\",\"name\":\"Sariki - Metrolog\u00eda industrial\",\"description\":\"Metrolog\u00eda industrial en Gipuzkoa\",\"publisher\":{\"@id\":\"https:\/\/www.sariki.es\/pt-pt\/#organization\"},\"potentialAction\":[{\"@type\":\"SearchAction\",\"target\":{\"@type\":\"EntryPoint\",\"urlTemplate\":\"https:\/\/www.sariki.es\/pt-pt\/?s={search_term_string}\"},\"query-input\":{\"@type\":\"PropertyValueSpecification\",\"valueRequired\":true,\"valueName\":\"search_term_string\"}}],\"inLanguage\":\"pt-PT\"},{\"@type\":\"Organization\",\"@id\":\"https:\/\/www.sariki.es\/pt-pt\/#organization\",\"name\":\"Sariki - Soluciones de metrolog\u00eda\",\"url\":\"https:\/\/www.sariki.es\/pt-pt\/\",\"logo\":{\"@type\":\"ImageObject\",\"inLanguage\":\"pt-PT\",\"@id\":\"https:\/\/www.sariki.es\/pt-pt\/#\/schema\/logo\/image\/\",\"url\":\"\",\"contentUrl\":\"\",\"caption\":\"Sariki - Soluciones de metrolog\u00eda\"},\"image\":{\"@id\":\"https:\/\/www.sariki.es\/pt-pt\/#\/schema\/logo\/image\/\"},\"sameAs\":[\"https:\/\/www.facebook.com\/MetrologiaSariki\",\"https:\/\/x.com\/sarikisa\"]}]}<\/script>\n<!-- \/ Yoast SEO Premium plugin. -->","yoast_head_json":{"title":"Sariki - Metrolog\u00eda industrial - Digitaliza\u00e7\u00e3o 3D online CMRobot","description":"O CMRobot \u00e9 uma solu\u00e7\u00e3o rob\u00f3tica de digitaliza\u00e7\u00e3o laser 3D que efectua medi\u00e7\u00f5es autom\u00e1ticas r\u00e1pidas e precisas diretamente no ch\u00e3o de f\u00e1brica.","robots":{"index":"index","follow":"follow","max-snippet":"max-snippet:-1","max-image-preview":"max-image-preview:large","max-video-preview":"max-video-preview:-1"},"canonical":"https:\/\/www.sariki.es\/pt-pt\/equipamentos-de-medicao\/cmrobot\/","og_locale":"pt_PT","og_type":"article","og_title":"CMRobot","og_description":"O CMRobot \u00e9 uma solu\u00e7\u00e3o rob\u00f3tica de digitaliza\u00e7\u00e3o laser 3D que efectua medi\u00e7\u00f5es autom\u00e1ticas r\u00e1pidas e precisas diretamente no ch\u00e3o de f\u00e1brica.","og_url":"https:\/\/www.sariki.es\/pt-pt\/equipamentos-de-medicao\/cmrobot\/","og_site_name":"Sariki - Metrolog\u00eda industrial","article_publisher":"https:\/\/www.facebook.com\/MetrologiaSariki","article_modified_time":"2025-04-03T06:25:43+00:00","og_image":[{"url":"https:\/\/www.sariki.es\/wp-content\/uploads\/2020\/03\/CMRobot-digitalizado-3d-con-robot-1.jpg","type":"","width":"","height":""}],"twitter_card":"summary_large_image","twitter_site":"@sarikisa","twitter_misc":{"Tempo estimado de leitura":"3 minutos"},"schema":{"@context":"https:\/\/schema.org","@graph":[{"@type":"WebPage","@id":"https:\/\/www.sariki.es\/pt-pt\/equipamentos-de-medicao\/cmrobot\/","url":"https:\/\/www.sariki.es\/pt-pt\/equipamentos-de-medicao\/cmrobot\/","name":"Sariki - Metrolog\u00eda industrial - Digitaliza\u00e7\u00e3o 3D online CMRobot","isPartOf":{"@id":"https:\/\/www.sariki.es\/pt-pt\/#website"},"primaryImageOfPage":{"@id":"https:\/\/www.sariki.es\/pt-pt\/equipamentos-de-medicao\/cmrobot\/#primaryimage"},"image":{"@id":"https:\/\/www.sariki.es\/pt-pt\/equipamentos-de-medicao\/cmrobot\/#primaryimage"},"thumbnailUrl":"https:\/\/www.sariki.es\/wp-content\/uploads\/2020\/03\/CMRobot-digitalizado-3d-con-robot-1.jpg","datePublished":"2025-03-25T14:24:47+00:00","dateModified":"2025-04-03T06:25:43+00:00","description":"O CMRobot \u00e9 uma solu\u00e7\u00e3o rob\u00f3tica de digitaliza\u00e7\u00e3o laser 3D que efectua medi\u00e7\u00f5es autom\u00e1ticas r\u00e1pidas e precisas diretamente no ch\u00e3o de f\u00e1brica.","breadcrumb":{"@id":"https:\/\/www.sariki.es\/pt-pt\/equipamentos-de-medicao\/cmrobot\/#breadcrumb"},"inLanguage":"pt-PT","potentialAction":[{"@type":"ReadAction","target":["https:\/\/www.sariki.es\/pt-pt\/equipamentos-de-medicao\/cmrobot\/"]}]},{"@type":"ImageObject","inLanguage":"pt-PT","@id":"https:\/\/www.sariki.es\/pt-pt\/equipamentos-de-medicao\/cmrobot\/#primaryimage","url":"https:\/\/www.sariki.es\/wp-content\/uploads\/2020\/03\/CMRobot-digitalizado-3d-con-robot-1.jpg","contentUrl":"https:\/\/www.sariki.es\/wp-content\/uploads\/2020\/03\/CMRobot-digitalizado-3d-con-robot-1.jpg"},{"@type":"BreadcrumbList","@id":"https:\/\/www.sariki.es\/pt-pt\/equipamentos-de-medicao\/cmrobot\/#breadcrumb","itemListElement":[{"@type":"ListItem","position":1,"name":"Inicio","item":"https:\/\/www.sariki.es\/pt-pt\/"},{"@type":"ListItem","position":2,"name":"Equipamentos de medi\u00e7\u00e3o","item":"https:\/\/www.sariki.es\/pt-pt\/equipamentos-de-medicao\/"},{"@type":"ListItem","position":3,"name":"CMRobot"}]},{"@type":"WebSite","@id":"https:\/\/www.sariki.es\/pt-pt\/#website","url":"https:\/\/www.sariki.es\/pt-pt\/","name":"Sariki - Metrolog\u00eda industrial","description":"Metrolog\u00eda industrial en Gipuzkoa","publisher":{"@id":"https:\/\/www.sariki.es\/pt-pt\/#organization"},"potentialAction":[{"@type":"SearchAction","target":{"@type":"EntryPoint","urlTemplate":"https:\/\/www.sariki.es\/pt-pt\/?s={search_term_string}"},"query-input":{"@type":"PropertyValueSpecification","valueRequired":true,"valueName":"search_term_string"}}],"inLanguage":"pt-PT"},{"@type":"Organization","@id":"https:\/\/www.sariki.es\/pt-pt\/#organization","name":"Sariki - Soluciones de metrolog\u00eda","url":"https:\/\/www.sariki.es\/pt-pt\/","logo":{"@type":"ImageObject","inLanguage":"pt-PT","@id":"https:\/\/www.sariki.es\/pt-pt\/#\/schema\/logo\/image\/","url":"","contentUrl":"","caption":"Sariki - Soluciones de metrolog\u00eda"},"image":{"@id":"https:\/\/www.sariki.es\/pt-pt\/#\/schema\/logo\/image\/"},"sameAs":["https:\/\/www.facebook.com\/MetrologiaSariki","https:\/\/x.com\/sarikisa"]}]}},"_links":{"self":[{"href":"https:\/\/www.sariki.es\/pt-pt\/wp-json\/wp\/v2\/pages\/24205","targetHints":{"allow":["GET"]}}],"collection":[{"href":"https:\/\/www.sariki.es\/pt-pt\/wp-json\/wp\/v2\/pages"}],"about":[{"href":"https:\/\/www.sariki.es\/pt-pt\/wp-json\/wp\/v2\/types\/page"}],"author":[{"embeddable":true,"href":"https:\/\/www.sariki.es\/pt-pt\/wp-json\/wp\/v2\/users\/6"}],"replies":[{"embeddable":true,"href":"https:\/\/www.sariki.es\/pt-pt\/wp-json\/wp\/v2\/comments?post=24205"}],"version-history":[{"count":2,"href":"https:\/\/www.sariki.es\/pt-pt\/wp-json\/wp\/v2\/pages\/24205\/revisions"}],"predecessor-version":[{"id":24684,"href":"https:\/\/www.sariki.es\/pt-pt\/wp-json\/wp\/v2\/pages\/24205\/revisions\/24684"}],"up":[{"embeddable":true,"href":"https:\/\/www.sariki.es\/pt-pt\/wp-json\/wp\/v2\/pages\/24207"}],"wp:attachment":[{"href":"https:\/\/www.sariki.es\/pt-pt\/wp-json\/wp\/v2\/media?parent=24205"}],"curies":[{"name":"wp","href":"https:\/\/api.w.org\/{rel}","templated":true}]}}