{"id":24182,"date":"2025-03-25T14:51:37","date_gmt":"2025-03-25T13:51:37","guid":{"rendered":"https:\/\/www.sariki.es\/scanner-3d-am-cell-c\/"},"modified":"2026-02-12T15:29:03","modified_gmt":"2026-02-12T14:29:03","slug":"scanner-3d-am-cell-c","status":"publish","type":"page","link":"https:\/\/www.sariki.es\/pt-pt\/equipamentos-de-medicao\/digitalizacao-3d\/scanner-laser-3d\/scanner-3d-am-cell-c\/","title":{"rendered":"Scanner 3D AM-CELL C"},"content":{"rendered":"\n\n\t\t<h1>\n\t\t\tEsc\u00e1ner 3D AM-CELL C\n\t\t<\/h1>\n\t<p>El sistema de medici\u00f3n 3D \u00f3ptico automatizado de la serie <strong>AM-CELL C, compuesto por un robot, un posicionador y una estaci\u00f3n de seguimiento<\/strong>, est\u00e1 desarrollado para la inspecci\u00f3n eficiente y automatizada de piezas de tama\u00f1o medio a grande, como piezas estampadas, moldeadas por inyecci\u00f3n, mecanizadas en chapa y piezas fundidas.<\/p>\n<p><strong>Dise\u00f1ado con unidades modulares<\/strong> innovadoras, permite diferentes configuraciones, un despliegue flexible y operaciones con m\u00faltiples posicionadores.<\/p>\n<p>El laboratorio de metrolog\u00eda de <strong>SCANTECH cumple con la<\/strong> <strong>norma ISO\/IEC 17025<\/strong><\/p>\n\t\t\t\t\t\t\t<img loading=\"lazy\" decoding=\"async\" src=\"https:\/\/www.sariki.es\/wp-content\/uploads\/2019\/07\/icono-portada-header.png\" alt=\"icono-portada-header\" width=\"42\" height=\"55\" \/>\n\t\t\t\t\t\t<h4>Sariki es MASTER RESELLER de SCANTECH para Espa\u00f1a y Portugal<\/h4>\t\t\t\t\t\n\t\t\t\t<img decoding=\"async\" src=\"https:\/\/www.sariki.es\/wp-content\/uploads\/2024\/10\/AM-CELL-C-escaner-automatizado-scantech.jpg\" alt=\"AM-CELL-C-escaner-automatizado-scantech\" itemprop=\"image\" height=\"438\" width=\"620\" title=\"AM-CELL-C-escaner-automatizado-scantech\" onerror=\"this.style.display='none'\" loading=\"lazy\" \/>\n\t\t<h2>\n\t\t\tSoluci\u00f3n ideal de escaneado 3D: AM-CELL C\n\t\t<\/h2>\n\t\t<h2>\n\t\t\tDise\u00f1o de unidad modular\n\t\t<\/h2>\n\t\t\t<p>Dise\u00f1ada con un concepto innovador de unidad modular, la serie AM-CELL C ofrece configuraciones flexibles para satisfacer diversas necesidades de inspecci\u00f3n por lotes en diferentes entornos industriales.El sistema se puede ensamblar y probar f\u00e1cilmente en un plazo de 2 d\u00edas, y admite la programaci\u00f3n manual del robot para una planificaci\u00f3n r\u00e1pida de trayectorias. Esta soluci\u00f3n eficiente libera a los usuarios de configuraciones y operaciones complejas, lo que reduce el nivel de experiencia necesario para su uso y mejora la eficiencia de la inspecci\u00f3n.<\/p>\t\t\n\t\t<h2>\n\t\t\tMedici\u00f3n 3D de grado metrol\u00f3gico\n\t\t<\/h2>\n\t\t\t<p>La serie AM-CELL C, compatible con toda la gama de sistemas de medici\u00f3n 3D \u00f3pticos y sin marcadores de Scantech, puede medir cientos de piezas de manera autom\u00e1tica y estable las 24 horas del d\u00eda. El sistema ofrece una tasa de medici\u00f3n ultra alta de hasta 2,600,000 MPS y una precisi\u00f3n de grado metrol\u00f3gico de 0.025 mm, proporcionando resultados de medici\u00f3n precisos para visualizar las desviaciones de GD&amp;T.Gracias a su sofisticada medici\u00f3n en escala de grises, la serie AM-CELL C permite inspecciones autom\u00e1ticas de bordes y garantiza resultados precisos. Los usuarios pueden obtener datos 3D exactos de caracter\u00edsticas cerradas como agujeros, ranuras y rect\u00e1ngulos en piezas estampadas y mecanizadas directamente insitu.AM-CELL C est\u00e1 dise\u00f1ada para potenciar el an\u00e1lisis del proceso de fabricaci\u00f3n, aumentar la producci\u00f3n desde el origen, reducir los costes de producci\u00f3n y lograr procesos estandarizados de control de calidad.<\/p>\t\t\n\t\t<h2>\n\t\t\tDespliegue flexible para altos vol\u00famenes de producci\u00f3n\n\t\t<\/h2>\n\t\t\t<p>Los usuarios pueden elegir entre diferentes soluciones con m\u00faltiples posicionadores seg\u00fan sus requisitos de medici\u00f3n, tiempos de ciclo y categor\u00edas de productos, logrando mediciones eficientes sin tiempo de inactividad. Gracias a su potente software, m\u00faltiples tareas pueden procesarse simult\u00e1neamente. Esta avanzada soluci\u00f3n de medici\u00f3n automatizada permite mediciones continuas, eliminando esperas o interrupciones, y ofreciendo una velocidad de medici\u00f3n 5 veces m\u00e1s r\u00e1pida que la de las m\u00e1quinas de medici\u00f3n por coordenadas (CMM) tradicionales. Por lo tanto, es capaz de reducir significativamente los ciclos de producci\u00f3n y mejorar la eficiencia global de la producci\u00f3n.<\/p>\t\t\n\t\t<iframe loading=\"lazy\" title=\"A Glimpse Into T-shaped AM-CELL C200: Automated 3D Measurement System\" width=\"500\" height=\"281\" src=\"https:\/\/www.youtube.com\/embed\/3GBH-WfpZ_I?feature=oembed\" frameborder=\"0\" allow=\"accelerometer; autoplay; clipboard-write; encrypted-media; gyroscope; picture-in-picture; web-share\" referrerpolicy=\"strict-origin-when-cross-origin\" allowfullscreen><\/iframe>\t\n\t\t\t\t<img decoding=\"async\" src=\"https:\/\/www.sariki.es\/wp-content\/uploads\/2024\/10\/AM-CELL-C-celula-automatizada-scantech.jpg\" alt=\"AM-CELL-C-celula-automatizada-scantech\" itemprop=\"image\" height=\"349\" width=\"620\" title=\"AM-CELL-C-celula-automatizada-scantech\" onerror=\"this.style.display='none'\" loading=\"lazy\" \/>\n\t\t\t\t<img decoding=\"async\" src=\"https:\/\/www.sariki.es\/wp-content\/uploads\/2024\/10\/AM-CELL-C-escaner-3d-scantech.jpg\" alt=\"AM-CELL-C-escaner-3d-scantech\" itemprop=\"image\" height=\"349\" width=\"620\" title=\"AM-CELL-C-escaner-3d-scantech\" onerror=\"this.style.display='none'\" loading=\"lazy\" \/>\n\t\t<h2>\n\t\t\tBeneficios\n\t\t<\/h2>\n\t\t\t\t\t\t\t<img loading=\"lazy\" decoding=\"async\" src=\"https:\/\/www.sariki.es\/wp-content\/uploads\/2019\/08\/icono-estrella.png\" alt=\"mapvision beneficios\" width=\"43\" height=\"39\" \/>\n\t\t\t\t\t\t\t\t\t\t\t\n\t\t\t<p>Medici\u00f3nautomatizada<\/p>\t\t\n\t\t\t\t\t\t\t<img loading=\"lazy\" decoding=\"async\" src=\"https:\/\/www.sariki.es\/wp-content\/uploads\/2019\/08\/icono-estrella.png\" alt=\"mapvision beneficios\" width=\"43\" height=\"39\" \/>\n\t\t\t\t\t\t\t\t\t\t\t\n\t\t\t<p>Controlpreciso<\/p>\t\t\n\t\t\t\t\t\t\t<img loading=\"lazy\" decoding=\"async\" src=\"https:\/\/www.sariki.es\/wp-content\/uploads\/2019\/08\/icono-estrella.png\" alt=\"mapvision beneficios\" width=\"43\" height=\"39\" \/>\n\t\t\t\t\t\t\t\t\t\t\t\n\t\t\t<p>Dise\u00f1oergon\u00f3mico<\/p>\t\t\n\t\t\t\t\t\t\t<img loading=\"lazy\" decoding=\"async\" src=\"https:\/\/www.sariki.es\/wp-content\/uploads\/2019\/08\/icono-estrella.png\" alt=\"mapvision beneficios\" width=\"43\" height=\"39\" \/>\n\t\t\t\t\t\t\t\t\t\t\t\n\t\t\t<p>Diversas capacidadesde carga<\/p>\t\t\n\t\t\t\t\t\t\t<img loading=\"lazy\" decoding=\"async\" src=\"https:\/\/www.sariki.es\/wp-content\/uploads\/2019\/09\/quiero-presupuesto-icono.png\" alt=\"quiero-presupuesto-icono\" width=\"201\" height=\"201\" \/>\n\t\t\t\t\t\t\t\t\t\t\t\n\t\t\t<a href=\"https:\/\/www.sariki.es\/quiero-un-presupuesto\/\" title=\"Haz clic aqu\u00ed\" target=\"_self\"   role=\"button\" aria-label=\"Quiero un presupuesto\">\n\t\t\t\t\t\t\tQuiero un presupuesto\n\t\t<\/a>\n\t\t\t\t\t\t\t<img loading=\"lazy\" decoding=\"async\" src=\"https:\/\/www.sariki.es\/wp-content\/uploads\/2019\/09\/quiero-asesoramiento-icono.png\" alt=\"quiero-asesoramiento-icono\" width=\"201\" height=\"201\" \/>\n\t\t\t\t\t\t\t\t\t\t\t\n\t\t\t<a href=\"https:\/\/www.sariki.es\/solicitud-de-asesoramiento\/\" title=\"Haz clic aqu\u00ed\" target=\"_self\"   role=\"button\" aria-label=\"Quiero asesoramiento\">\n\t\t\t\t\t\t\tQuiero asesoramiento\n\t\t<\/a>\n\t\t\t\t\t\t\t<img loading=\"lazy\" decoding=\"async\" src=\"https:\/\/www.sariki.es\/wp-content\/uploads\/2019\/09\/descargar-catalogo-icono.png\" alt=\"descargar-catalogo-icono\" width=\"201\" height=\"201\" \/>\n\t\t\t\t\t\t\t\t\t\t\t\n\t\t\t<a href=\"#\" title=\"Haz clic aqu\u00ed\" target=\"_self\"   role=\"button\" aria-label=\"Descargar el cat\u00e1logo\">\n\t\t\t\t\t\t\tDescargar el cat\u00e1logo\n\t\t<\/a>\n\t\t<h2>\n\t\t\tProductos y servicios relacionados\n\t\t<\/h2>\n\t\t\t<p>Junto a este equipo se pueden utilizar diferentes softwares en funci\u00f3n de las necesidades y usos que le vayas a dar. Te asesoraremos en todo momento sobre el complemento m\u00e1s adecuado en tu caso si as\u00ed lo deseas. Puedes consultarnos sin compromiso.<\/p>\t\t\n\t\t\t\t\t\t\t<img loading=\"lazy\" decoding=\"async\" src=\"https:\/\/www.sariki.es\/wp-content\/uploads\/2019\/10\/SK-inspect-medicion-en-produccion-con-escaner-1.jpg\" alt=\"SK-inspect-medicion-en-produccion-con-escaner\" width=\"620\" height=\"404\" \/>\n\t\t\t\t\t\t\t\t\t\t\t\n\t\t\t<a href=\"https:\/\/www.sariki.es\/equipos-de-medicion\/software-industria-4-0\/sk-inspect\/\" title=\"Haz clic aqu\u00ed\" target=\"_self\"   role=\"button\" aria-label=\"Software SK\/inspect\">\n\t\t\t\t\t\t\tSoftware SK\/inspect\n\t\t<\/a>\n\t\t\t\t\t\t\t<img loading=\"lazy\" decoding=\"async\" src=\"https:\/\/www.sariki.es\/wp-content\/uploads\/2019\/10\/software-de-medicion-universal-polyworks-inspector-innovmetric.png\" alt=\"software-de-medicion-universal-polyworks-inspector-innovmetric\" width=\"433\" height=\"306\" \/>\n\t\t\t\t\t\t\t\t\t\t\t\n\t\t\t<a href=\"https:\/\/www.sariki.es\/equipos-de-medicion\/digitalizado-3d\/escaner-laser-para-brazo-portable\/software-polyworks\/\" title=\"Haz clic aqu\u00ed\" target=\"_self\"   role=\"button\" aria-label=\"Software Polyworks\">\n\t\t\t\t\t\t\tSoftware Polyworks\n\t\t<\/a>\n\t\t\t\t\t\t\t<img loading=\"lazy\" decoding=\"async\" src=\"https:\/\/www.sariki.es\/wp-content\/uploads\/2019\/10\/plataforma-de-software-de-medicion-3d-metrolog-X4.png\" alt=\"plataforma-de-software-de-medicion-3d-metrolog-X4\" width=\"433\" height=\"306\" \/>\n\t\t\t\t\t\t\t\t\t\t\t\n\t\t\t<a href=\"https:\/\/www.sariki.es\/equipos-de-medicion\/digitalizado-3d\/escaner-laser-para-brazo-portable\/software-metrolog-x4\/\" title=\"Haz clic aqu\u00ed\" target=\"_self\"   role=\"button\" aria-label=\"Software Metrolog\">\n\t\t\t\t\t\t\tSoftware Metrolog\n\t\t<\/a>\n\t\t\t\t\t\t\t<img loading=\"lazy\" decoding=\"async\" src=\"https:\/\/www.sariki.es\/wp-content\/uploads\/2019\/12\/geomagic-control-x-software-de-medicion-3d.jpg\" alt=\"geomagic-control-x-software-de-medicion-3d\" width=\"620\" height=\"404\" \/>\n\t\t\t\t\t\t\t\t\t\t\t\n\t\t\t<a href=\"https:\/\/www.sariki.es\/equipos-de-medicion\/digitalizado-3d\/escaner-luz-estructurada\/software-geomagic\/\" title=\"Haz clic aqu\u00ed\" target=\"_self\"   role=\"button\" aria-label=\"Software Geomagic\">\n\t\t\t\t\t\t\tSoftware Geomagic\n\t\t<\/a>\n\t\t<h2>\n\t\t\tAplicaciones\n\t\t<\/h2>\n\t\t\t<p><strong>Puedes utilizar el esc\u00e1ner AM-CELL C<\/strong>\u00a0para el control de calidad, el desarrollo de productos, la ingenier\u00eda inversa, etc., en sectores como el aeroespacial, la automoci\u00f3n, el transporte ferroviario y el molde.<\/p>\t\t\n\t\t\t\t\t\t<h4>Control de calidad<\/h4>\t\t\t\t\t\n\t\t\t<p>Compara tus mediciones con el CAD nominal de la pieza y crea un mapa de colores en 3D con los errores<\/p>\t\t\n\t\t\t\t\t\t<h4>An\u00e1lisis<\/h4>\t\t\t\t\t\n\t\t\t<p>Identifica y busca soluciones a cualquier defecto estructural y funcional modelando el sistema o el producto en un entorno virtual<\/p>\t\t\n\t\t\t\t\t\t<h4>Ingenier\u00eda inversa<\/h4>\t\t\t\t\t\n\t\t\t<p>Realiza ingenier\u00eda inversa a partir de la nube de puntos obtenida (geometr\u00eda y superficies de forma libre) y transf\u00f3rmalo en un modelo nativo de CAD<\/p>\t\t\n\t\t\t\t\t\t<h4>Impresi\u00f3n 3D<\/h4>\t\t\t\t\t\n\t\t\t<p>Fabrica piezas de detalle en varios materiales con integraci\u00f3n de datos perfecta a cualquier impresora 3D<\/p>\t\t\n\t\t<h2>\n\t\t\tEspecificaciones t\u00e9cnicas\n\t\t<\/h2>\n\t\t\t\t<table>\n\t\t\t\t\t<thead>\n\t\t\t\t\t\t\t\t\t\t\t\t\t\t<tr>\n\t\t\t\t\t\t\t\t\t\t\t\t\t\t\t<th rowspan=\"\" colspan=\"\">\n\t\t\t\t\t\t\t\t\t\t Esc\u00e1ner 3D \n\t\t\t\t\t\t\t\t\t\t\t\t\t\t\t\t\t<\/th>\n\t\t\t\t\t\t\t\t\t\t\t\t\t\t<th rowspan=\"\" colspan=\"\">\n\t\t\t\t\t\t\t\t\t\t Esc\u00e1ner AM-CELL C15X \n\t\t\t\t\t\t\t\t\t\t\t\t\t\t\t\t\t<\/th>\n\t\t\t\t\t\t\t\t\t\t\t<\/tr><\/thead>\n\t\t\t\t\t<tbody>\n\t\t\t\t\t\t\t\t\t\t\t\t\t\t\t<tr>\n\t\t\t\t\t\t\t\t\t\t\t\t\t\t\t\t\t\t\t\t<td colspan=\"\" rowspan=\"\">\n\t\t\t\t\t\t\t\t\t\t\t\t\t\t\t Rango de medici\u00f3n \n\t\t\t\t\t\t\t\t\t\t\t\t\t\t\t\t\t\t\t\t\t\t\t\t<\/td>\n\t\t\t\t\t\t\t\t\t\t\t\t\t\t\t\t<td colspan=\"\" rowspan=\"\">\n\t\t\t\t\t\t\t\t\t\t\t\t\t\t\t\t\t\t\t\t\t\t\t 4.5m \u00d7 4m \n\t\t\t\t\t\t\t\t\t\t\t\t\t\t\t\t\t\t\t\t\t\t\t<\/td>\n\t\t\t\t\t\t\t\t\t\t\t\t\t\t\t<\/tr><tr>\n\t\t\t\t\t\t\t\t\t\t\t\t\t\t\t\t\t\t\t\t<td colspan=\"\" rowspan=\"\">\n\t\t\t\t\t\t\t\t\t\t\t\t\t\t\t Tipo de robot \n\t\t\t\t\t\t\t\t\t\t\t\t\t\t\t\t\t\t\t\t\t\t\t\t<\/td>\n\t\t\t\t\t\t\t\t\t\t\t\t\t\t\t\t<td colspan=\"\" rowspan=\"\">\n\t\t\t\t\t\t\t\t\t\t\t\t\t\t\t\t\t\t\t\t\t\t\t Cobot, alcance 1500mm \n\t\t\t\t\t\t\t\t\t\t\t\t\t\t\t\t\t\t\t\t\t\t\t<\/td>\n\t\t\t\t\t\t\t\t\t\t\t\t\t\t\t<\/tr><tr>\n\t\t\t\t\t\t\t\t\t\t\t\t\t\t\t\t\t\t\t\t<td colspan=\"\" rowspan=\"\">\n\t\t\t\t\t\t\t\t\t\t\t\t\t\t\t Carga \u00fatil \n\t\t\t\t\t\t\t\t\t\t\t\t\t\t\t\t\t\t\t\t\t\t\t\t<\/td>\n\t\t\t\t\t\t\t\t\t\t\t\t\t\t\t\t<td colspan=\"\" rowspan=\"\">\n\t\t\t\t\t\t\t\t\t\t\t\t\t\t\t\t\t\t\t\t\t\t\t 500 KG \n\t\t\t\t\t\t\t\t\t\t\t\t\t\t\t\t\t\t\t\t\t\t\t<\/td>\n\t\t\t\t\t\t\t\t\t\t\t\t\t\t\t<\/tr><tr>\n\t\t\t\t\t\t\t\t\t\t\t\t\t\t\t\t\t\t\t\t<td colspan=\"\" rowspan=\"\">\n\t\t\t\t\t\t\t\t\t\t\t\t\t\t\t Esc\u00e1ner 3D soportado \n\t\t\t\t\t\t\t\t\t\t\t\t\t\t\t\t\t\t\t\t\t\t\t\t<\/td>\n\t\t\t\t\t\t\t\t\t\t\t\t\t\t\t\t<td colspan=\"\" rowspan=\"\">\n\t\t\t\t\t\t\t\t\t\t\t\t\t\t\t\t\t\t\t\t\t\t\t Serie completa de los sistemas de medici\u00f3n 3D \u00f3pticos de Scantech \n\t\t\t\t\t\t\t\t\t\t\t\t\t\t\t\t\t\t\t\t\t\t\t<\/td>\n\t\t\t\t\t\t\t\t\t\t\t<\/tr><\/tbody>\n\t\t\t\t<\/table>\n\t\t<h2>\n\t\t\t\u00bfNecesitas m\u00e1s informaci\u00f3n?\n\t\t<\/h2>\n\n","protected":false},"excerpt":{"rendered":"<p>Esc\u00e1ner 3D AM-CELL C El sistema de medici\u00f3n 3D \u00f3ptico automatizado de la serie AM-CELL C, compuesto por un robot, un posicionador y una estaci\u00f3n de seguimiento, est\u00e1 desarrollado para la inspecci\u00f3n eficiente y automatizada de piezas de tama\u00f1o medio a grande, como piezas estampadas, moldeadas por inyecci\u00f3n, mecanizadas en chapa y piezas fundidas. Dise\u00f1ado&hellip;<\/p>\n","protected":false},"author":6,"featured_media":0,"parent":24186,"menu_order":0,"comment_status":"closed","ping_status":"closed","template":"","meta":{"footnotes":""},"class_list":["post-24182","page","type-page","status-publish","hentry"],"yoast_head":"<!-- This site is optimized with the Yoast SEO Premium plugin v24.6 (Yoast SEO v24.6) - https:\/\/yoast.com\/wordpress\/plugins\/seo\/ -->\n<title>Scanner 3D AM-CELL C - Sariki - Metrolog\u00eda industrial<\/title>\n<meta name=\"description\" content=\"O scanner AM-CELL C 3D \u00e9 um sistema automatizado de medi\u00e7\u00e3o \u00f3tica 3D - Para pe\u00e7as m\u00e9dias a grandes. Para mais informa\u00e7\u00f5es, consulte a ficha de produto.\" \/>\n<meta name=\"robots\" content=\"index, follow, max-snippet:-1, max-image-preview:large, max-video-preview:-1\" \/>\n<link rel=\"canonical\" href=\"https:\/\/www.sariki.es\/pt-pt\/equipamentos-de-medicao\/digitalizacao-3d\/scanner-laser-3d\/scanner-3d-am-cell-c\/\" \/>\n<meta property=\"og:locale\" content=\"pt_PT\" \/>\n<meta property=\"og:type\" content=\"article\" \/>\n<meta property=\"og:title\" content=\"Scanner 3D AM-CELL C\" \/>\n<meta property=\"og:description\" content=\"O scanner AM-CELL C 3D \u00e9 um sistema automatizado de medi\u00e7\u00e3o \u00f3tica 3D - Para pe\u00e7as m\u00e9dias a grandes. Para mais informa\u00e7\u00f5es, consulte a ficha de produto.\" \/>\n<meta property=\"og:url\" content=\"https:\/\/www.sariki.es\/pt-pt\/equipamentos-de-medicao\/digitalizacao-3d\/scanner-laser-3d\/scanner-3d-am-cell-c\/\" \/>\n<meta property=\"og:site_name\" content=\"Sariki - Metrolog\u00eda industrial\" \/>\n<meta property=\"article:publisher\" content=\"https:\/\/www.facebook.com\/MetrologiaSariki\" \/>\n<meta property=\"article:modified_time\" content=\"2026-02-12T14:29:03+00:00\" \/>\n<meta property=\"og:image\" content=\"https:\/\/www.sariki.es\/wp-content\/uploads\/2019\/07\/icono-portada-header.png\" \/>\n<meta name=\"twitter:card\" content=\"summary_large_image\" \/>\n<meta name=\"twitter:site\" content=\"@sarikisa\" \/>\n<meta name=\"twitter:label1\" content=\"Tempo estimado de leitura\" \/>\n\t<meta name=\"twitter:data1\" content=\"4 minutos\" \/>\n<script type=\"application\/ld+json\" class=\"yoast-schema-graph\">{\"@context\":\"https:\/\/schema.org\",\"@graph\":[{\"@type\":\"WebPage\",\"@id\":\"https:\/\/www.sariki.es\/pt-pt\/equipamentos-de-medicao\/digitalizacao-3d\/scanner-laser-3d\/scanner-3d-am-cell-c\/\",\"url\":\"https:\/\/www.sariki.es\/pt-pt\/equipamentos-de-medicao\/digitalizacao-3d\/scanner-laser-3d\/scanner-3d-am-cell-c\/\",\"name\":\"Scanner 3D AM-CELL C - Sariki - Metrolog\u00eda industrial\",\"isPartOf\":{\"@id\":\"https:\/\/www.sariki.es\/pt-pt\/#website\"},\"primaryImageOfPage\":{\"@id\":\"https:\/\/www.sariki.es\/pt-pt\/equipamentos-de-medicao\/digitalizacao-3d\/scanner-laser-3d\/scanner-3d-am-cell-c\/#primaryimage\"},\"image\":{\"@id\":\"https:\/\/www.sariki.es\/pt-pt\/equipamentos-de-medicao\/digitalizacao-3d\/scanner-laser-3d\/scanner-3d-am-cell-c\/#primaryimage\"},\"thumbnailUrl\":\"https:\/\/www.sariki.es\/wp-content\/uploads\/2019\/07\/icono-portada-header.png\",\"datePublished\":\"2025-03-25T13:51:37+00:00\",\"dateModified\":\"2026-02-12T14:29:03+00:00\",\"description\":\"O scanner AM-CELL C 3D \u00e9 um sistema automatizado de medi\u00e7\u00e3o \u00f3tica 3D - Para pe\u00e7as m\u00e9dias a grandes. Para mais informa\u00e7\u00f5es, consulte a ficha de produto.\",\"breadcrumb\":{\"@id\":\"https:\/\/www.sariki.es\/pt-pt\/equipamentos-de-medicao\/digitalizacao-3d\/scanner-laser-3d\/scanner-3d-am-cell-c\/#breadcrumb\"},\"inLanguage\":\"pt-PT\",\"potentialAction\":[{\"@type\":\"ReadAction\",\"target\":[\"https:\/\/www.sariki.es\/pt-pt\/equipamentos-de-medicao\/digitalizacao-3d\/scanner-laser-3d\/scanner-3d-am-cell-c\/\"]}]},{\"@type\":\"ImageObject\",\"inLanguage\":\"pt-PT\",\"@id\":\"https:\/\/www.sariki.es\/pt-pt\/equipamentos-de-medicao\/digitalizacao-3d\/scanner-laser-3d\/scanner-3d-am-cell-c\/#primaryimage\",\"url\":\"https:\/\/www.sariki.es\/wp-content\/uploads\/2019\/07\/icono-portada-header.png\",\"contentUrl\":\"https:\/\/www.sariki.es\/wp-content\/uploads\/2019\/07\/icono-portada-header.png\"},{\"@type\":\"BreadcrumbList\",\"@id\":\"https:\/\/www.sariki.es\/pt-pt\/equipamentos-de-medicao\/digitalizacao-3d\/scanner-laser-3d\/scanner-3d-am-cell-c\/#breadcrumb\",\"itemListElement\":[{\"@type\":\"ListItem\",\"position\":1,\"name\":\"Inicio\",\"item\":\"https:\/\/www.sariki.es\/pt-pt\/\"},{\"@type\":\"ListItem\",\"position\":2,\"name\":\"Equipamentos de medi\u00e7\u00e3o\",\"item\":\"https:\/\/www.sariki.es\/pt-pt\/equipamentos-de-medicao\/\"},{\"@type\":\"ListItem\",\"position\":3,\"name\":\"Digitaliza\u00e7\u00e3o 3D\",\"item\":\"https:\/\/www.sariki.es\/pt-pt\/equipamentos-de-medicao\/digitalizacao-3d\/\"},{\"@type\":\"ListItem\",\"position\":4,\"name\":\"Scanner laser 3D\",\"item\":\"https:\/\/www.sariki.es\/pt-pt\/equipamentos-de-medicao\/digitalizacao-3d\/scanner-laser-3d\/\"},{\"@type\":\"ListItem\",\"position\":5,\"name\":\"Scanner 3D AM-CELL C\"}]},{\"@type\":\"WebSite\",\"@id\":\"https:\/\/www.sariki.es\/pt-pt\/#website\",\"url\":\"https:\/\/www.sariki.es\/pt-pt\/\",\"name\":\"Sariki - Metrolog\u00eda industrial\",\"description\":\"Metrolog\u00eda industrial en Gipuzkoa\",\"publisher\":{\"@id\":\"https:\/\/www.sariki.es\/pt-pt\/#organization\"},\"potentialAction\":[{\"@type\":\"SearchAction\",\"target\":{\"@type\":\"EntryPoint\",\"urlTemplate\":\"https:\/\/www.sariki.es\/pt-pt\/?s={search_term_string}\"},\"query-input\":{\"@type\":\"PropertyValueSpecification\",\"valueRequired\":true,\"valueName\":\"search_term_string\"}}],\"inLanguage\":\"pt-PT\"},{\"@type\":\"Organization\",\"@id\":\"https:\/\/www.sariki.es\/pt-pt\/#organization\",\"name\":\"Sariki - Soluciones de metrolog\u00eda\",\"url\":\"https:\/\/www.sariki.es\/pt-pt\/\",\"logo\":{\"@type\":\"ImageObject\",\"inLanguage\":\"pt-PT\",\"@id\":\"https:\/\/www.sariki.es\/pt-pt\/#\/schema\/logo\/image\/\",\"url\":\"\",\"contentUrl\":\"\",\"caption\":\"Sariki - Soluciones de metrolog\u00eda\"},\"image\":{\"@id\":\"https:\/\/www.sariki.es\/pt-pt\/#\/schema\/logo\/image\/\"},\"sameAs\":[\"https:\/\/www.facebook.com\/MetrologiaSariki\",\"https:\/\/x.com\/sarikisa\"]}]}<\/script>\n<!-- \/ Yoast SEO Premium plugin. -->","yoast_head_json":{"title":"Scanner 3D AM-CELL C - Sariki - Metrolog\u00eda industrial","description":"O scanner AM-CELL C 3D \u00e9 um sistema automatizado de medi\u00e7\u00e3o \u00f3tica 3D - Para pe\u00e7as m\u00e9dias a grandes. Para mais informa\u00e7\u00f5es, consulte a ficha de produto.","robots":{"index":"index","follow":"follow","max-snippet":"max-snippet:-1","max-image-preview":"max-image-preview:large","max-video-preview":"max-video-preview:-1"},"canonical":"https:\/\/www.sariki.es\/pt-pt\/equipamentos-de-medicao\/digitalizacao-3d\/scanner-laser-3d\/scanner-3d-am-cell-c\/","og_locale":"pt_PT","og_type":"article","og_title":"Scanner 3D AM-CELL C","og_description":"O scanner AM-CELL C 3D \u00e9 um sistema automatizado de medi\u00e7\u00e3o \u00f3tica 3D - Para pe\u00e7as m\u00e9dias a grandes. Para mais informa\u00e7\u00f5es, consulte a ficha de produto.","og_url":"https:\/\/www.sariki.es\/pt-pt\/equipamentos-de-medicao\/digitalizacao-3d\/scanner-laser-3d\/scanner-3d-am-cell-c\/","og_site_name":"Sariki - Metrolog\u00eda industrial","article_publisher":"https:\/\/www.facebook.com\/MetrologiaSariki","article_modified_time":"2026-02-12T14:29:03+00:00","og_image":[{"url":"https:\/\/www.sariki.es\/wp-content\/uploads\/2019\/07\/icono-portada-header.png","type":"","width":"","height":""}],"twitter_card":"summary_large_image","twitter_site":"@sarikisa","twitter_misc":{"Tempo estimado de leitura":"4 minutos"},"schema":{"@context":"https:\/\/schema.org","@graph":[{"@type":"WebPage","@id":"https:\/\/www.sariki.es\/pt-pt\/equipamentos-de-medicao\/digitalizacao-3d\/scanner-laser-3d\/scanner-3d-am-cell-c\/","url":"https:\/\/www.sariki.es\/pt-pt\/equipamentos-de-medicao\/digitalizacao-3d\/scanner-laser-3d\/scanner-3d-am-cell-c\/","name":"Scanner 3D AM-CELL C - Sariki - Metrolog\u00eda industrial","isPartOf":{"@id":"https:\/\/www.sariki.es\/pt-pt\/#website"},"primaryImageOfPage":{"@id":"https:\/\/www.sariki.es\/pt-pt\/equipamentos-de-medicao\/digitalizacao-3d\/scanner-laser-3d\/scanner-3d-am-cell-c\/#primaryimage"},"image":{"@id":"https:\/\/www.sariki.es\/pt-pt\/equipamentos-de-medicao\/digitalizacao-3d\/scanner-laser-3d\/scanner-3d-am-cell-c\/#primaryimage"},"thumbnailUrl":"https:\/\/www.sariki.es\/wp-content\/uploads\/2019\/07\/icono-portada-header.png","datePublished":"2025-03-25T13:51:37+00:00","dateModified":"2026-02-12T14:29:03+00:00","description":"O scanner AM-CELL C 3D \u00e9 um sistema automatizado de medi\u00e7\u00e3o \u00f3tica 3D - Para pe\u00e7as m\u00e9dias a grandes. Para mais informa\u00e7\u00f5es, consulte a ficha de produto.","breadcrumb":{"@id":"https:\/\/www.sariki.es\/pt-pt\/equipamentos-de-medicao\/digitalizacao-3d\/scanner-laser-3d\/scanner-3d-am-cell-c\/#breadcrumb"},"inLanguage":"pt-PT","potentialAction":[{"@type":"ReadAction","target":["https:\/\/www.sariki.es\/pt-pt\/equipamentos-de-medicao\/digitalizacao-3d\/scanner-laser-3d\/scanner-3d-am-cell-c\/"]}]},{"@type":"ImageObject","inLanguage":"pt-PT","@id":"https:\/\/www.sariki.es\/pt-pt\/equipamentos-de-medicao\/digitalizacao-3d\/scanner-laser-3d\/scanner-3d-am-cell-c\/#primaryimage","url":"https:\/\/www.sariki.es\/wp-content\/uploads\/2019\/07\/icono-portada-header.png","contentUrl":"https:\/\/www.sariki.es\/wp-content\/uploads\/2019\/07\/icono-portada-header.png"},{"@type":"BreadcrumbList","@id":"https:\/\/www.sariki.es\/pt-pt\/equipamentos-de-medicao\/digitalizacao-3d\/scanner-laser-3d\/scanner-3d-am-cell-c\/#breadcrumb","itemListElement":[{"@type":"ListItem","position":1,"name":"Inicio","item":"https:\/\/www.sariki.es\/pt-pt\/"},{"@type":"ListItem","position":2,"name":"Equipamentos de medi\u00e7\u00e3o","item":"https:\/\/www.sariki.es\/pt-pt\/equipamentos-de-medicao\/"},{"@type":"ListItem","position":3,"name":"Digitaliza\u00e7\u00e3o 3D","item":"https:\/\/www.sariki.es\/pt-pt\/equipamentos-de-medicao\/digitalizacao-3d\/"},{"@type":"ListItem","position":4,"name":"Scanner laser 3D","item":"https:\/\/www.sariki.es\/pt-pt\/equipamentos-de-medicao\/digitalizacao-3d\/scanner-laser-3d\/"},{"@type":"ListItem","position":5,"name":"Scanner 3D AM-CELL C"}]},{"@type":"WebSite","@id":"https:\/\/www.sariki.es\/pt-pt\/#website","url":"https:\/\/www.sariki.es\/pt-pt\/","name":"Sariki - Metrolog\u00eda industrial","description":"Metrolog\u00eda industrial en Gipuzkoa","publisher":{"@id":"https:\/\/www.sariki.es\/pt-pt\/#organization"},"potentialAction":[{"@type":"SearchAction","target":{"@type":"EntryPoint","urlTemplate":"https:\/\/www.sariki.es\/pt-pt\/?s={search_term_string}"},"query-input":{"@type":"PropertyValueSpecification","valueRequired":true,"valueName":"search_term_string"}}],"inLanguage":"pt-PT"},{"@type":"Organization","@id":"https:\/\/www.sariki.es\/pt-pt\/#organization","name":"Sariki - Soluciones de metrolog\u00eda","url":"https:\/\/www.sariki.es\/pt-pt\/","logo":{"@type":"ImageObject","inLanguage":"pt-PT","@id":"https:\/\/www.sariki.es\/pt-pt\/#\/schema\/logo\/image\/","url":"","contentUrl":"","caption":"Sariki - Soluciones de metrolog\u00eda"},"image":{"@id":"https:\/\/www.sariki.es\/pt-pt\/#\/schema\/logo\/image\/"},"sameAs":["https:\/\/www.facebook.com\/MetrologiaSariki","https:\/\/x.com\/sarikisa"]}]}},"_links":{"self":[{"href":"https:\/\/www.sariki.es\/pt-pt\/wp-json\/wp\/v2\/pages\/24182","targetHints":{"allow":["GET"]}}],"collection":[{"href":"https:\/\/www.sariki.es\/pt-pt\/wp-json\/wp\/v2\/pages"}],"about":[{"href":"https:\/\/www.sariki.es\/pt-pt\/wp-json\/wp\/v2\/types\/page"}],"author":[{"embeddable":true,"href":"https:\/\/www.sariki.es\/pt-pt\/wp-json\/wp\/v2\/users\/6"}],"replies":[{"embeddable":true,"href":"https:\/\/www.sariki.es\/pt-pt\/wp-json\/wp\/v2\/comments?post=24182"}],"version-history":[{"count":2,"href":"https:\/\/www.sariki.es\/pt-pt\/wp-json\/wp\/v2\/pages\/24182\/revisions"}],"predecessor-version":[{"id":25168,"href":"https:\/\/www.sariki.es\/pt-pt\/wp-json\/wp\/v2\/pages\/24182\/revisions\/25168"}],"up":[{"embeddable":true,"href":"https:\/\/www.sariki.es\/pt-pt\/wp-json\/wp\/v2\/pages\/24186"}],"wp:attachment":[{"href":"https:\/\/www.sariki.es\/pt-pt\/wp-json\/wp\/v2\/media?parent=24182"}],"curies":[{"name":"wp","href":"https:\/\/api.w.org\/{rel}","templated":true}]}}