{"id":24068,"date":"2025-03-21T09:24:13","date_gmt":"2025-03-21T08:24:13","guid":{"rendered":"https:\/\/www.sariki.es\/digitalizacao-3d-em-processo\/"},"modified":"2025-04-03T08:22:03","modified_gmt":"2025-04-03T06:22:03","slug":"digitalizacao-3d-em-processo","status":"publish","type":"page","link":"https:\/\/www.sariki.es\/pt-pt\/equipamentos-de-medicao\/digitalizacao-3d-em-processo\/","title":{"rendered":"Digitaliza\u00e7\u00e3o 3D em processo"},"content":{"rendered":"\n\n\t\t<h1>\n\t\t\tDigitaliza\u00e7\u00e3o 3D em l\u00ednha\n\t\t<\/h1>\n\t<p>Propomos uma solu\u00e7\u00e3o para a digitaliza\u00e7\u00e3o 3D em processo, realizando <strong>controlo de qualidade sem contacto r\u00e1pido e eficiente para o teu processo productivo<\/strong>, mediante a tecnolog\u00eda de luz estructurada.<\/p>\n<p><strong>Uma solu\u00e7\u00e3o orientada a satisfazer as exig\u00eancias do sector de automa\u00e7\u00e3o principalmente,<\/strong> <strong>mas tamb\u00e9m com aplica\u00e7\u00e3o no sector aeron\u00e1utico.<\/strong><\/p>\n\t\t\t\t\t\t\t<img loading=\"lazy\" decoding=\"async\" src=\"https:\/\/www.sariki.es\/wp-content\/uploads\/2019\/07\/icono-portada-header.png\" alt=\"icono-portada-header\" width=\"42\" height=\"55\" \/>\n\t\t<h4>Solu\u00e7\u00e3o desenvolvida por Sariki<\/h4>\n\t\t\t\t\t\t\t\t\t<img loading=\"lazy\" decoding=\"async\" src=\"https:\/\/www.sariki.es\/wp-content\/uploads\/2019\/10\/digitalizado-3d-en-linea-control-produccion.jpg\" alt=\"digitalizado-3d-en-linea-control-produccion\" itemprop=\"image\" height=\"438\" width=\"620\" srcset=\"https:\/\/www.sariki.es\/wp-content\/uploads\/2019\/10\/digitalizado-3d-en-linea-control-produccion.jpg 620w, https:\/\/www.sariki.es\/wp-content\/uploads\/2019\/10\/digitalizado-3d-en-linea-control-produccion-300x212.jpg 300w\" sizes=\"auto, (max-width: 620px) 100vw, 620px\" title=\"digitalizado-3d-en-linea-control-produccion\" onerror=\"this.style.display='none'\"  \/>\n\t\t<h2>\n\t\t\tTecnolog\u00eda de digitaliza\u00e7\u00e3o 3D em l\u00ednha\n\t\t<\/h2>\n\t<p>A medi\u00e7\u00e3o e verifica\u00e7\u00e3o \u00e9 um aspecto chave que garante o salto qualitativo a niveis de productividade e competitividade, \u00e9 por isso que <strong>a integra\u00e7\u00e3o da metrolog\u00eda em processo de produc\u00e7\u00e3o \u00e9 cada vez mais necess\u00e1ria sobretudo em sectores t\u00e3o exigentes como automa\u00e7\u00e3o e aeron\u00e1utica.<\/strong><\/p>\n\t<p><strong>Para os fabricantes \u00e9 imprescindivel ter informa\u00e7\u00e3o precisa para a tomada de decis\u00f5es<\/strong>, e os requisitos de medir cada vez mais unidades est\u00e3o impulsionando a <strong>verifica\u00e7\u00e3o de 100% da produ\u00e7\u00e3o.<\/strong><\/p>\n\t<p><strong>Para cobrir estas necessidades, os tempos de ciclo t\u00eam que diminuir significativamente<\/strong>, e aa solu\u00e7\u00e3o \u00e9 a digitaliza\u00e7\u00e3o completa da pe\u00e7a dentro da processo de produ\u00e7\u00e3o mediante a luz estructurada. Medindo em qualquer posi\u00e7\u00e3o, capturando nuvens de pontos tanto para a inspe\u00e7\u00e3o dimensional como para engenharia inversa.<\/p>\n\t<p><strong>Os controlos de qualidade sem contacto capturam informa\u00e7\u00e3o de qualidade detalhada f\u00e1cilmente interpretavel com tempos de medi\u00e7\u00e3o mais curtos. <\/strong> Desta forma, poder\u00e1s mover o controlo dimensional \u00e0 \u00e1rea de produ\u00e7\u00e3o, sem a necessidade de capacita\u00e7\u00e3o avan\u00e7ada para todos os utilizadores da planta.<\/p>\n\t\t\t\t\t\t\t\t\t<img loading=\"lazy\" decoding=\"async\" src=\"https:\/\/www.sariki.es\/wp-content\/uploads\/2019\/10\/digitalizado-3d-robotizado.jpg\" alt=\"digitalizado-3d-robotizado\" itemprop=\"image\" height=\"349\" width=\"620\" srcset=\"https:\/\/www.sariki.es\/wp-content\/uploads\/2019\/10\/digitalizado-3d-robotizado.jpg 620w, https:\/\/www.sariki.es\/wp-content\/uploads\/2019\/10\/digitalizado-3d-robotizado-300x169.jpg 300w\" sizes=\"auto, (max-width: 620px) 100vw, 620px\" title=\"digitalizado-3d-robotizado\" onerror=\"this.style.display='none'\"  \/>\n\t\t\t\t\t\t\t\t\t<img loading=\"lazy\" decoding=\"async\" src=\"https:\/\/www.sariki.es\/wp-content\/uploads\/2019\/10\/escaner-3d-robotizado.jpg\" alt=\"escaner-3d-robotizado\" itemprop=\"image\" height=\"459\" width=\"620\" srcset=\"https:\/\/www.sariki.es\/wp-content\/uploads\/2019\/10\/escaner-3d-robotizado.jpg 620w, https:\/\/www.sariki.es\/wp-content\/uploads\/2019\/10\/escaner-3d-robotizado-300x222.jpg 300w\" sizes=\"auto, (max-width: 620px) 100vw, 620px\" title=\"escaner-3d-robotizado\" onerror=\"this.style.display='none'\"  \/>\n\t\t<h2>\n\t\t\tBenef\u00edcios\n\t\t<\/h2>\n\t\t\t\t\t\t\t<img loading=\"lazy\" decoding=\"async\" src=\"https:\/\/www.sariki.es\/wp-content\/uploads\/2019\/08\/icono-estrella.png\" alt=\"mapvision beneficios\" width=\"43\" height=\"39\" \/>\n\t\t\n\t\t\t<p>Obter em tempo real o controlo e feedback<\/p>\t\t\n\t\t\t\t\t\t\t<img loading=\"lazy\" decoding=\"async\" src=\"https:\/\/www.sariki.es\/wp-content\/uploads\/2019\/08\/icono-estrella.png\" alt=\"mapvision beneficios\" width=\"43\" height=\"39\" \/>\n\t\t\n\t\t\t<p>Diminuir o n\u00famero de repeti\u00e7\u00f5es<\/p>\t\t\n\t\t\t\t\t\t\t<img loading=\"lazy\" decoding=\"async\" src=\"https:\/\/www.sariki.es\/wp-content\/uploads\/2019\/08\/icono-estrella.png\" alt=\"mapvision beneficios\" width=\"43\" height=\"39\" \/>\n\t\t\n\t\t\t<p>Redesenhar com base em dados puros e dimens\u00f5es com tra\u00e7abilidade<\/p>\t\t\n\t\t\t\t\t\t\t<img loading=\"lazy\" decoding=\"async\" src=\"https:\/\/www.sariki.es\/wp-content\/uploads\/2019\/08\/icono-estrella.png\" alt=\"mapvision beneficios\" width=\"43\" height=\"39\" \/>\n\t\t\n\t\t\t<p>Tomar decis\u00f5es \u00e0 velocidade que a produ\u00e7\u00e3o exige<\/p>\t\t\n\t\t\t\t\t\t\t<img loading=\"lazy\" decoding=\"async\" src=\"https:\/\/www.sariki.es\/wp-content\/uploads\/2019\/08\/icono-estrella.png\" alt=\"mapvision beneficios\" width=\"43\" height=\"39\" \/>\n\t\t\n\t\t\t<p>Reduzir custos e vencimentos ajustados<\/p>\t\t\n\t\t\t\t\t\t\t<img loading=\"lazy\" decoding=\"async\" src=\"https:\/\/www.sariki.es\/wp-content\/uploads\/2019\/08\/icono-estrella.png\" alt=\"mapvision beneficios\" width=\"43\" height=\"39\" \/>\n\t\t\n\t\t\t<p>Reduzir o desperd\u00edcio em caso de correc\u00e7\u00e3o de erros<\/p>\t\t\n\t\t\t\t\t\t\t<img loading=\"lazy\" decoding=\"async\" src=\"https:\/\/www.sariki.es\/wp-content\/uploads\/2019\/08\/icono-estrella.png\" alt=\"mapvision beneficios\" width=\"43\" height=\"39\" \/>\n\t\t\n\t\t\t<p>Melhorar a productividade ao mudar o controlo de qualidade \u00e0 planta<\/p>\t\t\n\t\t\t\t\t\t\t<img loading=\"lazy\" decoding=\"async\" src=\"https:\/\/www.sariki.es\/wp-content\/uploads\/2019\/08\/icono-estrella.png\" alt=\"mapvision beneficios\" width=\"43\" height=\"39\" \/>\n\t\t\n\t\t\t<p>Obter um conjunto de dados de 100% da pe\u00e7a, con mais quantidade de informa\u00e7\u00e3o<\/p>\t\t\n\t\t\t\t\t\t\t<img loading=\"lazy\" decoding=\"async\" src=\"https:\/\/www.sariki.es\/wp-content\/uploads\/2019\/08\/icono-estrella.png\" alt=\"mapvision beneficios\" width=\"43\" height=\"39\" \/>\n\t\t\n\t\t\t<p>Comparar as medi\u00e7\u00f5es directamente com as refer\u00eancias, como obter as varia\u00e7\u00f5es gr\u00e1ficas<\/p>\t\t\n\t\t<h3>\n\t\t\tProjeto integral adequado \u00e0s suas necessidades\n\t\t<\/h3>\n\t<p>Dispomos de uma solu\u00e7\u00e3o integral adequada \u00e0s suas necessidades. A experi\u00eancia diz-nos que a colabora\u00e7\u00e3o com o cliente \u00e9 a base do \u00eaxito deste tipo de projetos e por esse motivo, desde o inicio <strong>trabalhamos conjuntamente para identificar quais s\u00e3o os requerimentos principais por forma a propor a melhor solu\u00e7\u00e3o.<\/strong><\/p>\n<p>Acompanhamos-te ao longo de toda a vida do projeto: defini\u00e7\u00e3o do projeto, instala\u00e7\u00e3o, forma\u00e7\u00e3o, programa\u00e7\u00e3o, suporte ao utilizador e assist\u00eancia t\u00e9cnica. <strong>A Sariki est\u00e1 formada por uma equipa de 60 pessoas altamente especializadas e com mais de 35 anos de experi\u00eancia no sector da metrologia.<\/strong><\/p>\n\t\t<h4>Acompanhamos ao longo de todo o ciclo de vida do projeto<\/h4>\n\t\t\t\t\t\t<a href=\"https:\/\/www.sariki.es\/pt-pt\/pretendo-informacoes\/\" target=\"_self\" aria-label=\"\">\n\t\t\t\t\t\t\t<img loading=\"lazy\" decoding=\"async\" src=\"https:\/\/www.sariki.es\/wp-content\/uploads\/2019\/09\/quiero-asesoramiento-icono.png\" alt=\"quiero-asesoramiento-icono\" width=\"201\" height=\"201\" \/>\n\t\t\t\t\t\t<\/a>\n\t\t\n\t\t\t\t<a href=\"https:\/\/www.sariki.es\/pt-pt\/pretendo-informacoes\/\" role=\"button\" target=\"_self\">\n\t\t\t\t\t\t\t\t\t\tI want advise\t\t\t\t\t\t\t\t\t<\/a>\n\t\t<h2>\n\t\t\tConhece as nossas solu\u00e7\u00f5es de digitaliza\u00e7\u00e3o 3D em linha\n\t\t<\/h2>\n\t\t\t\t\t\t\t<img loading=\"lazy\" decoding=\"async\" src=\"https:\/\/www.sariki.es\/wp-content\/uploads\/2019\/10\/metrologia-soluciones-inspeccion-1.jpg\" alt=\"metrologia-soluciones-inspeccion-1\" width=\"400\" height=\"280\" \/>\n\t\t\n\t\t\t<p>Solu\u00e7\u00e3o robotizada de luz estructurada para inspe\u00e7\u00e3o em processo<\/p>\t\t\n\t\t\t<a href=\"https:\/\/www.sariki.es\/pt-pt\/equipamentos-de-medicao\/sk-cell\/\" title=\"Click Here\" target=\"_self\"   role=\"button\" aria-label=\"SK\/cell\">\n\t\t\t\t\t\t\tSK\/cell\n\t\t<\/a>\n\t\t\t\t\t\t\t<img loading=\"lazy\" decoding=\"async\" src=\"https:\/\/www.sariki.es\/wp-content\/uploads\/2020\/03\/CMRobot-digitalizado-3d-con-robot-1.jpg\" alt=\"CMRobot-digitalizado-3d-con-robot\" width=\"620\" height=\"424\" \/>\n\t\t\n\t\t\t<p>Solu\u00e7\u00e3o robotizada de scaner laser para inspe\u00e7\u00e3o em processo<\/p>\t\t\n\t\t\t<a href=\"https:\/\/www.sariki.es\/pt-pt\/equipamentos-de-medicao\/cmrobot\/\" title=\"Click Here\" target=\"_self\"   role=\"button\" aria-label=\"CMRobot\">\n\t\t\t\t\t\t\tCMRobot\n\t\t<\/a>\n\t\t<h2>\n\t\t\t\u00bfNecessitas de mais informa\u00e7\u00e3o?\n\t\t<\/h2>\n\n","protected":false},"excerpt":{"rendered":"<p>Digitaliza\u00e7\u00e3o 3D em l\u00ednha Propomos uma solu\u00e7\u00e3o para a digitaliza\u00e7\u00e3o 3D em processo, realizando controlo de qualidade sem contacto r\u00e1pido e eficiente para o teu processo productivo, mediante a tecnolog\u00eda de luz estructurada. Uma solu\u00e7\u00e3o orientada a satisfazer as exig\u00eancias do sector de automa\u00e7\u00e3o principalmente, mas tamb\u00e9m com aplica\u00e7\u00e3o no sector aeron\u00e1utico. Solu\u00e7\u00e3o desenvolvida por&hellip;<\/p>\n","protected":false},"author":1,"featured_media":0,"parent":24207,"menu_order":0,"comment_status":"closed","ping_status":"closed","template":"","meta":{"footnotes":""},"class_list":["post-24068","page","type-page","status-publish","hentry"],"yoast_head":"<!-- This site is optimized with the Yoast SEO Premium plugin v24.6 (Yoast SEO v24.6) - https:\/\/yoast.com\/wordpress\/plugins\/seo\/ -->\n<title>Sariki - Metrolog\u00eda industrial - Digitaliza\u00e7\u00e3o 3D em processo<\/title>\n<meta name=\"description\" content=\"Oferecemos-lhe uma solu\u00e7\u00e3o para digitaliza\u00e7\u00e3o 3D em linha, realizando um controlo de qualidade sem contacto r\u00e1pido e eficiente para o seu processo de produ\u00e7\u00e3o.\" \/>\n<meta name=\"robots\" content=\"index, follow, max-snippet:-1, max-image-preview:large, max-video-preview:-1\" \/>\n<link rel=\"canonical\" href=\"https:\/\/www.sariki.es\/pt-pt\/equipamentos-de-medicao\/digitalizacao-3d-em-processo\/\" \/>\n<meta property=\"og:locale\" content=\"pt_PT\" \/>\n<meta property=\"og:type\" content=\"article\" \/>\n<meta property=\"og:title\" content=\"Digitaliza\u00e7\u00e3o 3D em processo\" \/>\n<meta property=\"og:description\" content=\"Oferecemos-lhe uma solu\u00e7\u00e3o para digitaliza\u00e7\u00e3o 3D em linha, realizando um controlo de qualidade sem contacto r\u00e1pido e eficiente para o seu processo de produ\u00e7\u00e3o.\" \/>\n<meta property=\"og:url\" content=\"https:\/\/www.sariki.es\/pt-pt\/equipamentos-de-medicao\/digitalizacao-3d-em-processo\/\" \/>\n<meta property=\"og:site_name\" content=\"Sariki - Metrolog\u00eda industrial\" \/>\n<meta property=\"article:publisher\" content=\"https:\/\/www.facebook.com\/MetrologiaSariki\" \/>\n<meta property=\"article:modified_time\" content=\"2025-04-03T06:22:03+00:00\" \/>\n<meta property=\"og:image\" content=\"https:\/\/www.sariki.es\/wp-content\/uploads\/2019\/07\/icono-portada-header.png\" \/>\n<meta name=\"twitter:card\" content=\"summary_large_image\" \/>\n<meta name=\"twitter:site\" content=\"@sarikisa\" \/>\n<meta name=\"twitter:label1\" content=\"Tempo estimado de leitura\" \/>\n\t<meta name=\"twitter:data1\" content=\"3 minutos\" \/>\n<script type=\"application\/ld+json\" class=\"yoast-schema-graph\">{\"@context\":\"https:\/\/schema.org\",\"@graph\":[{\"@type\":\"WebPage\",\"@id\":\"https:\/\/www.sariki.es\/pt-pt\/equipamentos-de-medicao\/digitalizacao-3d-em-processo\/\",\"url\":\"https:\/\/www.sariki.es\/pt-pt\/equipamentos-de-medicao\/digitalizacao-3d-em-processo\/\",\"name\":\"Sariki - Metrolog\u00eda industrial - Digitaliza\u00e7\u00e3o 3D em processo\",\"isPartOf\":{\"@id\":\"https:\/\/www.sariki.es\/pt-pt\/#website\"},\"primaryImageOfPage\":{\"@id\":\"https:\/\/www.sariki.es\/pt-pt\/equipamentos-de-medicao\/digitalizacao-3d-em-processo\/#primaryimage\"},\"image\":{\"@id\":\"https:\/\/www.sariki.es\/pt-pt\/equipamentos-de-medicao\/digitalizacao-3d-em-processo\/#primaryimage\"},\"thumbnailUrl\":\"https:\/\/www.sariki.es\/wp-content\/uploads\/2019\/07\/icono-portada-header.png\",\"datePublished\":\"2025-03-21T08:24:13+00:00\",\"dateModified\":\"2025-04-03T06:22:03+00:00\",\"description\":\"Oferecemos-lhe uma solu\u00e7\u00e3o para digitaliza\u00e7\u00e3o 3D em linha, realizando um controlo de qualidade sem contacto r\u00e1pido e eficiente para o seu processo de produ\u00e7\u00e3o.\",\"breadcrumb\":{\"@id\":\"https:\/\/www.sariki.es\/pt-pt\/equipamentos-de-medicao\/digitalizacao-3d-em-processo\/#breadcrumb\"},\"inLanguage\":\"pt-PT\",\"potentialAction\":[{\"@type\":\"ReadAction\",\"target\":[\"https:\/\/www.sariki.es\/pt-pt\/equipamentos-de-medicao\/digitalizacao-3d-em-processo\/\"]}]},{\"@type\":\"ImageObject\",\"inLanguage\":\"pt-PT\",\"@id\":\"https:\/\/www.sariki.es\/pt-pt\/equipamentos-de-medicao\/digitalizacao-3d-em-processo\/#primaryimage\",\"url\":\"https:\/\/www.sariki.es\/wp-content\/uploads\/2019\/07\/icono-portada-header.png\",\"contentUrl\":\"https:\/\/www.sariki.es\/wp-content\/uploads\/2019\/07\/icono-portada-header.png\"},{\"@type\":\"BreadcrumbList\",\"@id\":\"https:\/\/www.sariki.es\/pt-pt\/equipamentos-de-medicao\/digitalizacao-3d-em-processo\/#breadcrumb\",\"itemListElement\":[{\"@type\":\"ListItem\",\"position\":1,\"name\":\"Inicio\",\"item\":\"https:\/\/www.sariki.es\/pt-pt\/\"},{\"@type\":\"ListItem\",\"position\":2,\"name\":\"Equipamentos de medi\u00e7\u00e3o\",\"item\":\"https:\/\/www.sariki.es\/pt-pt\/equipamentos-de-medicao\/\"},{\"@type\":\"ListItem\",\"position\":3,\"name\":\"Digitaliza\u00e7\u00e3o 3D em processo\"}]},{\"@type\":\"WebSite\",\"@id\":\"https:\/\/www.sariki.es\/pt-pt\/#website\",\"url\":\"https:\/\/www.sariki.es\/pt-pt\/\",\"name\":\"Sariki - Metrolog\u00eda industrial\",\"description\":\"Metrolog\u00eda industrial en Gipuzkoa\",\"publisher\":{\"@id\":\"https:\/\/www.sariki.es\/pt-pt\/#organization\"},\"potentialAction\":[{\"@type\":\"SearchAction\",\"target\":{\"@type\":\"EntryPoint\",\"urlTemplate\":\"https:\/\/www.sariki.es\/pt-pt\/?s={search_term_string}\"},\"query-input\":{\"@type\":\"PropertyValueSpecification\",\"valueRequired\":true,\"valueName\":\"search_term_string\"}}],\"inLanguage\":\"pt-PT\"},{\"@type\":\"Organization\",\"@id\":\"https:\/\/www.sariki.es\/pt-pt\/#organization\",\"name\":\"Sariki - Soluciones de metrolog\u00eda\",\"url\":\"https:\/\/www.sariki.es\/pt-pt\/\",\"logo\":{\"@type\":\"ImageObject\",\"inLanguage\":\"pt-PT\",\"@id\":\"https:\/\/www.sariki.es\/pt-pt\/#\/schema\/logo\/image\/\",\"url\":\"\",\"contentUrl\":\"\",\"caption\":\"Sariki - Soluciones de metrolog\u00eda\"},\"image\":{\"@id\":\"https:\/\/www.sariki.es\/pt-pt\/#\/schema\/logo\/image\/\"},\"sameAs\":[\"https:\/\/www.facebook.com\/MetrologiaSariki\",\"https:\/\/x.com\/sarikisa\"]}]}<\/script>\n<!-- \/ Yoast SEO Premium plugin. -->","yoast_head_json":{"title":"Sariki - Metrolog\u00eda industrial - Digitaliza\u00e7\u00e3o 3D em processo","description":"Oferecemos-lhe uma solu\u00e7\u00e3o para digitaliza\u00e7\u00e3o 3D em linha, realizando um controlo de qualidade sem contacto r\u00e1pido e eficiente para o seu processo de produ\u00e7\u00e3o.","robots":{"index":"index","follow":"follow","max-snippet":"max-snippet:-1","max-image-preview":"max-image-preview:large","max-video-preview":"max-video-preview:-1"},"canonical":"https:\/\/www.sariki.es\/pt-pt\/equipamentos-de-medicao\/digitalizacao-3d-em-processo\/","og_locale":"pt_PT","og_type":"article","og_title":"Digitaliza\u00e7\u00e3o 3D em processo","og_description":"Oferecemos-lhe uma solu\u00e7\u00e3o para digitaliza\u00e7\u00e3o 3D em linha, realizando um controlo de qualidade sem contacto r\u00e1pido e eficiente para o seu processo de produ\u00e7\u00e3o.","og_url":"https:\/\/www.sariki.es\/pt-pt\/equipamentos-de-medicao\/digitalizacao-3d-em-processo\/","og_site_name":"Sariki - Metrolog\u00eda industrial","article_publisher":"https:\/\/www.facebook.com\/MetrologiaSariki","article_modified_time":"2025-04-03T06:22:03+00:00","og_image":[{"url":"https:\/\/www.sariki.es\/wp-content\/uploads\/2019\/07\/icono-portada-header.png","type":"","width":"","height":""}],"twitter_card":"summary_large_image","twitter_site":"@sarikisa","twitter_misc":{"Tempo estimado de leitura":"3 minutos"},"schema":{"@context":"https:\/\/schema.org","@graph":[{"@type":"WebPage","@id":"https:\/\/www.sariki.es\/pt-pt\/equipamentos-de-medicao\/digitalizacao-3d-em-processo\/","url":"https:\/\/www.sariki.es\/pt-pt\/equipamentos-de-medicao\/digitalizacao-3d-em-processo\/","name":"Sariki - Metrolog\u00eda industrial - Digitaliza\u00e7\u00e3o 3D em processo","isPartOf":{"@id":"https:\/\/www.sariki.es\/pt-pt\/#website"},"primaryImageOfPage":{"@id":"https:\/\/www.sariki.es\/pt-pt\/equipamentos-de-medicao\/digitalizacao-3d-em-processo\/#primaryimage"},"image":{"@id":"https:\/\/www.sariki.es\/pt-pt\/equipamentos-de-medicao\/digitalizacao-3d-em-processo\/#primaryimage"},"thumbnailUrl":"https:\/\/www.sariki.es\/wp-content\/uploads\/2019\/07\/icono-portada-header.png","datePublished":"2025-03-21T08:24:13+00:00","dateModified":"2025-04-03T06:22:03+00:00","description":"Oferecemos-lhe uma solu\u00e7\u00e3o para digitaliza\u00e7\u00e3o 3D em linha, realizando um controlo de qualidade sem contacto r\u00e1pido e eficiente para o seu processo de produ\u00e7\u00e3o.","breadcrumb":{"@id":"https:\/\/www.sariki.es\/pt-pt\/equipamentos-de-medicao\/digitalizacao-3d-em-processo\/#breadcrumb"},"inLanguage":"pt-PT","potentialAction":[{"@type":"ReadAction","target":["https:\/\/www.sariki.es\/pt-pt\/equipamentos-de-medicao\/digitalizacao-3d-em-processo\/"]}]},{"@type":"ImageObject","inLanguage":"pt-PT","@id":"https:\/\/www.sariki.es\/pt-pt\/equipamentos-de-medicao\/digitalizacao-3d-em-processo\/#primaryimage","url":"https:\/\/www.sariki.es\/wp-content\/uploads\/2019\/07\/icono-portada-header.png","contentUrl":"https:\/\/www.sariki.es\/wp-content\/uploads\/2019\/07\/icono-portada-header.png"},{"@type":"BreadcrumbList","@id":"https:\/\/www.sariki.es\/pt-pt\/equipamentos-de-medicao\/digitalizacao-3d-em-processo\/#breadcrumb","itemListElement":[{"@type":"ListItem","position":1,"name":"Inicio","item":"https:\/\/www.sariki.es\/pt-pt\/"},{"@type":"ListItem","position":2,"name":"Equipamentos de medi\u00e7\u00e3o","item":"https:\/\/www.sariki.es\/pt-pt\/equipamentos-de-medicao\/"},{"@type":"ListItem","position":3,"name":"Digitaliza\u00e7\u00e3o 3D em processo"}]},{"@type":"WebSite","@id":"https:\/\/www.sariki.es\/pt-pt\/#website","url":"https:\/\/www.sariki.es\/pt-pt\/","name":"Sariki - Metrolog\u00eda industrial","description":"Metrolog\u00eda industrial en Gipuzkoa","publisher":{"@id":"https:\/\/www.sariki.es\/pt-pt\/#organization"},"potentialAction":[{"@type":"SearchAction","target":{"@type":"EntryPoint","urlTemplate":"https:\/\/www.sariki.es\/pt-pt\/?s={search_term_string}"},"query-input":{"@type":"PropertyValueSpecification","valueRequired":true,"valueName":"search_term_string"}}],"inLanguage":"pt-PT"},{"@type":"Organization","@id":"https:\/\/www.sariki.es\/pt-pt\/#organization","name":"Sariki - Soluciones de metrolog\u00eda","url":"https:\/\/www.sariki.es\/pt-pt\/","logo":{"@type":"ImageObject","inLanguage":"pt-PT","@id":"https:\/\/www.sariki.es\/pt-pt\/#\/schema\/logo\/image\/","url":"","contentUrl":"","caption":"Sariki - Soluciones de metrolog\u00eda"},"image":{"@id":"https:\/\/www.sariki.es\/pt-pt\/#\/schema\/logo\/image\/"},"sameAs":["https:\/\/www.facebook.com\/MetrologiaSariki","https:\/\/x.com\/sarikisa"]}]}},"_links":{"self":[{"href":"https:\/\/www.sariki.es\/pt-pt\/wp-json\/wp\/v2\/pages\/24068","targetHints":{"allow":["GET"]}}],"collection":[{"href":"https:\/\/www.sariki.es\/pt-pt\/wp-json\/wp\/v2\/pages"}],"about":[{"href":"https:\/\/www.sariki.es\/pt-pt\/wp-json\/wp\/v2\/types\/page"}],"author":[{"embeddable":true,"href":"https:\/\/www.sariki.es\/pt-pt\/wp-json\/wp\/v2\/users\/1"}],"replies":[{"embeddable":true,"href":"https:\/\/www.sariki.es\/pt-pt\/wp-json\/wp\/v2\/comments?post=24068"}],"version-history":[{"count":2,"href":"https:\/\/www.sariki.es\/pt-pt\/wp-json\/wp\/v2\/pages\/24068\/revisions"}],"predecessor-version":[{"id":24682,"href":"https:\/\/www.sariki.es\/pt-pt\/wp-json\/wp\/v2\/pages\/24068\/revisions\/24682"}],"up":[{"embeddable":true,"href":"https:\/\/www.sariki.es\/pt-pt\/wp-json\/wp\/v2\/pages\/24207"}],"wp:attachment":[{"href":"https:\/\/www.sariki.es\/pt-pt\/wp-json\/wp\/v2\/media?parent=24068"}],"curies":[{"name":"wp","href":"https:\/\/api.w.org\/{rel}","templated":true}]}}