{"id":24055,"date":"2025-03-21T08:00:25","date_gmt":"2025-03-21T07:00:25","guid":{"rendered":"https:\/\/www.sariki.es\/spray-de-digitalizacao-3d\/"},"modified":"2025-04-03T08:45:30","modified_gmt":"2025-04-03T06:45:30","slug":"spray-de-digitalizacao-3d","status":"publish","type":"page","link":"https:\/\/www.sariki.es\/pt-pt\/equipamentos-de-medicao\/elementos-de-fixacao-perifericos-e-acessorios\/spray-de-digitalizacao-3d\/","title":{"rendered":"Spray de digitaliza\u00e7\u00e3o 3D"},"content":{"rendered":"\n\n\t\t<h1>\n\t\t\tSpray de digitaliza\u00e7\u00e3o 3D\n\t\t<\/h1>\n\t<p>O uso de spray na digitaliza\u00e7\u00e3o de pe\u00e7as em 3D ajuda a <strong>melhorar a qualidade e precis\u00e3o da digitaliza\u00e7\u00e3o<\/strong> assim como a <strong>poupar tempo<\/strong>.<\/p>\n\t\t\t\t\t\t\t<img loading=\"lazy\" decoding=\"async\" src=\"https:\/\/www.sariki.es\/wp-content\/uploads\/2019\/07\/icono-portada-header.png\" alt=\"icono-portada-header\" width=\"42\" height=\"55\" \/>\n\t\t<h4>A Sariki \u00e9 distribuidora oficial de ATTBLIME para Espanha e Portugal<\/h4>\n\t\t\t\t<img loading=\"lazy\" decoding=\"async\" src=\"https:\/\/www.sariki.es\/wp-content\/uploads\/2023\/04\/attblime-espray-digitalizado-3d-piezas.jpg\" alt=\"attblime-espray-digitalizado-3d-piezas\" itemprop=\"image\" height=\"398\" width=\"600\" title=\"attblime-espray-digitalizado-3d-piezas\" onerror=\"this.style.display='none'\"  \/>\n\t\t<h2>\n\t\t\tSolu\u00e7\u00e3o ideal para scannear as suas pe\u00e7as: Espray ATTBLIME\n\t\t<\/h2>\n\t\t\n\t\t\t<p>Melhorar a qualidade das suas digitaliza\u00e7\u00f5es \u00e9 poss\u00edvel com os aeross\u00f3is especificamente concebidos para o uso com os scanners de digitaliza\u00e7\u00e3o 3D.A sua utiliza\u00e7\u00e3o \u00e9 muito simples:<ol><li><strong>Prepara\u00e7\u00e3o da pe\u00e7a:<\/strong> A pe\u00e7a deve limpar-se para eliminar qualquer sujidade, p\u00f3 ou gordura que possa interferir com a qualidade do scanning.<\/li><li><strong>Aplica\u00e7\u00e3o do spray:<\/strong> Aplica-se uma capa fina de spray sobre a superf\u00edcie da pe\u00e7a que se pretende digitalizar. O tipo de spray utilizado depender\u00e1 do tipo de superf\u00edcie da pe\u00e7a e do tipo de scanner que se esteja a utilizar. Por exemplo, pode-se utilizar um spray de cor branco para superf\u00edcies escuras ou um spray de cor negro para superf\u00edcies claras.<\/li><li><strong>Digitaliza\u00e7\u00e3o da pe\u00e7a:<\/strong> Uma vez terminada a aplica\u00e7\u00e3o do spray, digitaliza-se a pe\u00e7a com um scanner 3D. O spray ajuda a que o scanner capture com maior precis\u00e3o os padr\u00f5es da luz estruturada ou a linha laser e a que as imagens sejam mais claras.<\/li><li><strong>P\u00f3s-processamento:<\/strong> Depois de digitalizar a pe\u00e7a, processam-se os dados capturados para gerar um modelo 3D. O modelo 3D pode-se editar e manipular num software de desenho 3D para realizar medi\u00e7\u00f5es, criar prot\u00f3tipos, etc.<\/li><\/ol><\/p>\t\t\n\t\t\n\t\t\t<p>O uso do spray na digitaliza\u00e7\u00e3o de pe\u00e7as oferece v\u00e1rios <strong>benef\u00edcios:<\/strong><\/p><ul><li><strong>Aumenta a precis\u00e3o:<\/strong> O spray aplicado na superf\u00edcie da pe\u00e7a pode melhorar a qualidade da imagem e fazer com que a digitaliza\u00e7\u00e3o seja mais precisa, o que ajuda a obter uma representa\u00e7\u00e3o mais precisa da pe\u00e7a em 3D.<\/li><li><strong>Reduz a interfer\u00eancia:<\/strong> O spray tamb\u00e9m pode reduzir a interfer\u00eancia que se produz ao digitalizar superf\u00edcies com reflexo, brilhantes ou muito escuras, o que ajuda a obter uma imagem mais clara da pe\u00e7a.<\/li><li><strong>Poupa tempo:<\/strong> Ao melhorar a qualidade da digitaliza\u00e7\u00e3o e reduzir a necessidade de de scannings repetidos, o uso de spray permite poupar tempo no processo de digitaliza\u00e7\u00e3o.<\/li><\/ul>\t\t\n\t\t\t\t<img loading=\"lazy\" decoding=\"async\" src=\"https:\/\/www.sariki.es\/wp-content\/uploads\/2023\/04\/attblime-espray-diferentes-digitalizado-3d-piezas.jpg\" alt=\"attblime-espray-diferentes-digitalizado-3d-piezas\" itemprop=\"image\" height=\"267\" width=\"400\" title=\"attblime-espray-diferentes-digitalizado-3d-piezas\" onerror=\"this.style.display='none'\"  \/>\n\t\t\t\t<img loading=\"lazy\" decoding=\"async\" src=\"https:\/\/www.sariki.es\/wp-content\/uploads\/2023\/04\/escaneado-de-pieza-con-spray-attblime.jpg\" alt=\"escaneado-de-pieza-con-spray-attblime\" itemprop=\"image\" height=\"267\" width=\"400\" title=\"escaneado-de-pieza-con-spray-attblime\" onerror=\"this.style.display='none'\"  \/>\n\t\t\t\t<img loading=\"lazy\" decoding=\"async\" src=\"https:\/\/www.sariki.es\/wp-content\/uploads\/2023\/04\/attblime-espray-digitalizado-3d-piezas-pulverizador-1.jpg\" alt=\"attblime-espray-digitalizado-3d-piezas-pulverizador\" itemprop=\"image\" height=\"291\" width=\"400\" title=\"attblime-espray-digitalizado-3d-piezas-pulverizador\" onerror=\"this.style.display='none'\"  \/>\n\t\t\t\t\t\t\t<img loading=\"lazy\" decoding=\"async\" src=\"https:\/\/www.sariki.es\/wp-content\/uploads\/2019\/09\/quiero-presupuesto-icono.png\" alt=\"quiero-presupuesto-icono\" width=\"201\" height=\"201\" \/>\n\t\t\n\t\t\t<a href=\"https:\/\/www.sariki.es\/pt-pt\/pretendo-uma-oferta\/\" title=\"Click Here\" target=\"_self\"   role=\"button\" aria-label=\"Pretendo uma oferta\">\n\t\t\t\t\t\t\tPretendo uma oferta\n\t\t<\/a>\n\t\t\t\t\t\t\t<img loading=\"lazy\" decoding=\"async\" src=\"https:\/\/www.sariki.es\/wp-content\/uploads\/2019\/09\/quiero-asesoramiento-icono.png\" alt=\"quiero-asesoramiento-icono\" width=\"201\" height=\"201\" \/>\n\t\t\n\t\t\t<a href=\"https:\/\/www.sariki.es\/pt-pt\/pretendo-informacoes\/\" title=\"Click Here\" target=\"_self\"   role=\"button\" aria-label=\"Pretendo informa\u00e7\u00f5es\">\n\t\t\t\t\t\t\tPretendo informa\u00e7\u00f5es\n\t\t<\/a>\n\t\t\t\t\t\t\t<img loading=\"lazy\" decoding=\"async\" src=\"https:\/\/www.sariki.es\/wp-content\/uploads\/2019\/09\/descargar-catalogo-icono.png\" alt=\"descargar-catalogo-icono\" width=\"201\" height=\"201\" \/>\n\t\t\n\t\t\t<a href=\"#\" title=\"Click Here\" target=\"_self\"   role=\"button\" aria-label=\"Descarregar o cat\u00e1logo\">\n\t\t\t\t\t\t\tDescarregar o cat\u00e1logo\n\t\t<\/a>\n\t\t<h2>\n\t\t\tProdutos e servi\u00e7os relacionados\n\t\t<\/h2>\n\t\t\t<p>Para digitalizar as suas pe\u00e7as pode utilizar os bra\u00e7os de medi\u00e7\u00e3o port\u00e1teis da Kreon com scanner laser, assim como os scanner de luz estruturada da marca Scantech. Aconselharemos em todo o momento sobre o equipamento mais adequeado para o seu caso. Consulte-nos sem compromisso. Consulte-nos sem compromisso.<\/p>\t\t\n\t\t\t\t\t\t\t<img loading=\"lazy\" decoding=\"async\" src=\"https:\/\/www.sariki.es\/wp-content\/uploads\/2022\/12\/servicio-medicion-brazo-portable.jpg\" alt=\"servicio-medicion-brazo-portable\" width=\"1200\" height=\"661\" \/>\n\t\t\n\t\t\t<a href=\"https:\/\/www.sariki.es\/pt-pt\/equipamentos-de-medicao\/digitalizacao-3d\/scanner-laser-para-braco-portatil\/\" title=\"Click Here\" target=\"_self\"   role=\"button\" aria-label=\"Scanner para bra\u00e7o port\u00e1til\">\n\t\t\t\t\t\t\tScanner para bra\u00e7o port\u00e1til\n\t\t<\/a>\n\t\t\t\t\t\t\t<img loading=\"lazy\" decoding=\"async\" src=\"https:\/\/www.sariki.es\/wp-content\/uploads\/2023\/01\/escaner-luz-estructurada-scantech-simscan-ingenieria-inversa.jpg\" alt=\"Esc\u00e1ner 3D simscan Scantech\" width=\"620\" height=\"349\" \/>\n\t\t\n\t\t\t<a href=\"https:\/\/www.sariki.es\/equipos-de-medicion\/digitalizado-3d\/escaner-luz-estructurada\/\" title=\"Click Here\" target=\"_self\"   role=\"button\" aria-label=\"Scanner de luz estruturada\">\n\t\t\t\t\t\t\tScanner de luz estruturada\n\t\t<\/a>\n\t\t<h2>\n\t\t\tNecessitas de mais informa\u00e7\u00e3o?\n\t\t<\/h2>\n\n","protected":false},"excerpt":{"rendered":"<p>Spray de digitaliza\u00e7\u00e3o 3D O uso de spray na digitaliza\u00e7\u00e3o de pe\u00e7as em 3D ajuda a melhorar a qualidade e precis\u00e3o da digitaliza\u00e7\u00e3o assim como a poupar tempo. A Sariki \u00e9 distribuidora oficial de ATTBLIME para Espanha e Portugal Solu\u00e7\u00e3o ideal para scannear as suas pe\u00e7as: Espray ATTBLIME Melhorar a qualidade das suas digitaliza\u00e7\u00f5es \u00e9&hellip;<\/p>\n","protected":false},"author":6,"featured_media":0,"parent":24061,"menu_order":0,"comment_status":"closed","ping_status":"closed","template":"","meta":{"footnotes":""},"class_list":["post-24055","page","type-page","status-publish","hentry"],"yoast_head":"<!-- This site is optimized with the Yoast SEO Premium plugin v24.6 (Yoast SEO v24.6) - https:\/\/yoast.com\/wordpress\/plugins\/seo\/ -->\n<title>Spray de digitaliza\u00e7\u00e3o 3D ATTBLIME- Metrolog\u00eda Sariki<\/title>\n<meta name=\"description\" content=\"Utilize os sprays ATTBLIME para otimizar as suas digitaliza\u00e7\u00f5es 3D. Obtenha uma superf\u00edcie homog\u00e9nea e fina para os seus dados. Pedir informa\u00e7\u00f5es!\" \/>\n<meta name=\"robots\" content=\"index, follow, max-snippet:-1, max-image-preview:large, max-video-preview:-1\" \/>\n<link rel=\"canonical\" href=\"https:\/\/www.sariki.es\/pt-pt\/equipamentos-de-medicao\/elementos-de-fixacao-perifericos-e-acessorios\/spray-de-digitalizacao-3d\/\" \/>\n<meta property=\"og:locale\" content=\"pt_PT\" \/>\n<meta property=\"og:type\" content=\"article\" \/>\n<meta property=\"og:title\" content=\"Spray de digitaliza\u00e7\u00e3o 3D\" \/>\n<meta property=\"og:description\" content=\"Utilize os sprays ATTBLIME para otimizar as suas digitaliza\u00e7\u00f5es 3D. Obtenha uma superf\u00edcie homog\u00e9nea e fina para os seus dados. Pedir informa\u00e7\u00f5es!\" \/>\n<meta property=\"og:url\" content=\"https:\/\/www.sariki.es\/pt-pt\/equipamentos-de-medicao\/elementos-de-fixacao-perifericos-e-acessorios\/spray-de-digitalizacao-3d\/\" \/>\n<meta property=\"og:site_name\" content=\"Sariki - Metrolog\u00eda industrial\" \/>\n<meta property=\"article:publisher\" content=\"https:\/\/www.facebook.com\/MetrologiaSariki\" \/>\n<meta property=\"article:modified_time\" content=\"2025-04-03T06:45:30+00:00\" \/>\n<meta property=\"og:image\" content=\"https:\/\/www.sariki.es\/wp-content\/uploads\/2019\/07\/icono-portada-header.png\" \/>\n<meta name=\"twitter:card\" content=\"summary_large_image\" \/>\n<meta name=\"twitter:site\" content=\"@sarikisa\" \/>\n<meta name=\"twitter:label1\" content=\"Tempo estimado de leitura\" \/>\n\t<meta name=\"twitter:data1\" content=\"2 minutos\" \/>\n<script type=\"application\/ld+json\" class=\"yoast-schema-graph\">{\"@context\":\"https:\/\/schema.org\",\"@graph\":[{\"@type\":\"WebPage\",\"@id\":\"https:\/\/www.sariki.es\/pt-pt\/equipamentos-de-medicao\/elementos-de-fixacao-perifericos-e-acessorios\/spray-de-digitalizacao-3d\/\",\"url\":\"https:\/\/www.sariki.es\/pt-pt\/equipamentos-de-medicao\/elementos-de-fixacao-perifericos-e-acessorios\/spray-de-digitalizacao-3d\/\",\"name\":\"Spray de digitaliza\u00e7\u00e3o 3D ATTBLIME- Metrolog\u00eda Sariki\",\"isPartOf\":{\"@id\":\"https:\/\/www.sariki.es\/pt-pt\/#website\"},\"primaryImageOfPage\":{\"@id\":\"https:\/\/www.sariki.es\/pt-pt\/equipamentos-de-medicao\/elementos-de-fixacao-perifericos-e-acessorios\/spray-de-digitalizacao-3d\/#primaryimage\"},\"image\":{\"@id\":\"https:\/\/www.sariki.es\/pt-pt\/equipamentos-de-medicao\/elementos-de-fixacao-perifericos-e-acessorios\/spray-de-digitalizacao-3d\/#primaryimage\"},\"thumbnailUrl\":\"https:\/\/www.sariki.es\/wp-content\/uploads\/2019\/07\/icono-portada-header.png\",\"datePublished\":\"2025-03-21T07:00:25+00:00\",\"dateModified\":\"2025-04-03T06:45:30+00:00\",\"description\":\"Utilize os sprays ATTBLIME para otimizar as suas digitaliza\u00e7\u00f5es 3D. Obtenha uma superf\u00edcie homog\u00e9nea e fina para os seus dados. Pedir informa\u00e7\u00f5es!\",\"breadcrumb\":{\"@id\":\"https:\/\/www.sariki.es\/pt-pt\/equipamentos-de-medicao\/elementos-de-fixacao-perifericos-e-acessorios\/spray-de-digitalizacao-3d\/#breadcrumb\"},\"inLanguage\":\"pt-PT\",\"potentialAction\":[{\"@type\":\"ReadAction\",\"target\":[\"https:\/\/www.sariki.es\/pt-pt\/equipamentos-de-medicao\/elementos-de-fixacao-perifericos-e-acessorios\/spray-de-digitalizacao-3d\/\"]}]},{\"@type\":\"ImageObject\",\"inLanguage\":\"pt-PT\",\"@id\":\"https:\/\/www.sariki.es\/pt-pt\/equipamentos-de-medicao\/elementos-de-fixacao-perifericos-e-acessorios\/spray-de-digitalizacao-3d\/#primaryimage\",\"url\":\"https:\/\/www.sariki.es\/wp-content\/uploads\/2019\/07\/icono-portada-header.png\",\"contentUrl\":\"https:\/\/www.sariki.es\/wp-content\/uploads\/2019\/07\/icono-portada-header.png\"},{\"@type\":\"BreadcrumbList\",\"@id\":\"https:\/\/www.sariki.es\/pt-pt\/equipamentos-de-medicao\/elementos-de-fixacao-perifericos-e-acessorios\/spray-de-digitalizacao-3d\/#breadcrumb\",\"itemListElement\":[{\"@type\":\"ListItem\",\"position\":1,\"name\":\"Inicio\",\"item\":\"https:\/\/www.sariki.es\/pt-pt\/\"},{\"@type\":\"ListItem\",\"position\":2,\"name\":\"Equipamentos de medi\u00e7\u00e3o\",\"item\":\"https:\/\/www.sariki.es\/pt-pt\/equipamentos-de-medicao\/\"},{\"@type\":\"ListItem\",\"position\":3,\"name\":\"Elementos de fixa\u00e7\u00e3o, perif\u00e9ricos e acess\u00f3rios\",\"item\":\"https:\/\/www.sariki.es\/pt-pt\/equipamentos-de-medicao\/elementos-de-fixacao-perifericos-e-acessorios\/\"},{\"@type\":\"ListItem\",\"position\":4,\"name\":\"Spray de digitaliza\u00e7\u00e3o 3D\"}]},{\"@type\":\"WebSite\",\"@id\":\"https:\/\/www.sariki.es\/pt-pt\/#website\",\"url\":\"https:\/\/www.sariki.es\/pt-pt\/\",\"name\":\"Sariki - Metrolog\u00eda industrial\",\"description\":\"Metrolog\u00eda industrial en Gipuzkoa\",\"publisher\":{\"@id\":\"https:\/\/www.sariki.es\/pt-pt\/#organization\"},\"potentialAction\":[{\"@type\":\"SearchAction\",\"target\":{\"@type\":\"EntryPoint\",\"urlTemplate\":\"https:\/\/www.sariki.es\/pt-pt\/?s={search_term_string}\"},\"query-input\":{\"@type\":\"PropertyValueSpecification\",\"valueRequired\":true,\"valueName\":\"search_term_string\"}}],\"inLanguage\":\"pt-PT\"},{\"@type\":\"Organization\",\"@id\":\"https:\/\/www.sariki.es\/pt-pt\/#organization\",\"name\":\"Sariki - Soluciones de metrolog\u00eda\",\"url\":\"https:\/\/www.sariki.es\/pt-pt\/\",\"logo\":{\"@type\":\"ImageObject\",\"inLanguage\":\"pt-PT\",\"@id\":\"https:\/\/www.sariki.es\/pt-pt\/#\/schema\/logo\/image\/\",\"url\":\"\",\"contentUrl\":\"\",\"caption\":\"Sariki - Soluciones de metrolog\u00eda\"},\"image\":{\"@id\":\"https:\/\/www.sariki.es\/pt-pt\/#\/schema\/logo\/image\/\"},\"sameAs\":[\"https:\/\/www.facebook.com\/MetrologiaSariki\",\"https:\/\/x.com\/sarikisa\"]}]}<\/script>\n<!-- \/ Yoast SEO Premium plugin. -->","yoast_head_json":{"title":"Spray de digitaliza\u00e7\u00e3o 3D ATTBLIME- Metrolog\u00eda Sariki","description":"Utilize os sprays ATTBLIME para otimizar as suas digitaliza\u00e7\u00f5es 3D. Obtenha uma superf\u00edcie homog\u00e9nea e fina para os seus dados. Pedir informa\u00e7\u00f5es!","robots":{"index":"index","follow":"follow","max-snippet":"max-snippet:-1","max-image-preview":"max-image-preview:large","max-video-preview":"max-video-preview:-1"},"canonical":"https:\/\/www.sariki.es\/pt-pt\/equipamentos-de-medicao\/elementos-de-fixacao-perifericos-e-acessorios\/spray-de-digitalizacao-3d\/","og_locale":"pt_PT","og_type":"article","og_title":"Spray de digitaliza\u00e7\u00e3o 3D","og_description":"Utilize os sprays ATTBLIME para otimizar as suas digitaliza\u00e7\u00f5es 3D. Obtenha uma superf\u00edcie homog\u00e9nea e fina para os seus dados. Pedir informa\u00e7\u00f5es!","og_url":"https:\/\/www.sariki.es\/pt-pt\/equipamentos-de-medicao\/elementos-de-fixacao-perifericos-e-acessorios\/spray-de-digitalizacao-3d\/","og_site_name":"Sariki - Metrolog\u00eda industrial","article_publisher":"https:\/\/www.facebook.com\/MetrologiaSariki","article_modified_time":"2025-04-03T06:45:30+00:00","og_image":[{"url":"https:\/\/www.sariki.es\/wp-content\/uploads\/2019\/07\/icono-portada-header.png","type":"","width":"","height":""}],"twitter_card":"summary_large_image","twitter_site":"@sarikisa","twitter_misc":{"Tempo estimado de leitura":"2 minutos"},"schema":{"@context":"https:\/\/schema.org","@graph":[{"@type":"WebPage","@id":"https:\/\/www.sariki.es\/pt-pt\/equipamentos-de-medicao\/elementos-de-fixacao-perifericos-e-acessorios\/spray-de-digitalizacao-3d\/","url":"https:\/\/www.sariki.es\/pt-pt\/equipamentos-de-medicao\/elementos-de-fixacao-perifericos-e-acessorios\/spray-de-digitalizacao-3d\/","name":"Spray de digitaliza\u00e7\u00e3o 3D ATTBLIME- Metrolog\u00eda Sariki","isPartOf":{"@id":"https:\/\/www.sariki.es\/pt-pt\/#website"},"primaryImageOfPage":{"@id":"https:\/\/www.sariki.es\/pt-pt\/equipamentos-de-medicao\/elementos-de-fixacao-perifericos-e-acessorios\/spray-de-digitalizacao-3d\/#primaryimage"},"image":{"@id":"https:\/\/www.sariki.es\/pt-pt\/equipamentos-de-medicao\/elementos-de-fixacao-perifericos-e-acessorios\/spray-de-digitalizacao-3d\/#primaryimage"},"thumbnailUrl":"https:\/\/www.sariki.es\/wp-content\/uploads\/2019\/07\/icono-portada-header.png","datePublished":"2025-03-21T07:00:25+00:00","dateModified":"2025-04-03T06:45:30+00:00","description":"Utilize os sprays ATTBLIME para otimizar as suas digitaliza\u00e7\u00f5es 3D. Obtenha uma superf\u00edcie homog\u00e9nea e fina para os seus dados. Pedir informa\u00e7\u00f5es!","breadcrumb":{"@id":"https:\/\/www.sariki.es\/pt-pt\/equipamentos-de-medicao\/elementos-de-fixacao-perifericos-e-acessorios\/spray-de-digitalizacao-3d\/#breadcrumb"},"inLanguage":"pt-PT","potentialAction":[{"@type":"ReadAction","target":["https:\/\/www.sariki.es\/pt-pt\/equipamentos-de-medicao\/elementos-de-fixacao-perifericos-e-acessorios\/spray-de-digitalizacao-3d\/"]}]},{"@type":"ImageObject","inLanguage":"pt-PT","@id":"https:\/\/www.sariki.es\/pt-pt\/equipamentos-de-medicao\/elementos-de-fixacao-perifericos-e-acessorios\/spray-de-digitalizacao-3d\/#primaryimage","url":"https:\/\/www.sariki.es\/wp-content\/uploads\/2019\/07\/icono-portada-header.png","contentUrl":"https:\/\/www.sariki.es\/wp-content\/uploads\/2019\/07\/icono-portada-header.png"},{"@type":"BreadcrumbList","@id":"https:\/\/www.sariki.es\/pt-pt\/equipamentos-de-medicao\/elementos-de-fixacao-perifericos-e-acessorios\/spray-de-digitalizacao-3d\/#breadcrumb","itemListElement":[{"@type":"ListItem","position":1,"name":"Inicio","item":"https:\/\/www.sariki.es\/pt-pt\/"},{"@type":"ListItem","position":2,"name":"Equipamentos de medi\u00e7\u00e3o","item":"https:\/\/www.sariki.es\/pt-pt\/equipamentos-de-medicao\/"},{"@type":"ListItem","position":3,"name":"Elementos de fixa\u00e7\u00e3o, perif\u00e9ricos e acess\u00f3rios","item":"https:\/\/www.sariki.es\/pt-pt\/equipamentos-de-medicao\/elementos-de-fixacao-perifericos-e-acessorios\/"},{"@type":"ListItem","position":4,"name":"Spray de digitaliza\u00e7\u00e3o 3D"}]},{"@type":"WebSite","@id":"https:\/\/www.sariki.es\/pt-pt\/#website","url":"https:\/\/www.sariki.es\/pt-pt\/","name":"Sariki - Metrolog\u00eda industrial","description":"Metrolog\u00eda industrial en Gipuzkoa","publisher":{"@id":"https:\/\/www.sariki.es\/pt-pt\/#organization"},"potentialAction":[{"@type":"SearchAction","target":{"@type":"EntryPoint","urlTemplate":"https:\/\/www.sariki.es\/pt-pt\/?s={search_term_string}"},"query-input":{"@type":"PropertyValueSpecification","valueRequired":true,"valueName":"search_term_string"}}],"inLanguage":"pt-PT"},{"@type":"Organization","@id":"https:\/\/www.sariki.es\/pt-pt\/#organization","name":"Sariki - Soluciones de metrolog\u00eda","url":"https:\/\/www.sariki.es\/pt-pt\/","logo":{"@type":"ImageObject","inLanguage":"pt-PT","@id":"https:\/\/www.sariki.es\/pt-pt\/#\/schema\/logo\/image\/","url":"","contentUrl":"","caption":"Sariki - Soluciones de metrolog\u00eda"},"image":{"@id":"https:\/\/www.sariki.es\/pt-pt\/#\/schema\/logo\/image\/"},"sameAs":["https:\/\/www.facebook.com\/MetrologiaSariki","https:\/\/x.com\/sarikisa"]}]}},"_links":{"self":[{"href":"https:\/\/www.sariki.es\/pt-pt\/wp-json\/wp\/v2\/pages\/24055","targetHints":{"allow":["GET"]}}],"collection":[{"href":"https:\/\/www.sariki.es\/pt-pt\/wp-json\/wp\/v2\/pages"}],"about":[{"href":"https:\/\/www.sariki.es\/pt-pt\/wp-json\/wp\/v2\/types\/page"}],"author":[{"embeddable":true,"href":"https:\/\/www.sariki.es\/pt-pt\/wp-json\/wp\/v2\/users\/6"}],"replies":[{"embeddable":true,"href":"https:\/\/www.sariki.es\/pt-pt\/wp-json\/wp\/v2\/comments?post=24055"}],"version-history":[{"count":2,"href":"https:\/\/www.sariki.es\/pt-pt\/wp-json\/wp\/v2\/pages\/24055\/revisions"}],"predecessor-version":[{"id":24698,"href":"https:\/\/www.sariki.es\/pt-pt\/wp-json\/wp\/v2\/pages\/24055\/revisions\/24698"}],"up":[{"embeddable":true,"href":"https:\/\/www.sariki.es\/pt-pt\/wp-json\/wp\/v2\/pages\/24061"}],"wp:attachment":[{"href":"https:\/\/www.sariki.es\/pt-pt\/wp-json\/wp\/v2\/media?parent=24055"}],"curies":[{"name":"wp","href":"https:\/\/api.w.org\/{rel}","templated":true}]}}