{"id":24033,"date":"2025-03-21T07:18:29","date_gmt":"2025-03-21T06:18:29","guid":{"rendered":"https:\/\/www.sariki.es\/tripes-bases-e-suportes-para-bracos-de-medicao\/"},"modified":"2025-03-21T09:16:03","modified_gmt":"2025-03-21T08:16:03","slug":"tripes-bases-e-suportes-para-bracos-de-medicao","status":"publish","type":"page","link":"https:\/\/www.sariki.es\/pt-pt\/equipamentos-de-medicao\/elementos-de-fixacao-perifericos-e-acessorios\/tripes-bases-e-suportes-para-bracos-de-medicao\/","title":{"rendered":"Trip\u00e9s, bases e suportes para bra\u00e7os de medi\u00e7\u00e3o"},"content":{"rendered":"","protected":false},"excerpt":{"rendered":"","protected":false},"author":6,"featured_media":0,"parent":24061,"menu_order":0,"comment_status":"closed","ping_status":"closed","template":"","meta":{"footnotes":""},"class_list":["post-24033","page","type-page","status-publish","hentry"],"yoast_head":"<!-- This site is optimized with the Yoast SEO Premium plugin v24.6 (Yoast SEO v24.6) - https:\/\/yoast.com\/wordpress\/plugins\/seo\/ -->\n<title>Trip\u00e9s, bases e suportes para bra\u00e7os de medi\u00e7\u00e3o - Sariki Metrolog\u00eda<\/title>\n<meta name=\"description\" content=\"Os trip\u00e9s, suportes e suportes para bra\u00e7os de medi\u00e7\u00e3o s\u00e3o muito \u00fateis para medi\u00e7\u00f5es exactas e repet\u00edveis. Pedir informa\u00e7\u00f5es!\" \/>\n<meta name=\"robots\" content=\"index, follow, max-snippet:-1, max-image-preview:large, max-video-preview:-1\" \/>\n<link rel=\"canonical\" href=\"https:\/\/www.sariki.es\/pt-pt\/equipamentos-de-medicao\/elementos-de-fixacao-perifericos-e-acessorios\/tripes-bases-e-suportes-para-bracos-de-medicao\/\" \/>\n<meta property=\"og:locale\" content=\"pt_PT\" \/>\n<meta property=\"og:type\" content=\"article\" \/>\n<meta property=\"og:title\" content=\"Trip\u00e9s, bases e suportes para bra\u00e7os de medi\u00e7\u00e3o\" \/>\n<meta property=\"og:description\" content=\"Os trip\u00e9s, suportes e suportes para bra\u00e7os de medi\u00e7\u00e3o s\u00e3o muito \u00fateis para medi\u00e7\u00f5es exactas e repet\u00edveis. Pedir informa\u00e7\u00f5es!\" \/>\n<meta property=\"og:url\" content=\"https:\/\/www.sariki.es\/pt-pt\/equipamentos-de-medicao\/elementos-de-fixacao-perifericos-e-acessorios\/tripes-bases-e-suportes-para-bracos-de-medicao\/\" \/>\n<meta property=\"og:site_name\" content=\"Sariki - Metrolog\u00eda industrial\" \/>\n<meta property=\"article:publisher\" content=\"https:\/\/www.facebook.com\/MetrologiaSariki\" \/>\n<meta property=\"article:modified_time\" content=\"2025-03-21T08:16:03+00:00\" \/>\n<meta name=\"twitter:card\" content=\"summary_large_image\" \/>\n<meta name=\"twitter:site\" content=\"@sarikisa\" \/>\n<script type=\"application\/ld+json\" class=\"yoast-schema-graph\">{\"@context\":\"https:\/\/schema.org\",\"@graph\":[{\"@type\":\"WebPage\",\"@id\":\"https:\/\/www.sariki.es\/pt-pt\/equipamentos-de-medicao\/elementos-de-fixacao-perifericos-e-acessorios\/tripes-bases-e-suportes-para-bracos-de-medicao\/\",\"url\":\"https:\/\/www.sariki.es\/pt-pt\/equipamentos-de-medicao\/elementos-de-fixacao-perifericos-e-acessorios\/tripes-bases-e-suportes-para-bracos-de-medicao\/\",\"name\":\"Trip\u00e9s, bases e suportes para bra\u00e7os de medi\u00e7\u00e3o - Sariki Metrolog\u00eda\",\"isPartOf\":{\"@id\":\"https:\/\/www.sariki.es\/pt-pt\/#website\"},\"datePublished\":\"2025-03-21T06:18:29+00:00\",\"dateModified\":\"2025-03-21T08:16:03+00:00\",\"description\":\"Os trip\u00e9s, suportes e suportes para bra\u00e7os de medi\u00e7\u00e3o s\u00e3o muito \u00fateis para medi\u00e7\u00f5es exactas e repet\u00edveis. Pedir informa\u00e7\u00f5es!\",\"breadcrumb\":{\"@id\":\"https:\/\/www.sariki.es\/pt-pt\/equipamentos-de-medicao\/elementos-de-fixacao-perifericos-e-acessorios\/tripes-bases-e-suportes-para-bracos-de-medicao\/#breadcrumb\"},\"inLanguage\":\"pt-PT\",\"potentialAction\":[{\"@type\":\"ReadAction\",\"target\":[\"https:\/\/www.sariki.es\/pt-pt\/equipamentos-de-medicao\/elementos-de-fixacao-perifericos-e-acessorios\/tripes-bases-e-suportes-para-bracos-de-medicao\/\"]}]},{\"@type\":\"BreadcrumbList\",\"@id\":\"https:\/\/www.sariki.es\/pt-pt\/equipamentos-de-medicao\/elementos-de-fixacao-perifericos-e-acessorios\/tripes-bases-e-suportes-para-bracos-de-medicao\/#breadcrumb\",\"itemListElement\":[{\"@type\":\"ListItem\",\"position\":1,\"name\":\"Inicio\",\"item\":\"https:\/\/www.sariki.es\/pt-pt\/\"},{\"@type\":\"ListItem\",\"position\":2,\"name\":\"Equipamentos de medi\u00e7\u00e3o\",\"item\":\"https:\/\/www.sariki.es\/pt-pt\/equipamentos-de-medicao\/\"},{\"@type\":\"ListItem\",\"position\":3,\"name\":\"Elementos de fixa\u00e7\u00e3o, perif\u00e9ricos e acess\u00f3rios\",\"item\":\"https:\/\/www.sariki.es\/pt-pt\/equipamentos-de-medicao\/elementos-de-fixacao-perifericos-e-acessorios\/\"},{\"@type\":\"ListItem\",\"position\":4,\"name\":\"Trip\u00e9s, bases e suportes para bra\u00e7os de medi\u00e7\u00e3o\"}]},{\"@type\":\"WebSite\",\"@id\":\"https:\/\/www.sariki.es\/pt-pt\/#website\",\"url\":\"https:\/\/www.sariki.es\/pt-pt\/\",\"name\":\"Sariki - Metrolog\u00eda industrial\",\"description\":\"Metrolog\u00eda industrial en Gipuzkoa\",\"publisher\":{\"@id\":\"https:\/\/www.sariki.es\/pt-pt\/#organization\"},\"potentialAction\":[{\"@type\":\"SearchAction\",\"target\":{\"@type\":\"EntryPoint\",\"urlTemplate\":\"https:\/\/www.sariki.es\/pt-pt\/?s={search_term_string}\"},\"query-input\":{\"@type\":\"PropertyValueSpecification\",\"valueRequired\":true,\"valueName\":\"search_term_string\"}}],\"inLanguage\":\"pt-PT\"},{\"@type\":\"Organization\",\"@id\":\"https:\/\/www.sariki.es\/pt-pt\/#organization\",\"name\":\"Sariki - Soluciones de metrolog\u00eda\",\"url\":\"https:\/\/www.sariki.es\/pt-pt\/\",\"logo\":{\"@type\":\"ImageObject\",\"inLanguage\":\"pt-PT\",\"@id\":\"https:\/\/www.sariki.es\/pt-pt\/#\/schema\/logo\/image\/\",\"url\":\"\",\"contentUrl\":\"\",\"caption\":\"Sariki - Soluciones de metrolog\u00eda\"},\"image\":{\"@id\":\"https:\/\/www.sariki.es\/pt-pt\/#\/schema\/logo\/image\/\"},\"sameAs\":[\"https:\/\/www.facebook.com\/MetrologiaSariki\",\"https:\/\/x.com\/sarikisa\"]}]}<\/script>\n<!-- \/ Yoast SEO Premium plugin. -->","yoast_head_json":{"title":"Trip\u00e9s, bases e suportes para bra\u00e7os de medi\u00e7\u00e3o - Sariki Metrolog\u00eda","description":"Os trip\u00e9s, suportes e suportes para bra\u00e7os de medi\u00e7\u00e3o s\u00e3o muito \u00fateis para medi\u00e7\u00f5es exactas e repet\u00edveis. Pedir informa\u00e7\u00f5es!","robots":{"index":"index","follow":"follow","max-snippet":"max-snippet:-1","max-image-preview":"max-image-preview:large","max-video-preview":"max-video-preview:-1"},"canonical":"https:\/\/www.sariki.es\/pt-pt\/equipamentos-de-medicao\/elementos-de-fixacao-perifericos-e-acessorios\/tripes-bases-e-suportes-para-bracos-de-medicao\/","og_locale":"pt_PT","og_type":"article","og_title":"Trip\u00e9s, bases e suportes para bra\u00e7os de medi\u00e7\u00e3o","og_description":"Os trip\u00e9s, suportes e suportes para bra\u00e7os de medi\u00e7\u00e3o s\u00e3o muito \u00fateis para medi\u00e7\u00f5es exactas e repet\u00edveis. Pedir informa\u00e7\u00f5es!","og_url":"https:\/\/www.sariki.es\/pt-pt\/equipamentos-de-medicao\/elementos-de-fixacao-perifericos-e-acessorios\/tripes-bases-e-suportes-para-bracos-de-medicao\/","og_site_name":"Sariki - Metrolog\u00eda industrial","article_publisher":"https:\/\/www.facebook.com\/MetrologiaSariki","article_modified_time":"2025-03-21T08:16:03+00:00","twitter_card":"summary_large_image","twitter_site":"@sarikisa","schema":{"@context":"https:\/\/schema.org","@graph":[{"@type":"WebPage","@id":"https:\/\/www.sariki.es\/pt-pt\/equipamentos-de-medicao\/elementos-de-fixacao-perifericos-e-acessorios\/tripes-bases-e-suportes-para-bracos-de-medicao\/","url":"https:\/\/www.sariki.es\/pt-pt\/equipamentos-de-medicao\/elementos-de-fixacao-perifericos-e-acessorios\/tripes-bases-e-suportes-para-bracos-de-medicao\/","name":"Trip\u00e9s, bases e suportes para bra\u00e7os de medi\u00e7\u00e3o - Sariki Metrolog\u00eda","isPartOf":{"@id":"https:\/\/www.sariki.es\/pt-pt\/#website"},"datePublished":"2025-03-21T06:18:29+00:00","dateModified":"2025-03-21T08:16:03+00:00","description":"Os trip\u00e9s, suportes e suportes para bra\u00e7os de medi\u00e7\u00e3o s\u00e3o muito \u00fateis para medi\u00e7\u00f5es exactas e repet\u00edveis. Pedir informa\u00e7\u00f5es!","breadcrumb":{"@id":"https:\/\/www.sariki.es\/pt-pt\/equipamentos-de-medicao\/elementos-de-fixacao-perifericos-e-acessorios\/tripes-bases-e-suportes-para-bracos-de-medicao\/#breadcrumb"},"inLanguage":"pt-PT","potentialAction":[{"@type":"ReadAction","target":["https:\/\/www.sariki.es\/pt-pt\/equipamentos-de-medicao\/elementos-de-fixacao-perifericos-e-acessorios\/tripes-bases-e-suportes-para-bracos-de-medicao\/"]}]},{"@type":"BreadcrumbList","@id":"https:\/\/www.sariki.es\/pt-pt\/equipamentos-de-medicao\/elementos-de-fixacao-perifericos-e-acessorios\/tripes-bases-e-suportes-para-bracos-de-medicao\/#breadcrumb","itemListElement":[{"@type":"ListItem","position":1,"name":"Inicio","item":"https:\/\/www.sariki.es\/pt-pt\/"},{"@type":"ListItem","position":2,"name":"Equipamentos de medi\u00e7\u00e3o","item":"https:\/\/www.sariki.es\/pt-pt\/equipamentos-de-medicao\/"},{"@type":"ListItem","position":3,"name":"Elementos de fixa\u00e7\u00e3o, perif\u00e9ricos e acess\u00f3rios","item":"https:\/\/www.sariki.es\/pt-pt\/equipamentos-de-medicao\/elementos-de-fixacao-perifericos-e-acessorios\/"},{"@type":"ListItem","position":4,"name":"Trip\u00e9s, bases e suportes para bra\u00e7os de medi\u00e7\u00e3o"}]},{"@type":"WebSite","@id":"https:\/\/www.sariki.es\/pt-pt\/#website","url":"https:\/\/www.sariki.es\/pt-pt\/","name":"Sariki - Metrolog\u00eda industrial","description":"Metrolog\u00eda industrial en Gipuzkoa","publisher":{"@id":"https:\/\/www.sariki.es\/pt-pt\/#organization"},"potentialAction":[{"@type":"SearchAction","target":{"@type":"EntryPoint","urlTemplate":"https:\/\/www.sariki.es\/pt-pt\/?s={search_term_string}"},"query-input":{"@type":"PropertyValueSpecification","valueRequired":true,"valueName":"search_term_string"}}],"inLanguage":"pt-PT"},{"@type":"Organization","@id":"https:\/\/www.sariki.es\/pt-pt\/#organization","name":"Sariki - Soluciones de metrolog\u00eda","url":"https:\/\/www.sariki.es\/pt-pt\/","logo":{"@type":"ImageObject","inLanguage":"pt-PT","@id":"https:\/\/www.sariki.es\/pt-pt\/#\/schema\/logo\/image\/","url":"","contentUrl":"","caption":"Sariki - Soluciones de metrolog\u00eda"},"image":{"@id":"https:\/\/www.sariki.es\/pt-pt\/#\/schema\/logo\/image\/"},"sameAs":["https:\/\/www.facebook.com\/MetrologiaSariki","https:\/\/x.com\/sarikisa"]}]}},"_links":{"self":[{"href":"https:\/\/www.sariki.es\/pt-pt\/wp-json\/wp\/v2\/pages\/24033","targetHints":{"allow":["GET"]}}],"collection":[{"href":"https:\/\/www.sariki.es\/pt-pt\/wp-json\/wp\/v2\/pages"}],"about":[{"href":"https:\/\/www.sariki.es\/pt-pt\/wp-json\/wp\/v2\/types\/page"}],"author":[{"embeddable":true,"href":"https:\/\/www.sariki.es\/pt-pt\/wp-json\/wp\/v2\/users\/6"}],"replies":[{"embeddable":true,"href":"https:\/\/www.sariki.es\/pt-pt\/wp-json\/wp\/v2\/comments?post=24033"}],"version-history":[{"count":1,"href":"https:\/\/www.sariki.es\/pt-pt\/wp-json\/wp\/v2\/pages\/24033\/revisions"}],"predecessor-version":[{"id":24064,"href":"https:\/\/www.sariki.es\/pt-pt\/wp-json\/wp\/v2\/pages\/24033\/revisions\/24064"}],"up":[{"embeddable":true,"href":"https:\/\/www.sariki.es\/pt-pt\/wp-json\/wp\/v2\/pages\/24061"}],"wp:attachment":[{"href":"https:\/\/www.sariki.es\/pt-pt\/wp-json\/wp\/v2\/media?parent=24033"}],"curies":[{"name":"wp","href":"https:\/\/api.w.org\/{rel}","templated":true}]}}