{"id":23998,"date":"2025-03-20T16:36:25","date_gmt":"2025-03-20T15:36:25","guid":{"rendered":"https:\/\/www.sariki.es\/rugosimetro\/"},"modified":"2025-04-02T09:50:50","modified_gmt":"2025-04-02T07:50:50","slug":"rugosimetro","status":"publish","type":"page","link":"https:\/\/www.sariki.es\/pt-pt\/equipamentos-de-medicao\/estado-superficial-perfil-e-formas\/rugosimetro\/","title":{"rendered":"Rugos\u00edmetro"},"content":{"rendered":"\n\n\t\t<h1>\n\t\t\tRugos\u00edmetro\n\t\t<\/h1>\n\t<p><strong>Oferecemos-lhe uma solu\u00e7\u00e3o de medi\u00e7\u00e3o que lhe permitir\u00e1 verificar o estado da superf\u00edcie das suas pe\u00e7as (rugosidade e ondula\u00e7\u00e3o) tanto na oficina como no laborat\u00f3rio com equipamento de secret\u00e1ria.<\/strong> Aplica\u00e7\u00f5es t\u00edpicas:<\/p>\n<p>Verifica a rugosidade e a ondula\u00e7\u00e3o em todos os tipos de superf\u00edcies<\/p>\n<ul>\n<li>Medi\u00e7\u00e3o em superf\u00edcies planas<\/li>\n<li>Medi\u00e7\u00e3o em ranhuras profundas<\/li>\n<li>Medi\u00e7\u00e3o em furos pequenos<\/li>\n<li>Medi\u00e7\u00e3o no eixo da matriz<\/li>\n<li>Medi\u00e7\u00e3o do flanco da engrenagem<\/li>\n<li>&#8230;etc.<\/li>\n<\/ul>\n\t\t\t\t\t\t\t\t\t<img loading=\"lazy\" decoding=\"async\" src=\"https:\/\/www.sariki.es\/wp-content\/uploads\/2021\/04\/mitutoyo-sj210-nuevo-rugosimetro-1.jpg\" alt=\"mitutoyo-sj210-nuevo-rugosimetro\" itemprop=\"image\" height=\"465\" width=\"620\" srcset=\"https:\/\/www.sariki.es\/wp-content\/uploads\/2021\/04\/mitutoyo-sj210-nuevo-rugosimetro-1.jpg 620w, https:\/\/www.sariki.es\/wp-content\/uploads\/2021\/04\/mitutoyo-sj210-nuevo-rugosimetro-1-300x225.jpg 300w\" sizes=\"auto, (max-width: 620px) 100vw, 620px\" title=\"mitutoyo-sj210-nuevo-rugosimetro\" onerror=\"this.style.display='none'\"  \/>\n\t<p><strong>Os aparelhos de teste da rugosidade ou do estado da superf\u00edcie s\u00e3o utilizados para uma verifica\u00e7\u00e3o r\u00e1pida e altamente precisa das carater\u00edsticas da superf\u00edcie (rugosidade e\/ou ondula\u00e7\u00e3o).<\/strong> A medi\u00e7\u00e3o do estado da superf\u00edcie \u00e9 muito simples e consiste num varrimento 2D-3D das superf\u00edcies utilizando uma sonda f\u00edsica com uma geometria normalizada. O detetor tem um raio na ponta que copia a superf\u00edcie com uma resolu\u00e7\u00e3o nanom\u00e9trica.<\/p>\n<p><strong>A Mitutoyo disp\u00f5e de uma vasta gama de equipamentos port\u00e1teis para utiliza\u00e7\u00e3o na oficina e de equipamentos de bancada para utiliza\u00e7\u00e3o no laborat\u00f3rio.<\/strong><\/p>\n\t\t\t\t\t\t\t\t\t<img loading=\"lazy\" decoding=\"async\" src=\"https:\/\/www.sariki.es\/wp-content\/uploads\/2019\/10\/rugosidad-superficial.jpg\" alt=\"rugosidad-superficial\" itemprop=\"image\" height=\"339\" width=\"620\" srcset=\"https:\/\/www.sariki.es\/wp-content\/uploads\/2019\/10\/rugosidad-superficial.jpg 620w, https:\/\/www.sariki.es\/wp-content\/uploads\/2019\/10\/rugosidad-superficial-300x164.jpg 300w\" sizes=\"auto, (max-width: 620px) 100vw, 620px\" title=\"rugosidad-superficial\" onerror=\"this.style.display='none'\"  \/>\n\t\t<h3>\n\t\t\tProjeto integral adequado \u00e0s suas necessidades\n\t\t<\/h3>\n\tDispomos de uma solu\u00e7\u00e3o integral adequada \u00e0s suas necessidades. A experi\u00eancia diz-nos que a <strong>colabora\u00e7\u00e3o com o cliente<\/strong> \u00e9 a base do \u00e9xito deste tipo de projetos e por esse motivo <strong>desde o inicio do projeto que trabalhamos conjuntamente para identificar quais as suas necessidades principais por forma a propormos a melhor solu\u00e7\u00e3o<\/strong>.<br \/>\nAcompanhamos ao longo todo o ciclo de vida do projeto: defini\u00e7\u00e3o do projeto, instala\u00e7\u00e3o, forma\u00e7\u00e3o, programa\u00e7\u00e3o, suporte ao usu\u00e1rio e assist\u00eancia t\u00e9cnica. A Sariki est\u00e1 formada por uma equipa de 60 pessoas altamente especializadas e com mais de 35 anos de experi\u00eancia no sector da metrologia.<strong><br \/>\n<\/strong>\n\t\t<h4>Acompanhamos ao longo de todo o ciclo de vida do projeto<\/h4>\n\t\t\t\t\t\t<a href=\"https:\/\/www.sariki.es\/pt-pt\/pretendo-informacoes\/\" target=\"_self\" aria-label=\"\">\n\t\t\t\t\t\t\t<img loading=\"lazy\" decoding=\"async\" src=\"https:\/\/www.sariki.es\/wp-content\/uploads\/2019\/09\/quiero-asesoramiento-icono.png\" alt=\"quiero-asesoramiento-icono\" width=\"201\" height=\"201\" \/>\n\t\t\t\t\t\t<\/a>\n\t\t\n\t\t\t\t<a href=\"https:\/\/www.sariki.es\/pt-pt\/pretendo-informacoes\/\" role=\"button\" target=\"_self\">\n\t\t\t\t\t\t\t\t\t\tPretendo informa\u00e7\u00f5es\t\t\t\t\t\t\t\t\t<\/a>\n\t\t<h2>\n\t\t\tConhece as nossas solu\u00e7\u00f5es de medi\u00e7\u00e3o de rugosidade\n\t\t<\/h2>\n\t\t\t\t\t\t\t<img loading=\"lazy\" decoding=\"async\" src=\"https:\/\/www.sariki.es\/wp-content\/uploads\/2019\/10\/rugosimetro-mitutoyo-SJ310.jpg\" alt=\"rugosimetro-mitutoyo-SJ310\" width=\"620\" height=\"402\" \/>\n\t\t\n\t\t\t<p>Medidores de rugosidade intuitivos, f\u00e1ceis de utilizar e port\u00e1teis para medi\u00e7\u00f5es de rugosidade<\/p>\t\t\n\t\t\t<a href=\"https:\/\/www.sariki.es\/pt-pt\/portateis\/\" title=\"Click Here\" target=\"_self\"   role=\"button\" aria-label=\"Port\u00e1teis\">\n\t\t\t\t\t\t\tPort\u00e1teis\n\t\t<\/a>\n\t\t\t\t\t\t\t<img loading=\"lazy\" decoding=\"async\" src=\"https:\/\/www.sariki.es\/wp-content\/uploads\/2019\/10\/Rugosimetro-Mitutoyo-SV3000CNC.jpg\" alt=\"Rugosimetro-Mitutoyo-SV3000CNC\" width=\"620\" height=\"404\" \/>\n\t\t\n\t\t\t<p>Medidores de rugosidade de bancada avan\u00e7ados para medi\u00e7\u00f5es de rugosidade e ondula\u00e7\u00e3o sem patins<\/p>\t\t\n\t\t\t<a href=\"https:\/\/www.sariki.es\/pt-pt\/mesa-de-trabalho\/\" title=\"Click Here\" target=\"_self\"   role=\"button\" aria-label=\"Mesa de trabalho\">\n\t\t\t\t\t\t\tMesa de trabalho\n\t\t<\/a>\n\t\t<h2>\n\t\t\tWebinar\n\t\t<\/h2>\n\t<iframe loading=\"lazy\" width=\"560\" height=\"315\" src=\"https:\/\/www.youtube.com\/embed\/BqfCr0jw8G8\" title=\"YouTube video player\" frameborder=\"0\" allow=\"accelerometer; autoplay; clipboard-write; encrypted-media; gyroscope; picture-in-picture\" allowfullscreen=\"\"><\/iframe>\n\t\t<h2>\n\t\t\tCaso de sucesso\n\t\t<\/h2>\n\t<p><strong>ZARDOYA OTIS <\/strong>incorporou um rugos\u00edmetro autom\u00e1tico para verificar o estado da superf\u00edcie dos eixos onde trabalha a polia de acionamento do elevador.<\/p>\n\t\t\t<a href=\"https:\/\/www.sariki.es\/pt-pt\/casos-de-sucesso\/zardoya-otis\/\" title=\"Click Here\" target=\"_self\"   role=\"button\" aria-label=\"Ver o caso de sucesso\">\n\t\t\t\t\t\t\tVer o caso de sucesso\n\t\t<\/a>\n\t\t\t<a href=\"https:\/\/www.sariki.es\/pt-pt\/setores\/\" title=\"Click Here\" target=\"_self\"   role=\"button\" aria-label=\"Ver todos os casos de sucesso\">\n\t\t\t\t\t\t\tVer todos os casos de sucesso\n\t\t<\/a>\n\t\t\t\t<img loading=\"lazy\" decoding=\"async\" src=\"https:\/\/www.sariki.es\/wp-content\/uploads\/2019\/10\/rugosimetro-mitutoyo-a-medida-en-OTIS.jpg\" alt=\"rugosimetro-mitutoyo-a-medida-en-OTIS\" itemprop=\"image\" height=\"359\" width=\"620\" title=\"rugosimetro-mitutoyo-a-medida-en-OTIS\" onerror=\"this.style.display='none'\"  \/>\n\t\t<h2>\n\t\t\tNecessitas de mais informa\u00e7\u00e3o?\n\t\t<\/h2>\n\n","protected":false},"excerpt":{"rendered":"<p>Rugos\u00edmetro Oferecemos-lhe uma solu\u00e7\u00e3o de medi\u00e7\u00e3o que lhe permitir\u00e1 verificar o estado da superf\u00edcie das suas pe\u00e7as (rugosidade e ondula\u00e7\u00e3o) tanto na oficina como no laborat\u00f3rio com equipamento de secret\u00e1ria. Aplica\u00e7\u00f5es t\u00edpicas: Verifica a rugosidade e a ondula\u00e7\u00e3o em todos os tipos de superf\u00edcies Medi\u00e7\u00e3o em superf\u00edcies planas Medi\u00e7\u00e3o em ranhuras profundas Medi\u00e7\u00e3o em furos&hellip;<\/p>\n","protected":false},"author":1,"featured_media":0,"parent":24021,"menu_order":0,"comment_status":"closed","ping_status":"closed","template":"","meta":{"footnotes":""},"class_list":["post-23998","page","type-page","status-publish","hentry"],"yoast_head":"<!-- This site is optimized with the Yoast SEO Premium plugin v24.6 (Yoast SEO v24.6) - https:\/\/yoast.com\/wordpress\/plugins\/seo\/ -->\n<title>Rugos\u00edmetro Mitutoyo - Sariki Metrolog\u00eda Industrial<\/title>\n<meta name=\"description\" content=\"Oferecemos-lhe uma solu\u00e7\u00e3o de medi\u00e7\u00e3o que lhe permitir\u00e1 verificar o estado da superf\u00edcie das suas pe\u00e7as (rugosidade e ondula\u00e7\u00e3o).\" \/>\n<meta name=\"robots\" content=\"index, follow, max-snippet:-1, max-image-preview:large, max-video-preview:-1\" \/>\n<link rel=\"canonical\" href=\"https:\/\/www.sariki.es\/pt-pt\/equipamentos-de-medicao\/estado-superficial-perfil-e-formas\/rugosimetro\/\" \/>\n<meta property=\"og:locale\" content=\"pt_PT\" \/>\n<meta property=\"og:type\" content=\"article\" \/>\n<meta property=\"og:title\" content=\"Rugos\u00edmetro\" \/>\n<meta property=\"og:description\" content=\"Oferecemos-lhe uma solu\u00e7\u00e3o de medi\u00e7\u00e3o que lhe permitir\u00e1 verificar o estado da superf\u00edcie das suas pe\u00e7as (rugosidade e ondula\u00e7\u00e3o).\" \/>\n<meta property=\"og:url\" content=\"https:\/\/www.sariki.es\/pt-pt\/equipamentos-de-medicao\/estado-superficial-perfil-e-formas\/rugosimetro\/\" \/>\n<meta property=\"og:site_name\" content=\"Sariki - Metrolog\u00eda industrial\" \/>\n<meta property=\"article:publisher\" content=\"https:\/\/www.facebook.com\/MetrologiaSariki\" \/>\n<meta property=\"article:modified_time\" content=\"2025-04-02T07:50:50+00:00\" \/>\n<meta property=\"og:image\" content=\"https:\/\/www.sariki.es\/wp-content\/uploads\/2021\/04\/mitutoyo-sj210-nuevo-rugosimetro-1.jpg\" \/>\n<meta name=\"twitter:card\" content=\"summary_large_image\" \/>\n<meta name=\"twitter:site\" content=\"@sarikisa\" \/>\n<meta name=\"twitter:label1\" content=\"Tempo estimado de leitura\" \/>\n\t<meta name=\"twitter:data1\" content=\"2 minutos\" \/>\n<script type=\"application\/ld+json\" class=\"yoast-schema-graph\">{\"@context\":\"https:\/\/schema.org\",\"@graph\":[{\"@type\":\"WebPage\",\"@id\":\"https:\/\/www.sariki.es\/pt-pt\/equipamentos-de-medicao\/estado-superficial-perfil-e-formas\/rugosimetro\/\",\"url\":\"https:\/\/www.sariki.es\/pt-pt\/equipamentos-de-medicao\/estado-superficial-perfil-e-formas\/rugosimetro\/\",\"name\":\"Rugos\u00edmetro Mitutoyo - Sariki Metrolog\u00eda Industrial\",\"isPartOf\":{\"@id\":\"https:\/\/www.sariki.es\/pt-pt\/#website\"},\"primaryImageOfPage\":{\"@id\":\"https:\/\/www.sariki.es\/pt-pt\/equipamentos-de-medicao\/estado-superficial-perfil-e-formas\/rugosimetro\/#primaryimage\"},\"image\":{\"@id\":\"https:\/\/www.sariki.es\/pt-pt\/equipamentos-de-medicao\/estado-superficial-perfil-e-formas\/rugosimetro\/#primaryimage\"},\"thumbnailUrl\":\"https:\/\/www.sariki.es\/wp-content\/uploads\/2021\/04\/mitutoyo-sj210-nuevo-rugosimetro-1.jpg\",\"datePublished\":\"2025-03-20T15:36:25+00:00\",\"dateModified\":\"2025-04-02T07:50:50+00:00\",\"description\":\"Oferecemos-lhe uma solu\u00e7\u00e3o de medi\u00e7\u00e3o que lhe permitir\u00e1 verificar o estado da superf\u00edcie das suas pe\u00e7as (rugosidade e ondula\u00e7\u00e3o).\",\"breadcrumb\":{\"@id\":\"https:\/\/www.sariki.es\/pt-pt\/equipamentos-de-medicao\/estado-superficial-perfil-e-formas\/rugosimetro\/#breadcrumb\"},\"inLanguage\":\"pt-PT\",\"potentialAction\":[{\"@type\":\"ReadAction\",\"target\":[\"https:\/\/www.sariki.es\/pt-pt\/equipamentos-de-medicao\/estado-superficial-perfil-e-formas\/rugosimetro\/\"]}]},{\"@type\":\"ImageObject\",\"inLanguage\":\"pt-PT\",\"@id\":\"https:\/\/www.sariki.es\/pt-pt\/equipamentos-de-medicao\/estado-superficial-perfil-e-formas\/rugosimetro\/#primaryimage\",\"url\":\"https:\/\/www.sariki.es\/wp-content\/uploads\/2021\/04\/mitutoyo-sj210-nuevo-rugosimetro-1.jpg\",\"contentUrl\":\"https:\/\/www.sariki.es\/wp-content\/uploads\/2021\/04\/mitutoyo-sj210-nuevo-rugosimetro-1.jpg\"},{\"@type\":\"BreadcrumbList\",\"@id\":\"https:\/\/www.sariki.es\/pt-pt\/equipamentos-de-medicao\/estado-superficial-perfil-e-formas\/rugosimetro\/#breadcrumb\",\"itemListElement\":[{\"@type\":\"ListItem\",\"position\":1,\"name\":\"Inicio\",\"item\":\"https:\/\/www.sariki.es\/pt-pt\/\"},{\"@type\":\"ListItem\",\"position\":2,\"name\":\"Equipamentos de medi\u00e7\u00e3o\",\"item\":\"https:\/\/www.sariki.es\/pt-pt\/equipamentos-de-medicao\/\"},{\"@type\":\"ListItem\",\"position\":3,\"name\":\"Estado superficial perfil e formas\",\"item\":\"https:\/\/www.sariki.es\/pt-pt\/equipamentos-de-medicao\/estado-superficial-perfil-e-formas\/\"},{\"@type\":\"ListItem\",\"position\":4,\"name\":\"Rugos\u00edmetro\"}]},{\"@type\":\"WebSite\",\"@id\":\"https:\/\/www.sariki.es\/pt-pt\/#website\",\"url\":\"https:\/\/www.sariki.es\/pt-pt\/\",\"name\":\"Sariki - Metrolog\u00eda industrial\",\"description\":\"Metrolog\u00eda industrial en Gipuzkoa\",\"publisher\":{\"@id\":\"https:\/\/www.sariki.es\/pt-pt\/#organization\"},\"potentialAction\":[{\"@type\":\"SearchAction\",\"target\":{\"@type\":\"EntryPoint\",\"urlTemplate\":\"https:\/\/www.sariki.es\/pt-pt\/?s={search_term_string}\"},\"query-input\":{\"@type\":\"PropertyValueSpecification\",\"valueRequired\":true,\"valueName\":\"search_term_string\"}}],\"inLanguage\":\"pt-PT\"},{\"@type\":\"Organization\",\"@id\":\"https:\/\/www.sariki.es\/pt-pt\/#organization\",\"name\":\"Sariki - Soluciones de metrolog\u00eda\",\"url\":\"https:\/\/www.sariki.es\/pt-pt\/\",\"logo\":{\"@type\":\"ImageObject\",\"inLanguage\":\"pt-PT\",\"@id\":\"https:\/\/www.sariki.es\/pt-pt\/#\/schema\/logo\/image\/\",\"url\":\"\",\"contentUrl\":\"\",\"caption\":\"Sariki - Soluciones de metrolog\u00eda\"},\"image\":{\"@id\":\"https:\/\/www.sariki.es\/pt-pt\/#\/schema\/logo\/image\/\"},\"sameAs\":[\"https:\/\/www.facebook.com\/MetrologiaSariki\",\"https:\/\/x.com\/sarikisa\"]}]}<\/script>\n<!-- \/ Yoast SEO Premium plugin. -->","yoast_head_json":{"title":"Rugos\u00edmetro Mitutoyo - Sariki Metrolog\u00eda Industrial","description":"Oferecemos-lhe uma solu\u00e7\u00e3o de medi\u00e7\u00e3o que lhe permitir\u00e1 verificar o estado da superf\u00edcie das suas pe\u00e7as (rugosidade e ondula\u00e7\u00e3o).","robots":{"index":"index","follow":"follow","max-snippet":"max-snippet:-1","max-image-preview":"max-image-preview:large","max-video-preview":"max-video-preview:-1"},"canonical":"https:\/\/www.sariki.es\/pt-pt\/equipamentos-de-medicao\/estado-superficial-perfil-e-formas\/rugosimetro\/","og_locale":"pt_PT","og_type":"article","og_title":"Rugos\u00edmetro","og_description":"Oferecemos-lhe uma solu\u00e7\u00e3o de medi\u00e7\u00e3o que lhe permitir\u00e1 verificar o estado da superf\u00edcie das suas pe\u00e7as (rugosidade e ondula\u00e7\u00e3o).","og_url":"https:\/\/www.sariki.es\/pt-pt\/equipamentos-de-medicao\/estado-superficial-perfil-e-formas\/rugosimetro\/","og_site_name":"Sariki - Metrolog\u00eda industrial","article_publisher":"https:\/\/www.facebook.com\/MetrologiaSariki","article_modified_time":"2025-04-02T07:50:50+00:00","og_image":[{"url":"https:\/\/www.sariki.es\/wp-content\/uploads\/2021\/04\/mitutoyo-sj210-nuevo-rugosimetro-1.jpg","type":"","width":"","height":""}],"twitter_card":"summary_large_image","twitter_site":"@sarikisa","twitter_misc":{"Tempo estimado de leitura":"2 minutos"},"schema":{"@context":"https:\/\/schema.org","@graph":[{"@type":"WebPage","@id":"https:\/\/www.sariki.es\/pt-pt\/equipamentos-de-medicao\/estado-superficial-perfil-e-formas\/rugosimetro\/","url":"https:\/\/www.sariki.es\/pt-pt\/equipamentos-de-medicao\/estado-superficial-perfil-e-formas\/rugosimetro\/","name":"Rugos\u00edmetro Mitutoyo - Sariki Metrolog\u00eda Industrial","isPartOf":{"@id":"https:\/\/www.sariki.es\/pt-pt\/#website"},"primaryImageOfPage":{"@id":"https:\/\/www.sariki.es\/pt-pt\/equipamentos-de-medicao\/estado-superficial-perfil-e-formas\/rugosimetro\/#primaryimage"},"image":{"@id":"https:\/\/www.sariki.es\/pt-pt\/equipamentos-de-medicao\/estado-superficial-perfil-e-formas\/rugosimetro\/#primaryimage"},"thumbnailUrl":"https:\/\/www.sariki.es\/wp-content\/uploads\/2021\/04\/mitutoyo-sj210-nuevo-rugosimetro-1.jpg","datePublished":"2025-03-20T15:36:25+00:00","dateModified":"2025-04-02T07:50:50+00:00","description":"Oferecemos-lhe uma solu\u00e7\u00e3o de medi\u00e7\u00e3o que lhe permitir\u00e1 verificar o estado da superf\u00edcie das suas pe\u00e7as (rugosidade e ondula\u00e7\u00e3o).","breadcrumb":{"@id":"https:\/\/www.sariki.es\/pt-pt\/equipamentos-de-medicao\/estado-superficial-perfil-e-formas\/rugosimetro\/#breadcrumb"},"inLanguage":"pt-PT","potentialAction":[{"@type":"ReadAction","target":["https:\/\/www.sariki.es\/pt-pt\/equipamentos-de-medicao\/estado-superficial-perfil-e-formas\/rugosimetro\/"]}]},{"@type":"ImageObject","inLanguage":"pt-PT","@id":"https:\/\/www.sariki.es\/pt-pt\/equipamentos-de-medicao\/estado-superficial-perfil-e-formas\/rugosimetro\/#primaryimage","url":"https:\/\/www.sariki.es\/wp-content\/uploads\/2021\/04\/mitutoyo-sj210-nuevo-rugosimetro-1.jpg","contentUrl":"https:\/\/www.sariki.es\/wp-content\/uploads\/2021\/04\/mitutoyo-sj210-nuevo-rugosimetro-1.jpg"},{"@type":"BreadcrumbList","@id":"https:\/\/www.sariki.es\/pt-pt\/equipamentos-de-medicao\/estado-superficial-perfil-e-formas\/rugosimetro\/#breadcrumb","itemListElement":[{"@type":"ListItem","position":1,"name":"Inicio","item":"https:\/\/www.sariki.es\/pt-pt\/"},{"@type":"ListItem","position":2,"name":"Equipamentos de medi\u00e7\u00e3o","item":"https:\/\/www.sariki.es\/pt-pt\/equipamentos-de-medicao\/"},{"@type":"ListItem","position":3,"name":"Estado superficial perfil e formas","item":"https:\/\/www.sariki.es\/pt-pt\/equipamentos-de-medicao\/estado-superficial-perfil-e-formas\/"},{"@type":"ListItem","position":4,"name":"Rugos\u00edmetro"}]},{"@type":"WebSite","@id":"https:\/\/www.sariki.es\/pt-pt\/#website","url":"https:\/\/www.sariki.es\/pt-pt\/","name":"Sariki - Metrolog\u00eda industrial","description":"Metrolog\u00eda industrial en Gipuzkoa","publisher":{"@id":"https:\/\/www.sariki.es\/pt-pt\/#organization"},"potentialAction":[{"@type":"SearchAction","target":{"@type":"EntryPoint","urlTemplate":"https:\/\/www.sariki.es\/pt-pt\/?s={search_term_string}"},"query-input":{"@type":"PropertyValueSpecification","valueRequired":true,"valueName":"search_term_string"}}],"inLanguage":"pt-PT"},{"@type":"Organization","@id":"https:\/\/www.sariki.es\/pt-pt\/#organization","name":"Sariki - Soluciones de metrolog\u00eda","url":"https:\/\/www.sariki.es\/pt-pt\/","logo":{"@type":"ImageObject","inLanguage":"pt-PT","@id":"https:\/\/www.sariki.es\/pt-pt\/#\/schema\/logo\/image\/","url":"","contentUrl":"","caption":"Sariki - Soluciones de metrolog\u00eda"},"image":{"@id":"https:\/\/www.sariki.es\/pt-pt\/#\/schema\/logo\/image\/"},"sameAs":["https:\/\/www.facebook.com\/MetrologiaSariki","https:\/\/x.com\/sarikisa"]}]}},"_links":{"self":[{"href":"https:\/\/www.sariki.es\/pt-pt\/wp-json\/wp\/v2\/pages\/23998","targetHints":{"allow":["GET"]}}],"collection":[{"href":"https:\/\/www.sariki.es\/pt-pt\/wp-json\/wp\/v2\/pages"}],"about":[{"href":"https:\/\/www.sariki.es\/pt-pt\/wp-json\/wp\/v2\/types\/page"}],"author":[{"embeddable":true,"href":"https:\/\/www.sariki.es\/pt-pt\/wp-json\/wp\/v2\/users\/1"}],"replies":[{"embeddable":true,"href":"https:\/\/www.sariki.es\/pt-pt\/wp-json\/wp\/v2\/comments?post=23998"}],"version-history":[{"count":2,"href":"https:\/\/www.sariki.es\/pt-pt\/wp-json\/wp\/v2\/pages\/23998\/revisions"}],"predecessor-version":[{"id":24657,"href":"https:\/\/www.sariki.es\/pt-pt\/wp-json\/wp\/v2\/pages\/23998\/revisions\/24657"}],"up":[{"embeddable":true,"href":"https:\/\/www.sariki.es\/pt-pt\/wp-json\/wp\/v2\/pages\/24021"}],"wp:attachment":[{"href":"https:\/\/www.sariki.es\/pt-pt\/wp-json\/wp\/v2\/media?parent=23998"}],"curies":[{"name":"wp","href":"https:\/\/api.w.org\/{rel}","templated":true}]}}