{"id":23927,"date":"2025-03-19T08:13:30","date_gmt":"2025-03-19T07:13:30","guid":{"rendered":"https:\/\/www.sariki.es\/solucoes-especificas\/"},"modified":"2025-03-19T08:31:21","modified_gmt":"2025-03-19T07:31:21","slug":"solucoes-especificas","status":"publish","type":"page","link":"https:\/\/www.sariki.es\/pt-pt\/equipamentos-de-medicao\/inspecao-100-em-processo\/solucoes-especificas\/","title":{"rendered":"Solu\u00e7\u00f5es espec\u00edficas"},"content":{"rendered":"","protected":false},"excerpt":{"rendered":"","protected":false},"author":1,"featured_media":0,"parent":23945,"menu_order":0,"comment_status":"closed","ping_status":"closed","template":"","meta":{"footnotes":""},"class_list":["post-23927","page","type-page","status-publish","hentry"],"yoast_head":"<!-- This site is optimized with the Yoast SEO Premium plugin v24.6 (Yoast SEO v24.6) - https:\/\/yoast.com\/wordpress\/plugins\/seo\/ -->\n<title>Solu\u00e7\u00f5es espec\u00edficas inspe\u00e7\u00e3o 100 em linha- Metrolog\u00eda Sariki<\/title>\n<meta name=\"description\" content=\"Conhe\u00e7a as aplica\u00e7\u00f5es t\u00edpicas do equipamento de controlo de qualidade para travessas de pain\u00e9is de instrumentos, subquadros e eixos semi-r\u00edgidos.\" \/>\n<meta name=\"robots\" content=\"index, follow, max-snippet:-1, max-image-preview:large, max-video-preview:-1\" \/>\n<link rel=\"canonical\" href=\"https:\/\/www.sariki.es\/pt-pt\/equipamentos-de-medicao\/inspecao-100-em-processo\/solucoes-especificas\/\" \/>\n<meta property=\"og:locale\" content=\"pt_PT\" \/>\n<meta property=\"og:type\" content=\"article\" \/>\n<meta property=\"og:title\" content=\"Solu\u00e7\u00f5es espec\u00edficas\" \/>\n<meta property=\"og:description\" content=\"Conhe\u00e7a as aplica\u00e7\u00f5es t\u00edpicas do equipamento de controlo de qualidade para travessas de pain\u00e9is de instrumentos, subquadros e eixos semi-r\u00edgidos.\" \/>\n<meta property=\"og:url\" content=\"https:\/\/www.sariki.es\/pt-pt\/equipamentos-de-medicao\/inspecao-100-em-processo\/solucoes-especificas\/\" \/>\n<meta property=\"og:site_name\" content=\"Sariki - Metrolog\u00eda industrial\" \/>\n<meta property=\"article:publisher\" content=\"https:\/\/www.facebook.com\/MetrologiaSariki\" \/>\n<meta property=\"article:modified_time\" content=\"2025-03-19T07:31:21+00:00\" \/>\n<meta name=\"twitter:card\" content=\"summary_large_image\" \/>\n<meta name=\"twitter:site\" content=\"@sarikisa\" \/>\n<script type=\"application\/ld+json\" class=\"yoast-schema-graph\">{\"@context\":\"https:\/\/schema.org\",\"@graph\":[{\"@type\":\"WebPage\",\"@id\":\"https:\/\/www.sariki.es\/pt-pt\/equipamentos-de-medicao\/inspecao-100-em-processo\/solucoes-especificas\/\",\"url\":\"https:\/\/www.sariki.es\/pt-pt\/equipamentos-de-medicao\/inspecao-100-em-processo\/solucoes-especificas\/\",\"name\":\"Solu\u00e7\u00f5es espec\u00edficas inspe\u00e7\u00e3o 100 em linha- Metrolog\u00eda Sariki\",\"isPartOf\":{\"@id\":\"https:\/\/www.sariki.es\/pt-pt\/#website\"},\"datePublished\":\"2025-03-19T07:13:30+00:00\",\"dateModified\":\"2025-03-19T07:31:21+00:00\",\"description\":\"Conhe\u00e7a as aplica\u00e7\u00f5es t\u00edpicas do equipamento de controlo de qualidade para travessas de pain\u00e9is de instrumentos, subquadros e eixos semi-r\u00edgidos.\",\"breadcrumb\":{\"@id\":\"https:\/\/www.sariki.es\/pt-pt\/equipamentos-de-medicao\/inspecao-100-em-processo\/solucoes-especificas\/#breadcrumb\"},\"inLanguage\":\"pt-PT\",\"potentialAction\":[{\"@type\":\"ReadAction\",\"target\":[\"https:\/\/www.sariki.es\/pt-pt\/equipamentos-de-medicao\/inspecao-100-em-processo\/solucoes-especificas\/\"]}]},{\"@type\":\"BreadcrumbList\",\"@id\":\"https:\/\/www.sariki.es\/pt-pt\/equipamentos-de-medicao\/inspecao-100-em-processo\/solucoes-especificas\/#breadcrumb\",\"itemListElement\":[{\"@type\":\"ListItem\",\"position\":1,\"name\":\"Inicio\",\"item\":\"https:\/\/www.sariki.es\/pt-pt\/\"},{\"@type\":\"ListItem\",\"position\":2,\"name\":\"Equipamentos de medi\u00e7\u00e3o\",\"item\":\"https:\/\/www.sariki.es\/pt-pt\/equipamentos-de-medicao\/\"},{\"@type\":\"ListItem\",\"position\":3,\"name\":\"Inspe\u00e7\u00e3o 100% em processo\",\"item\":\"https:\/\/www.sariki.es\/pt-pt\/equipamentos-de-medicao\/inspecao-100-em-processo\/\"},{\"@type\":\"ListItem\",\"position\":4,\"name\":\"Solu\u00e7\u00f5es espec\u00edficas\"}]},{\"@type\":\"WebSite\",\"@id\":\"https:\/\/www.sariki.es\/pt-pt\/#website\",\"url\":\"https:\/\/www.sariki.es\/pt-pt\/\",\"name\":\"Sariki - Metrolog\u00eda industrial\",\"description\":\"Metrolog\u00eda industrial en Gipuzkoa\",\"publisher\":{\"@id\":\"https:\/\/www.sariki.es\/pt-pt\/#organization\"},\"potentialAction\":[{\"@type\":\"SearchAction\",\"target\":{\"@type\":\"EntryPoint\",\"urlTemplate\":\"https:\/\/www.sariki.es\/pt-pt\/?s={search_term_string}\"},\"query-input\":{\"@type\":\"PropertyValueSpecification\",\"valueRequired\":true,\"valueName\":\"search_term_string\"}}],\"inLanguage\":\"pt-PT\"},{\"@type\":\"Organization\",\"@id\":\"https:\/\/www.sariki.es\/pt-pt\/#organization\",\"name\":\"Sariki - Soluciones de metrolog\u00eda\",\"url\":\"https:\/\/www.sariki.es\/pt-pt\/\",\"logo\":{\"@type\":\"ImageObject\",\"inLanguage\":\"pt-PT\",\"@id\":\"https:\/\/www.sariki.es\/pt-pt\/#\/schema\/logo\/image\/\",\"url\":\"\",\"contentUrl\":\"\",\"caption\":\"Sariki - Soluciones de metrolog\u00eda\"},\"image\":{\"@id\":\"https:\/\/www.sariki.es\/pt-pt\/#\/schema\/logo\/image\/\"},\"sameAs\":[\"https:\/\/www.facebook.com\/MetrologiaSariki\",\"https:\/\/x.com\/sarikisa\"]}]}<\/script>\n<!-- \/ Yoast SEO Premium plugin. -->","yoast_head_json":{"title":"Solu\u00e7\u00f5es espec\u00edficas inspe\u00e7\u00e3o 100 em linha- Metrolog\u00eda Sariki","description":"Conhe\u00e7a as aplica\u00e7\u00f5es t\u00edpicas do equipamento de controlo de qualidade para travessas de pain\u00e9is de instrumentos, subquadros e eixos semi-r\u00edgidos.","robots":{"index":"index","follow":"follow","max-snippet":"max-snippet:-1","max-image-preview":"max-image-preview:large","max-video-preview":"max-video-preview:-1"},"canonical":"https:\/\/www.sariki.es\/pt-pt\/equipamentos-de-medicao\/inspecao-100-em-processo\/solucoes-especificas\/","og_locale":"pt_PT","og_type":"article","og_title":"Solu\u00e7\u00f5es espec\u00edficas","og_description":"Conhe\u00e7a as aplica\u00e7\u00f5es t\u00edpicas do equipamento de controlo de qualidade para travessas de pain\u00e9is de instrumentos, subquadros e eixos semi-r\u00edgidos.","og_url":"https:\/\/www.sariki.es\/pt-pt\/equipamentos-de-medicao\/inspecao-100-em-processo\/solucoes-especificas\/","og_site_name":"Sariki - Metrolog\u00eda industrial","article_publisher":"https:\/\/www.facebook.com\/MetrologiaSariki","article_modified_time":"2025-03-19T07:31:21+00:00","twitter_card":"summary_large_image","twitter_site":"@sarikisa","schema":{"@context":"https:\/\/schema.org","@graph":[{"@type":"WebPage","@id":"https:\/\/www.sariki.es\/pt-pt\/equipamentos-de-medicao\/inspecao-100-em-processo\/solucoes-especificas\/","url":"https:\/\/www.sariki.es\/pt-pt\/equipamentos-de-medicao\/inspecao-100-em-processo\/solucoes-especificas\/","name":"Solu\u00e7\u00f5es espec\u00edficas inspe\u00e7\u00e3o 100 em linha- Metrolog\u00eda Sariki","isPartOf":{"@id":"https:\/\/www.sariki.es\/pt-pt\/#website"},"datePublished":"2025-03-19T07:13:30+00:00","dateModified":"2025-03-19T07:31:21+00:00","description":"Conhe\u00e7a as aplica\u00e7\u00f5es t\u00edpicas do equipamento de controlo de qualidade para travessas de pain\u00e9is de instrumentos, subquadros e eixos semi-r\u00edgidos.","breadcrumb":{"@id":"https:\/\/www.sariki.es\/pt-pt\/equipamentos-de-medicao\/inspecao-100-em-processo\/solucoes-especificas\/#breadcrumb"},"inLanguage":"pt-PT","potentialAction":[{"@type":"ReadAction","target":["https:\/\/www.sariki.es\/pt-pt\/equipamentos-de-medicao\/inspecao-100-em-processo\/solucoes-especificas\/"]}]},{"@type":"BreadcrumbList","@id":"https:\/\/www.sariki.es\/pt-pt\/equipamentos-de-medicao\/inspecao-100-em-processo\/solucoes-especificas\/#breadcrumb","itemListElement":[{"@type":"ListItem","position":1,"name":"Inicio","item":"https:\/\/www.sariki.es\/pt-pt\/"},{"@type":"ListItem","position":2,"name":"Equipamentos de medi\u00e7\u00e3o","item":"https:\/\/www.sariki.es\/pt-pt\/equipamentos-de-medicao\/"},{"@type":"ListItem","position":3,"name":"Inspe\u00e7\u00e3o 100% em processo","item":"https:\/\/www.sariki.es\/pt-pt\/equipamentos-de-medicao\/inspecao-100-em-processo\/"},{"@type":"ListItem","position":4,"name":"Solu\u00e7\u00f5es espec\u00edficas"}]},{"@type":"WebSite","@id":"https:\/\/www.sariki.es\/pt-pt\/#website","url":"https:\/\/www.sariki.es\/pt-pt\/","name":"Sariki - Metrolog\u00eda industrial","description":"Metrolog\u00eda industrial en Gipuzkoa","publisher":{"@id":"https:\/\/www.sariki.es\/pt-pt\/#organization"},"potentialAction":[{"@type":"SearchAction","target":{"@type":"EntryPoint","urlTemplate":"https:\/\/www.sariki.es\/pt-pt\/?s={search_term_string}"},"query-input":{"@type":"PropertyValueSpecification","valueRequired":true,"valueName":"search_term_string"}}],"inLanguage":"pt-PT"},{"@type":"Organization","@id":"https:\/\/www.sariki.es\/pt-pt\/#organization","name":"Sariki - Soluciones de metrolog\u00eda","url":"https:\/\/www.sariki.es\/pt-pt\/","logo":{"@type":"ImageObject","inLanguage":"pt-PT","@id":"https:\/\/www.sariki.es\/pt-pt\/#\/schema\/logo\/image\/","url":"","contentUrl":"","caption":"Sariki - Soluciones de metrolog\u00eda"},"image":{"@id":"https:\/\/www.sariki.es\/pt-pt\/#\/schema\/logo\/image\/"},"sameAs":["https:\/\/www.facebook.com\/MetrologiaSariki","https:\/\/x.com\/sarikisa"]}]}},"_links":{"self":[{"href":"https:\/\/www.sariki.es\/pt-pt\/wp-json\/wp\/v2\/pages\/23927","targetHints":{"allow":["GET"]}}],"collection":[{"href":"https:\/\/www.sariki.es\/pt-pt\/wp-json\/wp\/v2\/pages"}],"about":[{"href":"https:\/\/www.sariki.es\/pt-pt\/wp-json\/wp\/v2\/types\/page"}],"author":[{"embeddable":true,"href":"https:\/\/www.sariki.es\/pt-pt\/wp-json\/wp\/v2\/users\/1"}],"replies":[{"embeddable":true,"href":"https:\/\/www.sariki.es\/pt-pt\/wp-json\/wp\/v2\/comments?post=23927"}],"version-history":[{"count":1,"href":"https:\/\/www.sariki.es\/pt-pt\/wp-json\/wp\/v2\/pages\/23927\/revisions"}],"predecessor-version":[{"id":23947,"href":"https:\/\/www.sariki.es\/pt-pt\/wp-json\/wp\/v2\/pages\/23927\/revisions\/23947"}],"up":[{"embeddable":true,"href":"https:\/\/www.sariki.es\/pt-pt\/wp-json\/wp\/v2\/pages\/23945"}],"wp:attachment":[{"href":"https:\/\/www.sariki.es\/pt-pt\/wp-json\/wp\/v2\/media?parent=23927"}],"curies":[{"name":"wp","href":"https:\/\/api.w.org\/{rel}","templated":true}]}}