{"id":23913,"date":"2025-03-19T07:32:05","date_gmt":"2025-03-19T06:32:05","guid":{"rendered":"https:\/\/www.sariki.es\/maquinas-de-medicao-por-visao\/"},"modified":"2025-04-03T08:33:33","modified_gmt":"2025-04-03T06:33:33","slug":"maquinas-de-medicao-por-visao","status":"publish","type":"page","link":"https:\/\/www.sariki.es\/pt-pt\/equipamentos-de-medicao\/maquinas-de-medicao-por-visao\/","title":{"rendered":"M\u00e1quinas de medi\u00e7\u00e3o por vis\u00e3o"},"content":{"rendered":"\n\n\t\t<h1>\n\t\t\tM\u00e1quinas de medi\u00e7\u00e3o por vis\u00e3o\n\t\t<\/h1>\n\t<p><strong>Propomos uma solu\u00e7\u00e3o de medi\u00e7\u00e3o que permitir\u00e1 verificar a geometr\u00eda das pe\u00e7as (dist\u00e2ncias, raios, \u00e2ngulos&#8230;etc) utilizando uma tecnolog\u00eda por processamento de imagens.<\/strong> Adequado quando n\u00e3o se pode medir certas cotas com outras tecnolog\u00edas e o pretendido \u00e9 automatizar o processo de inspe\u00e7\u00e3o.<\/p>\n<p>&nbsp;<\/p>\n<p><strong>Aplica\u00e7\u00f5es t\u00edpicas:<\/strong> torneamento de precis\u00e3o, molas, industria eletr\u00f3nica, mecanizado de alta precis\u00e3o, inje\u00e7\u00e3o de pl\u00e1stico, perfil de alum\u00ednio, pe\u00e7as perfuradas y dobradas, pe\u00e7as por corte a laser&#8230;etc.<\/p>\n\t\t\t\t\t\t\t\t\t<img loading=\"lazy\" decoding=\"async\" src=\"https:\/\/www.sariki.es\/wp-content\/uploads\/2019\/10\/Quick-Image-medicion-por-vision-intro.jpg\" alt=\"Quick-Image-medicion-por-vision-intro\" itemprop=\"image\" height=\"404\" width=\"620\" srcset=\"https:\/\/www.sariki.es\/wp-content\/uploads\/2019\/10\/Quick-Image-medicion-por-vision-intro.jpg 620w, https:\/\/www.sariki.es\/wp-content\/uploads\/2019\/10\/Quick-Image-medicion-por-vision-intro-300x195.jpg 300w\" sizes=\"auto, (max-width: 620px) 100vw, 620px\" title=\"Quick-Image-medicion-por-vision-intro\" onerror=\"this.style.display='none'\"  \/>\n\t\t<h2>\n\t\t\tAutomatiza e acrescenta tra\u00e7abilidade ao processo\n\t\t<\/h2>\n\t<p><strong>A medi\u00e7\u00e3o \u00f3ptica de pe\u00e7as permite ajustar de forma autom\u00e1tica a ilumina\u00e7\u00e3o e o enfoque das lentes durante o processo de inspe\u00e7\u00e3o<\/strong>, eliminando desta forma a influ\u00eancia do oper\u00e1rio.<\/p>\n<p><strong>Os sistemas de medi\u00e7\u00e3o por vis\u00e3o est\u00e3o a substituir os projetores de perfis<\/strong> dos ambientes de produ\u00e7\u00e3o, devido ao seu <strong>nivel de automatiza\u00e7\u00e3o e capacidade de tra\u00e7abilidade<\/strong> dos processos de inspe\u00e7\u00e3o.<\/p>\n\t<p><strong>Mitutoyo tem uma grande variedade de equipamentos tanto manuais como CNC para utilizar na f\u00e1brica ou em laborat\u00f3rio. <\/strong> Equipamentos de medi\u00e7\u00e3o 2D, 2D+Z e 3D.<\/p>\n\t\t\t\t\t\t\t<img loading=\"lazy\" decoding=\"async\" src=\"https:\/\/www.sariki.es\/wp-content\/uploads\/2019\/08\/icono-discos.png\" alt=\"imagen icono\" width=\"78\" height=\"71\" \/>\n\t\t<h4>Tecnolog\u00eda por processamento de imagens que se pode acrescentar por contacto<\/h4>\n\t<p><strong>Os equipamentos de medi\u00e7\u00e3o 2D trabalham com lentes telec\u00e9ntricas<\/strong>, isto significa, que o aumento da imagem n\u00e3o se altera quando o objecto se move axialmente. Deste modo, a precis\u00e3o dimensional pode ser capturada correctamente, independentemente da dist\u00e2ncia ao objeto.<\/p>\n<p><strong>Os restantes equipamentos utilizam objectivas com zoom avan\u00e7ados<\/strong> que permitem uma alta defini\u00e7\u00e3o das imagens e uma precis\u00e3o dimensional excelente.<\/p>\n\t\t\t\t<img loading=\"lazy\" decoding=\"async\" src=\"https:\/\/www.sariki.es\/wp-content\/uploads\/2019\/10\/quick-vision-mitutoyo-con-palpador.jpg\" alt=\"quick-vision-mitutoyo-con-palpador\" itemprop=\"image\" height=\"332\" width=\"620\" title=\"quick-vision-mitutoyo-con-palpador\" onerror=\"this.style.display='none'\"  \/>\n\t\t\t\t<img loading=\"lazy\" decoding=\"async\" src=\"https:\/\/www.sariki.es\/wp-content\/uploads\/2019\/10\/Maquina-de-vision-mitutoyo-Quick-Scope-intro.jpg\" alt=\"Maquina-de-vision-mitutoyo-Quick-Scope-intro\" itemprop=\"image\" height=\"404\" width=\"620\" title=\"Maquina-de-vision-mitutoyo-Quick-Scope-intro\" onerror=\"this.style.display='none'\"  \/>\n\t\t<h3>\n\t\t\tProjeto integral adequado \u00e0s suas necessidades\n\t\t<\/h3>\n\t<p>Dispomos de uma solu\u00e7\u00e3o integral adequada \u00e0s suas necessidades. A experi\u00eancia diz-nos que a <strong>colabora\u00e7\u00e3o com o cliente<\/strong> \u00e9 a base do \u00e9xito deste tipo de projetos e por esse motivo <strong>desde o inicio do projeto que trabalhamos conjuntamente para identificar quais as suas necessidades principais por forma a propormos a melhor solu\u00e7\u00e3o<\/strong>.<\/p>\n<strong>Acompanhamos ao longo de todo o ciclo de vida do projeto:<\/strong> defini\u00e7\u00e3o do projeto, instala\u00e7\u00e3o, forma\u00e7\u00e3o, programa\u00e7\u00e3o, suporte ao utilizador e assist\u00eancia t\u00e9cnica. A Sariki est\u00e1 formada por uma equipa de 60 pessoas altamente especializadas e com mais de 35 anos de experi\u00eancia no setor da metrolog\u00eda<strong><br \/>\n<\/strong>\n\t\t<h4>Acompanhamos ao longo de todo o ciclo de vida do projeto<\/h4>\n\t\t\t\t\t\t<a href=\"https:\/\/www.sariki.es\/pt-pt\/pretendo-informacoes\/\" target=\"_self\" aria-label=\"\">\n\t\t\t\t\t\t\t<img loading=\"lazy\" decoding=\"async\" src=\"https:\/\/www.sariki.es\/wp-content\/uploads\/2019\/09\/quiero-asesoramiento-icono.png\" alt=\"quiero-asesoramiento-icono\" width=\"201\" height=\"201\" \/>\n\t\t\t\t\t\t<\/a>\n\t\t\n\t\t\t\t<a href=\"https:\/\/www.sariki.es\/pt-pt\/pretendo-informacoes\/\" role=\"button\" target=\"_self\">\n\t\t\t\t\t\t\t\t\t\tPretendo informa\u00e7\u00f5es\t\t\t\t\t\t\t\t\t<\/a>\n\t\t<h2>\n\t\t\tConhe\u00e7a as nossas solu\u00e7\u00f5es de medi\u00e7\u00e3o por vis\u00e3o\n\t\t<\/h2>\n\t\t\t\t\t\t\t<img loading=\"lazy\" decoding=\"async\" src=\"https:\/\/www.sariki.es\/wp-content\/uploads\/2019\/10\/Quick-Image-medicion-por-vision-intro.jpg\" alt=\"Quick-Image-medicion-por-vision-intro\" width=\"620\" height=\"404\" \/>\n\t\t\n\t\t\t<p>Quick Image \u00e9 uma m\u00e1quina de medi\u00e7\u00e3o por vis\u00e3o manual ou com mesa motorizada que amplia a capacidade de inpe\u00e7\u00e3o dos projetores de perfil<\/p>\t\t\n\t\t\t<a href=\"https:\/\/www.sariki.es\/pt-pt\/medicao-2d\/\" title=\"Click Here\" target=\"_self\"   role=\"button\" aria-label=\"Medi\u00e7\u00e3o 2D\">\n\t\t\t\t\t\t\tMedi\u00e7\u00e3o 2D\n\t\t<\/a>\n\t\t\t\t\t\t\t<img loading=\"lazy\" decoding=\"async\" src=\"https:\/\/www.sariki.es\/wp-content\/uploads\/2019\/10\/Maquina-de-vision-mitutoyo-Quick-Scope-intro.jpg\" alt=\"Maquina-de-vision-mitutoyo-Quick-Scope-intro\" width=\"620\" height=\"404\" \/>\n\t\t\n\t\t\t<p>Quick scope \u00e9 uma m\u00e1quina de medi\u00e7\u00e3o por vis\u00e3o que garante especifica\u00e7\u00f5es de precis\u00e3o superiores ao modelo Quick image<\/p>\t\t\n\t\t\t<a href=\"https:\/\/www.sariki.es\/pt-pt\/medicao-2d-z\/\" title=\"Click Here\" target=\"_self\"   role=\"button\" aria-label=\"Medi\u00e7\u00e3o 2D+Z\">\n\t\t\t\t\t\t\tMedi\u00e7\u00e3o 2D+Z\n\t\t<\/a>\n\t\t\t\t\t\t\t<img loading=\"lazy\" decoding=\"async\" src=\"https:\/\/www.sariki.es\/wp-content\/uploads\/2019\/10\/quick-vision-mitutoyo-con-palpador-intro.jpg\" alt=\"quick-vision-mitutoyo-con-palpador-intro\" width=\"620\" height=\"404\" \/>\n\t\t\n\t\t\t<p>Quick Vision \u00e9 a gama superior de Mitutoyo em tecnolog\u00eda de processamento de imagens<br \/>Medi\u00e7\u00e3o 3D<\/p>\t\t\n\t\t\t<a href=\"https:\/\/www.sariki.es\/pt-pt\/medicao-3d-2\/\" title=\"Click Here\" target=\"_self\"   role=\"button\" aria-label=\"Medi\u00e7\u00e3o 3D\">\n\t\t\t\t\t\t\tMedi\u00e7\u00e3o 3D\n\t\t<\/a>\n\t\t<h2>\n\t\t\tCaso de sucesso\n\t\t<\/h2>\n\t<p><strong>Ona electroerosi\u00f3n <\/strong>opta por Mitutoyo. Para poder aceder a \u00e1reas onde a medi\u00e7\u00e3o por contacto n\u00e3o \u00e9 poss\u00edvel devido \u00e0s dimens\u00f5es, utiliza a sua <strong>nova m\u00e1quina de vis\u00e3o Mitutoyo QV-X302.<\/strong><\/p>\n\t\t\t<a href=\"https:\/\/www.sariki.es\/pt-pt\/casos-de-sucesso\/ona-electroerosion\/\" title=\"Click Here\" target=\"_self\"   role=\"button\" aria-label=\"Ver o caso de sucesso\">\n\t\t\t\t\t\t\tVer o caso de sucesso\n\t\t<\/a>\n\t\t\t<a href=\"https:\/\/www.sariki.es\/pt-pt\/setores\/\" title=\"Click Here\" target=\"_self\"   role=\"button\" aria-label=\"Ver todos os casos de sucesso\">\n\t\t\t\t\t\t\tVer todos os casos de sucesso\n\t\t<\/a>\n\t\t\t\t<img loading=\"lazy\" decoding=\"async\" src=\"https:\/\/www.sariki.es\/wp-content\/uploads\/2019\/10\/maquina-de-vision-Mitutoyo-quick-vision-en-ona-electroerosion.jpg\" alt=\"maquina-de-vision-Mitutoyo-quick-vision-en-ona-electroerosion\" itemprop=\"image\" height=\"361\" width=\"620\" title=\"maquina-de-vision-Mitutoyo-quick-vision-en-ona-electroerosion\" onerror=\"this.style.display='none'\"  \/>\n\t\t<h2>\n\t\t\tNecessitas de mais informa\u00e7\u00e3o?\n\t\t<\/h2>\n\n","protected":false},"excerpt":{"rendered":"<p>M\u00e1quinas de medi\u00e7\u00e3o por vis\u00e3o Propomos uma solu\u00e7\u00e3o de medi\u00e7\u00e3o que permitir\u00e1 verificar a geometr\u00eda das pe\u00e7as (dist\u00e2ncias, raios, \u00e2ngulos&#8230;etc) utilizando uma tecnolog\u00eda por processamento de imagens. Adequado quando n\u00e3o se pode medir certas cotas com outras tecnolog\u00edas e o pretendido \u00e9 automatizar o processo de inspe\u00e7\u00e3o. &nbsp; Aplica\u00e7\u00f5es t\u00edpicas: torneamento de precis\u00e3o, molas, industria&hellip;<\/p>\n","protected":false},"author":1,"featured_media":0,"parent":24207,"menu_order":0,"comment_status":"closed","ping_status":"closed","template":"","meta":{"footnotes":""},"class_list":["post-23913","page","type-page","status-publish","hentry"],"yoast_head":"<!-- This site is optimized with the Yoast SEO Premium plugin v24.6 (Yoast SEO v24.6) - https:\/\/yoast.com\/wordpress\/plugins\/seo\/ -->\n<title>M\u00e1quinas de medi\u00e7\u00e3o por vis\u00e3o - Metrolog\u00eda Sariki<\/title>\n<meta name=\"description\" content=\"Oferecemos-lhe uma solu\u00e7\u00e3o de medi\u00e7\u00e3o que lhe permite verificar a geometria das suas pe\u00e7as utilizando tecnologia de vis\u00e3o ou processamento de imagem.\" \/>\n<meta name=\"robots\" content=\"index, follow, max-snippet:-1, max-image-preview:large, max-video-preview:-1\" \/>\n<link rel=\"canonical\" href=\"https:\/\/www.sariki.es\/pt-pt\/equipamentos-de-medicao\/maquinas-de-medicao-por-visao\/\" \/>\n<meta property=\"og:locale\" content=\"pt_PT\" \/>\n<meta property=\"og:type\" content=\"article\" \/>\n<meta property=\"og:title\" content=\"M\u00e1quinas de medi\u00e7\u00e3o por vis\u00e3o\" \/>\n<meta property=\"og:description\" content=\"Oferecemos-lhe uma solu\u00e7\u00e3o de medi\u00e7\u00e3o que lhe permite verificar a geometria das suas pe\u00e7as utilizando tecnologia de vis\u00e3o ou processamento de imagem.\" \/>\n<meta property=\"og:url\" content=\"https:\/\/www.sariki.es\/pt-pt\/equipamentos-de-medicao\/maquinas-de-medicao-por-visao\/\" \/>\n<meta property=\"og:site_name\" content=\"Sariki - Metrolog\u00eda industrial\" \/>\n<meta property=\"article:publisher\" content=\"https:\/\/www.facebook.com\/MetrologiaSariki\" \/>\n<meta property=\"article:modified_time\" content=\"2025-04-03T06:33:33+00:00\" \/>\n<meta property=\"og:image\" content=\"https:\/\/www.sariki.es\/wp-content\/uploads\/2019\/10\/Quick-Image-medicion-por-vision-intro.jpg\" \/>\n<meta name=\"twitter:card\" content=\"summary_large_image\" \/>\n<meta name=\"twitter:site\" content=\"@sarikisa\" \/>\n<meta name=\"twitter:label1\" content=\"Tempo estimado de leitura\" \/>\n\t<meta name=\"twitter:data1\" content=\"3 minutos\" \/>\n<script type=\"application\/ld+json\" class=\"yoast-schema-graph\">{\"@context\":\"https:\/\/schema.org\",\"@graph\":[{\"@type\":\"WebPage\",\"@id\":\"https:\/\/www.sariki.es\/pt-pt\/equipamentos-de-medicao\/maquinas-de-medicao-por-visao\/\",\"url\":\"https:\/\/www.sariki.es\/pt-pt\/equipamentos-de-medicao\/maquinas-de-medicao-por-visao\/\",\"name\":\"M\u00e1quinas de medi\u00e7\u00e3o por vis\u00e3o - Metrolog\u00eda Sariki\",\"isPartOf\":{\"@id\":\"https:\/\/www.sariki.es\/pt-pt\/#website\"},\"primaryImageOfPage\":{\"@id\":\"https:\/\/www.sariki.es\/pt-pt\/equipamentos-de-medicao\/maquinas-de-medicao-por-visao\/#primaryimage\"},\"image\":{\"@id\":\"https:\/\/www.sariki.es\/pt-pt\/equipamentos-de-medicao\/maquinas-de-medicao-por-visao\/#primaryimage\"},\"thumbnailUrl\":\"https:\/\/www.sariki.es\/wp-content\/uploads\/2019\/10\/Quick-Image-medicion-por-vision-intro.jpg\",\"datePublished\":\"2025-03-19T06:32:05+00:00\",\"dateModified\":\"2025-04-03T06:33:33+00:00\",\"description\":\"Oferecemos-lhe uma solu\u00e7\u00e3o de medi\u00e7\u00e3o que lhe permite verificar a geometria das suas pe\u00e7as utilizando tecnologia de vis\u00e3o ou processamento de imagem.\",\"breadcrumb\":{\"@id\":\"https:\/\/www.sariki.es\/pt-pt\/equipamentos-de-medicao\/maquinas-de-medicao-por-visao\/#breadcrumb\"},\"inLanguage\":\"pt-PT\",\"potentialAction\":[{\"@type\":\"ReadAction\",\"target\":[\"https:\/\/www.sariki.es\/pt-pt\/equipamentos-de-medicao\/maquinas-de-medicao-por-visao\/\"]}]},{\"@type\":\"ImageObject\",\"inLanguage\":\"pt-PT\",\"@id\":\"https:\/\/www.sariki.es\/pt-pt\/equipamentos-de-medicao\/maquinas-de-medicao-por-visao\/#primaryimage\",\"url\":\"https:\/\/www.sariki.es\/wp-content\/uploads\/2019\/10\/Quick-Image-medicion-por-vision-intro.jpg\",\"contentUrl\":\"https:\/\/www.sariki.es\/wp-content\/uploads\/2019\/10\/Quick-Image-medicion-por-vision-intro.jpg\"},{\"@type\":\"BreadcrumbList\",\"@id\":\"https:\/\/www.sariki.es\/pt-pt\/equipamentos-de-medicao\/maquinas-de-medicao-por-visao\/#breadcrumb\",\"itemListElement\":[{\"@type\":\"ListItem\",\"position\":1,\"name\":\"Inicio\",\"item\":\"https:\/\/www.sariki.es\/pt-pt\/\"},{\"@type\":\"ListItem\",\"position\":2,\"name\":\"Equipamentos de medi\u00e7\u00e3o\",\"item\":\"https:\/\/www.sariki.es\/pt-pt\/equipamentos-de-medicao\/\"},{\"@type\":\"ListItem\",\"position\":3,\"name\":\"M\u00e1quinas de medi\u00e7\u00e3o por vis\u00e3o\"}]},{\"@type\":\"WebSite\",\"@id\":\"https:\/\/www.sariki.es\/pt-pt\/#website\",\"url\":\"https:\/\/www.sariki.es\/pt-pt\/\",\"name\":\"Sariki - Metrolog\u00eda industrial\",\"description\":\"Metrolog\u00eda industrial en Gipuzkoa\",\"publisher\":{\"@id\":\"https:\/\/www.sariki.es\/pt-pt\/#organization\"},\"potentialAction\":[{\"@type\":\"SearchAction\",\"target\":{\"@type\":\"EntryPoint\",\"urlTemplate\":\"https:\/\/www.sariki.es\/pt-pt\/?s={search_term_string}\"},\"query-input\":{\"@type\":\"PropertyValueSpecification\",\"valueRequired\":true,\"valueName\":\"search_term_string\"}}],\"inLanguage\":\"pt-PT\"},{\"@type\":\"Organization\",\"@id\":\"https:\/\/www.sariki.es\/pt-pt\/#organization\",\"name\":\"Sariki - Soluciones de metrolog\u00eda\",\"url\":\"https:\/\/www.sariki.es\/pt-pt\/\",\"logo\":{\"@type\":\"ImageObject\",\"inLanguage\":\"pt-PT\",\"@id\":\"https:\/\/www.sariki.es\/pt-pt\/#\/schema\/logo\/image\/\",\"url\":\"\",\"contentUrl\":\"\",\"caption\":\"Sariki - Soluciones de metrolog\u00eda\"},\"image\":{\"@id\":\"https:\/\/www.sariki.es\/pt-pt\/#\/schema\/logo\/image\/\"},\"sameAs\":[\"https:\/\/www.facebook.com\/MetrologiaSariki\",\"https:\/\/x.com\/sarikisa\"]}]}<\/script>\n<!-- \/ Yoast SEO Premium plugin. -->","yoast_head_json":{"title":"M\u00e1quinas de medi\u00e7\u00e3o por vis\u00e3o - Metrolog\u00eda Sariki","description":"Oferecemos-lhe uma solu\u00e7\u00e3o de medi\u00e7\u00e3o que lhe permite verificar a geometria das suas pe\u00e7as utilizando tecnologia de vis\u00e3o ou processamento de imagem.","robots":{"index":"index","follow":"follow","max-snippet":"max-snippet:-1","max-image-preview":"max-image-preview:large","max-video-preview":"max-video-preview:-1"},"canonical":"https:\/\/www.sariki.es\/pt-pt\/equipamentos-de-medicao\/maquinas-de-medicao-por-visao\/","og_locale":"pt_PT","og_type":"article","og_title":"M\u00e1quinas de medi\u00e7\u00e3o por vis\u00e3o","og_description":"Oferecemos-lhe uma solu\u00e7\u00e3o de medi\u00e7\u00e3o que lhe permite verificar a geometria das suas pe\u00e7as utilizando tecnologia de vis\u00e3o ou processamento de imagem.","og_url":"https:\/\/www.sariki.es\/pt-pt\/equipamentos-de-medicao\/maquinas-de-medicao-por-visao\/","og_site_name":"Sariki - Metrolog\u00eda industrial","article_publisher":"https:\/\/www.facebook.com\/MetrologiaSariki","article_modified_time":"2025-04-03T06:33:33+00:00","og_image":[{"url":"https:\/\/www.sariki.es\/wp-content\/uploads\/2019\/10\/Quick-Image-medicion-por-vision-intro.jpg","type":"","width":"","height":""}],"twitter_card":"summary_large_image","twitter_site":"@sarikisa","twitter_misc":{"Tempo estimado de leitura":"3 minutos"},"schema":{"@context":"https:\/\/schema.org","@graph":[{"@type":"WebPage","@id":"https:\/\/www.sariki.es\/pt-pt\/equipamentos-de-medicao\/maquinas-de-medicao-por-visao\/","url":"https:\/\/www.sariki.es\/pt-pt\/equipamentos-de-medicao\/maquinas-de-medicao-por-visao\/","name":"M\u00e1quinas de medi\u00e7\u00e3o por vis\u00e3o - Metrolog\u00eda Sariki","isPartOf":{"@id":"https:\/\/www.sariki.es\/pt-pt\/#website"},"primaryImageOfPage":{"@id":"https:\/\/www.sariki.es\/pt-pt\/equipamentos-de-medicao\/maquinas-de-medicao-por-visao\/#primaryimage"},"image":{"@id":"https:\/\/www.sariki.es\/pt-pt\/equipamentos-de-medicao\/maquinas-de-medicao-por-visao\/#primaryimage"},"thumbnailUrl":"https:\/\/www.sariki.es\/wp-content\/uploads\/2019\/10\/Quick-Image-medicion-por-vision-intro.jpg","datePublished":"2025-03-19T06:32:05+00:00","dateModified":"2025-04-03T06:33:33+00:00","description":"Oferecemos-lhe uma solu\u00e7\u00e3o de medi\u00e7\u00e3o que lhe permite verificar a geometria das suas pe\u00e7as utilizando tecnologia de vis\u00e3o ou processamento de imagem.","breadcrumb":{"@id":"https:\/\/www.sariki.es\/pt-pt\/equipamentos-de-medicao\/maquinas-de-medicao-por-visao\/#breadcrumb"},"inLanguage":"pt-PT","potentialAction":[{"@type":"ReadAction","target":["https:\/\/www.sariki.es\/pt-pt\/equipamentos-de-medicao\/maquinas-de-medicao-por-visao\/"]}]},{"@type":"ImageObject","inLanguage":"pt-PT","@id":"https:\/\/www.sariki.es\/pt-pt\/equipamentos-de-medicao\/maquinas-de-medicao-por-visao\/#primaryimage","url":"https:\/\/www.sariki.es\/wp-content\/uploads\/2019\/10\/Quick-Image-medicion-por-vision-intro.jpg","contentUrl":"https:\/\/www.sariki.es\/wp-content\/uploads\/2019\/10\/Quick-Image-medicion-por-vision-intro.jpg"},{"@type":"BreadcrumbList","@id":"https:\/\/www.sariki.es\/pt-pt\/equipamentos-de-medicao\/maquinas-de-medicao-por-visao\/#breadcrumb","itemListElement":[{"@type":"ListItem","position":1,"name":"Inicio","item":"https:\/\/www.sariki.es\/pt-pt\/"},{"@type":"ListItem","position":2,"name":"Equipamentos de medi\u00e7\u00e3o","item":"https:\/\/www.sariki.es\/pt-pt\/equipamentos-de-medicao\/"},{"@type":"ListItem","position":3,"name":"M\u00e1quinas de medi\u00e7\u00e3o por vis\u00e3o"}]},{"@type":"WebSite","@id":"https:\/\/www.sariki.es\/pt-pt\/#website","url":"https:\/\/www.sariki.es\/pt-pt\/","name":"Sariki - Metrolog\u00eda industrial","description":"Metrolog\u00eda industrial en Gipuzkoa","publisher":{"@id":"https:\/\/www.sariki.es\/pt-pt\/#organization"},"potentialAction":[{"@type":"SearchAction","target":{"@type":"EntryPoint","urlTemplate":"https:\/\/www.sariki.es\/pt-pt\/?s={search_term_string}"},"query-input":{"@type":"PropertyValueSpecification","valueRequired":true,"valueName":"search_term_string"}}],"inLanguage":"pt-PT"},{"@type":"Organization","@id":"https:\/\/www.sariki.es\/pt-pt\/#organization","name":"Sariki - Soluciones de metrolog\u00eda","url":"https:\/\/www.sariki.es\/pt-pt\/","logo":{"@type":"ImageObject","inLanguage":"pt-PT","@id":"https:\/\/www.sariki.es\/pt-pt\/#\/schema\/logo\/image\/","url":"","contentUrl":"","caption":"Sariki - Soluciones de metrolog\u00eda"},"image":{"@id":"https:\/\/www.sariki.es\/pt-pt\/#\/schema\/logo\/image\/"},"sameAs":["https:\/\/www.facebook.com\/MetrologiaSariki","https:\/\/x.com\/sarikisa"]}]}},"_links":{"self":[{"href":"https:\/\/www.sariki.es\/pt-pt\/wp-json\/wp\/v2\/pages\/23913","targetHints":{"allow":["GET"]}}],"collection":[{"href":"https:\/\/www.sariki.es\/pt-pt\/wp-json\/wp\/v2\/pages"}],"about":[{"href":"https:\/\/www.sariki.es\/pt-pt\/wp-json\/wp\/v2\/types\/page"}],"author":[{"embeddable":true,"href":"https:\/\/www.sariki.es\/pt-pt\/wp-json\/wp\/v2\/users\/1"}],"replies":[{"embeddable":true,"href":"https:\/\/www.sariki.es\/pt-pt\/wp-json\/wp\/v2\/comments?post=23913"}],"version-history":[{"count":2,"href":"https:\/\/www.sariki.es\/pt-pt\/wp-json\/wp\/v2\/pages\/23913\/revisions"}],"predecessor-version":[{"id":24694,"href":"https:\/\/www.sariki.es\/pt-pt\/wp-json\/wp\/v2\/pages\/23913\/revisions\/24694"}],"up":[{"embeddable":true,"href":"https:\/\/www.sariki.es\/pt-pt\/wp-json\/wp\/v2\/pages\/24207"}],"wp:attachment":[{"href":"https:\/\/www.sariki.es\/pt-pt\/wp-json\/wp\/v2\/media?parent=23913"}],"curies":[{"name":"wp","href":"https:\/\/api.w.org\/{rel}","templated":true}]}}