{"id":23905,"date":"2025-03-19T07:16:24","date_gmt":"2025-03-19T06:16:24","guid":{"rendered":"https:\/\/www.sariki.es\/medicao-2d-z\/"},"modified":"2025-03-19T07:32:05","modified_gmt":"2025-03-19T06:32:05","slug":"medicao-2d-z","status":"publish","type":"page","link":"https:\/\/www.sariki.es\/pt-pt\/equipamentos-de-medicao\/maquinas-de-medicao-por-visao\/medicao-2d-z\/","title":{"rendered":"Medi\u00e7\u00e3o 2D + Z"},"content":{"rendered":"","protected":false},"excerpt":{"rendered":"","protected":false},"author":1,"featured_media":0,"parent":23913,"menu_order":0,"comment_status":"closed","ping_status":"closed","template":"","meta":{"footnotes":""},"class_list":["post-23905","page","type-page","status-publish","hentry"],"yoast_head":"<!-- This site is optimized with the Yoast SEO Premium plugin v24.6 (Yoast SEO v24.6) - https:\/\/yoast.com\/wordpress\/plugins\/seo\/ -->\n<title>M\u00e1quina de medi\u00e7\u00e3o com vis\u00e3o Quick Scope - Sariki Metrolog\u00eda Industrial<\/title>\n<meta name=\"description\" content=\"Quick scope, \u00e9 uma m\u00e1quina de medi\u00e7\u00e3o por vis\u00e3o que garante especifica\u00e7\u00f5es de precis\u00e3o superiores ao modelo Quick image.\" \/>\n<meta name=\"robots\" content=\"index, follow, max-snippet:-1, max-image-preview:large, max-video-preview:-1\" \/>\n<link rel=\"canonical\" href=\"https:\/\/www.sariki.es\/pt-pt\/equipamentos-de-medicao\/maquinas-de-medicao-por-visao\/medicao-2d-z\/\" \/>\n<meta property=\"og:locale\" content=\"pt_PT\" \/>\n<meta property=\"og:type\" content=\"article\" \/>\n<meta property=\"og:title\" content=\"Medi\u00e7\u00e3o 2D + Z\" \/>\n<meta property=\"og:description\" content=\"Quick scope, \u00e9 uma m\u00e1quina de medi\u00e7\u00e3o por vis\u00e3o que garante especifica\u00e7\u00f5es de precis\u00e3o superiores ao modelo Quick image.\" \/>\n<meta property=\"og:url\" content=\"https:\/\/www.sariki.es\/pt-pt\/equipamentos-de-medicao\/maquinas-de-medicao-por-visao\/medicao-2d-z\/\" \/>\n<meta property=\"og:site_name\" content=\"Sariki - Metrolog\u00eda industrial\" \/>\n<meta property=\"article:publisher\" content=\"https:\/\/www.facebook.com\/MetrologiaSariki\" \/>\n<meta property=\"article:modified_time\" content=\"2025-03-19T06:32:05+00:00\" \/>\n<meta name=\"twitter:card\" content=\"summary_large_image\" \/>\n<meta name=\"twitter:site\" content=\"@sarikisa\" \/>\n<script type=\"application\/ld+json\" class=\"yoast-schema-graph\">{\"@context\":\"https:\/\/schema.org\",\"@graph\":[{\"@type\":\"WebPage\",\"@id\":\"https:\/\/www.sariki.es\/pt-pt\/equipamentos-de-medicao\/maquinas-de-medicao-por-visao\/medicao-2d-z\/\",\"url\":\"https:\/\/www.sariki.es\/pt-pt\/equipamentos-de-medicao\/maquinas-de-medicao-por-visao\/medicao-2d-z\/\",\"name\":\"M\u00e1quina de medi\u00e7\u00e3o com vis\u00e3o Quick Scope - Sariki Metrolog\u00eda Industrial\",\"isPartOf\":{\"@id\":\"https:\/\/www.sariki.es\/pt-pt\/#website\"},\"datePublished\":\"2025-03-19T06:16:24+00:00\",\"dateModified\":\"2025-03-19T06:32:05+00:00\",\"description\":\"Quick scope, \u00e9 uma m\u00e1quina de medi\u00e7\u00e3o por vis\u00e3o que garante especifica\u00e7\u00f5es de precis\u00e3o superiores ao modelo Quick image.\",\"breadcrumb\":{\"@id\":\"https:\/\/www.sariki.es\/pt-pt\/equipamentos-de-medicao\/maquinas-de-medicao-por-visao\/medicao-2d-z\/#breadcrumb\"},\"inLanguage\":\"pt-PT\",\"potentialAction\":[{\"@type\":\"ReadAction\",\"target\":[\"https:\/\/www.sariki.es\/pt-pt\/equipamentos-de-medicao\/maquinas-de-medicao-por-visao\/medicao-2d-z\/\"]}]},{\"@type\":\"BreadcrumbList\",\"@id\":\"https:\/\/www.sariki.es\/pt-pt\/equipamentos-de-medicao\/maquinas-de-medicao-por-visao\/medicao-2d-z\/#breadcrumb\",\"itemListElement\":[{\"@type\":\"ListItem\",\"position\":1,\"name\":\"Inicio\",\"item\":\"https:\/\/www.sariki.es\/pt-pt\/\"},{\"@type\":\"ListItem\",\"position\":2,\"name\":\"Equipamentos de medi\u00e7\u00e3o\",\"item\":\"https:\/\/www.sariki.es\/pt-pt\/equipamentos-de-medicao\/\"},{\"@type\":\"ListItem\",\"position\":3,\"name\":\"M\u00e1quinas de medi\u00e7\u00e3o por vis\u00e3o\",\"item\":\"https:\/\/www.sariki.es\/pt-pt\/equipamentos-de-medicao\/maquinas-de-medicao-por-visao\/\"},{\"@type\":\"ListItem\",\"position\":4,\"name\":\"Medi\u00e7\u00e3o 2D + Z\"}]},{\"@type\":\"WebSite\",\"@id\":\"https:\/\/www.sariki.es\/pt-pt\/#website\",\"url\":\"https:\/\/www.sariki.es\/pt-pt\/\",\"name\":\"Sariki - Metrolog\u00eda industrial\",\"description\":\"Metrolog\u00eda industrial en Gipuzkoa\",\"publisher\":{\"@id\":\"https:\/\/www.sariki.es\/pt-pt\/#organization\"},\"potentialAction\":[{\"@type\":\"SearchAction\",\"target\":{\"@type\":\"EntryPoint\",\"urlTemplate\":\"https:\/\/www.sariki.es\/pt-pt\/?s={search_term_string}\"},\"query-input\":{\"@type\":\"PropertyValueSpecification\",\"valueRequired\":true,\"valueName\":\"search_term_string\"}}],\"inLanguage\":\"pt-PT\"},{\"@type\":\"Organization\",\"@id\":\"https:\/\/www.sariki.es\/pt-pt\/#organization\",\"name\":\"Sariki - Soluciones de metrolog\u00eda\",\"url\":\"https:\/\/www.sariki.es\/pt-pt\/\",\"logo\":{\"@type\":\"ImageObject\",\"inLanguage\":\"pt-PT\",\"@id\":\"https:\/\/www.sariki.es\/pt-pt\/#\/schema\/logo\/image\/\",\"url\":\"\",\"contentUrl\":\"\",\"caption\":\"Sariki - Soluciones de metrolog\u00eda\"},\"image\":{\"@id\":\"https:\/\/www.sariki.es\/pt-pt\/#\/schema\/logo\/image\/\"},\"sameAs\":[\"https:\/\/www.facebook.com\/MetrologiaSariki\",\"https:\/\/x.com\/sarikisa\"]}]}<\/script>\n<!-- \/ Yoast SEO Premium plugin. -->","yoast_head_json":{"title":"M\u00e1quina de medi\u00e7\u00e3o com vis\u00e3o Quick Scope - Sariki Metrolog\u00eda Industrial","description":"Quick scope, \u00e9 uma m\u00e1quina de medi\u00e7\u00e3o por vis\u00e3o que garante especifica\u00e7\u00f5es de precis\u00e3o superiores ao modelo Quick image.","robots":{"index":"index","follow":"follow","max-snippet":"max-snippet:-1","max-image-preview":"max-image-preview:large","max-video-preview":"max-video-preview:-1"},"canonical":"https:\/\/www.sariki.es\/pt-pt\/equipamentos-de-medicao\/maquinas-de-medicao-por-visao\/medicao-2d-z\/","og_locale":"pt_PT","og_type":"article","og_title":"Medi\u00e7\u00e3o 2D + Z","og_description":"Quick scope, \u00e9 uma m\u00e1quina de medi\u00e7\u00e3o por vis\u00e3o que garante especifica\u00e7\u00f5es de precis\u00e3o superiores ao modelo Quick image.","og_url":"https:\/\/www.sariki.es\/pt-pt\/equipamentos-de-medicao\/maquinas-de-medicao-por-visao\/medicao-2d-z\/","og_site_name":"Sariki - Metrolog\u00eda industrial","article_publisher":"https:\/\/www.facebook.com\/MetrologiaSariki","article_modified_time":"2025-03-19T06:32:05+00:00","twitter_card":"summary_large_image","twitter_site":"@sarikisa","schema":{"@context":"https:\/\/schema.org","@graph":[{"@type":"WebPage","@id":"https:\/\/www.sariki.es\/pt-pt\/equipamentos-de-medicao\/maquinas-de-medicao-por-visao\/medicao-2d-z\/","url":"https:\/\/www.sariki.es\/pt-pt\/equipamentos-de-medicao\/maquinas-de-medicao-por-visao\/medicao-2d-z\/","name":"M\u00e1quina de medi\u00e7\u00e3o com vis\u00e3o Quick Scope - Sariki Metrolog\u00eda Industrial","isPartOf":{"@id":"https:\/\/www.sariki.es\/pt-pt\/#website"},"datePublished":"2025-03-19T06:16:24+00:00","dateModified":"2025-03-19T06:32:05+00:00","description":"Quick scope, \u00e9 uma m\u00e1quina de medi\u00e7\u00e3o por vis\u00e3o que garante especifica\u00e7\u00f5es de precis\u00e3o superiores ao modelo Quick image.","breadcrumb":{"@id":"https:\/\/www.sariki.es\/pt-pt\/equipamentos-de-medicao\/maquinas-de-medicao-por-visao\/medicao-2d-z\/#breadcrumb"},"inLanguage":"pt-PT","potentialAction":[{"@type":"ReadAction","target":["https:\/\/www.sariki.es\/pt-pt\/equipamentos-de-medicao\/maquinas-de-medicao-por-visao\/medicao-2d-z\/"]}]},{"@type":"BreadcrumbList","@id":"https:\/\/www.sariki.es\/pt-pt\/equipamentos-de-medicao\/maquinas-de-medicao-por-visao\/medicao-2d-z\/#breadcrumb","itemListElement":[{"@type":"ListItem","position":1,"name":"Inicio","item":"https:\/\/www.sariki.es\/pt-pt\/"},{"@type":"ListItem","position":2,"name":"Equipamentos de medi\u00e7\u00e3o","item":"https:\/\/www.sariki.es\/pt-pt\/equipamentos-de-medicao\/"},{"@type":"ListItem","position":3,"name":"M\u00e1quinas de medi\u00e7\u00e3o por vis\u00e3o","item":"https:\/\/www.sariki.es\/pt-pt\/equipamentos-de-medicao\/maquinas-de-medicao-por-visao\/"},{"@type":"ListItem","position":4,"name":"Medi\u00e7\u00e3o 2D + Z"}]},{"@type":"WebSite","@id":"https:\/\/www.sariki.es\/pt-pt\/#website","url":"https:\/\/www.sariki.es\/pt-pt\/","name":"Sariki - Metrolog\u00eda industrial","description":"Metrolog\u00eda industrial en Gipuzkoa","publisher":{"@id":"https:\/\/www.sariki.es\/pt-pt\/#organization"},"potentialAction":[{"@type":"SearchAction","target":{"@type":"EntryPoint","urlTemplate":"https:\/\/www.sariki.es\/pt-pt\/?s={search_term_string}"},"query-input":{"@type":"PropertyValueSpecification","valueRequired":true,"valueName":"search_term_string"}}],"inLanguage":"pt-PT"},{"@type":"Organization","@id":"https:\/\/www.sariki.es\/pt-pt\/#organization","name":"Sariki - Soluciones de metrolog\u00eda","url":"https:\/\/www.sariki.es\/pt-pt\/","logo":{"@type":"ImageObject","inLanguage":"pt-PT","@id":"https:\/\/www.sariki.es\/pt-pt\/#\/schema\/logo\/image\/","url":"","contentUrl":"","caption":"Sariki - Soluciones de metrolog\u00eda"},"image":{"@id":"https:\/\/www.sariki.es\/pt-pt\/#\/schema\/logo\/image\/"},"sameAs":["https:\/\/www.facebook.com\/MetrologiaSariki","https:\/\/x.com\/sarikisa"]}]}},"_links":{"self":[{"href":"https:\/\/www.sariki.es\/pt-pt\/wp-json\/wp\/v2\/pages\/23905","targetHints":{"allow":["GET"]}}],"collection":[{"href":"https:\/\/www.sariki.es\/pt-pt\/wp-json\/wp\/v2\/pages"}],"about":[{"href":"https:\/\/www.sariki.es\/pt-pt\/wp-json\/wp\/v2\/types\/page"}],"author":[{"embeddable":true,"href":"https:\/\/www.sariki.es\/pt-pt\/wp-json\/wp\/v2\/users\/1"}],"replies":[{"embeddable":true,"href":"https:\/\/www.sariki.es\/pt-pt\/wp-json\/wp\/v2\/comments?post=23905"}],"version-history":[{"count":1,"href":"https:\/\/www.sariki.es\/pt-pt\/wp-json\/wp\/v2\/pages\/23905\/revisions"}],"predecessor-version":[{"id":23915,"href":"https:\/\/www.sariki.es\/pt-pt\/wp-json\/wp\/v2\/pages\/23905\/revisions\/23915"}],"up":[{"embeddable":true,"href":"https:\/\/www.sariki.es\/pt-pt\/wp-json\/wp\/v2\/pages\/23913"}],"wp:attachment":[{"href":"https:\/\/www.sariki.es\/pt-pt\/wp-json\/wp\/v2\/media?parent=23905"}],"curies":[{"name":"wp","href":"https:\/\/api.w.org\/{rel}","templated":true}]}}