{"id":23891,"date":"2025-03-18T12:55:12","date_gmt":"2025-03-18T11:55:12","guid":{"rendered":"https:\/\/www.sariki.es\/medicao-3d\/"},"modified":"2025-04-02T10:00:32","modified_gmt":"2025-04-02T08:00:32","slug":"medicao-3d","status":"publish","type":"page","link":"https:\/\/www.sariki.es\/pt-pt\/equipamentos-de-medicao\/medicao-3d\/","title":{"rendered":"Medi\u00e7\u00e3o 3D"},"content":{"rendered":"\n\n\t\t<h1>\n\t\t\tMedi\u00e7\u00e3o 3D\n\t\t<\/h1>\n\t<p><strong>As m\u00e1quinas de medi\u00e7\u00e3o 3D Mitutoyo est\u00e3o dispon\u00edveis numa vasta gama de tamanhos e classes de precis\u00e3o para cobrir praticamente todas as aplica\u00e7\u00f5es de medi\u00e7\u00e3o 3D de precis\u00e3o<\/strong>, e cada m\u00e1quina representa um excelente investimento em termos de produtividade, versatilidade, qualidade de constru\u00e7\u00e3o, forma\u00e7\u00e3o e assist\u00eancia t\u00e9cnica.<\/p>\n<p>Cada componente da m\u00e1quina \u00e9 concebido utilizando as mais recentes t\u00e9cnicas de CAD para garantir o m\u00e1ximo desempenho e fabricado com os materiais mais adequados para o efeito, a fim de assegurar a sua longevidade, recorrendo aos conhecimentos tecnol\u00f3gicos inigual\u00e1veis de um l\u00edder mundial em metrologia. <strong>Uma vasta gama de sondas t\u00e1cteis e sem contacto permite numerosos tipos de medi\u00e7\u00e3o, todos apoiados por um software de an\u00e1lise abrangente para interpretar os resultados da medi\u00e7\u00e3o<\/strong> em tempo \u00fatil, essencial para acompanhar o ritmo acelerado da produ\u00e7\u00e3o atual.<\/p>\n<p><strong>Tamb\u00e9m oferecemos todo o nosso potencial para aproveitar ao m\u00e1ximo a sua velha m\u00e1quina tridimensional e convert\u00ea-la numa m\u00e1quina de medi\u00e7\u00e3o com as mais recentes sondas, software e eletr\u00f3nica de ponta.<\/strong><\/p>\n<p>Abaixo, damos-lhe todas as informa\u00e7\u00f5es sobre os equipamentos e servi\u00e7os dispon\u00edveis.<\/p>\n\t\t\t\t<img loading=\"lazy\" decoding=\"async\" src=\"https:\/\/www.sariki.es\/wp-content\/uploads\/2019\/10\/medicion-3d-con-maquina-Crysta-Apex-S-1.jpg\" alt=\"medicion-3d-con-maquina-Crysta-Apex-S\" itemprop=\"image\" height=\"404\" width=\"620\" title=\"medicion-3d-con-maquina-Crysta-Apex-S\" onerror=\"this.style.display='none'\"  \/>\n<p>Medi\u00e7\u00e3o CNC<\/p>\n\t\t\t<a href=\"https:\/\/www.sariki.es\/pt-pt\/medicao-cnc\/\" title=\"Click Here\" target=\"_self\"   role=\"button\" aria-label=\"Mais informa\u00e7\u00f5es\">\n\t\t\t\t\t\t\tMais informa\u00e7\u00f5es\n\t\t<\/a>\n\t\t\t\t<img loading=\"lazy\" decoding=\"async\" src=\"https:\/\/www.sariki.es\/wp-content\/uploads\/2019\/10\/intro-hibridacion-tecnologias.jpg\" alt=\"intro-hibridacion-tecnologias\" itemprop=\"image\" height=\"404\" width=\"620\" title=\"intro-hibridacion-tecnologias\" onerror=\"this.style.display='none'\"  \/>\n<p>Hibrida\u00e7\u00e3o de tecnologias<\/p>\n\t\t\t<a href=\"https:\/\/www.sariki.es\/pt-pt\/hibridacao-de-tecnologias\/\" title=\"Click Here\" target=\"_self\"   role=\"button\" aria-label=\"Mais informa\u00e7\u00f5es\">\n\t\t\t\t\t\t\tMais informa\u00e7\u00f5es\n\t\t<\/a>\n\t\t\t\t<img loading=\"lazy\" decoding=\"async\" src=\"https:\/\/www.sariki.es\/wp-content\/uploads\/2020\/06\/sariki_retrofit-620x404-1.jpg\" alt=\"sariki_retrofit-620x404\" itemprop=\"image\" height=\"404\" width=\"620\" title=\"sariki_retrofit-620x404\" onerror=\"this.style.display='none'\"  \/>\n<p>Retrofit de MMC<\/p>\n\t\t\t<a href=\"https:\/\/www.sariki.es\/pt-pt\/servicos\/actualizacoes-e-retrofit-de-cmm\/\" title=\"Click Here\" target=\"_self\"   role=\"button\" aria-label=\"Mais informa\u00e7\u00f5es\">\n\t\t\t\t\t\t\tMais informa\u00e7\u00f5es\n\t\t<\/a>\n\t\t\t\t<img loading=\"lazy\" decoding=\"async\" src=\"https:\/\/www.sariki.es\/wp-content\/uploads\/2021\/04\/brazo-medicion-6-ejes-kreon-630x449.png\" alt=\"brazo de medicion kreon 6 ejes\" itemprop=\"image\" height=\"449\" width=\"630\" title=\"brazo-medicion-6-ejes-kreon\" onerror=\"this.style.display='none'\"  \/>\n<p>Bra\u00e7o de medi\u00e7\u00e3o port\u00e1til<\/p>\n\t\t\t<a href=\"https:\/\/www.sariki.es\/pt-pt\/braco-de-medicao-portatil\/\" title=\"Click Here\" target=\"_self\"   role=\"button\" aria-label=\"Mais informa\u00e7\u00f5es\">\n\t\t\t\t\t\t\tMais informa\u00e7\u00f5es\n\t\t<\/a>\n\t\t\t\t<img loading=\"lazy\" decoding=\"async\" src=\"https:\/\/www.sariki.es\/wp-content\/uploads\/2023\/03\/metrologybase-tripode-base-magnetica.png\" alt=\"metrologybase-tripode-base-magnetica\" itemprop=\"image\" height=\"400\" width=\"600\" title=\"metrologybase-tripode-base-magnetica\" onerror=\"this.style.display='none'\"  \/>\n<p>Trip\u00e9s, bases e suportes para bra\u00e7os de medi\u00e7\u00e3o<\/p>\n\t\t\t<a href=\"https:\/\/www.sariki.es\/pt-pt\/equipamentos-de-medicao\/elementos-de-fixacao-perifericos-e-acessorios\/tripes-bases-e-suportes-para-bracos-de-medicao\/\" title=\"Click Here\" target=\"_self\"   role=\"button\" aria-label=\"Mais informa\u00e7\u00f5es\">\n\t\t\t\t\t\t\tMais informa\u00e7\u00f5es\n\t\t<\/a>\n\t\t<h2>\n\t\t\tNecessitas de mais informa\u00e7\u00e3o?\n\t\t<\/h2>\n\n","protected":false},"excerpt":{"rendered":"<p>Medi\u00e7\u00e3o 3D As m\u00e1quinas de medi\u00e7\u00e3o 3D Mitutoyo est\u00e3o dispon\u00edveis numa vasta gama de tamanhos e classes de precis\u00e3o para cobrir praticamente todas as aplica\u00e7\u00f5es de medi\u00e7\u00e3o 3D de precis\u00e3o, e cada m\u00e1quina representa um excelente investimento em termos de produtividade, versatilidade, qualidade de constru\u00e7\u00e3o, forma\u00e7\u00e3o e assist\u00eancia t\u00e9cnica. Cada componente da m\u00e1quina \u00e9 concebido&hellip;<\/p>\n","protected":false},"author":1,"featured_media":0,"parent":24207,"menu_order":0,"comment_status":"closed","ping_status":"closed","template":"","meta":{"footnotes":""},"class_list":["post-23891","page","type-page","status-publish","hentry"],"yoast_head":"<!-- This site is optimized with the Yoast SEO Premium plugin v24.6 (Yoast SEO v24.6) - https:\/\/yoast.com\/wordpress\/plugins\/seo\/ -->\n<title>Medi\u00e7\u00e3o 3D - Metrolog\u00eda Sariki - Controlo de qualidade<\/title>\n<meta name=\"description\" content=\"A Sariki oferece-lhe solu\u00e7\u00f5es de metrologia dimensional destinadas a melhorar a efici\u00eancia do seu controlo de qualidade. Equipamento de medi\u00e7\u00e3o 3D.\" \/>\n<meta name=\"robots\" content=\"index, follow, max-snippet:-1, max-image-preview:large, max-video-preview:-1\" \/>\n<link rel=\"canonical\" href=\"https:\/\/www.sariki.es\/pt-pt\/equipamentos-de-medicao\/medicao-3d\/\" \/>\n<meta property=\"og:locale\" content=\"pt_PT\" \/>\n<meta property=\"og:type\" content=\"article\" \/>\n<meta property=\"og:title\" content=\"Medi\u00e7\u00e3o 3D\" \/>\n<meta property=\"og:description\" content=\"A Sariki oferece-lhe solu\u00e7\u00f5es de metrologia dimensional destinadas a melhorar a efici\u00eancia do seu controlo de qualidade. Equipamento de medi\u00e7\u00e3o 3D.\" \/>\n<meta property=\"og:url\" content=\"https:\/\/www.sariki.es\/pt-pt\/equipamentos-de-medicao\/medicao-3d\/\" \/>\n<meta property=\"og:site_name\" content=\"Sariki - Metrolog\u00eda industrial\" \/>\n<meta property=\"article:publisher\" content=\"https:\/\/www.facebook.com\/MetrologiaSariki\" \/>\n<meta property=\"article:modified_time\" content=\"2025-04-02T08:00:32+00:00\" \/>\n<meta property=\"og:image\" content=\"https:\/\/www.sariki.es\/wp-content\/uploads\/2019\/10\/medicion-3d-con-maquina-Crysta-Apex-S-1.jpg\" \/>\n<meta name=\"twitter:card\" content=\"summary_large_image\" \/>\n<meta name=\"twitter:site\" content=\"@sarikisa\" \/>\n<meta name=\"twitter:label1\" content=\"Tempo estimado de leitura\" \/>\n\t<meta name=\"twitter:data1\" content=\"1 minuto\" \/>\n<script type=\"application\/ld+json\" class=\"yoast-schema-graph\">{\"@context\":\"https:\/\/schema.org\",\"@graph\":[{\"@type\":\"WebPage\",\"@id\":\"https:\/\/www.sariki.es\/pt-pt\/equipamentos-de-medicao\/medicao-3d\/\",\"url\":\"https:\/\/www.sariki.es\/pt-pt\/equipamentos-de-medicao\/medicao-3d\/\",\"name\":\"Medi\u00e7\u00e3o 3D - Metrolog\u00eda Sariki - Controlo de qualidade\",\"isPartOf\":{\"@id\":\"https:\/\/www.sariki.es\/pt-pt\/#website\"},\"primaryImageOfPage\":{\"@id\":\"https:\/\/www.sariki.es\/pt-pt\/equipamentos-de-medicao\/medicao-3d\/#primaryimage\"},\"image\":{\"@id\":\"https:\/\/www.sariki.es\/pt-pt\/equipamentos-de-medicao\/medicao-3d\/#primaryimage\"},\"thumbnailUrl\":\"https:\/\/www.sariki.es\/wp-content\/uploads\/2019\/10\/medicion-3d-con-maquina-Crysta-Apex-S-1.jpg\",\"datePublished\":\"2025-03-18T11:55:12+00:00\",\"dateModified\":\"2025-04-02T08:00:32+00:00\",\"description\":\"A Sariki oferece-lhe solu\u00e7\u00f5es de metrologia dimensional destinadas a melhorar a efici\u00eancia do seu controlo de qualidade. Equipamento de medi\u00e7\u00e3o 3D.\",\"breadcrumb\":{\"@id\":\"https:\/\/www.sariki.es\/pt-pt\/equipamentos-de-medicao\/medicao-3d\/#breadcrumb\"},\"inLanguage\":\"pt-PT\",\"potentialAction\":[{\"@type\":\"ReadAction\",\"target\":[\"https:\/\/www.sariki.es\/pt-pt\/equipamentos-de-medicao\/medicao-3d\/\"]}]},{\"@type\":\"ImageObject\",\"inLanguage\":\"pt-PT\",\"@id\":\"https:\/\/www.sariki.es\/pt-pt\/equipamentos-de-medicao\/medicao-3d\/#primaryimage\",\"url\":\"https:\/\/www.sariki.es\/wp-content\/uploads\/2019\/10\/medicion-3d-con-maquina-Crysta-Apex-S-1.jpg\",\"contentUrl\":\"https:\/\/www.sariki.es\/wp-content\/uploads\/2019\/10\/medicion-3d-con-maquina-Crysta-Apex-S-1.jpg\"},{\"@type\":\"BreadcrumbList\",\"@id\":\"https:\/\/www.sariki.es\/pt-pt\/equipamentos-de-medicao\/medicao-3d\/#breadcrumb\",\"itemListElement\":[{\"@type\":\"ListItem\",\"position\":1,\"name\":\"Inicio\",\"item\":\"https:\/\/www.sariki.es\/pt-pt\/\"},{\"@type\":\"ListItem\",\"position\":2,\"name\":\"Equipamentos de medi\u00e7\u00e3o\",\"item\":\"https:\/\/www.sariki.es\/pt-pt\/equipamentos-de-medicao\/\"},{\"@type\":\"ListItem\",\"position\":3,\"name\":\"Medi\u00e7\u00e3o 3D\"}]},{\"@type\":\"WebSite\",\"@id\":\"https:\/\/www.sariki.es\/pt-pt\/#website\",\"url\":\"https:\/\/www.sariki.es\/pt-pt\/\",\"name\":\"Sariki - Metrolog\u00eda industrial\",\"description\":\"Metrolog\u00eda industrial en Gipuzkoa\",\"publisher\":{\"@id\":\"https:\/\/www.sariki.es\/pt-pt\/#organization\"},\"potentialAction\":[{\"@type\":\"SearchAction\",\"target\":{\"@type\":\"EntryPoint\",\"urlTemplate\":\"https:\/\/www.sariki.es\/pt-pt\/?s={search_term_string}\"},\"query-input\":{\"@type\":\"PropertyValueSpecification\",\"valueRequired\":true,\"valueName\":\"search_term_string\"}}],\"inLanguage\":\"pt-PT\"},{\"@type\":\"Organization\",\"@id\":\"https:\/\/www.sariki.es\/pt-pt\/#organization\",\"name\":\"Sariki - Soluciones de metrolog\u00eda\",\"url\":\"https:\/\/www.sariki.es\/pt-pt\/\",\"logo\":{\"@type\":\"ImageObject\",\"inLanguage\":\"pt-PT\",\"@id\":\"https:\/\/www.sariki.es\/pt-pt\/#\/schema\/logo\/image\/\",\"url\":\"\",\"contentUrl\":\"\",\"caption\":\"Sariki - Soluciones de metrolog\u00eda\"},\"image\":{\"@id\":\"https:\/\/www.sariki.es\/pt-pt\/#\/schema\/logo\/image\/\"},\"sameAs\":[\"https:\/\/www.facebook.com\/MetrologiaSariki\",\"https:\/\/x.com\/sarikisa\"]}]}<\/script>\n<!-- \/ Yoast SEO Premium plugin. -->","yoast_head_json":{"title":"Medi\u00e7\u00e3o 3D - Metrolog\u00eda Sariki - Controlo de qualidade","description":"A Sariki oferece-lhe solu\u00e7\u00f5es de metrologia dimensional destinadas a melhorar a efici\u00eancia do seu controlo de qualidade. Equipamento de medi\u00e7\u00e3o 3D.","robots":{"index":"index","follow":"follow","max-snippet":"max-snippet:-1","max-image-preview":"max-image-preview:large","max-video-preview":"max-video-preview:-1"},"canonical":"https:\/\/www.sariki.es\/pt-pt\/equipamentos-de-medicao\/medicao-3d\/","og_locale":"pt_PT","og_type":"article","og_title":"Medi\u00e7\u00e3o 3D","og_description":"A Sariki oferece-lhe solu\u00e7\u00f5es de metrologia dimensional destinadas a melhorar a efici\u00eancia do seu controlo de qualidade. Equipamento de medi\u00e7\u00e3o 3D.","og_url":"https:\/\/www.sariki.es\/pt-pt\/equipamentos-de-medicao\/medicao-3d\/","og_site_name":"Sariki - Metrolog\u00eda industrial","article_publisher":"https:\/\/www.facebook.com\/MetrologiaSariki","article_modified_time":"2025-04-02T08:00:32+00:00","og_image":[{"url":"https:\/\/www.sariki.es\/wp-content\/uploads\/2019\/10\/medicion-3d-con-maquina-Crysta-Apex-S-1.jpg","type":"","width":"","height":""}],"twitter_card":"summary_large_image","twitter_site":"@sarikisa","twitter_misc":{"Tempo estimado de leitura":"1 minuto"},"schema":{"@context":"https:\/\/schema.org","@graph":[{"@type":"WebPage","@id":"https:\/\/www.sariki.es\/pt-pt\/equipamentos-de-medicao\/medicao-3d\/","url":"https:\/\/www.sariki.es\/pt-pt\/equipamentos-de-medicao\/medicao-3d\/","name":"Medi\u00e7\u00e3o 3D - Metrolog\u00eda Sariki - Controlo de qualidade","isPartOf":{"@id":"https:\/\/www.sariki.es\/pt-pt\/#website"},"primaryImageOfPage":{"@id":"https:\/\/www.sariki.es\/pt-pt\/equipamentos-de-medicao\/medicao-3d\/#primaryimage"},"image":{"@id":"https:\/\/www.sariki.es\/pt-pt\/equipamentos-de-medicao\/medicao-3d\/#primaryimage"},"thumbnailUrl":"https:\/\/www.sariki.es\/wp-content\/uploads\/2019\/10\/medicion-3d-con-maquina-Crysta-Apex-S-1.jpg","datePublished":"2025-03-18T11:55:12+00:00","dateModified":"2025-04-02T08:00:32+00:00","description":"A Sariki oferece-lhe solu\u00e7\u00f5es de metrologia dimensional destinadas a melhorar a efici\u00eancia do seu controlo de qualidade. Equipamento de medi\u00e7\u00e3o 3D.","breadcrumb":{"@id":"https:\/\/www.sariki.es\/pt-pt\/equipamentos-de-medicao\/medicao-3d\/#breadcrumb"},"inLanguage":"pt-PT","potentialAction":[{"@type":"ReadAction","target":["https:\/\/www.sariki.es\/pt-pt\/equipamentos-de-medicao\/medicao-3d\/"]}]},{"@type":"ImageObject","inLanguage":"pt-PT","@id":"https:\/\/www.sariki.es\/pt-pt\/equipamentos-de-medicao\/medicao-3d\/#primaryimage","url":"https:\/\/www.sariki.es\/wp-content\/uploads\/2019\/10\/medicion-3d-con-maquina-Crysta-Apex-S-1.jpg","contentUrl":"https:\/\/www.sariki.es\/wp-content\/uploads\/2019\/10\/medicion-3d-con-maquina-Crysta-Apex-S-1.jpg"},{"@type":"BreadcrumbList","@id":"https:\/\/www.sariki.es\/pt-pt\/equipamentos-de-medicao\/medicao-3d\/#breadcrumb","itemListElement":[{"@type":"ListItem","position":1,"name":"Inicio","item":"https:\/\/www.sariki.es\/pt-pt\/"},{"@type":"ListItem","position":2,"name":"Equipamentos de medi\u00e7\u00e3o","item":"https:\/\/www.sariki.es\/pt-pt\/equipamentos-de-medicao\/"},{"@type":"ListItem","position":3,"name":"Medi\u00e7\u00e3o 3D"}]},{"@type":"WebSite","@id":"https:\/\/www.sariki.es\/pt-pt\/#website","url":"https:\/\/www.sariki.es\/pt-pt\/","name":"Sariki - Metrolog\u00eda industrial","description":"Metrolog\u00eda industrial en Gipuzkoa","publisher":{"@id":"https:\/\/www.sariki.es\/pt-pt\/#organization"},"potentialAction":[{"@type":"SearchAction","target":{"@type":"EntryPoint","urlTemplate":"https:\/\/www.sariki.es\/pt-pt\/?s={search_term_string}"},"query-input":{"@type":"PropertyValueSpecification","valueRequired":true,"valueName":"search_term_string"}}],"inLanguage":"pt-PT"},{"@type":"Organization","@id":"https:\/\/www.sariki.es\/pt-pt\/#organization","name":"Sariki - Soluciones de metrolog\u00eda","url":"https:\/\/www.sariki.es\/pt-pt\/","logo":{"@type":"ImageObject","inLanguage":"pt-PT","@id":"https:\/\/www.sariki.es\/pt-pt\/#\/schema\/logo\/image\/","url":"","contentUrl":"","caption":"Sariki - Soluciones de metrolog\u00eda"},"image":{"@id":"https:\/\/www.sariki.es\/pt-pt\/#\/schema\/logo\/image\/"},"sameAs":["https:\/\/www.facebook.com\/MetrologiaSariki","https:\/\/x.com\/sarikisa"]}]}},"_links":{"self":[{"href":"https:\/\/www.sariki.es\/pt-pt\/wp-json\/wp\/v2\/pages\/23891","targetHints":{"allow":["GET"]}}],"collection":[{"href":"https:\/\/www.sariki.es\/pt-pt\/wp-json\/wp\/v2\/pages"}],"about":[{"href":"https:\/\/www.sariki.es\/pt-pt\/wp-json\/wp\/v2\/types\/page"}],"author":[{"embeddable":true,"href":"https:\/\/www.sariki.es\/pt-pt\/wp-json\/wp\/v2\/users\/1"}],"replies":[{"embeddable":true,"href":"https:\/\/www.sariki.es\/pt-pt\/wp-json\/wp\/v2\/comments?post=23891"}],"version-history":[{"count":2,"href":"https:\/\/www.sariki.es\/pt-pt\/wp-json\/wp\/v2\/pages\/23891\/revisions"}],"predecessor-version":[{"id":24664,"href":"https:\/\/www.sariki.es\/pt-pt\/wp-json\/wp\/v2\/pages\/23891\/revisions\/24664"}],"up":[{"embeddable":true,"href":"https:\/\/www.sariki.es\/pt-pt\/wp-json\/wp\/v2\/pages\/24207"}],"wp:attachment":[{"href":"https:\/\/www.sariki.es\/pt-pt\/wp-json\/wp\/v2\/media?parent=23891"}],"curies":[{"name":"wp","href":"https:\/\/api.w.org\/{rel}","templated":true}]}}