{"id":23887,"date":"2025-03-18T12:49:40","date_gmt":"2025-03-18T11:49:40","guid":{"rendered":"https:\/\/www.sariki.es\/braco-de-medicao-portatil\/"},"modified":"2025-04-02T09:59:01","modified_gmt":"2025-04-02T07:59:01","slug":"braco-de-medicao-portatil","status":"publish","type":"page","link":"https:\/\/www.sariki.es\/pt-pt\/equipamentos-de-medicao\/medicao-3d\/braco-de-medicao-portatil\/","title":{"rendered":"Bra\u00e7o de medi\u00e7\u00e3o port\u00e1til"},"content":{"rendered":"\n\n\t\t<h1>\n\t\t\tBra\u00e7o de medi\u00e7\u00e3o port\u00e1til\n\t\t<\/h1>\n\t<p><strong>O bra\u00e7o de medi\u00e7\u00e3o Ace de Kreon<\/strong> \u00e9 uma m\u00e1quina tridimensional especialmente desenhada para oferecer <strong>portabilidade e flexibilidade \u00e0s tuas tarefas de medi\u00e7\u00e3o<\/strong>. <strong>Permite-te realizar medidas directamente no processo de fabrica\u00e7\u00e3o, onde as melhorias do processo apresentam maior beneficio.<\/strong><\/p>\n\t\t\t\t<img loading=\"lazy\" decoding=\"async\" src=\"https:\/\/www.sariki.es\/wp-content\/uploads\/2024\/03\/brazo-de-medicion-onyx-sariki.jpg\" alt=\"brazo-de-medicion-onyx-sariki\" itemprop=\"image\" height=\"554\" width=\"800\" title=\"brazo-de-medicion-onyx-sariki\" onerror=\"this.style.display='none'\"  \/>\n\t\t<h2>\n\t\t\tSolu\u00e7\u00e3o ideal de bra\u00e7o de medi\u00e7\u00e3o port\u00e1til: Kreon Ace ou Onyx\n\t\t<\/h2>\n\t\t<h4>Como escolher o teu bra\u00e7o de medi\u00e7\u00e3o?<\/h4>\n\t\t\t<ul><li>O bra\u00e7o de medi\u00e7\u00e3o de 6 eixos utiliza-se principalmente em trabalhos de medi\u00e7\u00e3o por contato com requisitos exigentes.<\/li><li>O bra\u00e7o de medi\u00e7\u00e3o de 7 eixos combina a tecnolog\u00eda de apalpa\u00e7\u00e3o e scanner 3d sendo muito f\u00e1cil de utilizar. <\/li><\/ul><p>Kreon desenvolveu a gama de bra\u00e7os Ace de 6 e 7 eixos cujo per\u00edmetro de trabalho est\u00e1 compreendido entre 2 e 5 metros. <strong>Toma em considera\u00e7\u00e3o o tamanho das tuas pe\u00e7as e a precis\u00e3o que requeres na medi\u00e7\u00e3o para escolher a op\u00e7\u00e3o mais adequada \u00e0s tuas necessidades.<\/strong><\/p>\t\t\n\t\t\t\t<img loading=\"lazy\" decoding=\"async\" src=\"https:\/\/www.sariki.es\/wp-content\/uploads\/2021\/09\/brazo-de-medicion-kreon-ace-6-ejes-y-7-ejes.jpg\" alt=\"brazo-de-medicion-kreon-ace-6-ejes-y-7-ejes\" itemprop=\"image\" height=\"344\" width=\"620\" title=\"brazo-de-medicion-kreon-ace-6-ejes-y-7-ejes\" onerror=\"this.style.display='none'\"  \/>\n\t\t\t\t\t\t\t<img loading=\"lazy\" decoding=\"async\" src=\"https:\/\/www.sariki.es\/wp-content\/uploads\/2019\/09\/quiero-presupuesto-icono.png\" alt=\"quiero-presupuesto-icono\" width=\"201\" height=\"201\" \/>\n\t\t\n\t\t\t<a href=\"https:\/\/www.sariki.es\/pt-pt\/pretendo-uma-oferta\/\" title=\"Click Here\" target=\"_self\"   role=\"button\" aria-label=\"Pretendo uma oferta\">\n\t\t\t\t\t\t\tPretendo uma oferta\n\t\t<\/a>\n\t\t\t\t\t\t\t<img loading=\"lazy\" decoding=\"async\" src=\"https:\/\/www.sariki.es\/wp-content\/uploads\/2019\/09\/quiero-asesoramiento-icono.png\" alt=\"quiero-asesoramiento-icono\" width=\"201\" height=\"201\" \/>\n\t\t\n\t\t\t<a href=\"https:\/\/www.sariki.es\/pt-pt\/pretendo-informacoes\/\" title=\"Click Here\" target=\"_self\"   role=\"button\" aria-label=\"Pretendo informa\u00e7\u00f5es\">\n\t\t\t\t\t\t\tPretendo informa\u00e7\u00f5es\n\t\t<\/a>\n\t\t\t\t\t\t\t<img loading=\"lazy\" decoding=\"async\" src=\"https:\/\/www.sariki.es\/wp-content\/uploads\/2019\/09\/descargar-catalogo-icono.png\" alt=\"descargar-catalogo-icono\" width=\"201\" height=\"201\" \/>\n\t\t\n\t\t\t<a href=\"#\" title=\"Click Here\" target=\"_self\"   role=\"button\" aria-label=\"Descarregar o cat\u00e1logo\">\n\t\t\t\t\t\t\tDescarregar o cat\u00e1logo\n\t\t<\/a>\n\t\t<h2>\n\t\t\tProdutos e servi\u00e7os relacionados\n\t\t<\/h2>\n\t\t\t<p>Com este equipamento podem ser utilizados diferentes softwares em fun\u00e7\u00e3o das necessidades e utiliza\u00e7\u00e3o que se pretende. Aconselharemos em todo o momento sobre o complemento mais adequado ao seu caso. Consulte-nos sem compromisso.<\/p>\t\t\n\t\t\t\t\t\t\t<img loading=\"lazy\" decoding=\"async\" src=\"https:\/\/www.sariki.es\/wp-content\/uploads\/2019\/10\/plataforma-de-software-de-medicion-3d-metrolog-X4.png\" alt=\"plataforma-de-software-de-medicion-3d-metrolog-X4\" width=\"433\" height=\"306\" \/>\n\t\t\n\t\t\t<a href=\"https:\/\/www.sariki.es\/pt-pt\/equipamentos-de-medicao\/digitalizacao-3d\/scanner-laser-para-braco-portatil\/software-metrolog-x4\/\" title=\"Click Here\" target=\"_self\"   role=\"button\" aria-label=\"Software Metrolog\">\n\t\t\t\t\t\t\tSoftware Metrolog\n\t\t<\/a>\n\t\t\t\t\t\t\t<img loading=\"lazy\" decoding=\"async\" src=\"https:\/\/www.sariki.es\/wp-content\/uploads\/2019\/10\/software-de-medicion-universal-polyworks-inspector-innovmetric.png\" alt=\"software-de-medicion-universal-polyworks-inspector-innovmetric\" width=\"433\" height=\"306\" \/>\n\t\t\n\t\t\t<a href=\"https:\/\/www.sariki.es\/pt-pt\/equipamentos-de-medicao\/digitalizacao-3d\/scanner-laser-para-braco-portatil\/software-polyworks\/\" title=\"Click Here\" target=\"_self\"   role=\"button\" aria-label=\"Software Polyworks\">\n\t\t\t\t\t\t\tSoftware Polyworks\n\t\t<\/a>\n\t\t<h2>\n\t\t\tAplica\u00e7\u00f5es\n\t\t<\/h2>\n\t\t\t<p>O bra\u00e7o com scanner Kreon oferece solu\u00e7\u00f5es vers\u00e1teis para pe\u00e7as m\u00e9dias.<\/p>\t\t\n\t\t<h4>Controle de qualidade:<\/h4>\n\t\t\t<p>Compare suas medi\u00e7\u00f5es com o CAD nominal da pe\u00e7a e crie um mapa de cores em 3D com os erros.<\/p>\t\t\n\t\t<h4>Engenharia inversa<\/h4>\n\t\t\t<p>Realize engenharia reversa a partir da nuvem de pontos obtida (geometria e superf\u00edcies de forma livre) e transforme-a em um modelo nativo de CAD.<\/p>\t\t\n\t\t<h4>Impress\u00e3o 3D:<\/h4>\n\t\t\t<p>Produza pe\u00e7as detalhadas em v\u00e1rios materiais com integra\u00e7\u00e3o de dados perfeita a qualquer impressora 3D.<\/p>\t\t\n\t\t<h4>Cria\u00e7\u00e3o r\u00e1pida de prot\u00f3tipos:<\/h4>\n\t\t\t<p>Escaneie, modifique e reproduza.<\/p>\t\t\n\t\t<h2>\n\t\t\tEspecifica\u00e7\u00f5es t\u00e9cnicas\n\t\t<\/h2>\n\t\t<h4>Brazo Ace \/ Onyx<\/h4>\n\t\t\t<p>Volume de trabalho <strong>Ace de 2 a 5m<\/strong>Volume de trabalho <strong>Onyx de 2 a 5m<\/strong><\/p>\t\t\n\t\t<h2>\n\t\t\tNecessitas de mais informa\u00e7\u00e3o?\n\t\t<\/h2>\n\n","protected":false},"excerpt":{"rendered":"<p>Bra\u00e7o de medi\u00e7\u00e3o port\u00e1til O bra\u00e7o de medi\u00e7\u00e3o Ace de Kreon \u00e9 uma m\u00e1quina tridimensional especialmente desenhada para oferecer portabilidade e flexibilidade \u00e0s tuas tarefas de medi\u00e7\u00e3o. Permite-te realizar medidas directamente no processo de fabrica\u00e7\u00e3o, onde as melhorias do processo apresentam maior beneficio. Solu\u00e7\u00e3o ideal de bra\u00e7o de medi\u00e7\u00e3o port\u00e1til: Kreon Ace ou Onyx Como&hellip;<\/p>\n","protected":false},"author":6,"featured_media":0,"parent":23891,"menu_order":0,"comment_status":"closed","ping_status":"closed","template":"","meta":{"footnotes":""},"class_list":["post-23887","page","type-page","status-publish","hentry"],"yoast_head":"<!-- This site is optimized with the Yoast SEO Premium plugin v24.6 (Yoast SEO v24.6) - https:\/\/yoast.com\/wordpress\/plugins\/seo\/ -->\n<title>Bra\u00e7o de medi\u00e7\u00e3o port\u00e1til - Sariki Metrolog\u00eda Industrial<\/title>\n<meta name=\"description\" content=\"O bra\u00e7o de medi\u00e7\u00e3o Ace da Kreon \u00e9 uma m\u00e1quina tridimensional especialmente concebida para oferecer portabilidade e flexibilidade \u00e0s suas tarefas de qualidade.\" \/>\n<meta name=\"robots\" content=\"index, follow, max-snippet:-1, max-image-preview:large, max-video-preview:-1\" \/>\n<link rel=\"canonical\" href=\"https:\/\/www.sariki.es\/pt-pt\/equipamentos-de-medicao\/medicao-3d\/braco-de-medicao-portatil\/\" \/>\n<meta property=\"og:locale\" content=\"pt_PT\" \/>\n<meta property=\"og:type\" content=\"article\" \/>\n<meta property=\"og:title\" content=\"Bra\u00e7o de medi\u00e7\u00e3o port\u00e1til\" \/>\n<meta property=\"og:description\" content=\"O bra\u00e7o de medi\u00e7\u00e3o Ace da Kreon \u00e9 uma m\u00e1quina tridimensional especialmente concebida para oferecer portabilidade e flexibilidade \u00e0s suas tarefas de qualidade.\" \/>\n<meta property=\"og:url\" content=\"https:\/\/www.sariki.es\/pt-pt\/equipamentos-de-medicao\/medicao-3d\/braco-de-medicao-portatil\/\" \/>\n<meta property=\"og:site_name\" content=\"Sariki - Metrolog\u00eda industrial\" \/>\n<meta property=\"article:publisher\" content=\"https:\/\/www.facebook.com\/MetrologiaSariki\" \/>\n<meta property=\"article:modified_time\" content=\"2025-04-02T07:59:01+00:00\" \/>\n<meta property=\"og:image\" content=\"https:\/\/www.sariki.es\/wp-content\/uploads\/2024\/03\/brazo-de-medicion-onyx-sariki.jpg\" \/>\n<meta name=\"twitter:card\" content=\"summary_large_image\" \/>\n<meta name=\"twitter:site\" content=\"@sarikisa\" \/>\n<meta name=\"twitter:label1\" content=\"Tempo estimado de leitura\" \/>\n\t<meta name=\"twitter:data1\" content=\"2 minutos\" \/>\n<script type=\"application\/ld+json\" class=\"yoast-schema-graph\">{\"@context\":\"https:\/\/schema.org\",\"@graph\":[{\"@type\":\"WebPage\",\"@id\":\"https:\/\/www.sariki.es\/pt-pt\/equipamentos-de-medicao\/medicao-3d\/braco-de-medicao-portatil\/\",\"url\":\"https:\/\/www.sariki.es\/pt-pt\/equipamentos-de-medicao\/medicao-3d\/braco-de-medicao-portatil\/\",\"name\":\"Bra\u00e7o de medi\u00e7\u00e3o port\u00e1til - Sariki Metrolog\u00eda Industrial\",\"isPartOf\":{\"@id\":\"https:\/\/www.sariki.es\/pt-pt\/#website\"},\"primaryImageOfPage\":{\"@id\":\"https:\/\/www.sariki.es\/pt-pt\/equipamentos-de-medicao\/medicao-3d\/braco-de-medicao-portatil\/#primaryimage\"},\"image\":{\"@id\":\"https:\/\/www.sariki.es\/pt-pt\/equipamentos-de-medicao\/medicao-3d\/braco-de-medicao-portatil\/#primaryimage\"},\"thumbnailUrl\":\"https:\/\/www.sariki.es\/wp-content\/uploads\/2024\/03\/brazo-de-medicion-onyx-sariki.jpg\",\"datePublished\":\"2025-03-18T11:49:40+00:00\",\"dateModified\":\"2025-04-02T07:59:01+00:00\",\"description\":\"O bra\u00e7o de medi\u00e7\u00e3o Ace da Kreon \u00e9 uma m\u00e1quina tridimensional especialmente concebida para oferecer portabilidade e flexibilidade \u00e0s suas tarefas de qualidade.\",\"breadcrumb\":{\"@id\":\"https:\/\/www.sariki.es\/pt-pt\/equipamentos-de-medicao\/medicao-3d\/braco-de-medicao-portatil\/#breadcrumb\"},\"inLanguage\":\"pt-PT\",\"potentialAction\":[{\"@type\":\"ReadAction\",\"target\":[\"https:\/\/www.sariki.es\/pt-pt\/equipamentos-de-medicao\/medicao-3d\/braco-de-medicao-portatil\/\"]}]},{\"@type\":\"ImageObject\",\"inLanguage\":\"pt-PT\",\"@id\":\"https:\/\/www.sariki.es\/pt-pt\/equipamentos-de-medicao\/medicao-3d\/braco-de-medicao-portatil\/#primaryimage\",\"url\":\"https:\/\/www.sariki.es\/wp-content\/uploads\/2024\/03\/brazo-de-medicion-onyx-sariki.jpg\",\"contentUrl\":\"https:\/\/www.sariki.es\/wp-content\/uploads\/2024\/03\/brazo-de-medicion-onyx-sariki.jpg\"},{\"@type\":\"BreadcrumbList\",\"@id\":\"https:\/\/www.sariki.es\/pt-pt\/equipamentos-de-medicao\/medicao-3d\/braco-de-medicao-portatil\/#breadcrumb\",\"itemListElement\":[{\"@type\":\"ListItem\",\"position\":1,\"name\":\"Inicio\",\"item\":\"https:\/\/www.sariki.es\/pt-pt\/\"},{\"@type\":\"ListItem\",\"position\":2,\"name\":\"Equipamentos de medi\u00e7\u00e3o\",\"item\":\"https:\/\/www.sariki.es\/pt-pt\/equipamentos-de-medicao\/\"},{\"@type\":\"ListItem\",\"position\":3,\"name\":\"Medi\u00e7\u00e3o 3D\",\"item\":\"https:\/\/www.sariki.es\/pt-pt\/equipamentos-de-medicao\/medicao-3d\/\"},{\"@type\":\"ListItem\",\"position\":4,\"name\":\"Bra\u00e7o de medi\u00e7\u00e3o port\u00e1til\"}]},{\"@type\":\"WebSite\",\"@id\":\"https:\/\/www.sariki.es\/pt-pt\/#website\",\"url\":\"https:\/\/www.sariki.es\/pt-pt\/\",\"name\":\"Sariki - Metrolog\u00eda industrial\",\"description\":\"Metrolog\u00eda industrial en Gipuzkoa\",\"publisher\":{\"@id\":\"https:\/\/www.sariki.es\/pt-pt\/#organization\"},\"potentialAction\":[{\"@type\":\"SearchAction\",\"target\":{\"@type\":\"EntryPoint\",\"urlTemplate\":\"https:\/\/www.sariki.es\/pt-pt\/?s={search_term_string}\"},\"query-input\":{\"@type\":\"PropertyValueSpecification\",\"valueRequired\":true,\"valueName\":\"search_term_string\"}}],\"inLanguage\":\"pt-PT\"},{\"@type\":\"Organization\",\"@id\":\"https:\/\/www.sariki.es\/pt-pt\/#organization\",\"name\":\"Sariki - Soluciones de metrolog\u00eda\",\"url\":\"https:\/\/www.sariki.es\/pt-pt\/\",\"logo\":{\"@type\":\"ImageObject\",\"inLanguage\":\"pt-PT\",\"@id\":\"https:\/\/www.sariki.es\/pt-pt\/#\/schema\/logo\/image\/\",\"url\":\"\",\"contentUrl\":\"\",\"caption\":\"Sariki - Soluciones de metrolog\u00eda\"},\"image\":{\"@id\":\"https:\/\/www.sariki.es\/pt-pt\/#\/schema\/logo\/image\/\"},\"sameAs\":[\"https:\/\/www.facebook.com\/MetrologiaSariki\",\"https:\/\/x.com\/sarikisa\"]}]}<\/script>\n<!-- \/ Yoast SEO Premium plugin. -->","yoast_head_json":{"title":"Bra\u00e7o de medi\u00e7\u00e3o port\u00e1til - Sariki Metrolog\u00eda Industrial","description":"O bra\u00e7o de medi\u00e7\u00e3o Ace da Kreon \u00e9 uma m\u00e1quina tridimensional especialmente concebida para oferecer portabilidade e flexibilidade \u00e0s suas tarefas de qualidade.","robots":{"index":"index","follow":"follow","max-snippet":"max-snippet:-1","max-image-preview":"max-image-preview:large","max-video-preview":"max-video-preview:-1"},"canonical":"https:\/\/www.sariki.es\/pt-pt\/equipamentos-de-medicao\/medicao-3d\/braco-de-medicao-portatil\/","og_locale":"pt_PT","og_type":"article","og_title":"Bra\u00e7o de medi\u00e7\u00e3o port\u00e1til","og_description":"O bra\u00e7o de medi\u00e7\u00e3o Ace da Kreon \u00e9 uma m\u00e1quina tridimensional especialmente concebida para oferecer portabilidade e flexibilidade \u00e0s suas tarefas de qualidade.","og_url":"https:\/\/www.sariki.es\/pt-pt\/equipamentos-de-medicao\/medicao-3d\/braco-de-medicao-portatil\/","og_site_name":"Sariki - Metrolog\u00eda industrial","article_publisher":"https:\/\/www.facebook.com\/MetrologiaSariki","article_modified_time":"2025-04-02T07:59:01+00:00","og_image":[{"url":"https:\/\/www.sariki.es\/wp-content\/uploads\/2024\/03\/brazo-de-medicion-onyx-sariki.jpg","type":"","width":"","height":""}],"twitter_card":"summary_large_image","twitter_site":"@sarikisa","twitter_misc":{"Tempo estimado de leitura":"2 minutos"},"schema":{"@context":"https:\/\/schema.org","@graph":[{"@type":"WebPage","@id":"https:\/\/www.sariki.es\/pt-pt\/equipamentos-de-medicao\/medicao-3d\/braco-de-medicao-portatil\/","url":"https:\/\/www.sariki.es\/pt-pt\/equipamentos-de-medicao\/medicao-3d\/braco-de-medicao-portatil\/","name":"Bra\u00e7o de medi\u00e7\u00e3o port\u00e1til - Sariki Metrolog\u00eda Industrial","isPartOf":{"@id":"https:\/\/www.sariki.es\/pt-pt\/#website"},"primaryImageOfPage":{"@id":"https:\/\/www.sariki.es\/pt-pt\/equipamentos-de-medicao\/medicao-3d\/braco-de-medicao-portatil\/#primaryimage"},"image":{"@id":"https:\/\/www.sariki.es\/pt-pt\/equipamentos-de-medicao\/medicao-3d\/braco-de-medicao-portatil\/#primaryimage"},"thumbnailUrl":"https:\/\/www.sariki.es\/wp-content\/uploads\/2024\/03\/brazo-de-medicion-onyx-sariki.jpg","datePublished":"2025-03-18T11:49:40+00:00","dateModified":"2025-04-02T07:59:01+00:00","description":"O bra\u00e7o de medi\u00e7\u00e3o Ace da Kreon \u00e9 uma m\u00e1quina tridimensional especialmente concebida para oferecer portabilidade e flexibilidade \u00e0s suas tarefas de qualidade.","breadcrumb":{"@id":"https:\/\/www.sariki.es\/pt-pt\/equipamentos-de-medicao\/medicao-3d\/braco-de-medicao-portatil\/#breadcrumb"},"inLanguage":"pt-PT","potentialAction":[{"@type":"ReadAction","target":["https:\/\/www.sariki.es\/pt-pt\/equipamentos-de-medicao\/medicao-3d\/braco-de-medicao-portatil\/"]}]},{"@type":"ImageObject","inLanguage":"pt-PT","@id":"https:\/\/www.sariki.es\/pt-pt\/equipamentos-de-medicao\/medicao-3d\/braco-de-medicao-portatil\/#primaryimage","url":"https:\/\/www.sariki.es\/wp-content\/uploads\/2024\/03\/brazo-de-medicion-onyx-sariki.jpg","contentUrl":"https:\/\/www.sariki.es\/wp-content\/uploads\/2024\/03\/brazo-de-medicion-onyx-sariki.jpg"},{"@type":"BreadcrumbList","@id":"https:\/\/www.sariki.es\/pt-pt\/equipamentos-de-medicao\/medicao-3d\/braco-de-medicao-portatil\/#breadcrumb","itemListElement":[{"@type":"ListItem","position":1,"name":"Inicio","item":"https:\/\/www.sariki.es\/pt-pt\/"},{"@type":"ListItem","position":2,"name":"Equipamentos de medi\u00e7\u00e3o","item":"https:\/\/www.sariki.es\/pt-pt\/equipamentos-de-medicao\/"},{"@type":"ListItem","position":3,"name":"Medi\u00e7\u00e3o 3D","item":"https:\/\/www.sariki.es\/pt-pt\/equipamentos-de-medicao\/medicao-3d\/"},{"@type":"ListItem","position":4,"name":"Bra\u00e7o de medi\u00e7\u00e3o port\u00e1til"}]},{"@type":"WebSite","@id":"https:\/\/www.sariki.es\/pt-pt\/#website","url":"https:\/\/www.sariki.es\/pt-pt\/","name":"Sariki - Metrolog\u00eda industrial","description":"Metrolog\u00eda industrial en Gipuzkoa","publisher":{"@id":"https:\/\/www.sariki.es\/pt-pt\/#organization"},"potentialAction":[{"@type":"SearchAction","target":{"@type":"EntryPoint","urlTemplate":"https:\/\/www.sariki.es\/pt-pt\/?s={search_term_string}"},"query-input":{"@type":"PropertyValueSpecification","valueRequired":true,"valueName":"search_term_string"}}],"inLanguage":"pt-PT"},{"@type":"Organization","@id":"https:\/\/www.sariki.es\/pt-pt\/#organization","name":"Sariki - Soluciones de metrolog\u00eda","url":"https:\/\/www.sariki.es\/pt-pt\/","logo":{"@type":"ImageObject","inLanguage":"pt-PT","@id":"https:\/\/www.sariki.es\/pt-pt\/#\/schema\/logo\/image\/","url":"","contentUrl":"","caption":"Sariki - Soluciones de metrolog\u00eda"},"image":{"@id":"https:\/\/www.sariki.es\/pt-pt\/#\/schema\/logo\/image\/"},"sameAs":["https:\/\/www.facebook.com\/MetrologiaSariki","https:\/\/x.com\/sarikisa"]}]}},"_links":{"self":[{"href":"https:\/\/www.sariki.es\/pt-pt\/wp-json\/wp\/v2\/pages\/23887","targetHints":{"allow":["GET"]}}],"collection":[{"href":"https:\/\/www.sariki.es\/pt-pt\/wp-json\/wp\/v2\/pages"}],"about":[{"href":"https:\/\/www.sariki.es\/pt-pt\/wp-json\/wp\/v2\/types\/page"}],"author":[{"embeddable":true,"href":"https:\/\/www.sariki.es\/pt-pt\/wp-json\/wp\/v2\/users\/6"}],"replies":[{"embeddable":true,"href":"https:\/\/www.sariki.es\/pt-pt\/wp-json\/wp\/v2\/comments?post=23887"}],"version-history":[{"count":2,"href":"https:\/\/www.sariki.es\/pt-pt\/wp-json\/wp\/v2\/pages\/23887\/revisions"}],"predecessor-version":[{"id":24662,"href":"https:\/\/www.sariki.es\/pt-pt\/wp-json\/wp\/v2\/pages\/23887\/revisions\/24662"}],"up":[{"embeddable":true,"href":"https:\/\/www.sariki.es\/pt-pt\/wp-json\/wp\/v2\/pages\/23891"}],"wp:attachment":[{"href":"https:\/\/www.sariki.es\/pt-pt\/wp-json\/wp\/v2\/media?parent=23887"}],"curies":[{"name":"wp","href":"https:\/\/api.w.org\/{rel}","templated":true}]}}