{"id":23874,"date":"2025-03-18T12:37:16","date_gmt":"2025-03-18T11:37:16","guid":{"rendered":"https:\/\/www.sariki.es\/hibridacao-de-tecnologias\/"},"modified":"2025-04-02T09:54:40","modified_gmt":"2025-04-02T07:54:40","slug":"hibridacao-de-tecnologias","status":"publish","type":"page","link":"https:\/\/www.sariki.es\/pt-pt\/equipamentos-de-medicao\/medicao-3d\/hibridacao-de-tecnologias\/","title":{"rendered":"Hibrida\u00e7\u00e3o de tecnologias"},"content":{"rendered":"\n\n\t\t<h1>\n\t\t\tHibrida\u00e7\u00e3o de tecnologias\n\t\t<\/h1>\n\t<p><strong>Propomos combinar diferentes tecnolog\u00edas num \u00fanico sistema de medi\u00e7\u00e3o com o objetivo de optimizar o seu processo de inspe\u00e7\u00e3o.<\/strong> \u00c9 v\u00e1lido para aplica\u00e7\u00f5es muito diversas do sector autom\u00f3vel, aeron\u00e1utico, sa\u00fade, bens de consumo, m\u00e1quina ferramenta, consumo&#8230;etc.<\/p>\n<p><strong>Interessante para as empresas que necessitam de uma valida\u00e7\u00e3o completa da pe\u00e7a que fabricam, que t\u00eam de verificar muitas carater\u00edsticas geom\u00e9tricas e de superf\u00edcie e que pretendem otimizar o processo.<\/strong><\/p>\n\t\t\t\t\t\t\t\t\t<img loading=\"lazy\" decoding=\"async\" src=\"https:\/\/www.sariki.es\/wp-content\/uploads\/2019\/10\/tecnologia-multisensor-en-maquina-tridimensional.jpg\" alt=\"tecnologia-multisensor-en-maquina-tridimensional\" itemprop=\"image\" height=\"364\" width=\"620\" srcset=\"https:\/\/www.sariki.es\/wp-content\/uploads\/2019\/10\/tecnologia-multisensor-en-maquina-tridimensional.jpg 620w, https:\/\/www.sariki.es\/wp-content\/uploads\/2019\/10\/tecnologia-multisensor-en-maquina-tridimensional-300x176.jpg 300w\" sizes=\"auto, (max-width: 620px) 100vw, 620px\" title=\"tecnologia-multisensor-en-maquina-tridimensional\" onerror=\"this.style.display='none'\"  \/>\n\t\t<h2>\n\t\t\tMede com diferentes tecnolog\u00edas num \u00fanico sistema\n\t\t<\/h2>\n\t<p>Poder incorporar diferentes tecnolog\u00edas dentro de uma m\u00e1quina tridimensional oferece muitas vantagens.<\/p>\n\t<p>Uma das mais importantes \u00e9 a flexibilidade. As nossas m\u00e1quinas tridimensionais podem equipar-se com uma grande variedade de sondas:<\/p>\n<ul>\n<li>Sondas de contacto<\/li>\n<li>Sondas de medi\u00e7\u00e3o em cont\u00ednuo<\/li>\n<li>Scanneres laser<\/li>\n<li>Sonda de vis\u00e3o<\/li>\n<li>Sonda de rugosidade superficial<\/li>\n<\/ul>\n\t\t\t\t\t\t\t<img loading=\"lazy\" decoding=\"async\" src=\"https:\/\/www.sariki.es\/wp-content\/uploads\/2019\/08\/icono-discos.png\" alt=\"imagen icono\" width=\"78\" height=\"71\" \/>\n\t\t<h4>Diferentes tecnolog\u00edas dentro de uma m\u00e1quina tridimensional<\/h4>\n\t<p>Todas <strong>as configura\u00e7\u00f5es de sonda podem-se alterar autom\u00e1ticamente dentro do mesmo ciclo de medi\u00e7\u00e3o<\/strong> e todos os dados s\u00e3o controlados numa \u00fanica plataforma, facilitando assim a compila\u00e7\u00e3o dos resultados durante o processo de inspe\u00e7\u00e3o.<\/p>\n\t<p>Existem muitos tipos diferentes de trocadores de m\u00f3dulos de apalpador disponiveis para cumprir com os requisitos da sua aplica\u00e7\u00e3o.<\/p>\n\t<p>Para al\u00e9m disso, as solu\u00e7\u00f5es de software integradas possuem op\u00e7\u00f5es para a avalia\u00e7\u00e3o estat\u00edstica de dados medidos, medi\u00e7\u00f5es de perfil com respeito a dados CAD, assim como a digitaliza\u00e7\u00e3o de superficies de forma livre.<\/p>\n\t\t\t\t\t\t\t\t\t<img loading=\"lazy\" decoding=\"async\" src=\"https:\/\/www.sariki.es\/wp-content\/uploads\/2019\/10\/medicion-3d-con-sonda-de-rugosidad-surftest-probe-en-maquina-tridimensional.jpg\" alt=\"medicion-3d-con-sonda-de-rugosidad-surftest-probe-en-maquina-tridimensional\" itemprop=\"image\" height=\"927\" width=\"620\" srcset=\"https:\/\/www.sariki.es\/wp-content\/uploads\/2019\/10\/medicion-3d-con-sonda-de-rugosidad-surftest-probe-en-maquina-tridimensional.jpg 620w, https:\/\/www.sariki.es\/wp-content\/uploads\/2019\/10\/medicion-3d-con-sonda-de-rugosidad-surftest-probe-en-maquina-tridimensional-201x300.jpg 201w\" sizes=\"auto, (max-width: 620px) 100vw, 620px\" title=\"medicion-3d-con-sonda-de-rugosidad-surftest-probe-en-maquina-tridimensional\" onerror=\"this.style.display='none'\"  \/>\n\t\t<h3>\n\t\t\tProjeto integral adequado \u00e0s suas necessidades\n\t\t<\/h3>\n\t<p>Dispomos de uma solu\u00e7\u00e3o integral adequada \u00e0s suas necessidades. A experi\u00eancia diz-nos que a <strong>colabora\u00e7\u00e3o com o cliente<\/strong> \u00e9 a base do \u00e9xito deste tipo de projetos e por esse motivo <strong>desde o inicio do projeto que trabalhamos conjuntamente para identificar quais as suas necessidades principais por forma a propormos a melhor solu\u00e7\u00e3o<\/strong>.<\/p>\n<strong>Acompanhamos ao longo de todo o ciclo de vida do projeto:<\/strong> defini\u00e7\u00e3o do projeto, instala\u00e7\u00e3o, forma\u00e7\u00e3o, programa\u00e7\u00e3o, suporte ao utilizador e assist\u00eancia t\u00e9cnica. A Sariki est\u00e1 formada por uma equipa de 60 pessoas altamente especializadas e com mais de 35 anos de experi\u00eancia no sector da metrologia.<strong><br \/>\n<\/strong>\n\t\t<h4>Acompanhamos ao longo de todo o ciclo de vida do projeto<\/h4>\n\t\t\t\t\t\t<a href=\"https:\/\/www.sariki.es\/pt-pt\/pretendo-informacoes\/\" target=\"_self\" aria-label=\"\">\n\t\t\t\t\t\t\t<img loading=\"lazy\" decoding=\"async\" src=\"https:\/\/www.sariki.es\/wp-content\/uploads\/2019\/09\/quiero-asesoramiento-icono.png\" alt=\"quiero-asesoramiento-icono\" width=\"201\" height=\"201\" \/>\n\t\t\t\t\t\t<\/a>\n\t\t\n\t\t\t\t<a href=\"https:\/\/www.sariki.es\/pt-pt\/pretendo-informacoes\/\" role=\"button\" target=\"_self\">\n\t\t\t\t\t\t\t\t\t\tPretendo informa\u00e7\u00f5es\t\t\t\t\t\t\t\t\t<\/a>\n\t\t<h2>\n\t\t\tConhe\u00e7a as nossas sondas para incorporar nas m\u00e1quinas de medi\u00e7\u00e3o por coordenadas\n\t\t<\/h2>\n\t\t\t\t\t\t\t<img loading=\"lazy\" decoding=\"async\" src=\"https:\/\/www.sariki.es\/wp-content\/uploads\/2019\/10\/sonda-medicion-3d-con-escaner-laser-3d-surfacemeasure-en-maquina-tridimensional.jpg\" alt=\"sonda-medicion-3d-con-escaner-laser-3d-surfacemeasure-en-maquina-tridimensional\" width=\"400\" height=\"248\" \/>\n\t\t\n\t\t\t<p>Aumente a sua produtividade e digitalize os seus processos utilizando um \u00fanico sistema. Cria uma c\u00f3pia digital da pe\u00e7a<\/p>\t\t\n\t\t\t<a href=\"https:\/\/www.sariki.es\/pt-pt\/scanner-laser\/\" title=\"Click Here\" target=\"_self\"   role=\"button\" aria-label=\"Scanner laser\">\n\t\t\t\t\t\t\tScanner laser\n\t\t<\/a>\n\t\t\t\t\t\t\t<img loading=\"lazy\" decoding=\"async\" src=\"https:\/\/www.sariki.es\/wp-content\/uploads\/2019\/10\/sonda-medicion-3d-de-rugosidad-en-maquina-tridimensional.jpg\" alt=\"sonda-medicion-3d-de-rugosidad-en-maquina-tridimensional\" width=\"400\" height=\"248\" \/>\n\t\t\n\t\t\t<p>A tecnolog\u00eda de medi\u00e7\u00e3o de acabamento superficial j\u00e1 se pode utilizar directamente na m\u00e1quina tridimensional<\/p>\t\t\n\t\t\t<a href=\"https:\/\/www.sariki.es\/pt-pt\/rugosimetro\/\" title=\"Click Here\" target=\"_self\"   role=\"button\" aria-label=\"Rugos\u00edmetro\">\n\t\t\t\t\t\t\tRugos\u00edmetro\n\t\t<\/a>\n\t\t\t\t\t\t\t<img loading=\"lazy\" decoding=\"async\" src=\"https:\/\/www.sariki.es\/wp-content\/uploads\/2019\/10\/sonda-de-vision-QVP-para-medicion-3d-en-maquina-tridimensional.jpg\" alt=\"sonda-de-vision-QVP-para-medicion-3d-en-maquina-tridimensional\" width=\"400\" height=\"248\" \/>\n\t\t\n\t\t\t<p>QVP \u00e9 um cabe\u00e7al de medi\u00e7\u00e3o \u00f3ptico desenhado espec\u00edficamente para m\u00e1quinas de medi\u00e7\u00e3o por coordenadas<\/p>\t\t\n\t\t\t<a href=\"https:\/\/www.sariki.es\/pt-pt\/visao\/\" title=\"Click Here\" target=\"_self\"   role=\"button\" aria-label=\"Vis\u00e3o\">\n\t\t\t\t\t\t\tVis\u00e3o\n\t\t<\/a>\n\t\t\t\t\t\t\t<img loading=\"lazy\" decoding=\"async\" src=\"https:\/\/www.sariki.es\/wp-content\/uploads\/2019\/10\/sonda-de-medicion-5-ejes-Renishaw-PH20.jpg\" alt=\"sonda-de-medicion-5-ejes-Renishaw-PH20\" width=\"400\" height=\"248\" \/>\n\t\t\n\t\t\t<p>A tecnolog\u00eda REVO\u00a9 y PH20 acrescentam 2 eixos adicionais aos 3 que j\u00e1 disp\u00f5e a m\u00e1quina de medi\u00e7\u00e3o por coordenadas<\/p>\t\t\n\t\t\t<a href=\"https:\/\/www.sariki.es\/pt-pt\/5-eixos\/\" title=\"Click Here\" target=\"_self\"   role=\"button\" aria-label=\"5 eixos\">\n\t\t\t\t\t\t\t5 eixos\n\t\t<\/a>\n\t\t\t\t\t\t\t<img loading=\"lazy\" decoding=\"async\" src=\"https:\/\/www.sariki.es\/wp-content\/uploads\/2019\/10\/limpiador-de-palpadores-intro.jpg\" alt=\"limpiador-de-palpadores-intro\" width=\"400\" height=\"248\" \/>\n\t\t\n\t\t\t<p>StyliCleaner \u00e9 uma solu\u00e7\u00e3o autom\u00e1tica para eliminar o p\u00f3 ou a sujidade dos apalpadores das m\u00e1quinas de medi\u00e7\u00e3o Mitutoyo<\/p>\t\t\n\t\t\t<a href=\"https:\/\/www.sariki.es\/pt-pt\/equipamentos-de-medicao\/elementos-de-fixacao-perifericos-e-acessorios\/limpeza-de-apalpadores\/\" title=\"Click Here\" target=\"_self\"   role=\"button\" aria-label=\"Limpeza de Apalpadores\">\n\t\t\t\t\t\t\tLimpeza de Apalpadores\n\t\t<\/a>\n\t\t<h2>\n\t\t\tWebinar\n\t\t<\/h2>\n\t<iframe loading=\"lazy\" width=\"560\" height=\"315\" src=\"https:\/\/www.youtube.com\/embed\/kXF1tX_n6NE\" title=\"YouTube video player\" frameborder=\"0\" allow=\"accelerometer; autoplay; clipboard-write; encrypted-media; gyroscope; picture-in-picture\" allowfullscreen=\"\"><\/iframe>\n\t\t<h2>\n\t\t\tCaso de sucesso\n\t\t<\/h2>\n\t<p><strong>UMBOR<\/strong> adquiriu uma m\u00e1quina de medi\u00e7\u00e3o 3D Mitutoyo Crysta Apex S 12.20.10 equipada com a solu\u00e7\u00e3o de scanner laser SurfaceMeasure e probe de scanning em cont\u00ednuo SP-25 para scannear r\u00e1pida e eficazmente 100% do volume dos seus moldes.<\/p>\n\t\t\t<a href=\"https:\/\/www.sariki.es\/pt-pt\/casos-de-sucesso\/umbor\/\" title=\"Click Here\" target=\"_self\"   role=\"button\" aria-label=\"Ver o caso de sucesso\">\n\t\t\t\t\t\t\tVer o caso de sucesso\n\t\t<\/a>\n\t\t\t<a href=\"https:\/\/www.sariki.es\/pt-pt\/setores\/\" title=\"Click Here\" target=\"_self\"   role=\"button\" aria-label=\"Ver todos os casos de sucesso\">\n\t\t\t\t\t\t\tVer todos os casos de sucesso\n\t\t<\/a>\n\t\t\t\t<img loading=\"lazy\" decoding=\"async\" src=\"https:\/\/www.sariki.es\/wp-content\/uploads\/2019\/10\/intro-hibridacion-tecnologias.jpg\" alt=\"intro-hibridacion-tecnologias\" itemprop=\"image\" height=\"404\" width=\"620\" title=\"intro-hibridacion-tecnologias\" onerror=\"this.style.display='none'\"  \/>\n\t\t<h2>\n\t\t\tNecessitas de mais informa\u00e7\u00e3o?\n\t\t<\/h2>\n\n","protected":false},"excerpt":{"rendered":"<p>Hibrida\u00e7\u00e3o de tecnologias Propomos combinar diferentes tecnolog\u00edas num \u00fanico sistema de medi\u00e7\u00e3o com o objetivo de optimizar o seu processo de inspe\u00e7\u00e3o. \u00c9 v\u00e1lido para aplica\u00e7\u00f5es muito diversas do sector autom\u00f3vel, aeron\u00e1utico, sa\u00fade, bens de consumo, m\u00e1quina ferramenta, consumo&#8230;etc. Interessante para as empresas que necessitam de uma valida\u00e7\u00e3o completa da pe\u00e7a que fabricam, que t\u00eam&hellip;<\/p>\n","protected":false},"author":1,"featured_media":0,"parent":23891,"menu_order":0,"comment_status":"closed","ping_status":"closed","template":"","meta":{"footnotes":""},"class_list":["post-23874","page","type-page","status-publish","hentry"],"yoast_head":"<!-- This site is optimized with the Yoast SEO Premium plugin v24.6 (Yoast SEO v24.6) - https:\/\/yoast.com\/wordpress\/plugins\/seo\/ -->\n<title>Hibrida\u00e7\u00e3o de tecnologias - Sariki Metrolog\u00eda Industrial<\/title>\n<meta name=\"description\" content=\"Propomos combinar diferentes tecnologias num \u00fanico sistema de medi\u00e7\u00e3o, a fim de otimizar o seu processo de inspe\u00e7\u00e3o.\" \/>\n<meta name=\"robots\" content=\"index, follow, max-snippet:-1, max-image-preview:large, max-video-preview:-1\" \/>\n<link rel=\"canonical\" href=\"https:\/\/www.sariki.es\/pt-pt\/equipamentos-de-medicao\/medicao-3d\/hibridacao-de-tecnologias\/\" \/>\n<meta property=\"og:locale\" content=\"pt_PT\" \/>\n<meta property=\"og:type\" content=\"article\" \/>\n<meta property=\"og:title\" content=\"Hibrida\u00e7\u00e3o de tecnologias\" \/>\n<meta property=\"og:description\" content=\"Propomos combinar diferentes tecnologias num \u00fanico sistema de medi\u00e7\u00e3o, a fim de otimizar o seu processo de inspe\u00e7\u00e3o.\" \/>\n<meta property=\"og:url\" content=\"https:\/\/www.sariki.es\/pt-pt\/equipamentos-de-medicao\/medicao-3d\/hibridacao-de-tecnologias\/\" \/>\n<meta property=\"og:site_name\" content=\"Sariki - Metrolog\u00eda industrial\" \/>\n<meta property=\"article:publisher\" content=\"https:\/\/www.facebook.com\/MetrologiaSariki\" \/>\n<meta property=\"article:modified_time\" content=\"2025-04-02T07:54:40+00:00\" \/>\n<meta property=\"og:image\" content=\"https:\/\/www.sariki.es\/wp-content\/uploads\/2019\/10\/tecnologia-multisensor-en-maquina-tridimensional.jpg\" \/>\n<meta name=\"twitter:card\" content=\"summary_large_image\" \/>\n<meta name=\"twitter:site\" content=\"@sarikisa\" \/>\n<meta name=\"twitter:label1\" content=\"Tempo estimado de leitura\" \/>\n\t<meta name=\"twitter:data1\" content=\"3 minutos\" \/>\n<script type=\"application\/ld+json\" class=\"yoast-schema-graph\">{\"@context\":\"https:\/\/schema.org\",\"@graph\":[{\"@type\":\"WebPage\",\"@id\":\"https:\/\/www.sariki.es\/pt-pt\/equipamentos-de-medicao\/medicao-3d\/hibridacao-de-tecnologias\/\",\"url\":\"https:\/\/www.sariki.es\/pt-pt\/equipamentos-de-medicao\/medicao-3d\/hibridacao-de-tecnologias\/\",\"name\":\"Hibrida\u00e7\u00e3o de tecnologias - Sariki Metrolog\u00eda Industrial\",\"isPartOf\":{\"@id\":\"https:\/\/www.sariki.es\/pt-pt\/#website\"},\"primaryImageOfPage\":{\"@id\":\"https:\/\/www.sariki.es\/pt-pt\/equipamentos-de-medicao\/medicao-3d\/hibridacao-de-tecnologias\/#primaryimage\"},\"image\":{\"@id\":\"https:\/\/www.sariki.es\/pt-pt\/equipamentos-de-medicao\/medicao-3d\/hibridacao-de-tecnologias\/#primaryimage\"},\"thumbnailUrl\":\"https:\/\/www.sariki.es\/wp-content\/uploads\/2019\/10\/tecnologia-multisensor-en-maquina-tridimensional.jpg\",\"datePublished\":\"2025-03-18T11:37:16+00:00\",\"dateModified\":\"2025-04-02T07:54:40+00:00\",\"description\":\"Propomos combinar diferentes tecnologias num \u00fanico sistema de medi\u00e7\u00e3o, a fim de otimizar o seu processo de inspe\u00e7\u00e3o.\",\"breadcrumb\":{\"@id\":\"https:\/\/www.sariki.es\/pt-pt\/equipamentos-de-medicao\/medicao-3d\/hibridacao-de-tecnologias\/#breadcrumb\"},\"inLanguage\":\"pt-PT\",\"potentialAction\":[{\"@type\":\"ReadAction\",\"target\":[\"https:\/\/www.sariki.es\/pt-pt\/equipamentos-de-medicao\/medicao-3d\/hibridacao-de-tecnologias\/\"]}]},{\"@type\":\"ImageObject\",\"inLanguage\":\"pt-PT\",\"@id\":\"https:\/\/www.sariki.es\/pt-pt\/equipamentos-de-medicao\/medicao-3d\/hibridacao-de-tecnologias\/#primaryimage\",\"url\":\"https:\/\/www.sariki.es\/wp-content\/uploads\/2019\/10\/tecnologia-multisensor-en-maquina-tridimensional.jpg\",\"contentUrl\":\"https:\/\/www.sariki.es\/wp-content\/uploads\/2019\/10\/tecnologia-multisensor-en-maquina-tridimensional.jpg\"},{\"@type\":\"BreadcrumbList\",\"@id\":\"https:\/\/www.sariki.es\/pt-pt\/equipamentos-de-medicao\/medicao-3d\/hibridacao-de-tecnologias\/#breadcrumb\",\"itemListElement\":[{\"@type\":\"ListItem\",\"position\":1,\"name\":\"Inicio\",\"item\":\"https:\/\/www.sariki.es\/pt-pt\/\"},{\"@type\":\"ListItem\",\"position\":2,\"name\":\"Equipamentos de medi\u00e7\u00e3o\",\"item\":\"https:\/\/www.sariki.es\/pt-pt\/equipamentos-de-medicao\/\"},{\"@type\":\"ListItem\",\"position\":3,\"name\":\"Medi\u00e7\u00e3o 3D\",\"item\":\"https:\/\/www.sariki.es\/pt-pt\/equipamentos-de-medicao\/medicao-3d\/\"},{\"@type\":\"ListItem\",\"position\":4,\"name\":\"Hibrida\u00e7\u00e3o de tecnologias\"}]},{\"@type\":\"WebSite\",\"@id\":\"https:\/\/www.sariki.es\/pt-pt\/#website\",\"url\":\"https:\/\/www.sariki.es\/pt-pt\/\",\"name\":\"Sariki - Metrolog\u00eda industrial\",\"description\":\"Metrolog\u00eda industrial en Gipuzkoa\",\"publisher\":{\"@id\":\"https:\/\/www.sariki.es\/pt-pt\/#organization\"},\"potentialAction\":[{\"@type\":\"SearchAction\",\"target\":{\"@type\":\"EntryPoint\",\"urlTemplate\":\"https:\/\/www.sariki.es\/pt-pt\/?s={search_term_string}\"},\"query-input\":{\"@type\":\"PropertyValueSpecification\",\"valueRequired\":true,\"valueName\":\"search_term_string\"}}],\"inLanguage\":\"pt-PT\"},{\"@type\":\"Organization\",\"@id\":\"https:\/\/www.sariki.es\/pt-pt\/#organization\",\"name\":\"Sariki - Soluciones de metrolog\u00eda\",\"url\":\"https:\/\/www.sariki.es\/pt-pt\/\",\"logo\":{\"@type\":\"ImageObject\",\"inLanguage\":\"pt-PT\",\"@id\":\"https:\/\/www.sariki.es\/pt-pt\/#\/schema\/logo\/image\/\",\"url\":\"\",\"contentUrl\":\"\",\"caption\":\"Sariki - Soluciones de metrolog\u00eda\"},\"image\":{\"@id\":\"https:\/\/www.sariki.es\/pt-pt\/#\/schema\/logo\/image\/\"},\"sameAs\":[\"https:\/\/www.facebook.com\/MetrologiaSariki\",\"https:\/\/x.com\/sarikisa\"]}]}<\/script>\n<!-- \/ Yoast SEO Premium plugin. -->","yoast_head_json":{"title":"Hibrida\u00e7\u00e3o de tecnologias - Sariki Metrolog\u00eda Industrial","description":"Propomos combinar diferentes tecnologias num \u00fanico sistema de medi\u00e7\u00e3o, a fim de otimizar o seu processo de inspe\u00e7\u00e3o.","robots":{"index":"index","follow":"follow","max-snippet":"max-snippet:-1","max-image-preview":"max-image-preview:large","max-video-preview":"max-video-preview:-1"},"canonical":"https:\/\/www.sariki.es\/pt-pt\/equipamentos-de-medicao\/medicao-3d\/hibridacao-de-tecnologias\/","og_locale":"pt_PT","og_type":"article","og_title":"Hibrida\u00e7\u00e3o de tecnologias","og_description":"Propomos combinar diferentes tecnologias num \u00fanico sistema de medi\u00e7\u00e3o, a fim de otimizar o seu processo de inspe\u00e7\u00e3o.","og_url":"https:\/\/www.sariki.es\/pt-pt\/equipamentos-de-medicao\/medicao-3d\/hibridacao-de-tecnologias\/","og_site_name":"Sariki - Metrolog\u00eda industrial","article_publisher":"https:\/\/www.facebook.com\/MetrologiaSariki","article_modified_time":"2025-04-02T07:54:40+00:00","og_image":[{"url":"https:\/\/www.sariki.es\/wp-content\/uploads\/2019\/10\/tecnologia-multisensor-en-maquina-tridimensional.jpg","type":"","width":"","height":""}],"twitter_card":"summary_large_image","twitter_site":"@sarikisa","twitter_misc":{"Tempo estimado de leitura":"3 minutos"},"schema":{"@context":"https:\/\/schema.org","@graph":[{"@type":"WebPage","@id":"https:\/\/www.sariki.es\/pt-pt\/equipamentos-de-medicao\/medicao-3d\/hibridacao-de-tecnologias\/","url":"https:\/\/www.sariki.es\/pt-pt\/equipamentos-de-medicao\/medicao-3d\/hibridacao-de-tecnologias\/","name":"Hibrida\u00e7\u00e3o de tecnologias - Sariki Metrolog\u00eda Industrial","isPartOf":{"@id":"https:\/\/www.sariki.es\/pt-pt\/#website"},"primaryImageOfPage":{"@id":"https:\/\/www.sariki.es\/pt-pt\/equipamentos-de-medicao\/medicao-3d\/hibridacao-de-tecnologias\/#primaryimage"},"image":{"@id":"https:\/\/www.sariki.es\/pt-pt\/equipamentos-de-medicao\/medicao-3d\/hibridacao-de-tecnologias\/#primaryimage"},"thumbnailUrl":"https:\/\/www.sariki.es\/wp-content\/uploads\/2019\/10\/tecnologia-multisensor-en-maquina-tridimensional.jpg","datePublished":"2025-03-18T11:37:16+00:00","dateModified":"2025-04-02T07:54:40+00:00","description":"Propomos combinar diferentes tecnologias num \u00fanico sistema de medi\u00e7\u00e3o, a fim de otimizar o seu processo de inspe\u00e7\u00e3o.","breadcrumb":{"@id":"https:\/\/www.sariki.es\/pt-pt\/equipamentos-de-medicao\/medicao-3d\/hibridacao-de-tecnologias\/#breadcrumb"},"inLanguage":"pt-PT","potentialAction":[{"@type":"ReadAction","target":["https:\/\/www.sariki.es\/pt-pt\/equipamentos-de-medicao\/medicao-3d\/hibridacao-de-tecnologias\/"]}]},{"@type":"ImageObject","inLanguage":"pt-PT","@id":"https:\/\/www.sariki.es\/pt-pt\/equipamentos-de-medicao\/medicao-3d\/hibridacao-de-tecnologias\/#primaryimage","url":"https:\/\/www.sariki.es\/wp-content\/uploads\/2019\/10\/tecnologia-multisensor-en-maquina-tridimensional.jpg","contentUrl":"https:\/\/www.sariki.es\/wp-content\/uploads\/2019\/10\/tecnologia-multisensor-en-maquina-tridimensional.jpg"},{"@type":"BreadcrumbList","@id":"https:\/\/www.sariki.es\/pt-pt\/equipamentos-de-medicao\/medicao-3d\/hibridacao-de-tecnologias\/#breadcrumb","itemListElement":[{"@type":"ListItem","position":1,"name":"Inicio","item":"https:\/\/www.sariki.es\/pt-pt\/"},{"@type":"ListItem","position":2,"name":"Equipamentos de medi\u00e7\u00e3o","item":"https:\/\/www.sariki.es\/pt-pt\/equipamentos-de-medicao\/"},{"@type":"ListItem","position":3,"name":"Medi\u00e7\u00e3o 3D","item":"https:\/\/www.sariki.es\/pt-pt\/equipamentos-de-medicao\/medicao-3d\/"},{"@type":"ListItem","position":4,"name":"Hibrida\u00e7\u00e3o de tecnologias"}]},{"@type":"WebSite","@id":"https:\/\/www.sariki.es\/pt-pt\/#website","url":"https:\/\/www.sariki.es\/pt-pt\/","name":"Sariki - Metrolog\u00eda industrial","description":"Metrolog\u00eda industrial en Gipuzkoa","publisher":{"@id":"https:\/\/www.sariki.es\/pt-pt\/#organization"},"potentialAction":[{"@type":"SearchAction","target":{"@type":"EntryPoint","urlTemplate":"https:\/\/www.sariki.es\/pt-pt\/?s={search_term_string}"},"query-input":{"@type":"PropertyValueSpecification","valueRequired":true,"valueName":"search_term_string"}}],"inLanguage":"pt-PT"},{"@type":"Organization","@id":"https:\/\/www.sariki.es\/pt-pt\/#organization","name":"Sariki - Soluciones de metrolog\u00eda","url":"https:\/\/www.sariki.es\/pt-pt\/","logo":{"@type":"ImageObject","inLanguage":"pt-PT","@id":"https:\/\/www.sariki.es\/pt-pt\/#\/schema\/logo\/image\/","url":"","contentUrl":"","caption":"Sariki - Soluciones de metrolog\u00eda"},"image":{"@id":"https:\/\/www.sariki.es\/pt-pt\/#\/schema\/logo\/image\/"},"sameAs":["https:\/\/www.facebook.com\/MetrologiaSariki","https:\/\/x.com\/sarikisa"]}]}},"_links":{"self":[{"href":"https:\/\/www.sariki.es\/pt-pt\/wp-json\/wp\/v2\/pages\/23874","targetHints":{"allow":["GET"]}}],"collection":[{"href":"https:\/\/www.sariki.es\/pt-pt\/wp-json\/wp\/v2\/pages"}],"about":[{"href":"https:\/\/www.sariki.es\/pt-pt\/wp-json\/wp\/v2\/types\/page"}],"author":[{"embeddable":true,"href":"https:\/\/www.sariki.es\/pt-pt\/wp-json\/wp\/v2\/users\/1"}],"replies":[{"embeddable":true,"href":"https:\/\/www.sariki.es\/pt-pt\/wp-json\/wp\/v2\/comments?post=23874"}],"version-history":[{"count":3,"href":"https:\/\/www.sariki.es\/pt-pt\/wp-json\/wp\/v2\/pages\/23874\/revisions"}],"predecessor-version":[{"id":24658,"href":"https:\/\/www.sariki.es\/pt-pt\/wp-json\/wp\/v2\/pages\/23874\/revisions\/24658"}],"up":[{"embeddable":true,"href":"https:\/\/www.sariki.es\/pt-pt\/wp-json\/wp\/v2\/pages\/23891"}],"wp:attachment":[{"href":"https:\/\/www.sariki.es\/pt-pt\/wp-json\/wp\/v2\/media?parent=23874"}],"curies":[{"name":"wp","href":"https:\/\/api.w.org\/{rel}","templated":true}]}}