{"id":23861,"date":"2025-03-18T11:36:21","date_gmt":"2025-03-18T10:36:21","guid":{"rendered":"https:\/\/www.sariki.es\/visao\/"},"modified":"2025-03-18T12:37:16","modified_gmt":"2025-03-18T11:37:16","slug":"visao","status":"publish","type":"page","link":"https:\/\/www.sariki.es\/pt-pt\/equipamentos-de-medicao\/medicao-3d\/hibridacao-de-tecnologias\/visao\/","title":{"rendered":"Vis\u00e3o"},"content":{"rendered":"","protected":false},"excerpt":{"rendered":"","protected":false},"author":1,"featured_media":0,"parent":23874,"menu_order":0,"comment_status":"closed","ping_status":"closed","template":"","meta":{"footnotes":""},"class_list":["post-23861","page","type-page","status-publish","hentry"],"yoast_head":"<!-- This site is optimized with the Yoast SEO Premium plugin v24.6 (Yoast SEO v24.6) - https:\/\/yoast.com\/wordpress\/plugins\/seo\/ -->\n<title>Sonda de Vis\u00e3o para tu m\u00e1quina tridimensional - Metrolog\u00eda Sariki<\/title>\n<meta name=\"description\" content=\"A QVP \u00e9 uma cabe\u00e7a de medi\u00e7\u00e3o de vis\u00e3o concebida especificamente para m\u00e1quinas de medi\u00e7\u00e3o por coordenadas. Medir sem contacto na sua CMM.\" \/>\n<meta name=\"robots\" content=\"index, follow, max-snippet:-1, max-image-preview:large, max-video-preview:-1\" \/>\n<link rel=\"canonical\" href=\"https:\/\/www.sariki.es\/pt-pt\/equipamentos-de-medicao\/medicao-3d\/hibridacao-de-tecnologias\/visao\/\" \/>\n<meta property=\"og:locale\" content=\"pt_PT\" \/>\n<meta property=\"og:type\" content=\"article\" \/>\n<meta property=\"og:title\" content=\"Vis\u00e3o\" \/>\n<meta property=\"og:description\" content=\"A QVP \u00e9 uma cabe\u00e7a de medi\u00e7\u00e3o de vis\u00e3o concebida especificamente para m\u00e1quinas de medi\u00e7\u00e3o por coordenadas. Medir sem contacto na sua CMM.\" \/>\n<meta property=\"og:url\" content=\"https:\/\/www.sariki.es\/pt-pt\/equipamentos-de-medicao\/medicao-3d\/hibridacao-de-tecnologias\/visao\/\" \/>\n<meta property=\"og:site_name\" content=\"Sariki - Metrolog\u00eda industrial\" \/>\n<meta property=\"article:publisher\" content=\"https:\/\/www.facebook.com\/MetrologiaSariki\" \/>\n<meta property=\"article:modified_time\" content=\"2025-03-18T11:37:16+00:00\" \/>\n<meta name=\"twitter:card\" content=\"summary_large_image\" \/>\n<meta name=\"twitter:site\" content=\"@sarikisa\" \/>\n<script type=\"application\/ld+json\" class=\"yoast-schema-graph\">{\"@context\":\"https:\/\/schema.org\",\"@graph\":[{\"@type\":\"WebPage\",\"@id\":\"https:\/\/www.sariki.es\/pt-pt\/equipamentos-de-medicao\/medicao-3d\/hibridacao-de-tecnologias\/visao\/\",\"url\":\"https:\/\/www.sariki.es\/pt-pt\/equipamentos-de-medicao\/medicao-3d\/hibridacao-de-tecnologias\/visao\/\",\"name\":\"Sonda de Vis\u00e3o para tu m\u00e1quina tridimensional - Metrolog\u00eda Sariki\",\"isPartOf\":{\"@id\":\"https:\/\/www.sariki.es\/pt-pt\/#website\"},\"datePublished\":\"2025-03-18T10:36:21+00:00\",\"dateModified\":\"2025-03-18T11:37:16+00:00\",\"description\":\"A QVP \u00e9 uma cabe\u00e7a de medi\u00e7\u00e3o de vis\u00e3o concebida especificamente para m\u00e1quinas de medi\u00e7\u00e3o por coordenadas. Medir sem contacto na sua CMM.\",\"breadcrumb\":{\"@id\":\"https:\/\/www.sariki.es\/pt-pt\/equipamentos-de-medicao\/medicao-3d\/hibridacao-de-tecnologias\/visao\/#breadcrumb\"},\"inLanguage\":\"pt-PT\",\"potentialAction\":[{\"@type\":\"ReadAction\",\"target\":[\"https:\/\/www.sariki.es\/pt-pt\/equipamentos-de-medicao\/medicao-3d\/hibridacao-de-tecnologias\/visao\/\"]}]},{\"@type\":\"BreadcrumbList\",\"@id\":\"https:\/\/www.sariki.es\/pt-pt\/equipamentos-de-medicao\/medicao-3d\/hibridacao-de-tecnologias\/visao\/#breadcrumb\",\"itemListElement\":[{\"@type\":\"ListItem\",\"position\":1,\"name\":\"Inicio\",\"item\":\"https:\/\/www.sariki.es\/pt-pt\/\"},{\"@type\":\"ListItem\",\"position\":2,\"name\":\"Equipamentos de medi\u00e7\u00e3o\",\"item\":\"https:\/\/www.sariki.es\/pt-pt\/equipamentos-de-medicao\/\"},{\"@type\":\"ListItem\",\"position\":3,\"name\":\"Medi\u00e7\u00e3o 3D\",\"item\":\"https:\/\/www.sariki.es\/pt-pt\/equipamentos-de-medicao\/medicao-3d\/\"},{\"@type\":\"ListItem\",\"position\":4,\"name\":\"Hibrida\u00e7\u00e3o de tecnologias\",\"item\":\"https:\/\/www.sariki.es\/pt-pt\/equipamentos-de-medicao\/medicao-3d\/hibridacao-de-tecnologias\/\"},{\"@type\":\"ListItem\",\"position\":5,\"name\":\"Vis\u00e3o\"}]},{\"@type\":\"WebSite\",\"@id\":\"https:\/\/www.sariki.es\/pt-pt\/#website\",\"url\":\"https:\/\/www.sariki.es\/pt-pt\/\",\"name\":\"Sariki - Metrolog\u00eda industrial\",\"description\":\"Metrolog\u00eda industrial en Gipuzkoa\",\"publisher\":{\"@id\":\"https:\/\/www.sariki.es\/pt-pt\/#organization\"},\"potentialAction\":[{\"@type\":\"SearchAction\",\"target\":{\"@type\":\"EntryPoint\",\"urlTemplate\":\"https:\/\/www.sariki.es\/pt-pt\/?s={search_term_string}\"},\"query-input\":{\"@type\":\"PropertyValueSpecification\",\"valueRequired\":true,\"valueName\":\"search_term_string\"}}],\"inLanguage\":\"pt-PT\"},{\"@type\":\"Organization\",\"@id\":\"https:\/\/www.sariki.es\/pt-pt\/#organization\",\"name\":\"Sariki - Soluciones de metrolog\u00eda\",\"url\":\"https:\/\/www.sariki.es\/pt-pt\/\",\"logo\":{\"@type\":\"ImageObject\",\"inLanguage\":\"pt-PT\",\"@id\":\"https:\/\/www.sariki.es\/pt-pt\/#\/schema\/logo\/image\/\",\"url\":\"\",\"contentUrl\":\"\",\"caption\":\"Sariki - Soluciones de metrolog\u00eda\"},\"image\":{\"@id\":\"https:\/\/www.sariki.es\/pt-pt\/#\/schema\/logo\/image\/\"},\"sameAs\":[\"https:\/\/www.facebook.com\/MetrologiaSariki\",\"https:\/\/x.com\/sarikisa\"]}]}<\/script>\n<!-- \/ Yoast SEO Premium plugin. -->","yoast_head_json":{"title":"Sonda de Vis\u00e3o para tu m\u00e1quina tridimensional - Metrolog\u00eda Sariki","description":"A QVP \u00e9 uma cabe\u00e7a de medi\u00e7\u00e3o de vis\u00e3o concebida especificamente para m\u00e1quinas de medi\u00e7\u00e3o por coordenadas. Medir sem contacto na sua CMM.","robots":{"index":"index","follow":"follow","max-snippet":"max-snippet:-1","max-image-preview":"max-image-preview:large","max-video-preview":"max-video-preview:-1"},"canonical":"https:\/\/www.sariki.es\/pt-pt\/equipamentos-de-medicao\/medicao-3d\/hibridacao-de-tecnologias\/visao\/","og_locale":"pt_PT","og_type":"article","og_title":"Vis\u00e3o","og_description":"A QVP \u00e9 uma cabe\u00e7a de medi\u00e7\u00e3o de vis\u00e3o concebida especificamente para m\u00e1quinas de medi\u00e7\u00e3o por coordenadas. Medir sem contacto na sua CMM.","og_url":"https:\/\/www.sariki.es\/pt-pt\/equipamentos-de-medicao\/medicao-3d\/hibridacao-de-tecnologias\/visao\/","og_site_name":"Sariki - Metrolog\u00eda industrial","article_publisher":"https:\/\/www.facebook.com\/MetrologiaSariki","article_modified_time":"2025-03-18T11:37:16+00:00","twitter_card":"summary_large_image","twitter_site":"@sarikisa","schema":{"@context":"https:\/\/schema.org","@graph":[{"@type":"WebPage","@id":"https:\/\/www.sariki.es\/pt-pt\/equipamentos-de-medicao\/medicao-3d\/hibridacao-de-tecnologias\/visao\/","url":"https:\/\/www.sariki.es\/pt-pt\/equipamentos-de-medicao\/medicao-3d\/hibridacao-de-tecnologias\/visao\/","name":"Sonda de Vis\u00e3o para tu m\u00e1quina tridimensional - Metrolog\u00eda Sariki","isPartOf":{"@id":"https:\/\/www.sariki.es\/pt-pt\/#website"},"datePublished":"2025-03-18T10:36:21+00:00","dateModified":"2025-03-18T11:37:16+00:00","description":"A QVP \u00e9 uma cabe\u00e7a de medi\u00e7\u00e3o de vis\u00e3o concebida especificamente para m\u00e1quinas de medi\u00e7\u00e3o por coordenadas. Medir sem contacto na sua CMM.","breadcrumb":{"@id":"https:\/\/www.sariki.es\/pt-pt\/equipamentos-de-medicao\/medicao-3d\/hibridacao-de-tecnologias\/visao\/#breadcrumb"},"inLanguage":"pt-PT","potentialAction":[{"@type":"ReadAction","target":["https:\/\/www.sariki.es\/pt-pt\/equipamentos-de-medicao\/medicao-3d\/hibridacao-de-tecnologias\/visao\/"]}]},{"@type":"BreadcrumbList","@id":"https:\/\/www.sariki.es\/pt-pt\/equipamentos-de-medicao\/medicao-3d\/hibridacao-de-tecnologias\/visao\/#breadcrumb","itemListElement":[{"@type":"ListItem","position":1,"name":"Inicio","item":"https:\/\/www.sariki.es\/pt-pt\/"},{"@type":"ListItem","position":2,"name":"Equipamentos de medi\u00e7\u00e3o","item":"https:\/\/www.sariki.es\/pt-pt\/equipamentos-de-medicao\/"},{"@type":"ListItem","position":3,"name":"Medi\u00e7\u00e3o 3D","item":"https:\/\/www.sariki.es\/pt-pt\/equipamentos-de-medicao\/medicao-3d\/"},{"@type":"ListItem","position":4,"name":"Hibrida\u00e7\u00e3o de tecnologias","item":"https:\/\/www.sariki.es\/pt-pt\/equipamentos-de-medicao\/medicao-3d\/hibridacao-de-tecnologias\/"},{"@type":"ListItem","position":5,"name":"Vis\u00e3o"}]},{"@type":"WebSite","@id":"https:\/\/www.sariki.es\/pt-pt\/#website","url":"https:\/\/www.sariki.es\/pt-pt\/","name":"Sariki - Metrolog\u00eda industrial","description":"Metrolog\u00eda industrial en Gipuzkoa","publisher":{"@id":"https:\/\/www.sariki.es\/pt-pt\/#organization"},"potentialAction":[{"@type":"SearchAction","target":{"@type":"EntryPoint","urlTemplate":"https:\/\/www.sariki.es\/pt-pt\/?s={search_term_string}"},"query-input":{"@type":"PropertyValueSpecification","valueRequired":true,"valueName":"search_term_string"}}],"inLanguage":"pt-PT"},{"@type":"Organization","@id":"https:\/\/www.sariki.es\/pt-pt\/#organization","name":"Sariki - Soluciones de metrolog\u00eda","url":"https:\/\/www.sariki.es\/pt-pt\/","logo":{"@type":"ImageObject","inLanguage":"pt-PT","@id":"https:\/\/www.sariki.es\/pt-pt\/#\/schema\/logo\/image\/","url":"","contentUrl":"","caption":"Sariki - Soluciones de metrolog\u00eda"},"image":{"@id":"https:\/\/www.sariki.es\/pt-pt\/#\/schema\/logo\/image\/"},"sameAs":["https:\/\/www.facebook.com\/MetrologiaSariki","https:\/\/x.com\/sarikisa"]}]}},"_links":{"self":[{"href":"https:\/\/www.sariki.es\/pt-pt\/wp-json\/wp\/v2\/pages\/23861","targetHints":{"allow":["GET"]}}],"collection":[{"href":"https:\/\/www.sariki.es\/pt-pt\/wp-json\/wp\/v2\/pages"}],"about":[{"href":"https:\/\/www.sariki.es\/pt-pt\/wp-json\/wp\/v2\/types\/page"}],"author":[{"embeddable":true,"href":"https:\/\/www.sariki.es\/pt-pt\/wp-json\/wp\/v2\/users\/1"}],"replies":[{"embeddable":true,"href":"https:\/\/www.sariki.es\/pt-pt\/wp-json\/wp\/v2\/comments?post=23861"}],"version-history":[{"count":1,"href":"https:\/\/www.sariki.es\/pt-pt\/wp-json\/wp\/v2\/pages\/23861\/revisions"}],"predecessor-version":[{"id":23877,"href":"https:\/\/www.sariki.es\/pt-pt\/wp-json\/wp\/v2\/pages\/23861\/revisions\/23877"}],"up":[{"embeddable":true,"href":"https:\/\/www.sariki.es\/pt-pt\/wp-json\/wp\/v2\/pages\/23874"}],"wp:attachment":[{"href":"https:\/\/www.sariki.es\/pt-pt\/wp-json\/wp\/v2\/media?parent=23861"}],"curies":[{"name":"wp","href":"https:\/\/api.w.org\/{rel}","templated":true}]}}