{"id":23845,"date":"2025-03-18T11:28:44","date_gmt":"2025-03-18T10:28:44","guid":{"rendered":"https:\/\/www.sariki.es\/medicao-cnc\/"},"modified":"2025-03-29T21:07:07","modified_gmt":"2025-03-29T20:07:07","slug":"medicao-cnc","status":"publish","type":"page","link":"https:\/\/www.sariki.es\/pt-pt\/equipamentos-de-medicao\/medicao-3d\/medicao-cnc\/","title":{"rendered":"Medi\u00e7\u00e3o CNC"},"content":{"rendered":"\n\n\t\t<h1>\n\t\t\tMedi\u00e7\u00e3o CNC\n\t\t<\/h1>\n\t<p>Propomos uma solu\u00e7\u00e3o universal de inspe\u00e7\u00e3o para verificar pe\u00e7as do sector autom\u00f3vel, aeron\u00e1utico, saude, equipamentos, m\u00e1quinas ferramentas, consumo&#8230;etc.<\/p>\n<p>Esta tecnologia \u00e9 adequada para <strong>o<\/strong> <strong>controlo dimensional de pe\u00e7as maquinadas, estampagem, inje\u00e7\u00e3o de pl\u00e1stico\/alum\u00ednio, p\u00e1s de turbinas, engrenagens, moldes e matrizes&#8230; etc.<\/strong><\/p>\n\t\t\t\t\t\t\t<img loading=\"lazy\" decoding=\"async\" src=\"https:\/\/www.sariki.es\/wp-content\/uploads\/2019\/07\/icono-portada-header.png\" alt=\"icono-portada-header\" width=\"42\" height=\"55\" \/>\n\t\t<h4>Sariki \u00e9 o distribuidor oficial de MITUTOYO para Espanha<\/h4>\n\t\t\t\t\t\t\t\t\t<img loading=\"lazy\" decoding=\"async\" src=\"https:\/\/www.sariki.es\/wp-content\/uploads\/2019\/10\/medicion-3d-con-escaner-laser-en-umbor.jpg\" alt=\"medicion-3d-con-escaner-laser-en-umbor\" itemprop=\"image\" height=\"398\" width=\"620\" srcset=\"https:\/\/www.sariki.es\/wp-content\/uploads\/2019\/10\/medicion-3d-con-escaner-laser-en-umbor.jpg 620w, https:\/\/www.sariki.es\/wp-content\/uploads\/2019\/10\/medicion-3d-con-escaner-laser-en-umbor-300x193.jpg 300w\" sizes=\"auto, (max-width: 620px) 100vw, 620px\" title=\"medicion-3d-con-escaner-laser-en-umbor\" onerror=\"this.style.display='none'\"  \/>\n\t\t<h2>\n\t\t\tTecnolog\u00eda universal para garantir a qualidade dos seus componentes\n\t\t<\/h2>\n\t<p>A tecnolog\u00eda de medi\u00e7\u00e3o por coordenadas <strong>permite asegurar a qualidade das suas pe\u00e7as<\/strong> de forma precisa, flexivel e a grande velocidade.<\/p>\n\t<p>As m\u00e1quinas tridimensionais de tipo ponte <strong>possuem especifica\u00e7\u00f5es de m\u00e1quina de alta precis\u00e3o<\/strong> devido \u00e0 sua constru\u00e7\u00e3o com materiais com baixa percentagem de dilata\u00e7\u00e3o e alta resist\u00eancia. Esta tecnolog\u00eda garante resultados independentes da experiencia maior ou menor do operador. Esta tecnologia tamb\u00e9m garante <strong>resultados que s\u00e3o independentes<\/strong> da compet\u00eancia do operador individual.<\/p>\n\t\t\t\t\t\t\t<img loading=\"lazy\" decoding=\"async\" src=\"https:\/\/www.sariki.es\/wp-content\/uploads\/2019\/08\/icono-discos.png\" alt=\"imagen icono\" width=\"78\" height=\"71\" \/>\n\t\t<h4>Incrementam a capacidade de inspe\u00e7\u00e3o.<\/h4>\n\t<p>Com o software que inclui a m\u00e1quina poder\u00e1 automatizar as medi\u00e7\u00f5es y acrescentar utensilios de fixa\u00e7\u00e3o que permitir\u00e3o medir mais pe\u00e7as em menos tempo.<\/p>\n\t<p>S\u00e3o sistemas perfeitamente equilibrados aos quais <strong>\u00e9 poss\u00edvel adicionar diferentes sondas e combin\u00e1-las automaticamente durante o mesmo ciclo de medi\u00e7\u00e3o.<\/strong><\/p>\n\t\t\t\t\t\t\t\t\t<img loading=\"lazy\" decoding=\"async\" src=\"https:\/\/www.sariki.es\/wp-content\/uploads\/2020\/02\/Maquina_Tridimensional_mitutoyo_Crysta_Apex_V_midiendo.jpg\" alt=\"Maquina_Tridimensional_mitutoyo_Crysta_Apex_V_midiendo\" itemprop=\"image\" height=\"838\" width=\"620\" srcset=\"https:\/\/www.sariki.es\/wp-content\/uploads\/2020\/02\/Maquina_Tridimensional_mitutoyo_Crysta_Apex_V_midiendo.jpg 620w, https:\/\/www.sariki.es\/wp-content\/uploads\/2020\/02\/Maquina_Tridimensional_mitutoyo_Crysta_Apex_V_midiendo-222x300.jpg 222w\" sizes=\"auto, (max-width: 620px) 100vw, 620px\" title=\"Maquina_Tridimensional_mitutoyo_Crysta_Apex_V_midiendo\" onerror=\"this.style.display='none'\"  \/>\n\t\t<h3>\n\t\t\tProjeto integral adequado \u00e0s suas necessidades\n\t\t<\/h3>\n\tDispomos de uma solu\u00e7\u00e3o integral adequada \u00e0s suas necessidades. A experi\u00eancia diz-nos que a <strong>colabora\u00e7\u00e3o com o cliente<\/strong> \u00e9 a base do \u00e9xito deste tipo de projetos e por esse motivo <strong>desde o inicio do projeto que trabalhamos conjuntamente para identificar quais as suas necessidades principais por forma a propormos a melhor solu\u00e7\u00e3o<\/strong>.<br \/>\n<strong>Acompanhamos ao longo de todo o ciclo de vida do projeto:<\/strong> defini\u00e7\u00e3o do projeto, instala\u00e7\u00e3o, forma\u00e7\u00e3o, programa\u00e7\u00e3o, suporte ao utilizador e assist\u00eancia t\u00e9cnica. A Sariki \u00e9 formada por uma equipa de 60 pessoas altamente especializadas com mais de 35 anos de experi\u00eancia no campo da metrologia.<strong><br \/>\n<\/strong>\n\t\t<h4>Acompanhamos ao longo de todo o ciclo de vida do projeto<\/h4>\n\t\t\t\t\t\t<a href=\"https:\/\/www.sariki.es\/pt-pt\/pretendo-informacoes\/\" target=\"_self\" aria-label=\"\">\n\t\t\t\t\t\t\t<img loading=\"lazy\" decoding=\"async\" src=\"https:\/\/www.sariki.es\/wp-content\/uploads\/2019\/09\/quiero-asesoramiento-icono.png\" alt=\"quiero-asesoramiento-icono\" width=\"201\" height=\"201\" \/>\n\t\t\t\t\t\t<\/a>\n\t\t\n\t\t\t\t<a href=\"https:\/\/www.sariki.es\/pt-pt\/pretendo-informacoes\/\" role=\"button\" target=\"_self\">\n\t\t\t\t\t\t\t\t\t\tPretendo informa\u00e7\u00f5es\t\t\t\t\t\t\t\t\t<\/a>\n\t\t<h2>\n\t\t\tConhe\u00e7a as nossas solu\u00e7\u00f5es de medi\u00e7\u00e3o 3D\n\t\t<\/h2>\n\t\t\t\t\t\t\t<img loading=\"lazy\" decoding=\"async\" src=\"https:\/\/www.sariki.es\/wp-content\/uploads\/2020\/02\/Mitutoyo-maquina-tridimensional-crysta-apex-v-para-produccion.jpg\" alt=\"Mitutoyo-maquina-tridimensional-crysta-apex-v-para-produccion\" width=\"620\" height=\"420\" \/>\n\t\t\n\t\t\t<p>Crysta Apex V permite assegurar a qualidade das suas pe\u00e7as de forma precisa, flexivel e a grande velocidade<\/p>\t\t\n\t\t\t<a href=\"https:\/\/www.sariki.es\/pt-pt\/equipamentos-de-medicao\/medicao-3d\/medicao-cnc\/alta-precisao\/\" title=\"Click Here\" target=\"_self\"   role=\"button\" aria-label=\"Alta precis\u00e3o\">\n\t\t\t\t\t\t\tAlta precis\u00e3o\n\t\t<\/a>\n\t\t\t\t\t\t\t<img loading=\"lazy\" decoding=\"async\" src=\"https:\/\/www.sariki.es\/wp-content\/uploads\/2024\/10\/strato-apex-mitutoyo-375x250.jpg\" alt=\"strato-apex-mitutoyo\" width=\"595\" height=\"620\" \/>\n\t\t\n\t\t\t<p>A gama de m\u00e1quinas STRATO Apex \u00e9 o impulso que necessita para aumentar a qualidade dos seus produtos<\/p>\t\t\n\t\t\t<a href=\"https:\/\/www.sariki.es\/pt-pt\/equipamentos-de-medicao\/medicao-3d\/medicao-cnc\/super-precisao\/\" title=\"Click Here\" target=\"_self\"   role=\"button\" aria-label=\"Super precis\u00e3o\">\n\t\t\t\t\t\t\tSuper precis\u00e3o\n\t\t<\/a>\n\t\t\t\t\t\t\t<img loading=\"lazy\" decoding=\"async\" src=\"https:\/\/www.sariki.es\/wp-content\/uploads\/2024\/09\/legex-takumi-776-2.jpg\" alt=\"legex-takumi-776\" width=\"620\" height=\"421\" \/>\n\t\t\n\t\t\t<p>As m\u00e1quinas LEGEX oferecem uma solu\u00e7\u00e3o em que s\u00e3o lideres no Mundo .<\/p>\t\t\n\t\t\t<a href=\"https:\/\/www.sariki.es\/pt-pt\/equipamentos-de-medicao\/medicao-3d\/medicao-cnc\/ultra-precisao\/\" title=\"Click Here\" target=\"_self\"   role=\"button\" aria-label=\"Ultra precis\u00e3o\">\n\t\t\t\t\t\t\tUltra precis\u00e3o\n\t\t<\/a>\n\t\t\t\t\t\t\t<img loading=\"lazy\" decoding=\"async\" src=\"https:\/\/www.sariki.es\/wp-content\/uploads\/2020\/10\/maquina-tridimensional-brazo-horizontal-carb-strato.jpg\" alt=\"maquina-tridimensional-brazo-horizontal-carb-strato\" width=\"800\" height=\"447\" \/>\n\t\t\n\t\t\t<p>M\u00e1quinas desenhadas para a medi\u00e7\u00e3o de componentes grandes e pesados.<\/p>\t\t\n\t\t\t<a href=\"https:\/\/www.sariki.es\/pt-pt\/equipamentos-de-medicao\/medicao-3d\/medicao-cnc\/grande-dimensao\/\" title=\"Click Here\" target=\"_self\"   role=\"button\" aria-label=\"Grande dimens\u00e3o\">\n\t\t\t\t\t\t\tGrande dimens\u00e3o\n\t\t<\/a>\n\t\t<h2>\n\t\t\tCaso de sucesso\n\t\t<\/h2>\n\t<p><strong>DISPRE<\/strong>, especializada no dsenho e fabrico de utensilios e m\u00e1quinas de controlo e produ\u00e7\u00e3o \u00e0 medida, incorporou recentemente no seu proceso produtivo uma m\u00e1quina de medi\u00e7\u00e3o tridimensional Strato Apex 9166 da Mitutoyo com a qual pode garantir o m\u00e1ximo n\u00edvel de precis\u00e3o nos componentes que fabrica.<\/p>\n\t\t\t<a href=\"https:\/\/www.sariki.es\/pt-pt\/casos-de-sucesso\/dispre\/\" target=\"_self\">\n\t\t\t\t\t\t\tVer o caso de sucesso\n\t\t\t\t\t<\/a>\n\t\t\t<a href=\"https:\/\/www.sariki.es\/pt-pt\/setores\/\" title=\"Click Here\" target=\"_self\"   role=\"button\" aria-label=\"Ver todos os casos de sucesso\">\n\t\t\t\t\t\t\tVer todos os casos de sucesso\n\t\t<\/a>\n\t\t\t\t<img loading=\"lazy\" decoding=\"async\" src=\"https:\/\/www.sariki.es\/wp-content\/uploads\/2019\/12\/medicion-3d-con-maquina-strato-apex-en-dispre.jpg\" alt=\"medicion-3d-con-maquina-strato-apex-en-dispre\" itemprop=\"image\" height=\"419\" width=\"620\" title=\"medicion-3d-con-maquina-strato-apex-en-dispre\" onerror=\"this.style.display='none'\"  \/>\n\t\t<h2>\n\t\t\tNecessitas de mais informa\u00e7\u00e3o?\n\t\t<\/h2>\n\n","protected":false},"excerpt":{"rendered":"<p>Medi\u00e7\u00e3o CNC Propomos uma solu\u00e7\u00e3o universal de inspe\u00e7\u00e3o para verificar pe\u00e7as do sector autom\u00f3vel, aeron\u00e1utico, saude, equipamentos, m\u00e1quinas ferramentas, consumo&#8230;etc. Esta tecnologia \u00e9 adequada para o controlo dimensional de pe\u00e7as maquinadas, estampagem, inje\u00e7\u00e3o de pl\u00e1stico\/alum\u00ednio, p\u00e1s de turbinas, engrenagens, moldes e matrizes&#8230; etc. Sariki \u00e9 o distribuidor oficial de MITUTOYO para Espanha Tecnolog\u00eda universal para&hellip;<\/p>\n","protected":false},"author":1,"featured_media":0,"parent":23891,"menu_order":0,"comment_status":"closed","ping_status":"closed","template":"","meta":{"footnotes":""},"class_list":["post-23845","page","type-page","status-publish","hentry"],"yoast_head":"<!-- This site is optimized with the Yoast SEO Premium plugin v24.6 (Yoast SEO v24.6) - https:\/\/yoast.com\/wordpress\/plugins\/seo\/ -->\n<title>M\u00e1quinas tridimensionais autom\u00e1ticas - Sariki Metrolog\u00eda Industrial<\/title>\n<meta name=\"description\" content=\"As m\u00e1quinas tridimensionais CNC do tipo ponte oferecem especifica\u00e7\u00f5es de m\u00e1quina de alta precis\u00e3o e maior capacidade de inspe\u00e7\u00e3o.\" \/>\n<meta name=\"robots\" content=\"index, follow, max-snippet:-1, max-image-preview:large, max-video-preview:-1\" \/>\n<link rel=\"canonical\" href=\"https:\/\/www.sariki.es\/pt-pt\/equipamentos-de-medicao\/medicao-3d\/medicao-cnc\/\" \/>\n<meta property=\"og:locale\" content=\"pt_PT\" \/>\n<meta property=\"og:type\" content=\"article\" \/>\n<meta property=\"og:title\" content=\"Medi\u00e7\u00e3o CNC\" \/>\n<meta property=\"og:description\" content=\"As m\u00e1quinas tridimensionais CNC do tipo ponte oferecem especifica\u00e7\u00f5es de m\u00e1quina de alta precis\u00e3o e maior capacidade de inspe\u00e7\u00e3o.\" \/>\n<meta property=\"og:url\" content=\"https:\/\/www.sariki.es\/pt-pt\/equipamentos-de-medicao\/medicao-3d\/medicao-cnc\/\" \/>\n<meta property=\"og:site_name\" content=\"Sariki - Metrolog\u00eda industrial\" \/>\n<meta property=\"article:publisher\" content=\"https:\/\/www.facebook.com\/MetrologiaSariki\" \/>\n<meta property=\"article:modified_time\" content=\"2025-03-29T20:07:07+00:00\" \/>\n<meta property=\"og:image\" content=\"https:\/\/www.sariki.es\/wp-content\/uploads\/2019\/07\/icono-portada-header.png\" \/>\n<meta name=\"twitter:card\" content=\"summary_large_image\" \/>\n<meta name=\"twitter:site\" content=\"@sarikisa\" \/>\n<meta name=\"twitter:label1\" content=\"Tempo estimado de leitura\" \/>\n\t<meta name=\"twitter:data1\" content=\"3 minutos\" \/>\n<script type=\"application\/ld+json\" class=\"yoast-schema-graph\">{\"@context\":\"https:\/\/schema.org\",\"@graph\":[{\"@type\":\"WebPage\",\"@id\":\"https:\/\/www.sariki.es\/pt-pt\/equipamentos-de-medicao\/medicao-3d\/medicao-cnc\/\",\"url\":\"https:\/\/www.sariki.es\/pt-pt\/equipamentos-de-medicao\/medicao-3d\/medicao-cnc\/\",\"name\":\"M\u00e1quinas tridimensionais autom\u00e1ticas - Sariki Metrolog\u00eda Industrial\",\"isPartOf\":{\"@id\":\"https:\/\/www.sariki.es\/pt-pt\/#website\"},\"primaryImageOfPage\":{\"@id\":\"https:\/\/www.sariki.es\/pt-pt\/equipamentos-de-medicao\/medicao-3d\/medicao-cnc\/#primaryimage\"},\"image\":{\"@id\":\"https:\/\/www.sariki.es\/pt-pt\/equipamentos-de-medicao\/medicao-3d\/medicao-cnc\/#primaryimage\"},\"thumbnailUrl\":\"https:\/\/www.sariki.es\/wp-content\/uploads\/2019\/07\/icono-portada-header.png\",\"datePublished\":\"2025-03-18T10:28:44+00:00\",\"dateModified\":\"2025-03-29T20:07:07+00:00\",\"description\":\"As m\u00e1quinas tridimensionais CNC do tipo ponte oferecem especifica\u00e7\u00f5es de m\u00e1quina de alta precis\u00e3o e maior capacidade de inspe\u00e7\u00e3o.\",\"breadcrumb\":{\"@id\":\"https:\/\/www.sariki.es\/pt-pt\/equipamentos-de-medicao\/medicao-3d\/medicao-cnc\/#breadcrumb\"},\"inLanguage\":\"pt-PT\",\"potentialAction\":[{\"@type\":\"ReadAction\",\"target\":[\"https:\/\/www.sariki.es\/pt-pt\/equipamentos-de-medicao\/medicao-3d\/medicao-cnc\/\"]}]},{\"@type\":\"ImageObject\",\"inLanguage\":\"pt-PT\",\"@id\":\"https:\/\/www.sariki.es\/pt-pt\/equipamentos-de-medicao\/medicao-3d\/medicao-cnc\/#primaryimage\",\"url\":\"https:\/\/www.sariki.es\/wp-content\/uploads\/2019\/07\/icono-portada-header.png\",\"contentUrl\":\"https:\/\/www.sariki.es\/wp-content\/uploads\/2019\/07\/icono-portada-header.png\"},{\"@type\":\"BreadcrumbList\",\"@id\":\"https:\/\/www.sariki.es\/pt-pt\/equipamentos-de-medicao\/medicao-3d\/medicao-cnc\/#breadcrumb\",\"itemListElement\":[{\"@type\":\"ListItem\",\"position\":1,\"name\":\"Inicio\",\"item\":\"https:\/\/www.sariki.es\/pt-pt\/\"},{\"@type\":\"ListItem\",\"position\":2,\"name\":\"Equipamentos de medi\u00e7\u00e3o\",\"item\":\"https:\/\/www.sariki.es\/pt-pt\/equipamentos-de-medicao\/\"},{\"@type\":\"ListItem\",\"position\":3,\"name\":\"Medi\u00e7\u00e3o 3D\",\"item\":\"https:\/\/www.sariki.es\/pt-pt\/equipamentos-de-medicao\/medicao-3d\/\"},{\"@type\":\"ListItem\",\"position\":4,\"name\":\"Medi\u00e7\u00e3o CNC\"}]},{\"@type\":\"WebSite\",\"@id\":\"https:\/\/www.sariki.es\/pt-pt\/#website\",\"url\":\"https:\/\/www.sariki.es\/pt-pt\/\",\"name\":\"Sariki - Metrolog\u00eda industrial\",\"description\":\"Metrolog\u00eda industrial en Gipuzkoa\",\"publisher\":{\"@id\":\"https:\/\/www.sariki.es\/pt-pt\/#organization\"},\"potentialAction\":[{\"@type\":\"SearchAction\",\"target\":{\"@type\":\"EntryPoint\",\"urlTemplate\":\"https:\/\/www.sariki.es\/pt-pt\/?s={search_term_string}\"},\"query-input\":{\"@type\":\"PropertyValueSpecification\",\"valueRequired\":true,\"valueName\":\"search_term_string\"}}],\"inLanguage\":\"pt-PT\"},{\"@type\":\"Organization\",\"@id\":\"https:\/\/www.sariki.es\/pt-pt\/#organization\",\"name\":\"Sariki - Soluciones de metrolog\u00eda\",\"url\":\"https:\/\/www.sariki.es\/pt-pt\/\",\"logo\":{\"@type\":\"ImageObject\",\"inLanguage\":\"pt-PT\",\"@id\":\"https:\/\/www.sariki.es\/pt-pt\/#\/schema\/logo\/image\/\",\"url\":\"\",\"contentUrl\":\"\",\"caption\":\"Sariki - Soluciones de metrolog\u00eda\"},\"image\":{\"@id\":\"https:\/\/www.sariki.es\/pt-pt\/#\/schema\/logo\/image\/\"},\"sameAs\":[\"https:\/\/www.facebook.com\/MetrologiaSariki\",\"https:\/\/x.com\/sarikisa\"]}]}<\/script>\n<!-- \/ Yoast SEO Premium plugin. -->","yoast_head_json":{"title":"M\u00e1quinas tridimensionais autom\u00e1ticas - Sariki Metrolog\u00eda Industrial","description":"As m\u00e1quinas tridimensionais CNC do tipo ponte oferecem especifica\u00e7\u00f5es de m\u00e1quina de alta precis\u00e3o e maior capacidade de inspe\u00e7\u00e3o.","robots":{"index":"index","follow":"follow","max-snippet":"max-snippet:-1","max-image-preview":"max-image-preview:large","max-video-preview":"max-video-preview:-1"},"canonical":"https:\/\/www.sariki.es\/pt-pt\/equipamentos-de-medicao\/medicao-3d\/medicao-cnc\/","og_locale":"pt_PT","og_type":"article","og_title":"Medi\u00e7\u00e3o CNC","og_description":"As m\u00e1quinas tridimensionais CNC do tipo ponte oferecem especifica\u00e7\u00f5es de m\u00e1quina de alta precis\u00e3o e maior capacidade de inspe\u00e7\u00e3o.","og_url":"https:\/\/www.sariki.es\/pt-pt\/equipamentos-de-medicao\/medicao-3d\/medicao-cnc\/","og_site_name":"Sariki - Metrolog\u00eda industrial","article_publisher":"https:\/\/www.facebook.com\/MetrologiaSariki","article_modified_time":"2025-03-29T20:07:07+00:00","og_image":[{"url":"https:\/\/www.sariki.es\/wp-content\/uploads\/2019\/07\/icono-portada-header.png","type":"","width":"","height":""}],"twitter_card":"summary_large_image","twitter_site":"@sarikisa","twitter_misc":{"Tempo estimado de leitura":"3 minutos"},"schema":{"@context":"https:\/\/schema.org","@graph":[{"@type":"WebPage","@id":"https:\/\/www.sariki.es\/pt-pt\/equipamentos-de-medicao\/medicao-3d\/medicao-cnc\/","url":"https:\/\/www.sariki.es\/pt-pt\/equipamentos-de-medicao\/medicao-3d\/medicao-cnc\/","name":"M\u00e1quinas tridimensionais autom\u00e1ticas - Sariki Metrolog\u00eda Industrial","isPartOf":{"@id":"https:\/\/www.sariki.es\/pt-pt\/#website"},"primaryImageOfPage":{"@id":"https:\/\/www.sariki.es\/pt-pt\/equipamentos-de-medicao\/medicao-3d\/medicao-cnc\/#primaryimage"},"image":{"@id":"https:\/\/www.sariki.es\/pt-pt\/equipamentos-de-medicao\/medicao-3d\/medicao-cnc\/#primaryimage"},"thumbnailUrl":"https:\/\/www.sariki.es\/wp-content\/uploads\/2019\/07\/icono-portada-header.png","datePublished":"2025-03-18T10:28:44+00:00","dateModified":"2025-03-29T20:07:07+00:00","description":"As m\u00e1quinas tridimensionais CNC do tipo ponte oferecem especifica\u00e7\u00f5es de m\u00e1quina de alta precis\u00e3o e maior capacidade de inspe\u00e7\u00e3o.","breadcrumb":{"@id":"https:\/\/www.sariki.es\/pt-pt\/equipamentos-de-medicao\/medicao-3d\/medicao-cnc\/#breadcrumb"},"inLanguage":"pt-PT","potentialAction":[{"@type":"ReadAction","target":["https:\/\/www.sariki.es\/pt-pt\/equipamentos-de-medicao\/medicao-3d\/medicao-cnc\/"]}]},{"@type":"ImageObject","inLanguage":"pt-PT","@id":"https:\/\/www.sariki.es\/pt-pt\/equipamentos-de-medicao\/medicao-3d\/medicao-cnc\/#primaryimage","url":"https:\/\/www.sariki.es\/wp-content\/uploads\/2019\/07\/icono-portada-header.png","contentUrl":"https:\/\/www.sariki.es\/wp-content\/uploads\/2019\/07\/icono-portada-header.png"},{"@type":"BreadcrumbList","@id":"https:\/\/www.sariki.es\/pt-pt\/equipamentos-de-medicao\/medicao-3d\/medicao-cnc\/#breadcrumb","itemListElement":[{"@type":"ListItem","position":1,"name":"Inicio","item":"https:\/\/www.sariki.es\/pt-pt\/"},{"@type":"ListItem","position":2,"name":"Equipamentos de medi\u00e7\u00e3o","item":"https:\/\/www.sariki.es\/pt-pt\/equipamentos-de-medicao\/"},{"@type":"ListItem","position":3,"name":"Medi\u00e7\u00e3o 3D","item":"https:\/\/www.sariki.es\/pt-pt\/equipamentos-de-medicao\/medicao-3d\/"},{"@type":"ListItem","position":4,"name":"Medi\u00e7\u00e3o CNC"}]},{"@type":"WebSite","@id":"https:\/\/www.sariki.es\/pt-pt\/#website","url":"https:\/\/www.sariki.es\/pt-pt\/","name":"Sariki - Metrolog\u00eda industrial","description":"Metrolog\u00eda industrial en Gipuzkoa","publisher":{"@id":"https:\/\/www.sariki.es\/pt-pt\/#organization"},"potentialAction":[{"@type":"SearchAction","target":{"@type":"EntryPoint","urlTemplate":"https:\/\/www.sariki.es\/pt-pt\/?s={search_term_string}"},"query-input":{"@type":"PropertyValueSpecification","valueRequired":true,"valueName":"search_term_string"}}],"inLanguage":"pt-PT"},{"@type":"Organization","@id":"https:\/\/www.sariki.es\/pt-pt\/#organization","name":"Sariki - Soluciones de metrolog\u00eda","url":"https:\/\/www.sariki.es\/pt-pt\/","logo":{"@type":"ImageObject","inLanguage":"pt-PT","@id":"https:\/\/www.sariki.es\/pt-pt\/#\/schema\/logo\/image\/","url":"","contentUrl":"","caption":"Sariki - Soluciones de metrolog\u00eda"},"image":{"@id":"https:\/\/www.sariki.es\/pt-pt\/#\/schema\/logo\/image\/"},"sameAs":["https:\/\/www.facebook.com\/MetrologiaSariki","https:\/\/x.com\/sarikisa"]}]}},"_links":{"self":[{"href":"https:\/\/www.sariki.es\/pt-pt\/wp-json\/wp\/v2\/pages\/23845","targetHints":{"allow":["GET"]}}],"collection":[{"href":"https:\/\/www.sariki.es\/pt-pt\/wp-json\/wp\/v2\/pages"}],"about":[{"href":"https:\/\/www.sariki.es\/pt-pt\/wp-json\/wp\/v2\/types\/page"}],"author":[{"embeddable":true,"href":"https:\/\/www.sariki.es\/pt-pt\/wp-json\/wp\/v2\/users\/1"}],"replies":[{"embeddable":true,"href":"https:\/\/www.sariki.es\/pt-pt\/wp-json\/wp\/v2\/comments?post=23845"}],"version-history":[{"count":3,"href":"https:\/\/www.sariki.es\/pt-pt\/wp-json\/wp\/v2\/pages\/23845\/revisions"}],"predecessor-version":[{"id":24638,"href":"https:\/\/www.sariki.es\/pt-pt\/wp-json\/wp\/v2\/pages\/23845\/revisions\/24638"}],"up":[{"embeddable":true,"href":"https:\/\/www.sariki.es\/pt-pt\/wp-json\/wp\/v2\/pages\/23891"}],"wp:attachment":[{"href":"https:\/\/www.sariki.es\/pt-pt\/wp-json\/wp\/v2\/media?parent=23845"}],"curies":[{"name":"wp","href":"https:\/\/api.w.org\/{rel}","templated":true}]}}