{"id":23769,"date":"2025-03-17T10:13:17","date_gmt":"2025-03-17T09:13:17","guid":{"rendered":"https:\/\/www.sariki.es\/medicao-3d-em-processo\/"},"modified":"2025-04-02T11:23:55","modified_gmt":"2025-04-02T09:23:55","slug":"medicao-3d-em-processo","status":"publish","type":"page","link":"https:\/\/www.sariki.es\/pt-pt\/equipamentos-de-medicao\/medicao-3d-em-processo\/","title":{"rendered":"Medi\u00e7\u00e3o 3D em processo"},"content":{"rendered":"\n\n\t\t<h1>\n\t\t\tMedi\u00e7\u00e3o 3D em processo\n\t\t<\/h1>\n\t<p>Ofrecemos tecnolog\u00edas de medici\u00f3n 3D especialmente dise\u00f1adas para realizar mediciones por contacto directamente en la producci\u00f3n.<\/p>\n<p><strong>Medi\u00e7\u00e3o de pe\u00e7as maquinadas<\/strong> (cabe\u00e7as de cilindro, c\u00e1rteres de motor, bloco de motor, suportes de mangueiras e bra\u00e7os, cabe\u00e7as de cilindro, discos e tambores de trav\u00e3o, amortecedores, etc.), <strong>bem como medi\u00e7\u00e3o de pe\u00e7as durante o processo de produ\u00e7\u00e3o, em fases interm\u00e9dias antes da maquina\u00e7\u00e3o final<\/strong> (opera\u00e7\u00f5es de desbaste).<\/p>\n\t\t\t\t\t\t\t<img loading=\"lazy\" decoding=\"async\" src=\"https:\/\/www.sariki.es\/wp-content\/uploads\/2019\/07\/icono-portada-header.png\" alt=\"icono-portada-header\" width=\"42\" height=\"55\" \/>\n\t\t<h4>Sariki \u00e9 o distribuidor oficial de MITUTOYO para Espanha<\/h4>\n\t\t\t\t\t\t\t\t\t<img loading=\"lazy\" decoding=\"async\" src=\"https:\/\/www.sariki.es\/wp-content\/uploads\/2019\/10\/metrologia-industrial-en-produccion-orkli.jpg\" alt=\"metrologia-industrial-en-produccion-orkli\" itemprop=\"image\" height=\"458\" width=\"620\" srcset=\"https:\/\/www.sariki.es\/wp-content\/uploads\/2019\/10\/metrologia-industrial-en-produccion-orkli.jpg 620w, https:\/\/www.sariki.es\/wp-content\/uploads\/2019\/10\/metrologia-industrial-en-produccion-orkli-300x222.jpg 300w\" sizes=\"auto, (max-width: 620px) 100vw, 620px\" title=\"metrologia-industrial-en-produccion-orkli\" onerror=\"this.style.display='none'\"  \/>\n\t\t<h2>\n\t\t\tTecnolog\u00eda para medir na processo de produ\u00e7\u00e3o\n\t\t<\/h2>\n\t<p><strong>Em todo o processo de fabrica\u00e7\u00e3o a inspe\u00e7\u00e3o dimensional assegura que os resultados cumpram as especifica\u00e7\u00f5es de toler\u00e2ncia necess\u00e1rias para as suas tarefas.<\/strong> Estes controles devem ser realizados de forma peri\u00f3dica com a finalidade de assegurar que nenhuma vari\u00e1vel do processo de produ\u00e7\u00e3o se encontre fora das suas condi\u00e7\u00f5es normais de trabalho.<\/p>\n\t\t\t\t\t\t\t<img loading=\"lazy\" decoding=\"async\" src=\"https:\/\/www.sariki.es\/wp-content\/uploads\/2019\/08\/icono-discos.png\" alt=\"imagen icono\" width=\"78\" height=\"71\" \/>\n\t\t<h4>A industria 4.0 imp\u00f5e a necessidade de optimizar os processos para conseguir a m\u00e1xima produtividade, \u00e0 medida que se elevam os standards de qualidade. <\/h4>\n\t<p>Neste novo cen\u00e1rio, <strong>Sariki avan\u00e7ou al\u00e9m da captura isolada de dados da metrologia tradicional e mudou a metrologia dimensional<\/strong>, habitualmente associada ao controlo de qualidade em laborat\u00f3rio, para a f\u00e1brica, <strong>integrando-a \u00e0s processos de produ\u00e7\u00e3o como mais uma fase do processo.<\/strong><\/p>\n\t\t\t\t<img loading=\"lazy\" decoding=\"async\" src=\"https:\/\/www.sariki.es\/wp-content\/uploads\/2019\/10\/fabrica-inteligente-medicion-3d-en-produccion.jpg\" alt=\"fabrica-inteligente-medicion-3d-en-produccion\" itemprop=\"image\" height=\"371\" width=\"620\" title=\"fabrica-inteligente-medicion-3d-en-produccion\" onerror=\"this.style.display='none'\"  \/>\n\t\t\t\t<img loading=\"lazy\" decoding=\"async\" src=\"https:\/\/www.sariki.es\/wp-content\/uploads\/2019\/10\/metrologia-en-produccion-maquina-tridimensional-mitutoyo-MACH-3A-Fagor-ederlan.jpg\" alt=\"metrologia-en-produccion-maquina-tridimensional-mitutoyo-MACH-3A-Fagor-ederlan\" itemprop=\"image\" height=\"368\" width=\"620\" title=\"metrologia-en-produccion-maquina-tridimensional-mitutoyo-MACH-3A-Fagor-ederlan\" onerror=\"this.style.display='none'\"  \/>\n\t\t<h2>\n\t\t\tBenef\u00edcios\n\t\t<\/h2>\n\t\t\t\t\t\t\t<img loading=\"lazy\" decoding=\"async\" src=\"https:\/\/www.sariki.es\/wp-content\/uploads\/2019\/08\/icono-estrella.png\" alt=\"mapvision beneficios\" width=\"43\" height=\"39\" \/>\n\t\t\n\t\t\t<p>Obter dados uteis para melhorar a qualidade da geometr\u00eda das pe\u00e7as<\/p>\t\t\n\t\t\t\t\t\t\t<img loading=\"lazy\" decoding=\"async\" src=\"https:\/\/www.sariki.es\/wp-content\/uploads\/2019\/08\/icono-estrella.png\" alt=\"mapvision beneficios\" width=\"43\" height=\"39\" \/>\n\t\t\n\t\t\t<p>Controlar e optimizar o processo<\/p>\t\t\n\t\t\t\t\t\t\t<img loading=\"lazy\" decoding=\"async\" src=\"https:\/\/www.sariki.es\/wp-content\/uploads\/2019\/08\/icono-estrella.png\" alt=\"mapvision beneficios\" width=\"43\" height=\"39\" \/>\n\t\t\n\t\t\t<p>Tomar decis\u00f5es \u00e0 velocidade que a produ\u00e7\u00e3o exige<\/p>\t\t\n\t\t\t\t\t\t\t<img loading=\"lazy\" decoding=\"async\" src=\"https:\/\/www.sariki.es\/wp-content\/uploads\/2019\/08\/icono-estrella.png\" alt=\"mapvision beneficios\" width=\"43\" height=\"39\" \/>\n\t\t\n\t\t\t<p>Aumentar os padr\u00f5es de qualidade<\/p>\t\t\n\t\t\t\t\t\t\t<img loading=\"lazy\" decoding=\"async\" src=\"https:\/\/www.sariki.es\/wp-content\/uploads\/2019\/08\/icono-estrella.png\" alt=\"mapvision beneficios\" width=\"43\" height=\"39\" \/>\n\t\t\n\t\t\t<p>Solucionar problemas em tempo real, tendo um verdadeiro conhecimento de onde est\u00e1 a origem<\/p>\t\t\n\t\t\t\t\t\t\t<img loading=\"lazy\" decoding=\"async\" src=\"https:\/\/www.sariki.es\/wp-content\/uploads\/2019\/08\/icono-estrella.png\" alt=\"mapvision beneficios\" width=\"43\" height=\"39\" \/>\n\t\t\n\t\t\t<p>Aumentar a velocidade de inspe\u00e7\u00e3o para impactar menor tempo na processo de produ\u00e7\u00e3o<\/p>\t\t\n\t\t<h3>\n\t\t\tProjeto integral adequado \u00e0s suas necessidades\n\t\t<\/h3>\n\t<p>Dispomos de uma solu\u00e7\u00e3o integral adequada \u00e0s suas necessidades. A experi\u00eancia diz-nos que a <strong>colabora\u00e7\u00e3o com o cliente<\/strong> \u00e9 a base do \u00e9xito deste tipo de projetos e por esse motivo <strong>desde o inicio do projeto que trabalhamos conjuntamente para identificar quais as suas necessidades principais por forma a propormos a melhor solu\u00e7\u00e3o<\/strong>.<\/p>\n<p><strong>Acompanhamos-te ao longo de toda a vida do projeto:<\/strong> defini\u00e7\u00e3o do projeto, instala\u00e7\u00e3o, forma\u00e7\u00e3o, programa\u00e7\u00e3o, suporte ao utilizador e assist\u00eancia t\u00e9cnica. A Sariki est\u00e1 formada por uma equipa de 60 pessoas altamente especializadas e com mais de 35 anos de experi\u00eancia no sector da metrologia.<\/p>\n\t\t<h4>Acompanhamos ao longo de todo o ciclo de vida do projeto<\/h4>\n\t\t\t\t\t\t<a href=\"https:\/\/www.sariki.es\/pt-pt\/pretendo-informacoes\/\" target=\"_self\" aria-label=\"\">\n\t\t\t\t\t\t\t<img loading=\"lazy\" decoding=\"async\" src=\"https:\/\/www.sariki.es\/wp-content\/uploads\/2019\/09\/quiero-asesoramiento-icono.png\" alt=\"quiero-asesoramiento-icono\" width=\"201\" height=\"201\" \/>\n\t\t\t\t\t\t<\/a>\n\t\t\n\t\t\t\t<a href=\"https:\/\/www.sariki.es\/pt-pt\/pretendo-informacoes\/\" role=\"button\" target=\"_self\">\n\t\t\t\t\t\t\t\t\t\tPretendo informa\u00e7\u00f5es\t\t\t\t\t\t\t\t\t<\/a>\n\t\t<h2>\n\t\t\tConhe\u00e7a as nossas solu\u00e7\u00f5es de medi\u00e7\u00e3o 3D em processo\n\t\t<\/h2>\n\t\t\t\t\t\t\t<img loading=\"lazy\" decoding=\"async\" src=\"https:\/\/www.sariki.es\/wp-content\/uploads\/2022\/07\/mach-v9106-mitutoyo-metrologia-en-produccion-1.jpg\" alt=\"mach-v9106-mitutoyo-metrologia-en-produccion\" width=\"619\" height=\"402\" \/>\n\t\t\n\t\t\t<p>Mitutoyo Mach V est\u00e1 desenhada para a medi\u00e7\u00e3o r\u00e1pida e precisa na processo de produ\u00e7\u00e3o<\/p>\t\t\n\t\t\t<a href=\"https:\/\/www.sariki.es\/pt-pt\/equipamentos-de-medicao\/medicao-3d-em-processo\/mitutoyo-mach-v\/\" title=\"Click Here\" target=\"_self\"   role=\"button\" aria-label=\"Mitutoyo Mach V\">\n\t\t\t\t\t\t\tMitutoyo Mach V\n\t\t<\/a>\n\t\t\t\t\t\t\t<img loading=\"lazy\" decoding=\"async\" src=\"https:\/\/www.sariki.es\/wp-content\/uploads\/2022\/07\/mach-3A653-mitutoyo-medicion-en-produccion.jpg\" alt=\"mach-3A653-mitutoyo-medicion-en-produccion\" width=\"620\" height=\"402\" \/>\n\t\t\n\t\t\t<p>MACH 3A \u00e9 uma m\u00e1quina tridimensional de eixo horizontal especialmente desenhada para a medi\u00e7\u00e3o em processos de produ\u00e7\u00e3o<\/p>\t\t\n\t\t\t<a href=\"https:\/\/www.sariki.es\/pt-pt\/equipamentos-de-medicao\/medicao-3d-em-processo\/mitutoyo-mach-3a\/\" title=\"Click Here\" target=\"_self\"   role=\"button\" aria-label=\"Mitutoyo Mach 3A\">\n\t\t\t\t\t\t\tMitutoyo Mach 3A\n\t\t<\/a>\n\t\t\t\t\t\t\t<img loading=\"lazy\" decoding=\"async\" src=\"https:\/\/www.sariki.es\/wp-content\/uploads\/2022\/07\/mach-kogame-mitutoyo-metrologia-en-produccion.jpg\" alt=\"mach-kogame-mitutoyo-metrologia-en-produccion\" width=\"620\" height=\"402\" \/>\n\t\t\n\t\t\t<p>MACH KoGaMe \u00e9 a solu\u00e7\u00e3o ideal para c\u00e9lulas automatizadas em ambiente de f\u00e1brica<\/p>\t\t\n\t\t\t<a href=\"https:\/\/www.sariki.es\/pt-pt\/equipamentos-de-medicao\/medicao-3d-em-processo\/mitutoyo-mach-kogame\/\" title=\"Click Here\" target=\"_self\"   role=\"button\" aria-label=\"Mitutoyo Mach KoGaMe\">\n\t\t\t\t\t\t\tMitutoyo Mach KoGaMe\n\t\t<\/a>\n\t\t\t\t\t\t\t<img loading=\"lazy\" decoding=\"async\" src=\"https:\/\/www.sariki.es\/wp-content\/uploads\/2019\/09\/metrologia-en-produccion-Mitutoyo-MiSTAR.jpg\" alt=\"metrologia-en-produccion-Mitutoyo-MiSTAR\" width=\"620\" height=\"402\" \/>\n\t\t\n\t\t\t<p>Mitutoyo Mistar \u00e9 a nova solu\u00e7\u00e3o de medi\u00e7\u00e3o compacta para ambientes de produ\u00e7\u00e3o<\/p>\t\t\n\t\t\t<a href=\"https:\/\/www.sariki.es\/pt-pt\/equipamentos-de-medicao\/medicao-3d-em-processo\/mitutoyo-mistar\/\" title=\"Click Here\" target=\"_self\"   role=\"button\" aria-label=\"Mitutoyo MiSTAR\">\n\t\t\t\t\t\t\tMitutoyo MiSTAR\n\t\t<\/a>\n\t\t<h2>\n\t\t\tCaso de sucesso\n\t\t<\/h2>\n\t<p><strong>GKN Driveline Legazpi<\/strong> acreditou na Sariki para levar a cabo um projeto muito ambicioso de <strong>inspe\u00e7\u00e3o em produ\u00e7\u00e3o<\/strong>, onde <strong>o ambiente fabril foi sem d\u00favida um dos elementos que o converteu num grande repto tecnol\u00f3gico.<\/strong><\/p>\n\t\t\t<a href=\"https:\/\/www.sariki.es\/pt-pt\/casos-de-sucesso\/gkn-legazpia-2\/\" title=\"Click Here\" target=\"_self\"   role=\"button\" aria-label=\"Ver o caso de sucesso\">\n\t\t\t\t\t\t\tVer o caso de sucesso\n\t\t<\/a>\n\t\t\t<a href=\"https:\/\/www.sariki.es\/pt-pt\/casos-de-sucessos\/\" title=\"Click Here\" target=\"_self\"   role=\"button\" aria-label=\"Ver todos os casos de sucesso\">\n\t\t\t\t\t\t\tVer todos os casos de sucesso\n\t\t<\/a>\n\t\t\t\t<img loading=\"lazy\" decoding=\"async\" src=\"https:\/\/www.sariki.es\/wp-content\/uploads\/2019\/09\/metrologia-industrial-en-produccion-GKN-legazpia.jpg\" alt=\"metrologia-industrial-en-produccion-GKN-legazpia\" itemprop=\"image\" height=\"409\" width=\"620\" title=\"metrologia-industrial-en-produccion-GKN-legazpia\" onerror=\"this.style.display='none'\"  \/>\n\t\t<h2>\n\t\t\tNecessitas de mais informa\u00e7\u00e3o?\n\t\t<\/h2>\n\n","protected":false},"excerpt":{"rendered":"<p>Medi\u00e7\u00e3o 3D em processo Ofrecemos tecnolog\u00edas de medici\u00f3n 3D especialmente dise\u00f1adas para realizar mediciones por contacto directamente en la producci\u00f3n. Medi\u00e7\u00e3o de pe\u00e7as maquinadas (cabe\u00e7as de cilindro, c\u00e1rteres de motor, bloco de motor, suportes de mangueiras e bra\u00e7os, cabe\u00e7as de cilindro, discos e tambores de trav\u00e3o, amortecedores, etc.), bem como medi\u00e7\u00e3o de pe\u00e7as durante o&hellip;<\/p>\n","protected":false},"author":1,"featured_media":0,"parent":24207,"menu_order":0,"comment_status":"closed","ping_status":"closed","template":"","meta":{"footnotes":""},"class_list":["post-23769","page","type-page","status-publish","hentry"],"yoast_head":"<!-- This site is optimized with the Yoast SEO Premium plugin v24.6 (Yoast SEO v24.6) - https:\/\/yoast.com\/wordpress\/plugins\/seo\/ -->\n<title>Sariki - Metrolog\u00eda industrial - Medi\u00e7\u00e3o 3D em processo<\/title>\n<meta name=\"description\" content=\"Ofrecemos tecnolog\u00edas de medici\u00f3n 3D especialmente dise\u00f1adas para realizar mediciones por contacto directamente en la producci\u00f3n.\" \/>\n<meta name=\"robots\" content=\"index, follow, max-snippet:-1, max-image-preview:large, max-video-preview:-1\" \/>\n<link rel=\"canonical\" href=\"https:\/\/www.sariki.es\/pt-pt\/equipamentos-de-medicao\/medicao-3d-em-processo\/\" \/>\n<meta property=\"og:locale\" content=\"pt_PT\" \/>\n<meta property=\"og:type\" content=\"article\" \/>\n<meta property=\"og:title\" content=\"Medi\u00e7\u00e3o 3D em processo\" \/>\n<meta property=\"og:description\" content=\"Ofrecemos tecnolog\u00edas de medici\u00f3n 3D especialmente dise\u00f1adas para realizar mediciones por contacto directamente en la producci\u00f3n.\" \/>\n<meta property=\"og:url\" content=\"https:\/\/www.sariki.es\/pt-pt\/equipamentos-de-medicao\/medicao-3d-em-processo\/\" \/>\n<meta property=\"og:site_name\" content=\"Sariki - Metrolog\u00eda industrial\" \/>\n<meta property=\"article:publisher\" content=\"https:\/\/www.facebook.com\/MetrologiaSariki\" \/>\n<meta property=\"article:modified_time\" content=\"2025-04-02T09:23:55+00:00\" \/>\n<meta property=\"og:image\" content=\"https:\/\/www.sariki.es\/wp-content\/uploads\/2019\/07\/icono-portada-header.png\" \/>\n<meta name=\"twitter:card\" content=\"summary_large_image\" \/>\n<meta name=\"twitter:site\" content=\"@sarikisa\" \/>\n<meta name=\"twitter:label1\" content=\"Tempo estimado de leitura\" \/>\n\t<meta name=\"twitter:data1\" content=\"3 minutos\" \/>\n<script type=\"application\/ld+json\" class=\"yoast-schema-graph\">{\"@context\":\"https:\/\/schema.org\",\"@graph\":[{\"@type\":\"WebPage\",\"@id\":\"https:\/\/www.sariki.es\/pt-pt\/equipamentos-de-medicao\/medicao-3d-em-processo\/\",\"url\":\"https:\/\/www.sariki.es\/pt-pt\/equipamentos-de-medicao\/medicao-3d-em-processo\/\",\"name\":\"Sariki - Metrolog\u00eda industrial - Medi\u00e7\u00e3o 3D em processo\",\"isPartOf\":{\"@id\":\"https:\/\/www.sariki.es\/pt-pt\/#website\"},\"primaryImageOfPage\":{\"@id\":\"https:\/\/www.sariki.es\/pt-pt\/equipamentos-de-medicao\/medicao-3d-em-processo\/#primaryimage\"},\"image\":{\"@id\":\"https:\/\/www.sariki.es\/pt-pt\/equipamentos-de-medicao\/medicao-3d-em-processo\/#primaryimage\"},\"thumbnailUrl\":\"https:\/\/www.sariki.es\/wp-content\/uploads\/2019\/07\/icono-portada-header.png\",\"datePublished\":\"2025-03-17T09:13:17+00:00\",\"dateModified\":\"2025-04-02T09:23:55+00:00\",\"description\":\"Ofrecemos tecnolog\u00edas de medici\u00f3n 3D especialmente dise\u00f1adas para realizar mediciones por contacto directamente en la producci\u00f3n.\",\"breadcrumb\":{\"@id\":\"https:\/\/www.sariki.es\/pt-pt\/equipamentos-de-medicao\/medicao-3d-em-processo\/#breadcrumb\"},\"inLanguage\":\"pt-PT\",\"potentialAction\":[{\"@type\":\"ReadAction\",\"target\":[\"https:\/\/www.sariki.es\/pt-pt\/equipamentos-de-medicao\/medicao-3d-em-processo\/\"]}]},{\"@type\":\"ImageObject\",\"inLanguage\":\"pt-PT\",\"@id\":\"https:\/\/www.sariki.es\/pt-pt\/equipamentos-de-medicao\/medicao-3d-em-processo\/#primaryimage\",\"url\":\"https:\/\/www.sariki.es\/wp-content\/uploads\/2019\/07\/icono-portada-header.png\",\"contentUrl\":\"https:\/\/www.sariki.es\/wp-content\/uploads\/2019\/07\/icono-portada-header.png\"},{\"@type\":\"BreadcrumbList\",\"@id\":\"https:\/\/www.sariki.es\/pt-pt\/equipamentos-de-medicao\/medicao-3d-em-processo\/#breadcrumb\",\"itemListElement\":[{\"@type\":\"ListItem\",\"position\":1,\"name\":\"Inicio\",\"item\":\"https:\/\/www.sariki.es\/pt-pt\/\"},{\"@type\":\"ListItem\",\"position\":2,\"name\":\"Equipamentos de medi\u00e7\u00e3o\",\"item\":\"https:\/\/www.sariki.es\/pt-pt\/equipamentos-de-medicao\/\"},{\"@type\":\"ListItem\",\"position\":3,\"name\":\"Medi\u00e7\u00e3o 3D em processo\"}]},{\"@type\":\"WebSite\",\"@id\":\"https:\/\/www.sariki.es\/pt-pt\/#website\",\"url\":\"https:\/\/www.sariki.es\/pt-pt\/\",\"name\":\"Sariki - Metrolog\u00eda industrial\",\"description\":\"Metrolog\u00eda industrial en Gipuzkoa\",\"publisher\":{\"@id\":\"https:\/\/www.sariki.es\/pt-pt\/#organization\"},\"potentialAction\":[{\"@type\":\"SearchAction\",\"target\":{\"@type\":\"EntryPoint\",\"urlTemplate\":\"https:\/\/www.sariki.es\/pt-pt\/?s={search_term_string}\"},\"query-input\":{\"@type\":\"PropertyValueSpecification\",\"valueRequired\":true,\"valueName\":\"search_term_string\"}}],\"inLanguage\":\"pt-PT\"},{\"@type\":\"Organization\",\"@id\":\"https:\/\/www.sariki.es\/pt-pt\/#organization\",\"name\":\"Sariki - Soluciones de metrolog\u00eda\",\"url\":\"https:\/\/www.sariki.es\/pt-pt\/\",\"logo\":{\"@type\":\"ImageObject\",\"inLanguage\":\"pt-PT\",\"@id\":\"https:\/\/www.sariki.es\/pt-pt\/#\/schema\/logo\/image\/\",\"url\":\"\",\"contentUrl\":\"\",\"caption\":\"Sariki - Soluciones de metrolog\u00eda\"},\"image\":{\"@id\":\"https:\/\/www.sariki.es\/pt-pt\/#\/schema\/logo\/image\/\"},\"sameAs\":[\"https:\/\/www.facebook.com\/MetrologiaSariki\",\"https:\/\/x.com\/sarikisa\"]}]}<\/script>\n<!-- \/ Yoast SEO Premium plugin. -->","yoast_head_json":{"title":"Sariki - Metrolog\u00eda industrial - Medi\u00e7\u00e3o 3D em processo","description":"Ofrecemos tecnolog\u00edas de medici\u00f3n 3D especialmente dise\u00f1adas para realizar mediciones por contacto directamente en la producci\u00f3n.","robots":{"index":"index","follow":"follow","max-snippet":"max-snippet:-1","max-image-preview":"max-image-preview:large","max-video-preview":"max-video-preview:-1"},"canonical":"https:\/\/www.sariki.es\/pt-pt\/equipamentos-de-medicao\/medicao-3d-em-processo\/","og_locale":"pt_PT","og_type":"article","og_title":"Medi\u00e7\u00e3o 3D em processo","og_description":"Ofrecemos tecnolog\u00edas de medici\u00f3n 3D especialmente dise\u00f1adas para realizar mediciones por contacto directamente en la producci\u00f3n.","og_url":"https:\/\/www.sariki.es\/pt-pt\/equipamentos-de-medicao\/medicao-3d-em-processo\/","og_site_name":"Sariki - Metrolog\u00eda industrial","article_publisher":"https:\/\/www.facebook.com\/MetrologiaSariki","article_modified_time":"2025-04-02T09:23:55+00:00","og_image":[{"url":"https:\/\/www.sariki.es\/wp-content\/uploads\/2019\/07\/icono-portada-header.png","type":"","width":"","height":""}],"twitter_card":"summary_large_image","twitter_site":"@sarikisa","twitter_misc":{"Tempo estimado de leitura":"3 minutos"},"schema":{"@context":"https:\/\/schema.org","@graph":[{"@type":"WebPage","@id":"https:\/\/www.sariki.es\/pt-pt\/equipamentos-de-medicao\/medicao-3d-em-processo\/","url":"https:\/\/www.sariki.es\/pt-pt\/equipamentos-de-medicao\/medicao-3d-em-processo\/","name":"Sariki - Metrolog\u00eda industrial - Medi\u00e7\u00e3o 3D em processo","isPartOf":{"@id":"https:\/\/www.sariki.es\/pt-pt\/#website"},"primaryImageOfPage":{"@id":"https:\/\/www.sariki.es\/pt-pt\/equipamentos-de-medicao\/medicao-3d-em-processo\/#primaryimage"},"image":{"@id":"https:\/\/www.sariki.es\/pt-pt\/equipamentos-de-medicao\/medicao-3d-em-processo\/#primaryimage"},"thumbnailUrl":"https:\/\/www.sariki.es\/wp-content\/uploads\/2019\/07\/icono-portada-header.png","datePublished":"2025-03-17T09:13:17+00:00","dateModified":"2025-04-02T09:23:55+00:00","description":"Ofrecemos tecnolog\u00edas de medici\u00f3n 3D especialmente dise\u00f1adas para realizar mediciones por contacto directamente en la producci\u00f3n.","breadcrumb":{"@id":"https:\/\/www.sariki.es\/pt-pt\/equipamentos-de-medicao\/medicao-3d-em-processo\/#breadcrumb"},"inLanguage":"pt-PT","potentialAction":[{"@type":"ReadAction","target":["https:\/\/www.sariki.es\/pt-pt\/equipamentos-de-medicao\/medicao-3d-em-processo\/"]}]},{"@type":"ImageObject","inLanguage":"pt-PT","@id":"https:\/\/www.sariki.es\/pt-pt\/equipamentos-de-medicao\/medicao-3d-em-processo\/#primaryimage","url":"https:\/\/www.sariki.es\/wp-content\/uploads\/2019\/07\/icono-portada-header.png","contentUrl":"https:\/\/www.sariki.es\/wp-content\/uploads\/2019\/07\/icono-portada-header.png"},{"@type":"BreadcrumbList","@id":"https:\/\/www.sariki.es\/pt-pt\/equipamentos-de-medicao\/medicao-3d-em-processo\/#breadcrumb","itemListElement":[{"@type":"ListItem","position":1,"name":"Inicio","item":"https:\/\/www.sariki.es\/pt-pt\/"},{"@type":"ListItem","position":2,"name":"Equipamentos de medi\u00e7\u00e3o","item":"https:\/\/www.sariki.es\/pt-pt\/equipamentos-de-medicao\/"},{"@type":"ListItem","position":3,"name":"Medi\u00e7\u00e3o 3D em processo"}]},{"@type":"WebSite","@id":"https:\/\/www.sariki.es\/pt-pt\/#website","url":"https:\/\/www.sariki.es\/pt-pt\/","name":"Sariki - Metrolog\u00eda industrial","description":"Metrolog\u00eda industrial en Gipuzkoa","publisher":{"@id":"https:\/\/www.sariki.es\/pt-pt\/#organization"},"potentialAction":[{"@type":"SearchAction","target":{"@type":"EntryPoint","urlTemplate":"https:\/\/www.sariki.es\/pt-pt\/?s={search_term_string}"},"query-input":{"@type":"PropertyValueSpecification","valueRequired":true,"valueName":"search_term_string"}}],"inLanguage":"pt-PT"},{"@type":"Organization","@id":"https:\/\/www.sariki.es\/pt-pt\/#organization","name":"Sariki - Soluciones de metrolog\u00eda","url":"https:\/\/www.sariki.es\/pt-pt\/","logo":{"@type":"ImageObject","inLanguage":"pt-PT","@id":"https:\/\/www.sariki.es\/pt-pt\/#\/schema\/logo\/image\/","url":"","contentUrl":"","caption":"Sariki - Soluciones de metrolog\u00eda"},"image":{"@id":"https:\/\/www.sariki.es\/pt-pt\/#\/schema\/logo\/image\/"},"sameAs":["https:\/\/www.facebook.com\/MetrologiaSariki","https:\/\/x.com\/sarikisa"]}]}},"_links":{"self":[{"href":"https:\/\/www.sariki.es\/pt-pt\/wp-json\/wp\/v2\/pages\/23769","targetHints":{"allow":["GET"]}}],"collection":[{"href":"https:\/\/www.sariki.es\/pt-pt\/wp-json\/wp\/v2\/pages"}],"about":[{"href":"https:\/\/www.sariki.es\/pt-pt\/wp-json\/wp\/v2\/types\/page"}],"author":[{"embeddable":true,"href":"https:\/\/www.sariki.es\/pt-pt\/wp-json\/wp\/v2\/users\/1"}],"replies":[{"embeddable":true,"href":"https:\/\/www.sariki.es\/pt-pt\/wp-json\/wp\/v2\/comments?post=23769"}],"version-history":[{"count":2,"href":"https:\/\/www.sariki.es\/pt-pt\/wp-json\/wp\/v2\/pages\/23769\/revisions"}],"predecessor-version":[{"id":24669,"href":"https:\/\/www.sariki.es\/pt-pt\/wp-json\/wp\/v2\/pages\/23769\/revisions\/24669"}],"up":[{"embeddable":true,"href":"https:\/\/www.sariki.es\/pt-pt\/wp-json\/wp\/v2\/pages\/24207"}],"wp:attachment":[{"href":"https:\/\/www.sariki.es\/pt-pt\/wp-json\/wp\/v2\/media?parent=23769"}],"curies":[{"name":"wp","href":"https:\/\/api.w.org\/{rel}","templated":true}]}}