{"id":23762,"date":"2025-03-17T10:05:31","date_gmt":"2025-03-17T09:05:31","guid":{"rendered":"https:\/\/www.sariki.es\/mitutoyo-mach-3a\/"},"modified":"2025-04-03T08:03:09","modified_gmt":"2025-04-03T06:03:09","slug":"mitutoyo-mach-3a","status":"publish","type":"page","link":"https:\/\/www.sariki.es\/pt-pt\/equipamentos-de-medicao\/medicao-3d-em-processo\/mitutoyo-mach-3a\/","title":{"rendered":"Mitutoyo Mach 3A"},"content":{"rendered":"\n\n\t\t<h1>\n\t\t\tMitutoyo Mach 3A\n\t\t<\/h1>\n\t<p><strong>Medi\u00e7\u00e3o 3D em processo com fuso horizontal<\/strong><\/p>\n<p>MACH 3A 653 \u00e9 o tipo de m\u00e1quina de medi\u00e7\u00e3o 3D com fuso horizontal especialmente desenhada para medir em processos de produ\u00e7\u00e3o.<\/p>\n<p>Garante um erro m\u00e1ximo admiss\u00edvel de<\/p>\n<p><strong>MPEE=(2,2 + 3,5L\/1000) \u00b5m<\/strong><\/p>\n\t\t\t\t\t\t\t<img loading=\"lazy\" decoding=\"async\" src=\"https:\/\/www.sariki.es\/wp-content\/uploads\/2019\/07\/icono-portada-header.png\" alt=\"icono-portada-header\" width=\"42\" height=\"55\" \/>\n\t\t<h4>Velocidade, fiabilidade e universalidade para o seu controlo de produ\u00e7\u00e3o<\/h4>\n\t\t\t\t<img loading=\"lazy\" decoding=\"async\" src=\"https:\/\/www.sariki.es\/wp-content\/uploads\/2022\/07\/mach-3A653-mitutoyo-medicion-en-produccion.jpg\" alt=\"mach-3A653-mitutoyo-medicion-en-produccion\" itemprop=\"image\" height=\"402\" width=\"620\" title=\"mach-3A653-mitutoyo-medicion-en-produccion\" onerror=\"this.style.display='none'\"  \/>\n\t<p><iframe loading=\"lazy\" src=\"https:\/\/players.brightcove.net\/5675787960001\/default_default\/index.html?videoId=6010522931001\" frameborder=\"0\" width=\"632\" height=\"356\"><\/iframe><\/p>\n\t<iframe loading=\"lazy\" width=\"632\" height=\"356\" src=\"https:\/\/www.youtube.com\/embed\/c_JvyJZMtKc\" frameborder=\"0\" allow=\"accelerometer; autoplay; encrypted-media; gyroscope; picture-in-picture\" allowfullscreen=\"\"><\/iframe>\n\t\t<h2>\n\t\t\tSolu\u00e7\u00e3o ideal para medi\u00e7\u00e3o 3D em processo: MACH 3A\n\t\t<\/h2>\n\t<p><strong>Desenhada para ambiente de produ\u00e7\u00e3o. <\/strong> \u00c9 uma <strong>m\u00e1quina desenhada para o ambiente de produ\u00e7\u00e3o (5 ~ 40 \u00b0C) com uma estrutura compacta<\/strong> 1914x1280x1920mm para uma f\u00e1cil integra\u00e7\u00e3o em processo. <strong>Inclui uma cabine industrial<\/strong> resistente ao p\u00f3, composto por uma unidade de ventila\u00e7\u00e3o, luz indicadora de tr\u00e1fego e ecr\u00e3 t\u00e1til.<\/p>\n\t<p><strong>Automatiz\u00e1vel. Mesa opcional index\u00e1vel<\/strong> desenhada para medi\u00e7\u00f5es ultra-r\u00e1pidas na processo de produ\u00e7\u00e3o e <strong>com capacidade de troca autom\u00e1tica<\/strong>.<\/p>\n\t<p><strong>Realiza medi\u00e7\u00f5es a alta velocidade.<\/strong> Velocidade m\u00e1xima de movimento 1.212mm\/s devido ao seu sistema baric\u00eantrico. Isso reduz o tempo de medi\u00e7\u00e3o em 1\/3 quando comparado com uma m\u00e1quina convencional. Acelera\u00e7\u00e3o 1.2G.<\/p>\n\t\t\t\t\t\t\t<img loading=\"lazy\" decoding=\"async\" src=\"https:\/\/www.sariki.es\/wp-content\/uploads\/2019\/08\/icono-rango-medicion.png\" alt=\"icono-rango-medicion\" width=\"69\" height=\"52\" \/>\n\t\t<h4> Range de medi\u00e7\u00e3o at\u00e9 600mm.<\/h4>\n\t\t\t\t<img loading=\"lazy\" decoding=\"async\" src=\"https:\/\/www.sariki.es\/wp-content\/uploads\/2019\/09\/maquina-tridimensional-en-linea-Mitutoyo-mach-3A-653_2.jpg\" alt=\"maquina-tridimensional-en-linea-Mitutoyo-mach-3A-653_2\" itemprop=\"image\" height=\"402\" width=\"620\" title=\"maquina-tridimensional-en-linea-Mitutoyo-mach-3A-653_2\" onerror=\"this.style.display='none'\"  \/>\n\t\t\t\t\t\t\t<img loading=\"lazy\" decoding=\"async\" src=\"https:\/\/www.sariki.es\/wp-content\/uploads\/2019\/09\/quiero-presupuesto-icono.png\" alt=\"quiero-presupuesto-icono\" width=\"201\" height=\"201\" \/>\n\t\t\n\t\t\t<a href=\"https:\/\/www.sariki.es\/pt-pt\/pretendo-uma-oferta\/\" title=\"Click Here\" target=\"_self\"   role=\"button\" aria-label=\"Pretendo uma oferta\">\n\t\t\t\t\t\t\tPretendo uma oferta\n\t\t<\/a>\n\t\t\t\t\t\t\t<img loading=\"lazy\" decoding=\"async\" src=\"https:\/\/www.sariki.es\/wp-content\/uploads\/2019\/09\/quiero-asesoramiento-icono.png\" alt=\"quiero-asesoramiento-icono\" width=\"201\" height=\"201\" \/>\n\t\t\n\t\t\t<a href=\"https:\/\/www.sariki.es\/pt-pt\/pretendo-informacoes\/\" title=\"Click Here\" target=\"_self\"   role=\"button\" aria-label=\"Pretendo informa\u00e7\u00f5es\">\n\t\t\t\t\t\t\tPretendo informa\u00e7\u00f5es\n\t\t<\/a>\n\t\t\t\t\t\t\t<img loading=\"lazy\" decoding=\"async\" src=\"https:\/\/www.sariki.es\/wp-content\/uploads\/2019\/09\/descargar-catalogo-icono.png\" alt=\"descargar-catalogo-icono\" width=\"201\" height=\"201\" \/>\n\t\t\n\t\t\t<a href=\"#\" title=\"Click Here\" target=\"_self\"   role=\"button\" aria-label=\"Descarregar o cat\u00e1logo\">\n\t\t\t\t\t\t\tDescarregar o cat\u00e1logo\n\t\t<\/a>\n\t\t<h2>\n\t\t\tProdutos e servi\u00e7os relacionados\n\t\t<\/h2>\n\t\t\t<p>Com este equipamento podem ser utilizados diferentes softwares em fun\u00e7\u00e3o das necessidades e utiliza\u00e7\u00e3o que se pretende. Aconselharemos em todo o momento sobre o complemento mais adequado ao seu caso. Consulte-nos sem compromisso.<\/p>\t\t\n\t\t\t\t\t\t\t<img loading=\"lazy\" decoding=\"async\" src=\"https:\/\/www.sariki.es\/wp-content\/uploads\/2019\/09\/software-medicion-mcosmos.jpg\" alt=\"software-medicion-mcosmos\" width=\"620\" height=\"403\" \/>\n\t\t\n\t\t\t<a href=\"https:\/\/www.sariki.es\/pt-pt\/software-industria-4-0\/mcosmos\/\" title=\"Click Here\" target=\"_self\"   role=\"button\" aria-label=\"Software Mcosmos\">\n\t\t\t\t\t\t\tSoftware Mcosmos\n\t\t<\/a>\n\t\t\t\t\t\t\t<img loading=\"lazy\" decoding=\"async\" src=\"https:\/\/www.sariki.es\/wp-content\/uploads\/2019\/11\/software-de-medicion-micat-planner-4.jpg\" alt=\"software-de-medicion-micat-planner-4\" width=\"620\" height=\"380\" \/>\n\t\t\n\t\t\t<a href=\"https:\/\/www.sariki.es\/pt-pt\/software-industria-4-0\/micat-planner\/\" title=\"Click Here\" target=\"_self\"   role=\"button\" aria-label=\"Software MiCat planner\">\n\t\t\t\t\t\t\tSoftware MiCat planner\n\t\t<\/a>\n\t\t\t\t\t\t\t<img loading=\"lazy\" decoding=\"async\" src=\"https:\/\/www.sariki.es\/wp-content\/uploads\/2019\/10\/metrologia-soluciones-inspeccion-100-en-linea-intro-1.jpg\" alt=\"metrologia-soluciones-inspeccion-100-en-linea-intro\" width=\"620\" height=\"404\" \/>\n\t\t\n\t\t\t<a href=\"https:\/\/www.sariki.es\/pt-pt\/software-industria-4-0\/software-para-o-controlo-estatistico-de-processos-spc\/\" title=\"Click Here\" target=\"_self\"   role=\"button\" aria-label=\"Software Measurlink\">\n\t\t\t\t\t\t\tSoftware Measurlink\n\t\t<\/a>\n\t\t<h2>\n\t\t\tAplica\u00e7\u00f5es\n\t\t<\/h2>\n\t\t\t<p><strong>Medi\u00e7\u00e3o de pe\u00e7as maquinadas<\/strong> (cabe\u00e7as de cilindro, c\u00e1rteres de motor, bloco de motor, suportes de mangueiras e bra\u00e7os, cabe\u00e7as de cilindro, discos e tambores de trav\u00e3o, amortecedores, etc.), <strong>bem como medi\u00e7\u00e3o de pe\u00e7as durante o processo de produ\u00e7\u00e3o, em fases interm\u00e9dias antes da maquina\u00e7\u00e3o final<\/strong> (opera\u00e7\u00f5es de desbaste).<\/p>\t\t\n\t\t\t\t\t\t\t<img loading=\"lazy\" decoding=\"async\" src=\"https:\/\/www.sariki.es\/wp-content\/uploads\/2019\/09\/medicion-3d-de-bloque-motor.jpg\" alt=\"medicion-3d-de-bloque-motor\" width=\"402\" height=\"302\" \/>\n\t\t\n\t\t\t\t\t\t\t<img loading=\"lazy\" decoding=\"async\" src=\"https:\/\/www.sariki.es\/wp-content\/uploads\/2019\/09\/medicion-3d-de-culata.jpg\" alt=\"medicion-3d-de-culata\" width=\"402\" height=\"302\" \/>\n\t\t\n\t\t\t\t\t\t\t<img loading=\"lazy\" decoding=\"async\" src=\"https:\/\/www.sariki.es\/wp-content\/uploads\/2019\/09\/medicion-3d-de-porta-mangueta.jpg\" alt=\"medicion-3d-de-porta-mangueta\" width=\"402\" height=\"302\" \/>\n\t\t\n\t\t\t\t\t\t\t<img loading=\"lazy\" decoding=\"async\" src=\"https:\/\/www.sariki.es\/wp-content\/uploads\/2019\/09\/medicion-3d-de-disco-de-freno.jpg\" alt=\"medicion-3d-de-disco-de-freno\" width=\"402\" height=\"302\" \/>\n\t\t\n\t\t\t<a href=\"https:\/\/www.sariki.es\/pt-pt\/casos-de-sucessos\/\" title=\"Click Here\" target=\"_self\"   role=\"button\" aria-label=\"Veja casos de sucesso\">\n\t\t\t\t\t\t\tVeja casos de sucesso\n\t\t<\/a>\n\t\t<h2>\n\t\t\tApalpadores de medi\u00e7\u00e3o\n\t\t<\/h2>\n\t\t\t<p>Ter\u00e1 um Sistema vers\u00e1til e flex\u00edvel, o qual pode incorporar os seguintes apalpadores.<\/p>\t\t\n\t\t\t\t\t\t\t<img loading=\"lazy\" decoding=\"async\" src=\"https:\/\/www.sariki.es\/wp-content\/uploads\/2019\/09\/sonda-tp7m.jpg\" alt=\"sonda-tp7m\" width=\"180\" height=\"279\" \/>\n\t\t\n\t\t\t<p>TP7M<\/p>\t\t\n\t\t\t\t\t\t\t<img loading=\"lazy\" decoding=\"async\" src=\"https:\/\/www.sariki.es\/wp-content\/uploads\/2019\/09\/sonda-sp25m.jpg\" alt=\"sonda-sp25m\" width=\"180\" height=\"279\" \/>\n\t\t\n\t\t\t<p>SP25M<\/p>\t\t\n\t\t<h2>\n\t\t\tSolu\u00e7\u00e3o personalizada SK\/solu\u00e7\u00f5es\n\t\t<\/h2>\n\t\t\t<p>O nosso departamento de engenharia pode personalizar e integrar a m\u00e1quina de medi\u00e7\u00e3o por coordenadas MACH V 9106 de acordo com as suas necessidades. Diga-nos qual \u00e9 o seu desafio e a Sariki identificar\u00e1 a melhor solu\u00e7\u00e3o para o seu caso espec\u00edfico.<\/p>\t\t\n\t\t\t\t\t\t\t<img loading=\"lazy\" decoding=\"async\" src=\"https:\/\/www.sariki.es\/wp-content\/uploads\/2019\/08\/icono-solucion-personalizada-1.png\" alt=\"icono-solucion-personalizada-1\" width=\"59\" height=\"52\" \/>\n\t\t<h4>SISTEMA DE CARREGAMENTO<\/h4>\n\t\t\t<p>Pode incorporar Sistema manual, semi-autom\u00e1tico ou autom\u00e1tico de carregamento ao seu equipamento.<\/p>\t\t\n\t\t\t\t\t\t\t<img loading=\"lazy\" decoding=\"async\" src=\"https:\/\/www.sariki.es\/wp-content\/uploads\/2019\/08\/icono-solucion-personalizada-2.png\" alt=\"icono-solucion-personalizada-2\" width=\"60\" height=\"52\" \/>\n\t\t<h4>SISTEMA DE CABINE<\/h4>\n\t\t\t<p>A Sariki identifica o Sistema de cabine que melhor se adapte \u00e0 sua aplica\u00e7\u00e3o.<\/p>\t\t\n\t\t\t\t\t\t\t<img loading=\"lazy\" decoding=\"async\" src=\"https:\/\/www.sariki.es\/wp-content\/uploads\/2019\/08\/icono-solucion-personalizada-3.png\" alt=\"icono-solucion-personalizada-3\" width=\"51\" height=\"50\" \/>\n\t\t<h4>INTERA\u00c7\u00c3O COM SISTEMAS DE GEST\u00c3O DA PRODU\u00c7\u00c3O<\/h4>\n\t\t\t<p>Garantimos 100% tra\u00e7abilidade do processo ao integrar os dados da CMM com o seu sistema MES\/ERP.<\/p>\t\t\n\t\t\t\t\t\t\t<img loading=\"lazy\" decoding=\"async\" src=\"https:\/\/www.sariki.es\/wp-content\/uploads\/2019\/08\/icono-solucion-personalizada-4.png\" alt=\"icono-solucion-personalizada-4\" width=\"59\" height=\"52\" \/>\n\t\t<h4>PROGRAMA\u00c7\u00c3O CUSTOMIZADA<\/h4>\n\t\t\t<p>Temos um staff com experi\u00eancia em programa\u00e7\u00e3o e medi\u00e7\u00e3o para a realiza\u00e7\u00e3o e implementa\u00e7\u00e3o dos programas de medi\u00e7\u00e3o.<\/p>\t\t\n\t\t\t\t\t\t\t<img loading=\"lazy\" decoding=\"async\" src=\"https:\/\/www.sariki.es\/wp-content\/uploads\/2019\/08\/icono-solucion-personalizada-5.png\" alt=\"icono-solucion-personalizada-5\" width=\"58\" height=\"52\" \/>\n\t\t<h4>PROJETO CHAVE NA M\u00c3O<\/h4>\n\t\t\t<p>Se procura um projeto chave na m\u00e3o pode confiar em n\u00f3s. Trabalhamos consigo desde a concep\u00e7\u00e3o da ideia e defini\u00e7\u00e3o das condi\u00e7\u00f5es do projeto, realizamos a aceita\u00e7\u00e3o pr\u00e9via, instala\u00e7\u00e3o na sua empresa, forma\u00e7\u00e3o dos utilizadores, damos assist\u00eancia t\u00e9cnica e suporte durante toda a vida do projeto.Enfrentamos projetos de integra\u00e7\u00e3o a partir de uma vis\u00e3o hol\u00edstica das normas de inspe\u00e7\u00e3o e estamos empenhados em utilizar combina\u00e7\u00e3o de diferentes tecnologias de hibridiza\u00e7\u00e3o. Somos capazes de desenvolver uma solu\u00e7\u00e3o de inspe\u00e7\u00e3o que combina diferentes tecnologias: m\u00e1quina tridimensional, rugosidade, vis\u00e3o, etc.<\/p>\t\t\n\t\t<h2>\n\t\t\tEspecifica\u00e7\u00f5es t\u00e9cnicas\n\t\t<\/h2>\n\t\t\t\t\t\t\t<img loading=\"lazy\" decoding=\"async\" src=\"https:\/\/www.sariki.es\/wp-content\/uploads\/2019\/08\/icono-especificaciones.png\" alt=\"icono-especificaciones\" width=\"67\" height=\"54\" \/>\n\t\t<h4>1 MODELO DISPONIVEL<\/h4>\n\t\t<h4>Range de Medi\u00e7\u00e3o<\/h4>\n\t\t\t<p>X 600mm<br \/>Y 500mm<br \/>Z 280mm<\/p>\t\t\n\t\t<h4>Precis\u00e3o<\/h4>\n\t\t\t<p>(2.2 + 3.5L\/1000)\u00b5mde 19\u00baC a 21\u00baC com a sonda SP25M<\/p>\t\t\n\t\t<h4>Resolu\u00e7\u00e3o<\/h4>\n\t\t\t<p>0,0001mm<\/p>\t\t\n\t\t<h4>Velocidade m\u00e1xima de acionamento<\/h4>\n\t\t\t<p>At\u00e9 1.212mm\/s<\/p>\t\t\n\t\t<h4>Acelera\u00e7\u00e3o m\u00e1xima<\/h4>\n\t\t\t<p>At\u00e9 6.860 mm\/s<sup>2<\/sup><\/p>\t\t\n\t\t<h4>Range de temperatura permitido<\/h4>\n\t\t\t<p>De 5\u00baC a 40\u00baC<\/p>\t\t\n\t\t<h4>Peso m\u00e1ximo da m\u00e1quina<\/h4>\n\t\t\t<p>1400 Kg.<\/p>\t\t\n\t\t<h2>\n\t\t\tNecessitas de mais informa\u00e7\u00e3o?\n\t\t<\/h2>\n\n","protected":false},"excerpt":{"rendered":"<p>Mitutoyo Mach 3A Medi\u00e7\u00e3o 3D em processo com fuso horizontal MACH 3A 653 \u00e9 o tipo de m\u00e1quina de medi\u00e7\u00e3o 3D com fuso horizontal especialmente desenhada para medir em processos de produ\u00e7\u00e3o. Garante um erro m\u00e1ximo admiss\u00edvel de MPEE=(2,2 + 3,5L\/1000) \u00b5m Velocidade, fiabilidade e universalidade para o seu controlo de produ\u00e7\u00e3o Solu\u00e7\u00e3o ideal para&hellip;<\/p>\n","protected":false},"author":1,"featured_media":0,"parent":23769,"menu_order":0,"comment_status":"closed","ping_status":"closed","template":"","meta":{"footnotes":""},"class_list":["post-23762","page","type-page","status-publish","hentry"],"yoast_head":"<!-- This site is optimized with the Yoast SEO Premium plugin v24.6 (Yoast SEO v24.6) - https:\/\/yoast.com\/wordpress\/plugins\/seo\/ -->\n<title>Mitutoyo Mach 3A - Metrolog\u00eda Sariki - Metrologia na produ\u00e7\u00e3o<\/title>\n<meta name=\"description\" content=\"A Mitutoyo MACH 3A \u00e9 uma m\u00e1quina tridimensional de eixo horizontal especialmente concebida para a medi\u00e7\u00e3o em linhas de produ\u00e7\u00e3o.\" \/>\n<meta name=\"robots\" content=\"index, follow, max-snippet:-1, max-image-preview:large, max-video-preview:-1\" \/>\n<link rel=\"canonical\" href=\"https:\/\/www.sariki.es\/pt-pt\/equipamentos-de-medicao\/medicao-3d-em-processo\/mitutoyo-mach-3a\/\" \/>\n<meta property=\"og:locale\" content=\"pt_PT\" \/>\n<meta property=\"og:type\" content=\"article\" \/>\n<meta property=\"og:title\" content=\"Mitutoyo Mach 3A\" \/>\n<meta property=\"og:description\" content=\"A Mitutoyo MACH 3A \u00e9 uma m\u00e1quina tridimensional de eixo horizontal especialmente concebida para a medi\u00e7\u00e3o em linhas de produ\u00e7\u00e3o.\" \/>\n<meta property=\"og:url\" content=\"https:\/\/www.sariki.es\/pt-pt\/equipamentos-de-medicao\/medicao-3d-em-processo\/mitutoyo-mach-3a\/\" \/>\n<meta property=\"og:site_name\" content=\"Sariki - Metrolog\u00eda industrial\" \/>\n<meta property=\"article:publisher\" content=\"https:\/\/www.facebook.com\/MetrologiaSariki\" \/>\n<meta property=\"article:modified_time\" content=\"2025-04-03T06:03:09+00:00\" \/>\n<meta property=\"og:image\" content=\"https:\/\/www.sariki.es\/wp-content\/uploads\/2019\/07\/icono-portada-header.png\" \/>\n<meta name=\"twitter:card\" content=\"summary_large_image\" \/>\n<meta name=\"twitter:site\" content=\"@sarikisa\" \/>\n<meta name=\"twitter:label1\" content=\"Tempo estimado de leitura\" \/>\n\t<meta name=\"twitter:data1\" content=\"3 minutos\" \/>\n<script type=\"application\/ld+json\" class=\"yoast-schema-graph\">{\"@context\":\"https:\/\/schema.org\",\"@graph\":[{\"@type\":\"WebPage\",\"@id\":\"https:\/\/www.sariki.es\/pt-pt\/equipamentos-de-medicao\/medicao-3d-em-processo\/mitutoyo-mach-3a\/\",\"url\":\"https:\/\/www.sariki.es\/pt-pt\/equipamentos-de-medicao\/medicao-3d-em-processo\/mitutoyo-mach-3a\/\",\"name\":\"Mitutoyo Mach 3A - Metrolog\u00eda Sariki - Metrologia na produ\u00e7\u00e3o\",\"isPartOf\":{\"@id\":\"https:\/\/www.sariki.es\/pt-pt\/#website\"},\"primaryImageOfPage\":{\"@id\":\"https:\/\/www.sariki.es\/pt-pt\/equipamentos-de-medicao\/medicao-3d-em-processo\/mitutoyo-mach-3a\/#primaryimage\"},\"image\":{\"@id\":\"https:\/\/www.sariki.es\/pt-pt\/equipamentos-de-medicao\/medicao-3d-em-processo\/mitutoyo-mach-3a\/#primaryimage\"},\"thumbnailUrl\":\"https:\/\/www.sariki.es\/wp-content\/uploads\/2019\/07\/icono-portada-header.png\",\"datePublished\":\"2025-03-17T09:05:31+00:00\",\"dateModified\":\"2025-04-03T06:03:09+00:00\",\"description\":\"A Mitutoyo MACH 3A \u00e9 uma m\u00e1quina tridimensional de eixo horizontal especialmente concebida para a medi\u00e7\u00e3o em linhas de produ\u00e7\u00e3o.\",\"breadcrumb\":{\"@id\":\"https:\/\/www.sariki.es\/pt-pt\/equipamentos-de-medicao\/medicao-3d-em-processo\/mitutoyo-mach-3a\/#breadcrumb\"},\"inLanguage\":\"pt-PT\",\"potentialAction\":[{\"@type\":\"ReadAction\",\"target\":[\"https:\/\/www.sariki.es\/pt-pt\/equipamentos-de-medicao\/medicao-3d-em-processo\/mitutoyo-mach-3a\/\"]}]},{\"@type\":\"ImageObject\",\"inLanguage\":\"pt-PT\",\"@id\":\"https:\/\/www.sariki.es\/pt-pt\/equipamentos-de-medicao\/medicao-3d-em-processo\/mitutoyo-mach-3a\/#primaryimage\",\"url\":\"https:\/\/www.sariki.es\/wp-content\/uploads\/2019\/07\/icono-portada-header.png\",\"contentUrl\":\"https:\/\/www.sariki.es\/wp-content\/uploads\/2019\/07\/icono-portada-header.png\"},{\"@type\":\"BreadcrumbList\",\"@id\":\"https:\/\/www.sariki.es\/pt-pt\/equipamentos-de-medicao\/medicao-3d-em-processo\/mitutoyo-mach-3a\/#breadcrumb\",\"itemListElement\":[{\"@type\":\"ListItem\",\"position\":1,\"name\":\"Inicio\",\"item\":\"https:\/\/www.sariki.es\/pt-pt\/\"},{\"@type\":\"ListItem\",\"position\":2,\"name\":\"Equipamentos de medi\u00e7\u00e3o\",\"item\":\"https:\/\/www.sariki.es\/pt-pt\/equipamentos-de-medicao\/\"},{\"@type\":\"ListItem\",\"position\":3,\"name\":\"Medi\u00e7\u00e3o 3D em processo\",\"item\":\"https:\/\/www.sariki.es\/pt-pt\/equipamentos-de-medicao\/medicao-3d-em-processo\/\"},{\"@type\":\"ListItem\",\"position\":4,\"name\":\"Mitutoyo Mach 3A\"}]},{\"@type\":\"WebSite\",\"@id\":\"https:\/\/www.sariki.es\/pt-pt\/#website\",\"url\":\"https:\/\/www.sariki.es\/pt-pt\/\",\"name\":\"Sariki - Metrolog\u00eda industrial\",\"description\":\"Metrolog\u00eda industrial en Gipuzkoa\",\"publisher\":{\"@id\":\"https:\/\/www.sariki.es\/pt-pt\/#organization\"},\"potentialAction\":[{\"@type\":\"SearchAction\",\"target\":{\"@type\":\"EntryPoint\",\"urlTemplate\":\"https:\/\/www.sariki.es\/pt-pt\/?s={search_term_string}\"},\"query-input\":{\"@type\":\"PropertyValueSpecification\",\"valueRequired\":true,\"valueName\":\"search_term_string\"}}],\"inLanguage\":\"pt-PT\"},{\"@type\":\"Organization\",\"@id\":\"https:\/\/www.sariki.es\/pt-pt\/#organization\",\"name\":\"Sariki - Soluciones de metrolog\u00eda\",\"url\":\"https:\/\/www.sariki.es\/pt-pt\/\",\"logo\":{\"@type\":\"ImageObject\",\"inLanguage\":\"pt-PT\",\"@id\":\"https:\/\/www.sariki.es\/pt-pt\/#\/schema\/logo\/image\/\",\"url\":\"\",\"contentUrl\":\"\",\"caption\":\"Sariki - Soluciones de metrolog\u00eda\"},\"image\":{\"@id\":\"https:\/\/www.sariki.es\/pt-pt\/#\/schema\/logo\/image\/\"},\"sameAs\":[\"https:\/\/www.facebook.com\/MetrologiaSariki\",\"https:\/\/x.com\/sarikisa\"]}]}<\/script>\n<!-- \/ Yoast SEO Premium plugin. -->","yoast_head_json":{"title":"Mitutoyo Mach 3A - Metrolog\u00eda Sariki - Metrologia na produ\u00e7\u00e3o","description":"A Mitutoyo MACH 3A \u00e9 uma m\u00e1quina tridimensional de eixo horizontal especialmente concebida para a medi\u00e7\u00e3o em linhas de produ\u00e7\u00e3o.","robots":{"index":"index","follow":"follow","max-snippet":"max-snippet:-1","max-image-preview":"max-image-preview:large","max-video-preview":"max-video-preview:-1"},"canonical":"https:\/\/www.sariki.es\/pt-pt\/equipamentos-de-medicao\/medicao-3d-em-processo\/mitutoyo-mach-3a\/","og_locale":"pt_PT","og_type":"article","og_title":"Mitutoyo Mach 3A","og_description":"A Mitutoyo MACH 3A \u00e9 uma m\u00e1quina tridimensional de eixo horizontal especialmente concebida para a medi\u00e7\u00e3o em linhas de produ\u00e7\u00e3o.","og_url":"https:\/\/www.sariki.es\/pt-pt\/equipamentos-de-medicao\/medicao-3d-em-processo\/mitutoyo-mach-3a\/","og_site_name":"Sariki - Metrolog\u00eda industrial","article_publisher":"https:\/\/www.facebook.com\/MetrologiaSariki","article_modified_time":"2025-04-03T06:03:09+00:00","og_image":[{"url":"https:\/\/www.sariki.es\/wp-content\/uploads\/2019\/07\/icono-portada-header.png","type":"","width":"","height":""}],"twitter_card":"summary_large_image","twitter_site":"@sarikisa","twitter_misc":{"Tempo estimado de leitura":"3 minutos"},"schema":{"@context":"https:\/\/schema.org","@graph":[{"@type":"WebPage","@id":"https:\/\/www.sariki.es\/pt-pt\/equipamentos-de-medicao\/medicao-3d-em-processo\/mitutoyo-mach-3a\/","url":"https:\/\/www.sariki.es\/pt-pt\/equipamentos-de-medicao\/medicao-3d-em-processo\/mitutoyo-mach-3a\/","name":"Mitutoyo Mach 3A - Metrolog\u00eda Sariki - Metrologia na produ\u00e7\u00e3o","isPartOf":{"@id":"https:\/\/www.sariki.es\/pt-pt\/#website"},"primaryImageOfPage":{"@id":"https:\/\/www.sariki.es\/pt-pt\/equipamentos-de-medicao\/medicao-3d-em-processo\/mitutoyo-mach-3a\/#primaryimage"},"image":{"@id":"https:\/\/www.sariki.es\/pt-pt\/equipamentos-de-medicao\/medicao-3d-em-processo\/mitutoyo-mach-3a\/#primaryimage"},"thumbnailUrl":"https:\/\/www.sariki.es\/wp-content\/uploads\/2019\/07\/icono-portada-header.png","datePublished":"2025-03-17T09:05:31+00:00","dateModified":"2025-04-03T06:03:09+00:00","description":"A Mitutoyo MACH 3A \u00e9 uma m\u00e1quina tridimensional de eixo horizontal especialmente concebida para a medi\u00e7\u00e3o em linhas de produ\u00e7\u00e3o.","breadcrumb":{"@id":"https:\/\/www.sariki.es\/pt-pt\/equipamentos-de-medicao\/medicao-3d-em-processo\/mitutoyo-mach-3a\/#breadcrumb"},"inLanguage":"pt-PT","potentialAction":[{"@type":"ReadAction","target":["https:\/\/www.sariki.es\/pt-pt\/equipamentos-de-medicao\/medicao-3d-em-processo\/mitutoyo-mach-3a\/"]}]},{"@type":"ImageObject","inLanguage":"pt-PT","@id":"https:\/\/www.sariki.es\/pt-pt\/equipamentos-de-medicao\/medicao-3d-em-processo\/mitutoyo-mach-3a\/#primaryimage","url":"https:\/\/www.sariki.es\/wp-content\/uploads\/2019\/07\/icono-portada-header.png","contentUrl":"https:\/\/www.sariki.es\/wp-content\/uploads\/2019\/07\/icono-portada-header.png"},{"@type":"BreadcrumbList","@id":"https:\/\/www.sariki.es\/pt-pt\/equipamentos-de-medicao\/medicao-3d-em-processo\/mitutoyo-mach-3a\/#breadcrumb","itemListElement":[{"@type":"ListItem","position":1,"name":"Inicio","item":"https:\/\/www.sariki.es\/pt-pt\/"},{"@type":"ListItem","position":2,"name":"Equipamentos de medi\u00e7\u00e3o","item":"https:\/\/www.sariki.es\/pt-pt\/equipamentos-de-medicao\/"},{"@type":"ListItem","position":3,"name":"Medi\u00e7\u00e3o 3D em processo","item":"https:\/\/www.sariki.es\/pt-pt\/equipamentos-de-medicao\/medicao-3d-em-processo\/"},{"@type":"ListItem","position":4,"name":"Mitutoyo Mach 3A"}]},{"@type":"WebSite","@id":"https:\/\/www.sariki.es\/pt-pt\/#website","url":"https:\/\/www.sariki.es\/pt-pt\/","name":"Sariki - Metrolog\u00eda industrial","description":"Metrolog\u00eda industrial en Gipuzkoa","publisher":{"@id":"https:\/\/www.sariki.es\/pt-pt\/#organization"},"potentialAction":[{"@type":"SearchAction","target":{"@type":"EntryPoint","urlTemplate":"https:\/\/www.sariki.es\/pt-pt\/?s={search_term_string}"},"query-input":{"@type":"PropertyValueSpecification","valueRequired":true,"valueName":"search_term_string"}}],"inLanguage":"pt-PT"},{"@type":"Organization","@id":"https:\/\/www.sariki.es\/pt-pt\/#organization","name":"Sariki - Soluciones de metrolog\u00eda","url":"https:\/\/www.sariki.es\/pt-pt\/","logo":{"@type":"ImageObject","inLanguage":"pt-PT","@id":"https:\/\/www.sariki.es\/pt-pt\/#\/schema\/logo\/image\/","url":"","contentUrl":"","caption":"Sariki - Soluciones de metrolog\u00eda"},"image":{"@id":"https:\/\/www.sariki.es\/pt-pt\/#\/schema\/logo\/image\/"},"sameAs":["https:\/\/www.facebook.com\/MetrologiaSariki","https:\/\/x.com\/sarikisa"]}]}},"_links":{"self":[{"href":"https:\/\/www.sariki.es\/pt-pt\/wp-json\/wp\/v2\/pages\/23762","targetHints":{"allow":["GET"]}}],"collection":[{"href":"https:\/\/www.sariki.es\/pt-pt\/wp-json\/wp\/v2\/pages"}],"about":[{"href":"https:\/\/www.sariki.es\/pt-pt\/wp-json\/wp\/v2\/types\/page"}],"author":[{"embeddable":true,"href":"https:\/\/www.sariki.es\/pt-pt\/wp-json\/wp\/v2\/users\/1"}],"replies":[{"embeddable":true,"href":"https:\/\/www.sariki.es\/pt-pt\/wp-json\/wp\/v2\/comments?post=23762"}],"version-history":[{"count":2,"href":"https:\/\/www.sariki.es\/pt-pt\/wp-json\/wp\/v2\/pages\/23762\/revisions"}],"predecessor-version":[{"id":24674,"href":"https:\/\/www.sariki.es\/pt-pt\/wp-json\/wp\/v2\/pages\/23762\/revisions\/24674"}],"up":[{"embeddable":true,"href":"https:\/\/www.sariki.es\/pt-pt\/wp-json\/wp\/v2\/pages\/23769"}],"wp:attachment":[{"href":"https:\/\/www.sariki.es\/pt-pt\/wp-json\/wp\/v2\/media?parent=23762"}],"curies":[{"name":"wp","href":"https:\/\/api.w.org\/{rel}","templated":true}]}}