{"id":23726,"date":"2025-03-17T08:34:23","date_gmt":"2025-03-17T07:34:23","guid":{"rendered":"https:\/\/www.sariki.es\/medicao-optica-em-processo\/"},"modified":"2026-05-04T12:49:43","modified_gmt":"2026-05-04T10:49:43","slug":"medicao-optica-em-processo","status":"publish","type":"page","link":"https:\/\/www.sariki.es\/pt-pt\/equipamentos-de-medicao\/medicao-optica-em-processo\/","title":{"rendered":"Medi\u00e7\u00e3o \u00f3ptica em processo"},"content":{"rendered":"\n\n\t\t<h1>\n\t\t\tMedi\u00e7\u00e3o \u00f3ptica em processo\n\t\t<\/h1>\n\t<p>Propomos uma solu\u00e7\u00e3o de <strong>inspe\u00e7\u00e3o \u00f3ptica sem contacto<\/strong> para <strong>\u00e1rvores de cames, cambota, eixos de transmiss\u00e3o, turbinas, injectores, pist\u00f5es, juntas homocin\u00e9ticas, pe\u00e7as de revolu\u00e7\u00e3o em geral, parafusos, porcas e uni\u00f5es, implantes dent\u00e1rios e de biomedicina, micromec\u00e2nica&#8230;etc.<\/strong><\/p>\n\t\t\t\t\t\t\t<img loading=\"lazy\" decoding=\"async\" src=\"https:\/\/www.sariki.es\/wp-content\/uploads\/2019\/07\/icono-portada-header.png\" alt=\"icono-portada-header\" width=\"42\" height=\"55\" \/>\n\t\t\t\t\t\t<h4>Sariki \u00e9 o distribuidor oficial de VICI VISION para Espanha e Portugal<\/h4>\t\t\t\t\t\n\t\t\t\t\t\t\t\t\t<img loading=\"lazy\" decoding=\"async\" src=\"https:\/\/www.sariki.es\/wp-content\/uploads\/2021\/07\/VICI_VISION_en_produccion.jpg\" alt=\"VICI_VISION_en_produccion\" itemprop=\"image\" height=\"413\" width=\"620\" srcset=\"https:\/\/www.sariki.es\/wp-content\/uploads\/2021\/07\/VICI_VISION_en_produccion.jpg 620w, https:\/\/www.sariki.es\/wp-content\/uploads\/2021\/07\/VICI_VISION_en_produccion-300x200.jpg 300w, https:\/\/www.sariki.es\/wp-content\/uploads\/2021\/07\/VICI_VISION_en_produccion-375x250.jpg 375w\" sizes=\"auto, (max-width: 620px) 100vw, 620px\" title=\"VICI_VISION_en_produccion\" onerror=\"this.style.display='none'\"  \/>\n\t\t\t\t<img decoding=\"async\" src=\"https:\/\/www.sariki.es\/wp-content\/uploads\/2021\/06\/panelfisa-vicivision-medicion-en-produccion.jpg\" alt=\"panelfisa-vicivision-medicion-en-produccion\" itemprop=\"image\" height=\"714\" width=\"1000\" title=\"panelfisa-vicivision-medicion-en-produccion\" onerror=\"this.style.display='none'\" loading=\"lazy\" \/>\n\t\t<h2>\n\t\t\tCaso de sucesso\n\t\t<\/h2>\n\t<p><strong>Panelfisa confia na metrologia de produ\u00e7\u00e3o<\/strong> para otimizar tempos e melhorar a qualidade dos seus elementos de fixa\u00e7\u00e3o<\/p>\n\t\t\t<a href=\"https:\/\/www.sariki.es\/pt-pt\/casos-de-sucesso\/panelfisa\/\" title=\"Click Here\" target=\"_self\"   role=\"button\" aria-label=\"Ver o caso de \u00eaxito\">\n\t\t\t\t\t\t\tVer o caso de \u00eaxito\n\t\t<\/a>\n\t\t\t<a href=\"https:\/\/www.sariki.es\/pt-pt\/casos-de-sucessos\/\" title=\"Click Here\" target=\"_self\"   role=\"button\" aria-label=\"Ver todos os casos de sucesso\">\n\t\t\t\t\t\t\tVer todos os casos de sucesso\n\t\t<\/a>\n\t\t<h2>\n\t\t\tTecnolog\u00eda para medir de forma autom\u00e1tica em produ\u00e7\u00e3o\n\t\t<\/h2>\n\t<p>Cada vez mais empresas optam pela automatiza\u00e7\u00e3o do controlo dimensional na produ\u00e7\u00e3o. <strong>Os fabricantes de pe\u00e7as torneadas e rectificadas est\u00e3o a optar pela substitui\u00e7\u00e3o das ferramentas tradicionais de medi\u00e7\u00e3o por m\u00e1quinas mais eficientes.<\/strong> Por um lado, porque medir com as ferramentas tradicionais sup\u00f5em ter um processo mais longo e por outro, porque os resultados est\u00e3o condicionados pela experi\u00eancia do trabalhador.<\/p>\n\t\t<iframe loading=\"lazy\" width=\"560\" height=\"315\" src=\"https:\/\/www.youtube.com\/embed\/nQpFQcZhvok?si=2D140o0b0s36S9qW\" title=\"YouTube video player\" frameborder=\"0\" allow=\"accelerometer; autoplay; clipboard-write; encrypted-media; gyroscope; picture-in-picture; web-share\" allowfullscreen><\/iframe>\t\n\t\t<h2>\n\t\t\tConoce nuestras soluciones de medici\u00f3n \u00f3ptica en proceso\n\t\t<\/h2>\n\t\t\t\t\t\t\t<img loading=\"lazy\" decoding=\"async\" src=\"https:\/\/www.sariki.es\/wp-content\/uploads\/2022\/03\/vicivision_prima.jpg\" alt=\"M\u00e1quina de medici\u00f3n \u00f3ptica VICIVISION prima 306\" width=\"620\" height=\"402\" \/>\n\t\t\t\t\t\t\t\t\t\t\t\n\t\t\t<p>A m\u00e1quina de medi\u00e7\u00e3o \u00f3tica para todos os decoletores<\/p>\t\t\n\t\t\t<a href=\"https:\/\/www.sariki.es\/pt-pt\/vicivision-serie-prima\/\" title=\"Click Here\" target=\"_self\"   role=\"button\" aria-label=\"ViciVision s\u00e9rie Prima\">\n\t\t\t\t\t\t\tViciVision s\u00e9rie Prima\n\t\t<\/a>\n\t\t\t\t\t\t\t<img loading=\"lazy\" decoding=\"async\" src=\"https:\/\/www.sariki.es\/wp-content\/uploads\/2019\/10\/maquina-de-medicion-optica-vici-vision-Techno-M609.jpg\" alt=\"maquina-de-medicion-optica-vici-vision-Techno-M609\" width=\"400\" height=\"280\" \/>\n\t\t\t\t\t\t\t\t\t\t\t\n\t\t\t<p>Alta resolu\u00e7\u00e3o para medir pe\u00e7as rotativas diretamente no ch\u00e3o de f\u00e1brica<\/p>\t\t\n\t\t\t<a href=\"https:\/\/www.sariki.es\/pt-pt\/vicivision-serie-techno\/\" title=\"Click Here\" target=\"_self\"   role=\"button\" aria-label=\"ViciVision s\u00e9rie Techno\">\n\t\t\t\t\t\t\tViciVision s\u00e9rie Techno\n\t\t<\/a>\n\t\t\t\t\t\t\t<img loading=\"lazy\" decoding=\"async\" src=\"https:\/\/www.sariki.es\/wp-content\/uploads\/2019\/10\/maquina-de-medicion-optica-vici-vision-serie-X.jpg\" alt=\"maquina-de-medicion-optica-vici-vision-serie-X\" width=\"400\" height=\"280\" \/>\n\t\t\t\t\t\t\t\t\t\t\t\n\t\t\t<p>Especificamente concebido para componentes micro maquinados<\/p>\t\t\n\t\t\t<a href=\"https:\/\/www.sariki.es\/pt-pt\/vicivision-serie-x\/\" title=\"Click Here\" target=\"_self\"   role=\"button\" aria-label=\"ViciVision s\u00e9rie X\">\n\t\t\t\t\t\t\tViciVision s\u00e9rie X\n\t\t<\/a>\n\t\t\t\t\t\t\t<img loading=\"lazy\" decoding=\"async\" src=\"https:\/\/www.sariki.es\/wp-content\/uploads\/2026\/05\/METRIOS-CROSS-VICIVISION-400.jpg\" alt=\"METRIOS-CROSS-VICIVISION-400\" width=\"400\" height=\"281\" \/>\n\t\t\t\t\t\t\t\t\t\t\t\n\t\t\t<p>A evolu\u00e7\u00e3o natural do projetor de perfis<\/p>\t\t\n\t\t\t<a href=\"https:\/\/www.sariki.es\/pt-pt\/equipamentos-de-medicao\/medicao-optica-em-processo\/vicivision-metrios\/\" title=\"Click Here\" target=\"_self\"   role=\"button\" aria-label=\"ViciVision Metrios\">\n\t\t\t\t\t\t\tViciVision Metrios\n\t\t<\/a>\n\t\t<h3>\n\t\t\tProjeto integral adequado \u00e0s suas necessidades\n\t\t<\/h3>\n\t<p>Dispomos de uma solu\u00e7\u00e3o integral adequada \u00e0s suas necessidades. A experi\u00eancia diz-nos que a <strong>colabora\u00e7\u00e3o com o cliente<\/strong> \u00e9 a base do \u00e9xito deste tipo de projetos e por esse motivo <strong>desde o inicio do projeto que trabalhamos conjuntamente para identificar quais as suas necessidades principais por forma a propormos a melhor solu\u00e7\u00e3o<\/strong>.<\/p>\nAcompanhamos ao longo todo o ciclo de vida do projeto: defini\u00e7\u00e3o do projeto, instala\u00e7\u00e3o, forma\u00e7\u00e3o, programa\u00e7\u00e3o, suporte ao usu\u00e1rio e assist\u00eancia t\u00e9cnica. A Sariki est\u00e1 formada por uma equipa de 60 pessoas altamente especializadas e com mais de 35 anos de experi\u00eancia no sector da metrologia.<strong><br \/>\n<\/strong>\n\t\t\t\t\t\t<h4>Acompanhamos ao longo de todo o ciclo de vida do projeto<\/h4>\t\t\t\t\t\n\t\t\t\t\t\t<a href=\"https:\/\/www.sariki.es\/pt-pt\/pretendo-informacoes\/\" target=\"_self\" aria-label=\"\">\n\t\t\t\t\t\t\t<img loading=\"lazy\" decoding=\"async\" src=\"https:\/\/www.sariki.es\/wp-content\/uploads\/2019\/09\/quiero-asesoramiento-icono.png\" alt=\"quiero-asesoramiento-icono\" width=\"201\" height=\"201\" \/>\n\t\t\t\t\t\t<\/a>\n\t\t\t\t\t\t\t\t\t\t\t\n\t\t\t\t<a href=\"https:\/\/www.sariki.es\/pt-pt\/pretendo-informacoes\/\" role=\"button\" target=\"_self\">\n\t\t\t\t\t\t\t\t\t\tPretendo informa\u00e7\u00f5es\n\t\t\t\t\t\t\t\t\t<\/a>\n\t\t<h2>\n\t\t\tNecessitas de mais informa\u00e7\u00e3o?\n\t\t<\/h2>\n\n","protected":false},"excerpt":{"rendered":"<p>Medi\u00e7\u00e3o \u00f3ptica em processo Propomos uma solu\u00e7\u00e3o de inspe\u00e7\u00e3o \u00f3ptica sem contacto para \u00e1rvores de cames, cambota, eixos de transmiss\u00e3o, turbinas, injectores, pist\u00f5es, juntas homocin\u00e9ticas, pe\u00e7as de revolu\u00e7\u00e3o em geral, parafusos, porcas e uni\u00f5es, implantes dent\u00e1rios e de biomedicina, micromec\u00e2nica&#8230;etc. Sariki \u00e9 o distribuidor oficial de VICI VISION para Espanha e Portugal Caso de sucesso&hellip;<\/p>\n","protected":false},"author":1,"featured_media":0,"parent":24207,"menu_order":0,"comment_status":"closed","ping_status":"closed","template":"","meta":{"footnotes":""},"class_list":["post-23726","page","type-page","status-publish","hentry"],"yoast_head":"<!-- This site is optimized with the Yoast SEO Premium plugin v24.6 (Yoast SEO v24.6) - https:\/\/yoast.com\/wordpress\/plugins\/seo\/ -->\n<title>Sariki - Metrolog\u00eda industrial - Medi\u00e7\u00e3o \u00f3ptica em processo<\/title>\n<meta name=\"description\" content=\"Solu\u00e7\u00e3o de inspe\u00e7\u00e3o \u00f3tica sem contacto para \u00e1rvores de cames, cambotas, veios de transmiss\u00e3o, injectores, pist\u00f5es, pe\u00e7as de revolu\u00e7\u00e3o em geral.\" \/>\n<meta name=\"robots\" content=\"index, follow, max-snippet:-1, max-image-preview:large, max-video-preview:-1\" \/>\n<link rel=\"canonical\" href=\"https:\/\/www.sariki.es\/pt-pt\/equipamentos-de-medicao\/medicao-optica-em-processo\/\" \/>\n<meta property=\"og:locale\" content=\"pt_PT\" \/>\n<meta property=\"og:type\" content=\"article\" \/>\n<meta property=\"og:title\" content=\"Medi\u00e7\u00e3o \u00f3ptica em processo\" \/>\n<meta property=\"og:description\" content=\"Solu\u00e7\u00e3o de inspe\u00e7\u00e3o \u00f3tica sem contacto para \u00e1rvores de cames, cambotas, veios de transmiss\u00e3o, injectores, pist\u00f5es, pe\u00e7as de revolu\u00e7\u00e3o em geral.\" \/>\n<meta property=\"og:url\" content=\"https:\/\/www.sariki.es\/pt-pt\/equipamentos-de-medicao\/medicao-optica-em-processo\/\" \/>\n<meta property=\"og:site_name\" content=\"Sariki - Metrolog\u00eda industrial\" \/>\n<meta property=\"article:publisher\" content=\"https:\/\/www.facebook.com\/MetrologiaSariki\" \/>\n<meta property=\"article:modified_time\" content=\"2026-05-04T10:49:43+00:00\" \/>\n<meta property=\"og:image\" content=\"https:\/\/www.sariki.es\/wp-content\/uploads\/2019\/07\/icono-portada-header.png\" \/>\n<meta name=\"twitter:card\" content=\"summary_large_image\" \/>\n<meta name=\"twitter:site\" content=\"@sarikisa\" \/>\n<meta name=\"twitter:label1\" content=\"Tempo estimado de leitura\" \/>\n\t<meta name=\"twitter:data1\" content=\"2 minutos\" \/>\n<script type=\"application\/ld+json\" class=\"yoast-schema-graph\">{\"@context\":\"https:\/\/schema.org\",\"@graph\":[{\"@type\":\"WebPage\",\"@id\":\"https:\/\/www.sariki.es\/pt-pt\/equipamentos-de-medicao\/medicao-optica-em-processo\/\",\"url\":\"https:\/\/www.sariki.es\/pt-pt\/equipamentos-de-medicao\/medicao-optica-em-processo\/\",\"name\":\"Sariki - Metrolog\u00eda industrial - Medi\u00e7\u00e3o \u00f3ptica em processo\",\"isPartOf\":{\"@id\":\"https:\/\/www.sariki.es\/pt-pt\/#website\"},\"primaryImageOfPage\":{\"@id\":\"https:\/\/www.sariki.es\/pt-pt\/equipamentos-de-medicao\/medicao-optica-em-processo\/#primaryimage\"},\"image\":{\"@id\":\"https:\/\/www.sariki.es\/pt-pt\/equipamentos-de-medicao\/medicao-optica-em-processo\/#primaryimage\"},\"thumbnailUrl\":\"https:\/\/www.sariki.es\/wp-content\/uploads\/2019\/07\/icono-portada-header.png\",\"datePublished\":\"2025-03-17T07:34:23+00:00\",\"dateModified\":\"2026-05-04T10:49:43+00:00\",\"description\":\"Solu\u00e7\u00e3o de inspe\u00e7\u00e3o \u00f3tica sem contacto para \u00e1rvores de cames, cambotas, veios de transmiss\u00e3o, injectores, pist\u00f5es, pe\u00e7as de revolu\u00e7\u00e3o em geral.\",\"breadcrumb\":{\"@id\":\"https:\/\/www.sariki.es\/pt-pt\/equipamentos-de-medicao\/medicao-optica-em-processo\/#breadcrumb\"},\"inLanguage\":\"pt-PT\",\"potentialAction\":[{\"@type\":\"ReadAction\",\"target\":[\"https:\/\/www.sariki.es\/pt-pt\/equipamentos-de-medicao\/medicao-optica-em-processo\/\"]}]},{\"@type\":\"ImageObject\",\"inLanguage\":\"pt-PT\",\"@id\":\"https:\/\/www.sariki.es\/pt-pt\/equipamentos-de-medicao\/medicao-optica-em-processo\/#primaryimage\",\"url\":\"https:\/\/www.sariki.es\/wp-content\/uploads\/2019\/07\/icono-portada-header.png\",\"contentUrl\":\"https:\/\/www.sariki.es\/wp-content\/uploads\/2019\/07\/icono-portada-header.png\"},{\"@type\":\"BreadcrumbList\",\"@id\":\"https:\/\/www.sariki.es\/pt-pt\/equipamentos-de-medicao\/medicao-optica-em-processo\/#breadcrumb\",\"itemListElement\":[{\"@type\":\"ListItem\",\"position\":1,\"name\":\"Inicio\",\"item\":\"https:\/\/www.sariki.es\/pt-pt\/\"},{\"@type\":\"ListItem\",\"position\":2,\"name\":\"Equipamentos de medi\u00e7\u00e3o\",\"item\":\"https:\/\/www.sariki.es\/pt-pt\/equipamentos-de-medicao\/\"},{\"@type\":\"ListItem\",\"position\":3,\"name\":\"Medi\u00e7\u00e3o \u00f3ptica em processo\"}]},{\"@type\":\"WebSite\",\"@id\":\"https:\/\/www.sariki.es\/pt-pt\/#website\",\"url\":\"https:\/\/www.sariki.es\/pt-pt\/\",\"name\":\"Sariki - Metrolog\u00eda industrial\",\"description\":\"Metrolog\u00eda industrial en Gipuzkoa\",\"publisher\":{\"@id\":\"https:\/\/www.sariki.es\/pt-pt\/#organization\"},\"potentialAction\":[{\"@type\":\"SearchAction\",\"target\":{\"@type\":\"EntryPoint\",\"urlTemplate\":\"https:\/\/www.sariki.es\/pt-pt\/?s={search_term_string}\"},\"query-input\":{\"@type\":\"PropertyValueSpecification\",\"valueRequired\":true,\"valueName\":\"search_term_string\"}}],\"inLanguage\":\"pt-PT\"},{\"@type\":\"Organization\",\"@id\":\"https:\/\/www.sariki.es\/pt-pt\/#organization\",\"name\":\"Sariki - Soluciones de metrolog\u00eda\",\"url\":\"https:\/\/www.sariki.es\/pt-pt\/\",\"logo\":{\"@type\":\"ImageObject\",\"inLanguage\":\"pt-PT\",\"@id\":\"https:\/\/www.sariki.es\/pt-pt\/#\/schema\/logo\/image\/\",\"url\":\"\",\"contentUrl\":\"\",\"caption\":\"Sariki - Soluciones de metrolog\u00eda\"},\"image\":{\"@id\":\"https:\/\/www.sariki.es\/pt-pt\/#\/schema\/logo\/image\/\"},\"sameAs\":[\"https:\/\/www.facebook.com\/MetrologiaSariki\",\"https:\/\/x.com\/sarikisa\"]}]}<\/script>\n<!-- \/ Yoast SEO Premium plugin. -->","yoast_head_json":{"title":"Sariki - Metrolog\u00eda industrial - Medi\u00e7\u00e3o \u00f3ptica em processo","description":"Solu\u00e7\u00e3o de inspe\u00e7\u00e3o \u00f3tica sem contacto para \u00e1rvores de cames, cambotas, veios de transmiss\u00e3o, injectores, pist\u00f5es, pe\u00e7as de revolu\u00e7\u00e3o em geral.","robots":{"index":"index","follow":"follow","max-snippet":"max-snippet:-1","max-image-preview":"max-image-preview:large","max-video-preview":"max-video-preview:-1"},"canonical":"https:\/\/www.sariki.es\/pt-pt\/equipamentos-de-medicao\/medicao-optica-em-processo\/","og_locale":"pt_PT","og_type":"article","og_title":"Medi\u00e7\u00e3o \u00f3ptica em processo","og_description":"Solu\u00e7\u00e3o de inspe\u00e7\u00e3o \u00f3tica sem contacto para \u00e1rvores de cames, cambotas, veios de transmiss\u00e3o, injectores, pist\u00f5es, pe\u00e7as de revolu\u00e7\u00e3o em geral.","og_url":"https:\/\/www.sariki.es\/pt-pt\/equipamentos-de-medicao\/medicao-optica-em-processo\/","og_site_name":"Sariki - Metrolog\u00eda industrial","article_publisher":"https:\/\/www.facebook.com\/MetrologiaSariki","article_modified_time":"2026-05-04T10:49:43+00:00","og_image":[{"url":"https:\/\/www.sariki.es\/wp-content\/uploads\/2019\/07\/icono-portada-header.png","type":"","width":"","height":""}],"twitter_card":"summary_large_image","twitter_site":"@sarikisa","twitter_misc":{"Tempo estimado de leitura":"2 minutos"},"schema":{"@context":"https:\/\/schema.org","@graph":[{"@type":"WebPage","@id":"https:\/\/www.sariki.es\/pt-pt\/equipamentos-de-medicao\/medicao-optica-em-processo\/","url":"https:\/\/www.sariki.es\/pt-pt\/equipamentos-de-medicao\/medicao-optica-em-processo\/","name":"Sariki - Metrolog\u00eda industrial - Medi\u00e7\u00e3o \u00f3ptica em processo","isPartOf":{"@id":"https:\/\/www.sariki.es\/pt-pt\/#website"},"primaryImageOfPage":{"@id":"https:\/\/www.sariki.es\/pt-pt\/equipamentos-de-medicao\/medicao-optica-em-processo\/#primaryimage"},"image":{"@id":"https:\/\/www.sariki.es\/pt-pt\/equipamentos-de-medicao\/medicao-optica-em-processo\/#primaryimage"},"thumbnailUrl":"https:\/\/www.sariki.es\/wp-content\/uploads\/2019\/07\/icono-portada-header.png","datePublished":"2025-03-17T07:34:23+00:00","dateModified":"2026-05-04T10:49:43+00:00","description":"Solu\u00e7\u00e3o de inspe\u00e7\u00e3o \u00f3tica sem contacto para \u00e1rvores de cames, cambotas, veios de transmiss\u00e3o, injectores, pist\u00f5es, pe\u00e7as de revolu\u00e7\u00e3o em geral.","breadcrumb":{"@id":"https:\/\/www.sariki.es\/pt-pt\/equipamentos-de-medicao\/medicao-optica-em-processo\/#breadcrumb"},"inLanguage":"pt-PT","potentialAction":[{"@type":"ReadAction","target":["https:\/\/www.sariki.es\/pt-pt\/equipamentos-de-medicao\/medicao-optica-em-processo\/"]}]},{"@type":"ImageObject","inLanguage":"pt-PT","@id":"https:\/\/www.sariki.es\/pt-pt\/equipamentos-de-medicao\/medicao-optica-em-processo\/#primaryimage","url":"https:\/\/www.sariki.es\/wp-content\/uploads\/2019\/07\/icono-portada-header.png","contentUrl":"https:\/\/www.sariki.es\/wp-content\/uploads\/2019\/07\/icono-portada-header.png"},{"@type":"BreadcrumbList","@id":"https:\/\/www.sariki.es\/pt-pt\/equipamentos-de-medicao\/medicao-optica-em-processo\/#breadcrumb","itemListElement":[{"@type":"ListItem","position":1,"name":"Inicio","item":"https:\/\/www.sariki.es\/pt-pt\/"},{"@type":"ListItem","position":2,"name":"Equipamentos de medi\u00e7\u00e3o","item":"https:\/\/www.sariki.es\/pt-pt\/equipamentos-de-medicao\/"},{"@type":"ListItem","position":3,"name":"Medi\u00e7\u00e3o \u00f3ptica em processo"}]},{"@type":"WebSite","@id":"https:\/\/www.sariki.es\/pt-pt\/#website","url":"https:\/\/www.sariki.es\/pt-pt\/","name":"Sariki - Metrolog\u00eda industrial","description":"Metrolog\u00eda industrial en Gipuzkoa","publisher":{"@id":"https:\/\/www.sariki.es\/pt-pt\/#organization"},"potentialAction":[{"@type":"SearchAction","target":{"@type":"EntryPoint","urlTemplate":"https:\/\/www.sariki.es\/pt-pt\/?s={search_term_string}"},"query-input":{"@type":"PropertyValueSpecification","valueRequired":true,"valueName":"search_term_string"}}],"inLanguage":"pt-PT"},{"@type":"Organization","@id":"https:\/\/www.sariki.es\/pt-pt\/#organization","name":"Sariki - Soluciones de metrolog\u00eda","url":"https:\/\/www.sariki.es\/pt-pt\/","logo":{"@type":"ImageObject","inLanguage":"pt-PT","@id":"https:\/\/www.sariki.es\/pt-pt\/#\/schema\/logo\/image\/","url":"","contentUrl":"","caption":"Sariki - Soluciones de metrolog\u00eda"},"image":{"@id":"https:\/\/www.sariki.es\/pt-pt\/#\/schema\/logo\/image\/"},"sameAs":["https:\/\/www.facebook.com\/MetrologiaSariki","https:\/\/x.com\/sarikisa"]}]}},"_links":{"self":[{"href":"https:\/\/www.sariki.es\/pt-pt\/wp-json\/wp\/v2\/pages\/23726","targetHints":{"allow":["GET"]}}],"collection":[{"href":"https:\/\/www.sariki.es\/pt-pt\/wp-json\/wp\/v2\/pages"}],"about":[{"href":"https:\/\/www.sariki.es\/pt-pt\/wp-json\/wp\/v2\/types\/page"}],"author":[{"embeddable":true,"href":"https:\/\/www.sariki.es\/pt-pt\/wp-json\/wp\/v2\/users\/1"}],"replies":[{"embeddable":true,"href":"https:\/\/www.sariki.es\/pt-pt\/wp-json\/wp\/v2\/comments?post=23726"}],"version-history":[{"count":3,"href":"https:\/\/www.sariki.es\/pt-pt\/wp-json\/wp\/v2\/pages\/23726\/revisions"}],"predecessor-version":[{"id":25714,"href":"https:\/\/www.sariki.es\/pt-pt\/wp-json\/wp\/v2\/pages\/23726\/revisions\/25714"}],"up":[{"embeddable":true,"href":"https:\/\/www.sariki.es\/pt-pt\/wp-json\/wp\/v2\/pages\/24207"}],"wp:attachment":[{"href":"https:\/\/www.sariki.es\/pt-pt\/wp-json\/wp\/v2\/media?parent=23726"}],"curies":[{"name":"wp","href":"https:\/\/api.w.org\/{rel}","templated":true}]}}