{"id":23721,"date":"2025-03-17T08:15:11","date_gmt":"2025-03-17T07:15:11","guid":{"rendered":"https:\/\/www.sariki.es\/vicivision-serie-prima\/"},"modified":"2025-04-03T08:29:57","modified_gmt":"2025-04-03T06:29:57","slug":"vicivision-serie-prima","status":"publish","type":"page","link":"https:\/\/www.sariki.es\/pt-pt\/equipamentos-de-medicao\/medicao-optica-em-processo\/vicivision-serie-prima\/","title":{"rendered":"ViciVision s\u00e9rie Prima"},"content":{"rendered":"\n\n\t\t<h1>\n\t\t\tViciVision s\u00e9rie Prima\n\t\t<\/h1>\n\t\t\n\t\t\t<p><strong>A m\u00e1quina de medi\u00e7\u00e3o \u00f3tica para todos os decoletores<\/strong>Solu\u00e7\u00e3o acesss\u00edvel para todos os oper\u00e1rios de torno que procuram um controlo f\u00e1cil e r\u00e1pido com resultados fi\u00e1veis.Desde 60 at\u00e9 140 mm de di\u00e2metro, desde 300 at\u00e9 600 mm de longitude, a gama modular da s\u00e9rie Prima permite escolher o modelo de m\u00e1quina mais adequado para a sua produ\u00e7\u00e3o.<\/p>\t\t\n\t\t\t<a href=\"#\" title=\"Click Here\" target=\"_self\"   role=\"button\" aria-label=\"Descarregar o cat\u00e1logo\">\n\t\t\t\t\t\t\tDescarregar o cat\u00e1logo\n\t\t<\/a>\n\t\t<h2>\n\t\t\tDesenhada para utilizar em produ\u00e7\u00e3o\n\t\t<\/h2>\n\t\t\t<p><strong>Qual a melhor forma de medir pe\u00e7as de revolu\u00e7\u00e3o?<\/strong>Com uma m\u00e1quina que sujeita a pe\u00e7a como faria um torno: com centros e um mandril.<strong>Onde posso medir as minhas pe\u00e7as?<\/strong>Junto ao torno, onde oferece um beneficio imediato.<strong>Necessito pessoal especializado?<\/strong>Milhares de decoletadores j\u00e1 o utilizam com total autonomia. Guiamos o cliente at\u00e9 obten\u00e7\u00e3o do resultado final.<strong>Que pode fazer PRIMA por si?<\/strong><\/p><ul><li>Reduz a sucata, reduz os custos e impacto ambiental.<\/li><li>Realiza medi\u00e7\u00f5es objetivas, eliminando o erro humano e evitando interrup\u00e7\u00f5es.<\/li><li>Obt\u00e9m resultados r\u00e1pidos, para poupar tempo.<\/li><li>Armazena dados digitais. Para que a produ\u00e7\u00e3o os utilize e para manter o processo sob controlo<\/li><\/ul>\t\t\n\t\t\t\t<img loading=\"lazy\" decoding=\"async\" src=\"https:\/\/www.sariki.es\/wp-content\/uploads\/2022\/03\/vicivision_prima.jpg\" alt=\"M\u00e1quina de medici\u00f3n \u00f3ptica VICIVISION prima 306\" itemprop=\"image\" height=\"402\" width=\"620\" title=\"vicivision_prima\" onerror=\"this.style.display='none'\"  \/>\n\t<iframe loading=\"lazy\" width=\"620\" height=\"349\" src=\"https:\/\/www.youtube.com\/embed\/gg_RY9LMczQ\" title=\"YouTube video player\" frameborder=\"0\" allow=\"accelerometer; autoplay; clipboard-write; encrypted-media; gyroscope; picture-in-picture\" allowfullscreen=\"\"><\/iframe>\n\t\t\t<a href=\"#\" title=\"Click Here\" target=\"_self\"   role=\"button\" aria-label=\"Descarregar o cat\u00e1logo\">\n\t\t\t\t\t\t\tDescarregar o cat\u00e1logo\n\t\t<\/a>\n\t\t<h2>\n\t\t\tO que faz com que a PRIMA seja \u00fanica?\n\t\t<\/h2>\n\t<p>Toda a experi\u00eancia de milhares de clientes VICIVISION numa m\u00e1quina otimizada para o controlo do processo de tornearia.<\/p>\n\t\t<h2>\n\t\t\tSoftware simplificado para uma r\u00e1pida programa\u00e7\u00e3o\n\t\t<\/h2>\n\tO interface est\u00e1 desenhado para satisfazer as necessidades dos usu\u00e1rios finais.<br \/>\nDiferentes interfaces dependendo do tipo de usuario.\n\t\t<h2>\n\t\t\tVivian, o novo assistente de medi\u00e7\u00e3o, gu\u00edar\u00e1 passo por passo durante a cria\u00e7\u00e3o de programas\n\t\t<\/h2>\n\t<p>Reduz a necessidade de forma\u00e7\u00e3o do oper\u00e1rio e o tempo de programa\u00e7\u00e3o.<\/p>\n\t\t<h2>\n\t\t\tA plataforma de e-learning ilustra e explica com voz humana, para apoiar em todo o momento\n\t\t<\/h2>\n\t<p>Um curso de forma\u00e7\u00e3o para novos usu\u00e1rios: para aqueles que querem rever e aprofundar os conceitos b\u00e1sicos que adquiriram no curso inicial, ou para ampliar os seus conhecimentos<\/p>\n\t\t<h2>\n\t\t\tO Servi\u00e7o de programa\u00e7\u00e3o remota\n\t\t<\/h2>\n\t<p>Um t\u00e9cnico VICI dispon\u00edvel para se conectar com o cliente em tempo real para ajudar na cria\u00e7\u00e3o de programas.<\/p>\n\t\t\t\t<img loading=\"lazy\" decoding=\"async\" src=\"https:\/\/www.sariki.es\/wp-content\/uploads\/2022\/03\/vicivision_prima_pieza_revolucion_midiendo.jpg\" alt=\"vicivision_prima_pieza_revolucion_midiendo\" itemprop=\"image\" height=\"930\" width=\"620\" title=\"vicivision_prima_pieza_revolucion_midiendo\" onerror=\"this.style.display='none'\"  \/>\n\t\t\t\t<img loading=\"lazy\" decoding=\"async\" src=\"https:\/\/www.sariki.es\/wp-content\/uploads\/2022\/03\/vicivision_serie_prima-1.jpg\" alt=\"vicivision_serie_prima\" itemprop=\"image\" height=\"827\" width=\"2362\" title=\"vicivision_serie_prima\" onerror=\"this.style.display='none'\"  \/>\n\tA simplicidade permite aos oper\u00e1rios controlar o processo de produ\u00e7\u00e3o em qualquer momento.<br \/>\nO objetivo \u00e9 proporcionar altos padr\u00f5es de medi\u00e7\u00e3o numa nova, competitiva e compacta m\u00e1quina.<br \/>\nDeteta centenas de medi\u00e7\u00f5es em segundos, em o todo tipo de pe\u00e7as torneadas e retificadas.<br \/>\n<strong>Os campos de medi\u00e7\u00e3o desta nova s\u00e9rie s\u00e3o desde 60 &#8211; 140 mm de di\u00e2metro, desde 300 &#8211; 600 mm de longitude.<\/strong>\n\t\t\t\t\t\t\t<img loading=\"lazy\" decoding=\"async\" src=\"https:\/\/www.sariki.es\/wp-content\/uploads\/2019\/09\/quiero-presupuesto-icono.png\" alt=\"quiero-presupuesto-icono\" width=\"201\" height=\"201\" \/>\n\t\t\n\t\t\t<a href=\"https:\/\/www.sariki.es\/pt-pt\/pretendo-uma-oferta\/\" title=\"Click Here\" target=\"_self\"   role=\"button\" aria-label=\"Pretendo uma oferta\">\n\t\t\t\t\t\t\tPretendo uma oferta\n\t\t<\/a>\n\t\t\t\t\t\t\t<img loading=\"lazy\" decoding=\"async\" src=\"https:\/\/www.sariki.es\/wp-content\/uploads\/2019\/09\/quiero-asesoramiento-icono.png\" alt=\"quiero-asesoramiento-icono\" width=\"201\" height=\"201\" \/>\n\t\t\n\t\t\t<a href=\"https:\/\/www.sariki.es\/pt-pt\/pretendo-informacoes\/\" title=\"Click Here\" target=\"_self\"   role=\"button\" aria-label=\"Pretendo informa\u00e7\u00f5es\">\n\t\t\t\t\t\t\tPretendo informa\u00e7\u00f5es\n\t\t<\/a>\n\t\t\t\t\t\t\t<img loading=\"lazy\" decoding=\"async\" src=\"https:\/\/www.sariki.es\/wp-content\/uploads\/2019\/09\/descargar-catalogo-icono.png\" alt=\"descargar-catalogo-icono\" width=\"201\" height=\"201\" \/>\n\t\t\n\t\t\t<a href=\"#\" title=\"Click Here\" target=\"_self\"   role=\"button\" aria-label=\"Descarregar o cat\u00e1logo\">\n\t\t\t\t\t\t\tDescarregar o cat\u00e1logo\n\t\t<\/a>\n\t\t<h2>\n\t\t\tAplica\u00e7\u00f5es\n\t\t<\/h2>\n\t<p>Com a s\u00e9rie Prima pode medir pe\u00e7as de revolu\u00e7\u00e3o como <strong>\u00e1rvores de cames, v\u00e1lvulas, eixos de transmiss\u00e3o, porcas, etc&#8230;<\/strong><\/p>\n\t\t\t\t\t\t\t<img loading=\"lazy\" decoding=\"async\" src=\"https:\/\/www.sariki.es\/wp-content\/uploads\/2019\/10\/medicion-de-arbol-de-levas-con-metrologia-optica-vici-vision-serie-techno.jpg\" alt=\"medicion-de-arbol-de-levas-con-metrologia-optica-vici-vision-serie-techno\" width=\"414\" height=\"302\" \/>\n\t\t\n\t\t\t\t\t\t\t<img loading=\"lazy\" decoding=\"async\" src=\"https:\/\/www.sariki.es\/wp-content\/uploads\/2019\/10\/medicion-de-ejes-con-metrologia-optica-vici-vision-serie-techno.jpg\" alt=\"medicion-de-ejes-con-metrologia-optica-vici-vision-serie-techno\" width=\"414\" height=\"302\" \/>\n\t\t\n\t\t\t\t\t\t\t<img loading=\"lazy\" decoding=\"async\" src=\"https:\/\/www.sariki.es\/wp-content\/uploads\/2019\/10\/medicion-de-piezas-de-revolucion-con-metrologia-optica-vici-vision-serie-techno.jpg\" alt=\"medicion-de-piezas-de-revolucion-con-metrologia-optica-vici-vision-serie-techno\" width=\"414\" height=\"302\" \/>\n\t\t\n\t\t\t<a href=\"https:\/\/www.sariki.es\/pt-pt\/casos-de-sucessos\/\" title=\"Click Here\" target=\"_self\"   role=\"button\" aria-label=\"Veja casos de sucesso\">\n\t\t\t\t\t\t\tVeja casos de sucesso\n\t\t<\/a>\n\t\t<h2>\n\t\t\tSolu\u00e7\u00e3o personalizada SK\/solu\u00e7\u00f5es\n\t\t<\/h2>\n\t\t\t<p>Dispomos de uma solu\u00e7\u00e3o integral adequada \u00e0s suas necessidades. A experi\u00eancia diz-nos que a <strong>colabora\u00e7\u00e3o com o cliente<\/strong> \u00e9 a base do \u00e9xito deste tipo de projetos e por esse motivo <strong>desde o inicio do projeto que trabalhamos conjuntamente para identificar quais as suas necessidades principais por forma a propormos a melhor solu\u00e7\u00e3o<\/strong>.<strong>Acompanhamos ao longo todo o ciclo de vida do projeto<\/strong>: defini\u00e7\u00e3o do projeto, instala\u00e7\u00e3o, forma\u00e7\u00e3o, programa\u00e7\u00e3o, suporte ao usu\u00e1rio e assist\u00eancia t\u00e9cnica. Sariki est\u00e1 formada por uma equipa de 60 pessoas altamente especializadas com mais de 34 anos de experi\u00eancia no setor da metrologia.<\/p>\t\t\n\t\t<h2>\n\t\t\tEspecifica\u00e7\u00f5es t\u00e9cnicas\n\t\t<\/h2>\n\t\t\t\t\t\t\t<img loading=\"lazy\" decoding=\"async\" src=\"https:\/\/www.sariki.es\/wp-content\/uploads\/2019\/08\/icono-especificaciones.png\" alt=\"icono-especificaciones\" width=\"67\" height=\"54\" \/>\n\t\t<h4>DISPON\u00cdVEL EM 6 TAMANHOS<\/h4>\n\t\t<h4>Peza m\u00e1xima medivel<\/h4>\n\t\t\t<p>de 300x60mm a 600x140mm<\/p>\t\t\n\t\t<h4>Tama\u00f1o m\u00e1ximo de carga<\/h4>\n\t\t\t<p>de 315x120mm y 10Kg a 625&#215;240 y 30kg<\/p>\t\t\n\t\t<h4>Precis\u00e3o em di\u00e2metros<\/h4>\n\t\t\t<p>1,5 + D[(mm)\/200)] \u00b5m<\/p>\t\t\n\t\t<h4>Precis\u00e3o en longitude<\/h4>\n\t\t\t<p>3,5+L[(mm)\/200)] \u00b5m<\/p>\t\t\n\t\t<h4>Repetibilidade em di\u00e2metros<\/h4>\n\t\t\t<p>0,4 \u00b5m<\/p>\t\t\n\t\t<h4>Repetibilidade em longitude<\/h4>\n\t\t\t<p>2 \u00b5m<\/p>\t\t\n\t\t<h2>\n\t\t\tNecessitas de mais informa\u00e7\u00e3o?\n\t\t<\/h2>\n\n","protected":false},"excerpt":{"rendered":"<p>ViciVision s\u00e9rie Prima A m\u00e1quina de medi\u00e7\u00e3o \u00f3tica para todos os decoletoresSolu\u00e7\u00e3o acesss\u00edvel para todos os oper\u00e1rios de torno que procuram um controlo f\u00e1cil e r\u00e1pido com resultados fi\u00e1veis.Desde 60 at\u00e9 140 mm de di\u00e2metro, desde 300 at\u00e9 600 mm de longitude, a gama modular da s\u00e9rie Prima permite escolher o modelo de m\u00e1quina mais&hellip;<\/p>\n","protected":false},"author":6,"featured_media":0,"parent":23726,"menu_order":0,"comment_status":"closed","ping_status":"closed","template":"","meta":{"footnotes":""},"class_list":["post-23721","page","type-page","status-publish","hentry"],"yoast_head":"<!-- This site is optimized with the Yoast SEO Premium plugin v24.6 (Yoast SEO v24.6) - https:\/\/yoast.com\/wordpress\/plugins\/seo\/ -->\n<title>ViciVision s\u00e9rie Prima - Metrolog\u00eda Sariki - Metrologia na produ\u00e7\u00e3o<\/title>\n<meta name=\"description\" content=\"A m\u00e1quina de medi\u00e7\u00e3o \u00f3tica para torneamento ou torneamento de pe\u00e7as de trabalho. Medir ao lado do torno em poucos segundos com a tecnologia ViciVision.\" \/>\n<meta name=\"robots\" content=\"index, follow, max-snippet:-1, max-image-preview:large, max-video-preview:-1\" \/>\n<link rel=\"canonical\" href=\"https:\/\/www.sariki.es\/pt-pt\/equipamentos-de-medicao\/medicao-optica-em-processo\/vicivision-serie-prima\/\" \/>\n<meta property=\"og:locale\" content=\"pt_PT\" \/>\n<meta property=\"og:type\" content=\"article\" \/>\n<meta property=\"og:title\" content=\"ViciVision s\u00e9rie Prima\" \/>\n<meta property=\"og:description\" content=\"A m\u00e1quina de medi\u00e7\u00e3o \u00f3tica para torneamento ou torneamento de pe\u00e7as de trabalho. Medir ao lado do torno em poucos segundos com a tecnologia ViciVision.\" \/>\n<meta property=\"og:url\" content=\"https:\/\/www.sariki.es\/pt-pt\/equipamentos-de-medicao\/medicao-optica-em-processo\/vicivision-serie-prima\/\" \/>\n<meta property=\"og:site_name\" content=\"Sariki - Metrolog\u00eda industrial\" \/>\n<meta property=\"article:publisher\" content=\"https:\/\/www.facebook.com\/MetrologiaSariki\" \/>\n<meta property=\"article:modified_time\" content=\"2025-04-03T06:29:57+00:00\" \/>\n<meta property=\"og:image\" content=\"https:\/\/www.sariki.es\/wp-content\/uploads\/2022\/03\/vicivision_prima.jpg\" \/>\n<meta name=\"twitter:card\" content=\"summary_large_image\" \/>\n<meta name=\"twitter:site\" content=\"@sarikisa\" \/>\n<meta name=\"twitter:label1\" content=\"Tempo estimado de leitura\" \/>\n\t<meta name=\"twitter:data1\" content=\"3 minutos\" \/>\n<script type=\"application\/ld+json\" class=\"yoast-schema-graph\">{\"@context\":\"https:\/\/schema.org\",\"@graph\":[{\"@type\":\"WebPage\",\"@id\":\"https:\/\/www.sariki.es\/pt-pt\/equipamentos-de-medicao\/medicao-optica-em-processo\/vicivision-serie-prima\/\",\"url\":\"https:\/\/www.sariki.es\/pt-pt\/equipamentos-de-medicao\/medicao-optica-em-processo\/vicivision-serie-prima\/\",\"name\":\"ViciVision s\u00e9rie Prima - Metrolog\u00eda Sariki - Metrologia na produ\u00e7\u00e3o\",\"isPartOf\":{\"@id\":\"https:\/\/www.sariki.es\/pt-pt\/#website\"},\"primaryImageOfPage\":{\"@id\":\"https:\/\/www.sariki.es\/pt-pt\/equipamentos-de-medicao\/medicao-optica-em-processo\/vicivision-serie-prima\/#primaryimage\"},\"image\":{\"@id\":\"https:\/\/www.sariki.es\/pt-pt\/equipamentos-de-medicao\/medicao-optica-em-processo\/vicivision-serie-prima\/#primaryimage\"},\"thumbnailUrl\":\"https:\/\/www.sariki.es\/wp-content\/uploads\/2022\/03\/vicivision_prima.jpg\",\"datePublished\":\"2025-03-17T07:15:11+00:00\",\"dateModified\":\"2025-04-03T06:29:57+00:00\",\"description\":\"A m\u00e1quina de medi\u00e7\u00e3o \u00f3tica para torneamento ou torneamento de pe\u00e7as de trabalho. Medir ao lado do torno em poucos segundos com a tecnologia ViciVision.\",\"breadcrumb\":{\"@id\":\"https:\/\/www.sariki.es\/pt-pt\/equipamentos-de-medicao\/medicao-optica-em-processo\/vicivision-serie-prima\/#breadcrumb\"},\"inLanguage\":\"pt-PT\",\"potentialAction\":[{\"@type\":\"ReadAction\",\"target\":[\"https:\/\/www.sariki.es\/pt-pt\/equipamentos-de-medicao\/medicao-optica-em-processo\/vicivision-serie-prima\/\"]}]},{\"@type\":\"ImageObject\",\"inLanguage\":\"pt-PT\",\"@id\":\"https:\/\/www.sariki.es\/pt-pt\/equipamentos-de-medicao\/medicao-optica-em-processo\/vicivision-serie-prima\/#primaryimage\",\"url\":\"https:\/\/www.sariki.es\/wp-content\/uploads\/2022\/03\/vicivision_prima.jpg\",\"contentUrl\":\"https:\/\/www.sariki.es\/wp-content\/uploads\/2022\/03\/vicivision_prima.jpg\"},{\"@type\":\"BreadcrumbList\",\"@id\":\"https:\/\/www.sariki.es\/pt-pt\/equipamentos-de-medicao\/medicao-optica-em-processo\/vicivision-serie-prima\/#breadcrumb\",\"itemListElement\":[{\"@type\":\"ListItem\",\"position\":1,\"name\":\"Inicio\",\"item\":\"https:\/\/www.sariki.es\/pt-pt\/\"},{\"@type\":\"ListItem\",\"position\":2,\"name\":\"Equipamentos de medi\u00e7\u00e3o\",\"item\":\"https:\/\/www.sariki.es\/pt-pt\/equipamentos-de-medicao\/\"},{\"@type\":\"ListItem\",\"position\":3,\"name\":\"Medi\u00e7\u00e3o \u00f3ptica em processo\",\"item\":\"https:\/\/www.sariki.es\/pt-pt\/equipamentos-de-medicao\/medicao-optica-em-processo\/\"},{\"@type\":\"ListItem\",\"position\":4,\"name\":\"ViciVision s\u00e9rie Prima\"}]},{\"@type\":\"WebSite\",\"@id\":\"https:\/\/www.sariki.es\/pt-pt\/#website\",\"url\":\"https:\/\/www.sariki.es\/pt-pt\/\",\"name\":\"Sariki - Metrolog\u00eda industrial\",\"description\":\"Metrolog\u00eda industrial en Gipuzkoa\",\"publisher\":{\"@id\":\"https:\/\/www.sariki.es\/pt-pt\/#organization\"},\"potentialAction\":[{\"@type\":\"SearchAction\",\"target\":{\"@type\":\"EntryPoint\",\"urlTemplate\":\"https:\/\/www.sariki.es\/pt-pt\/?s={search_term_string}\"},\"query-input\":{\"@type\":\"PropertyValueSpecification\",\"valueRequired\":true,\"valueName\":\"search_term_string\"}}],\"inLanguage\":\"pt-PT\"},{\"@type\":\"Organization\",\"@id\":\"https:\/\/www.sariki.es\/pt-pt\/#organization\",\"name\":\"Sariki - Soluciones de metrolog\u00eda\",\"url\":\"https:\/\/www.sariki.es\/pt-pt\/\",\"logo\":{\"@type\":\"ImageObject\",\"inLanguage\":\"pt-PT\",\"@id\":\"https:\/\/www.sariki.es\/pt-pt\/#\/schema\/logo\/image\/\",\"url\":\"\",\"contentUrl\":\"\",\"caption\":\"Sariki - Soluciones de metrolog\u00eda\"},\"image\":{\"@id\":\"https:\/\/www.sariki.es\/pt-pt\/#\/schema\/logo\/image\/\"},\"sameAs\":[\"https:\/\/www.facebook.com\/MetrologiaSariki\",\"https:\/\/x.com\/sarikisa\"]}]}<\/script>\n<!-- \/ Yoast SEO Premium plugin. -->","yoast_head_json":{"title":"ViciVision s\u00e9rie Prima - Metrolog\u00eda Sariki - Metrologia na produ\u00e7\u00e3o","description":"A m\u00e1quina de medi\u00e7\u00e3o \u00f3tica para torneamento ou torneamento de pe\u00e7as de trabalho. Medir ao lado do torno em poucos segundos com a tecnologia ViciVision.","robots":{"index":"index","follow":"follow","max-snippet":"max-snippet:-1","max-image-preview":"max-image-preview:large","max-video-preview":"max-video-preview:-1"},"canonical":"https:\/\/www.sariki.es\/pt-pt\/equipamentos-de-medicao\/medicao-optica-em-processo\/vicivision-serie-prima\/","og_locale":"pt_PT","og_type":"article","og_title":"ViciVision s\u00e9rie Prima","og_description":"A m\u00e1quina de medi\u00e7\u00e3o \u00f3tica para torneamento ou torneamento de pe\u00e7as de trabalho. Medir ao lado do torno em poucos segundos com a tecnologia ViciVision.","og_url":"https:\/\/www.sariki.es\/pt-pt\/equipamentos-de-medicao\/medicao-optica-em-processo\/vicivision-serie-prima\/","og_site_name":"Sariki - Metrolog\u00eda industrial","article_publisher":"https:\/\/www.facebook.com\/MetrologiaSariki","article_modified_time":"2025-04-03T06:29:57+00:00","og_image":[{"url":"https:\/\/www.sariki.es\/wp-content\/uploads\/2022\/03\/vicivision_prima.jpg","type":"","width":"","height":""}],"twitter_card":"summary_large_image","twitter_site":"@sarikisa","twitter_misc":{"Tempo estimado de leitura":"3 minutos"},"schema":{"@context":"https:\/\/schema.org","@graph":[{"@type":"WebPage","@id":"https:\/\/www.sariki.es\/pt-pt\/equipamentos-de-medicao\/medicao-optica-em-processo\/vicivision-serie-prima\/","url":"https:\/\/www.sariki.es\/pt-pt\/equipamentos-de-medicao\/medicao-optica-em-processo\/vicivision-serie-prima\/","name":"ViciVision s\u00e9rie Prima - Metrolog\u00eda Sariki - Metrologia na produ\u00e7\u00e3o","isPartOf":{"@id":"https:\/\/www.sariki.es\/pt-pt\/#website"},"primaryImageOfPage":{"@id":"https:\/\/www.sariki.es\/pt-pt\/equipamentos-de-medicao\/medicao-optica-em-processo\/vicivision-serie-prima\/#primaryimage"},"image":{"@id":"https:\/\/www.sariki.es\/pt-pt\/equipamentos-de-medicao\/medicao-optica-em-processo\/vicivision-serie-prima\/#primaryimage"},"thumbnailUrl":"https:\/\/www.sariki.es\/wp-content\/uploads\/2022\/03\/vicivision_prima.jpg","datePublished":"2025-03-17T07:15:11+00:00","dateModified":"2025-04-03T06:29:57+00:00","description":"A m\u00e1quina de medi\u00e7\u00e3o \u00f3tica para torneamento ou torneamento de pe\u00e7as de trabalho. Medir ao lado do torno em poucos segundos com a tecnologia ViciVision.","breadcrumb":{"@id":"https:\/\/www.sariki.es\/pt-pt\/equipamentos-de-medicao\/medicao-optica-em-processo\/vicivision-serie-prima\/#breadcrumb"},"inLanguage":"pt-PT","potentialAction":[{"@type":"ReadAction","target":["https:\/\/www.sariki.es\/pt-pt\/equipamentos-de-medicao\/medicao-optica-em-processo\/vicivision-serie-prima\/"]}]},{"@type":"ImageObject","inLanguage":"pt-PT","@id":"https:\/\/www.sariki.es\/pt-pt\/equipamentos-de-medicao\/medicao-optica-em-processo\/vicivision-serie-prima\/#primaryimage","url":"https:\/\/www.sariki.es\/wp-content\/uploads\/2022\/03\/vicivision_prima.jpg","contentUrl":"https:\/\/www.sariki.es\/wp-content\/uploads\/2022\/03\/vicivision_prima.jpg"},{"@type":"BreadcrumbList","@id":"https:\/\/www.sariki.es\/pt-pt\/equipamentos-de-medicao\/medicao-optica-em-processo\/vicivision-serie-prima\/#breadcrumb","itemListElement":[{"@type":"ListItem","position":1,"name":"Inicio","item":"https:\/\/www.sariki.es\/pt-pt\/"},{"@type":"ListItem","position":2,"name":"Equipamentos de medi\u00e7\u00e3o","item":"https:\/\/www.sariki.es\/pt-pt\/equipamentos-de-medicao\/"},{"@type":"ListItem","position":3,"name":"Medi\u00e7\u00e3o \u00f3ptica em processo","item":"https:\/\/www.sariki.es\/pt-pt\/equipamentos-de-medicao\/medicao-optica-em-processo\/"},{"@type":"ListItem","position":4,"name":"ViciVision s\u00e9rie Prima"}]},{"@type":"WebSite","@id":"https:\/\/www.sariki.es\/pt-pt\/#website","url":"https:\/\/www.sariki.es\/pt-pt\/","name":"Sariki - Metrolog\u00eda industrial","description":"Metrolog\u00eda industrial en Gipuzkoa","publisher":{"@id":"https:\/\/www.sariki.es\/pt-pt\/#organization"},"potentialAction":[{"@type":"SearchAction","target":{"@type":"EntryPoint","urlTemplate":"https:\/\/www.sariki.es\/pt-pt\/?s={search_term_string}"},"query-input":{"@type":"PropertyValueSpecification","valueRequired":true,"valueName":"search_term_string"}}],"inLanguage":"pt-PT"},{"@type":"Organization","@id":"https:\/\/www.sariki.es\/pt-pt\/#organization","name":"Sariki - Soluciones de metrolog\u00eda","url":"https:\/\/www.sariki.es\/pt-pt\/","logo":{"@type":"ImageObject","inLanguage":"pt-PT","@id":"https:\/\/www.sariki.es\/pt-pt\/#\/schema\/logo\/image\/","url":"","contentUrl":"","caption":"Sariki - Soluciones de metrolog\u00eda"},"image":{"@id":"https:\/\/www.sariki.es\/pt-pt\/#\/schema\/logo\/image\/"},"sameAs":["https:\/\/www.facebook.com\/MetrologiaSariki","https:\/\/x.com\/sarikisa"]}]}},"_links":{"self":[{"href":"https:\/\/www.sariki.es\/pt-pt\/wp-json\/wp\/v2\/pages\/23721","targetHints":{"allow":["GET"]}}],"collection":[{"href":"https:\/\/www.sariki.es\/pt-pt\/wp-json\/wp\/v2\/pages"}],"about":[{"href":"https:\/\/www.sariki.es\/pt-pt\/wp-json\/wp\/v2\/types\/page"}],"author":[{"embeddable":true,"href":"https:\/\/www.sariki.es\/pt-pt\/wp-json\/wp\/v2\/users\/6"}],"replies":[{"embeddable":true,"href":"https:\/\/www.sariki.es\/pt-pt\/wp-json\/wp\/v2\/comments?post=23721"}],"version-history":[{"count":2,"href":"https:\/\/www.sariki.es\/pt-pt\/wp-json\/wp\/v2\/pages\/23721\/revisions"}],"predecessor-version":[{"id":24688,"href":"https:\/\/www.sariki.es\/pt-pt\/wp-json\/wp\/v2\/pages\/23721\/revisions\/24688"}],"up":[{"embeddable":true,"href":"https:\/\/www.sariki.es\/pt-pt\/wp-json\/wp\/v2\/pages\/23726"}],"wp:attachment":[{"href":"https:\/\/www.sariki.es\/pt-pt\/wp-json\/wp\/v2\/media?parent=23721"}],"curies":[{"name":"wp","href":"https:\/\/api.w.org\/{rel}","templated":true}]}}