{"id":23713,"date":"2025-03-15T19:55:15","date_gmt":"2025-03-15T18:55:15","guid":{"rendered":"https:\/\/www.sariki.es\/vicivision-serie-techno\/"},"modified":"2025-04-03T08:30:55","modified_gmt":"2025-04-03T06:30:55","slug":"vicivision-serie-techno","status":"publish","type":"page","link":"https:\/\/www.sariki.es\/pt-pt\/equipamentos-de-medicao\/medicao-optica-em-processo\/vicivision-serie-techno\/","title":{"rendered":"ViciVision s\u00e9rie Techno"},"content":{"rendered":"\n\n\t\t<h1>\n\t\t\tViciVision s\u00e9rie Techno\n\t\t<\/h1>\n\t\t\n\t\t\t<p><strong>Alta resolu\u00e7\u00e3o para a medi\u00e7\u00e3o de pe\u00e7as rotativas diretamente no ch\u00e3o de f\u00e1brica.<\/strong>Desde 40 at\u00e9 180 mm de di\u00e2metro, desde 300 at\u00e9 1250 mm de longitude, a gama modular da s\u00e9rie Techno permite escolher o modelo de m\u00e1quina mais adequado para a sua produ\u00e7\u00e3o.<\/p>\t\t\n\t\t\t<a href=\"#\" title=\"Click Here\" target=\"_self\"   role=\"button\" aria-label=\"Descarregar o cat\u00e1logo\">\n\t\t\t\t\t\t\tDescarregar o cat\u00e1logo\n\t\t<\/a>\n\t\t<h2>\n\t\t\tDesenhada para utilizar em produ\u00e7\u00e3o\n\t\t<\/h2>\n\t\t\t<ul><li>\u00b7Cada pe\u00e7a produzida pelo <strong>torno CNC ou pelo centro de rectifica\u00e7\u00e3o pode ser de forma simples medida pelos oper\u00e1rios em poucos segundos.<\/strong><\/li><li><strong>Um equipamento de medi\u00e7\u00e3o a servir m\u00faltiplos tornos CNC. <\/strong>A mesma m\u00e1quina de medi\u00e7\u00e3o pode ser utilizada por v\u00e1rios oper\u00e1rios para a inspe\u00e7\u00e3o de pe\u00e7as de diferentes m\u00e1quinas de produ\u00e7\u00e3o.<\/li><li><strong>As m\u00e1quinas que melhoram a produtividade. <\/strong>Os oper\u00e1rios s\u00e3o mais aut\u00f3nomos durante o processo de inspe\u00e7\u00e3o. Podem ajustar o deslocamento da m\u00e1quina antes ainda dos valores ficarem fora de toler\u00e2ncia, contribuindo para reduzir a percentagem de sucata.<\/li><li>Com o leitor de c\u00f3digo de barras, o oper\u00e1rio pode alterar rapidamente de uma refer\u00eancia para outra sem risco de errar e ao mesmo tempo pode comprovar diferentes lotes.<\/li><li>Devido \u00e0 <strong>ampla gama<\/strong>, o usu\u00e1rio final pode escolher o campo de medi\u00e7\u00e3o mais adequado.<\/li><li>A capacidade de carga das m\u00e1quinas de maior dimens\u00e3o aumentou <strong>at\u00e9 60 kg.<\/strong><\/li><\/ul>\t\t\n\t\t\t\t<img loading=\"lazy\" decoding=\"async\" src=\"https:\/\/www.sariki.es\/wp-content\/uploads\/2019\/10\/maquina-de-medicion-optica-vici-vision-serie-Techno.jpg\" alt=\"maquina-de-medicion-optica-vici-vision-serie-Techno\" itemprop=\"image\" height=\"400\" width=\"620\" title=\"maquina-de-medicion-optica-vici-vision-serie-Techno\" onerror=\"this.style.display='none'\"  \/>\n\t<iframe loading=\"lazy\" width=\"620\" height=\"349\" src=\"https:\/\/www.youtube.com\/embed\/LXOzGH3dk2A\" title=\"YouTube video player\" frameborder=\"0\" allow=\"accelerometer; autoplay; clipboard-write; encrypted-media; gyroscope; picture-in-picture\" allowfullscreen=\"\"><\/iframe>\n\t\t\t<a href=\"#\" title=\"Click Here\" target=\"_self\"   role=\"button\" aria-label=\"Descarregar o cat\u00e1logo\">\n\t\t\t\t\t\t\tDescarregar o cat\u00e1logo\n\t\t<\/a>\n\t\t<h2>\n\t\t\tArmazenamento de dados\n\t\t<\/h2>\n\t<p>O sistema <strong>armazena todos os dados com prop\u00f3sitos estat\u00edsticos e de tra\u00e7abilidade, gera relat\u00f3rios de medi\u00e7\u00e3o<\/strong> e <strong>monitoriza a tend\u00eancia de fabrica\u00e7\u00e3o<\/strong>, satisfazendo as necessidades da industria 4.0.<\/p>\n\t\t<h2>\n\t\t\tMedi\u00e7\u00e3o \u00f3ptica + sonda de contacto\n\t\t<\/h2>\n\t<p>A combina\u00e7\u00e3o de fun\u00e7\u00f5es \u00f3pticas e t\u00e1cteis converteram o equipamento num sistema de controlo completo para pe\u00e7as de revolu\u00e7\u00e3o.<\/p>\n<p>A s\u00e9rie Techno agora permite incluir uma sonda de scanning de 3 eixos da Renishaw, montada na parte superior da fonte de luz. A sonda \u00e9 intercambi\u00e1vel e cobre toda a \u00e1rea de longitude.<\/p>\n<p><strong>Poder\u00e1 medir:<\/strong><\/p>\n<ul>\n<li>Deslocamento axial e radial<\/li>\n<li>Longitude<\/li>\n<li>Planitude<\/li>\n<li>Perpendicularidade<\/li>\n<li>Largura da chaveta<\/li>\n<li>Profundidade da chaveta<\/li>\n<li>Longitude da chaveta<\/li>\n<\/ul>\n\t\t<h2>\n\t\t\tSoftware completo\n\t\t<\/h2>\n\t<p>A nova vers\u00e3o MTL 8.10 foi concebida para melhorar a fase de controlo e alargar ainda mais o n\u00famero de medi\u00e7\u00f5es poss\u00edveis. <strong>Inclui ferramentas espec\u00edficas para medi\u00e7\u00f5es est\u00e1ticas e din\u00e2micas, e ferramentas dedicadas para roscas de porcas, \u00e1rvores de cames, turbinas, etc.<\/strong><\/p>\n\t\t<h2>\n\t\t\tCaracter\u00edsticas avan\u00e7adas\n\t\t<\/h2>\n\t<p>Novas fun\u00e7\u00f5es autom\u00e1ticas ajudam o operador na <strong>auto-programa\u00e7\u00e3o, carregamento autom\u00e1tico do programa de pe\u00e7as, programa\u00e7\u00e3o assistida passo a passo e compara\u00e7\u00e3o DXF.<\/strong><\/p>\n\t\t<h2>\n\t\t\tRelat\u00f3rios de medi\u00e7\u00e3o\n\t\t<\/h2>\n\t<p>O software permite ao utilizador imprimir ou exportar relat\u00f3rios de medi\u00e7\u00e3o completos e personalizados em formato pdf. <strong>Os resultados das medi\u00e7\u00f5es podem ser apresentados em histogramas para consulta imediata.<\/strong><\/p>\n\t\t\t\t<img loading=\"lazy\" decoding=\"async\" src=\"https:\/\/www.sariki.es\/wp-content\/uploads\/2019\/10\/maquina-de-medicion-optica-con-palpado.jpg\" alt=\"maquina-de-medicion-optica-con-palpado\" itemprop=\"image\" height=\"452\" width=\"620\" title=\"maquina-de-medicion-optica-con-palpado\" onerror=\"this.style.display='none'\"  \/>\n\t\t\t\t<img loading=\"lazy\" decoding=\"async\" src=\"https:\/\/www.sariki.es\/wp-content\/uploads\/2019\/10\/cilindricidad-en-maquina-de-medicion-optica-techno.jpg\" alt=\"cilindricidad-en-maquina-de-medicion-optica-techno\" itemprop=\"image\" height=\"329\" width=\"620\" title=\"cilindricidad-en-maquina-de-medicion-optica-techno\" onerror=\"this.style.display='none'\"  \/>\n\t\t\t\t<img loading=\"lazy\" decoding=\"async\" src=\"https:\/\/www.sariki.es\/wp-content\/uploads\/2019\/10\/software-de-medicion-vici-vision-2.png\" alt=\"software-de-medicion-vici-vision-2\" itemprop=\"image\" height=\"218\" width=\"620\" title=\"software-de-medicion-vici-vision-2\" onerror=\"this.style.display='none'\"  \/>\n\t\t\t\t\t\t\t<img loading=\"lazy\" decoding=\"async\" src=\"https:\/\/www.sariki.es\/wp-content\/uploads\/2019\/09\/quiero-presupuesto-icono.png\" alt=\"quiero-presupuesto-icono\" width=\"201\" height=\"201\" \/>\n\t\t\n\t\t\t<a href=\"https:\/\/www.sariki.es\/pt-pt\/pretendo-uma-oferta\/\" title=\"Click Here\" target=\"_self\"   role=\"button\" aria-label=\"Pretendo uma oferta\">\n\t\t\t\t\t\t\tPretendo uma oferta\n\t\t<\/a>\n\t\t\t\t\t\t\t<img loading=\"lazy\" decoding=\"async\" src=\"https:\/\/www.sariki.es\/wp-content\/uploads\/2019\/09\/quiero-asesoramiento-icono.png\" alt=\"quiero-asesoramiento-icono\" width=\"201\" height=\"201\" \/>\n\t\t\n\t\t\t<a href=\"https:\/\/www.sariki.es\/pt-pt\/pretendo-informacoes\/\" title=\"Click Here\" target=\"_self\"   role=\"button\" aria-label=\"Pretendo informa\u00e7\u00f5es\">\n\t\t\t\t\t\t\tPretendo informa\u00e7\u00f5es\n\t\t<\/a>\n\t\t\t\t\t\t\t<img loading=\"lazy\" decoding=\"async\" src=\"https:\/\/www.sariki.es\/wp-content\/uploads\/2019\/09\/descargar-catalogo-icono.png\" alt=\"descargar-catalogo-icono\" width=\"201\" height=\"201\" \/>\n\t\t\n\t\t\t<a href=\"#\" title=\"Click Here\" target=\"_self\"   role=\"button\" aria-label=\"Descarregar o cat\u00e1logo\">\n\t\t\t\t\t\t\tDescarregar o cat\u00e1logo\n\t\t<\/a>\n\t\t<h2>\n\t\t\tAplica\u00e7\u00f5es\n\t\t<\/h2>\n\t<p>Com a s\u00e9rie Techno, \u00e9 poss\u00edvel medir pe\u00e7as rotativas, tais como <strong>\u00e1rvores de cames, v\u00e1lvulas, veios de transmiss\u00e3o, porcas, etc. &#8230;.<\/strong><\/p>\n\t\t\t\t\t\t\t<img loading=\"lazy\" decoding=\"async\" src=\"https:\/\/www.sariki.es\/wp-content\/uploads\/2019\/10\/medicion-de-arbol-de-levas-con-metrologia-optica-vici-vision-serie-techno.jpg\" alt=\"medicion-de-arbol-de-levas-con-metrologia-optica-vici-vision-serie-techno\" width=\"414\" height=\"302\" \/>\n\t\t\n\t\t\t\t\t\t\t<img loading=\"lazy\" decoding=\"async\" src=\"https:\/\/www.sariki.es\/wp-content\/uploads\/2019\/10\/medicion-de-ejes-con-metrologia-optica-vici-vision-serie-techno.jpg\" alt=\"medicion-de-ejes-con-metrologia-optica-vici-vision-serie-techno\" width=\"414\" height=\"302\" \/>\n\t\t\n\t\t\t\t\t\t\t<img loading=\"lazy\" decoding=\"async\" src=\"https:\/\/www.sariki.es\/wp-content\/uploads\/2019\/10\/medicion-de-piezas-de-revolucion-con-metrologia-optica-vici-vision-serie-techno.jpg\" alt=\"medicion-de-piezas-de-revolucion-con-metrologia-optica-vici-vision-serie-techno\" width=\"414\" height=\"302\" \/>\n\t\t\n\t\t\t<a href=\"https:\/\/www.sariki.es\/pt-pt\/casos-de-sucessos\/\" title=\"Click Here\" target=\"_self\"   role=\"button\" aria-label=\"Veja casos de sucesso\">\n\t\t\t\t\t\t\tVeja casos de sucesso\n\t\t<\/a>\n\t\t<h2>\n\t\t\tSolu\u00e7\u00e3o personalizada SK\/solu\u00e7\u00f5es\n\t\t<\/h2>\n\t\t\t<p>Dispomos de uma solu\u00e7\u00e3o integral adequada \u00e0s suas necessidades. A experi\u00eancia diz-nos que a <strong>colabora\u00e7\u00e3o com o cliente<\/strong> \u00e9 a base do \u00e9xito deste tipo de projetos e por esse motivo <strong>desde o inicio do projeto que trabalhamos conjuntamente para identificar quais as suas necessidades principais por forma a propormos a melhor solu\u00e7\u00e3o<\/strong>.<strong>Acompanhamos ao longo todo o ciclo de vida do projeto<\/strong>: defini\u00e7\u00e3o do projeto, instala\u00e7\u00e3o, forma\u00e7\u00e3o, programa\u00e7\u00e3o, suporte ao usu\u00e1rio e assist\u00eancia t\u00e9cnica. Sariki est\u00e1 formada por uma equipa de 60 pessoas altamente especializadas com mais de 34 anos de experi\u00eancia no setor da metrologia.<\/p>\t\t\n\t\t<h2>\n\t\t\tEspecifica\u00e7\u00f5es t\u00e9cnicas\n\t\t<\/h2>\n\t\t\t\t\t\t\t<img loading=\"lazy\" decoding=\"async\" src=\"https:\/\/www.sariki.es\/wp-content\/uploads\/2019\/08\/icono-especificaciones.png\" alt=\"icono-especificaciones\" width=\"67\" height=\"54\" \/>\n\t\t<h4>DISPONIVEL 17 TAMANHOS<\/h4>\n\t\t<h4>Peza m\u00e1xima medivel<\/h4>\n\t\t\t<p>de 300x40mm a 1250x180mm<\/p>\t\t\n\t\t<h4>Tama\u00f1o m\u00e1ximo de carga<\/h4>\n\t\t\t<p>de 315x120mm y 10Kg a 1300&#215;240 y 60kg<\/p>\t\t\n\t\t<h4>Precis\u00e3o em di\u00e2metros<\/h4>\n\t\t\t<p>de 1,5 + L[(mm)\/200)] \u00b5m a 2+L[(mm)\/100)] \u00b5m<\/p>\t\t\n\t\t<h4>Precis\u00e3o en longitude<\/h4>\n\t\t\t<p>de 4 + L[(mm)\/200)] \u00b5m a 5+L[(mm)\/100)] \u00b5m<\/p>\t\t\n\t\t<h4>Repetibilidade em di\u00e2metros<\/h4>\n\t\t\t<p>de 0,3 \u00b5m a 0,4 \u00b5m<\/p>\t\t\n\t\t<h4>Repetibilidade em longitude<\/h4>\n\t\t\t<p>1,2 \u00b5m a 3 \u00b5m<\/p>\t\t\n\t\t<h2>\n\t\t\tNecessitas de mais informa\u00e7\u00e3o?\n\t\t<\/h2>\n\n","protected":false},"excerpt":{"rendered":"<p>ViciVision s\u00e9rie Techno Alta resolu\u00e7\u00e3o para a medi\u00e7\u00e3o de pe\u00e7as rotativas diretamente no ch\u00e3o de f\u00e1brica.Desde 40 at\u00e9 180 mm de di\u00e2metro, desde 300 at\u00e9 1250 mm de longitude, a gama modular da s\u00e9rie Techno permite escolher o modelo de m\u00e1quina mais adequado para a sua produ\u00e7\u00e3o. Descarregar o cat\u00e1logo Desenhada para utilizar em produ\u00e7\u00e3o&hellip;<\/p>\n","protected":false},"author":1,"featured_media":0,"parent":23726,"menu_order":0,"comment_status":"closed","ping_status":"closed","template":"","meta":{"footnotes":""},"class_list":["post-23713","page","type-page","status-publish","hentry"],"yoast_head":"<!-- This site is optimized with the Yoast SEO Premium plugin v24.6 (Yoast SEO v24.6) - https:\/\/yoast.com\/wordpress\/plugins\/seo\/ -->\n<title>ViciVision s\u00e9rie Techno - Metrolog\u00eda Sariki - Metrologia na produ\u00e7\u00e3o<\/title>\n<meta name=\"description\" content=\"Cada pe\u00e7a produzida pelo centro de retifica\u00e7\u00e3o pode ser medida pelos operadores em poucos segundos gra\u00e7as \u00e0 tecnologia Vici Vision.\" \/>\n<meta name=\"robots\" content=\"index, follow, max-snippet:-1, max-image-preview:large, max-video-preview:-1\" \/>\n<link rel=\"canonical\" href=\"https:\/\/www.sariki.es\/pt-pt\/equipamentos-de-medicao\/medicao-optica-em-processo\/vicivision-serie-techno\/\" \/>\n<meta property=\"og:locale\" content=\"pt_PT\" \/>\n<meta property=\"og:type\" content=\"article\" \/>\n<meta property=\"og:title\" content=\"ViciVision s\u00e9rie Techno\" \/>\n<meta property=\"og:description\" content=\"Cada pe\u00e7a produzida pelo centro de retifica\u00e7\u00e3o pode ser medida pelos operadores em poucos segundos gra\u00e7as \u00e0 tecnologia Vici Vision.\" \/>\n<meta property=\"og:url\" content=\"https:\/\/www.sariki.es\/pt-pt\/equipamentos-de-medicao\/medicao-optica-em-processo\/vicivision-serie-techno\/\" \/>\n<meta property=\"og:site_name\" content=\"Sariki - Metrolog\u00eda industrial\" \/>\n<meta property=\"article:publisher\" content=\"https:\/\/www.facebook.com\/MetrologiaSariki\" \/>\n<meta property=\"article:modified_time\" content=\"2025-04-03T06:30:55+00:00\" \/>\n<meta property=\"og:image\" content=\"https:\/\/www.sariki.es\/wp-content\/uploads\/2019\/10\/maquina-de-medicion-optica-vici-vision-serie-Techno.jpg\" \/>\n<meta name=\"twitter:card\" content=\"summary_large_image\" \/>\n<meta name=\"twitter:site\" content=\"@sarikisa\" \/>\n<meta name=\"twitter:label1\" content=\"Tempo estimado de leitura\" \/>\n\t<meta name=\"twitter:data1\" content=\"4 minutos\" \/>\n<script type=\"application\/ld+json\" class=\"yoast-schema-graph\">{\"@context\":\"https:\/\/schema.org\",\"@graph\":[{\"@type\":\"WebPage\",\"@id\":\"https:\/\/www.sariki.es\/pt-pt\/equipamentos-de-medicao\/medicao-optica-em-processo\/vicivision-serie-techno\/\",\"url\":\"https:\/\/www.sariki.es\/pt-pt\/equipamentos-de-medicao\/medicao-optica-em-processo\/vicivision-serie-techno\/\",\"name\":\"ViciVision s\u00e9rie Techno - Metrolog\u00eda Sariki - Metrologia na produ\u00e7\u00e3o\",\"isPartOf\":{\"@id\":\"https:\/\/www.sariki.es\/pt-pt\/#website\"},\"primaryImageOfPage\":{\"@id\":\"https:\/\/www.sariki.es\/pt-pt\/equipamentos-de-medicao\/medicao-optica-em-processo\/vicivision-serie-techno\/#primaryimage\"},\"image\":{\"@id\":\"https:\/\/www.sariki.es\/pt-pt\/equipamentos-de-medicao\/medicao-optica-em-processo\/vicivision-serie-techno\/#primaryimage\"},\"thumbnailUrl\":\"https:\/\/www.sariki.es\/wp-content\/uploads\/2019\/10\/maquina-de-medicion-optica-vici-vision-serie-Techno.jpg\",\"datePublished\":\"2025-03-15T18:55:15+00:00\",\"dateModified\":\"2025-04-03T06:30:55+00:00\",\"description\":\"Cada pe\u00e7a produzida pelo centro de retifica\u00e7\u00e3o pode ser medida pelos operadores em poucos segundos gra\u00e7as \u00e0 tecnologia Vici Vision.\",\"breadcrumb\":{\"@id\":\"https:\/\/www.sariki.es\/pt-pt\/equipamentos-de-medicao\/medicao-optica-em-processo\/vicivision-serie-techno\/#breadcrumb\"},\"inLanguage\":\"pt-PT\",\"potentialAction\":[{\"@type\":\"ReadAction\",\"target\":[\"https:\/\/www.sariki.es\/pt-pt\/equipamentos-de-medicao\/medicao-optica-em-processo\/vicivision-serie-techno\/\"]}]},{\"@type\":\"ImageObject\",\"inLanguage\":\"pt-PT\",\"@id\":\"https:\/\/www.sariki.es\/pt-pt\/equipamentos-de-medicao\/medicao-optica-em-processo\/vicivision-serie-techno\/#primaryimage\",\"url\":\"https:\/\/www.sariki.es\/wp-content\/uploads\/2019\/10\/maquina-de-medicion-optica-vici-vision-serie-Techno.jpg\",\"contentUrl\":\"https:\/\/www.sariki.es\/wp-content\/uploads\/2019\/10\/maquina-de-medicion-optica-vici-vision-serie-Techno.jpg\"},{\"@type\":\"BreadcrumbList\",\"@id\":\"https:\/\/www.sariki.es\/pt-pt\/equipamentos-de-medicao\/medicao-optica-em-processo\/vicivision-serie-techno\/#breadcrumb\",\"itemListElement\":[{\"@type\":\"ListItem\",\"position\":1,\"name\":\"Inicio\",\"item\":\"https:\/\/www.sariki.es\/pt-pt\/\"},{\"@type\":\"ListItem\",\"position\":2,\"name\":\"Equipamentos de medi\u00e7\u00e3o\",\"item\":\"https:\/\/www.sariki.es\/pt-pt\/equipamentos-de-medicao\/\"},{\"@type\":\"ListItem\",\"position\":3,\"name\":\"Medi\u00e7\u00e3o \u00f3ptica em processo\",\"item\":\"https:\/\/www.sariki.es\/pt-pt\/equipamentos-de-medicao\/medicao-optica-em-processo\/\"},{\"@type\":\"ListItem\",\"position\":4,\"name\":\"ViciVision s\u00e9rie Techno\"}]},{\"@type\":\"WebSite\",\"@id\":\"https:\/\/www.sariki.es\/pt-pt\/#website\",\"url\":\"https:\/\/www.sariki.es\/pt-pt\/\",\"name\":\"Sariki - Metrolog\u00eda industrial\",\"description\":\"Metrolog\u00eda industrial en Gipuzkoa\",\"publisher\":{\"@id\":\"https:\/\/www.sariki.es\/pt-pt\/#organization\"},\"potentialAction\":[{\"@type\":\"SearchAction\",\"target\":{\"@type\":\"EntryPoint\",\"urlTemplate\":\"https:\/\/www.sariki.es\/pt-pt\/?s={search_term_string}\"},\"query-input\":{\"@type\":\"PropertyValueSpecification\",\"valueRequired\":true,\"valueName\":\"search_term_string\"}}],\"inLanguage\":\"pt-PT\"},{\"@type\":\"Organization\",\"@id\":\"https:\/\/www.sariki.es\/pt-pt\/#organization\",\"name\":\"Sariki - Soluciones de metrolog\u00eda\",\"url\":\"https:\/\/www.sariki.es\/pt-pt\/\",\"logo\":{\"@type\":\"ImageObject\",\"inLanguage\":\"pt-PT\",\"@id\":\"https:\/\/www.sariki.es\/pt-pt\/#\/schema\/logo\/image\/\",\"url\":\"\",\"contentUrl\":\"\",\"caption\":\"Sariki - Soluciones de metrolog\u00eda\"},\"image\":{\"@id\":\"https:\/\/www.sariki.es\/pt-pt\/#\/schema\/logo\/image\/\"},\"sameAs\":[\"https:\/\/www.facebook.com\/MetrologiaSariki\",\"https:\/\/x.com\/sarikisa\"]}]}<\/script>\n<!-- \/ Yoast SEO Premium plugin. -->","yoast_head_json":{"title":"ViciVision s\u00e9rie Techno - Metrolog\u00eda Sariki - Metrologia na produ\u00e7\u00e3o","description":"Cada pe\u00e7a produzida pelo centro de retifica\u00e7\u00e3o pode ser medida pelos operadores em poucos segundos gra\u00e7as \u00e0 tecnologia Vici Vision.","robots":{"index":"index","follow":"follow","max-snippet":"max-snippet:-1","max-image-preview":"max-image-preview:large","max-video-preview":"max-video-preview:-1"},"canonical":"https:\/\/www.sariki.es\/pt-pt\/equipamentos-de-medicao\/medicao-optica-em-processo\/vicivision-serie-techno\/","og_locale":"pt_PT","og_type":"article","og_title":"ViciVision s\u00e9rie Techno","og_description":"Cada pe\u00e7a produzida pelo centro de retifica\u00e7\u00e3o pode ser medida pelos operadores em poucos segundos gra\u00e7as \u00e0 tecnologia Vici Vision.","og_url":"https:\/\/www.sariki.es\/pt-pt\/equipamentos-de-medicao\/medicao-optica-em-processo\/vicivision-serie-techno\/","og_site_name":"Sariki - Metrolog\u00eda industrial","article_publisher":"https:\/\/www.facebook.com\/MetrologiaSariki","article_modified_time":"2025-04-03T06:30:55+00:00","og_image":[{"url":"https:\/\/www.sariki.es\/wp-content\/uploads\/2019\/10\/maquina-de-medicion-optica-vici-vision-serie-Techno.jpg","type":"","width":"","height":""}],"twitter_card":"summary_large_image","twitter_site":"@sarikisa","twitter_misc":{"Tempo estimado de leitura":"4 minutos"},"schema":{"@context":"https:\/\/schema.org","@graph":[{"@type":"WebPage","@id":"https:\/\/www.sariki.es\/pt-pt\/equipamentos-de-medicao\/medicao-optica-em-processo\/vicivision-serie-techno\/","url":"https:\/\/www.sariki.es\/pt-pt\/equipamentos-de-medicao\/medicao-optica-em-processo\/vicivision-serie-techno\/","name":"ViciVision s\u00e9rie Techno - Metrolog\u00eda Sariki - Metrologia na produ\u00e7\u00e3o","isPartOf":{"@id":"https:\/\/www.sariki.es\/pt-pt\/#website"},"primaryImageOfPage":{"@id":"https:\/\/www.sariki.es\/pt-pt\/equipamentos-de-medicao\/medicao-optica-em-processo\/vicivision-serie-techno\/#primaryimage"},"image":{"@id":"https:\/\/www.sariki.es\/pt-pt\/equipamentos-de-medicao\/medicao-optica-em-processo\/vicivision-serie-techno\/#primaryimage"},"thumbnailUrl":"https:\/\/www.sariki.es\/wp-content\/uploads\/2019\/10\/maquina-de-medicion-optica-vici-vision-serie-Techno.jpg","datePublished":"2025-03-15T18:55:15+00:00","dateModified":"2025-04-03T06:30:55+00:00","description":"Cada pe\u00e7a produzida pelo centro de retifica\u00e7\u00e3o pode ser medida pelos operadores em poucos segundos gra\u00e7as \u00e0 tecnologia Vici Vision.","breadcrumb":{"@id":"https:\/\/www.sariki.es\/pt-pt\/equipamentos-de-medicao\/medicao-optica-em-processo\/vicivision-serie-techno\/#breadcrumb"},"inLanguage":"pt-PT","potentialAction":[{"@type":"ReadAction","target":["https:\/\/www.sariki.es\/pt-pt\/equipamentos-de-medicao\/medicao-optica-em-processo\/vicivision-serie-techno\/"]}]},{"@type":"ImageObject","inLanguage":"pt-PT","@id":"https:\/\/www.sariki.es\/pt-pt\/equipamentos-de-medicao\/medicao-optica-em-processo\/vicivision-serie-techno\/#primaryimage","url":"https:\/\/www.sariki.es\/wp-content\/uploads\/2019\/10\/maquina-de-medicion-optica-vici-vision-serie-Techno.jpg","contentUrl":"https:\/\/www.sariki.es\/wp-content\/uploads\/2019\/10\/maquina-de-medicion-optica-vici-vision-serie-Techno.jpg"},{"@type":"BreadcrumbList","@id":"https:\/\/www.sariki.es\/pt-pt\/equipamentos-de-medicao\/medicao-optica-em-processo\/vicivision-serie-techno\/#breadcrumb","itemListElement":[{"@type":"ListItem","position":1,"name":"Inicio","item":"https:\/\/www.sariki.es\/pt-pt\/"},{"@type":"ListItem","position":2,"name":"Equipamentos de medi\u00e7\u00e3o","item":"https:\/\/www.sariki.es\/pt-pt\/equipamentos-de-medicao\/"},{"@type":"ListItem","position":3,"name":"Medi\u00e7\u00e3o \u00f3ptica em processo","item":"https:\/\/www.sariki.es\/pt-pt\/equipamentos-de-medicao\/medicao-optica-em-processo\/"},{"@type":"ListItem","position":4,"name":"ViciVision s\u00e9rie Techno"}]},{"@type":"WebSite","@id":"https:\/\/www.sariki.es\/pt-pt\/#website","url":"https:\/\/www.sariki.es\/pt-pt\/","name":"Sariki - Metrolog\u00eda industrial","description":"Metrolog\u00eda industrial en Gipuzkoa","publisher":{"@id":"https:\/\/www.sariki.es\/pt-pt\/#organization"},"potentialAction":[{"@type":"SearchAction","target":{"@type":"EntryPoint","urlTemplate":"https:\/\/www.sariki.es\/pt-pt\/?s={search_term_string}"},"query-input":{"@type":"PropertyValueSpecification","valueRequired":true,"valueName":"search_term_string"}}],"inLanguage":"pt-PT"},{"@type":"Organization","@id":"https:\/\/www.sariki.es\/pt-pt\/#organization","name":"Sariki - Soluciones de metrolog\u00eda","url":"https:\/\/www.sariki.es\/pt-pt\/","logo":{"@type":"ImageObject","inLanguage":"pt-PT","@id":"https:\/\/www.sariki.es\/pt-pt\/#\/schema\/logo\/image\/","url":"","contentUrl":"","caption":"Sariki - Soluciones de metrolog\u00eda"},"image":{"@id":"https:\/\/www.sariki.es\/pt-pt\/#\/schema\/logo\/image\/"},"sameAs":["https:\/\/www.facebook.com\/MetrologiaSariki","https:\/\/x.com\/sarikisa"]}]}},"_links":{"self":[{"href":"https:\/\/www.sariki.es\/pt-pt\/wp-json\/wp\/v2\/pages\/23713","targetHints":{"allow":["GET"]}}],"collection":[{"href":"https:\/\/www.sariki.es\/pt-pt\/wp-json\/wp\/v2\/pages"}],"about":[{"href":"https:\/\/www.sariki.es\/pt-pt\/wp-json\/wp\/v2\/types\/page"}],"author":[{"embeddable":true,"href":"https:\/\/www.sariki.es\/pt-pt\/wp-json\/wp\/v2\/users\/1"}],"replies":[{"embeddable":true,"href":"https:\/\/www.sariki.es\/pt-pt\/wp-json\/wp\/v2\/comments?post=23713"}],"version-history":[{"count":2,"href":"https:\/\/www.sariki.es\/pt-pt\/wp-json\/wp\/v2\/pages\/23713\/revisions"}],"predecessor-version":[{"id":24690,"href":"https:\/\/www.sariki.es\/pt-pt\/wp-json\/wp\/v2\/pages\/23713\/revisions\/24690"}],"up":[{"embeddable":true,"href":"https:\/\/www.sariki.es\/pt-pt\/wp-json\/wp\/v2\/pages\/23726"}],"wp:attachment":[{"href":"https:\/\/www.sariki.es\/pt-pt\/wp-json\/wp\/v2\/media?parent=23713"}],"curies":[{"name":"wp","href":"https:\/\/api.w.org\/{rel}","templated":true}]}}