{"id":23653,"date":"2025-03-13T08:16:22","date_gmt":"2025-03-13T07:16:22","guid":{"rendered":"https:\/\/www.sariki.es\/sk-inspect\/"},"modified":"2025-04-02T09:04:18","modified_gmt":"2025-04-02T07:04:18","slug":"sk-inspect","status":"publish","type":"page","link":"https:\/\/www.sariki.es\/pt-pt\/equipamentos-de-medicao\/software-industria-4-0\/sk-inspect\/","title":{"rendered":"SK\/inspect"},"content":{"rendered":"\n\n\t\t<h1>\n\t\t\tSK\/inspect\n\t\t<\/h1>\n\t<p>Tempo \u00e9 um elemento chave no processo produtivo, e a inspe\u00e7\u00e3o a 100% \u00e9 fundamental para garantir um produto \u00f3timo aos seus clientes. As solu\u00e7\u00f5es atuais de medi\u00e7\u00e3o requerem um conhecimento especializado, que n\u00e3o s\u00e3o usualmente os mais comuns na linha de produ\u00e7\u00e3o da f\u00e1brica.<\/p>\n<p>&nbsp;<\/p>\n<p>Neste sentido, <strong>a Sariki oferece uma solu\u00e7\u00e3o ideal para cumprir com as suas necessidades, software r\u00e1pido e intuitivo para qualquer usu\u00e1rio ter a capacidade de digitalizar em 3D e analisar as pe\u00e7as produzidas dia-a-dia, aumentando a produtividade e melhorando a efici\u00eancia do processo produtivo.<\/strong><\/p>\n\t\t\t\t<img loading=\"lazy\" decoding=\"async\" src=\"https:\/\/www.sariki.es\/wp-content\/uploads\/2019\/09\/software-medicion-sk-inspect.jpg\" alt=\"software-medicion-sk-inspect\" itemprop=\"image\" height=\"403\" width=\"620\" title=\"software-medicion-sk-inspect\" onerror=\"this.style.display='none'\"  \/>\n\t<p><strong>SK\/Inspect processa qualquer nuvem de pontos 3D de scanners a laser ou luz estruturada<\/strong><strong>.<\/strong> A nuvem de pontos capturada por qualquer hardware que tenha selecionado s\u00e3o processados na linha de produ\u00e7\u00e3o e os resultados s\u00e3o apresentados em forma de mapa de cores. Os dados obtidos s\u00e3o enviados para a base de dados na nuvem, na qual qualquer departamento da f\u00e1brica pode aceder atrav\u00e9s de um visualizador 3D online utilizando qualquer browser.<\/p>\n\t<iframe loading=\"lazy\" width=\"620\" height=\"349\" src=\"https:\/\/www.youtube.com\/embed\/WT7K5wqClTo\" frameborder=\"0\" allow=\"accelerometer; autoplay; encrypted-media; gyroscope; picture-in-picture\" allowfullscreen=\"\"><\/iframe>\n\t\t<h2>\n\t\t\tA aplica\u00e7\u00e3o oferece tr\u00eas diferentes ferramentas:\n\t\t<\/h2>\n\t\t<h3>\n\t\t\t1\n\t\t\t\t\t\t\t\t\t\t\tPLANNER\n\t\t<\/h3>\n\t\t\t<p>Ferramenta de defini\u00e7\u00e3o de medidas para o metrologista<\/p>\t\t\n\t<p>Ferramenta concebida para especificar o procedimento de alinhamento e os par\u00e2metros de toler\u00e2ncia para cada modelo de refer\u00eancia. O alinhamento \u00e9 efectuado atrav\u00e9s da especifica\u00e7\u00e3o de um conjunto de primitivas 3D (planos, esferas, etc.) que aproximam algumas regi\u00f5es relevantes do modelo CAD. Estas primitivas s\u00e3o utilizadas para registar ou alinhar a nuvem de pontos de entrada com o modelo CAD na mesma estrutura de refer\u00eancia. Desta forma, o alinhamento \u00e9 \u00f3timo para cumprir os requisitos funcionais da pe\u00e7a.<\/p>\n\t\t<h3>\n\t\t\t2\n\t\t\t\t\t\t\t\t\t\t\tINSPECT\n\t\t<\/h3>\n\t\t\t<p>Ferramenta de medi\u00e7\u00e3o acionada pelo operador<\/p>\t\t\n\t<p>Esta ferramenta executa o processo de inspe\u00e7\u00e3o e compara a nuvem de pontos com o modelo CAD. Foi desenhado para funcionar na \u00e1rea de produ\u00e7\u00e3o de forma aut\u00f3noma e sem interven\u00e7\u00e3o humana. Deste modo, a ferramenta est\u00e1 constantemente a supervisionar o scanning, e inicia o processo de inspe\u00e7\u00e3o de forma autom\u00e1tica t\u00e3o breve quanto os novos dados estejam dispon\u00edveis.<\/p>\n<p>Durante o proceso de compara\u00e7\u00e3o, a nuvem de pontos est\u00e1 a ser processada na seguinte sequ\u00eancia:<\/p>\n<ol>\n<li>Elimina elementos externos.<\/li>\n<li>Alinhamento.<\/li>\n<li>Ajustamentos primitivos.<\/li>\n<li>Compara\u00e7\u00e3o.<\/li>\n<\/ol>\n\t\t<h3>\n\t\t\t3\n\t\t\t\t\t\t\t\t\t\t\tVIEWER\n\t\t<\/h3>\n\t\t\t<p>Ferramenta de visualiza\u00e7\u00e3o Web direcionada para o departamento de qualidade<\/p>\t\t\n\t<p>Todos os dados de medi\u00e7\u00e3o s\u00e3o guardados num servidor para poderem ser visualizados remotamente. Engenheiros e especialistas de Metrologia que pretendem controlar a qualidade das pe\u00e7as produzidas podem aceder a um website centralizado e inspecionar os resultados de forma interativa. Se pretenderem, os utilizadores podem crear um relat\u00f3rio da parte inspecionada.<\/p>\n<p>O visualizador web apresenta a lista de pe\u00e7as digitalizadas dispon\u00edveis.<\/p>\n<ul>\n<li>Os novos resultados de fabrica\u00e7\u00e3o s\u00e3o mostrados de imediato de forma remota.<\/li>\n<li>A lista pode ser filtrada por dados de fabrico e\/ou por modelo CAD ou refer\u00eancia.<\/li>\n<li>Depois da sele\u00e7\u00e3o da fabrica\u00e7\u00e3o, a parte correspondente \u00e9 uploaded e visualizada em 3D por mapa de cores.<\/li>\n<li>Alguns metadata s\u00e3o igualmente apresentados, incluindo o hist\u00f3rico de valores dos erros dimensionais da parte na totalidade<\/li>\n<\/ul>\n\t\t\t\t<img loading=\"lazy\" decoding=\"async\" src=\"https:\/\/www.sariki.es\/wp-content\/uploads\/2019\/09\/SK-inspect-comparacion-contra-CAD.jpg\" alt=\"SK-inspect-comparacion-contra-CAD\" itemprop=\"image\" height=\"428\" width=\"620\" title=\"SK-inspect-comparacion-contra-CAD\" onerror=\"this.style.display='none'\"  \/>\n\t\t\t\t<img loading=\"lazy\" decoding=\"async\" src=\"https:\/\/www.sariki.es\/wp-content\/uploads\/2019\/09\/SK-Inspect-color-mapping-nube-de-puntos.jpg\" alt=\"SK-Inspect-color-mapping-nube-de-puntos\" itemprop=\"image\" height=\"226\" width=\"620\" title=\"SK-Inspect-color-mapping-nube-de-puntos\" onerror=\"this.style.display='none'\"  \/>\n\t\t\t\t<img loading=\"lazy\" decoding=\"async\" src=\"https:\/\/www.sariki.es\/wp-content\/uploads\/2019\/09\/SK-inspect-medicion-en-produccion-con-escaner.jpg\" alt=\"SK-inspect-medicion-en-produccion-con-escaner\" itemprop=\"image\" height=\"415\" width=\"620\" title=\"SK-inspect-medicion-en-produccion-con-escaner\" onerror=\"this.style.display='none'\"  \/>\n\t\t<h4>O visualizador 3D tem as seguintes fun\u00e7\u00f5es:<\/h4>\n\t\t\t<ol><li>Vista interativa manuse\u00e1vel.<\/li><li>Inspe\u00e7\u00e3o de Erros.<\/li><li>Etiquetas.<\/li><li>Captura de imagens.<\/li><\/ol><p><a href=\"https:\/\/www.vicomtech.org\/es\/\"><strong>Vicomtech-IK4<\/strong><\/a> colaborou com a Sariki no desenvolvimento do SK\/Inspect e integrous o seu SDK Geomlib, uma aplica\u00e7\u00e3o industrial de alta performance desenhada para processamento geom\u00e9trico.<\/p>\t\t\n\t\t\t\t\t\t\t<img loading=\"lazy\" decoding=\"async\" src=\"https:\/\/www.sariki.es\/wp-content\/uploads\/2019\/09\/quiero-presupuesto-icono.png\" alt=\"quiero-presupuesto-icono\" width=\"201\" height=\"201\" \/>\n\t\t\n\t\t\t<a href=\"https:\/\/www.sariki.es\/pt-pt\/pretendo-uma-oferta\/\" title=\"Click Here\" target=\"_self\"   role=\"button\" aria-label=\"Pretendo uma oferta\">\n\t\t\t\t\t\t\tPretendo uma oferta\n\t\t<\/a>\n\t\t\t\t\t\t\t<img loading=\"lazy\" decoding=\"async\" src=\"https:\/\/www.sariki.es\/wp-content\/uploads\/2019\/09\/quiero-asesoramiento-icono.png\" alt=\"quiero-asesoramiento-icono\" width=\"201\" height=\"201\" \/>\n\t\t\n\t\t\t<a href=\"https:\/\/www.sariki.es\/pt-pt\/pretendo-informacoes\/\" title=\"Click Here\" target=\"_self\"   role=\"button\" aria-label=\"Pretendo informa\u00e7\u00f5es\">\n\t\t\t\t\t\t\tPretendo informa\u00e7\u00f5es\n\t\t<\/a>\n\t\t\t\t\t\t\t<img loading=\"lazy\" decoding=\"async\" src=\"https:\/\/www.sariki.es\/wp-content\/uploads\/2019\/09\/descargar-catalogo-icono.png\" alt=\"descargar-catalogo-icono\" width=\"201\" height=\"201\" \/>\n\t\t\n\t\t\t<a href=\"#\" title=\"Click Here\" target=\"_self\"   role=\"button\" aria-label=\"Descarregar o cat\u00e1logo\">\n\t\t\t\t\t\t\tDescarregar o cat\u00e1logo\n\t\t<\/a>\n\t\t<h2>\n\t\t\tAplica\u00e7\u00f5es\n\t\t<\/h2>\n\t\t\t<p><strong>SK\/Inspect est\u00e1 vocacionado para preencher os requisitos de qualquer tipo de sector da ind\u00fastria nas quais os scanners s\u00e3o utilizados (port\u00e1teis ou fixos) para o controlo de qualidade da produ\u00e7\u00e3o.<\/strong> Especialmente para ambiente de produ\u00e7\u00e3o e processos onde a grande velocidade de processamento \u00e9 um requisito essencial. SK\/Inpect informa em tempo real o estado das pe\u00e7as e ajuda para a tomada de decis\u00f5es para a melhoria do processo de produ\u00e7\u00e3o.<\/p>\t\t\n\t\t\t<a href=\"https:\/\/www.sariki.es\/pt-pt\/setores\/\" title=\"Click Here\" target=\"_self\"   role=\"button\" aria-label=\"Veja casos de sucesso\">\n\t\t\t\t\t\t\tVeja casos de sucesso\n\t\t<\/a>\n\t\t<h2>\n\t\t\tSolu\u00e7\u00e3o personalizada SK\/solu\u00e7\u00f5es\n\t\t<\/h2>\n\t<p>Sariki apostou no desenvolvimento de aplica\u00e7\u00f5es pr\u00f3prias para o ambiente industrial. SK\/Inspect foi desenvolvido de forma aberta para resolver os mais complexos desafios que ainda faltavam ser cobertos, \u00e9 capaz de se adaptar \u00e0s caracter\u00edsticas especificas de cada caso, e, pode ser otimizado e personalizado para obter a m\u00e1xima efici\u00eancia.<\/p>\n<p><strong>A mais valia desta solu\u00e7\u00e3o:<\/strong><\/p>\n<ul>\n<li>Dados obtidos integr\u00e1veis numa f\u00e1brica inteligente.<\/li>\n<li>Permite a implementa\u00e7\u00e3o de avan\u00e7adas ferramentas de an\u00e1lise utilizando t\u00e9cnicas big data.<\/li>\n<li>Processo automatiz\u00e1vel.<\/li>\n<li>Integr\u00e1vel com qualquer hardware.<\/li>\n<li>Intera\u00e7\u00e3o com sistemas de execu\u00e7\u00e3o de tarefas (MES).<\/li>\n<li>Garante a tra\u00e7abilidade do processo.<\/li>\n<li>Permite a an\u00e1lise dos dados obtidos para o ganho de produ\u00e7\u00e3o.<\/li>\n<li>Interface customizado.<\/li>\n<\/ul>\n\t\t\t\t<img loading=\"lazy\" decoding=\"async\" src=\"https:\/\/www.sariki.es\/wp-content\/uploads\/2019\/09\/escaner-de-luz-azul-estructurada.jpg\" alt=\"escaner-de-luz-azul-estructurada\" itemprop=\"image\" height=\"396\" width=\"620\" title=\"escaner-de-luz-azul-estructurada\" onerror=\"this.style.display='none'\"  \/>\n\t\t\t\t<img loading=\"lazy\" decoding=\"async\" src=\"https:\/\/www.sariki.es\/wp-content\/uploads\/2019\/09\/escaner-integrado-en-robot-de-rebabado.jpg\" alt=\"escaner-integrado-en-robot-de-rebabado\" itemprop=\"image\" height=\"735\" width=\"620\" title=\"escaner-integrado-en-robot-de-rebabado\" onerror=\"this.style.display='none'\"  \/>\n\t\t\t\t<img loading=\"lazy\" decoding=\"async\" src=\"https:\/\/www.sariki.es\/wp-content\/uploads\/2019\/09\/escaner-laser-en-maquina-mitutoyo.jpg\" alt=\"escaner-laser-en-maquina-mitutoyo\" itemprop=\"image\" height=\"930\" width=\"620\" title=\"escaner-laser-en-maquina-mitutoyo\" onerror=\"this.style.display='none'\"  \/>\n\t\t<h2>\n\t\t\tEspecifica\u00e7\u00f5es t\u00e9cnicas\n\t\t<\/h2>\n\t\t\n\t\t\t<p>Compatibilidade com qualquer hardware standard do sector<\/p>\t\t\n\t\t\n\t\t\t<p>Grande velocidade para trabalhar em ambiente de produ\u00e7\u00e3o. 5x mais r\u00e1pido que os produtos comerciais<\/p>\t\t\n\t\t\n\t\t\t<p>Processo de inspe\u00e7\u00e3o completamente autom\u00e1tico<\/p>\t\t\n\t\t\n\t\t\t<p>Formatos CAD que podem ser importados: IGES, STEP, STL.<\/p>\t\t\n\t\t\n\t\t\t<p>Tipos de Alinhamento: N points, Bestfit, GD&amp;T, RPS<\/p>\t\t\n\t\t\n\t\t\t<p>Inclui ferramentas simples e intuitivas para a edi\u00e7\u00e3o de malhas poligonais<\/p>\t\t\n\t\t\n\t\t\t<p>Pode identificar regi\u00f5es com diferentes toler\u00e2ncias no CAD<\/p>\t\t\n\t\t\n\t\t\t<p>Accessibilidade aos dados em qualquer telem\u00f3vel<\/p>\t\t\n\t\t<h2>\n\t\t\tNecessitas de mais informa\u00e7\u00e3o?\n\t\t<\/h2>\n\n","protected":false},"excerpt":{"rendered":"<p>SK\/inspect Tempo \u00e9 um elemento chave no processo produtivo, e a inspe\u00e7\u00e3o a 100% \u00e9 fundamental para garantir um produto \u00f3timo aos seus clientes. As solu\u00e7\u00f5es atuais de medi\u00e7\u00e3o requerem um conhecimento especializado, que n\u00e3o s\u00e3o usualmente os mais comuns na linha de produ\u00e7\u00e3o da f\u00e1brica. &nbsp; Neste sentido, a Sariki oferece uma solu\u00e7\u00e3o ideal&hellip;<\/p>\n","protected":false},"author":1,"featured_media":0,"parent":23665,"menu_order":0,"comment_status":"closed","ping_status":"closed","template":"","meta":{"footnotes":""},"class_list":["post-23653","page","type-page","status-publish","hentry"],"yoast_head":"<!-- This site is optimized with the Yoast SEO Premium plugin v24.6 (Yoast SEO v24.6) - https:\/\/yoast.com\/wordpress\/plugins\/seo\/ -->\n<title>SK\/inspect - Software de nuvem de pontos - Metrolog\u00eda Sariki<\/title>\n<meta name=\"description\" content=\"O SK\/inspect processa nuvens de pontos 3D a partir de qualquer laser ou scanner de luz estruturada a alta velocidade.\" \/>\n<meta name=\"robots\" content=\"index, follow, max-snippet:-1, max-image-preview:large, max-video-preview:-1\" \/>\n<link rel=\"canonical\" href=\"https:\/\/www.sariki.es\/pt-pt\/equipamentos-de-medicao\/software-industria-4-0\/sk-inspect\/\" \/>\n<meta property=\"og:locale\" content=\"pt_PT\" \/>\n<meta property=\"og:type\" content=\"article\" \/>\n<meta property=\"og:title\" content=\"SK\/inspect\" \/>\n<meta property=\"og:description\" content=\"O SK\/inspect processa nuvens de pontos 3D a partir de qualquer laser ou scanner de luz estruturada a alta velocidade.\" \/>\n<meta property=\"og:url\" content=\"https:\/\/www.sariki.es\/pt-pt\/equipamentos-de-medicao\/software-industria-4-0\/sk-inspect\/\" \/>\n<meta property=\"og:site_name\" content=\"Sariki - Metrolog\u00eda industrial\" \/>\n<meta property=\"article:publisher\" content=\"https:\/\/www.facebook.com\/MetrologiaSariki\" \/>\n<meta property=\"article:modified_time\" content=\"2025-04-02T07:04:18+00:00\" \/>\n<meta property=\"og:image\" content=\"https:\/\/www.sariki.es\/wp-content\/uploads\/2019\/09\/software-medicion-sk-inspect.jpg\" \/>\n<meta name=\"twitter:card\" content=\"summary_large_image\" \/>\n<meta name=\"twitter:site\" content=\"@sarikisa\" \/>\n<meta name=\"twitter:label1\" content=\"Tempo estimado de leitura\" \/>\n\t<meta name=\"twitter:data1\" content=\"4 minutos\" \/>\n<script type=\"application\/ld+json\" class=\"yoast-schema-graph\">{\"@context\":\"https:\/\/schema.org\",\"@graph\":[{\"@type\":\"WebPage\",\"@id\":\"https:\/\/www.sariki.es\/pt-pt\/equipamentos-de-medicao\/software-industria-4-0\/sk-inspect\/\",\"url\":\"https:\/\/www.sariki.es\/pt-pt\/equipamentos-de-medicao\/software-industria-4-0\/sk-inspect\/\",\"name\":\"SK\/inspect - Software de nuvem de pontos - Metrolog\u00eda Sariki\",\"isPartOf\":{\"@id\":\"https:\/\/www.sariki.es\/pt-pt\/#website\"},\"primaryImageOfPage\":{\"@id\":\"https:\/\/www.sariki.es\/pt-pt\/equipamentos-de-medicao\/software-industria-4-0\/sk-inspect\/#primaryimage\"},\"image\":{\"@id\":\"https:\/\/www.sariki.es\/pt-pt\/equipamentos-de-medicao\/software-industria-4-0\/sk-inspect\/#primaryimage\"},\"thumbnailUrl\":\"https:\/\/www.sariki.es\/wp-content\/uploads\/2019\/09\/software-medicion-sk-inspect.jpg\",\"datePublished\":\"2025-03-13T07:16:22+00:00\",\"dateModified\":\"2025-04-02T07:04:18+00:00\",\"description\":\"O SK\/inspect processa nuvens de pontos 3D a partir de qualquer laser ou scanner de luz estruturada a alta velocidade.\",\"breadcrumb\":{\"@id\":\"https:\/\/www.sariki.es\/pt-pt\/equipamentos-de-medicao\/software-industria-4-0\/sk-inspect\/#breadcrumb\"},\"inLanguage\":\"pt-PT\",\"potentialAction\":[{\"@type\":\"ReadAction\",\"target\":[\"https:\/\/www.sariki.es\/pt-pt\/equipamentos-de-medicao\/software-industria-4-0\/sk-inspect\/\"]}]},{\"@type\":\"ImageObject\",\"inLanguage\":\"pt-PT\",\"@id\":\"https:\/\/www.sariki.es\/pt-pt\/equipamentos-de-medicao\/software-industria-4-0\/sk-inspect\/#primaryimage\",\"url\":\"https:\/\/www.sariki.es\/wp-content\/uploads\/2019\/09\/software-medicion-sk-inspect.jpg\",\"contentUrl\":\"https:\/\/www.sariki.es\/wp-content\/uploads\/2019\/09\/software-medicion-sk-inspect.jpg\"},{\"@type\":\"BreadcrumbList\",\"@id\":\"https:\/\/www.sariki.es\/pt-pt\/equipamentos-de-medicao\/software-industria-4-0\/sk-inspect\/#breadcrumb\",\"itemListElement\":[{\"@type\":\"ListItem\",\"position\":1,\"name\":\"Inicio\",\"item\":\"https:\/\/www.sariki.es\/pt-pt\/\"},{\"@type\":\"ListItem\",\"position\":2,\"name\":\"Equipamentos de medi\u00e7\u00e3o\",\"item\":\"https:\/\/www.sariki.es\/pt-pt\/equipamentos-de-medicao\/\"},{\"@type\":\"ListItem\",\"position\":3,\"name\":\"Software Industria 4.0\",\"item\":\"https:\/\/www.sariki.es\/pt-pt\/equipamentos-de-medicao\/software-industria-4-0\/\"},{\"@type\":\"ListItem\",\"position\":4,\"name\":\"SK\/inspect\"}]},{\"@type\":\"WebSite\",\"@id\":\"https:\/\/www.sariki.es\/pt-pt\/#website\",\"url\":\"https:\/\/www.sariki.es\/pt-pt\/\",\"name\":\"Sariki - Metrolog\u00eda industrial\",\"description\":\"Metrolog\u00eda industrial en Gipuzkoa\",\"publisher\":{\"@id\":\"https:\/\/www.sariki.es\/pt-pt\/#organization\"},\"potentialAction\":[{\"@type\":\"SearchAction\",\"target\":{\"@type\":\"EntryPoint\",\"urlTemplate\":\"https:\/\/www.sariki.es\/pt-pt\/?s={search_term_string}\"},\"query-input\":{\"@type\":\"PropertyValueSpecification\",\"valueRequired\":true,\"valueName\":\"search_term_string\"}}],\"inLanguage\":\"pt-PT\"},{\"@type\":\"Organization\",\"@id\":\"https:\/\/www.sariki.es\/pt-pt\/#organization\",\"name\":\"Sariki - Soluciones de metrolog\u00eda\",\"url\":\"https:\/\/www.sariki.es\/pt-pt\/\",\"logo\":{\"@type\":\"ImageObject\",\"inLanguage\":\"pt-PT\",\"@id\":\"https:\/\/www.sariki.es\/pt-pt\/#\/schema\/logo\/image\/\",\"url\":\"\",\"contentUrl\":\"\",\"caption\":\"Sariki - Soluciones de metrolog\u00eda\"},\"image\":{\"@id\":\"https:\/\/www.sariki.es\/pt-pt\/#\/schema\/logo\/image\/\"},\"sameAs\":[\"https:\/\/www.facebook.com\/MetrologiaSariki\",\"https:\/\/x.com\/sarikisa\"]}]}<\/script>\n<!-- \/ Yoast SEO Premium plugin. -->","yoast_head_json":{"title":"SK\/inspect - Software de nuvem de pontos - Metrolog\u00eda Sariki","description":"O SK\/inspect processa nuvens de pontos 3D a partir de qualquer laser ou scanner de luz estruturada a alta velocidade.","robots":{"index":"index","follow":"follow","max-snippet":"max-snippet:-1","max-image-preview":"max-image-preview:large","max-video-preview":"max-video-preview:-1"},"canonical":"https:\/\/www.sariki.es\/pt-pt\/equipamentos-de-medicao\/software-industria-4-0\/sk-inspect\/","og_locale":"pt_PT","og_type":"article","og_title":"SK\/inspect","og_description":"O SK\/inspect processa nuvens de pontos 3D a partir de qualquer laser ou scanner de luz estruturada a alta velocidade.","og_url":"https:\/\/www.sariki.es\/pt-pt\/equipamentos-de-medicao\/software-industria-4-0\/sk-inspect\/","og_site_name":"Sariki - Metrolog\u00eda industrial","article_publisher":"https:\/\/www.facebook.com\/MetrologiaSariki","article_modified_time":"2025-04-02T07:04:18+00:00","og_image":[{"url":"https:\/\/www.sariki.es\/wp-content\/uploads\/2019\/09\/software-medicion-sk-inspect.jpg","type":"","width":"","height":""}],"twitter_card":"summary_large_image","twitter_site":"@sarikisa","twitter_misc":{"Tempo estimado de leitura":"4 minutos"},"schema":{"@context":"https:\/\/schema.org","@graph":[{"@type":"WebPage","@id":"https:\/\/www.sariki.es\/pt-pt\/equipamentos-de-medicao\/software-industria-4-0\/sk-inspect\/","url":"https:\/\/www.sariki.es\/pt-pt\/equipamentos-de-medicao\/software-industria-4-0\/sk-inspect\/","name":"SK\/inspect - Software de nuvem de pontos - Metrolog\u00eda Sariki","isPartOf":{"@id":"https:\/\/www.sariki.es\/pt-pt\/#website"},"primaryImageOfPage":{"@id":"https:\/\/www.sariki.es\/pt-pt\/equipamentos-de-medicao\/software-industria-4-0\/sk-inspect\/#primaryimage"},"image":{"@id":"https:\/\/www.sariki.es\/pt-pt\/equipamentos-de-medicao\/software-industria-4-0\/sk-inspect\/#primaryimage"},"thumbnailUrl":"https:\/\/www.sariki.es\/wp-content\/uploads\/2019\/09\/software-medicion-sk-inspect.jpg","datePublished":"2025-03-13T07:16:22+00:00","dateModified":"2025-04-02T07:04:18+00:00","description":"O SK\/inspect processa nuvens de pontos 3D a partir de qualquer laser ou scanner de luz estruturada a alta velocidade.","breadcrumb":{"@id":"https:\/\/www.sariki.es\/pt-pt\/equipamentos-de-medicao\/software-industria-4-0\/sk-inspect\/#breadcrumb"},"inLanguage":"pt-PT","potentialAction":[{"@type":"ReadAction","target":["https:\/\/www.sariki.es\/pt-pt\/equipamentos-de-medicao\/software-industria-4-0\/sk-inspect\/"]}]},{"@type":"ImageObject","inLanguage":"pt-PT","@id":"https:\/\/www.sariki.es\/pt-pt\/equipamentos-de-medicao\/software-industria-4-0\/sk-inspect\/#primaryimage","url":"https:\/\/www.sariki.es\/wp-content\/uploads\/2019\/09\/software-medicion-sk-inspect.jpg","contentUrl":"https:\/\/www.sariki.es\/wp-content\/uploads\/2019\/09\/software-medicion-sk-inspect.jpg"},{"@type":"BreadcrumbList","@id":"https:\/\/www.sariki.es\/pt-pt\/equipamentos-de-medicao\/software-industria-4-0\/sk-inspect\/#breadcrumb","itemListElement":[{"@type":"ListItem","position":1,"name":"Inicio","item":"https:\/\/www.sariki.es\/pt-pt\/"},{"@type":"ListItem","position":2,"name":"Equipamentos de medi\u00e7\u00e3o","item":"https:\/\/www.sariki.es\/pt-pt\/equipamentos-de-medicao\/"},{"@type":"ListItem","position":3,"name":"Software Industria 4.0","item":"https:\/\/www.sariki.es\/pt-pt\/equipamentos-de-medicao\/software-industria-4-0\/"},{"@type":"ListItem","position":4,"name":"SK\/inspect"}]},{"@type":"WebSite","@id":"https:\/\/www.sariki.es\/pt-pt\/#website","url":"https:\/\/www.sariki.es\/pt-pt\/","name":"Sariki - Metrolog\u00eda industrial","description":"Metrolog\u00eda industrial en Gipuzkoa","publisher":{"@id":"https:\/\/www.sariki.es\/pt-pt\/#organization"},"potentialAction":[{"@type":"SearchAction","target":{"@type":"EntryPoint","urlTemplate":"https:\/\/www.sariki.es\/pt-pt\/?s={search_term_string}"},"query-input":{"@type":"PropertyValueSpecification","valueRequired":true,"valueName":"search_term_string"}}],"inLanguage":"pt-PT"},{"@type":"Organization","@id":"https:\/\/www.sariki.es\/pt-pt\/#organization","name":"Sariki - Soluciones de metrolog\u00eda","url":"https:\/\/www.sariki.es\/pt-pt\/","logo":{"@type":"ImageObject","inLanguage":"pt-PT","@id":"https:\/\/www.sariki.es\/pt-pt\/#\/schema\/logo\/image\/","url":"","contentUrl":"","caption":"Sariki - Soluciones de metrolog\u00eda"},"image":{"@id":"https:\/\/www.sariki.es\/pt-pt\/#\/schema\/logo\/image\/"},"sameAs":["https:\/\/www.facebook.com\/MetrologiaSariki","https:\/\/x.com\/sarikisa"]}]}},"_links":{"self":[{"href":"https:\/\/www.sariki.es\/pt-pt\/wp-json\/wp\/v2\/pages\/23653","targetHints":{"allow":["GET"]}}],"collection":[{"href":"https:\/\/www.sariki.es\/pt-pt\/wp-json\/wp\/v2\/pages"}],"about":[{"href":"https:\/\/www.sariki.es\/pt-pt\/wp-json\/wp\/v2\/types\/page"}],"author":[{"embeddable":true,"href":"https:\/\/www.sariki.es\/pt-pt\/wp-json\/wp\/v2\/users\/1"}],"replies":[{"embeddable":true,"href":"https:\/\/www.sariki.es\/pt-pt\/wp-json\/wp\/v2\/comments?post=23653"}],"version-history":[{"count":2,"href":"https:\/\/www.sariki.es\/pt-pt\/wp-json\/wp\/v2\/pages\/23653\/revisions"}],"predecessor-version":[{"id":24643,"href":"https:\/\/www.sariki.es\/pt-pt\/wp-json\/wp\/v2\/pages\/23653\/revisions\/24643"}],"up":[{"embeddable":true,"href":"https:\/\/www.sariki.es\/pt-pt\/wp-json\/wp\/v2\/pages\/23665"}],"wp:attachment":[{"href":"https:\/\/www.sariki.es\/pt-pt\/wp-json\/wp\/v2\/media?parent=23653"}],"curies":[{"name":"wp","href":"https:\/\/api.w.org\/{rel}","templated":true}]}}