{"id":23595,"date":"2025-03-12T08:48:55","date_gmt":"2025-03-12T07:48:55","guid":{"rendered":"https:\/\/www.sariki.es\/micrometro-digital-com-saida-de-dados\/"},"modified":"2025-03-12T09:07:11","modified_gmt":"2025-03-12T08:07:11","slug":"micrometro-digital-com-saida-de-dados","status":"publish","type":"page","link":"https:\/\/www.sariki.es\/pt-pt\/mitutoyo\/produtos-mais-solicitados\/micrometro-digital-com-saida-de-dados\/","title":{"rendered":"Micr\u00f3metro digital com sa\u00edda de dados"},"content":{"rendered":"","protected":false},"excerpt":{"rendered":"","protected":false},"author":1,"featured_media":0,"parent":23611,"menu_order":0,"comment_status":"closed","ping_status":"closed","template":"","meta":{"footnotes":""},"class_list":["post-23595","page","type-page","status-publish","hentry"],"yoast_head":"<!-- This site is optimized with the Yoast SEO Premium plugin v24.6 (Yoast SEO v24.6) - https:\/\/yoast.com\/wordpress\/plugins\/seo\/ -->\n<title>Micr\u00f3metro digital com sa\u00edda de dados - Sariki Metrolog\u00eda Industrial<\/title>\n<meta name=\"description\" content=\"Micr\u00f3metro digital com sa\u00edda de dados Mitutoyo. Encontra-o no cat\u00e1logo Mitutoyo. Diferentes capacidades \u00e0 escolha. Pedir um or\u00e7amento\" \/>\n<meta name=\"robots\" content=\"index, follow, max-snippet:-1, max-image-preview:large, max-video-preview:-1\" \/>\n<link rel=\"canonical\" href=\"https:\/\/www.sariki.es\/pt-pt\/mitutoyo\/produtos-mais-solicitados\/micrometro-digital-com-saida-de-dados\/\" \/>\n<meta property=\"og:locale\" content=\"pt_PT\" \/>\n<meta property=\"og:type\" content=\"article\" \/>\n<meta property=\"og:title\" content=\"Micr\u00f3metro digital com sa\u00edda de dados\" \/>\n<meta property=\"og:description\" content=\"Micr\u00f3metro digital com sa\u00edda de dados Mitutoyo. Encontra-o no cat\u00e1logo Mitutoyo. Diferentes capacidades \u00e0 escolha. Pedir um or\u00e7amento\" \/>\n<meta property=\"og:url\" content=\"https:\/\/www.sariki.es\/pt-pt\/mitutoyo\/produtos-mais-solicitados\/micrometro-digital-com-saida-de-dados\/\" \/>\n<meta property=\"og:site_name\" content=\"Sariki - Metrolog\u00eda industrial\" \/>\n<meta property=\"article:publisher\" content=\"https:\/\/www.facebook.com\/MetrologiaSariki\" \/>\n<meta property=\"article:modified_time\" content=\"2025-03-12T08:07:11+00:00\" \/>\n<meta name=\"twitter:card\" content=\"summary_large_image\" \/>\n<meta name=\"twitter:site\" content=\"@sarikisa\" \/>\n<script type=\"application\/ld+json\" class=\"yoast-schema-graph\">{\"@context\":\"https:\/\/schema.org\",\"@graph\":[{\"@type\":\"WebPage\",\"@id\":\"https:\/\/www.sariki.es\/pt-pt\/mitutoyo\/produtos-mais-solicitados\/micrometro-digital-com-saida-de-dados\/\",\"url\":\"https:\/\/www.sariki.es\/pt-pt\/mitutoyo\/produtos-mais-solicitados\/micrometro-digital-com-saida-de-dados\/\",\"name\":\"Micr\u00f3metro digital com sa\u00edda de dados - Sariki Metrolog\u00eda Industrial\",\"isPartOf\":{\"@id\":\"https:\/\/www.sariki.es\/pt-pt\/#website\"},\"datePublished\":\"2025-03-12T07:48:55+00:00\",\"dateModified\":\"2025-03-12T08:07:11+00:00\",\"description\":\"Micr\u00f3metro digital com sa\u00edda de dados Mitutoyo. Encontra-o no cat\u00e1logo Mitutoyo. Diferentes capacidades \u00e0 escolha. Pedir um or\u00e7amento\",\"breadcrumb\":{\"@id\":\"https:\/\/www.sariki.es\/pt-pt\/mitutoyo\/produtos-mais-solicitados\/micrometro-digital-com-saida-de-dados\/#breadcrumb\"},\"inLanguage\":\"pt-PT\",\"potentialAction\":[{\"@type\":\"ReadAction\",\"target\":[\"https:\/\/www.sariki.es\/pt-pt\/mitutoyo\/produtos-mais-solicitados\/micrometro-digital-com-saida-de-dados\/\"]}]},{\"@type\":\"BreadcrumbList\",\"@id\":\"https:\/\/www.sariki.es\/pt-pt\/mitutoyo\/produtos-mais-solicitados\/micrometro-digital-com-saida-de-dados\/#breadcrumb\",\"itemListElement\":[{\"@type\":\"ListItem\",\"position\":1,\"name\":\"Inicio\",\"item\":\"https:\/\/www.sariki.es\/pt-pt\/\"},{\"@type\":\"ListItem\",\"position\":2,\"name\":\"Mitutoyo\",\"item\":\"https:\/\/www.sariki.es\/pt-pt\/mitutoyo\/\"},{\"@type\":\"ListItem\",\"position\":3,\"name\":\"Produtos mais solicitados\",\"item\":\"https:\/\/www.sariki.es\/pt-pt\/mitutoyo\/produtos-mais-solicitados\/\"},{\"@type\":\"ListItem\",\"position\":4,\"name\":\"Micr\u00f3metro digital com sa\u00edda de dados\"}]},{\"@type\":\"WebSite\",\"@id\":\"https:\/\/www.sariki.es\/pt-pt\/#website\",\"url\":\"https:\/\/www.sariki.es\/pt-pt\/\",\"name\":\"Sariki - Metrolog\u00eda industrial\",\"description\":\"Metrolog\u00eda industrial en Gipuzkoa\",\"publisher\":{\"@id\":\"https:\/\/www.sariki.es\/pt-pt\/#organization\"},\"potentialAction\":[{\"@type\":\"SearchAction\",\"target\":{\"@type\":\"EntryPoint\",\"urlTemplate\":\"https:\/\/www.sariki.es\/pt-pt\/?s={search_term_string}\"},\"query-input\":{\"@type\":\"PropertyValueSpecification\",\"valueRequired\":true,\"valueName\":\"search_term_string\"}}],\"inLanguage\":\"pt-PT\"},{\"@type\":\"Organization\",\"@id\":\"https:\/\/www.sariki.es\/pt-pt\/#organization\",\"name\":\"Sariki - Soluciones de metrolog\u00eda\",\"url\":\"https:\/\/www.sariki.es\/pt-pt\/\",\"logo\":{\"@type\":\"ImageObject\",\"inLanguage\":\"pt-PT\",\"@id\":\"https:\/\/www.sariki.es\/pt-pt\/#\/schema\/logo\/image\/\",\"url\":\"\",\"contentUrl\":\"\",\"caption\":\"Sariki - Soluciones de metrolog\u00eda\"},\"image\":{\"@id\":\"https:\/\/www.sariki.es\/pt-pt\/#\/schema\/logo\/image\/\"},\"sameAs\":[\"https:\/\/www.facebook.com\/MetrologiaSariki\",\"https:\/\/x.com\/sarikisa\"]}]}<\/script>\n<!-- \/ Yoast SEO Premium plugin. -->","yoast_head_json":{"title":"Micr\u00f3metro digital com sa\u00edda de dados - Sariki Metrolog\u00eda Industrial","description":"Micr\u00f3metro digital com sa\u00edda de dados Mitutoyo. Encontra-o no cat\u00e1logo Mitutoyo. Diferentes capacidades \u00e0 escolha. Pedir um or\u00e7amento","robots":{"index":"index","follow":"follow","max-snippet":"max-snippet:-1","max-image-preview":"max-image-preview:large","max-video-preview":"max-video-preview:-1"},"canonical":"https:\/\/www.sariki.es\/pt-pt\/mitutoyo\/produtos-mais-solicitados\/micrometro-digital-com-saida-de-dados\/","og_locale":"pt_PT","og_type":"article","og_title":"Micr\u00f3metro digital com sa\u00edda de dados","og_description":"Micr\u00f3metro digital com sa\u00edda de dados Mitutoyo. Encontra-o no cat\u00e1logo Mitutoyo. Diferentes capacidades \u00e0 escolha. Pedir um or\u00e7amento","og_url":"https:\/\/www.sariki.es\/pt-pt\/mitutoyo\/produtos-mais-solicitados\/micrometro-digital-com-saida-de-dados\/","og_site_name":"Sariki - Metrolog\u00eda industrial","article_publisher":"https:\/\/www.facebook.com\/MetrologiaSariki","article_modified_time":"2025-03-12T08:07:11+00:00","twitter_card":"summary_large_image","twitter_site":"@sarikisa","schema":{"@context":"https:\/\/schema.org","@graph":[{"@type":"WebPage","@id":"https:\/\/www.sariki.es\/pt-pt\/mitutoyo\/produtos-mais-solicitados\/micrometro-digital-com-saida-de-dados\/","url":"https:\/\/www.sariki.es\/pt-pt\/mitutoyo\/produtos-mais-solicitados\/micrometro-digital-com-saida-de-dados\/","name":"Micr\u00f3metro digital com sa\u00edda de dados - Sariki Metrolog\u00eda Industrial","isPartOf":{"@id":"https:\/\/www.sariki.es\/pt-pt\/#website"},"datePublished":"2025-03-12T07:48:55+00:00","dateModified":"2025-03-12T08:07:11+00:00","description":"Micr\u00f3metro digital com sa\u00edda de dados Mitutoyo. Encontra-o no cat\u00e1logo Mitutoyo. Diferentes capacidades \u00e0 escolha. Pedir um or\u00e7amento","breadcrumb":{"@id":"https:\/\/www.sariki.es\/pt-pt\/mitutoyo\/produtos-mais-solicitados\/micrometro-digital-com-saida-de-dados\/#breadcrumb"},"inLanguage":"pt-PT","potentialAction":[{"@type":"ReadAction","target":["https:\/\/www.sariki.es\/pt-pt\/mitutoyo\/produtos-mais-solicitados\/micrometro-digital-com-saida-de-dados\/"]}]},{"@type":"BreadcrumbList","@id":"https:\/\/www.sariki.es\/pt-pt\/mitutoyo\/produtos-mais-solicitados\/micrometro-digital-com-saida-de-dados\/#breadcrumb","itemListElement":[{"@type":"ListItem","position":1,"name":"Inicio","item":"https:\/\/www.sariki.es\/pt-pt\/"},{"@type":"ListItem","position":2,"name":"Mitutoyo","item":"https:\/\/www.sariki.es\/pt-pt\/mitutoyo\/"},{"@type":"ListItem","position":3,"name":"Produtos mais solicitados","item":"https:\/\/www.sariki.es\/pt-pt\/mitutoyo\/produtos-mais-solicitados\/"},{"@type":"ListItem","position":4,"name":"Micr\u00f3metro digital com sa\u00edda de dados"}]},{"@type":"WebSite","@id":"https:\/\/www.sariki.es\/pt-pt\/#website","url":"https:\/\/www.sariki.es\/pt-pt\/","name":"Sariki - Metrolog\u00eda industrial","description":"Metrolog\u00eda industrial en Gipuzkoa","publisher":{"@id":"https:\/\/www.sariki.es\/pt-pt\/#organization"},"potentialAction":[{"@type":"SearchAction","target":{"@type":"EntryPoint","urlTemplate":"https:\/\/www.sariki.es\/pt-pt\/?s={search_term_string}"},"query-input":{"@type":"PropertyValueSpecification","valueRequired":true,"valueName":"search_term_string"}}],"inLanguage":"pt-PT"},{"@type":"Organization","@id":"https:\/\/www.sariki.es\/pt-pt\/#organization","name":"Sariki - Soluciones de metrolog\u00eda","url":"https:\/\/www.sariki.es\/pt-pt\/","logo":{"@type":"ImageObject","inLanguage":"pt-PT","@id":"https:\/\/www.sariki.es\/pt-pt\/#\/schema\/logo\/image\/","url":"","contentUrl":"","caption":"Sariki - Soluciones de metrolog\u00eda"},"image":{"@id":"https:\/\/www.sariki.es\/pt-pt\/#\/schema\/logo\/image\/"},"sameAs":["https:\/\/www.facebook.com\/MetrologiaSariki","https:\/\/x.com\/sarikisa"]}]}},"_links":{"self":[{"href":"https:\/\/www.sariki.es\/pt-pt\/wp-json\/wp\/v2\/pages\/23595","targetHints":{"allow":["GET"]}}],"collection":[{"href":"https:\/\/www.sariki.es\/pt-pt\/wp-json\/wp\/v2\/pages"}],"about":[{"href":"https:\/\/www.sariki.es\/pt-pt\/wp-json\/wp\/v2\/types\/page"}],"author":[{"embeddable":true,"href":"https:\/\/www.sariki.es\/pt-pt\/wp-json\/wp\/v2\/users\/1"}],"replies":[{"embeddable":true,"href":"https:\/\/www.sariki.es\/pt-pt\/wp-json\/wp\/v2\/comments?post=23595"}],"version-history":[{"count":1,"href":"https:\/\/www.sariki.es\/pt-pt\/wp-json\/wp\/v2\/pages\/23595\/revisions"}],"predecessor-version":[{"id":23615,"href":"https:\/\/www.sariki.es\/pt-pt\/wp-json\/wp\/v2\/pages\/23595\/revisions\/23615"}],"up":[{"embeddable":true,"href":"https:\/\/www.sariki.es\/pt-pt\/wp-json\/wp\/v2\/pages\/23611"}],"wp:attachment":[{"href":"https:\/\/www.sariki.es\/pt-pt\/wp-json\/wp\/v2\/media?parent=23595"}],"curies":[{"name":"wp","href":"https:\/\/api.w.org\/{rel}","templated":true}]}}