{"id":23309,"date":"2025-02-10T09:16:59","date_gmt":"2025-02-10T08:16:59","guid":{"rendered":"https:\/\/www.sariki.es\/colaboracoes\/"},"modified":"2025-02-10T09:25:28","modified_gmt":"2025-02-10T08:25:28","slug":"colaboracoes","status":"publish","type":"page","link":"https:\/\/www.sariki.es\/pt-pt\/sobre-a-sariki\/colaboracoes\/","title":{"rendered":"Colabora\u00e7\u00f5es"},"content":{"rendered":"","protected":false},"excerpt":{"rendered":"","protected":false},"author":1,"featured_media":0,"parent":23327,"menu_order":0,"comment_status":"closed","ping_status":"closed","template":"","meta":{"footnotes":""},"class_list":["post-23309","page","type-page","status-publish","hentry"],"yoast_head":"<!-- This site is optimized with the Yoast SEO Premium plugin v24.6 (Yoast SEO v24.6) - https:\/\/yoast.com\/wordpress\/plugins\/seo\/ -->\n<title>Colabora\u00e7\u00f5es de Metrologia Sariki - Metrologia Industrial<\/title>\n<meta name=\"description\" content=\"Sariki colabora com diferentes associa\u00e7\u00f5es, empresas e institui\u00e7\u00f5es com o objetivo de fortalecer as suas rela\u00e7\u00f5es e ser um agente valorizado na sociedade.\" \/>\n<meta name=\"robots\" content=\"index, follow, max-snippet:-1, max-image-preview:large, max-video-preview:-1\" \/>\n<link rel=\"canonical\" href=\"https:\/\/www.sariki.es\/pt-pt\/sobre-a-sariki\/colaboracoes\/\" \/>\n<meta property=\"og:locale\" content=\"pt_PT\" \/>\n<meta property=\"og:type\" content=\"article\" \/>\n<meta property=\"og:title\" content=\"Colabora\u00e7\u00f5es\" \/>\n<meta property=\"og:description\" content=\"Sariki colabora com diferentes associa\u00e7\u00f5es, empresas e institui\u00e7\u00f5es com o objetivo de fortalecer as suas rela\u00e7\u00f5es e ser um agente valorizado na sociedade.\" \/>\n<meta property=\"og:url\" content=\"https:\/\/www.sariki.es\/pt-pt\/sobre-a-sariki\/colaboracoes\/\" \/>\n<meta property=\"og:site_name\" content=\"Sariki - Metrolog\u00eda industrial\" \/>\n<meta property=\"article:publisher\" content=\"https:\/\/www.facebook.com\/MetrologiaSariki\" \/>\n<meta property=\"article:modified_time\" content=\"2025-02-10T08:25:28+00:00\" \/>\n<meta name=\"twitter:card\" content=\"summary_large_image\" \/>\n<meta name=\"twitter:site\" content=\"@sarikisa\" \/>\n<script type=\"application\/ld+json\" class=\"yoast-schema-graph\">{\"@context\":\"https:\/\/schema.org\",\"@graph\":[{\"@type\":\"WebPage\",\"@id\":\"https:\/\/www.sariki.es\/pt-pt\/sobre-a-sariki\/colaboracoes\/\",\"url\":\"https:\/\/www.sariki.es\/pt-pt\/sobre-a-sariki\/colaboracoes\/\",\"name\":\"Colabora\u00e7\u00f5es de Metrologia Sariki - Metrologia Industrial\",\"isPartOf\":{\"@id\":\"https:\/\/www.sariki.es\/pt-pt\/#website\"},\"datePublished\":\"2025-02-10T08:16:59+00:00\",\"dateModified\":\"2025-02-10T08:25:28+00:00\",\"description\":\"Sariki colabora com diferentes associa\u00e7\u00f5es, empresas e institui\u00e7\u00f5es com o objetivo de fortalecer as suas rela\u00e7\u00f5es e ser um agente valorizado na sociedade.\",\"breadcrumb\":{\"@id\":\"https:\/\/www.sariki.es\/pt-pt\/sobre-a-sariki\/colaboracoes\/#breadcrumb\"},\"inLanguage\":\"pt-PT\",\"potentialAction\":[{\"@type\":\"ReadAction\",\"target\":[\"https:\/\/www.sariki.es\/pt-pt\/sobre-a-sariki\/colaboracoes\/\"]}]},{\"@type\":\"BreadcrumbList\",\"@id\":\"https:\/\/www.sariki.es\/pt-pt\/sobre-a-sariki\/colaboracoes\/#breadcrumb\",\"itemListElement\":[{\"@type\":\"ListItem\",\"position\":1,\"name\":\"Inicio\",\"item\":\"https:\/\/www.sariki.es\/pt-pt\/\"},{\"@type\":\"ListItem\",\"position\":2,\"name\":\"Sobre a Sariki\",\"item\":\"https:\/\/www.sariki.es\/pt-pt\/sobre-a-sariki\/\"},{\"@type\":\"ListItem\",\"position\":3,\"name\":\"Colabora\u00e7\u00f5es\"}]},{\"@type\":\"WebSite\",\"@id\":\"https:\/\/www.sariki.es\/pt-pt\/#website\",\"url\":\"https:\/\/www.sariki.es\/pt-pt\/\",\"name\":\"Sariki - Metrolog\u00eda industrial\",\"description\":\"Metrolog\u00eda industrial en Gipuzkoa\",\"publisher\":{\"@id\":\"https:\/\/www.sariki.es\/pt-pt\/#organization\"},\"potentialAction\":[{\"@type\":\"SearchAction\",\"target\":{\"@type\":\"EntryPoint\",\"urlTemplate\":\"https:\/\/www.sariki.es\/pt-pt\/?s={search_term_string}\"},\"query-input\":{\"@type\":\"PropertyValueSpecification\",\"valueRequired\":true,\"valueName\":\"search_term_string\"}}],\"inLanguage\":\"pt-PT\"},{\"@type\":\"Organization\",\"@id\":\"https:\/\/www.sariki.es\/pt-pt\/#organization\",\"name\":\"Sariki - Soluciones de metrolog\u00eda\",\"url\":\"https:\/\/www.sariki.es\/pt-pt\/\",\"logo\":{\"@type\":\"ImageObject\",\"inLanguage\":\"pt-PT\",\"@id\":\"https:\/\/www.sariki.es\/pt-pt\/#\/schema\/logo\/image\/\",\"url\":\"\",\"contentUrl\":\"\",\"caption\":\"Sariki - Soluciones de metrolog\u00eda\"},\"image\":{\"@id\":\"https:\/\/www.sariki.es\/pt-pt\/#\/schema\/logo\/image\/\"},\"sameAs\":[\"https:\/\/www.facebook.com\/MetrologiaSariki\",\"https:\/\/x.com\/sarikisa\"]}]}<\/script>\n<!-- \/ Yoast SEO Premium plugin. -->","yoast_head_json":{"title":"Colabora\u00e7\u00f5es de Metrologia Sariki - Metrologia Industrial","description":"Sariki colabora com diferentes associa\u00e7\u00f5es, empresas e institui\u00e7\u00f5es com o objetivo de fortalecer as suas rela\u00e7\u00f5es e ser um agente valorizado na sociedade.","robots":{"index":"index","follow":"follow","max-snippet":"max-snippet:-1","max-image-preview":"max-image-preview:large","max-video-preview":"max-video-preview:-1"},"canonical":"https:\/\/www.sariki.es\/pt-pt\/sobre-a-sariki\/colaboracoes\/","og_locale":"pt_PT","og_type":"article","og_title":"Colabora\u00e7\u00f5es","og_description":"Sariki colabora com diferentes associa\u00e7\u00f5es, empresas e institui\u00e7\u00f5es com o objetivo de fortalecer as suas rela\u00e7\u00f5es e ser um agente valorizado na sociedade.","og_url":"https:\/\/www.sariki.es\/pt-pt\/sobre-a-sariki\/colaboracoes\/","og_site_name":"Sariki - Metrolog\u00eda industrial","article_publisher":"https:\/\/www.facebook.com\/MetrologiaSariki","article_modified_time":"2025-02-10T08:25:28+00:00","twitter_card":"summary_large_image","twitter_site":"@sarikisa","schema":{"@context":"https:\/\/schema.org","@graph":[{"@type":"WebPage","@id":"https:\/\/www.sariki.es\/pt-pt\/sobre-a-sariki\/colaboracoes\/","url":"https:\/\/www.sariki.es\/pt-pt\/sobre-a-sariki\/colaboracoes\/","name":"Colabora\u00e7\u00f5es de Metrologia Sariki - Metrologia Industrial","isPartOf":{"@id":"https:\/\/www.sariki.es\/pt-pt\/#website"},"datePublished":"2025-02-10T08:16:59+00:00","dateModified":"2025-02-10T08:25:28+00:00","description":"Sariki colabora com diferentes associa\u00e7\u00f5es, empresas e institui\u00e7\u00f5es com o objetivo de fortalecer as suas rela\u00e7\u00f5es e ser um agente valorizado na sociedade.","breadcrumb":{"@id":"https:\/\/www.sariki.es\/pt-pt\/sobre-a-sariki\/colaboracoes\/#breadcrumb"},"inLanguage":"pt-PT","potentialAction":[{"@type":"ReadAction","target":["https:\/\/www.sariki.es\/pt-pt\/sobre-a-sariki\/colaboracoes\/"]}]},{"@type":"BreadcrumbList","@id":"https:\/\/www.sariki.es\/pt-pt\/sobre-a-sariki\/colaboracoes\/#breadcrumb","itemListElement":[{"@type":"ListItem","position":1,"name":"Inicio","item":"https:\/\/www.sariki.es\/pt-pt\/"},{"@type":"ListItem","position":2,"name":"Sobre a Sariki","item":"https:\/\/www.sariki.es\/pt-pt\/sobre-a-sariki\/"},{"@type":"ListItem","position":3,"name":"Colabora\u00e7\u00f5es"}]},{"@type":"WebSite","@id":"https:\/\/www.sariki.es\/pt-pt\/#website","url":"https:\/\/www.sariki.es\/pt-pt\/","name":"Sariki - Metrolog\u00eda industrial","description":"Metrolog\u00eda industrial en Gipuzkoa","publisher":{"@id":"https:\/\/www.sariki.es\/pt-pt\/#organization"},"potentialAction":[{"@type":"SearchAction","target":{"@type":"EntryPoint","urlTemplate":"https:\/\/www.sariki.es\/pt-pt\/?s={search_term_string}"},"query-input":{"@type":"PropertyValueSpecification","valueRequired":true,"valueName":"search_term_string"}}],"inLanguage":"pt-PT"},{"@type":"Organization","@id":"https:\/\/www.sariki.es\/pt-pt\/#organization","name":"Sariki - Soluciones de metrolog\u00eda","url":"https:\/\/www.sariki.es\/pt-pt\/","logo":{"@type":"ImageObject","inLanguage":"pt-PT","@id":"https:\/\/www.sariki.es\/pt-pt\/#\/schema\/logo\/image\/","url":"","contentUrl":"","caption":"Sariki - Soluciones de metrolog\u00eda"},"image":{"@id":"https:\/\/www.sariki.es\/pt-pt\/#\/schema\/logo\/image\/"},"sameAs":["https:\/\/www.facebook.com\/MetrologiaSariki","https:\/\/x.com\/sarikisa"]}]}},"_links":{"self":[{"href":"https:\/\/www.sariki.es\/pt-pt\/wp-json\/wp\/v2\/pages\/23309","targetHints":{"allow":["GET"]}}],"collection":[{"href":"https:\/\/www.sariki.es\/pt-pt\/wp-json\/wp\/v2\/pages"}],"about":[{"href":"https:\/\/www.sariki.es\/pt-pt\/wp-json\/wp\/v2\/types\/page"}],"author":[{"embeddable":true,"href":"https:\/\/www.sariki.es\/pt-pt\/wp-json\/wp\/v2\/users\/1"}],"replies":[{"embeddable":true,"href":"https:\/\/www.sariki.es\/pt-pt\/wp-json\/wp\/v2\/comments?post=23309"}],"version-history":[{"count":1,"href":"https:\/\/www.sariki.es\/pt-pt\/wp-json\/wp\/v2\/pages\/23309\/revisions"}],"predecessor-version":[{"id":23331,"href":"https:\/\/www.sariki.es\/pt-pt\/wp-json\/wp\/v2\/pages\/23309\/revisions\/23331"}],"up":[{"embeddable":true,"href":"https:\/\/www.sariki.es\/pt-pt\/wp-json\/wp\/v2\/pages\/23327"}],"wp:attachment":[{"href":"https:\/\/www.sariki.es\/pt-pt\/wp-json\/wp\/v2\/media?parent=23309"}],"curies":[{"name":"wp","href":"https:\/\/api.w.org\/{rel}","templated":true}]}}