{"id":23259,"date":"2025-02-10T08:50:01","date_gmt":"2025-02-10T07:50:01","guid":{"rendered":"https:\/\/www.sariki.es\/inovacao\/"},"modified":"2025-11-27T14:10:57","modified_gmt":"2025-11-27T13:10:57","slug":"inovacao","status":"publish","type":"page","link":"https:\/\/www.sariki.es\/pt-pt\/sobre-a-sariki\/inovacao\/","title":{"rendered":"Inova\u00e7\u00e3o"},"content":{"rendered":"\n\n\t\t<h1>\n\t\t\tInova\u00e7\u00e3o\n\t\t<\/h1>\n\t<p>Apostamos pela <strong>colabora\u00e7\u00e3o direta com o ambiente industrial e de investiga\u00e7\u00e3o<\/strong>, apoiando-nos em tecnologias inovadoras e na nossa capacidade para desenvolver solu\u00e7\u00f5es espec\u00edficas para necessidades n\u00e3o cobertas no mercado.<\/p>\n\t<p>A nossa pol\u00edtica de I&amp;D centra-se no desenvolvimento de solu\u00e7\u00f5es inovadoras para acrescentar valor aos nossos clientes. Neste processo, a Sariki tem participado em diferentes projetos de I&amp;D desde o ano 2009.<\/p>\n\t<p><strong>A seguir, indicam-se os projetos em que estamos a participar atualmente:<\/strong><\/p>\n\t\t\t\t<img loading=\"lazy\" decoding=\"async\" src=\"https:\/\/www.sariki.es\/wp-content\/uploads\/2019\/09\/sobre-sariki-innovacion-intro-1.jpg\" alt=\"sobre-sariki-innovacion-intro\" itemprop=\"image\" height=\"400\" width=\"620\" title=\"sobre-sariki-innovacion-intro\" onerror=\"this.style.display='none'\"  \/>\n\t\t<h2>\n\t\t\tDIPUTA\u00c7\u00c3O FORAL DE GIPUZKOA &#8211; GIPUZKOAKO FORU ALDUNDIA\n\t\t<\/h2>\n\t<p>PROJETO: <strong>Zerbitzuak zabaldu estrategia bezala<\/strong><\/p>\n<p><strong>Programa\/Processo:<\/strong> Enpresak hazten<\/p>\n<p>Desenvolvimento e expans\u00e3o do modelo de neg\u00f3cio de servi\u00e7os de medi\u00e7\u00e3o<\/p>\n\t\t\t\t<img loading=\"lazy\" decoding=\"async\" src=\"https:\/\/www.sariki.es\/wp-content\/uploads\/2025\/11\/Ekonomia-Sustapena-8.png\" alt=\"Ekonomia Sustapena-8\" itemprop=\"image\" height=\"766\" width=\"2480\" title=\"Ekonomia Sustapena-8\" onerror=\"this.style.display='none'\"  \/>\n\t\t<h2>\n\t\t\tAg\u00eancia Basca de Desenvolvimento Empresarial (SPRI)\n\t\t<\/h2>\n\t<p>CONFLES: <strong>Novas tecnologias de fabrica\u00e7\u00e3o e automa\u00e7\u00e3o para um processo controlado, flex\u00edvel, eficiente e sustent\u00e1vel aplicado ao maquinamento de materiais de alto desempenho utilizados na fabrica\u00e7\u00e3o de componentes complexos para o setor aeron\u00e1utico<\/strong><\/p>\n<p><strong>L\u00edder:<\/strong> EGILE<\/p>\n<p><strong>Parceiros:<\/strong> Metrologia SARIKI, Fagor Automation, Ibarmia, SmartPM<\/p>\n<p><strong>Programa\/Processo:<\/strong> Hazitek estrat\u00e9gico \/ ZE-2023\/00005<\/p>\n<p>Investiga\u00e7\u00e3o e desenvolvimento de sistemas de inspe\u00e7\u00e3o integrados em equipamentos para a fabrica\u00e7\u00e3o de sistemas complexos, integrando meios de autoaprendizagem de posicionamento de rob\u00f4 e sistemas de previs\u00e3o de vis\u00e3o para a otimiza\u00e7\u00e3o dos tempos de captura.<\/p>\n\t<p>HATASU: Ferramentas de alta taxa de remo\u00e7\u00e3o com salvaguarda da integridade superficial: novos designs e monitoriza\u00e7\u00e3o integral de processos<\/p>\n<p><strong>Lider:<\/strong> EKIN<\/p>\n<p><strong>Parceiros:<\/strong> Metrologia SARIKI, Fagor Automation, Wolco<\/p>\n<p><strong>Programa\/Expediente:<\/strong> Hazitek competitivo \/ ZL-2023\/00594 &#8211; ZL-2024\/00270<\/p>\n<p>Investiga\u00e7\u00e3o e desenvolvimento de sistemas de inspe\u00e7\u00e3o de ferramentas e pe\u00e7as integrados em equipamentos para a fabrica\u00e7\u00e3o de componentes complexos, integrando dete\u00e7\u00e3o autom\u00e1tica de defeitos em equipamento ou resultado.<\/p>\n\t<p>ERAGIN: Nova ERA no Fabrico Avan\u00e7ado de M\u00f3dulos de Press\u00e3o Interm\u00e9dia para Inova\u00e7\u00e3o e Gera\u00e7\u00e3o de Conhecimento <\/p>\n<p><strong>L\u00edder:<\/strong> ITP Aero<\/p>\n<p><strong>Parceiros:<\/strong> Metrolog\u00eda SARIKI, Danobat, Ekin, Intermaher, Metal\u00fargica Marina, ONA electroerosi\u00f3n, Savvy Data Systems, Intenance<\/p>\n<p><strong>Programa\/Expediente:<\/strong> Hazitek estrat\u00e9gico \/ ZE-2024\/00024<\/p>\n<p>Investiga\u00e7\u00e3o sobre sistemas de captura 3D para medi\u00e7\u00e3o de ferramentas em processo e resultados de pe\u00e7as integrados em equipamentos de conforma\u00e7\u00e3o e maquinagem.<\/p>\n\t<p>HAIZEBOT:\u00a0<strong>Investiga\u00e7\u00e3o em novas solu\u00e7\u00f5es baseadas em IA, sistemas de perce\u00e7\u00e3o e mecatr\u00f3nica para a otimiza\u00e7\u00e3o de c\u00e9lulas rob\u00f3ticas de montagem de aeroestruturas.<\/strong><\/p>\n<p><strong>L\u00edder:<\/strong> AERNNOVA<\/p>\n<p><strong>Parceiros:<\/strong> Metrologia SARIKI, Automach, Kendu, Danobat e Mecanizados Vitoria.<\/p>\n<p><strong>Programa\/Expediente:<\/strong> Hazitek estrat\u00e9gico \/ ZE-2025\/00006<\/p>\n<p>Investiga\u00e7\u00e3o de sistemas de captura 3D para posicionamento de sistemas rob\u00f3ticos em tempo real e inspe\u00e7\u00e3o da qualidade de componentes em aeroestruturas.<\/p>\n\t<p>HIP4AE: <strong>HIP como tecnologia de fabrico avan\u00e7ado de componentes para aplica\u00e7\u00f5es extremas.<\/strong><\/p>\n<p><strong>L\u00edder:<\/strong> TTT<\/p>\n<p><strong>Parceiros:<\/strong> Metrologia SARIKI, ULMA Forja, EIPC, OPTIMUS 3D, LAZPIUR, PROTECNOL\u00d3GICA, GLOBAL FACTOR.<\/p>\n<p><strong>Programa\/Expediente:<\/strong> Hazitek estrat\u00e9gico \/ ZE-2025\/00047<\/p>\n<p>Investiga\u00e7\u00e3o da qualidade superficial e interna de componentes tratados atrav\u00e9s de HIP.<\/p>\n\t<p>WELD4ALL: Investiga\u00e7\u00e3o de m\u00e9todos de intelig\u00eancia artificial para a dete\u00e7\u00e3o de defeitos NDT em m\u00faltiplos materiais utilizando termografia ativa.<\/p>\n<p><strong>L\u00edder:<\/strong> METROLOG\u00cdA SARIKI<\/p>\n<p><strong>Parceiros:<\/strong> Sidenor<\/p>\n<p><strong>Programa\/Expediente:<\/strong> Hazitek competitivo \/ ZL-2024\/00709<\/p>\n<p>Investiga\u00e7\u00e3o de tecnologias de IA para a gera\u00e7\u00e3o de um simulador de comportamento t\u00e9rmico aquando da aplica\u00e7\u00e3o de choques t\u00e9rmicos localizados em materiais met\u00e1licos para a dete\u00e7\u00e3o n\u00e3o destrutiva de defeitos internos utilizando a tecnologia LIT (Termografia Induzida por Laser).<\/p>\n\t<p>Atua\u00e7\u00f5es cofinanciadas pelo Governo Basco e pela Uni\u00e3o Europeia atrav\u00e9s do Fundo Europeu de Desenvolvimento Regional 2021-2027 (FEDER)<\/p>\n\t\t\t\t<img loading=\"lazy\" decoding=\"async\" src=\"https:\/\/www.sariki.es\/wp-content\/uploads\/2019\/09\/sobre-sariki-innovacion-logo-fondo-europeo.jpg\" alt=\"sobre-sariki-innovacion-logo-fondo-europeo\" itemprop=\"image\" height=\"108\" width=\"220\" title=\"sobre-sariki-innovacion-logo-fondo-europeo\" onerror=\"this.style.display='none'\"  \/>\n\t\t\t\t<img loading=\"lazy\" decoding=\"async\" src=\"https:\/\/www.sariki.es\/wp-content\/uploads\/2019\/09\/sobre-sariki-innovacion-logo-gobierno-vasco.jpg\" alt=\"sobre-sariki-innovacion-logo-gobierno-vasco\" itemprop=\"image\" height=\"108\" width=\"220\" title=\"sobre-sariki-innovacion-logo-gobierno-vasco\" onerror=\"this.style.display='none'\"  \/>\n\t\t<h2>\n\t\t\tPERTE VEC\n\t\t<\/h2>\n\t<p>PROJETO TRACTOR: Transforma\u00e7\u00e3o integral da cadeia de valor da mobilidade el\u00e9trica para a sustentabilidade e competitividade no desenvolvimento e fabrica\u00e7\u00e3o nacional do monovolume Premium el\u00e9trico<\/p>\n<p><strong>L\u00edder:<\/strong> Mercedes Benz<\/p>\n<p><strong>Parceiros:<\/strong> Gestamp, Industrias Dimo, Mercedes-Benz, Edscha Santander<\/p>\n<p><strong>Projeto prim\u00e1rio:<\/strong> Design, desenvolvimento e valida\u00e7\u00e3o de um novo ecossistema digital de garantia de qualidade para a ind\u00fastria autom\u00f3vel que inclua a conex\u00e3o e interoperabilidade dos fornecedores externos<\/p>\n\t\t\t\t<img loading=\"lazy\" decoding=\"async\" src=\"https:\/\/www.sariki.es\/wp-content\/uploads\/2024\/10\/logo-union-europea.jpg\" alt=\"logo-union-europea\" itemprop=\"image\" height=\"107\" width=\"319\" title=\"logo-union-europea\" onerror=\"this.style.display='none'\"  \/>\n\t\t\t\t<img loading=\"lazy\" decoding=\"async\" src=\"https:\/\/www.sariki.es\/wp-content\/uploads\/2024\/10\/logo-ministerio-industria.jpg\" alt=\"logo-ministerio-industria\" itemprop=\"image\" height=\"84\" width=\"275\" title=\"logo-ministerio-industria\" onerror=\"this.style.display='none'\"  \/>\n\t\t\t\t<img loading=\"lazy\" decoding=\"async\" src=\"https:\/\/www.sariki.es\/wp-content\/uploads\/2024\/10\/logo-plan-recuperacion.jpg\" alt=\"logo-plan-recuperacion\" itemprop=\"image\" height=\"83\" width=\"495\" title=\"logo-plan-recuperacion\" onerror=\"this.style.display='none'\"  \/>\n\n","protected":false},"excerpt":{"rendered":"<p>Inova\u00e7\u00e3o Apostamos pela colabora\u00e7\u00e3o direta com o ambiente industrial e de investiga\u00e7\u00e3o, apoiando-nos em tecnologias inovadoras e na nossa capacidade para desenvolver solu\u00e7\u00f5es espec\u00edficas para necessidades n\u00e3o cobertas no mercado. A nossa pol\u00edtica de I&amp;D centra-se no desenvolvimento de solu\u00e7\u00f5es inovadoras para acrescentar valor aos nossos clientes. Neste processo, a Sariki tem participado em diferentes&hellip;<\/p>\n","protected":false},"author":1,"featured_media":0,"parent":23327,"menu_order":0,"comment_status":"closed","ping_status":"closed","template":"","meta":{"footnotes":""},"class_list":["post-23259","page","type-page","status-publish","hentry"],"yoast_head":"<!-- This site is optimized with the Yoast SEO Premium plugin v24.6 (Yoast SEO v24.6) - https:\/\/yoast.com\/wordpress\/plugins\/seo\/ -->\n<title>Inova\u00e7\u00e3o - Metrologia Sariki - Metrologia em produ\u00e7\u00e3o<\/title>\n<meta name=\"description\" content=\"A nossa pol\u00edtica de I&amp;D centra-se no desenvolvimento de solu\u00e7\u00f5es inovadoras para acrescentar valor aos nossos clientes. Estes s\u00e3o os nossos projetos atuais\" \/>\n<meta name=\"robots\" content=\"index, follow, max-snippet:-1, max-image-preview:large, max-video-preview:-1\" \/>\n<link rel=\"canonical\" href=\"https:\/\/www.sariki.es\/pt-pt\/sobre-a-sariki\/inovacao\/\" \/>\n<meta property=\"og:locale\" content=\"pt_PT\" \/>\n<meta property=\"og:type\" content=\"article\" \/>\n<meta property=\"og:title\" content=\"Inova\u00e7\u00e3o\" \/>\n<meta property=\"og:description\" content=\"A nossa pol\u00edtica de I&amp;D centra-se no desenvolvimento de solu\u00e7\u00f5es inovadoras para acrescentar valor aos nossos clientes. Estes s\u00e3o os nossos projetos atuais\" \/>\n<meta property=\"og:url\" content=\"https:\/\/www.sariki.es\/pt-pt\/sobre-a-sariki\/inovacao\/\" \/>\n<meta property=\"og:site_name\" content=\"Sariki - Metrolog\u00eda industrial\" \/>\n<meta property=\"article:publisher\" content=\"https:\/\/www.facebook.com\/MetrologiaSariki\" \/>\n<meta property=\"article:modified_time\" content=\"2025-11-27T13:10:57+00:00\" \/>\n<meta property=\"og:image\" content=\"https:\/\/www.sariki.es\/wp-content\/uploads\/2019\/09\/sobre-sariki-innovacion-intro-1.jpg\" \/>\n<meta name=\"twitter:card\" content=\"summary_large_image\" \/>\n<meta name=\"twitter:site\" content=\"@sarikisa\" \/>\n<meta name=\"twitter:label1\" content=\"Tempo estimado de leitura\" \/>\n\t<meta name=\"twitter:data1\" content=\"3 minutos\" \/>\n<script type=\"application\/ld+json\" class=\"yoast-schema-graph\">{\"@context\":\"https:\/\/schema.org\",\"@graph\":[{\"@type\":\"WebPage\",\"@id\":\"https:\/\/www.sariki.es\/pt-pt\/sobre-a-sariki\/inovacao\/\",\"url\":\"https:\/\/www.sariki.es\/pt-pt\/sobre-a-sariki\/inovacao\/\",\"name\":\"Inova\u00e7\u00e3o - Metrologia Sariki - Metrologia em produ\u00e7\u00e3o\",\"isPartOf\":{\"@id\":\"https:\/\/www.sariki.es\/pt-pt\/#website\"},\"primaryImageOfPage\":{\"@id\":\"https:\/\/www.sariki.es\/pt-pt\/sobre-a-sariki\/inovacao\/#primaryimage\"},\"image\":{\"@id\":\"https:\/\/www.sariki.es\/pt-pt\/sobre-a-sariki\/inovacao\/#primaryimage\"},\"thumbnailUrl\":\"https:\/\/www.sariki.es\/wp-content\/uploads\/2019\/09\/sobre-sariki-innovacion-intro-1.jpg\",\"datePublished\":\"2025-02-10T07:50:01+00:00\",\"dateModified\":\"2025-11-27T13:10:57+00:00\",\"description\":\"A nossa pol\u00edtica de I&D centra-se no desenvolvimento de solu\u00e7\u00f5es inovadoras para acrescentar valor aos nossos clientes. Estes s\u00e3o os nossos projetos atuais\",\"breadcrumb\":{\"@id\":\"https:\/\/www.sariki.es\/pt-pt\/sobre-a-sariki\/inovacao\/#breadcrumb\"},\"inLanguage\":\"pt-PT\",\"potentialAction\":[{\"@type\":\"ReadAction\",\"target\":[\"https:\/\/www.sariki.es\/pt-pt\/sobre-a-sariki\/inovacao\/\"]}]},{\"@type\":\"ImageObject\",\"inLanguage\":\"pt-PT\",\"@id\":\"https:\/\/www.sariki.es\/pt-pt\/sobre-a-sariki\/inovacao\/#primaryimage\",\"url\":\"https:\/\/www.sariki.es\/wp-content\/uploads\/2019\/09\/sobre-sariki-innovacion-intro-1.jpg\",\"contentUrl\":\"https:\/\/www.sariki.es\/wp-content\/uploads\/2019\/09\/sobre-sariki-innovacion-intro-1.jpg\"},{\"@type\":\"BreadcrumbList\",\"@id\":\"https:\/\/www.sariki.es\/pt-pt\/sobre-a-sariki\/inovacao\/#breadcrumb\",\"itemListElement\":[{\"@type\":\"ListItem\",\"position\":1,\"name\":\"Inicio\",\"item\":\"https:\/\/www.sariki.es\/pt-pt\/\"},{\"@type\":\"ListItem\",\"position\":2,\"name\":\"Sobre a Sariki\",\"item\":\"https:\/\/www.sariki.es\/pt-pt\/sobre-a-sariki\/\"},{\"@type\":\"ListItem\",\"position\":3,\"name\":\"Inova\u00e7\u00e3o\"}]},{\"@type\":\"WebSite\",\"@id\":\"https:\/\/www.sariki.es\/pt-pt\/#website\",\"url\":\"https:\/\/www.sariki.es\/pt-pt\/\",\"name\":\"Sariki - Metrolog\u00eda industrial\",\"description\":\"Metrolog\u00eda industrial en Gipuzkoa\",\"publisher\":{\"@id\":\"https:\/\/www.sariki.es\/pt-pt\/#organization\"},\"potentialAction\":[{\"@type\":\"SearchAction\",\"target\":{\"@type\":\"EntryPoint\",\"urlTemplate\":\"https:\/\/www.sariki.es\/pt-pt\/?s={search_term_string}\"},\"query-input\":{\"@type\":\"PropertyValueSpecification\",\"valueRequired\":true,\"valueName\":\"search_term_string\"}}],\"inLanguage\":\"pt-PT\"},{\"@type\":\"Organization\",\"@id\":\"https:\/\/www.sariki.es\/pt-pt\/#organization\",\"name\":\"Sariki - Soluciones de metrolog\u00eda\",\"url\":\"https:\/\/www.sariki.es\/pt-pt\/\",\"logo\":{\"@type\":\"ImageObject\",\"inLanguage\":\"pt-PT\",\"@id\":\"https:\/\/www.sariki.es\/pt-pt\/#\/schema\/logo\/image\/\",\"url\":\"\",\"contentUrl\":\"\",\"caption\":\"Sariki - Soluciones de metrolog\u00eda\"},\"image\":{\"@id\":\"https:\/\/www.sariki.es\/pt-pt\/#\/schema\/logo\/image\/\"},\"sameAs\":[\"https:\/\/www.facebook.com\/MetrologiaSariki\",\"https:\/\/x.com\/sarikisa\"]}]}<\/script>\n<!-- \/ Yoast SEO Premium plugin. -->","yoast_head_json":{"title":"Inova\u00e7\u00e3o - Metrologia Sariki - Metrologia em produ\u00e7\u00e3o","description":"A nossa pol\u00edtica de I&D centra-se no desenvolvimento de solu\u00e7\u00f5es inovadoras para acrescentar valor aos nossos clientes. Estes s\u00e3o os nossos projetos atuais","robots":{"index":"index","follow":"follow","max-snippet":"max-snippet:-1","max-image-preview":"max-image-preview:large","max-video-preview":"max-video-preview:-1"},"canonical":"https:\/\/www.sariki.es\/pt-pt\/sobre-a-sariki\/inovacao\/","og_locale":"pt_PT","og_type":"article","og_title":"Inova\u00e7\u00e3o","og_description":"A nossa pol\u00edtica de I&D centra-se no desenvolvimento de solu\u00e7\u00f5es inovadoras para acrescentar valor aos nossos clientes. Estes s\u00e3o os nossos projetos atuais","og_url":"https:\/\/www.sariki.es\/pt-pt\/sobre-a-sariki\/inovacao\/","og_site_name":"Sariki - Metrolog\u00eda industrial","article_publisher":"https:\/\/www.facebook.com\/MetrologiaSariki","article_modified_time":"2025-11-27T13:10:57+00:00","og_image":[{"url":"https:\/\/www.sariki.es\/wp-content\/uploads\/2019\/09\/sobre-sariki-innovacion-intro-1.jpg","type":"","width":"","height":""}],"twitter_card":"summary_large_image","twitter_site":"@sarikisa","twitter_misc":{"Tempo estimado de leitura":"3 minutos"},"schema":{"@context":"https:\/\/schema.org","@graph":[{"@type":"WebPage","@id":"https:\/\/www.sariki.es\/pt-pt\/sobre-a-sariki\/inovacao\/","url":"https:\/\/www.sariki.es\/pt-pt\/sobre-a-sariki\/inovacao\/","name":"Inova\u00e7\u00e3o - Metrologia Sariki - Metrologia em produ\u00e7\u00e3o","isPartOf":{"@id":"https:\/\/www.sariki.es\/pt-pt\/#website"},"primaryImageOfPage":{"@id":"https:\/\/www.sariki.es\/pt-pt\/sobre-a-sariki\/inovacao\/#primaryimage"},"image":{"@id":"https:\/\/www.sariki.es\/pt-pt\/sobre-a-sariki\/inovacao\/#primaryimage"},"thumbnailUrl":"https:\/\/www.sariki.es\/wp-content\/uploads\/2019\/09\/sobre-sariki-innovacion-intro-1.jpg","datePublished":"2025-02-10T07:50:01+00:00","dateModified":"2025-11-27T13:10:57+00:00","description":"A nossa pol\u00edtica de I&D centra-se no desenvolvimento de solu\u00e7\u00f5es inovadoras para acrescentar valor aos nossos clientes. Estes s\u00e3o os nossos projetos atuais","breadcrumb":{"@id":"https:\/\/www.sariki.es\/pt-pt\/sobre-a-sariki\/inovacao\/#breadcrumb"},"inLanguage":"pt-PT","potentialAction":[{"@type":"ReadAction","target":["https:\/\/www.sariki.es\/pt-pt\/sobre-a-sariki\/inovacao\/"]}]},{"@type":"ImageObject","inLanguage":"pt-PT","@id":"https:\/\/www.sariki.es\/pt-pt\/sobre-a-sariki\/inovacao\/#primaryimage","url":"https:\/\/www.sariki.es\/wp-content\/uploads\/2019\/09\/sobre-sariki-innovacion-intro-1.jpg","contentUrl":"https:\/\/www.sariki.es\/wp-content\/uploads\/2019\/09\/sobre-sariki-innovacion-intro-1.jpg"},{"@type":"BreadcrumbList","@id":"https:\/\/www.sariki.es\/pt-pt\/sobre-a-sariki\/inovacao\/#breadcrumb","itemListElement":[{"@type":"ListItem","position":1,"name":"Inicio","item":"https:\/\/www.sariki.es\/pt-pt\/"},{"@type":"ListItem","position":2,"name":"Sobre a Sariki","item":"https:\/\/www.sariki.es\/pt-pt\/sobre-a-sariki\/"},{"@type":"ListItem","position":3,"name":"Inova\u00e7\u00e3o"}]},{"@type":"WebSite","@id":"https:\/\/www.sariki.es\/pt-pt\/#website","url":"https:\/\/www.sariki.es\/pt-pt\/","name":"Sariki - Metrolog\u00eda industrial","description":"Metrolog\u00eda industrial en Gipuzkoa","publisher":{"@id":"https:\/\/www.sariki.es\/pt-pt\/#organization"},"potentialAction":[{"@type":"SearchAction","target":{"@type":"EntryPoint","urlTemplate":"https:\/\/www.sariki.es\/pt-pt\/?s={search_term_string}"},"query-input":{"@type":"PropertyValueSpecification","valueRequired":true,"valueName":"search_term_string"}}],"inLanguage":"pt-PT"},{"@type":"Organization","@id":"https:\/\/www.sariki.es\/pt-pt\/#organization","name":"Sariki - Soluciones de metrolog\u00eda","url":"https:\/\/www.sariki.es\/pt-pt\/","logo":{"@type":"ImageObject","inLanguage":"pt-PT","@id":"https:\/\/www.sariki.es\/pt-pt\/#\/schema\/logo\/image\/","url":"","contentUrl":"","caption":"Sariki - Soluciones de metrolog\u00eda"},"image":{"@id":"https:\/\/www.sariki.es\/pt-pt\/#\/schema\/logo\/image\/"},"sameAs":["https:\/\/www.facebook.com\/MetrologiaSariki","https:\/\/x.com\/sarikisa"]}]}},"_links":{"self":[{"href":"https:\/\/www.sariki.es\/pt-pt\/wp-json\/wp\/v2\/pages\/23259","targetHints":{"allow":["GET"]}}],"collection":[{"href":"https:\/\/www.sariki.es\/pt-pt\/wp-json\/wp\/v2\/pages"}],"about":[{"href":"https:\/\/www.sariki.es\/pt-pt\/wp-json\/wp\/v2\/types\/page"}],"author":[{"embeddable":true,"href":"https:\/\/www.sariki.es\/pt-pt\/wp-json\/wp\/v2\/users\/1"}],"replies":[{"embeddable":true,"href":"https:\/\/www.sariki.es\/pt-pt\/wp-json\/wp\/v2\/comments?post=23259"}],"version-history":[{"count":3,"href":"https:\/\/www.sariki.es\/pt-pt\/wp-json\/wp\/v2\/pages\/23259\/revisions"}],"predecessor-version":[{"id":24961,"href":"https:\/\/www.sariki.es\/pt-pt\/wp-json\/wp\/v2\/pages\/23259\/revisions\/24961"}],"up":[{"embeddable":true,"href":"https:\/\/www.sariki.es\/pt-pt\/wp-json\/wp\/v2\/pages\/23327"}],"wp:attachment":[{"href":"https:\/\/www.sariki.es\/pt-pt\/wp-json\/wp\/v2\/media?parent=23259"}],"curies":[{"name":"wp","href":"https:\/\/api.w.org\/{rel}","templated":true}]}}