{"id":23144,"date":"2025-01-31T12:02:37","date_gmt":"2025-01-31T11:02:37","guid":{"rendered":"https:\/\/www.sariki.es\/mitutoyo\/"},"modified":"2025-04-03T09:08:58","modified_gmt":"2025-04-03T07:08:58","slug":"mitutoyo","status":"publish","type":"page","link":"https:\/\/www.sariki.es\/pt-pt\/mitutoyo\/","title":{"rendered":"Mitutoyo"},"content":{"rendered":"\n\n\t\t\t\t<img decoding=\"async\" src=\"https:\/\/www.sariki.es\/wp-content\/uploads\/2019\/11\/600-Sariki-Mitutoyo-new1.jpg\" alt=\"600-Sariki-Mitutoyo-new1\" title=\"600-Sariki-Mitutoyo-new1\" itemprop=\"image\"\/>\n\t\t<h3>Estes s\u00e3o os produtos mais procurados do cat\u00e1logo Mitutoyo.<\/h3>\t\t\t\n\t\t\t\t<p>Encontra o teu<\/p>\n\t\t\t<a href=\"https:\/\/www.sariki.es\/pt-pt\/mitutoyo\/produtos-mais-solicitados\/\" title=\"Click Here\" target=\"_self\"   role=\"button\" aria-label=\"Ver Produtos\">\n\t\t\t\t\t\t\tVer Produtos\n\t\t<\/a>\n\t\t\t\t<img decoding=\"async\" src=\"https:\/\/www.sariki.es\/wp-content\/uploads\/2019\/11\/600-Sariki-Mitutoyo-new2.jpg\" alt=\"600-Sariki-Mitutoyo-new2\" title=\"600-Sariki-Mitutoyo-new2\" itemprop=\"image\"\/>\n\t\t<h3>Externaliza as tuas medi\u00e7\u00f5es no Sariki Precision Center.<\/h3>\t\t\t\n\t\t\t\t<p>Informamos-te sem compromisso<\/p>\n\t\t\t<a href=\"https:\/\/www.sariki.es\/pt-pt\/servicos\/servico-de-medicao\/\" title=\"Click Here\" target=\"_self\"   role=\"button\" aria-label=\"Ver Servi\u00e7o de Medi\u00e7\u00e3o\">\n\t\t\t\t\t\t\tVer Servi\u00e7o de Medi\u00e7\u00e3o\n\t\t<\/a>\n\t\t\t\t<img decoding=\"async\" src=\"https:\/\/www.sariki.es\/wp-content\/uploads\/2019\/11\/600-Sariki-Mitutoyo-new3.jpg\" alt=\"600-Sariki-Mitutoyo-new3\" title=\"600-Sariki-Mitutoyo-new3\" itemprop=\"image\"\/>\n\t\t<h3>Integra um sistema de metrologia na tua linha de produ\u00e7\u00e3o.<\/h3>\t\t\t\n\t\t\t\t<p>Sabe como o fazemos<\/p>\n\t\t\t<a href=\"https:\/\/www.sariki.es\/pt-pt\/metrologia-em-processo\/\" title=\"Click Here\" target=\"_self\"   role=\"button\" aria-label=\"Ver Metrologia de Produ\u00e7\u00e3o\">\n\t\t\t\t\t\t\tVer Metrologia de Produ\u00e7\u00e3o\n\t\t<\/a>\n\n","protected":false},"excerpt":{"rendered":"<p>Estes s\u00e3o os produtos mais procurados do cat\u00e1logo Mitutoyo. Encontra o teu Ver Produtos Externaliza as tuas medi\u00e7\u00f5es no Sariki Precision Center. Informamos-te sem compromisso Ver Servi\u00e7o de Medi\u00e7\u00e3o Integra um sistema de metrologia na tua linha de produ\u00e7\u00e3o. Sabe como o fazemos Ver Metrologia de Produ\u00e7\u00e3o<\/p>\n","protected":false},"author":1,"featured_media":0,"parent":0,"menu_order":0,"comment_status":"closed","ping_status":"closed","template":"","meta":{"footnotes":""},"class_list":["post-23144","page","type-page","status-publish","hentry"],"yoast_head":"<!-- This site is optimized with the Yoast SEO Premium plugin v24.6 (Yoast SEO v24.6) - https:\/\/yoast.com\/wordpress\/plugins\/seo\/ -->\n<title>Cat\u00e1logo Mitutoyo - Metrolog\u00eda Sariki - Metrolog\u00eda Industrial<\/title>\n<meta name=\"description\" content=\"A Sariki \u00e9 distribuidora oficial de produtos Mitutoyo. Oferecemos-lhe uma grande variedade de produtos, desde micr\u00f3metros, paqu\u00edmetros e comparadores... etc.\" \/>\n<meta name=\"robots\" content=\"index, follow, max-snippet:-1, max-image-preview:large, max-video-preview:-1\" \/>\n<link rel=\"canonical\" href=\"https:\/\/www.sariki.es\/pt-pt\/mitutoyo\/\" \/>\n<meta property=\"og:locale\" content=\"pt_PT\" \/>\n<meta property=\"og:type\" content=\"article\" \/>\n<meta property=\"og:title\" content=\"Mitutoyo\" \/>\n<meta property=\"og:description\" content=\"A Sariki \u00e9 distribuidora oficial de produtos Mitutoyo. Oferecemos-lhe uma grande variedade de produtos, desde micr\u00f3metros, paqu\u00edmetros e comparadores... etc.\" \/>\n<meta property=\"og:url\" content=\"https:\/\/www.sariki.es\/pt-pt\/mitutoyo\/\" \/>\n<meta property=\"og:site_name\" content=\"Sariki - Metrolog\u00eda industrial\" \/>\n<meta property=\"article:publisher\" content=\"https:\/\/www.facebook.com\/MetrologiaSariki\" \/>\n<meta property=\"article:modified_time\" content=\"2025-04-03T07:08:58+00:00\" \/>\n<meta property=\"og:image\" content=\"https:\/\/www.sariki.es\/wp-content\/uploads\/2019\/11\/600-Sariki-Mitutoyo-new1.jpg\" \/>\n<meta name=\"twitter:card\" content=\"summary_large_image\" \/>\n<meta name=\"twitter:site\" content=\"@sarikisa\" \/>\n<script type=\"application\/ld+json\" class=\"yoast-schema-graph\">{\"@context\":\"https:\/\/schema.org\",\"@graph\":[{\"@type\":\"WebPage\",\"@id\":\"https:\/\/www.sariki.es\/pt-pt\/mitutoyo\/\",\"url\":\"https:\/\/www.sariki.es\/pt-pt\/mitutoyo\/\",\"name\":\"Cat\u00e1logo Mitutoyo - Metrolog\u00eda Sariki - Metrolog\u00eda Industrial\",\"isPartOf\":{\"@id\":\"https:\/\/www.sariki.es\/pt-pt\/#website\"},\"primaryImageOfPage\":{\"@id\":\"https:\/\/www.sariki.es\/pt-pt\/mitutoyo\/#primaryimage\"},\"image\":{\"@id\":\"https:\/\/www.sariki.es\/pt-pt\/mitutoyo\/#primaryimage\"},\"thumbnailUrl\":\"https:\/\/www.sariki.es\/wp-content\/uploads\/2019\/11\/600-Sariki-Mitutoyo-new1.jpg\",\"datePublished\":\"2025-01-31T11:02:37+00:00\",\"dateModified\":\"2025-04-03T07:08:58+00:00\",\"description\":\"A Sariki \u00e9 distribuidora oficial de produtos Mitutoyo. Oferecemos-lhe uma grande variedade de produtos, desde micr\u00f3metros, paqu\u00edmetros e comparadores... etc.\",\"breadcrumb\":{\"@id\":\"https:\/\/www.sariki.es\/pt-pt\/mitutoyo\/#breadcrumb\"},\"inLanguage\":\"pt-PT\",\"potentialAction\":[{\"@type\":\"ReadAction\",\"target\":[\"https:\/\/www.sariki.es\/pt-pt\/mitutoyo\/\"]}]},{\"@type\":\"ImageObject\",\"inLanguage\":\"pt-PT\",\"@id\":\"https:\/\/www.sariki.es\/pt-pt\/mitutoyo\/#primaryimage\",\"url\":\"https:\/\/www.sariki.es\/wp-content\/uploads\/2019\/11\/600-Sariki-Mitutoyo-new1.jpg\",\"contentUrl\":\"https:\/\/www.sariki.es\/wp-content\/uploads\/2019\/11\/600-Sariki-Mitutoyo-new1.jpg\"},{\"@type\":\"BreadcrumbList\",\"@id\":\"https:\/\/www.sariki.es\/pt-pt\/mitutoyo\/#breadcrumb\",\"itemListElement\":[{\"@type\":\"ListItem\",\"position\":1,\"name\":\"Inicio\",\"item\":\"https:\/\/www.sariki.es\/pt-pt\/\"},{\"@type\":\"ListItem\",\"position\":2,\"name\":\"Mitutoyo\"}]},{\"@type\":\"WebSite\",\"@id\":\"https:\/\/www.sariki.es\/pt-pt\/#website\",\"url\":\"https:\/\/www.sariki.es\/pt-pt\/\",\"name\":\"Sariki - Metrolog\u00eda industrial\",\"description\":\"Metrolog\u00eda industrial en Gipuzkoa\",\"publisher\":{\"@id\":\"https:\/\/www.sariki.es\/pt-pt\/#organization\"},\"potentialAction\":[{\"@type\":\"SearchAction\",\"target\":{\"@type\":\"EntryPoint\",\"urlTemplate\":\"https:\/\/www.sariki.es\/pt-pt\/?s={search_term_string}\"},\"query-input\":{\"@type\":\"PropertyValueSpecification\",\"valueRequired\":true,\"valueName\":\"search_term_string\"}}],\"inLanguage\":\"pt-PT\"},{\"@type\":\"Organization\",\"@id\":\"https:\/\/www.sariki.es\/pt-pt\/#organization\",\"name\":\"Sariki - Soluciones de metrolog\u00eda\",\"url\":\"https:\/\/www.sariki.es\/pt-pt\/\",\"logo\":{\"@type\":\"ImageObject\",\"inLanguage\":\"pt-PT\",\"@id\":\"https:\/\/www.sariki.es\/pt-pt\/#\/schema\/logo\/image\/\",\"url\":\"\",\"contentUrl\":\"\",\"caption\":\"Sariki - Soluciones de metrolog\u00eda\"},\"image\":{\"@id\":\"https:\/\/www.sariki.es\/pt-pt\/#\/schema\/logo\/image\/\"},\"sameAs\":[\"https:\/\/www.facebook.com\/MetrologiaSariki\",\"https:\/\/x.com\/sarikisa\"]}]}<\/script>\n<!-- \/ Yoast SEO Premium plugin. -->","yoast_head_json":{"title":"Cat\u00e1logo Mitutoyo - Metrolog\u00eda Sariki - Metrolog\u00eda Industrial","description":"A Sariki \u00e9 distribuidora oficial de produtos Mitutoyo. Oferecemos-lhe uma grande variedade de produtos, desde micr\u00f3metros, paqu\u00edmetros e comparadores... etc.","robots":{"index":"index","follow":"follow","max-snippet":"max-snippet:-1","max-image-preview":"max-image-preview:large","max-video-preview":"max-video-preview:-1"},"canonical":"https:\/\/www.sariki.es\/pt-pt\/mitutoyo\/","og_locale":"pt_PT","og_type":"article","og_title":"Mitutoyo","og_description":"A Sariki \u00e9 distribuidora oficial de produtos Mitutoyo. Oferecemos-lhe uma grande variedade de produtos, desde micr\u00f3metros, paqu\u00edmetros e comparadores... etc.","og_url":"https:\/\/www.sariki.es\/pt-pt\/mitutoyo\/","og_site_name":"Sariki - Metrolog\u00eda industrial","article_publisher":"https:\/\/www.facebook.com\/MetrologiaSariki","article_modified_time":"2025-04-03T07:08:58+00:00","og_image":[{"url":"https:\/\/www.sariki.es\/wp-content\/uploads\/2019\/11\/600-Sariki-Mitutoyo-new1.jpg","type":"","width":"","height":""}],"twitter_card":"summary_large_image","twitter_site":"@sarikisa","schema":{"@context":"https:\/\/schema.org","@graph":[{"@type":"WebPage","@id":"https:\/\/www.sariki.es\/pt-pt\/mitutoyo\/","url":"https:\/\/www.sariki.es\/pt-pt\/mitutoyo\/","name":"Cat\u00e1logo Mitutoyo - Metrolog\u00eda Sariki - Metrolog\u00eda Industrial","isPartOf":{"@id":"https:\/\/www.sariki.es\/pt-pt\/#website"},"primaryImageOfPage":{"@id":"https:\/\/www.sariki.es\/pt-pt\/mitutoyo\/#primaryimage"},"image":{"@id":"https:\/\/www.sariki.es\/pt-pt\/mitutoyo\/#primaryimage"},"thumbnailUrl":"https:\/\/www.sariki.es\/wp-content\/uploads\/2019\/11\/600-Sariki-Mitutoyo-new1.jpg","datePublished":"2025-01-31T11:02:37+00:00","dateModified":"2025-04-03T07:08:58+00:00","description":"A Sariki \u00e9 distribuidora oficial de produtos Mitutoyo. Oferecemos-lhe uma grande variedade de produtos, desde micr\u00f3metros, paqu\u00edmetros e comparadores... etc.","breadcrumb":{"@id":"https:\/\/www.sariki.es\/pt-pt\/mitutoyo\/#breadcrumb"},"inLanguage":"pt-PT","potentialAction":[{"@type":"ReadAction","target":["https:\/\/www.sariki.es\/pt-pt\/mitutoyo\/"]}]},{"@type":"ImageObject","inLanguage":"pt-PT","@id":"https:\/\/www.sariki.es\/pt-pt\/mitutoyo\/#primaryimage","url":"https:\/\/www.sariki.es\/wp-content\/uploads\/2019\/11\/600-Sariki-Mitutoyo-new1.jpg","contentUrl":"https:\/\/www.sariki.es\/wp-content\/uploads\/2019\/11\/600-Sariki-Mitutoyo-new1.jpg"},{"@type":"BreadcrumbList","@id":"https:\/\/www.sariki.es\/pt-pt\/mitutoyo\/#breadcrumb","itemListElement":[{"@type":"ListItem","position":1,"name":"Inicio","item":"https:\/\/www.sariki.es\/pt-pt\/"},{"@type":"ListItem","position":2,"name":"Mitutoyo"}]},{"@type":"WebSite","@id":"https:\/\/www.sariki.es\/pt-pt\/#website","url":"https:\/\/www.sariki.es\/pt-pt\/","name":"Sariki - Metrolog\u00eda industrial","description":"Metrolog\u00eda industrial en Gipuzkoa","publisher":{"@id":"https:\/\/www.sariki.es\/pt-pt\/#organization"},"potentialAction":[{"@type":"SearchAction","target":{"@type":"EntryPoint","urlTemplate":"https:\/\/www.sariki.es\/pt-pt\/?s={search_term_string}"},"query-input":{"@type":"PropertyValueSpecification","valueRequired":true,"valueName":"search_term_string"}}],"inLanguage":"pt-PT"},{"@type":"Organization","@id":"https:\/\/www.sariki.es\/pt-pt\/#organization","name":"Sariki - Soluciones de metrolog\u00eda","url":"https:\/\/www.sariki.es\/pt-pt\/","logo":{"@type":"ImageObject","inLanguage":"pt-PT","@id":"https:\/\/www.sariki.es\/pt-pt\/#\/schema\/logo\/image\/","url":"","contentUrl":"","caption":"Sariki - Soluciones de metrolog\u00eda"},"image":{"@id":"https:\/\/www.sariki.es\/pt-pt\/#\/schema\/logo\/image\/"},"sameAs":["https:\/\/www.facebook.com\/MetrologiaSariki","https:\/\/x.com\/sarikisa"]}]}},"_links":{"self":[{"href":"https:\/\/www.sariki.es\/pt-pt\/wp-json\/wp\/v2\/pages\/23144","targetHints":{"allow":["GET"]}}],"collection":[{"href":"https:\/\/www.sariki.es\/pt-pt\/wp-json\/wp\/v2\/pages"}],"about":[{"href":"https:\/\/www.sariki.es\/pt-pt\/wp-json\/wp\/v2\/types\/page"}],"author":[{"embeddable":true,"href":"https:\/\/www.sariki.es\/pt-pt\/wp-json\/wp\/v2\/users\/1"}],"replies":[{"embeddable":true,"href":"https:\/\/www.sariki.es\/pt-pt\/wp-json\/wp\/v2\/comments?post=23144"}],"version-history":[{"count":2,"href":"https:\/\/www.sariki.es\/pt-pt\/wp-json\/wp\/v2\/pages\/23144\/revisions"}],"predecessor-version":[{"id":24705,"href":"https:\/\/www.sariki.es\/pt-pt\/wp-json\/wp\/v2\/pages\/23144\/revisions\/24705"}],"wp:attachment":[{"href":"https:\/\/www.sariki.es\/pt-pt\/wp-json\/wp\/v2\/media?parent=23144"}],"curies":[{"name":"wp","href":"https:\/\/api.w.org\/{rel}","templated":true}]}}