{"id":9610,"date":"2019-10-28T13:57:55","date_gmt":"2019-10-28T12:57:55","guid":{"rendered":"http:\/\/sariki.adimedia.net\/about-sariki\/employment\/"},"modified":"2024-05-02T15:23:54","modified_gmt":"2024-05-02T13:23:54","slug":"job-vacancies","status":"publish","type":"page","link":"https:\/\/www.sariki.es\/en\/about-sariki\/job-vacancies\/","title":{"rendered":"Job vacancies"},"content":{"rendered":"\n\n\t\t<h1>\n\t\t\tJob vacancies\n\t\t<\/h1>\n\t\t<h2>\n\t\t\tOpportunities to work in Metrolog\u00eda Sariki\n\t\t<\/h2>\n\t<p>We are looking for talented and willing to work people! If you want to join a company where value is given to individuals and their professional projection, watch out for the jobs that we publish on the web.<\/p>\n<p>Even if there is no open selection process,  you can send your CV to <a href=\"mailto:sariki@sariki.es\">sariki@sariki.es<\/a><\/p>\n\t<p><strong>We currently have no job offers<\/strong><\/p>\n\n","protected":false},"excerpt":{"rendered":"<p>Job vacancies Opportunities to work in Metrolog\u00eda Sariki We are looking for talented and willing to work people! If you want to join a company where value is given to individuals and their professional projection, watch out for the jobs that we publish on the web. Even if there is no open selection process, you&hellip;<\/p>\n","protected":false},"author":1,"featured_media":0,"parent":9604,"menu_order":0,"comment_status":"closed","ping_status":"closed","template":"","meta":{"footnotes":""},"class_list":["post-9610","page","type-page","status-publish","hentry"],"yoast_head":"<!-- This site is optimized with the Yoast SEO Premium plugin v24.6 (Yoast SEO v24.6) - https:\/\/yoast.com\/wordpress\/plugins\/seo\/ -->\n<title>Job vacancies - Metrolog\u00eda Sariki - Industrial Metrology<\/title>\n<meta name=\"description\" content=\"Opportunities to work in Metrolog\u00eda Sariki. Meet the selection processes that we currently have open to work in Metrolog\u00eda Sariki.\" \/>\n<meta name=\"robots\" content=\"index, follow, max-snippet:-1, max-image-preview:large, max-video-preview:-1\" \/>\n<link rel=\"canonical\" href=\"https:\/\/www.sariki.es\/en\/about-sariki\/job-vacancies\/\" \/>\n<meta property=\"og:locale\" content=\"en_US\" \/>\n<meta property=\"og:type\" content=\"article\" \/>\n<meta property=\"og:title\" content=\"Job vacancies\" \/>\n<meta property=\"og:description\" content=\"Opportunities to work in Metrolog\u00eda Sariki. Meet the selection processes that we currently have open to work in Metrolog\u00eda Sariki.\" \/>\n<meta property=\"og:url\" content=\"https:\/\/www.sariki.es\/en\/about-sariki\/job-vacancies\/\" \/>\n<meta property=\"og:site_name\" content=\"Sariki - Metrolog\u00eda industrial\" \/>\n<meta property=\"article:publisher\" content=\"https:\/\/www.facebook.com\/MetrologiaSariki\" \/>\n<meta property=\"article:modified_time\" content=\"2024-05-02T13:23:54+00:00\" \/>\n<meta name=\"twitter:card\" content=\"summary_large_image\" \/>\n<meta name=\"twitter:site\" content=\"@sarikisa\" \/>\n<script type=\"application\/ld+json\" class=\"yoast-schema-graph\">{\"@context\":\"https:\/\/schema.org\",\"@graph\":[{\"@type\":\"WebPage\",\"@id\":\"https:\/\/www.sariki.es\/en\/about-sariki\/job-vacancies\/\",\"url\":\"https:\/\/www.sariki.es\/en\/about-sariki\/job-vacancies\/\",\"name\":\"Job vacancies - Metrolog\u00eda Sariki - Industrial Metrology\",\"isPartOf\":{\"@id\":\"https:\/\/www.sariki.es\/en\/#website\"},\"datePublished\":\"2019-10-28T12:57:55+00:00\",\"dateModified\":\"2024-05-02T13:23:54+00:00\",\"description\":\"Opportunities to work in Metrolog\u00eda Sariki. Meet the selection processes that we currently have open to work in Metrolog\u00eda Sariki.\",\"breadcrumb\":{\"@id\":\"https:\/\/www.sariki.es\/en\/about-sariki\/job-vacancies\/#breadcrumb\"},\"inLanguage\":\"en-US\",\"potentialAction\":[{\"@type\":\"ReadAction\",\"target\":[\"https:\/\/www.sariki.es\/en\/about-sariki\/job-vacancies\/\"]}]},{\"@type\":\"BreadcrumbList\",\"@id\":\"https:\/\/www.sariki.es\/en\/about-sariki\/job-vacancies\/#breadcrumb\",\"itemListElement\":[{\"@type\":\"ListItem\",\"position\":1,\"name\":\"Inicio\",\"item\":\"https:\/\/www.sariki.es\/en\/\"},{\"@type\":\"ListItem\",\"position\":2,\"name\":\"About Sariki\",\"item\":\"https:\/\/www.sariki.es\/en\/sobre-sariki\/\"},{\"@type\":\"ListItem\",\"position\":3,\"name\":\"Job vacancies\"}]},{\"@type\":\"WebSite\",\"@id\":\"https:\/\/www.sariki.es\/en\/#website\",\"url\":\"https:\/\/www.sariki.es\/en\/\",\"name\":\"Sariki - Metrolog\u00eda industrial\",\"description\":\"Metrolog\u00eda industrial en Gipuzkoa\",\"publisher\":{\"@id\":\"https:\/\/www.sariki.es\/en\/#organization\"},\"potentialAction\":[{\"@type\":\"SearchAction\",\"target\":{\"@type\":\"EntryPoint\",\"urlTemplate\":\"https:\/\/www.sariki.es\/en\/?s={search_term_string}\"},\"query-input\":{\"@type\":\"PropertyValueSpecification\",\"valueRequired\":true,\"valueName\":\"search_term_string\"}}],\"inLanguage\":\"en-US\"},{\"@type\":\"Organization\",\"@id\":\"https:\/\/www.sariki.es\/en\/#organization\",\"name\":\"Sariki - Soluciones de metrolog\u00eda\",\"url\":\"https:\/\/www.sariki.es\/en\/\",\"logo\":{\"@type\":\"ImageObject\",\"inLanguage\":\"en-US\",\"@id\":\"https:\/\/www.sariki.es\/en\/#\/schema\/logo\/image\/\",\"url\":\"\",\"contentUrl\":\"\",\"caption\":\"Sariki - Soluciones de metrolog\u00eda\"},\"image\":{\"@id\":\"https:\/\/www.sariki.es\/en\/#\/schema\/logo\/image\/\"},\"sameAs\":[\"https:\/\/www.facebook.com\/MetrologiaSariki\",\"https:\/\/x.com\/sarikisa\"]}]}<\/script>\n<!-- \/ Yoast SEO Premium plugin. -->","yoast_head_json":{"title":"Job vacancies - Metrolog\u00eda Sariki - Industrial Metrology","description":"Opportunities to work in Metrolog\u00eda Sariki. Meet the selection processes that we currently have open to work in Metrolog\u00eda Sariki.","robots":{"index":"index","follow":"follow","max-snippet":"max-snippet:-1","max-image-preview":"max-image-preview:large","max-video-preview":"max-video-preview:-1"},"canonical":"https:\/\/www.sariki.es\/en\/about-sariki\/job-vacancies\/","og_locale":"en_US","og_type":"article","og_title":"Job vacancies","og_description":"Opportunities to work in Metrolog\u00eda Sariki. Meet the selection processes that we currently have open to work in Metrolog\u00eda Sariki.","og_url":"https:\/\/www.sariki.es\/en\/about-sariki\/job-vacancies\/","og_site_name":"Sariki - Metrolog\u00eda industrial","article_publisher":"https:\/\/www.facebook.com\/MetrologiaSariki","article_modified_time":"2024-05-02T13:23:54+00:00","twitter_card":"summary_large_image","twitter_site":"@sarikisa","schema":{"@context":"https:\/\/schema.org","@graph":[{"@type":"WebPage","@id":"https:\/\/www.sariki.es\/en\/about-sariki\/job-vacancies\/","url":"https:\/\/www.sariki.es\/en\/about-sariki\/job-vacancies\/","name":"Job vacancies - Metrolog\u00eda Sariki - Industrial Metrology","isPartOf":{"@id":"https:\/\/www.sariki.es\/en\/#website"},"datePublished":"2019-10-28T12:57:55+00:00","dateModified":"2024-05-02T13:23:54+00:00","description":"Opportunities to work in Metrolog\u00eda Sariki. Meet the selection processes that we currently have open to work in Metrolog\u00eda Sariki.","breadcrumb":{"@id":"https:\/\/www.sariki.es\/en\/about-sariki\/job-vacancies\/#breadcrumb"},"inLanguage":"en-US","potentialAction":[{"@type":"ReadAction","target":["https:\/\/www.sariki.es\/en\/about-sariki\/job-vacancies\/"]}]},{"@type":"BreadcrumbList","@id":"https:\/\/www.sariki.es\/en\/about-sariki\/job-vacancies\/#breadcrumb","itemListElement":[{"@type":"ListItem","position":1,"name":"Inicio","item":"https:\/\/www.sariki.es\/en\/"},{"@type":"ListItem","position":2,"name":"About Sariki","item":"https:\/\/www.sariki.es\/en\/sobre-sariki\/"},{"@type":"ListItem","position":3,"name":"Job vacancies"}]},{"@type":"WebSite","@id":"https:\/\/www.sariki.es\/en\/#website","url":"https:\/\/www.sariki.es\/en\/","name":"Sariki - Metrolog\u00eda industrial","description":"Metrolog\u00eda industrial en Gipuzkoa","publisher":{"@id":"https:\/\/www.sariki.es\/en\/#organization"},"potentialAction":[{"@type":"SearchAction","target":{"@type":"EntryPoint","urlTemplate":"https:\/\/www.sariki.es\/en\/?s={search_term_string}"},"query-input":{"@type":"PropertyValueSpecification","valueRequired":true,"valueName":"search_term_string"}}],"inLanguage":"en-US"},{"@type":"Organization","@id":"https:\/\/www.sariki.es\/en\/#organization","name":"Sariki - Soluciones de metrolog\u00eda","url":"https:\/\/www.sariki.es\/en\/","logo":{"@type":"ImageObject","inLanguage":"en-US","@id":"https:\/\/www.sariki.es\/en\/#\/schema\/logo\/image\/","url":"","contentUrl":"","caption":"Sariki - Soluciones de metrolog\u00eda"},"image":{"@id":"https:\/\/www.sariki.es\/en\/#\/schema\/logo\/image\/"},"sameAs":["https:\/\/www.facebook.com\/MetrologiaSariki","https:\/\/x.com\/sarikisa"]}]}},"_links":{"self":[{"href":"https:\/\/www.sariki.es\/en\/wp-json\/wp\/v2\/pages\/9610","targetHints":{"allow":["GET"]}}],"collection":[{"href":"https:\/\/www.sariki.es\/en\/wp-json\/wp\/v2\/pages"}],"about":[{"href":"https:\/\/www.sariki.es\/en\/wp-json\/wp\/v2\/types\/page"}],"author":[{"embeddable":true,"href":"https:\/\/www.sariki.es\/en\/wp-json\/wp\/v2\/users\/1"}],"replies":[{"embeddable":true,"href":"https:\/\/www.sariki.es\/en\/wp-json\/wp\/v2\/comments?post=9610"}],"version-history":[{"count":3,"href":"https:\/\/www.sariki.es\/en\/wp-json\/wp\/v2\/pages\/9610\/revisions"}],"predecessor-version":[{"id":21554,"href":"https:\/\/www.sariki.es\/en\/wp-json\/wp\/v2\/pages\/9610\/revisions\/21554"}],"up":[{"embeddable":true,"href":"https:\/\/www.sariki.es\/en\/wp-json\/wp\/v2\/pages\/9604"}],"wp:attachment":[{"href":"https:\/\/www.sariki.es\/en\/wp-json\/wp\/v2\/media?parent=9610"}],"curies":[{"name":"wp","href":"https:\/\/api.w.org\/{rel}","templated":true}]}}