{"id":9510,"date":"2025-03-04T10:33:45","date_gmt":"2025-03-04T09:33:45","guid":{"rendered":"http:\/\/sariki.adimedia.net\/solutions\/in-line-3d-digitalization\/"},"modified":"2025-03-07T20:37:48","modified_gmt":"2025-03-07T19:37:48","slug":"in-process-3d-scanning-2","status":"publish","type":"page","link":"https:\/\/www.sariki.es\/en\/measuring-equipment\/in-process-3d-scanning-2\/","title":{"rendered":"In process 3D scanning"},"content":{"rendered":"\n\n\t\t<h1>\n\t\t\tIn process 3D scanning\n\t\t<\/h1>\n\t<p>We suggest you a solution for in process 3D scanning, carrying out <strong>fast and efficient contactless quality control for your productive process<\/strong>, by means of structured light technology.<\/p>\n<p><strong>A solution to satisfy mainly the requirements of the automotive sector, but also for its application in aeronautics.<\/strong><\/p>\n\t\t\t\t\t\t\t<img loading=\"lazy\" decoding=\"async\" src=\"https:\/\/host-ssl:8890\/sariki\/wp-content\/uploads\/2019\/07\/icono-portada-header.png\" alt=\"icono-portada-header\" width=\"42\" height=\"55\" \/>\n\t\t<h4>Solution developed by Sariki<\/h4>\n\t\t\t\t\t\t\t\t\t<img decoding=\"async\" src=\"https:\/\/host-ssl:8890\/sariki\/wp-content\/uploads\/2019\/10\/digitalizado-3d-en-linea-control-produccion.jpg\" alt=\"digitalizado-3d-en-linea-control-produccion\" itemprop=\"image\" srcset=\"https:\/\/www.sariki.es\/wp-content\/uploads\/2019\/10\/digitalizado-3d-en-linea-control-produccion.jpg 620w, https:\/\/www.sariki.es\/wp-content\/uploads\/2019\/10\/digitalizado-3d-en-linea-control-produccion-300x212.jpg 300w\" sizes=\"(max-width: 620px) 100vw, 620px\" title=\"digitalizado-3d-en-linea-control-produccion\" onerror=\"this.style.display='none'\"  \/>\n\t\t<h2>\n\t\t\tIn process 3D scanning technology\n\t\t<\/h2>\n\t<p>The measurement and verification are essential keys to guarantee the qualitative leap in terms of productivity and competitiveness level, that is why <strong>the integration of metrology in the production line is even more necessary, especially in sectors as strict as automotive and aeronautics.<\/strong><\/p>\n\t<p><strong>For the manufacturers is essential to have precise information for the decision making<\/strong>, and the requirements of measuring even more units, is propelling the <strong>verification of the 100% of the production<\/strong>.<\/p>\n\t<p><strong>To fulfill these necessities, cycle times need to be reduced notoriously<\/strong>, and the solution is the complete digitalization of the part, in the production line by structured light. Measuring in any position, capturing point clouds not only for dimensional inspection but also for reverse engineering.<\/p>\n\t<p><strong>Contactless quality controls capture detailed quality information easily interpretable with shorter measurement times<\/strong>. This way, you could move the dimensional control to the production area, without the necessity of advanced training for all the production workers.<\/p>\n\t\t\t\t\t\t\t\t\t<img decoding=\"async\" src=\"https:\/\/host-ssl:8890\/sariki\/wp-content\/uploads\/2019\/10\/digitalizado-3d-robotizado.jpg\" alt=\"digitalizado-3d-robotizado\" itemprop=\"image\" srcset=\"https:\/\/www.sariki.es\/wp-content\/uploads\/2019\/10\/digitalizado-3d-robotizado.jpg 620w, https:\/\/www.sariki.es\/wp-content\/uploads\/2019\/10\/digitalizado-3d-robotizado-300x169.jpg 300w\" sizes=\"(max-width: 620px) 100vw, 620px\" title=\"digitalizado-3d-robotizado\" onerror=\"this.style.display='none'\"  \/>\n\t\t\t\t\t\t\t\t\t<img decoding=\"async\" src=\"https:\/\/host-ssl:8890\/sariki\/wp-content\/uploads\/2019\/10\/escaner-3d-robotizado.jpg\" alt=\"escaner-3d-robotizado\" itemprop=\"image\" srcset=\"https:\/\/www.sariki.es\/wp-content\/uploads\/2019\/10\/escaner-3d-robotizado.jpg 620w, https:\/\/www.sariki.es\/wp-content\/uploads\/2019\/10\/escaner-3d-robotizado-300x222.jpg 300w\" sizes=\"(max-width: 620px) 100vw, 620px\" title=\"escaner-3d-robotizado\" onerror=\"this.style.display='none'\"  \/>\n\t\t<h2>\n\t\t\tBenefits\n\t\t<\/h2>\n\t\t\t\t\t\t\t<img loading=\"lazy\" decoding=\"async\" src=\"https:\/\/host-ssl:8890\/sariki\/wp-content\/uploads\/2019\/08\/icono-estrella.png\" alt=\"mapvision beneficios\" width=\"43\" height=\"39\" \/>\n\t\t\n\t\t\t<p>Achieve control and feedback in real time<\/p>\t\t\n\t\t\t\t\t\t\t<img loading=\"lazy\" decoding=\"async\" src=\"https:\/\/host-ssl:8890\/sariki\/wp-content\/uploads\/2019\/08\/icono-estrella.png\" alt=\"mapvision beneficios\" width=\"43\" height=\"39\" \/>\n\t\t\n\t\t\t<p>Decrease repetitions&#8217; number<\/p>\t\t\n\t\t\t\t\t\t\t<img loading=\"lazy\" decoding=\"async\" src=\"https:\/\/host-ssl:8890\/sariki\/wp-content\/uploads\/2019\/08\/icono-estrella.png\" alt=\"mapvision beneficios\" width=\"43\" height=\"39\" \/>\n\t\t\n\t\t\t<p>Redesign based on pure datum and traceable dimensions<\/p>\t\t\n\t\t\t\t\t\t\t<img loading=\"lazy\" decoding=\"async\" src=\"https:\/\/host-ssl:8890\/sariki\/wp-content\/uploads\/2019\/08\/icono-estrella.png\" alt=\"mapvision beneficios\" width=\"43\" height=\"39\" \/>\n\t\t\n\t\t\t<p>Take decisions at the speed that production demands<\/p>\t\t\n\t\t\t\t\t\t\t<img loading=\"lazy\" decoding=\"async\" src=\"https:\/\/host-ssl:8890\/sariki\/wp-content\/uploads\/2019\/08\/icono-estrella.png\" alt=\"mapvision beneficios\" width=\"43\" height=\"39\" \/>\n\t\t\n\t\t\t<p>Reduce costs and adjusted expiration dates<\/p>\t\t\n\t\t\t\t\t\t\t<img loading=\"lazy\" decoding=\"async\" src=\"https:\/\/host-ssl:8890\/sariki\/wp-content\/uploads\/2019\/08\/icono-estrella.png\" alt=\"mapvision beneficios\" width=\"43\" height=\"39\" \/>\n\t\t\n\t\t\t<p>Reduce scrap in case of error corrections<\/p>\t\t\n\t\t\t\t\t\t\t<img loading=\"lazy\" decoding=\"async\" src=\"https:\/\/host-ssl:8890\/sariki\/wp-content\/uploads\/2019\/08\/icono-estrella.png\" alt=\"mapvision beneficios\" width=\"43\" height=\"39\" \/>\n\t\t\n\t\t\t<p>Improve the productivity moving the quality control to the production plant<\/p>\t\t\n\t\t\t\t\t\t\t<img loading=\"lazy\" decoding=\"async\" src=\"https:\/\/host-ssl:8890\/sariki\/wp-content\/uploads\/2019\/08\/icono-estrella.png\" alt=\"mapvision beneficios\" width=\"43\" height=\"39\" \/>\n\t\t\n\t\t\t<p>Achieve the parts&#8217;s set of data of 100%, with more quantity of information<\/p>\t\t\n\t\t\t\t\t\t\t<img loading=\"lazy\" decoding=\"async\" src=\"https:\/\/host-ssl:8890\/sariki\/wp-content\/uploads\/2019\/08\/icono-estrella.png\" alt=\"mapvision beneficios\" width=\"43\" height=\"39\" \/>\n\t\t\n\t\t\t<p>Compare the measurements directly with the references, as well as achieving the graphics variations<\/p>\t\t\n\t\t<h3>\n\t\t\tIntegral project adapted to your needs\n\t\t<\/h3>\n\t\n\n<p>We offer an integral solution, adapted to your needs. The experience tells us that the collaboration with the client is the basis of success in this type of projects and that is the reason why <strong>we work jointly from the beginning, to identify which are the principal requirements and suggest the best solution.<\/strong><\/p>\n<p>We accompany you throughout the life of the project: project definition, installation, training, programming, user support and technical assistance. <strong>Sariki is made up of 60 highly specialized people with more than 35 years of experience in the metrology sector.<\/strong><\/p>\n\n\n\t\t<h4>We accompany you throughout the project life<\/h4>\n\t\t\t\t\t\t<a href=\"https:\/\/host-ssl:8890\/sariki\/en\/advice-request\/\" target=\"_self\" aria-label=\"\">\n\t\t\t\t\t\t\t<img loading=\"lazy\" decoding=\"async\" src=\"https:\/\/host-ssl:8890\/sariki\/wp-content\/uploads\/2019\/09\/quiero-asesoramiento-icono.png\" alt=\"quiero-asesoramiento-icono\" width=\"201\" height=\"201\" \/>\n\t\t\t\t\t\t<\/a>\n\t\t\n\t\t\t\t<a href=\"https:\/\/host-ssl:8890\/sariki\/en\/advice-request\/\" role=\"button\" target=\"_self\">\n\t\t\t\t\t\t\t\t\t\tI want advice\t\t\t\t\t\t\t\t\t<\/a>\n\t\t<h2>\n\t\t\tGet to know our in process 3D scanning solutions\n\t\t<\/h2>\n\t\t\t\t\t\t\t<img loading=\"lazy\" decoding=\"async\" src=\"https:\/\/host-ssl:8890\/sariki\/wp-content\/uploads\/2019\/10\/metrologia-soluciones-inspeccion-1.jpg\" alt=\"metrologia-soluciones-inspeccion-1\" width=\"400\" height=\"280\" \/>\n\t\t\n\t\t\t<p>Robotic structured light solution for in process inspection<\/p>\t\t\n\t\t\t<a href=\"https:\/\/host-ssl:8890\/sariki\/en\/measuring-equipment\/in-process-3d-scanning\/sk-cell\/\" title=\"Click Here\" target=\"_self\"   role=\"button\" aria-label=\"SK\/cell\">\n\t\t\t\t\t\t\tSK\/cell\n\t\t<\/a>\n\t\t\t\t\t\t\t<img loading=\"lazy\" decoding=\"async\" src=\"https:\/\/host-ssl:8890\/sariki\/wp-content\/uploads\/2020\/03\/CMRobot-digitalizado-3d-con-robot-1.jpg\" alt=\"CMRobot-digitalizado-3d-con-robot\" width=\"620\" height=\"424\" \/>\n\t\t\n\t\t\t<p>Robotic laser scanner solution for in process inspection<\/p>\t\t\n\t\t\t<a href=\"https:\/\/host-ssl:8890\/sariki\/en\/measuring-equipment\/in-process-3d-scanning\/cmrobot\/\" title=\"Click Here\" target=\"_self\"   role=\"button\" aria-label=\"CMRobot\">\n\t\t\t\t\t\t\tCMRobot\n\t\t<\/a>\n\t\t<h2>\n\t\t\tDo you need more info?\n\t\t<\/h2>\n\n","protected":false},"excerpt":{"rendered":"<p>In process 3D scanning We suggest you a solution for in process 3D scanning, carrying out fast and efficient contactless quality control for your productive process, by means of structured light technology. A solution to satisfy mainly the requirements of the automotive sector, but also for its application in aeronautics. Solution developed by Sariki In&hellip;<\/p>\n","protected":false},"author":1,"featured_media":0,"parent":9538,"menu_order":0,"comment_status":"closed","ping_status":"closed","template":"","meta":{"footnotes":""},"class_list":["post-9510","page","type-page","status-publish","hentry"],"yoast_head":"<!-- This site is optimized with the Yoast SEO Premium plugin v24.6 (Yoast SEO v24.6) - https:\/\/yoast.com\/wordpress\/plugins\/seo\/ -->\n<title>Sariki - Metrolog\u00eda industrial - In process 3D scanning<\/title>\n<meta name=\"description\" content=\"Te proponemos una soluci\u00f3n para el digitalizado 3D en l\u00ednea, realizando control de calidad sin contacto r\u00e1pido y eficiente para tu proceso productivo.\" \/>\n<meta name=\"robots\" content=\"index, follow, max-snippet:-1, max-image-preview:large, max-video-preview:-1\" \/>\n<link rel=\"canonical\" href=\"https:\/\/www.sariki.es\/en\/measuring-equipment\/in-process-3d-scanning-2\/\" \/>\n<meta property=\"og:locale\" content=\"en_US\" \/>\n<meta property=\"og:type\" content=\"article\" \/>\n<meta property=\"og:title\" content=\"In process 3D scanning\" \/>\n<meta property=\"og:description\" content=\"Te proponemos una soluci\u00f3n para el digitalizado 3D en l\u00ednea, realizando control de calidad sin contacto r\u00e1pido y eficiente para tu proceso productivo.\" \/>\n<meta property=\"og:url\" content=\"https:\/\/www.sariki.es\/en\/measuring-equipment\/in-process-3d-scanning-2\/\" \/>\n<meta property=\"og:site_name\" content=\"Sariki - Metrolog\u00eda industrial\" \/>\n<meta property=\"article:publisher\" content=\"https:\/\/www.facebook.com\/MetrologiaSariki\" \/>\n<meta property=\"article:modified_time\" content=\"2025-03-07T19:37:48+00:00\" \/>\n<meta property=\"og:image\" content=\"https:\/\/host-ssl:8890\/sariki\/wp-content\/uploads\/2019\/07\/icono-portada-header.png\" \/>\n<meta name=\"twitter:card\" content=\"summary_large_image\" \/>\n<meta name=\"twitter:site\" content=\"@sarikisa\" \/>\n<meta name=\"twitter:label1\" content=\"Est. reading time\" \/>\n\t<meta name=\"twitter:data1\" content=\"8 minutes\" \/>\n<script type=\"application\/ld+json\" class=\"yoast-schema-graph\">{\"@context\":\"https:\/\/schema.org\",\"@graph\":[{\"@type\":\"WebPage\",\"@id\":\"https:\/\/www.sariki.es\/en\/measuring-equipment\/in-process-3d-scanning-2\/\",\"url\":\"https:\/\/www.sariki.es\/en\/measuring-equipment\/in-process-3d-scanning-2\/\",\"name\":\"Sariki - Metrolog\u00eda industrial - In process 3D scanning\",\"isPartOf\":{\"@id\":\"https:\/\/www.sariki.es\/en\/#website\"},\"primaryImageOfPage\":{\"@id\":\"https:\/\/www.sariki.es\/en\/measuring-equipment\/in-process-3d-scanning-2\/#primaryimage\"},\"image\":{\"@id\":\"https:\/\/www.sariki.es\/en\/measuring-equipment\/in-process-3d-scanning-2\/#primaryimage\"},\"thumbnailUrl\":\"https:\/\/host-ssl:8890\/sariki\/wp-content\/uploads\/2019\/07\/icono-portada-header.png\",\"datePublished\":\"2025-03-04T09:33:45+00:00\",\"dateModified\":\"2025-03-07T19:37:48+00:00\",\"description\":\"Te proponemos una soluci\u00f3n para el digitalizado 3D en l\u00ednea, realizando control de calidad sin contacto r\u00e1pido y eficiente para tu proceso productivo.\",\"breadcrumb\":{\"@id\":\"https:\/\/www.sariki.es\/en\/measuring-equipment\/in-process-3d-scanning-2\/#breadcrumb\"},\"inLanguage\":\"en-US\",\"potentialAction\":[{\"@type\":\"ReadAction\",\"target\":[\"https:\/\/www.sariki.es\/en\/measuring-equipment\/in-process-3d-scanning-2\/\"]}]},{\"@type\":\"ImageObject\",\"inLanguage\":\"en-US\",\"@id\":\"https:\/\/www.sariki.es\/en\/measuring-equipment\/in-process-3d-scanning-2\/#primaryimage\",\"url\":\"https:\/\/host-ssl:8890\/sariki\/wp-content\/uploads\/2019\/07\/icono-portada-header.png\",\"contentUrl\":\"https:\/\/host-ssl:8890\/sariki\/wp-content\/uploads\/2019\/07\/icono-portada-header.png\"},{\"@type\":\"BreadcrumbList\",\"@id\":\"https:\/\/www.sariki.es\/en\/measuring-equipment\/in-process-3d-scanning-2\/#breadcrumb\",\"itemListElement\":[{\"@type\":\"ListItem\",\"position\":1,\"name\":\"Inicio\",\"item\":\"https:\/\/www.sariki.es\/en\/\"},{\"@type\":\"ListItem\",\"position\":2,\"name\":\"Measuring equipment\",\"item\":\"https:\/\/www.sariki.es\/en\/equipos-de-medicion\/\"},{\"@type\":\"ListItem\",\"position\":3,\"name\":\"In process 3D scanning\"}]},{\"@type\":\"WebSite\",\"@id\":\"https:\/\/www.sariki.es\/en\/#website\",\"url\":\"https:\/\/www.sariki.es\/en\/\",\"name\":\"Sariki - Metrolog\u00eda industrial\",\"description\":\"Metrolog\u00eda industrial en Gipuzkoa\",\"publisher\":{\"@id\":\"https:\/\/www.sariki.es\/en\/#organization\"},\"potentialAction\":[{\"@type\":\"SearchAction\",\"target\":{\"@type\":\"EntryPoint\",\"urlTemplate\":\"https:\/\/www.sariki.es\/en\/?s={search_term_string}\"},\"query-input\":{\"@type\":\"PropertyValueSpecification\",\"valueRequired\":true,\"valueName\":\"search_term_string\"}}],\"inLanguage\":\"en-US\"},{\"@type\":\"Organization\",\"@id\":\"https:\/\/www.sariki.es\/en\/#organization\",\"name\":\"Sariki - Soluciones de metrolog\u00eda\",\"url\":\"https:\/\/www.sariki.es\/en\/\",\"logo\":{\"@type\":\"ImageObject\",\"inLanguage\":\"en-US\",\"@id\":\"https:\/\/www.sariki.es\/en\/#\/schema\/logo\/image\/\",\"url\":\"\",\"contentUrl\":\"\",\"caption\":\"Sariki - Soluciones de metrolog\u00eda\"},\"image\":{\"@id\":\"https:\/\/www.sariki.es\/en\/#\/schema\/logo\/image\/\"},\"sameAs\":[\"https:\/\/www.facebook.com\/MetrologiaSariki\",\"https:\/\/x.com\/sarikisa\"]}]}<\/script>\n<!-- \/ Yoast SEO Premium plugin. -->","yoast_head_json":{"title":"Sariki - Metrolog\u00eda industrial - In process 3D scanning","description":"Te proponemos una soluci\u00f3n para el digitalizado 3D en l\u00ednea, realizando control de calidad sin contacto r\u00e1pido y eficiente para tu proceso productivo.","robots":{"index":"index","follow":"follow","max-snippet":"max-snippet:-1","max-image-preview":"max-image-preview:large","max-video-preview":"max-video-preview:-1"},"canonical":"https:\/\/www.sariki.es\/en\/measuring-equipment\/in-process-3d-scanning-2\/","og_locale":"en_US","og_type":"article","og_title":"In process 3D scanning","og_description":"Te proponemos una soluci\u00f3n para el digitalizado 3D en l\u00ednea, realizando control de calidad sin contacto r\u00e1pido y eficiente para tu proceso productivo.","og_url":"https:\/\/www.sariki.es\/en\/measuring-equipment\/in-process-3d-scanning-2\/","og_site_name":"Sariki - Metrolog\u00eda industrial","article_publisher":"https:\/\/www.facebook.com\/MetrologiaSariki","article_modified_time":"2025-03-07T19:37:48+00:00","og_image":[{"url":"https:\/\/host-ssl:8890\/sariki\/wp-content\/uploads\/2019\/07\/icono-portada-header.png","type":"","width":"","height":""}],"twitter_card":"summary_large_image","twitter_site":"@sarikisa","twitter_misc":{"Est. reading time":"8 minutes"},"schema":{"@context":"https:\/\/schema.org","@graph":[{"@type":"WebPage","@id":"https:\/\/www.sariki.es\/en\/measuring-equipment\/in-process-3d-scanning-2\/","url":"https:\/\/www.sariki.es\/en\/measuring-equipment\/in-process-3d-scanning-2\/","name":"Sariki - Metrolog\u00eda industrial - In process 3D scanning","isPartOf":{"@id":"https:\/\/www.sariki.es\/en\/#website"},"primaryImageOfPage":{"@id":"https:\/\/www.sariki.es\/en\/measuring-equipment\/in-process-3d-scanning-2\/#primaryimage"},"image":{"@id":"https:\/\/www.sariki.es\/en\/measuring-equipment\/in-process-3d-scanning-2\/#primaryimage"},"thumbnailUrl":"https:\/\/host-ssl:8890\/sariki\/wp-content\/uploads\/2019\/07\/icono-portada-header.png","datePublished":"2025-03-04T09:33:45+00:00","dateModified":"2025-03-07T19:37:48+00:00","description":"Te proponemos una soluci\u00f3n para el digitalizado 3D en l\u00ednea, realizando control de calidad sin contacto r\u00e1pido y eficiente para tu proceso productivo.","breadcrumb":{"@id":"https:\/\/www.sariki.es\/en\/measuring-equipment\/in-process-3d-scanning-2\/#breadcrumb"},"inLanguage":"en-US","potentialAction":[{"@type":"ReadAction","target":["https:\/\/www.sariki.es\/en\/measuring-equipment\/in-process-3d-scanning-2\/"]}]},{"@type":"ImageObject","inLanguage":"en-US","@id":"https:\/\/www.sariki.es\/en\/measuring-equipment\/in-process-3d-scanning-2\/#primaryimage","url":"https:\/\/host-ssl:8890\/sariki\/wp-content\/uploads\/2019\/07\/icono-portada-header.png","contentUrl":"https:\/\/host-ssl:8890\/sariki\/wp-content\/uploads\/2019\/07\/icono-portada-header.png"},{"@type":"BreadcrumbList","@id":"https:\/\/www.sariki.es\/en\/measuring-equipment\/in-process-3d-scanning-2\/#breadcrumb","itemListElement":[{"@type":"ListItem","position":1,"name":"Inicio","item":"https:\/\/www.sariki.es\/en\/"},{"@type":"ListItem","position":2,"name":"Measuring equipment","item":"https:\/\/www.sariki.es\/en\/equipos-de-medicion\/"},{"@type":"ListItem","position":3,"name":"In process 3D scanning"}]},{"@type":"WebSite","@id":"https:\/\/www.sariki.es\/en\/#website","url":"https:\/\/www.sariki.es\/en\/","name":"Sariki - Metrolog\u00eda industrial","description":"Metrolog\u00eda industrial en Gipuzkoa","publisher":{"@id":"https:\/\/www.sariki.es\/en\/#organization"},"potentialAction":[{"@type":"SearchAction","target":{"@type":"EntryPoint","urlTemplate":"https:\/\/www.sariki.es\/en\/?s={search_term_string}"},"query-input":{"@type":"PropertyValueSpecification","valueRequired":true,"valueName":"search_term_string"}}],"inLanguage":"en-US"},{"@type":"Organization","@id":"https:\/\/www.sariki.es\/en\/#organization","name":"Sariki - Soluciones de metrolog\u00eda","url":"https:\/\/www.sariki.es\/en\/","logo":{"@type":"ImageObject","inLanguage":"en-US","@id":"https:\/\/www.sariki.es\/en\/#\/schema\/logo\/image\/","url":"","contentUrl":"","caption":"Sariki - Soluciones de metrolog\u00eda"},"image":{"@id":"https:\/\/www.sariki.es\/en\/#\/schema\/logo\/image\/"},"sameAs":["https:\/\/www.facebook.com\/MetrologiaSariki","https:\/\/x.com\/sarikisa"]}]}},"_links":{"self":[{"href":"https:\/\/www.sariki.es\/en\/wp-json\/wp\/v2\/pages\/9510","targetHints":{"allow":["GET"]}}],"collection":[{"href":"https:\/\/www.sariki.es\/en\/wp-json\/wp\/v2\/pages"}],"about":[{"href":"https:\/\/www.sariki.es\/en\/wp-json\/wp\/v2\/types\/page"}],"author":[{"embeddable":true,"href":"https:\/\/www.sariki.es\/en\/wp-json\/wp\/v2\/users\/1"}],"replies":[{"embeddable":true,"href":"https:\/\/www.sariki.es\/en\/wp-json\/wp\/v2\/comments?post=9510"}],"version-history":[{"count":2,"href":"https:\/\/www.sariki.es\/en\/wp-json\/wp\/v2\/pages\/9510\/revisions"}],"predecessor-version":[{"id":23451,"href":"https:\/\/www.sariki.es\/en\/wp-json\/wp\/v2\/pages\/9510\/revisions\/23451"}],"up":[{"embeddable":true,"href":"https:\/\/www.sariki.es\/en\/wp-json\/wp\/v2\/pages\/9538"}],"wp:attachment":[{"href":"https:\/\/www.sariki.es\/en\/wp-json\/wp\/v2\/media?parent=9510"}],"curies":[{"name":"wp","href":"https:\/\/api.w.org\/{rel}","templated":true}]}}