{"id":25738,"date":"2026-05-05T11:54:40","date_gmt":"2026-05-05T09:54:40","guid":{"rendered":"https:\/\/www.sariki.es\/?page_id=25738"},"modified":"2026-05-05T12:03:30","modified_gmt":"2026-05-05T10:03:30","slug":"special-measuring-devices","status":"publish","type":"page","link":"https:\/\/www.sariki.es\/en\/measuring-equipment\/special-measuring-devices\/","title":{"rendered":"Special measuring devices"},"content":{"rendered":"\n\n\t\t<h1>\n\t\t\tSpecial measuring devices\n\t\t<\/h1>\n\t<p>We offer advanced solutions for the <strong>development and manufacture of special measuring machines<\/strong>, ranging from manual stations to <strong>fully automated lines.<\/strong><\/p>\n<p>We provide robust and precise measurement systems tailored to demanding industrial environments, designed to maximize productivity and quality control in critical processes.<\/p>\n\t\t\t\t\t\t\t<img loading=\"lazy\" decoding=\"async\" src=\"https:\/\/www.sariki.es\/wp-content\/uploads\/2019\/07\/icono-portada-header.png\" alt=\"icono-portada-header\" width=\"42\" height=\"55\" \/>\n\t\t\t\t\t\t<h4>Sariki is the official distributor of PHILIPP HAFNER for Spain and Portugal.<\/h4>\t\t\t\t\t\n\t\t\t\t\t\t\t\t\t<img loading=\"lazy\" decoding=\"async\" src=\"https:\/\/www.sariki.es\/wp-content\/uploads\/2026\/05\/csm_Maschine_Kolben_85b0a108eb.jpg\" alt=\"csm_Maschine_Kolben_85b0a108eb\" itemprop=\"image\" height=\"395\" width=\"600\" srcset=\"https:\/\/www.sariki.es\/wp-content\/uploads\/2026\/05\/csm_Maschine_Kolben_85b0a108eb.jpg 600w, https:\/\/www.sariki.es\/wp-content\/uploads\/2026\/05\/csm_Maschine_Kolben_85b0a108eb-300x198.jpg 300w\" sizes=\"auto, (max-width: 600px) 100vw, 600px\" title=\"csm_Maschine_Kolben_85b0a108eb\" onerror=\"this.style.display='none'\"  \/>\n\t\t<h2>\n\t\t\tAdvanced industrial measurement solutions\n\t\t<\/h2>\n\t<p>We develop and manufacture of <strong>special measuring devices<\/strong> for the following workpiece categories:<\/p>\n<ul>\n<li><strong>constant velocity joints<\/strong><\/li>\n<li><strong>transmission parts<\/strong><\/li>\n<li><strong>axel and steering parts<\/strong><\/li>\n<li><strong>engine parts<\/strong><\/li>\n<li><strong>wheels\/rims<\/strong><\/li>\n<li><strong>aluminum parts<\/strong><\/li>\n<li><strong>Other industrial samples<\/strong><\/li>\n<\/ul>\n<h2>\n\t\t\tconstant velocity joints\t<\/h2>\n\t<p>We supply measuring instruments and machines for the following components:<\/p>\n<ul>\n<li>joint housing<\/li>\n<li>ball bearing cages<\/li>\n<li>inner race<\/li>\n<\/ul>\n<h2>\n\t\t\ttransmission parts\t<\/h2>\n\t<p>We supply measuring instruments and machines for the following components:<\/p>\n<ul>\n<li>transmission housing<\/li>\n<li>shafts<\/li>\n<li>gears<\/li>\n<li>switching groups<\/li>\n<li>CVT transmission parts<\/li>\n<li>synchronizer rings<\/li>\n<li>and other transmission parts<\/li>\n<\/ul>\n<h2>\n\t\t\taxel and steering parts\t<\/h2>\n\tWe supply measuring instruments and machines for the following components:\n<ul>\n<li>wheel carrier\/steering knuckles<\/li>\n<li>wheel flanges<\/li>\n<li>brake discs<\/li>\n<li>brake drums<\/li>\n<li>struts<\/li>\n<li>steering gear housings<\/li>\n<li>racks<\/li>\n<li>axle housings<\/li>\n<li>bevel drive pinions<\/li>\n<li>differential transmissions and their parts<\/li>\n<\/ul>\n<h2>\n\t\t\tengine parts\t<\/h2>\n\t<p>We supply measuring instruments and machines for the following components:<\/p>\n<ul>\n<li>cylinder heads<\/li>\n<li>engine block and crankcases<\/li>\n<li>camshafts<\/li>\n<li>con rods<\/li>\n<li>crankshafts<\/li>\n<li>and other parts<\/li>\n<\/ul>\n<h2>\n\t\t\twheels\/rims\t<\/h2>\n\t<p>We supply measuring instruments and machines for wheels\/rims. These include, among others:<\/p>\n<ul>\n<li>steel rims<\/li>\n<li>aluminum rims<\/li>\n<li>truck rims<\/li>\n<\/ul>\n<h2>\n\t\t\tFlexible piston measuring and assembly line\t<\/h2>\n\t<p>La l\u00ednea flexible de medici\u00f3n y ensamblaje de pistones cubre todas las tareas habituales de medici\u00f3n, inspecci\u00f3n y montaje en una \u00fanica soluci\u00f3n integrada.<\/p>\n<p>Measuring offset of the pin boss<\/p>\n<ul>\n<li>compression height<\/li>\n<li>bowl depth<\/li>\n<li>diameters of the piston DN to D4<\/li>\n<li>diameters of the pin boss<\/li>\n<li>weight<\/li>\n<li>ovality<\/li>\n<li>perpendicularity<\/li>\n<li>twist of the ovality<\/li>\n<li>piston crown<\/li>\n<li>piston skirt \/ shaft<\/li>\n<\/ul>\n<p>Assembly<\/p>\n<ul>\n<li>pin<\/li>\n<li>circlip<\/li>\n<li>piston rings and spacer expander<\/li>\n<li>cover plates<\/li>\n<\/ul>\n<p>Check<\/p>\n<ul>\n<li>detect chips<\/li>\n<li>surface damages<\/li>\n<li>contour accuracy<\/li>\n<li>coating quality<\/li>\n<li>positional orientation<\/li>\n<li>ultrasound<\/li>\n<li>eddy current<\/li>\n<\/ul>\n<p>Mark<\/p>\n<ul>\n<li>Laser<\/li>\n<li>ink<\/li>\n<\/ul>\n<h2>\n\t\t\tMore components\t<\/h2>\n\t<p>We also supply measuring instruments and machines for the following components:<\/p>\n<ul>\n<li>housing<\/li>\n<li>ball bearing (assembly)<\/li>\n<li>linear guide<\/li>\n<li>components for electric motors<\/li>\n<\/ul>\n\t\t<iframe loading=\"lazy\" width=\"560\" height=\"315\" src=\"https:\/\/www.youtube.com\/embed\/GfuLCxEXzKM?si=1eSOz0O4jrUCyOwu\" title=\"YouTube video player\" frameborder=\"0\" allow=\"accelerometer; autoplay; clipboard-write; encrypted-media; gyroscope; picture-in-picture; web-share\" referrerpolicy=\"strict-origin-when-cross-origin\" allowfullscreen><\/iframe>\t\n\t\t\t\t\t\t\t\t\t<img loading=\"lazy\" decoding=\"async\" src=\"https:\/\/www.sariki.es\/wp-content\/uploads\/2026\/05\/philipp_hafner_de_mexico_cover.jpg\" alt=\"philipp_hafner_de_mexico_cover\" itemprop=\"image\" height=\"798\" width=\"1200\" srcset=\"https:\/\/www.sariki.es\/wp-content\/uploads\/2026\/05\/philipp_hafner_de_mexico_cover.jpg 1200w, https:\/\/www.sariki.es\/wp-content\/uploads\/2026\/05\/philipp_hafner_de_mexico_cover-300x200.jpg 300w, https:\/\/www.sariki.es\/wp-content\/uploads\/2026\/05\/philipp_hafner_de_mexico_cover-1024x681.jpg 1024w, https:\/\/www.sariki.es\/wp-content\/uploads\/2026\/05\/philipp_hafner_de_mexico_cover-768x511.jpg 768w, https:\/\/www.sariki.es\/wp-content\/uploads\/2026\/05\/philipp_hafner_de_mexico_cover-375x250.jpg 375w\" sizes=\"auto, (max-width: 1200px) 100vw, 1200px\" title=\"philipp_hafner_de_mexico_cover\" onerror=\"this.style.display='none'\"  \/>\n\t\t\t\t\t\t\t\t\t<img loading=\"lazy\" decoding=\"async\" src=\"https:\/\/www.sariki.es\/wp-content\/uploads\/2026\/05\/1768298052896.jpg\" alt=\"1768298052896\" itemprop=\"image\" height=\"1421\" width=\"800\" srcset=\"https:\/\/www.sariki.es\/wp-content\/uploads\/2026\/05\/1768298052896.jpg 800w, https:\/\/www.sariki.es\/wp-content\/uploads\/2026\/05\/1768298052896-169x300.jpg 169w, https:\/\/www.sariki.es\/wp-content\/uploads\/2026\/05\/1768298052896-576x1024.jpg 576w, https:\/\/www.sariki.es\/wp-content\/uploads\/2026\/05\/1768298052896-768x1364.jpg 768w\" sizes=\"auto, (max-width: 800px) 100vw, 800px\" title=\"1768298052896\" onerror=\"this.style.display='none'\"  \/>\n\t\t\t\t\t\t\t<img loading=\"lazy\" decoding=\"async\" src=\"https:\/\/www.sariki.es\/wp-content\/uploads\/2019\/09\/quiero-presupuesto-icono.png\" alt=\"quiero-presupuesto-icono\" width=\"201\" height=\"201\" \/>\n\t\t\t\t\t\t\t\t\t\t\t\n\t\t\t<a href=\"https:\/\/www.sariki.es\/en\/i-want-a-quote\/\" title=\"Click Here\" target=\"_self\"   role=\"button\" aria-label=\"I want a quote\">\n\t\t\t\t\t\t\tI want a quote\n\t\t<\/a>\n\t\t\t\t\t\t\t<img loading=\"lazy\" decoding=\"async\" src=\"https:\/\/www.sariki.es\/wp-content\/uploads\/2019\/09\/descargar-catalogo-icono.png\" alt=\"descargar-catalogo-icono\" width=\"201\" height=\"201\" \/>\n\t\t\t\t\t\t\t\t\t\t\t\n\t\t\t<a href=\"#\" title=\"Click Here\" target=\"_self\"   role=\"button\" aria-label=\"Download catalog\">\n\t\t\t\t\t\t\tDownload catalog\n\t\t<\/a>\n\t\t<h3>\n\t\t\tA comprehensive project tailored to your needs\n\t\t<\/h3>\n\t<p>We offer an integral solution, adapted to your needs. The experience tells us that the <strong>collaboration with the client <\/strong>is the basis of success in this type of projects and that is the reason why <strong>we work jointly from the beginning, to identify which are the principal requirements and suggest the best solution.<\/strong><\/p>\n<strong>We support you throughout the entire project lifecycle:<\/strong> project definition, installation, training, programming, user support, and technical assistance. Sariki is made up of a team of 60 highly specialized professionals with more than 35 years of experience in the metrology sector.<strong><br \/>\n<\/strong>\n\t\t\t\t\t\t<h4>We support you throughout the entire project lifecycle.<\/h4>\t\t\t\t\t\n\t\t\t\t\t\t<a href=\"https:\/\/www.sariki.es\/en\/advice-request\/\" target=\"_self\" aria-label=\"\">\n\t\t\t\t\t\t\t<img loading=\"lazy\" decoding=\"async\" src=\"https:\/\/www.sariki.es\/wp-content\/uploads\/2019\/09\/quiero-asesoramiento-icono.png\" alt=\"quiero-asesoramiento-icono\" width=\"201\" height=\"201\" \/>\n\t\t\t\t\t\t<\/a>\n\t\t\t\t\t\t\t\t\t\t\t\n\t\t\t\t<a href=\"https:\/\/www.sariki.es\/en\/advice-request\/\" role=\"button\" target=\"_self\">\n\t\t\t\t\t\t\t\t\t\tI want advise\n\t\t\t\t\t\t\t\t\t<\/a>\n\t\t<h2>\n\t\t\tDo you need more info?\n\t\t<\/h2>\n\n","protected":false},"excerpt":{"rendered":"<p>Special measuring devices We offer advanced solutions for the development and manufacture of special measuring machines, ranging from manual stations to fully automated lines. We provide robust and precise measurement systems tailored to demanding industrial environments, designed to maximize productivity and quality control in critical processes. Sariki is the official distributor of PHILIPP HAFNER for&hellip;<\/p>\n","protected":false},"author":6,"featured_media":0,"parent":9538,"menu_order":0,"comment_status":"closed","ping_status":"closed","template":"","meta":{"footnotes":""},"class_list":["post-25738","page","type-page","status-publish","hentry"],"yoast_head":"<!-- This site is optimized with the Yoast SEO Premium plugin v24.6 (Yoast SEO v24.6) - https:\/\/yoast.com\/wordpress\/plugins\/seo\/ -->\n<title>Sariki - Metrolog\u00eda industrial - Special measuring machines<\/title>\n<meta name=\"description\" content=\"Special machines: our product range covers everything from manual measuring stations to fully automated measuring machines\" \/>\n<meta name=\"robots\" content=\"index, follow, max-snippet:-1, max-image-preview:large, max-video-preview:-1\" \/>\n<link rel=\"canonical\" href=\"https:\/\/www.sariki.es\/en\/measuring-equipment\/special-measuring-devices\/\" \/>\n<meta property=\"og:locale\" content=\"en_US\" \/>\n<meta property=\"og:type\" content=\"article\" \/>\n<meta property=\"og:title\" content=\"Special measuring devices\" \/>\n<meta property=\"og:description\" content=\"Special machines: our product range covers everything from manual measuring stations to fully automated measuring machines\" \/>\n<meta property=\"og:url\" content=\"https:\/\/www.sariki.es\/en\/measuring-equipment\/special-measuring-devices\/\" \/>\n<meta property=\"og:site_name\" content=\"Sariki - Metrolog\u00eda industrial\" \/>\n<meta property=\"article:publisher\" content=\"https:\/\/www.facebook.com\/MetrologiaSariki\" \/>\n<meta property=\"article:modified_time\" content=\"2026-05-05T10:03:30+00:00\" \/>\n<meta property=\"og:image\" content=\"https:\/\/www.sariki.es\/wp-content\/uploads\/2019\/07\/icono-portada-header.png\" \/>\n<meta name=\"twitter:card\" content=\"summary_large_image\" \/>\n<meta name=\"twitter:site\" content=\"@sarikisa\" \/>\n<meta name=\"twitter:label1\" content=\"Est. reading time\" \/>\n\t<meta name=\"twitter:data1\" content=\"2 minutes\" \/>\n<script type=\"application\/ld+json\" class=\"yoast-schema-graph\">{\"@context\":\"https:\/\/schema.org\",\"@graph\":[{\"@type\":\"WebPage\",\"@id\":\"https:\/\/www.sariki.es\/en\/measuring-equipment\/special-measuring-devices\/\",\"url\":\"https:\/\/www.sariki.es\/en\/measuring-equipment\/special-measuring-devices\/\",\"name\":\"Sariki - Metrolog\u00eda industrial - Special measuring machines\",\"isPartOf\":{\"@id\":\"https:\/\/www.sariki.es\/en\/#website\"},\"primaryImageOfPage\":{\"@id\":\"https:\/\/www.sariki.es\/en\/measuring-equipment\/special-measuring-devices\/#primaryimage\"},\"image\":{\"@id\":\"https:\/\/www.sariki.es\/en\/measuring-equipment\/special-measuring-devices\/#primaryimage\"},\"thumbnailUrl\":\"https:\/\/www.sariki.es\/wp-content\/uploads\/2019\/07\/icono-portada-header.png\",\"datePublished\":\"2026-05-05T09:54:40+00:00\",\"dateModified\":\"2026-05-05T10:03:30+00:00\",\"description\":\"Special machines: our product range covers everything from manual measuring stations to fully automated measuring machines\",\"breadcrumb\":{\"@id\":\"https:\/\/www.sariki.es\/en\/measuring-equipment\/special-measuring-devices\/#breadcrumb\"},\"inLanguage\":\"en-US\",\"potentialAction\":[{\"@type\":\"ReadAction\",\"target\":[\"https:\/\/www.sariki.es\/en\/measuring-equipment\/special-measuring-devices\/\"]}]},{\"@type\":\"ImageObject\",\"inLanguage\":\"en-US\",\"@id\":\"https:\/\/www.sariki.es\/en\/measuring-equipment\/special-measuring-devices\/#primaryimage\",\"url\":\"https:\/\/www.sariki.es\/wp-content\/uploads\/2019\/07\/icono-portada-header.png\",\"contentUrl\":\"https:\/\/www.sariki.es\/wp-content\/uploads\/2019\/07\/icono-portada-header.png\"},{\"@type\":\"BreadcrumbList\",\"@id\":\"https:\/\/www.sariki.es\/en\/measuring-equipment\/special-measuring-devices\/#breadcrumb\",\"itemListElement\":[{\"@type\":\"ListItem\",\"position\":1,\"name\":\"Inicio\",\"item\":\"https:\/\/www.sariki.es\/en\/\"},{\"@type\":\"ListItem\",\"position\":2,\"name\":\"Measuring equipment\",\"item\":\"https:\/\/www.sariki.es\/en\/measuring-equipment\/\"},{\"@type\":\"ListItem\",\"position\":3,\"name\":\"Private: Special measuring devices\"}]},{\"@type\":\"WebSite\",\"@id\":\"https:\/\/www.sariki.es\/en\/#website\",\"url\":\"https:\/\/www.sariki.es\/en\/\",\"name\":\"Sariki - Metrolog\u00eda industrial\",\"description\":\"Metrolog\u00eda industrial en Gipuzkoa\",\"publisher\":{\"@id\":\"https:\/\/www.sariki.es\/en\/#organization\"},\"potentialAction\":[{\"@type\":\"SearchAction\",\"target\":{\"@type\":\"EntryPoint\",\"urlTemplate\":\"https:\/\/www.sariki.es\/en\/?s={search_term_string}\"},\"query-input\":{\"@type\":\"PropertyValueSpecification\",\"valueRequired\":true,\"valueName\":\"search_term_string\"}}],\"inLanguage\":\"en-US\"},{\"@type\":\"Organization\",\"@id\":\"https:\/\/www.sariki.es\/en\/#organization\",\"name\":\"Sariki - Soluciones de metrolog\u00eda\",\"url\":\"https:\/\/www.sariki.es\/en\/\",\"logo\":{\"@type\":\"ImageObject\",\"inLanguage\":\"en-US\",\"@id\":\"https:\/\/www.sariki.es\/en\/#\/schema\/logo\/image\/\",\"url\":\"\",\"contentUrl\":\"\",\"caption\":\"Sariki - Soluciones de metrolog\u00eda\"},\"image\":{\"@id\":\"https:\/\/www.sariki.es\/en\/#\/schema\/logo\/image\/\"},\"sameAs\":[\"https:\/\/www.facebook.com\/MetrologiaSariki\",\"https:\/\/x.com\/sarikisa\"]}]}<\/script>\n<!-- \/ Yoast SEO Premium plugin. -->","yoast_head_json":{"title":"Sariki - Metrolog\u00eda industrial - Special measuring machines","description":"Special machines: our product range covers everything from manual measuring stations to fully automated measuring machines","robots":{"index":"index","follow":"follow","max-snippet":"max-snippet:-1","max-image-preview":"max-image-preview:large","max-video-preview":"max-video-preview:-1"},"canonical":"https:\/\/www.sariki.es\/en\/measuring-equipment\/special-measuring-devices\/","og_locale":"en_US","og_type":"article","og_title":"Special measuring devices","og_description":"Special machines: our product range covers everything from manual measuring stations to fully automated measuring machines","og_url":"https:\/\/www.sariki.es\/en\/measuring-equipment\/special-measuring-devices\/","og_site_name":"Sariki - Metrolog\u00eda industrial","article_publisher":"https:\/\/www.facebook.com\/MetrologiaSariki","article_modified_time":"2026-05-05T10:03:30+00:00","og_image":[{"url":"https:\/\/www.sariki.es\/wp-content\/uploads\/2019\/07\/icono-portada-header.png","type":"","width":"","height":""}],"twitter_card":"summary_large_image","twitter_site":"@sarikisa","twitter_misc":{"Est. reading time":"2 minutes"},"schema":{"@context":"https:\/\/schema.org","@graph":[{"@type":"WebPage","@id":"https:\/\/www.sariki.es\/en\/measuring-equipment\/special-measuring-devices\/","url":"https:\/\/www.sariki.es\/en\/measuring-equipment\/special-measuring-devices\/","name":"Sariki - Metrolog\u00eda industrial - Special measuring machines","isPartOf":{"@id":"https:\/\/www.sariki.es\/en\/#website"},"primaryImageOfPage":{"@id":"https:\/\/www.sariki.es\/en\/measuring-equipment\/special-measuring-devices\/#primaryimage"},"image":{"@id":"https:\/\/www.sariki.es\/en\/measuring-equipment\/special-measuring-devices\/#primaryimage"},"thumbnailUrl":"https:\/\/www.sariki.es\/wp-content\/uploads\/2019\/07\/icono-portada-header.png","datePublished":"2026-05-05T09:54:40+00:00","dateModified":"2026-05-05T10:03:30+00:00","description":"Special machines: our product range covers everything from manual measuring stations to fully automated measuring machines","breadcrumb":{"@id":"https:\/\/www.sariki.es\/en\/measuring-equipment\/special-measuring-devices\/#breadcrumb"},"inLanguage":"en-US","potentialAction":[{"@type":"ReadAction","target":["https:\/\/www.sariki.es\/en\/measuring-equipment\/special-measuring-devices\/"]}]},{"@type":"ImageObject","inLanguage":"en-US","@id":"https:\/\/www.sariki.es\/en\/measuring-equipment\/special-measuring-devices\/#primaryimage","url":"https:\/\/www.sariki.es\/wp-content\/uploads\/2019\/07\/icono-portada-header.png","contentUrl":"https:\/\/www.sariki.es\/wp-content\/uploads\/2019\/07\/icono-portada-header.png"},{"@type":"BreadcrumbList","@id":"https:\/\/www.sariki.es\/en\/measuring-equipment\/special-measuring-devices\/#breadcrumb","itemListElement":[{"@type":"ListItem","position":1,"name":"Inicio","item":"https:\/\/www.sariki.es\/en\/"},{"@type":"ListItem","position":2,"name":"Measuring equipment","item":"https:\/\/www.sariki.es\/en\/measuring-equipment\/"},{"@type":"ListItem","position":3,"name":"Private: Special measuring devices"}]},{"@type":"WebSite","@id":"https:\/\/www.sariki.es\/en\/#website","url":"https:\/\/www.sariki.es\/en\/","name":"Sariki - Metrolog\u00eda industrial","description":"Metrolog\u00eda industrial en Gipuzkoa","publisher":{"@id":"https:\/\/www.sariki.es\/en\/#organization"},"potentialAction":[{"@type":"SearchAction","target":{"@type":"EntryPoint","urlTemplate":"https:\/\/www.sariki.es\/en\/?s={search_term_string}"},"query-input":{"@type":"PropertyValueSpecification","valueRequired":true,"valueName":"search_term_string"}}],"inLanguage":"en-US"},{"@type":"Organization","@id":"https:\/\/www.sariki.es\/en\/#organization","name":"Sariki - Soluciones de metrolog\u00eda","url":"https:\/\/www.sariki.es\/en\/","logo":{"@type":"ImageObject","inLanguage":"en-US","@id":"https:\/\/www.sariki.es\/en\/#\/schema\/logo\/image\/","url":"","contentUrl":"","caption":"Sariki - Soluciones de metrolog\u00eda"},"image":{"@id":"https:\/\/www.sariki.es\/en\/#\/schema\/logo\/image\/"},"sameAs":["https:\/\/www.facebook.com\/MetrologiaSariki","https:\/\/x.com\/sarikisa"]}]}},"_links":{"self":[{"href":"https:\/\/www.sariki.es\/en\/wp-json\/wp\/v2\/pages\/25738","targetHints":{"allow":["GET"]}}],"collection":[{"href":"https:\/\/www.sariki.es\/en\/wp-json\/wp\/v2\/pages"}],"about":[{"href":"https:\/\/www.sariki.es\/en\/wp-json\/wp\/v2\/types\/page"}],"author":[{"embeddable":true,"href":"https:\/\/www.sariki.es\/en\/wp-json\/wp\/v2\/users\/6"}],"replies":[{"embeddable":true,"href":"https:\/\/www.sariki.es\/en\/wp-json\/wp\/v2\/comments?post=25738"}],"version-history":[{"count":2,"href":"https:\/\/www.sariki.es\/en\/wp-json\/wp\/v2\/pages\/25738\/revisions"}],"predecessor-version":[{"id":25744,"href":"https:\/\/www.sariki.es\/en\/wp-json\/wp\/v2\/pages\/25738\/revisions\/25744"}],"up":[{"embeddable":true,"href":"https:\/\/www.sariki.es\/en\/wp-json\/wp\/v2\/pages\/9538"}],"wp:attachment":[{"href":"https:\/\/www.sariki.es\/en\/wp-json\/wp\/v2\/media?parent=25738"}],"curies":[{"name":"wp","href":"https:\/\/api.w.org\/{rel}","templated":true}]}}