{"id":21013,"date":"2024-04-26T12:11:08","date_gmt":"2024-04-26T10:11:08","guid":{"rendered":"https:\/\/www.sariki.es\/?page_id=21013"},"modified":"2026-04-24T10:57:20","modified_gmt":"2026-04-24T08:57:20","slug":"in-process-metrology","status":"publish","type":"page","link":"https:\/\/www.sariki.es\/en\/in-process-metrology\/","title":{"rendered":"In Process Metrology"},"content":{"rendered":"\n\n\t\u25b8 Measuring instruments are integrated into the production line.<br \/>\n\u25b8 Operators carry out inspections on the shop floor in real time.<br \/>\n\u25b8 Automation eliminates errors by <strong>\ud835\udff5\ud835\udff5%<\/strong>, reduces total cycle time by up to <strong>\ud835\udff0\ud835\udfec%<\/strong> and increases production by up to <strong>\ud835\udfef\ud835\udff1%<\/strong><br \/>\n\u25b8 Want to know more?.. \n\t\t\t\t\t\t<h4>UNLOCK THE EXCLUSIVE GUIDE WITH THE 10 BENEFITS OF IN PROCESS METROLOGY<\/h4>\t\t\t\t\t\n\t\t\t\t<a href=\"\" role=\"button\" target=\"_self\">\n\t\t\t\t\t\t\t\t\t\tDownload guide\n\t\t\t\t\t\t\t\t\t<\/a>\n\t<p>At <strong>SARIKI<\/strong> we adapt metrology to the technological challenges of the industry with solutions that are integrated into the production processes of our customers, thus improving the final results.<\/p>\n<p>We are specialists in integrating real-time measurement technologies: we detect, control and correct errors, facilitating digital inspections and rapid decision making during production.<\/p>\n<p>We focus on simplifying tasks and improving interaction with the operator, seeking continuous improvement of production processes.<\/p>\n<p>Because the future of metrology lies in integrating it into multi-sector industrial processes. This is our technological ideology. This is <strong>IN PROCESS METROLOGY:<\/strong><\/p>\n\t<p>INNOVATION AND AUTOMATION IN MEASUREMENT PROCESSES<\/p>\n\t<p>We offer innovative and automated measurement solutions that optimize production.<\/p>\n\t<p>HIGHLY EFFICIENT TECHNOLOGICAL SOLUTIONS<\/p>\n\tWe provide advanced measurement systems that optimize control and reduce costs.<br \/>\nReal-time data to make quick decisions and increase efficiency.\n\t<p>SIMPLE AND INTUITIVE METROLOGY<\/p>\n\tWe provide a hassle-free metrology experience for production operators.<br \/>\nWe make technology easy and accessible. With proprietary solutions that automate and speed up production processes.\n\t<p>INTEGRATION OF PROPRIETARY SOFTWARE IN PRODUCTION PROCESSES<\/p>\n\t<p>Our proprietary SK\/inspect software achieves effective measurement automation and improves efficiency, accuracy and throughput. Can be integrated into any production process. <\/p>\n\t<p><strong>Don&#8217;t miss the 7 informative pills<\/strong> that will show you how this new way of applying metrology is revolutionizing production plants.<\/p>\n\t<iframe loading=\"lazy\" width=\"560\" height=\"315\" src=\"https:\/\/www.youtube.com\/embed\/yY9jQlSvDVk?si=K7uD3EkbSLGE1zci\" title=\"YouTube video player\" frameborder=\"0\" allow=\"accelerometer; autoplay; clipboard-write; encrypted-media; gyroscope; picture-in-picture; web-share\" referrerpolicy=\"strict-origin-when-cross-origin\" allowfullscreen=\"\"><\/iframe>\n\t<p><b>Do you know what in process metrology is?<\/b><\/p>\n\t<iframe loading=\"lazy\" width=\"560\" height=\"315\" src=\"https:\/\/www.youtube.com\/embed\/nI2sFwcthnE?si=wkb_OErL_WwP1Qhs\" title=\"YouTube video player\" frameborder=\"0\" allow=\"accelerometer; autoplay; clipboard-write; encrypted-media; gyroscope; picture-in-picture; web-share\" referrerpolicy=\"strict-origin-when-cross-origin\" allowfullscreen=\"\"><\/iframe>\n\t<p><strong>What benefits does automation bring to in process metrology?<\/strong><\/p>\n\t<iframe loading=\"lazy\" width=\"560\" height=\"315\" src=\"https:\/\/www.youtube.com\/embed\/Cmkm7MfMiOM?si=RMVAKRCNc5sWl-6V\" title=\"YouTube video player\" frameborder=\"0\" allow=\"accelerometer; autoplay; clipboard-write; encrypted-media; gyroscope; picture-in-picture; web-share\" referrerpolicy=\"strict-origin-when-cross-origin\" allowfullscreen=\"\"><\/iframe>\n\t<p><strong>[Caso de \u00e9xito Orkli] What challenges does in process metrology face in today&#8217;s industry?<\/strong><\/p>\n\t<iframe loading=\"lazy\" width=\"560\" height=\"315\" src=\"https:\/\/www.youtube.com\/embed\/wFlyTcoqO2g?si=zxrzS4cULUyk1qXZ\" title=\"YouTube video player\" frameborder=\"0\" allow=\"accelerometer; autoplay; clipboard-write; encrypted-media; gyroscope; picture-in-picture; web-share\" referrerpolicy=\"strict-origin-when-cross-origin\" allowfullscreen=\"\"><\/iframe>\n\t<p><strong>[VICIVISION en planta]<\/strong> <strong>What challenges does in process metrology face in today&#8217;s industry?<\/strong><\/p>\n\t<iframe loading=\"lazy\" width=\"560\" height=\"315\" src=\"https:\/\/www.youtube.com\/embed\/rEyXWilGmEM?si=719fwJRC6XW0W033\" title=\"YouTube video player\" frameborder=\"0\" allow=\"accelerometer; autoplay; clipboard-write; encrypted-media; gyroscope; picture-in-picture; web-share\" referrerpolicy=\"strict-origin-when-cross-origin\" allowfullscreen><\/iframe>\n\t<p><strong>[Caso de \u00e9xito GAINDU]<\/strong> <strong>Desaf\u00edos de la metrolog\u00eda inprocess en la industria actual<\/strong><\/p>\n\t<iframe loading=\"lazy\" width=\"560\" height=\"315\" src=\"https:\/\/www.youtube.com\/embed\/l61aFl9nxvk?si=qPsxMJjxLujOlfzP\" title=\"YouTube video player\" frameborder=\"0\" allow=\"accelerometer; autoplay; clipboard-write; encrypted-media; gyroscope; picture-in-picture; web-share\" referrerpolicy=\"strict-origin-when-cross-origin\" allowfullscreen><\/iframe>\n\t<p><strong>\u00bfQu\u00e9 nuevas tecnolog\u00edas est\u00e1n emergiendo en la Metrolog\u00eda en proceso?<\/strong><\/p>\n\t<iframe loading=\"lazy\" width=\"560\" height=\"315\" src=\"https:\/\/www.youtube.com\/embed\/NJKCM9cGtpE?si=DSCTxsKWx2I5aK-C\" title=\"YouTube video player\" frameborder=\"0\" allow=\"accelerometer; autoplay; clipboard-write; encrypted-media; gyroscope; picture-in-picture; web-share\" referrerpolicy=\"strict-origin-when-cross-origin\" allowfullscreen><\/iframe>\n\t<p><strong>\u00bfC\u00f3mo se est\u00e1 integrando la metrolog\u00eda en proceso con la producci\u00f3n y el control de calidad?<\/strong><\/p>\n\t<p>CHANGING METROLOGY RULES<\/p>\n\t<p>We are integrators of measurement technologies to increase the productivity of manufacturing processes.<\/p>\n\t<p>Driving efficiency:<\/p>\n\tOffering intuitive metrology solutions.<br \/>\n\u2022<br \/>\nAutomating inspection processes.\n\u2022<br \/>\nIntegrating our own software.\n\t\t\t\t<img decoding=\"async\" src=\"https:\/\/www.sariki.es\/wp-content\/uploads\/2024\/04\/Grupo_2101@2x.png\" alt=\"Grupo_2101@2x\" itemprop=\"image\" height=\"91\" width=\"91\" title=\"Grupo_2101@2x\" onerror=\"this.style.display='none'\" loading=\"lazy\" \/>\n\t<p>IN PROCESS METROLOGY<\/p>\n\t<p>&#8211; We develop innovative measurement technology solutions adapted to current and future market challenges.<\/p>\n<p>&#8211; Our metrology solutions improve accuracy and efficiency in production processes.<\/p>\n<p>&#8211; We provide fast digital inspections with real-time parameter correction.<\/p>\n<p>&#8211; We provide monitoring tools that help streamline decision making during production.<\/p>\n\t\t\t\t<img decoding=\"async\" src=\"https:\/\/www.sariki.es\/wp-content\/uploads\/2024\/04\/Grupo_2074@2x.png\" alt=\"Grupo_2074@2x\" itemprop=\"image\" height=\"88\" width=\"88\" title=\"Grupo_2074@2x\" onerror=\"this.style.display='none'\" loading=\"lazy\" \/>\n\t<p>INCREASE PRODUCTIVITY<\/p>\n\t<p>&#8211; We boost our customers&#8217; productivity with intelligent metrology solutions.<\/p>\n<p>\u2022 We automate operations and processes to reduce costs and increase productivity. Our technological solutions enable our customers to enhance their competitive position.<\/p>\n\t\t\t\t<img decoding=\"async\" src=\"https:\/\/www.sariki.es\/wp-content\/uploads\/2024\/04\/Grupo_2081@2x.png\" alt=\"Grupo_2081@2x\" itemprop=\"image\" height=\"88\" width=\"88\" title=\"Grupo_2081@2x\" onerror=\"this.style.display='none'\" loading=\"lazy\" \/>\n\t<p>INTUITIVE APPLICATIONS<\/p>\n\t<p>&#8211; We revolutionize industrial metrology by simplifying tasks for our customers.<\/p>\n<p>&#8211; We connect with production in real time, reducing costs and improving quality.<\/p>\n<p>&#8211; We offer comprehensive support and training for effective management.<\/p>\n<p>&#8211; Our customized services make SARIKI metrology easy and adaptable.<\/p>\n\t\t\t\t<img decoding=\"async\" src=\"https:\/\/www.sariki.es\/wp-content\/uploads\/2024\/04\/Grupo_2076@2x.png\" alt=\"Grupo_2076@2x\" itemprop=\"image\" height=\"88\" width=\"88\" title=\"Grupo_2076@2x\" onerror=\"this.style.display='none'\" loading=\"lazy\" \/>\n\t<p>INTEGRATION SOFTWARE<\/p>\n\t<p>\u2022 <strong>SARIKI&#8217;s SK\/inspect<\/strong> optimizes operations with proprietary software solutions, effectively integrating into production processes.<\/p>\n<p>\u2022 It works autonomously, eliminating manual tasks and enabling real-time decisions for increased productivity.<\/p>\n<p>\u2022 Our own software is kept in continuous development and we add functionalities adapted to each customer.<\/p>\n<p>\u2022 We offer a comprehensive maintenance service with highly specialized technical staff.<\/p>\n\t<p>READY TO EXPLORE MORE?<\/p>\n\t<p>Download our catalog and find out more about <strong>IN PROCESS METROLOGY<\/strong> and our products and services.<\/p>\n\t\t\t<a href=\"https:\/\/www.sariki.es\/wp-content\/uploads\/2024\/06\/sariki-catalogo-corporativo.pdf\" title=\"Click Here\" target=\"_blank\" rel=\"noopener\"  role=\"button\" aria-label=\"Download catalog\">\n\t\t\t\t\t\t\tDownload catalog\n\t\t<\/a>\n\tLearn about our engineering capabilities, technologies we work with, and<br \/>\ncustomer success stories.\n\t\t\t\t<img decoding=\"async\" src=\"https:\/\/www.sariki.es\/wp-content\/uploads\/2019\/11\/soluciones-sariki.jpg\" alt=\"soluciones-sariki\" itemprop=\"image\" height=\"265\" width=\"400\" title=\"soluciones-sariki\" onerror=\"this.style.display='none'\" loading=\"lazy\" \/>\n<p>Measuring equipment<\/p>\n\t\t\t<a href=\"https:\/\/www.sariki.es\/en\/measuring-equipment\/\" title=\"Click Here\" target=\"_self\"   role=\"button\" aria-label=\"More information\">\n\t\t\t\t\t\t\tMore information\n\t\t<\/a>\n\t\t\t\t<img decoding=\"async\" src=\"https:\/\/www.sariki.es\/wp-content\/uploads\/2019\/11\/casos-de-exito-clientes-sariki.jpg\" alt=\"casos-de-exito-clientes-sariki\" itemprop=\"image\" height=\"265\" width=\"400\" title=\"casos-de-exito-clientes-sariki\" onerror=\"this.style.display='none'\" loading=\"lazy\" \/>\n<p>Case studies<\/p>\n\t\t\t<a href=\"https:\/\/www.sariki.es\/casos-de-exito\/\" title=\"Click Here\" target=\"_self\"   role=\"button\" aria-label=\"More information\">\n\t\t\t\t\t\t\tMore information\n\t\t<\/a>\n\t\t\t\t<img decoding=\"async\" src=\"https:\/\/www.sariki.es\/wp-content\/uploads\/2019\/11\/ingenieria-sariki.jpg\" alt=\"ingenieria-sariki\" itemprop=\"image\" height=\"265\" width=\"400\" title=\"ingenieria-sariki\" onerror=\"this.style.display='none'\" loading=\"lazy\" \/>\n<p>Engineering and projects<\/p>\n\t\t\t<a href=\"https:\/\/www.sariki.es\/en\/services\/engineering-and-projects\/\" title=\"Click Here\" target=\"_self\"   role=\"button\" aria-label=\"More information\">\n\t\t\t\t\t\t\tMore information\n\t\t<\/a>\n\t\t<h2>\n\t\t\tDo you need more info?\n\t\t<\/h2>\n\n","protected":false},"excerpt":{"rendered":"<p>\u25b8 Measuring instruments are integrated into the production line. \u25b8 Operators carry out inspections on the shop floor in real time. \u25b8 Automation eliminates errors by \ud835\udff5\ud835\udff5%, reduces total cycle time by up to \ud835\udff0\ud835\udfec% and increases production by up to \ud835\udfef\ud835\udff1% \u25b8 Want to know more?.. UNLOCK THE EXCLUSIVE GUIDE WITH THE 10 BENEFITS&hellip;<\/p>\n","protected":false},"author":13,"featured_media":0,"parent":0,"menu_order":0,"comment_status":"closed","ping_status":"closed","template":"","meta":{"footnotes":""},"class_list":["post-21013","page","type-page","status-publish","hentry"],"yoast_head":"<!-- This site is optimized with the Yoast SEO Premium plugin v24.6 (Yoast SEO v24.6) - https:\/\/yoast.com\/wordpress\/plugins\/seo\/ -->\n<title>In Process Metrology - Sariki Metrolog\u00eda Industrial<\/title>\n<meta name=\"description\" content=\"Sariki offers metrology solutions integrated in the production process to optimize production control and connect metrology with the process.\" \/>\n<meta name=\"robots\" content=\"index, follow, max-snippet:-1, max-image-preview:large, max-video-preview:-1\" \/>\n<link rel=\"canonical\" href=\"https:\/\/www.sariki.es\/en\/in-process-metrology\/\" \/>\n<meta property=\"og:locale\" content=\"en_US\" \/>\n<meta property=\"og:type\" content=\"article\" \/>\n<meta property=\"og:title\" content=\"In Process Metrology\" \/>\n<meta property=\"og:description\" content=\"Sariki offers metrology solutions integrated in the production process to optimize production control and connect metrology with the process.\" \/>\n<meta property=\"og:url\" content=\"https:\/\/www.sariki.es\/en\/in-process-metrology\/\" \/>\n<meta property=\"og:site_name\" content=\"Sariki - Metrolog\u00eda industrial\" \/>\n<meta property=\"article:publisher\" content=\"https:\/\/www.facebook.com\/MetrologiaSariki\" \/>\n<meta property=\"article:modified_time\" content=\"2026-04-24T08:57:20+00:00\" \/>\n<meta property=\"og:image\" content=\"https:\/\/www.sariki.es\/wp-content\/uploads\/2024\/04\/Grupo_2101@2x.png\" \/>\n<meta name=\"twitter:card\" content=\"summary_large_image\" \/>\n<meta name=\"twitter:site\" content=\"@sarikisa\" \/>\n<meta name=\"twitter:label1\" content=\"Est. reading time\" \/>\n\t<meta name=\"twitter:data1\" content=\"3 minutes\" \/>\n<script type=\"application\/ld+json\" class=\"yoast-schema-graph\">{\"@context\":\"https:\/\/schema.org\",\"@graph\":[{\"@type\":\"WebPage\",\"@id\":\"https:\/\/www.sariki.es\/en\/in-process-metrology\/\",\"url\":\"https:\/\/www.sariki.es\/en\/in-process-metrology\/\",\"name\":\"In Process Metrology - Sariki Metrolog\u00eda Industrial\",\"isPartOf\":{\"@id\":\"https:\/\/www.sariki.es\/en\/#website\"},\"primaryImageOfPage\":{\"@id\":\"https:\/\/www.sariki.es\/en\/in-process-metrology\/#primaryimage\"},\"image\":{\"@id\":\"https:\/\/www.sariki.es\/en\/in-process-metrology\/#primaryimage\"},\"thumbnailUrl\":\"https:\/\/www.sariki.es\/wp-content\/uploads\/2024\/04\/Grupo_2101@2x.png\",\"datePublished\":\"2024-04-26T10:11:08+00:00\",\"dateModified\":\"2026-04-24T08:57:20+00:00\",\"description\":\"Sariki offers metrology solutions integrated in the production process to optimize production control and connect metrology with the process.\",\"breadcrumb\":{\"@id\":\"https:\/\/www.sariki.es\/en\/in-process-metrology\/#breadcrumb\"},\"inLanguage\":\"en-US\",\"potentialAction\":[{\"@type\":\"ReadAction\",\"target\":[\"https:\/\/www.sariki.es\/en\/in-process-metrology\/\"]}]},{\"@type\":\"ImageObject\",\"inLanguage\":\"en-US\",\"@id\":\"https:\/\/www.sariki.es\/en\/in-process-metrology\/#primaryimage\",\"url\":\"https:\/\/www.sariki.es\/wp-content\/uploads\/2024\/04\/Grupo_2101@2x.png\",\"contentUrl\":\"https:\/\/www.sariki.es\/wp-content\/uploads\/2024\/04\/Grupo_2101@2x.png\"},{\"@type\":\"BreadcrumbList\",\"@id\":\"https:\/\/www.sariki.es\/en\/in-process-metrology\/#breadcrumb\",\"itemListElement\":[{\"@type\":\"ListItem\",\"position\":1,\"name\":\"Inicio\",\"item\":\"https:\/\/www.sariki.es\/en\/\"},{\"@type\":\"ListItem\",\"position\":2,\"name\":\"In Process Metrology\"}]},{\"@type\":\"WebSite\",\"@id\":\"https:\/\/www.sariki.es\/en\/#website\",\"url\":\"https:\/\/www.sariki.es\/en\/\",\"name\":\"Sariki - Metrolog\u00eda industrial\",\"description\":\"Metrolog\u00eda industrial en Gipuzkoa\",\"publisher\":{\"@id\":\"https:\/\/www.sariki.es\/en\/#organization\"},\"potentialAction\":[{\"@type\":\"SearchAction\",\"target\":{\"@type\":\"EntryPoint\",\"urlTemplate\":\"https:\/\/www.sariki.es\/en\/?s={search_term_string}\"},\"query-input\":{\"@type\":\"PropertyValueSpecification\",\"valueRequired\":true,\"valueName\":\"search_term_string\"}}],\"inLanguage\":\"en-US\"},{\"@type\":\"Organization\",\"@id\":\"https:\/\/www.sariki.es\/en\/#organization\",\"name\":\"Sariki - Soluciones de metrolog\u00eda\",\"url\":\"https:\/\/www.sariki.es\/en\/\",\"logo\":{\"@type\":\"ImageObject\",\"inLanguage\":\"en-US\",\"@id\":\"https:\/\/www.sariki.es\/en\/#\/schema\/logo\/image\/\",\"url\":\"\",\"contentUrl\":\"\",\"caption\":\"Sariki - Soluciones de metrolog\u00eda\"},\"image\":{\"@id\":\"https:\/\/www.sariki.es\/en\/#\/schema\/logo\/image\/\"},\"sameAs\":[\"https:\/\/www.facebook.com\/MetrologiaSariki\",\"https:\/\/x.com\/sarikisa\"]}]}<\/script>\n<!-- \/ Yoast SEO Premium plugin. -->","yoast_head_json":{"title":"In Process Metrology - Sariki Metrolog\u00eda Industrial","description":"Sariki offers metrology solutions integrated in the production process to optimize production control and connect metrology with the process.","robots":{"index":"index","follow":"follow","max-snippet":"max-snippet:-1","max-image-preview":"max-image-preview:large","max-video-preview":"max-video-preview:-1"},"canonical":"https:\/\/www.sariki.es\/en\/in-process-metrology\/","og_locale":"en_US","og_type":"article","og_title":"In Process Metrology","og_description":"Sariki offers metrology solutions integrated in the production process to optimize production control and connect metrology with the process.","og_url":"https:\/\/www.sariki.es\/en\/in-process-metrology\/","og_site_name":"Sariki - Metrolog\u00eda industrial","article_publisher":"https:\/\/www.facebook.com\/MetrologiaSariki","article_modified_time":"2026-04-24T08:57:20+00:00","og_image":[{"url":"https:\/\/www.sariki.es\/wp-content\/uploads\/2024\/04\/Grupo_2101@2x.png","type":"","width":"","height":""}],"twitter_card":"summary_large_image","twitter_site":"@sarikisa","twitter_misc":{"Est. reading time":"3 minutes"},"schema":{"@context":"https:\/\/schema.org","@graph":[{"@type":"WebPage","@id":"https:\/\/www.sariki.es\/en\/in-process-metrology\/","url":"https:\/\/www.sariki.es\/en\/in-process-metrology\/","name":"In Process Metrology - Sariki Metrolog\u00eda Industrial","isPartOf":{"@id":"https:\/\/www.sariki.es\/en\/#website"},"primaryImageOfPage":{"@id":"https:\/\/www.sariki.es\/en\/in-process-metrology\/#primaryimage"},"image":{"@id":"https:\/\/www.sariki.es\/en\/in-process-metrology\/#primaryimage"},"thumbnailUrl":"https:\/\/www.sariki.es\/wp-content\/uploads\/2024\/04\/Grupo_2101@2x.png","datePublished":"2024-04-26T10:11:08+00:00","dateModified":"2026-04-24T08:57:20+00:00","description":"Sariki offers metrology solutions integrated in the production process to optimize production control and connect metrology with the process.","breadcrumb":{"@id":"https:\/\/www.sariki.es\/en\/in-process-metrology\/#breadcrumb"},"inLanguage":"en-US","potentialAction":[{"@type":"ReadAction","target":["https:\/\/www.sariki.es\/en\/in-process-metrology\/"]}]},{"@type":"ImageObject","inLanguage":"en-US","@id":"https:\/\/www.sariki.es\/en\/in-process-metrology\/#primaryimage","url":"https:\/\/www.sariki.es\/wp-content\/uploads\/2024\/04\/Grupo_2101@2x.png","contentUrl":"https:\/\/www.sariki.es\/wp-content\/uploads\/2024\/04\/Grupo_2101@2x.png"},{"@type":"BreadcrumbList","@id":"https:\/\/www.sariki.es\/en\/in-process-metrology\/#breadcrumb","itemListElement":[{"@type":"ListItem","position":1,"name":"Inicio","item":"https:\/\/www.sariki.es\/en\/"},{"@type":"ListItem","position":2,"name":"In Process Metrology"}]},{"@type":"WebSite","@id":"https:\/\/www.sariki.es\/en\/#website","url":"https:\/\/www.sariki.es\/en\/","name":"Sariki - Metrolog\u00eda industrial","description":"Metrolog\u00eda industrial en Gipuzkoa","publisher":{"@id":"https:\/\/www.sariki.es\/en\/#organization"},"potentialAction":[{"@type":"SearchAction","target":{"@type":"EntryPoint","urlTemplate":"https:\/\/www.sariki.es\/en\/?s={search_term_string}"},"query-input":{"@type":"PropertyValueSpecification","valueRequired":true,"valueName":"search_term_string"}}],"inLanguage":"en-US"},{"@type":"Organization","@id":"https:\/\/www.sariki.es\/en\/#organization","name":"Sariki - Soluciones de metrolog\u00eda","url":"https:\/\/www.sariki.es\/en\/","logo":{"@type":"ImageObject","inLanguage":"en-US","@id":"https:\/\/www.sariki.es\/en\/#\/schema\/logo\/image\/","url":"","contentUrl":"","caption":"Sariki - Soluciones de metrolog\u00eda"},"image":{"@id":"https:\/\/www.sariki.es\/en\/#\/schema\/logo\/image\/"},"sameAs":["https:\/\/www.facebook.com\/MetrologiaSariki","https:\/\/x.com\/sarikisa"]}]}},"_links":{"self":[{"href":"https:\/\/www.sariki.es\/en\/wp-json\/wp\/v2\/pages\/21013","targetHints":{"allow":["GET"]}}],"collection":[{"href":"https:\/\/www.sariki.es\/en\/wp-json\/wp\/v2\/pages"}],"about":[{"href":"https:\/\/www.sariki.es\/en\/wp-json\/wp\/v2\/types\/page"}],"author":[{"embeddable":true,"href":"https:\/\/www.sariki.es\/en\/wp-json\/wp\/v2\/users\/13"}],"replies":[{"embeddable":true,"href":"https:\/\/www.sariki.es\/en\/wp-json\/wp\/v2\/comments?post=21013"}],"version-history":[{"count":5,"href":"https:\/\/www.sariki.es\/en\/wp-json\/wp\/v2\/pages\/21013\/revisions"}],"predecessor-version":[{"id":25441,"href":"https:\/\/www.sariki.es\/en\/wp-json\/wp\/v2\/pages\/21013\/revisions\/25441"}],"wp:attachment":[{"href":"https:\/\/www.sariki.es\/en\/wp-json\/wp\/v2\/media?parent=21013"}],"curies":[{"name":"wp","href":"https:\/\/api.w.org\/{rel}","templated":true}]}}