{"id":17642,"date":"2022-03-11T17:00:25","date_gmt":"2022-03-11T16:00:25","guid":{"rendered":"https:\/\/www.sariki.es\/production-metrology\/solutions\/in-line-optical-measurement\/vicivision-serie-prima\/"},"modified":"2026-05-04T09:43:53","modified_gmt":"2026-05-04T07:43:53","slug":"vicivision-prima-series","status":"publish","type":"page","link":"https:\/\/www.sariki.es\/en\/measuring-equipment\/in-process-optical-measurement\/vicivision-prima-series\/","title":{"rendered":"ViciVision Prima series"},"content":{"rendered":"\n\n\t\t<h1>\n\t\t\tViciVision Prima series\n\t\t<\/h1>\n\t\t\t\t\t\t\t\t\t\t\t\n\t\t\t<p><strong>The optical measuring machine for all turneries<\/strong>Accessible solutions for all lathe operators looking for easy and fast control and reliable results.From 60 to 140 mm in diameter, from 300 to 600 mm in length, the modular range of the Prima series allows you to choose the most suitable machine model for your production.<\/p>\t\t\n\t\t\t<a href=\"#\" title=\"Click Here\" target=\"_self\"   role=\"button\" aria-label=\"Download catalog\">\n\t\t\t\t\t\t\tDownload catalog\n\t\t<\/a>\n\t\t<h2>\n\t\t\tDesigned for the shop floor\n\t\t<\/h2>\n\t\t\t<p><strong>What is the best way to measure turned parts?<\/strong>By using a machine that clamps the part just like a lathe would: with centers and a chuck.<strong>Where can I measure my parts?<\/strong>Where it offers an immediate benefit; right next to the lathe.<strong>Do I need specialized personnel?<\/strong>Thousands of turneries are already using it in complete autonomy. We guide you until you obtain the end result.<strong>What can PRIMA do for you?<\/strong><\/p><ul><li>Reduces waste, lowering costs and environmental impact.<\/li><li>Gives objective measures by eliminating human error and avoiding disruptions.<\/li><li>Obtains swift results to save time.<\/li><li>Stores digital data for the production to use. To keep the process in check.<\/li><\/ul>\t\t\n\t\t\t\t<img decoding=\"async\" src=\"https:\/\/www.sariki.es\/wp-content\/uploads\/2022\/03\/vicivision_prima.jpg\" alt=\"M\u00e1quina de medici\u00f3n \u00f3ptica VICIVISION prima 306\" itemprop=\"image\" height=\"402\" width=\"620\" title=\"vicivision_prima\" onerror=\"this.style.display='none'\" loading=\"lazy\" \/>\n\t<iframe loading=\"lazy\" width=\"620\" height=\"349\" src=\"https:\/\/www.youtube.com\/embed\/gg_RY9LMczQ\" title=\"YouTube video player\" frameborder=\"0\" allow=\"accelerometer; autoplay; clipboard-write; encrypted-media; gyroscope; picture-in-picture\" allowfullscreen><\/iframe>\n\t\t\t<a href=\"#\" title=\"Click Here\" target=\"_self\"   role=\"button\" aria-label=\"Download catalog\">\n\t\t\t\t\t\t\tDownload catalog\n\t\t<\/a>\n\t\t<h2>\n\t\t\tWhat makes PRIMA unique?\n\t\t<\/h2>\n\t<p>All the experience of thousands of VICIVISION clients into a machine optimized for turning process control.<\/p>\n\t\t<h2>\n\t\t\tSimplified software for fast programming\n\t\t<\/h2>\n\tThe interface is designed to meet the needs of the end user.<br \/>\nDifferent environments based on the type of user.\n\t\t<h2>\n\t\t\tVivian, the new measurement assistant, guides you step-by-step through program creation\n\t\t<\/h2>\n\t<p>It reduces operator training and programming time.<\/p>\n\t\t<h2>\n\t\t\tThe e-learning platform illustrates and explains with a real voice, to support you in every moment\n\t\t<\/h2>\n\t<p>A training course for new users; for those who want to review and deepen the basics they have learned in the initial course or to improve their knowledge.<\/p>\n\t\t<h2>\n\t\t\tThe remote programming service\n\t\t<\/h2>\n\t<p>A VICI technician ready to connect with the customer in real time to help them in the creation of a program.<\/p>\n\t\t\t\t<img decoding=\"async\" src=\"https:\/\/www.sariki.es\/wp-content\/uploads\/2022\/03\/vicivision_prima_pieza_revolucion_midiendo.jpg\" alt=\"vicivision_prima_pieza_revolucion_midiendo\" itemprop=\"image\" height=\"930\" width=\"620\" title=\"vicivision_prima_pieza_revolucion_midiendo\" onerror=\"this.style.display='none'\" loading=\"lazy\" \/>\n\t\t\t\t<img decoding=\"async\" src=\"https:\/\/www.sariki.es\/wp-content\/uploads\/2022\/03\/vicivision_serie_prima-1.jpg\" alt=\"vicivision_serie_prima\" itemprop=\"image\" height=\"827\" width=\"2362\" title=\"vicivision_serie_prima\" onerror=\"this.style.display='none'\" loading=\"lazy\" \/>\n\tSimplicity allows each operator to control the production process at any time.<br \/>\nThe aim is to provide high measurement standards in a new competitive and compact machine.<br \/>\nDetect hundreds of measurements in seconds on all turned and ground parts.<br \/>\n<strong>The measuring fields of this new series are from 60 to 140 mmof diameter, from 300 to 600 mm of lenght.<\/strong>\n\t\t\t\t\t\t\t<img loading=\"lazy\" decoding=\"async\" src=\"https:\/\/www.sariki.es\/wp-content\/uploads\/2019\/09\/quiero-presupuesto-icono.png\" alt=\"quiero-presupuesto-icono\" width=\"201\" height=\"201\" \/>\n\t\t\t\t\t\t\t\t\t\t\t\n\t\t\t<a href=\"https:\/\/www.sariki.es\/en\/i-want-a-quote\/\" title=\"Click Here\" target=\"_self\"   role=\"button\" aria-label=\"I want a quote\">\n\t\t\t\t\t\t\tI want a quote\n\t\t<\/a>\n\t\t\t\t\t\t\t<img loading=\"lazy\" decoding=\"async\" src=\"https:\/\/www.sariki.es\/wp-content\/uploads\/2019\/09\/quiero-asesoramiento-icono.png\" alt=\"quiero-asesoramiento-icono\" width=\"201\" height=\"201\" \/>\n\t\t\t\t\t\t\t\t\t\t\t\n\t\t\t<a href=\"https:\/\/www.sariki.es\/en\/advice-request\/\" title=\"Click Here\" target=\"_self\"   role=\"button\" aria-label=\"I want advise\">\n\t\t\t\t\t\t\tI want advise\n\t\t<\/a>\n\t\t\t\t\t\t\t<img loading=\"lazy\" decoding=\"async\" src=\"https:\/\/www.sariki.es\/wp-content\/uploads\/2019\/09\/descargar-catalogo-icono.png\" alt=\"descargar-catalogo-icono\" width=\"201\" height=\"201\" \/>\n\t\t\t\t\t\t\t\t\t\t\t\n\t\t\t<a href=\"#\" title=\"Click Here\" target=\"_self\"   role=\"button\" aria-label=\"Download catalog\">\n\t\t\t\t\t\t\tDownload catalog\n\t\t<\/a>\n\t\t<h2>\n\t\t\tApplications\n\t\t<\/h2>\n\t<p>With the Prima series you can measure turned parts such as <strong>camshafts, valves, drive shafts, nuts, etc. &#8230;<\/strong><\/p>\n\t\t\t\t\t\t\t<img loading=\"lazy\" decoding=\"async\" src=\"https:\/\/www.sariki.es\/wp-content\/uploads\/2019\/10\/medicion-de-arbol-de-levas-con-metrologia-optica-vici-vision-serie-techno.jpg\" alt=\"medicion-de-arbol-de-levas-con-metrologia-optica-vici-vision-serie-techno\" width=\"414\" height=\"302\" \/>\n\t\t\t\t\t\t\t\t\t\t\t\n\t\t\t\t\t\t\t<img loading=\"lazy\" decoding=\"async\" src=\"https:\/\/www.sariki.es\/wp-content\/uploads\/2019\/10\/medicion-de-ejes-con-metrologia-optica-vici-vision-serie-techno.jpg\" alt=\"medicion-de-ejes-con-metrologia-optica-vici-vision-serie-techno\" width=\"414\" height=\"302\" \/>\n\t\t\t\t\t\t\t\t\t\t\t\n\t\t\t\t\t\t\t<img loading=\"lazy\" decoding=\"async\" src=\"https:\/\/www.sariki.es\/wp-content\/uploads\/2019\/10\/medicion-de-piezas-de-revolucion-con-metrologia-optica-vici-vision-serie-techno.jpg\" alt=\"medicion-de-piezas-de-revolucion-con-metrologia-optica-vici-vision-serie-techno\" width=\"414\" height=\"302\" \/>\n\t\t\t\t\t\t\t\t\t\t\t\n\t\t\t<a href=\"https:\/\/www.sariki.es\/en\/production-metrology\/case-studies\/\" title=\"Click Here\" target=\"_self\"   role=\"button\" aria-label=\"See case studies\">\n\t\t\t\t\t\t\tSee case studies\n\t\t<\/a>\n\t\t<h2>\n\t\t\tCustom Solution\n\t\t<\/h2>\n\t\t\t<p>We offer an integral solution, adapted to your needs. The experience tells us that the collaboration with the client is the basis of success in this type of projects and that is the reason why\u00a0<strong>we work jointly from the beginning, to identify which are the principal requirements and suggest the best solution.<\/strong>We accompany you throughout the life of the project: project definition, installation, training, programming, user support and technical assistance.\u00a0<strong>Sariki is made up of 60 highly specialized people with more than 35 years of experience in the metrology sector.<\/strong><\/p>\t\t\n\t\t<h2>\n\t\t\tTechnical Specifications\n\t\t<\/h2>\n\t\t\t\t\t\t\t<img loading=\"lazy\" decoding=\"async\" src=\"https:\/\/www.sariki.es\/wp-content\/uploads\/2019\/08\/icono-especificaciones.png\" alt=\"icono-especificaciones\" width=\"67\" height=\"54\" \/>\n\t\t\t\t\t\t<h4>6 SIZES AVAILABLE<\/h4>\t\t\t\t\t\n\t\t\t\t\t\t<h4>Maximum measurable piece<\/h4>\t\t\t\t\t\n\t\t\t<p>from 300x60mm to 600x140mm<\/p>\t\t\n\t\t\t\t\t\t<h4>Maximum load size<\/h4>\t\t\t\t\t\n\t\t\t<p>from 315x120mm and 10Kg to 625&#215;240 and 30kg<\/p>\t\t\n\t\t\t\t\t\t<h4>Accuracy in diameters<\/h4>\t\t\t\t\t\n\t\t\t<p>1,5 + D[(mm)\/200)] \u00b5m<\/p>\t\t\n\t\t\t\t\t\t<h4>Accuracy in length<\/h4>\t\t\t\t\t\n\t\t\t<p>3,5+L[(mm)\/200)] \u00b5m<\/p>\t\t\n\t\t\t\t\t\t<h4>Repeatability in diameters<\/h4>\t\t\t\t\t\n\t\t\t<p>0,4 \u00b5m<\/p>\t\t\n\t\t\t\t\t\t<h4>Repeatability in length<\/h4>\t\t\t\t\t\n\t\t\t<p>2 \u00b5m<\/p>\t\t\n\t\t<h2>\n\t\t\tDo you need more info?\n\t\t<\/h2>\n\n","protected":false},"excerpt":{"rendered":"<p>ViciVision Prima series The optical measuring machine for all turneriesAccessible solutions for all lathe operators looking for easy and fast control and reliable results.From 60 to 140 mm in diameter, from 300 to 600 mm in length, the modular range of the Prima series allows you to choose the most suitable machine model for your&hellip;<\/p>\n","protected":false},"author":6,"featured_media":0,"parent":9522,"menu_order":0,"comment_status":"closed","ping_status":"closed","template":"","meta":{"footnotes":""},"class_list":["post-17642","page","type-page","status-publish","hentry"],"yoast_head":"<!-- This site is optimized with the Yoast SEO Premium plugin v24.6 (Yoast SEO v24.6) - https:\/\/yoast.com\/wordpress\/plugins\/seo\/ -->\n<title>ViciVision Prima series - Metrolog\u00eda Sariki - production metrology<\/title>\n<meta name=\"description\" content=\"The optical measuring machine for all turneries. Measure next to the lathe in seconds with ViciVision technology. Production metrology.\" \/>\n<meta name=\"robots\" content=\"index, follow, max-snippet:-1, max-image-preview:large, max-video-preview:-1\" \/>\n<link rel=\"canonical\" href=\"https:\/\/www.sariki.es\/en\/measuring-equipment\/in-process-optical-measurement\/vicivision-prima-series\/\" \/>\n<meta property=\"og:locale\" content=\"en_US\" \/>\n<meta property=\"og:type\" content=\"article\" \/>\n<meta property=\"og:title\" content=\"ViciVision Prima series\" \/>\n<meta property=\"og:description\" content=\"The optical measuring machine for all turneries. Measure next to the lathe in seconds with ViciVision technology. Production metrology.\" \/>\n<meta property=\"og:url\" content=\"https:\/\/www.sariki.es\/en\/measuring-equipment\/in-process-optical-measurement\/vicivision-prima-series\/\" \/>\n<meta property=\"og:site_name\" content=\"Sariki - Metrolog\u00eda industrial\" \/>\n<meta property=\"article:publisher\" content=\"https:\/\/www.facebook.com\/MetrologiaSariki\" \/>\n<meta property=\"article:modified_time\" content=\"2026-05-04T07:43:53+00:00\" \/>\n<meta property=\"og:image\" content=\"https:\/\/www.sariki.es\/wp-content\/uploads\/2022\/03\/vicivision_prima.jpg\" \/>\n<meta name=\"twitter:card\" content=\"summary_large_image\" \/>\n<meta name=\"twitter:site\" content=\"@sarikisa\" \/>\n<meta name=\"twitter:label1\" content=\"Est. reading time\" \/>\n\t<meta name=\"twitter:data1\" content=\"3 minutes\" \/>\n<script type=\"application\/ld+json\" class=\"yoast-schema-graph\">{\"@context\":\"https:\/\/schema.org\",\"@graph\":[{\"@type\":\"WebPage\",\"@id\":\"https:\/\/www.sariki.es\/en\/measuring-equipment\/in-process-optical-measurement\/vicivision-prima-series\/\",\"url\":\"https:\/\/www.sariki.es\/en\/measuring-equipment\/in-process-optical-measurement\/vicivision-prima-series\/\",\"name\":\"ViciVision Prima series - Metrolog\u00eda Sariki - production metrology\",\"isPartOf\":{\"@id\":\"https:\/\/www.sariki.es\/en\/#website\"},\"primaryImageOfPage\":{\"@id\":\"https:\/\/www.sariki.es\/en\/measuring-equipment\/in-process-optical-measurement\/vicivision-prima-series\/#primaryimage\"},\"image\":{\"@id\":\"https:\/\/www.sariki.es\/en\/measuring-equipment\/in-process-optical-measurement\/vicivision-prima-series\/#primaryimage\"},\"thumbnailUrl\":\"https:\/\/www.sariki.es\/wp-content\/uploads\/2022\/03\/vicivision_prima.jpg\",\"datePublished\":\"2022-03-11T16:00:25+00:00\",\"dateModified\":\"2026-05-04T07:43:53+00:00\",\"description\":\"The optical measuring machine for all turneries. Measure next to the lathe in seconds with ViciVision technology. Production metrology.\",\"breadcrumb\":{\"@id\":\"https:\/\/www.sariki.es\/en\/measuring-equipment\/in-process-optical-measurement\/vicivision-prima-series\/#breadcrumb\"},\"inLanguage\":\"en-US\",\"potentialAction\":[{\"@type\":\"ReadAction\",\"target\":[\"https:\/\/www.sariki.es\/en\/measuring-equipment\/in-process-optical-measurement\/vicivision-prima-series\/\"]}]},{\"@type\":\"ImageObject\",\"inLanguage\":\"en-US\",\"@id\":\"https:\/\/www.sariki.es\/en\/measuring-equipment\/in-process-optical-measurement\/vicivision-prima-series\/#primaryimage\",\"url\":\"https:\/\/www.sariki.es\/wp-content\/uploads\/2022\/03\/vicivision_prima.jpg\",\"contentUrl\":\"https:\/\/www.sariki.es\/wp-content\/uploads\/2022\/03\/vicivision_prima.jpg\"},{\"@type\":\"BreadcrumbList\",\"@id\":\"https:\/\/www.sariki.es\/en\/measuring-equipment\/in-process-optical-measurement\/vicivision-prima-series\/#breadcrumb\",\"itemListElement\":[{\"@type\":\"ListItem\",\"position\":1,\"name\":\"Inicio\",\"item\":\"https:\/\/www.sariki.es\/en\/\"},{\"@type\":\"ListItem\",\"position\":2,\"name\":\"Measuring equipment\",\"item\":\"https:\/\/www.sariki.es\/en\/measuring-equipment\/\"},{\"@type\":\"ListItem\",\"position\":3,\"name\":\"In process optical measurement\",\"item\":\"https:\/\/www.sariki.es\/en\/measuring-equipment\/in-process-optical-measurement\/\"},{\"@type\":\"ListItem\",\"position\":4,\"name\":\"ViciVision Prima series\"}]},{\"@type\":\"WebSite\",\"@id\":\"https:\/\/www.sariki.es\/en\/#website\",\"url\":\"https:\/\/www.sariki.es\/en\/\",\"name\":\"Sariki - Metrolog\u00eda industrial\",\"description\":\"Metrolog\u00eda industrial en Gipuzkoa\",\"publisher\":{\"@id\":\"https:\/\/www.sariki.es\/en\/#organization\"},\"potentialAction\":[{\"@type\":\"SearchAction\",\"target\":{\"@type\":\"EntryPoint\",\"urlTemplate\":\"https:\/\/www.sariki.es\/en\/?s={search_term_string}\"},\"query-input\":{\"@type\":\"PropertyValueSpecification\",\"valueRequired\":true,\"valueName\":\"search_term_string\"}}],\"inLanguage\":\"en-US\"},{\"@type\":\"Organization\",\"@id\":\"https:\/\/www.sariki.es\/en\/#organization\",\"name\":\"Sariki - Soluciones de metrolog\u00eda\",\"url\":\"https:\/\/www.sariki.es\/en\/\",\"logo\":{\"@type\":\"ImageObject\",\"inLanguage\":\"en-US\",\"@id\":\"https:\/\/www.sariki.es\/en\/#\/schema\/logo\/image\/\",\"url\":\"\",\"contentUrl\":\"\",\"caption\":\"Sariki - Soluciones de metrolog\u00eda\"},\"image\":{\"@id\":\"https:\/\/www.sariki.es\/en\/#\/schema\/logo\/image\/\"},\"sameAs\":[\"https:\/\/www.facebook.com\/MetrologiaSariki\",\"https:\/\/x.com\/sarikisa\"]}]}<\/script>\n<!-- \/ Yoast SEO Premium plugin. -->","yoast_head_json":{"title":"ViciVision Prima series - Metrolog\u00eda Sariki - production metrology","description":"The optical measuring machine for all turneries. Measure next to the lathe in seconds with ViciVision technology. Production metrology.","robots":{"index":"index","follow":"follow","max-snippet":"max-snippet:-1","max-image-preview":"max-image-preview:large","max-video-preview":"max-video-preview:-1"},"canonical":"https:\/\/www.sariki.es\/en\/measuring-equipment\/in-process-optical-measurement\/vicivision-prima-series\/","og_locale":"en_US","og_type":"article","og_title":"ViciVision Prima series","og_description":"The optical measuring machine for all turneries. Measure next to the lathe in seconds with ViciVision technology. Production metrology.","og_url":"https:\/\/www.sariki.es\/en\/measuring-equipment\/in-process-optical-measurement\/vicivision-prima-series\/","og_site_name":"Sariki - Metrolog\u00eda industrial","article_publisher":"https:\/\/www.facebook.com\/MetrologiaSariki","article_modified_time":"2026-05-04T07:43:53+00:00","og_image":[{"url":"https:\/\/www.sariki.es\/wp-content\/uploads\/2022\/03\/vicivision_prima.jpg","type":"","width":"","height":""}],"twitter_card":"summary_large_image","twitter_site":"@sarikisa","twitter_misc":{"Est. reading time":"3 minutes"},"schema":{"@context":"https:\/\/schema.org","@graph":[{"@type":"WebPage","@id":"https:\/\/www.sariki.es\/en\/measuring-equipment\/in-process-optical-measurement\/vicivision-prima-series\/","url":"https:\/\/www.sariki.es\/en\/measuring-equipment\/in-process-optical-measurement\/vicivision-prima-series\/","name":"ViciVision Prima series - Metrolog\u00eda Sariki - production metrology","isPartOf":{"@id":"https:\/\/www.sariki.es\/en\/#website"},"primaryImageOfPage":{"@id":"https:\/\/www.sariki.es\/en\/measuring-equipment\/in-process-optical-measurement\/vicivision-prima-series\/#primaryimage"},"image":{"@id":"https:\/\/www.sariki.es\/en\/measuring-equipment\/in-process-optical-measurement\/vicivision-prima-series\/#primaryimage"},"thumbnailUrl":"https:\/\/www.sariki.es\/wp-content\/uploads\/2022\/03\/vicivision_prima.jpg","datePublished":"2022-03-11T16:00:25+00:00","dateModified":"2026-05-04T07:43:53+00:00","description":"The optical measuring machine for all turneries. Measure next to the lathe in seconds with ViciVision technology. Production metrology.","breadcrumb":{"@id":"https:\/\/www.sariki.es\/en\/measuring-equipment\/in-process-optical-measurement\/vicivision-prima-series\/#breadcrumb"},"inLanguage":"en-US","potentialAction":[{"@type":"ReadAction","target":["https:\/\/www.sariki.es\/en\/measuring-equipment\/in-process-optical-measurement\/vicivision-prima-series\/"]}]},{"@type":"ImageObject","inLanguage":"en-US","@id":"https:\/\/www.sariki.es\/en\/measuring-equipment\/in-process-optical-measurement\/vicivision-prima-series\/#primaryimage","url":"https:\/\/www.sariki.es\/wp-content\/uploads\/2022\/03\/vicivision_prima.jpg","contentUrl":"https:\/\/www.sariki.es\/wp-content\/uploads\/2022\/03\/vicivision_prima.jpg"},{"@type":"BreadcrumbList","@id":"https:\/\/www.sariki.es\/en\/measuring-equipment\/in-process-optical-measurement\/vicivision-prima-series\/#breadcrumb","itemListElement":[{"@type":"ListItem","position":1,"name":"Inicio","item":"https:\/\/www.sariki.es\/en\/"},{"@type":"ListItem","position":2,"name":"Measuring equipment","item":"https:\/\/www.sariki.es\/en\/measuring-equipment\/"},{"@type":"ListItem","position":3,"name":"In process optical measurement","item":"https:\/\/www.sariki.es\/en\/measuring-equipment\/in-process-optical-measurement\/"},{"@type":"ListItem","position":4,"name":"ViciVision Prima series"}]},{"@type":"WebSite","@id":"https:\/\/www.sariki.es\/en\/#website","url":"https:\/\/www.sariki.es\/en\/","name":"Sariki - Metrolog\u00eda industrial","description":"Metrolog\u00eda industrial en Gipuzkoa","publisher":{"@id":"https:\/\/www.sariki.es\/en\/#organization"},"potentialAction":[{"@type":"SearchAction","target":{"@type":"EntryPoint","urlTemplate":"https:\/\/www.sariki.es\/en\/?s={search_term_string}"},"query-input":{"@type":"PropertyValueSpecification","valueRequired":true,"valueName":"search_term_string"}}],"inLanguage":"en-US"},{"@type":"Organization","@id":"https:\/\/www.sariki.es\/en\/#organization","name":"Sariki - Soluciones de metrolog\u00eda","url":"https:\/\/www.sariki.es\/en\/","logo":{"@type":"ImageObject","inLanguage":"en-US","@id":"https:\/\/www.sariki.es\/en\/#\/schema\/logo\/image\/","url":"","contentUrl":"","caption":"Sariki - Soluciones de metrolog\u00eda"},"image":{"@id":"https:\/\/www.sariki.es\/en\/#\/schema\/logo\/image\/"},"sameAs":["https:\/\/www.facebook.com\/MetrologiaSariki","https:\/\/x.com\/sarikisa"]}]}},"_links":{"self":[{"href":"https:\/\/www.sariki.es\/en\/wp-json\/wp\/v2\/pages\/17642","targetHints":{"allow":["GET"]}}],"collection":[{"href":"https:\/\/www.sariki.es\/en\/wp-json\/wp\/v2\/pages"}],"about":[{"href":"https:\/\/www.sariki.es\/en\/wp-json\/wp\/v2\/types\/page"}],"author":[{"embeddable":true,"href":"https:\/\/www.sariki.es\/en\/wp-json\/wp\/v2\/users\/6"}],"replies":[{"embeddable":true,"href":"https:\/\/www.sariki.es\/en\/wp-json\/wp\/v2\/comments?post=17642"}],"version-history":[{"count":4,"href":"https:\/\/www.sariki.es\/en\/wp-json\/wp\/v2\/pages\/17642\/revisions"}],"predecessor-version":[{"id":25685,"href":"https:\/\/www.sariki.es\/en\/wp-json\/wp\/v2\/pages\/17642\/revisions\/25685"}],"up":[{"embeddable":true,"href":"https:\/\/www.sariki.es\/en\/wp-json\/wp\/v2\/pages\/9522"}],"wp:attachment":[{"href":"https:\/\/www.sariki.es\/en\/wp-json\/wp\/v2\/media?parent=17642"}],"curies":[{"name":"wp","href":"https:\/\/api.w.org\/{rel}","templated":true}]}}