{"id":12456,"date":"2019-11-20T09:25:24","date_gmt":"2019-11-20T08:25:24","guid":{"rendered":"http:\/\/sariki.adimedia.net\/advice-request\/"},"modified":"2024-10-17T11:21:10","modified_gmt":"2024-10-17T09:21:10","slug":"advice-request","status":"publish","type":"page","link":"https:\/\/www.sariki.es\/en\/advice-request\/","title":{"rendered":"Advice Request"},"content":{"rendered":"\n\n\t\t<h1>\n\t\t\tAdvice Request\n\t\t<\/h1>\n                <form method='post' enctype='multipart\/form-data'  id='gform_48'  action='\/en\/?page_id=12456&#038;fl_builder' data-formid='48' novalidate> \n <input type='hidden' class='gforms-pum' value='{\"closepopup\":false,\"closedelay\":0,\"openpopup\":false,\"openpopup_id\":0}' \/>\n                        <ul id='gform_fields_48' class='gform_fields top_label form_sublabel_below description_below validation_below'><li id=\"field_48_1\"  data-js-reload=\"field_48_1\"><label class='gfield_label gform-field-label gfield_label_before_complex'>Name and surname*<\/label>\n                                                    <input type='text' name='input_1.3' id='input_48_1_3' value='' tabindex='101'  aria-required='true'     \/>\n                                                    <label for='input_48_1_3' class='gform-field-label gform-field-label--type-sub '>First<\/label>\n                                                    <input type='text' name='input_1.6' id='input_48_1_6' value='' tabindex='103'  aria-required='true'     \/>\n                                                    <label for='input_48_1_6' class='gform-field-label gform-field-label--type-sub '>Last<\/label>\n                        <\/li><li id=\"field_48_2\"  data-js-reload=\"field_48_2\"><label class='gfield_label gform-field-label' for='input_48_2'>Company*<\/label><input name='input_2' id='input_48_2' type='text' value='' class='medium'   tabindex='105'  aria-required=\"true\" aria-invalid=\"false\"   \/> <\/li><li id=\"field_48_12\"  data-js-reload=\"field_48_12\"><label class='gfield_label gform-field-label' for='input_48_12'>Position*<\/label><input name='input_12' id='input_48_12' type='text' value='' class='large'   tabindex='106'  aria-required=\"true\" aria-invalid=\"false\"   \/> <\/li><li id=\"field_48_6\"  data-js-reload=\"field_48_6\"><label class='gfield_label gform-field-label' for='input_48_6'>Email*<\/label>\n                            <input name='input_6' id='input_48_6' type='email' value='' class='medium' tabindex='107'   aria-required=\"true\" aria-invalid=\"false\"  \/>\n                        <\/li><li id=\"field_48_8\"  data-js-reload=\"field_48_8\"><label class='gfield_label gform-field-label' for='input_48_8'>Telephone*<\/label><input name='input_8' id='input_48_8' type='tel' value='' class='medium' tabindex='108'  aria-required=\"true\" aria-invalid=\"false\"   \/><\/li><li id=\"field_48_14\"  data-js-reload=\"field_48_14\"><label class='gfield_label gform-field-label' for='input_48_14'>Provincia*<\/label><select name='input_14' id='input_48_14' class='large gfield_select' tabindex='109'   aria-required=\"true\" aria-invalid=\"false\"><option value='A CORU\u00d1A'>A CORU\u00d1A<\/option><option value='ALAVA'>ALAVA<\/option><option value='ALBACETE'>ALBACETE<\/option><option value='ALICANTE'>ALICANTE<\/option><option value='ALMER\u00cdA'>ALMER\u00cdA<\/option><option value='ASTURIAS'>ASTURIAS<\/option><option value='\u00c1VILA'>\u00c1VILA<\/option><option value='BADAJOZ'>BADAJOZ<\/option><option value='BALEARES'>BALEARES<\/option><option value='BARCELONA'>BARCELONA<\/option><option value='BIZKAIA'>BIZKAIA<\/option><option value='BURGOS'>BURGOS<\/option><option value='CACERES'>CACERES<\/option><option value='C\u00c1DIZ'>C\u00c1DIZ<\/option><option value='CANTABRIA'>CANTABRIA<\/option><option value='CASTELL\u00d3N'>CASTELL\u00d3N<\/option><option value='CIUDAD REAL'>CIUDAD REAL<\/option><option value='C\u00d3RDOBA'>C\u00d3RDOBA<\/option><option value='CUENCA'>CUENCA<\/option><option value='GIRONA'>GIRONA<\/option><option value='GRANADA'>GRANADA<\/option><option value='GUADALAJARA'>GUADALAJARA<\/option><option value='GIPUZKOA'>GIPUZKOA<\/option><option value='HUELVA'>HUELVA<\/option><option value='HUESCA'>HUESCA<\/option><option value='JA\u00c9N'>JA\u00c9N<\/option><option value='LA RIOJA'>LA RIOJA<\/option><option value='LAS PALMAS'>LAS PALMAS<\/option><option value='LE\u00d3N'>LE\u00d3N<\/option><option value='L\u00c9RIDA'>L\u00c9RIDA<\/option><option value='LUGO'>LUGO<\/option><option value='MADRID'>MADRID<\/option><option value='M\u00c1LAGA'>M\u00c1LAGA<\/option><option value='MURCIA'>MURCIA<\/option><option value='NAVARRA'>NAVARRA<\/option><option value='OURENSE'>OURENSE<\/option><option value='PALENCIA'>PALENCIA<\/option><option value='PONTEVEDRA'>PONTEVEDRA<\/option><option value='SALAMANCA'>SALAMANCA<\/option><option value='SEGOVIA'>SEGOVIA<\/option><option value='SEVILLA'>SEVILLA<\/option><option value='SORIA'>SORIA<\/option><option value='TARRAGONA'>TARRAGONA<\/option><option value='SANTA CRUZ DE TENERIFE'>SANTA CRUZ DE TENERIFE<\/option><option value='TERUEL'>TERUEL<\/option><option value='TOLEDO'>TOLEDO<\/option><option value='VALENCIA'>VALENCIA<\/option><option value='VALLADOLID'>VALLADOLID<\/option><option value='ZAMORA'>ZAMORA<\/option><option value='ZARAGOZA'>ZARAGOZA<\/option><option value='CEUTA'>CEUTA<\/option><option value='MELILLA'>MELILLA<\/option><option value='PORTUGAL'>PORTUGAL<\/option><\/select><\/li><li id=\"field_48_11\"  data-js-reload=\"field_48_11\"><label class='gfield_label gform-field-label' for='input_48_11'>Request*<\/label><textarea name='input_11' id='input_48_11' class='textarea medium' tabindex='110'    aria-required=\"true\" aria-invalid=\"false\"   rows='10' cols='50'><\/textarea><\/li><li id=\"field_48_10\"  data-js-reload=\"field_48_10\"><label class='gfield_label gform-field-label gfield_label_before_complex'>Consent*<\/label><input name='input_10.1' id='input_48_10_1' type='checkbox' value='1' tabindex='111'  aria-required=\"true\" aria-invalid=\"false\"   \/> <label for='input_48_10_1'>Yes, I have READ and ACCEPT expressly in all its terms the <a href=\"\/aviso-legal\">legal information<\/a><\/label><input type='hidden' name='input_10.2' value='Yes, I have READ and ACCEPT expressly in all its terms the &lt;a href=&quot;\/aviso-legal&quot;&gt;legal information&lt;\/a&gt;' class='gform_hidden' \/><input type='hidden' name='input_10.3' value='4' class='gform_hidden' \/><\/li><li id=\"field_48_7\"  data-js-reload=\"field_48_7\"><label class='gfield_label gform-field-label' for='input_48_7'>Anti-Spam system<\/label><\/li><\/ul>\n         <input type='submit' id='gform_submit_button_48' class='gform_button button' value='Send' tabindex='113' onclick='if(window[\"gf_submitting_48\"]){return false;}  if( !jQuery(\"#gform_48\")[0].checkValidity || jQuery(\"#gform_48\")[0].checkValidity()){window[\"gf_submitting_48\"]=true;}  ' onkeypress='if( event.keyCode == 13 ){ if(window[\"gf_submitting_48\"]){return false;} if( !jQuery(\"#gform_48\")[0].checkValidity || jQuery(\"#gform_48\")[0].checkValidity()){window[\"gf_submitting_48\"]=true;}  jQuery(\"#gform_48\").trigger(\"submit\",[true]); }' \/> \n            <input type='hidden' class='gform_hidden' name='is_submit_48' value='1' \/>\n            <input type='hidden' class='gform_hidden' name='gform_submit' value='48' \/>\n            <input type='hidden' class='gform_hidden' name='gform_unique_id' value='' \/>\n            <input type='hidden' class='gform_hidden' name='state_48' value='WyJ7XCIxNFwiOltcIjYyMzU1YTI3OTUzMDI3NTFiM2FmZDM2NTEyZjJhOWM2XCIsXCJjNjMxZTc0ZjNiNTQwY2VkMzUxNDhkOGNkMGUxMmQwOFwiLFwiMjBjMDU2NTAyNTM4NGU4Zjc1ODcxN2Y5MzM2OWQ0NjJcIixcIjlhNTI4Y2EwYTk0NzA0NTAyZjVkNDE0ZTFjMzA1N2QyXCIsXCIyMmE1MDA2ZGM4ZTQ3MjViZTljYzdlODU4ZjEyN2EwM1wiLFwiZjdkNWQ2NzRjZTg4MWJiNGY2NDlhOGEwNDkzYjhkMGJcIixcIjAyYmQzMDhmNTM0YWVlNTc3N2ExNDUxOTM0OGVlNDgwXCIsXCI2ZDY2MmE3ZjRlMWYwYjk3YjZlZmI4Mzg0MmE1OTUyMFwiLFwiZGNiNjFhODhjZDMzNmMyZDM2NzFjNTJjMmM0Nzg4NzJcIixcIjAzNjU2MmU0NWY0NjQyYTE2NDhhYTQ4YmUwZjc2MjE3XCIsXCJjZTJkMTRiMDI5YTEzYzE3ODg4Y2YxMDdiZGY1NDhiY1wiLFwiYzgxMDZmZDFkNTZkNTMyZDYyNjdlZDJiNzUwNDMwYjhcIixcImVhNjc3Yjk5ZjU2NzljMWJmMjE2YzRiMzBjYjYzMmExXCIsXCIyNzc2ZjlmMmI0NjBlN2YzZjNjODg1N2E5ZjUxNjhhMVwiLFwiMTQ2Y2U1YzA2MTUxNDcyOWNjMzZkYWYxMTVkNDNiYWNcIixcImI3MTk1YzMyODc0OTU1YThhZDdkZDMyMDM2YjM2YTlkXCIsXCJiMWExYWU4YzY5YTQ5YWNlMDlmNGY0NDhiZDNkYjAzOVwiLFwiYmE5ZTU5OTRmM2YzYTViMWYzZWYzYTYyODlkZmM0ZDRcIixcImRlMmZjMDViYmMyNzQzYzAyYzQzNjZhMzI2OTFhYjI1XCIsXCJmNjZlNjZjYmQwMmM4YzI5MGFhYjQ2YzFjZWVlMTQxOFwiLFwiNDgwNjMzYWNhZjE3ZjMxYzliNjkwODQ2MDRiYjQwN2VcIixcImJjMjJjNDk4MzNlYzkyNTQwZjA0ZjI5NmY2Yzk4MGNiXCIsXCJhYTUzYzNhMDlhZjFhNDU0YjliNDdjOWM4YjZhZTRhM1wiLFwiYzU3MTNlNTI1MGVkOGM5OGMyYzQ4ZGJjZDU4MmEzNmZcIixcImNlNDUyMzAyMjNhY2M1MWQ3MDVhMTY4NTA3YTQ0ODhmXCIsXCIzNTQ3YWQ4YWEyMGJhMmQ3MjRlMDY0ZTU4MDkwYTM5NFwiLFwiZDc1MDQ4YjBhZTg2NTQ4MzFhYmI4ZTgzNmI0MDRkZGNcIixcImVhM2NmY2EzY2ZkODI5NDlmZTdhNTE2YmZmMzc3NDRhXCIsXCI3NWI0YTQxNjMzNDEwMzA5YTg4NjhkNGY2NTMwZmYwYVwiLFwiY2U4NGRmYTg1MzRjOGUxOThiZDNmMzY2MmIyZjgwYmZcIixcIjc0ZjFlNWQxN2JlYmM3NzJkNjYxMjJmOGE3MmM3ZTA4XCIsXCIwMzM0ODA1YWVjZjRkMjQ3NzY2ZmViNzQ2NTk5ZDhiMVwiLFwiODc0MjkwNjI4MTFjY2E0MDEzMDU0ODkwNWVmMWJjN2NcIixcIjBlZjRkMmZlNDI2MWMzNDNiNGIxZTFmYjY1NjA1OTc5XCIsXCI5OTA2MWZkMGNlZTg1MjIxYzYyNTQ4ZWMyYjc4ODM4YVwiLFwiMTVmYzY5N2EwMmQwZjU4Y2VkMzVkM2Q5NmVhMjAzZjdcIixcIjNkY2ExNzZmZDg1Nzc0OTY1MDQwYzMyZDUzNWY0OTUxXCIsXCI4YWI2Y2Q3ZTkxZGQxMzQwNDU0NzdmNWYyZDgzODYzZVwiLFwiYWIzY2E0ODYxNWUzMTVhNDQ4OGEwMGEwNzc0OWQ1NDJcIixcIjY4ZmI2YWFkY2UwNTNkYmY1ZGE5ZGMyN2RlNTIxMTI4XCIsXCIzMGRjM2M0MjJlOWU4NGMwOTY3Mjk0MzlhMzIzYzQ2MVwiLFwiNDQwOGYwZGVjMzkyMzQ1NGI4NzBkNTY3YTU5ODNmZjdcIixcIjU2N2VjZTcwNGViNWZmOTVhNTlmMWUxNTRhYjNhMTE3XCIsXCJmYTFkOWJlNGE2MGYxOGI5YzQxZWU5NzM5YjM5YTUwZFwiLFwiMjZhYzkwMDRlNzc3NWRhYjI3ZDg3OThmOTMzZDk1OWRcIixcImVlODc4MGM3ODA1MjQyMGI5YjVkZjUxMDU5NTFkNWUyXCIsXCJlZjQwMWRjNWRkZmFkNTRlMjdmZDcxMDRmZWQ3YmFlMlwiLFwiZjNlZTk4NDNiNDMyNjRlZGIzMTM4ODkwZWIwNWRiNDRcIixcIjJkNjIwNzA2ZjY0ZmEyYjk2MWQ5Y2RmMDM2YjMzYzQ5XCIsXCI3NTM0MmQ2Y2Q3MjY0NmUzMDljMmZjODFlOWVkZmVmY1wiLFwiMGQ2NWYxNzU1MDMyMWQxZjNjNTFlYjg1YWM4OTE0MjJcIixcIjY2ODU5MmYzNjYxNDcxZGIxMzU2ZmIxM2E1YmIyNjhmXCIsXCIwNTU1ZmUxNjU2YmZkZWM0NDBiMzk5MjMwYTQyMjQwN1wiXSxcIjEwLjFcIjpcIjlmNDE5YzkwMTZhNTI3NmI5OGJkMWM0MjRiMTQ3YzU5XCIsXCIxMC4yXCI6XCJkM2Y3MjVkYzM4MjY5MWNkNTlhYmM2NTgwMTZkMDI2NFwiLFwiMTAuM1wiOlwiNWNhZDE3MzMxOGYxNDEwZjhlZDhjN2QyYjNlNjMwNGVcIn0iLCIyZjI4MTEwM2IwMTFjMGY2YzU4M2EzZWJmMDczOTZjNCJd' \/>\n            <input type='hidden' class='gform_hidden' name='gform_target_page_number_48' id='gform_target_page_number_48' value='0' \/>\n            <input type='hidden' class='gform_hidden' name='gform_source_page_number_48' id='gform_source_page_number_48' value='1' \/>\n            <input type='hidden' name='gform_field_values' value='' \/>\n                        <label>&#916;<textarea name=\"ak_hp_textarea\" cols=\"45\" rows=\"8\" maxlength=\"100\"><\/textarea><\/label><input type=\"hidden\" id=\"ak_js_1\" name=\"ak_js\" value=\"224\"\/><\/form>\n\t\t\t\t\t\t\t\t<a href=\"https:\/\/www.sariki.es\/en\/production-metrology\/solutions\/\" target=\"_self\" itemprop=\"url\" rel=\"noopener\">\n\t\t\t\t\t\t\t\t\t<img loading=\"lazy\" decoding=\"async\" src=\"https:\/\/www.sariki.es\/wp-content\/uploads\/2019\/11\/banner-asesoramiento.jpg\" alt=\"banner-asesoramiento\" itemprop=\"image\" height=\"325\" width=\"364\" srcset=\"https:\/\/www.sariki.es\/wp-content\/uploads\/2019\/11\/banner-asesoramiento.jpg 364w, https:\/\/www.sariki.es\/wp-content\/uploads\/2019\/11\/banner-asesoramiento-300x268.jpg 300w\" sizes=\"auto, (max-width: 364px) 100vw, 364px\" title=\"banner-asesoramiento\" onerror=\"this.style.display='none'\"  \/>\n\t\t\t\t\t\t\t\t\t\t\t\t\t<\/a>\n\n","protected":false},"excerpt":{"rendered":"<p>Advice Request Name and surname* First Last Company* Position* Email* Telephone* Provincia*A CORU\u00d1AALAVAALBACETEALICANTEALMER\u00cdAASTURIAS\u00c1VILABADAJOZBALEARESBARCELONABIZKAIABURGOSCACERESC\u00c1DIZCANTABRIACASTELL\u00d3NCIUDAD REALC\u00d3RDOBACUENCAGIRONAGRANADAGUADALAJARAGIPUZKOAHUELVAHUESCAJA\u00c9NLA RIOJALAS PALMASLE\u00d3NL\u00c9RIDALUGOMADRIDM\u00c1LAGAMURCIANAVARRAOURENSEPALENCIAPONTEVEDRASALAMANCASEGOVIASEVILLASORIATARRAGONASANTA CRUZ DE TENERIFETERUELTOLEDOVALENCIAVALLADOLIDZAMORAZARAGOZACEUTAMELILLAPORTUGAL Request* Consent* Yes, I have READ and ACCEPT expressly in all its terms the legal information Anti-Spam system &#916;<\/p>\n","protected":false},"author":1,"featured_media":0,"parent":0,"menu_order":0,"comment_status":"closed","ping_status":"closed","template":"","meta":{"footnotes":""},"class_list":["post-12456","page","type-page","status-publish","hentry"],"yoast_head":"<!-- This site is optimized with the Yoast SEO Premium plugin v24.6 (Yoast SEO v24.6) - https:\/\/yoast.com\/wordpress\/plugins\/seo\/ -->\n<title>Advice Request - Metrolog\u00eda Sariki - Industrial Metrology<\/title>\n<meta name=\"description\" content=\"Write us and we will help you choose the best technology to meet your measurement challenges. Our experts will advise you.\" \/>\n<meta name=\"robots\" content=\"index, follow, max-snippet:-1, max-image-preview:large, max-video-preview:-1\" \/>\n<link rel=\"canonical\" href=\"https:\/\/www.sariki.es\/en\/advice-request\/\" \/>\n<meta property=\"og:locale\" content=\"en_US\" \/>\n<meta property=\"og:type\" content=\"article\" \/>\n<meta property=\"og:title\" content=\"Advice Request\" \/>\n<meta property=\"og:description\" content=\"Write us and we will help you choose the best technology to meet your measurement challenges. Our experts will advise you.\" \/>\n<meta property=\"og:url\" content=\"https:\/\/www.sariki.es\/en\/advice-request\/\" \/>\n<meta property=\"og:site_name\" content=\"Sariki - Metrolog\u00eda industrial\" \/>\n<meta property=\"article:publisher\" content=\"https:\/\/www.facebook.com\/MetrologiaSariki\" \/>\n<meta property=\"article:modified_time\" content=\"2024-10-17T09:21:10+00:00\" \/>\n<meta property=\"og:image\" content=\"https:\/\/www.sariki.es\/wp-content\/uploads\/2019\/11\/banner-asesoramiento.jpg\" \/>\n<meta name=\"twitter:card\" content=\"summary_large_image\" \/>\n<meta name=\"twitter:site\" content=\"@sarikisa\" \/>\n<script type=\"application\/ld+json\" class=\"yoast-schema-graph\">{\"@context\":\"https:\/\/schema.org\",\"@graph\":[{\"@type\":\"WebPage\",\"@id\":\"https:\/\/www.sariki.es\/en\/advice-request\/\",\"url\":\"https:\/\/www.sariki.es\/en\/advice-request\/\",\"name\":\"Advice Request - Metrolog\u00eda Sariki - Industrial Metrology\",\"isPartOf\":{\"@id\":\"https:\/\/www.sariki.es\/en\/#website\"},\"primaryImageOfPage\":{\"@id\":\"https:\/\/www.sariki.es\/en\/advice-request\/#primaryimage\"},\"image\":{\"@id\":\"https:\/\/www.sariki.es\/en\/advice-request\/#primaryimage\"},\"thumbnailUrl\":\"https:\/\/www.sariki.es\/wp-content\/uploads\/2019\/11\/banner-asesoramiento.jpg\",\"datePublished\":\"2019-11-20T08:25:24+00:00\",\"dateModified\":\"2024-10-17T09:21:10+00:00\",\"description\":\"Write us and we will help you choose the best technology to meet your measurement challenges. Our experts will advise you.\",\"breadcrumb\":{\"@id\":\"https:\/\/www.sariki.es\/en\/advice-request\/#breadcrumb\"},\"inLanguage\":\"en-US\",\"potentialAction\":[{\"@type\":\"ReadAction\",\"target\":[\"https:\/\/www.sariki.es\/en\/advice-request\/\"]}]},{\"@type\":\"ImageObject\",\"inLanguage\":\"en-US\",\"@id\":\"https:\/\/www.sariki.es\/en\/advice-request\/#primaryimage\",\"url\":\"https:\/\/www.sariki.es\/wp-content\/uploads\/2019\/11\/banner-asesoramiento.jpg\",\"contentUrl\":\"https:\/\/www.sariki.es\/wp-content\/uploads\/2019\/11\/banner-asesoramiento.jpg\"},{\"@type\":\"BreadcrumbList\",\"@id\":\"https:\/\/www.sariki.es\/en\/advice-request\/#breadcrumb\",\"itemListElement\":[{\"@type\":\"ListItem\",\"position\":1,\"name\":\"Inicio\",\"item\":\"https:\/\/www.sariki.es\/en\/\"},{\"@type\":\"ListItem\",\"position\":2,\"name\":\"Advice Request\"}]},{\"@type\":\"WebSite\",\"@id\":\"https:\/\/www.sariki.es\/en\/#website\",\"url\":\"https:\/\/www.sariki.es\/en\/\",\"name\":\"Sariki - Metrolog\u00eda industrial\",\"description\":\"Metrolog\u00eda industrial en Gipuzkoa\",\"publisher\":{\"@id\":\"https:\/\/www.sariki.es\/en\/#organization\"},\"potentialAction\":[{\"@type\":\"SearchAction\",\"target\":{\"@type\":\"EntryPoint\",\"urlTemplate\":\"https:\/\/www.sariki.es\/en\/?s={search_term_string}\"},\"query-input\":{\"@type\":\"PropertyValueSpecification\",\"valueRequired\":true,\"valueName\":\"search_term_string\"}}],\"inLanguage\":\"en-US\"},{\"@type\":\"Organization\",\"@id\":\"https:\/\/www.sariki.es\/en\/#organization\",\"name\":\"Sariki - Soluciones de metrolog\u00eda\",\"url\":\"https:\/\/www.sariki.es\/en\/\",\"logo\":{\"@type\":\"ImageObject\",\"inLanguage\":\"en-US\",\"@id\":\"https:\/\/www.sariki.es\/en\/#\/schema\/logo\/image\/\",\"url\":\"\",\"contentUrl\":\"\",\"caption\":\"Sariki - Soluciones de metrolog\u00eda\"},\"image\":{\"@id\":\"https:\/\/www.sariki.es\/en\/#\/schema\/logo\/image\/\"},\"sameAs\":[\"https:\/\/www.facebook.com\/MetrologiaSariki\",\"https:\/\/x.com\/sarikisa\"]}]}<\/script>\n<!-- \/ Yoast SEO Premium plugin. -->","yoast_head_json":{"title":"Advice Request - Metrolog\u00eda Sariki - Industrial Metrology","description":"Write us and we will help you choose the best technology to meet your measurement challenges. Our experts will advise you.","robots":{"index":"index","follow":"follow","max-snippet":"max-snippet:-1","max-image-preview":"max-image-preview:large","max-video-preview":"max-video-preview:-1"},"canonical":"https:\/\/www.sariki.es\/en\/advice-request\/","og_locale":"en_US","og_type":"article","og_title":"Advice Request","og_description":"Write us and we will help you choose the best technology to meet your measurement challenges. Our experts will advise you.","og_url":"https:\/\/www.sariki.es\/en\/advice-request\/","og_site_name":"Sariki - Metrolog\u00eda industrial","article_publisher":"https:\/\/www.facebook.com\/MetrologiaSariki","article_modified_time":"2024-10-17T09:21:10+00:00","og_image":[{"url":"https:\/\/www.sariki.es\/wp-content\/uploads\/2019\/11\/banner-asesoramiento.jpg","type":"","width":"","height":""}],"twitter_card":"summary_large_image","twitter_site":"@sarikisa","schema":{"@context":"https:\/\/schema.org","@graph":[{"@type":"WebPage","@id":"https:\/\/www.sariki.es\/en\/advice-request\/","url":"https:\/\/www.sariki.es\/en\/advice-request\/","name":"Advice Request - Metrolog\u00eda Sariki - Industrial Metrology","isPartOf":{"@id":"https:\/\/www.sariki.es\/en\/#website"},"primaryImageOfPage":{"@id":"https:\/\/www.sariki.es\/en\/advice-request\/#primaryimage"},"image":{"@id":"https:\/\/www.sariki.es\/en\/advice-request\/#primaryimage"},"thumbnailUrl":"https:\/\/www.sariki.es\/wp-content\/uploads\/2019\/11\/banner-asesoramiento.jpg","datePublished":"2019-11-20T08:25:24+00:00","dateModified":"2024-10-17T09:21:10+00:00","description":"Write us and we will help you choose the best technology to meet your measurement challenges. Our experts will advise you.","breadcrumb":{"@id":"https:\/\/www.sariki.es\/en\/advice-request\/#breadcrumb"},"inLanguage":"en-US","potentialAction":[{"@type":"ReadAction","target":["https:\/\/www.sariki.es\/en\/advice-request\/"]}]},{"@type":"ImageObject","inLanguage":"en-US","@id":"https:\/\/www.sariki.es\/en\/advice-request\/#primaryimage","url":"https:\/\/www.sariki.es\/wp-content\/uploads\/2019\/11\/banner-asesoramiento.jpg","contentUrl":"https:\/\/www.sariki.es\/wp-content\/uploads\/2019\/11\/banner-asesoramiento.jpg"},{"@type":"BreadcrumbList","@id":"https:\/\/www.sariki.es\/en\/advice-request\/#breadcrumb","itemListElement":[{"@type":"ListItem","position":1,"name":"Inicio","item":"https:\/\/www.sariki.es\/en\/"},{"@type":"ListItem","position":2,"name":"Advice Request"}]},{"@type":"WebSite","@id":"https:\/\/www.sariki.es\/en\/#website","url":"https:\/\/www.sariki.es\/en\/","name":"Sariki - Metrolog\u00eda industrial","description":"Metrolog\u00eda industrial en Gipuzkoa","publisher":{"@id":"https:\/\/www.sariki.es\/en\/#organization"},"potentialAction":[{"@type":"SearchAction","target":{"@type":"EntryPoint","urlTemplate":"https:\/\/www.sariki.es\/en\/?s={search_term_string}"},"query-input":{"@type":"PropertyValueSpecification","valueRequired":true,"valueName":"search_term_string"}}],"inLanguage":"en-US"},{"@type":"Organization","@id":"https:\/\/www.sariki.es\/en\/#organization","name":"Sariki - Soluciones de metrolog\u00eda","url":"https:\/\/www.sariki.es\/en\/","logo":{"@type":"ImageObject","inLanguage":"en-US","@id":"https:\/\/www.sariki.es\/en\/#\/schema\/logo\/image\/","url":"","contentUrl":"","caption":"Sariki - Soluciones de metrolog\u00eda"},"image":{"@id":"https:\/\/www.sariki.es\/en\/#\/schema\/logo\/image\/"},"sameAs":["https:\/\/www.facebook.com\/MetrologiaSariki","https:\/\/x.com\/sarikisa"]}]}},"_links":{"self":[{"href":"https:\/\/www.sariki.es\/en\/wp-json\/wp\/v2\/pages\/12456","targetHints":{"allow":["GET"]}}],"collection":[{"href":"https:\/\/www.sariki.es\/en\/wp-json\/wp\/v2\/pages"}],"about":[{"href":"https:\/\/www.sariki.es\/en\/wp-json\/wp\/v2\/types\/page"}],"author":[{"embeddable":true,"href":"https:\/\/www.sariki.es\/en\/wp-json\/wp\/v2\/users\/1"}],"replies":[{"embeddable":true,"href":"https:\/\/www.sariki.es\/en\/wp-json\/wp\/v2\/comments?post=12456"}],"version-history":[{"count":3,"href":"https:\/\/www.sariki.es\/en\/wp-json\/wp\/v2\/pages\/12456\/revisions"}],"predecessor-version":[{"id":22905,"href":"https:\/\/www.sariki.es\/en\/wp-json\/wp\/v2\/pages\/12456\/revisions\/22905"}],"wp:attachment":[{"href":"https:\/\/www.sariki.es\/en\/wp-json\/wp\/v2\/media?parent=12456"}],"curies":[{"name":"wp","href":"https:\/\/api.w.org\/{rel}","templated":true}]}}