{"id":12455,"date":"2019-11-20T09:23:33","date_gmt":"2019-11-20T08:23:33","guid":{"rendered":"http:\/\/sariki.adimedia.net\/i-want-a-quote\/"},"modified":"2024-10-17T11:18:26","modified_gmt":"2024-10-17T09:18:26","slug":"i-want-a-quote","status":"publish","type":"page","link":"https:\/\/www.sariki.es\/en\/i-want-a-quote\/","title":{"rendered":"I want a quote"},"content":{"rendered":"\n\n\t\t<h1>\n\t\t\tBudget request\n\t\t<\/h1>\n                <form method='post' enctype='multipart\/form-data'  id='gform_47'  action='\/en\/?page_id=12455&#038;fl_builder' data-formid='47' novalidate> \n <input type='hidden' class='gforms-pum' value='{\"closepopup\":false,\"closedelay\":0,\"openpopup\":false,\"openpopup_id\":0}' \/>\n                        <ul id='gform_fields_47' class='gform_fields top_label form_sublabel_below description_below validation_below'><li id=\"field_47_1\"  data-js-reload=\"field_47_1\"><label class='gfield_label gform-field-label gfield_label_before_complex'>Name and surname*<\/label>\n                                                    <input type='text' name='input_1.3' id='input_47_1_3' value='' tabindex='101'  aria-required='true'     \/>\n                                                    <label for='input_47_1_3' class='gform-field-label gform-field-label--type-sub '>First<\/label>\n                        <\/li><li id=\"field_47_2\"  data-js-reload=\"field_47_2\"><label class='gfield_label gform-field-label' for='input_47_2'>Company*<\/label><input name='input_2' id='input_47_2' type='text' value='' class='medium'   tabindex='105'  aria-required=\"true\" aria-invalid=\"false\"   \/> <\/li><li id=\"field_47_5\"  data-js-reload=\"field_47_5\"><label class='gfield_label gform-field-label' for='input_47_5'>Position*<\/label><input name='input_5' id='input_47_5' type='text' value='' class='medium'   tabindex='106'  aria-required=\"true\" aria-invalid=\"false\"   \/> <\/li><li id=\"field_47_6\"  data-js-reload=\"field_47_6\"><label class='gfield_label gform-field-label' for='input_47_6'>Email*<\/label>\n                            <input name='input_6' id='input_47_6' type='email' value='' class='medium' tabindex='107'   aria-required=\"true\" aria-invalid=\"false\"  \/>\n                        <\/li><li id=\"field_47_8\"  data-js-reload=\"field_47_8\"><label class='gfield_label gform-field-label' for='input_47_8'>Telephone*<\/label><input name='input_8' id='input_47_8' type='tel' value='' class='medium' tabindex='108'  aria-required=\"true\" aria-invalid=\"false\"   \/><\/li><li id=\"field_47_12\"  data-js-reload=\"field_47_12\"><label class='gfield_label gform-field-label' for='input_47_12'>Provincia*<\/label><select name='input_12' id='input_47_12' class='large gfield_select' tabindex='109'   aria-required=\"true\" aria-invalid=\"false\"><option value='A CORU\u00d1A'>A CORU\u00d1A<\/option><option value='ALAVA'>ALAVA<\/option><option value='ALBACETE'>ALBACETE<\/option><option value='ALICANTE'>ALICANTE<\/option><option value='ALMER\u00cdA'>ALMER\u00cdA<\/option><option value='ASTURIAS'>ASTURIAS<\/option><option value='\u00c1VILA'>\u00c1VILA<\/option><option value='BADAJOZ'>BADAJOZ<\/option><option value='BALEARES'>BALEARES<\/option><option value='BARCELONA'>BARCELONA<\/option><option value='BIZKAIA'>BIZKAIA<\/option><option value='BURGOS'>BURGOS<\/option><option value='CACERES'>CACERES<\/option><option value='C\u00c1DIZ'>C\u00c1DIZ<\/option><option value='CANTABRIA'>CANTABRIA<\/option><option value='CASTELL\u00d3N'>CASTELL\u00d3N<\/option><option value='CIUDAD REAL'>CIUDAD REAL<\/option><option value='C\u00d3RDOBA'>C\u00d3RDOBA<\/option><option value='CUENCA'>CUENCA<\/option><option value='GIRONA'>GIRONA<\/option><option value='GRANADA'>GRANADA<\/option><option value='GUADALAJARA'>GUADALAJARA<\/option><option value='GIPUZKOA'>GIPUZKOA<\/option><option value='HUELVA'>HUELVA<\/option><option value='HUESCA'>HUESCA<\/option><option value='JA\u00c9N'>JA\u00c9N<\/option><option value='LA RIOJA'>LA RIOJA<\/option><option value='LAS PALMAS'>LAS PALMAS<\/option><option value='LE\u00d3N'>LE\u00d3N<\/option><option value='L\u00c9RIDA'>L\u00c9RIDA<\/option><option value='LUGO'>LUGO<\/option><option value='MADRID'>MADRID<\/option><option value='M\u00c1LAGA'>M\u00c1LAGA<\/option><option value='MURCIA'>MURCIA<\/option><option value='NAVARRA'>NAVARRA<\/option><option value='OURENSE'>OURENSE<\/option><option value='PALENCIA'>PALENCIA<\/option><option value='PONTEVEDRA'>PONTEVEDRA<\/option><option value='SALAMANCA'>SALAMANCA<\/option><option value='SEGOVIA'>SEGOVIA<\/option><option value='SEVILLA'>SEVILLA<\/option><option value='SORIA'>SORIA<\/option><option value='TARRAGONA'>TARRAGONA<\/option><option value='SANTA CRUZ DE TENERIFE'>SANTA CRUZ DE TENERIFE<\/option><option value='TERUEL'>TERUEL<\/option><option value='TOLEDO'>TOLEDO<\/option><option value='VALENCIA'>VALENCIA<\/option><option value='VALLADOLID'>VALLADOLID<\/option><option value='ZAMORA'>ZAMORA<\/option><option value='ZARAGOZA'>ZARAGOZA<\/option><option value='CEUTA'>CEUTA<\/option><option value='MELILLA'>MELILLA<\/option><option value='PORTUGAL'>PORTUGAL<\/option><\/select><\/li><li id=\"field_47_11\"  data-js-reload=\"field_47_11\"><label class='gfield_label gform-field-label' for='input_47_11'>Request*<\/label><textarea name='input_11' id='input_47_11' class='textarea medium' tabindex='110'    aria-required=\"true\" aria-invalid=\"false\"   rows='10' cols='50'><\/textarea><\/li><li id=\"field_47_10\"  data-js-reload=\"field_47_10\"><label class='gfield_label gform-field-label gfield_label_before_complex'>Consent*<\/label><input name='input_10.1' id='input_47_10_1' type='checkbox' value='1' tabindex='111'  aria-required=\"true\" aria-invalid=\"false\"   \/> <label for='input_47_10_1'>Yes, I have READ and ACCEPT expressly in all its terms the <a href=\"\/aviso-legal\">legal information<\/a><\/label><input type='hidden' name='input_10.2' value='Yes, I have READ and ACCEPT expressly in all its terms the &lt;a href=&quot;\/aviso-legal&quot;&gt;legal information&lt;\/a&gt;' class='gform_hidden' \/><input type='hidden' name='input_10.3' value='3' class='gform_hidden' \/><\/li><li id=\"field_47_7\"  data-js-reload=\"field_47_7\"><label class='gfield_label gform-field-label' for='input_47_7'>Anti-Spam system<\/label><\/li><\/ul>\n         <input type='submit' id='gform_submit_button_47' class='gform_button button' value='Send' tabindex='113' onclick='if(window[\"gf_submitting_47\"]){return false;}  if( !jQuery(\"#gform_47\")[0].checkValidity || jQuery(\"#gform_47\")[0].checkValidity()){window[\"gf_submitting_47\"]=true;}  ' onkeypress='if( event.keyCode == 13 ){ if(window[\"gf_submitting_47\"]){return false;} if( !jQuery(\"#gform_47\")[0].checkValidity || jQuery(\"#gform_47\")[0].checkValidity()){window[\"gf_submitting_47\"]=true;}  jQuery(\"#gform_47\").trigger(\"submit\",[true]); }' \/> \n            <input type='hidden' class='gform_hidden' name='is_submit_47' value='1' \/>\n            <input type='hidden' class='gform_hidden' name='gform_submit' value='47' \/>\n            <input type='hidden' class='gform_hidden' name='gform_unique_id' value='' \/>\n            <input type='hidden' class='gform_hidden' name='state_47' value='WyJ7XCIxMlwiOltcIjYyMzU1YTI3OTUzMDI3NTFiM2FmZDM2NTEyZjJhOWM2XCIsXCJjNjMxZTc0ZjNiNTQwY2VkMzUxNDhkOGNkMGUxMmQwOFwiLFwiMjBjMDU2NTAyNTM4NGU4Zjc1ODcxN2Y5MzM2OWQ0NjJcIixcIjlhNTI4Y2EwYTk0NzA0NTAyZjVkNDE0ZTFjMzA1N2QyXCIsXCIyMmE1MDA2ZGM4ZTQ3MjViZTljYzdlODU4ZjEyN2EwM1wiLFwiZjdkNWQ2NzRjZTg4MWJiNGY2NDlhOGEwNDkzYjhkMGJcIixcIjAyYmQzMDhmNTM0YWVlNTc3N2ExNDUxOTM0OGVlNDgwXCIsXCI2ZDY2MmE3ZjRlMWYwYjk3YjZlZmI4Mzg0MmE1OTUyMFwiLFwiZGNiNjFhODhjZDMzNmMyZDM2NzFjNTJjMmM0Nzg4NzJcIixcIjAzNjU2MmU0NWY0NjQyYTE2NDhhYTQ4YmUwZjc2MjE3XCIsXCJjZTJkMTRiMDI5YTEzYzE3ODg4Y2YxMDdiZGY1NDhiY1wiLFwiYzgxMDZmZDFkNTZkNTMyZDYyNjdlZDJiNzUwNDMwYjhcIixcImVhNjc3Yjk5ZjU2NzljMWJmMjE2YzRiMzBjYjYzMmExXCIsXCIyNzc2ZjlmMmI0NjBlN2YzZjNjODg1N2E5ZjUxNjhhMVwiLFwiMTQ2Y2U1YzA2MTUxNDcyOWNjMzZkYWYxMTVkNDNiYWNcIixcImI3MTk1YzMyODc0OTU1YThhZDdkZDMyMDM2YjM2YTlkXCIsXCJiMWExYWU4YzY5YTQ5YWNlMDlmNGY0NDhiZDNkYjAzOVwiLFwiYmE5ZTU5OTRmM2YzYTViMWYzZWYzYTYyODlkZmM0ZDRcIixcImRlMmZjMDViYmMyNzQzYzAyYzQzNjZhMzI2OTFhYjI1XCIsXCJmNjZlNjZjYmQwMmM4YzI5MGFhYjQ2YzFjZWVlMTQxOFwiLFwiNDgwNjMzYWNhZjE3ZjMxYzliNjkwODQ2MDRiYjQwN2VcIixcImJjMjJjNDk4MzNlYzkyNTQwZjA0ZjI5NmY2Yzk4MGNiXCIsXCJhYTUzYzNhMDlhZjFhNDU0YjliNDdjOWM4YjZhZTRhM1wiLFwiYzU3MTNlNTI1MGVkOGM5OGMyYzQ4ZGJjZDU4MmEzNmZcIixcImNlNDUyMzAyMjNhY2M1MWQ3MDVhMTY4NTA3YTQ0ODhmXCIsXCIzNTQ3YWQ4YWEyMGJhMmQ3MjRlMDY0ZTU4MDkwYTM5NFwiLFwiZDc1MDQ4YjBhZTg2NTQ4MzFhYmI4ZTgzNmI0MDRkZGNcIixcImVhM2NmY2EzY2ZkODI5NDlmZTdhNTE2YmZmMzc3NDRhXCIsXCI3NWI0YTQxNjMzNDEwMzA5YTg4NjhkNGY2NTMwZmYwYVwiLFwiY2U4NGRmYTg1MzRjOGUxOThiZDNmMzY2MmIyZjgwYmZcIixcIjc0ZjFlNWQxN2JlYmM3NzJkNjYxMjJmOGE3MmM3ZTA4XCIsXCIwMzM0ODA1YWVjZjRkMjQ3NzY2ZmViNzQ2NTk5ZDhiMVwiLFwiODc0MjkwNjI4MTFjY2E0MDEzMDU0ODkwNWVmMWJjN2NcIixcIjBlZjRkMmZlNDI2MWMzNDNiNGIxZTFmYjY1NjA1OTc5XCIsXCI5OTA2MWZkMGNlZTg1MjIxYzYyNTQ4ZWMyYjc4ODM4YVwiLFwiMTVmYzY5N2EwMmQwZjU4Y2VkMzVkM2Q5NmVhMjAzZjdcIixcIjNkY2ExNzZmZDg1Nzc0OTY1MDQwYzMyZDUzNWY0OTUxXCIsXCI4YWI2Y2Q3ZTkxZGQxMzQwNDU0NzdmNWYyZDgzODYzZVwiLFwiYWIzY2E0ODYxNWUzMTVhNDQ4OGEwMGEwNzc0OWQ1NDJcIixcIjY4ZmI2YWFkY2UwNTNkYmY1ZGE5ZGMyN2RlNTIxMTI4XCIsXCIzMGRjM2M0MjJlOWU4NGMwOTY3Mjk0MzlhMzIzYzQ2MVwiLFwiNDQwOGYwZGVjMzkyMzQ1NGI4NzBkNTY3YTU5ODNmZjdcIixcIjU2N2VjZTcwNGViNWZmOTVhNTlmMWUxNTRhYjNhMTE3XCIsXCJmYTFkOWJlNGE2MGYxOGI5YzQxZWU5NzM5YjM5YTUwZFwiLFwiMjZhYzkwMDRlNzc3NWRhYjI3ZDg3OThmOTMzZDk1OWRcIixcImVlODc4MGM3ODA1MjQyMGI5YjVkZjUxMDU5NTFkNWUyXCIsXCJlZjQwMWRjNWRkZmFkNTRlMjdmZDcxMDRmZWQ3YmFlMlwiLFwiZjNlZTk4NDNiNDMyNjRlZGIzMTM4ODkwZWIwNWRiNDRcIixcIjJkNjIwNzA2ZjY0ZmEyYjk2MWQ5Y2RmMDM2YjMzYzQ5XCIsXCI3NTM0MmQ2Y2Q3MjY0NmUzMDljMmZjODFlOWVkZmVmY1wiLFwiMGQ2NWYxNzU1MDMyMWQxZjNjNTFlYjg1YWM4OTE0MjJcIixcIjY2ODU5MmYzNjYxNDcxZGIxMzU2ZmIxM2E1YmIyNjhmXCIsXCIwNTU1ZmUxNjU2YmZkZWM0NDBiMzk5MjMwYTQyMjQwN1wiXSxcIjEwLjFcIjpcIjlmNDE5YzkwMTZhNTI3NmI5OGJkMWM0MjRiMTQ3YzU5XCIsXCIxMC4yXCI6XCJkM2Y3MjVkYzM4MjY5MWNkNTlhYmM2NTgwMTZkMDI2NFwiLFwiMTAuM1wiOlwiMzI5YjFmM2U2NThhOGU4YzdmOTRjMjQ3Yjc2MDE0N2NcIn0iLCI5NWFlYWY4MGI2YzUwODRkZDY4MmIyOTYzOGRiN2M3MiJd' \/>\n            <input type='hidden' class='gform_hidden' name='gform_target_page_number_47' id='gform_target_page_number_47' value='0' \/>\n            <input type='hidden' class='gform_hidden' name='gform_source_page_number_47' id='gform_source_page_number_47' value='1' \/>\n            <input type='hidden' name='gform_field_values' value='' \/>\n                        <label>&#916;<textarea name=\"ak_hp_textarea\" cols=\"45\" rows=\"8\" maxlength=\"100\"><\/textarea><\/label><input type=\"hidden\" id=\"ak_js_1\" name=\"ak_js\" value=\"129\"\/><\/form>\n\t\t\t\t\t\t\t\t<a href=\"https:\/\/www.sariki.es\/metrologia-en-produccion\/soluciones\/\" target=\"_self\" itemprop=\"url\" rel=\"noopener\">\n\t\t\t\t\t\t\t\t\t<img loading=\"lazy\" decoding=\"async\" src=\"https:\/\/www.sariki.es\/wp-content\/uploads\/2019\/11\/banner-presupuesto.jpg\" alt=\"banner-presupuesto\" itemprop=\"image\" height=\"325\" width=\"364\" srcset=\"https:\/\/www.sariki.es\/wp-content\/uploads\/2019\/11\/banner-presupuesto.jpg 364w, https:\/\/www.sariki.es\/wp-content\/uploads\/2019\/11\/banner-presupuesto-300x268.jpg 300w\" sizes=\"auto, (max-width: 364px) 100vw, 364px\" title=\"banner-presupuesto\" onerror=\"this.style.display='none'\"  \/>\n\t\t\t\t\t\t\t\t\t\t\t\t\t<\/a>\n\n","protected":false},"excerpt":{"rendered":"<p>Budget request Name and surname* First Company* Position* Email* Telephone* Provincia*A CORU\u00d1AALAVAALBACETEALICANTEALMER\u00cdAASTURIAS\u00c1VILABADAJOZBALEARESBARCELONABIZKAIABURGOSCACERESC\u00c1DIZCANTABRIACASTELL\u00d3NCIUDAD REALC\u00d3RDOBACUENCAGIRONAGRANADAGUADALAJARAGIPUZKOAHUELVAHUESCAJA\u00c9NLA RIOJALAS PALMASLE\u00d3NL\u00c9RIDALUGOMADRIDM\u00c1LAGAMURCIANAVARRAOURENSEPALENCIAPONTEVEDRASALAMANCASEGOVIASEVILLASORIATARRAGONASANTA CRUZ DE TENERIFETERUELTOLEDOVALENCIAVALLADOLIDZAMORAZARAGOZACEUTAMELILLAPORTUGAL Request* Consent* Yes, I have READ and ACCEPT expressly in all its terms the legal information Anti-Spam system &#916;<\/p>\n","protected":false},"author":1,"featured_media":0,"parent":0,"menu_order":0,"comment_status":"closed","ping_status":"closed","template":"","meta":{"footnotes":""},"class_list":["post-12455","page","type-page","status-publish","hentry"],"yoast_head":"<!-- This site is optimized with the Yoast SEO Premium plugin v24.6 (Yoast SEO v24.6) - https:\/\/yoast.com\/wordpress\/plugins\/seo\/ -->\n<title>I want a quote - Metrolog\u00eda Sariki - Industrial Metrology<\/title>\n<meta name=\"description\" content=\"Request a quote for any measurement technology available in our portfolio.We will advise you based on your needs and challenges.\" \/>\n<meta name=\"robots\" content=\"index, follow, max-snippet:-1, max-image-preview:large, max-video-preview:-1\" \/>\n<link rel=\"canonical\" href=\"https:\/\/www.sariki.es\/en\/i-want-a-quote\/\" \/>\n<meta property=\"og:locale\" content=\"en_US\" \/>\n<meta property=\"og:type\" content=\"article\" \/>\n<meta property=\"og:title\" content=\"I want a quote\" \/>\n<meta property=\"og:description\" content=\"Request a quote for any measurement technology available in our portfolio.We will advise you based on your needs and challenges.\" \/>\n<meta property=\"og:url\" content=\"https:\/\/www.sariki.es\/en\/i-want-a-quote\/\" \/>\n<meta property=\"og:site_name\" content=\"Sariki - Metrolog\u00eda industrial\" \/>\n<meta property=\"article:publisher\" content=\"https:\/\/www.facebook.com\/MetrologiaSariki\" \/>\n<meta property=\"article:modified_time\" content=\"2024-10-17T09:18:26+00:00\" \/>\n<meta property=\"og:image\" content=\"https:\/\/www.sariki.es\/wp-content\/uploads\/2019\/11\/banner-presupuesto.jpg\" \/>\n<meta name=\"twitter:card\" content=\"summary_large_image\" \/>\n<meta name=\"twitter:site\" content=\"@sarikisa\" \/>\n<script type=\"application\/ld+json\" class=\"yoast-schema-graph\">{\"@context\":\"https:\/\/schema.org\",\"@graph\":[{\"@type\":\"WebPage\",\"@id\":\"https:\/\/www.sariki.es\/en\/i-want-a-quote\/\",\"url\":\"https:\/\/www.sariki.es\/en\/i-want-a-quote\/\",\"name\":\"I want a quote - Metrolog\u00eda Sariki - Industrial Metrology\",\"isPartOf\":{\"@id\":\"https:\/\/www.sariki.es\/en\/#website\"},\"primaryImageOfPage\":{\"@id\":\"https:\/\/www.sariki.es\/en\/i-want-a-quote\/#primaryimage\"},\"image\":{\"@id\":\"https:\/\/www.sariki.es\/en\/i-want-a-quote\/#primaryimage\"},\"thumbnailUrl\":\"https:\/\/www.sariki.es\/wp-content\/uploads\/2019\/11\/banner-presupuesto.jpg\",\"datePublished\":\"2019-11-20T08:23:33+00:00\",\"dateModified\":\"2024-10-17T09:18:26+00:00\",\"description\":\"Request a quote for any measurement technology available in our portfolio.We will advise you based on your needs and challenges.\",\"breadcrumb\":{\"@id\":\"https:\/\/www.sariki.es\/en\/i-want-a-quote\/#breadcrumb\"},\"inLanguage\":\"en-US\",\"potentialAction\":[{\"@type\":\"ReadAction\",\"target\":[\"https:\/\/www.sariki.es\/en\/i-want-a-quote\/\"]}]},{\"@type\":\"ImageObject\",\"inLanguage\":\"en-US\",\"@id\":\"https:\/\/www.sariki.es\/en\/i-want-a-quote\/#primaryimage\",\"url\":\"https:\/\/www.sariki.es\/wp-content\/uploads\/2019\/11\/banner-presupuesto.jpg\",\"contentUrl\":\"https:\/\/www.sariki.es\/wp-content\/uploads\/2019\/11\/banner-presupuesto.jpg\"},{\"@type\":\"BreadcrumbList\",\"@id\":\"https:\/\/www.sariki.es\/en\/i-want-a-quote\/#breadcrumb\",\"itemListElement\":[{\"@type\":\"ListItem\",\"position\":1,\"name\":\"Inicio\",\"item\":\"https:\/\/www.sariki.es\/en\/\"},{\"@type\":\"ListItem\",\"position\":2,\"name\":\"I want a quote\"}]},{\"@type\":\"WebSite\",\"@id\":\"https:\/\/www.sariki.es\/en\/#website\",\"url\":\"https:\/\/www.sariki.es\/en\/\",\"name\":\"Sariki - Metrolog\u00eda industrial\",\"description\":\"Metrolog\u00eda industrial en Gipuzkoa\",\"publisher\":{\"@id\":\"https:\/\/www.sariki.es\/en\/#organization\"},\"potentialAction\":[{\"@type\":\"SearchAction\",\"target\":{\"@type\":\"EntryPoint\",\"urlTemplate\":\"https:\/\/www.sariki.es\/en\/?s={search_term_string}\"},\"query-input\":{\"@type\":\"PropertyValueSpecification\",\"valueRequired\":true,\"valueName\":\"search_term_string\"}}],\"inLanguage\":\"en-US\"},{\"@type\":\"Organization\",\"@id\":\"https:\/\/www.sariki.es\/en\/#organization\",\"name\":\"Sariki - Soluciones de metrolog\u00eda\",\"url\":\"https:\/\/www.sariki.es\/en\/\",\"logo\":{\"@type\":\"ImageObject\",\"inLanguage\":\"en-US\",\"@id\":\"https:\/\/www.sariki.es\/en\/#\/schema\/logo\/image\/\",\"url\":\"\",\"contentUrl\":\"\",\"caption\":\"Sariki - Soluciones de metrolog\u00eda\"},\"image\":{\"@id\":\"https:\/\/www.sariki.es\/en\/#\/schema\/logo\/image\/\"},\"sameAs\":[\"https:\/\/www.facebook.com\/MetrologiaSariki\",\"https:\/\/x.com\/sarikisa\"]}]}<\/script>\n<!-- \/ Yoast SEO Premium plugin. -->","yoast_head_json":{"title":"I want a quote - Metrolog\u00eda Sariki - Industrial Metrology","description":"Request a quote for any measurement technology available in our portfolio.We will advise you based on your needs and challenges.","robots":{"index":"index","follow":"follow","max-snippet":"max-snippet:-1","max-image-preview":"max-image-preview:large","max-video-preview":"max-video-preview:-1"},"canonical":"https:\/\/www.sariki.es\/en\/i-want-a-quote\/","og_locale":"en_US","og_type":"article","og_title":"I want a quote","og_description":"Request a quote for any measurement technology available in our portfolio.We will advise you based on your needs and challenges.","og_url":"https:\/\/www.sariki.es\/en\/i-want-a-quote\/","og_site_name":"Sariki - Metrolog\u00eda industrial","article_publisher":"https:\/\/www.facebook.com\/MetrologiaSariki","article_modified_time":"2024-10-17T09:18:26+00:00","og_image":[{"url":"https:\/\/www.sariki.es\/wp-content\/uploads\/2019\/11\/banner-presupuesto.jpg","type":"","width":"","height":""}],"twitter_card":"summary_large_image","twitter_site":"@sarikisa","schema":{"@context":"https:\/\/schema.org","@graph":[{"@type":"WebPage","@id":"https:\/\/www.sariki.es\/en\/i-want-a-quote\/","url":"https:\/\/www.sariki.es\/en\/i-want-a-quote\/","name":"I want a quote - Metrolog\u00eda Sariki - Industrial Metrology","isPartOf":{"@id":"https:\/\/www.sariki.es\/en\/#website"},"primaryImageOfPage":{"@id":"https:\/\/www.sariki.es\/en\/i-want-a-quote\/#primaryimage"},"image":{"@id":"https:\/\/www.sariki.es\/en\/i-want-a-quote\/#primaryimage"},"thumbnailUrl":"https:\/\/www.sariki.es\/wp-content\/uploads\/2019\/11\/banner-presupuesto.jpg","datePublished":"2019-11-20T08:23:33+00:00","dateModified":"2024-10-17T09:18:26+00:00","description":"Request a quote for any measurement technology available in our portfolio.We will advise you based on your needs and challenges.","breadcrumb":{"@id":"https:\/\/www.sariki.es\/en\/i-want-a-quote\/#breadcrumb"},"inLanguage":"en-US","potentialAction":[{"@type":"ReadAction","target":["https:\/\/www.sariki.es\/en\/i-want-a-quote\/"]}]},{"@type":"ImageObject","inLanguage":"en-US","@id":"https:\/\/www.sariki.es\/en\/i-want-a-quote\/#primaryimage","url":"https:\/\/www.sariki.es\/wp-content\/uploads\/2019\/11\/banner-presupuesto.jpg","contentUrl":"https:\/\/www.sariki.es\/wp-content\/uploads\/2019\/11\/banner-presupuesto.jpg"},{"@type":"BreadcrumbList","@id":"https:\/\/www.sariki.es\/en\/i-want-a-quote\/#breadcrumb","itemListElement":[{"@type":"ListItem","position":1,"name":"Inicio","item":"https:\/\/www.sariki.es\/en\/"},{"@type":"ListItem","position":2,"name":"I want a quote"}]},{"@type":"WebSite","@id":"https:\/\/www.sariki.es\/en\/#website","url":"https:\/\/www.sariki.es\/en\/","name":"Sariki - Metrolog\u00eda industrial","description":"Metrolog\u00eda industrial en Gipuzkoa","publisher":{"@id":"https:\/\/www.sariki.es\/en\/#organization"},"potentialAction":[{"@type":"SearchAction","target":{"@type":"EntryPoint","urlTemplate":"https:\/\/www.sariki.es\/en\/?s={search_term_string}"},"query-input":{"@type":"PropertyValueSpecification","valueRequired":true,"valueName":"search_term_string"}}],"inLanguage":"en-US"},{"@type":"Organization","@id":"https:\/\/www.sariki.es\/en\/#organization","name":"Sariki - Soluciones de metrolog\u00eda","url":"https:\/\/www.sariki.es\/en\/","logo":{"@type":"ImageObject","inLanguage":"en-US","@id":"https:\/\/www.sariki.es\/en\/#\/schema\/logo\/image\/","url":"","contentUrl":"","caption":"Sariki - Soluciones de metrolog\u00eda"},"image":{"@id":"https:\/\/www.sariki.es\/en\/#\/schema\/logo\/image\/"},"sameAs":["https:\/\/www.facebook.com\/MetrologiaSariki","https:\/\/x.com\/sarikisa"]}]}},"_links":{"self":[{"href":"https:\/\/www.sariki.es\/en\/wp-json\/wp\/v2\/pages\/12455","targetHints":{"allow":["GET"]}}],"collection":[{"href":"https:\/\/www.sariki.es\/en\/wp-json\/wp\/v2\/pages"}],"about":[{"href":"https:\/\/www.sariki.es\/en\/wp-json\/wp\/v2\/types\/page"}],"author":[{"embeddable":true,"href":"https:\/\/www.sariki.es\/en\/wp-json\/wp\/v2\/users\/1"}],"replies":[{"embeddable":true,"href":"https:\/\/www.sariki.es\/en\/wp-json\/wp\/v2\/comments?post=12455"}],"version-history":[{"count":3,"href":"https:\/\/www.sariki.es\/en\/wp-json\/wp\/v2\/pages\/12455\/revisions"}],"predecessor-version":[{"id":22904,"href":"https:\/\/www.sariki.es\/en\/wp-json\/wp\/v2\/pages\/12455\/revisions\/22904"}],"wp:attachment":[{"href":"https:\/\/www.sariki.es\/en\/wp-json\/wp\/v2\/media?parent=12455"}],"curies":[{"name":"wp","href":"https:\/\/api.w.org\/{rel}","templated":true}]}}