{"id":10761,"date":"2019-11-04T17:41:55","date_gmt":"2019-11-04T16:41:55","guid":{"rendered":"http:\/\/sariki.adimedia.net\/production-metrology\/solutions\/in-line-3d-measurement\/mitutoyo-mistar\/"},"modified":"2025-11-07T13:53:48","modified_gmt":"2025-11-07T12:53:48","slug":"mitutoyo-mistar","status":"publish","type":"page","link":"https:\/\/www.sariki.es\/en\/measuring-equipment\/in-process-3d-measurement\/mitutoyo-mistar\/","title":{"rendered":"Mitutoyo MISTAR"},"content":{"rendered":"\n\n\t\t<h1>\n\t\t\tMitutoyo MISTAR\n\t\t<\/h1>\n\t<p><strong>Medici\u00f3n 3D en l\u00ednea compacta<\/strong><\/p>\n<p>La nueva soluci\u00f3n de medici\u00f3n compacta para entornos de producci\u00f3n.<\/p>\n<p>Garantiza un error m\u00e1ximo admisible de MPEE=(2.2+3L\/1000)\u03bcm<\/p>\n\t\t\t\t\t\t\t<img loading=\"lazy\" decoding=\"async\" src=\"https:\/\/www.sariki.es\/wp-content\/uploads\/2019\/07\/icono-portada-header.png\" alt=\"icono-portada-header\" width=\"42\" height=\"55\" \/>\n\t\t\t\t\t\t<h4>Velocidad, fiabilidad y universalidad para tu control de producci\u00f3n<\/h4>\t\t\t\t\t\n\t\t\t\t<img loading=\"lazy\" decoding=\"async\" src=\"https:\/\/www.sariki.es\/wp-content\/uploads\/2019\/09\/Medicion-3d-en-produccion-Mitutoyo-MiSTAR-3.jpg\" alt=\"Medicion-3d-en-produccion-Mitutoyo-MiSTAR-3\" itemprop=\"image\" height=\"372\" width=\"620\" title=\"Medicion-3d-en-produccion-Mitutoyo-MiSTAR-3\" onerror=\"this.style.display='none'\"  \/>\n\t<iframe loading=\"lazy\" width=\"620\" height=\"349\" src=\"https:\/\/www.youtube.com\/embed\/OWJ58WN554E\" frameborder=\"0\" allow=\"accelerometer; autoplay; encrypted-media; gyroscope; picture-in-picture\" allowfullscreen=\"\"><\/iframe>\n\t<iframe loading=\"lazy\" width=\"620\" height=\"349\" src=\"https:\/\/www.youtube.com\/embed\/-V-Nx0VXXN8\" frameborder=\"0\" allow=\"accelerometer; autoplay; encrypted-media; gyroscope; picture-in-picture\" allowfullscreen><\/iframe>\n\t<iframe loading=\"lazy\" width=\"560\" height=\"315\" src=\"https:\/\/www.youtube.com\/embed\/XA_QqO7BeqM?si=NxahT1J2QGNwvtjB\" title=\"YouTube video player\" frameborder=\"0\" allow=\"accelerometer; autoplay; clipboard-write; encrypted-media; gyroscope; picture-in-picture; web-share\" referrerpolicy=\"strict-origin-when-cross-origin\" allowfullscreen><\/iframe>\n\t\t<h2>\n\t\t\tSoluci\u00f3n ideal de medici\u00f3n 3D en l\u00ednea: MISTAR\n\t\t<\/h2>\n\t<p><strong>Dise\u00f1ada para entorno productivo<\/strong>. La m\u00e1quina de medici\u00f3n 3d MiSTAR te garantiza <strong>mediciones a alta velocidad y precisi\u00f3n incluso en sitios de mecanizado severos sin la necesidad de crear un entorno especial en el \u00e1rea de producci\u00f3n. <\/strong>Te ofrece una <strong>garant\u00eda de precisi\u00f3n bajo un amplio rango de temperaturas de 10\u00b0C a 40\u00b0C<\/strong> y<strong> requiere solo de una fuente de alimentaci\u00f3n de 100 V CA. <\/strong>La flexibilidad en su instalaci\u00f3n y el <strong>ahorro de espacio<\/strong> han reducido el \u00e1rea de instalaci\u00f3n a aproximadamente el <strong>70 por ciento<\/strong> de las MMC de tipo p\u00f3rtico convencional.<\/p>\n\t<p><strong>Automatizable. MiSTAR 555 utiliza un dise\u00f1o de estructura abierta (570 x 500 x 500mm) con un eje x en voladizo de tipo cantil\u00e9ver<\/strong> <strong>lo que permite a los usuarios ubicar f\u00e1cilmente una pieza para la medici\u00f3n desde tres direcciones<\/strong>: la parte delantera, trasera y derecha.<\/p>\n\t<p><strong>Realiza mediciones a alta velocidad<\/strong>. M\u00e1xima velocidad de desplazamiento 606mm\/s. Aceleraci\u00f3n 2695 mm\/s<\/p>\n\t\t\t\t\t\t\t<img loading=\"lazy\" decoding=\"async\" src=\"https:\/\/www.sariki.es\/wp-content\/uploads\/2019\/08\/icono-rango-medicion.png\" alt=\"icono-rango-medicion\" width=\"69\" height=\"52\" \/>\n\t\t\t\t\t\t<h4> Rango de medici\u00f3n hasta 500mm.<\/h4>\t\t\t\t\t\n\t\t\t\t<img loading=\"lazy\" decoding=\"async\" src=\"https:\/\/www.sariki.es\/wp-content\/uploads\/2019\/09\/Medicion-3d-en-produccion-Mitutoyo-MiSTAR-2.jpg\" alt=\"Medicion-3d-en-produccion-Mitutoyo-MiSTAR-2\" itemprop=\"image\" height=\"477\" width=\"620\" title=\"Medicion-3d-en-produccion-Mitutoyo-MiSTAR-2\" onerror=\"this.style.display='none'\"  \/>\n\t\t\t\t\t\t\t<img loading=\"lazy\" decoding=\"async\" src=\"https:\/\/www.sariki.es\/wp-content\/uploads\/2019\/09\/quiero-presupuesto-icono.png\" alt=\"quiero-presupuesto-icono\" width=\"201\" height=\"201\" \/>\n\t\t\t\t\t\t\t\t\t\t\t\n\t\t\t<a href=\"https:\/\/www.sariki.es\/en\/i-want-a-quote\/\" title=\"Click Here\" target=\"_self\"   role=\"button\" aria-label=\"Quiero un presupuesto\">\n\t\t\t\t\t\t\tQuiero un presupuesto\n\t\t<\/a>\n\t\t\t\t\t\t\t<img loading=\"lazy\" decoding=\"async\" src=\"https:\/\/www.sariki.es\/wp-content\/uploads\/2019\/09\/quiero-asesoramiento-icono.png\" alt=\"quiero-asesoramiento-icono\" width=\"201\" height=\"201\" \/>\n\t\t\t\t\t\t\t\t\t\t\t\n\t\t\t<a href=\"https:\/\/www.sariki.es\/en\/advice-request\/\" title=\"Click Here\" target=\"_self\"   role=\"button\" aria-label=\"Quiero asesoramiento\">\n\t\t\t\t\t\t\tQuiero asesoramiento\n\t\t<\/a>\n\t\t\t\t\t\t\t<img loading=\"lazy\" decoding=\"async\" src=\"https:\/\/www.sariki.es\/wp-content\/uploads\/2019\/09\/descargar-catalogo-icono.png\" alt=\"descargar-catalogo-icono\" width=\"201\" height=\"201\" \/>\n\t\t\t\t\t\t\t\t\t\t\t\n\t\t\t<a href=\"#\" title=\"Click Here\" target=\"_self\"   role=\"button\" aria-label=\"Descargar el cat\u00e1logo\">\n\t\t\t\t\t\t\tDescargar el cat\u00e1logo\n\t\t<\/a>\n\t\t<h2>\n\t\t\tProductos y servicios relacionados\n\t\t<\/h2>\n\t\t\t<p>Junto a este equipo se pueden utilizar diferentes softwares en funci\u00f3n de las necesidades y usos que le vayas a dar. Te asesoraremos en todo momento sobre el complemento m\u00e1s adecuado en tu caso si as\u00ed lo deseas. Puedes consultarnos sin compromiso.<\/p>\t\t\n\t\t\t\t\t\t\t<img loading=\"lazy\" decoding=\"async\" src=\"https:\/\/www.sariki.es\/wp-content\/uploads\/2019\/09\/software-medicion-mcosmos.jpg\" alt=\"software-medicion-mcosmos\" width=\"620\" height=\"403\" \/>\n\t\t\t\t\t\t\t\t\t\t\t\n\t\t\t<a href=\"https:\/\/www.sariki.es\/equipos-de-medicion\/software-industria-4-0\/mcosmos\/\" title=\"Click Here\" target=\"_self\"   role=\"button\" aria-label=\"Software de medici\u00f3n Mcosmos\">\n\t\t\t\t\t\t\tSoftware de medici\u00f3n Mcosmos\n\t\t<\/a>\n\t\t\t\t\t\t\t<img loading=\"lazy\" decoding=\"async\" src=\"https:\/\/www.sariki.es\/wp-content\/uploads\/2019\/11\/software-de-medicion-micat-planner-4.jpg\" alt=\"software-de-medicion-micat-planner-4\" width=\"620\" height=\"380\" \/>\n\t\t\t\t\t\t\t\t\t\t\t\n\t\t\t<a href=\"https:\/\/www.sariki.es\/equipos-de-medicion\/software-industria-4-0\/micat-planner\/\" title=\"Click Here\" target=\"_self\"   role=\"button\" aria-label=\"Software MiCat planner\">\n\t\t\t\t\t\t\tSoftware MiCat planner\n\t\t<\/a>\n\t\t\t\t\t\t\t<img loading=\"lazy\" decoding=\"async\" src=\"https:\/\/www.sariki.es\/wp-content\/uploads\/2019\/10\/metrologia-soluciones-inspeccion-100-en-linea-intro-1.jpg\" alt=\"metrologia-soluciones-inspeccion-100-en-linea-intro\" width=\"620\" height=\"404\" \/>\n\t\t\t\t\t\t\t\t\t\t\t\n\t\t\t<a href=\"https:\/\/www.sariki.es\/equipos-de-medicion\/software-industria-4-0\/software-para-el-control-estadistico-de-procesos-spc\/\" title=\"Click Here\" target=\"_self\"   role=\"button\" aria-label=\"Software estad\u00edstico Measurlink\">\n\t\t\t\t\t\t\tSoftware estad\u00edstico Measurlink\n\t\t<\/a>\n\t\t<h2>\n\t\t\tAplicaciones\n\t\t<\/h2>\n\t\t\t<p>MiSTAR ha sido dise\u00f1ada para la inspecci\u00f3n de alta precisi\u00f3n de piezas del sector automoci\u00f3n, aeron\u00e1utico, salud, bienes de equipo, m\u00e1quina herramienta, consumo&#8230;etc directamente en producci\u00f3n. <strong>El equipo es adecuado para la i<\/strong><strong>nspecci\u00f3n de pieza mecanizada, estampaci\u00f3n, inyecci\u00f3n de pl\u00e1stico\/aluminio, \u00e1labes de turbina, engranajes, moldes y matrices&#8230;hasta 500mm.<\/strong><\/p>\t\t\n\t\t\t\t\t\t\t<img loading=\"lazy\" decoding=\"async\" src=\"https:\/\/www.sariki.es\/wp-content\/uploads\/2019\/09\/medicion-3d-de-estampacion.jpg\" alt=\"medicion-3d-de-estampacion\" width=\"414\" height=\"302\" \/>\n\t\t\t\t\t\t\t\t\t\t\t\n\t\t\t\t\t\t\t<img loading=\"lazy\" decoding=\"async\" src=\"https:\/\/www.sariki.es\/wp-content\/uploads\/2019\/09\/medicion-3d-de-inyeccion-de-plastico.jpg\" alt=\"medicion-3d-de-inyeccion-de-plastico\" width=\"414\" height=\"302\" \/>\n\t\t\t\t\t\t\t\t\t\t\t\n\t\t\t\t\t\t\t<img loading=\"lazy\" decoding=\"async\" src=\"https:\/\/www.sariki.es\/wp-content\/uploads\/2019\/09\/medicion-3d-de-moldes-y-matrices.jpg\" alt=\"medicion-3d-de-moldes-y-matrices\" width=\"414\" height=\"302\" \/>\n\t\t\t\t\t\t\t\t\t\t\t\n\t\t\t<a href=\"https:\/\/www.sariki.es\/metrologia-en-produccion\/casos-de-exito\/\" title=\"Click Here\" target=\"_self\"   role=\"button\" aria-label=\"Ver casos de \u00e9xito\">\n\t\t\t\t\t\t\tVer casos de \u00e9xito\n\t\t<\/a>\n\t\t<h2>\n\t\t\tSondas de medici\u00f3n\n\t\t<\/h2>\n\t\t\t<p>Tendr\u00e1s un sistema vers\u00e1til y flexible, al que podr\u00e1s incorporar las siguientes sondas<\/p>\t\t\n\t\t\t\t\t\t\t<img loading=\"lazy\" decoding=\"async\" src=\"https:\/\/www.sariki.es\/wp-content\/uploads\/2019\/09\/sonda-tp200.jpg\" alt=\"sonda-tp200\" width=\"180\" height=\"279\" \/>\n\t\t\t\t\t\t\t\t\t\t\t\n\t\t\t<p>TP 200<\/p>\t\t\n\t\t\t\t\t\t\t<img loading=\"lazy\" decoding=\"async\" src=\"https:\/\/www.sariki.es\/wp-content\/uploads\/2019\/09\/sonda-sp25m.jpg\" alt=\"sonda-sp25m\" width=\"180\" height=\"279\" \/>\n\t\t\t\t\t\t\t\t\t\t\t\n\t\t\t<p>SP25M<\/p>\t\t\n\t\t<h2>\n\t\t\tSoluci\u00f3n personalizada SK\/solutions\n\t\t<\/h2>\n\t\t\t<p>Nuestro departamento de ingenier\u00eda puede personalizar e integrar la m\u00e1quina de medici\u00f3n por coordenadas MACH V 9106 seg\u00fan tus requerimientos. Cu\u00e9ntanos cu\u00e1l es tu reto y desde Sariki te asesoraremos para identificar cual es la mejor soluci\u00f3n para tu caso concreto.<\/p>\t\t\n\t\t\t\t\t\t\t<img loading=\"lazy\" decoding=\"async\" src=\"https:\/\/www.sariki.es\/wp-content\/uploads\/2019\/08\/icono-solucion-personalizada-1.png\" alt=\"icono-solucion-personalizada-1\" width=\"59\" height=\"52\" \/>\n\t\t\t\t\t\t<h4>SISTEMA DE CARGA<\/h4>\t\t\t\t\t\n\t\t\t<p>Puedes incorporar al equipo sistemas de carga manuales, semi-autom\u00e1ticos y autom\u00e1ticos.<\/p>\t\t\n\t\t\t\t\t\t\t<img loading=\"lazy\" decoding=\"async\" src=\"https:\/\/www.sariki.es\/wp-content\/uploads\/2019\/08\/icono-solucion-personalizada-2.png\" alt=\"icono-solucion-personalizada-2\" width=\"60\" height=\"52\" \/>\n\t\t\t\t\t\t<h4>SISTEMA DE CABINA<\/h4>\t\t\t\t\t\n\t\t\t<p>Identificamos el sistema de cabina que mejor se adapte a tu aplicaci\u00f3n.<\/p>\t\t\n\t\t\t\t\t\t\t<img loading=\"lazy\" decoding=\"async\" src=\"https:\/\/www.sariki.es\/wp-content\/uploads\/2019\/08\/icono-solucion-personalizada-3.png\" alt=\"icono-solucion-personalizada-3\" width=\"51\" height=\"50\" \/>\n\t\t\t\t\t\t<h4>INTERACCI\u00d3N CON LOS SISTEMAS DE GESTI\u00d3N DE LA PRODUCCI\u00d3N<\/h4>\t\t\t\t\t\n\t\t\t<p>Garantizamos la trazabilidad 100% del proceso integrando los datos de la MMC con tu sistema MES\/ERP.<\/p>\t\t\n\t\t\t\t\t\t\t<img loading=\"lazy\" decoding=\"async\" src=\"https:\/\/www.sariki.es\/wp-content\/uploads\/2019\/08\/icono-solucion-personalizada-4.png\" alt=\"icono-solucion-personalizada-4\" width=\"59\" height=\"52\" \/>\n\t\t\t\t\t\t<h4>PROGRAMACI\u00d3N PERSONALIZADA<\/h4>\t\t\t\t\t\n\t\t\t<p>Contamos con personal experto en programaci\u00f3n y medici\u00f3n para la realizaci\u00f3n y puesta en marcha de los programas de medici\u00f3n de tus piezas.<\/p>\t\t\n\t\t\t\t\t\t\t<img loading=\"lazy\" decoding=\"async\" src=\"https:\/\/www.sariki.es\/wp-content\/uploads\/2019\/08\/icono-solucion-personalizada-5.png\" alt=\"icono-solucion-personalizada-5\" width=\"58\" height=\"52\" \/>\n\t\t\t\t\t\t<h4>PROYECTO LLAVE EN MANO<\/h4>\t\t\t\t\t\n\t\t\t<p>Si lo que buscas es un proyecto llave en mano puedes contar con nosotros. Colaboramos contigo desde la concepci\u00f3n de la idea y definici\u00f3n de condiciones del proyecto, aceptaci\u00f3n previa, instalaci\u00f3n en tu empresa, formaci\u00f3n de usuarios y asistencia t\u00e9cnica y soporte durante toda la vida del proyecto.Afrontamos los proyectos de integraci\u00f3n desde una visi\u00f3n hol\u00edstica de las pautas de inspecci\u00f3n a cumplir y apostamos por la hibridaci\u00f3n de tecnolog\u00edas. Somos capaces de desarrollar una soluci\u00f3n de inspecci\u00f3n que combine diferentes tecnolog\u00edas: m\u00e1quina tridimensional, rugosidad, visi\u00f3n artificial, etc.<\/p>\t\t\n\t\t<h2>\n\t\t\tEspecificaciones t\u00e9cnicas\n\t\t<\/h2>\n\t\t\t\t\t\t\t<img loading=\"lazy\" decoding=\"async\" src=\"https:\/\/www.sariki.es\/wp-content\/uploads\/2019\/08\/icono-especificaciones.png\" alt=\"icono-especificaciones\" width=\"67\" height=\"54\" \/>\n\t\t\t\t\t\t<h4>DISPONIBLE 1 TAMA\u00d1O<\/h4>\t\t\t\t\t\n\t\t\t\t\t\t<h4>Rango de Medici\u00f3n<\/h4>\t\t\t\t\t\n\t\t\tX 570mm<br \/>\nY 500mm<br \/>\nZ 500mm\n\t\t\t\t\t\t<h4>Precisi\u00f3n<\/h4>\t\t\t\t\t\n\t\t\t<p>(2.2 + 3L\/1000)\u03bcmde 18\u00bac a 22\u00baC<\/p>\t\t\n\t\t\t\t\t\t<h4>Resoluci\u00f3n<\/h4>\t\t\t\t\t\n\t\t\t<p>0,0001mm<\/p>\t\t\n\t\t\t\t\t\t<h4>Velocidad m\u00e1xima de accionamiento<\/h4>\t\t\t\t\t\n\t\t\t<p>Hasta 606mm\/s<\/p>\t\t\n\t\t\t\t\t\t<h4>Aceleraci\u00f3n m\u00e1xima<\/h4>\t\t\t\t\t\n\t\t\t<p>Hasta 2.695 mm\/s<sup>2<\/sup><\/p>\t\t\n\t\t\t\t\t\t<h4>Rango de temperatura permitido<\/h4>\t\t\t\t\t\n\t\t\t<p>De 10\u00baC a 40\u00baC<\/p>\t\t\n\t\t\t\t\t\t<h4>Peso de la unidad principal<\/h4>\t\t\t\t\t\n\t\t\t<p>655 Kg.<\/p>\t\t\n\t\t<h2>\n\t\t\t\u00bfNecesitas m\u00e1s informaci\u00f3n?\n\t\t<\/h2>\n\n","protected":false},"excerpt":{"rendered":"<p>Mitutoyo MISTAR Medici\u00f3n 3D en l\u00ednea compacta La nueva soluci\u00f3n de medici\u00f3n compacta para entornos de producci\u00f3n. Garantiza un error m\u00e1ximo admisible de MPEE=(2.2+3L\/1000)\u03bcm Velocidad, fiabilidad y universalidad para tu control de producci\u00f3n Soluci\u00f3n ideal de medici\u00f3n 3D en l\u00ednea: MISTAR Dise\u00f1ada para entorno productivo. La m\u00e1quina de medici\u00f3n 3d MiSTAR te garantiza mediciones a&hellip;<\/p>\n","protected":false},"author":1,"featured_media":0,"parent":9518,"menu_order":0,"comment_status":"closed","ping_status":"closed","template":"","meta":{"footnotes":""},"class_list":["post-10761","page","type-page","status-publish","hentry"],"yoast_head":"<!-- This site is optimized with the Yoast SEO Premium plugin v24.6 (Yoast SEO v24.6) - https:\/\/yoast.com\/wordpress\/plugins\/seo\/ -->\n<title>Mitutoyo MISTAR - Metrolog\u00eda Sariki - Production Metrology<\/title>\n<meta name=\"description\" content=\"Mitutoyo Mistar is the new compact measuring machine for production environments that can be automated from: front, back and right.\" \/>\n<meta name=\"robots\" content=\"index, follow, max-snippet:-1, max-image-preview:large, max-video-preview:-1\" \/>\n<link rel=\"canonical\" href=\"https:\/\/www.sariki.es\/en\/measuring-equipment\/in-process-3d-measurement\/mitutoyo-mistar\/\" \/>\n<meta property=\"og:locale\" content=\"en_US\" \/>\n<meta property=\"og:type\" content=\"article\" \/>\n<meta property=\"og:title\" content=\"Mitutoyo MISTAR\" \/>\n<meta property=\"og:description\" content=\"Mitutoyo Mistar is the new compact measuring machine for production environments that can be automated from: front, back and right.\" \/>\n<meta property=\"og:url\" content=\"https:\/\/www.sariki.es\/en\/measuring-equipment\/in-process-3d-measurement\/mitutoyo-mistar\/\" \/>\n<meta property=\"og:site_name\" content=\"Sariki - Metrolog\u00eda industrial\" \/>\n<meta property=\"article:publisher\" content=\"https:\/\/www.facebook.com\/MetrologiaSariki\" \/>\n<meta property=\"article:modified_time\" content=\"2025-11-07T12:53:48+00:00\" \/>\n<meta property=\"og:image\" content=\"https:\/\/www.sariki.es\/wp-content\/uploads\/2019\/07\/icono-portada-header.png\" \/>\n<meta name=\"twitter:card\" content=\"summary_large_image\" \/>\n<meta name=\"twitter:site\" content=\"@sarikisa\" \/>\n<meta name=\"twitter:label1\" content=\"Est. reading time\" \/>\n\t<meta name=\"twitter:data1\" content=\"3 minutes\" \/>\n<script type=\"application\/ld+json\" class=\"yoast-schema-graph\">{\"@context\":\"https:\/\/schema.org\",\"@graph\":[{\"@type\":\"WebPage\",\"@id\":\"https:\/\/www.sariki.es\/en\/measuring-equipment\/in-process-3d-measurement\/mitutoyo-mistar\/\",\"url\":\"https:\/\/www.sariki.es\/en\/measuring-equipment\/in-process-3d-measurement\/mitutoyo-mistar\/\",\"name\":\"Mitutoyo MISTAR - Metrolog\u00eda Sariki - Production Metrology\",\"isPartOf\":{\"@id\":\"https:\/\/www.sariki.es\/en\/#website\"},\"primaryImageOfPage\":{\"@id\":\"https:\/\/www.sariki.es\/en\/measuring-equipment\/in-process-3d-measurement\/mitutoyo-mistar\/#primaryimage\"},\"image\":{\"@id\":\"https:\/\/www.sariki.es\/en\/measuring-equipment\/in-process-3d-measurement\/mitutoyo-mistar\/#primaryimage\"},\"thumbnailUrl\":\"https:\/\/www.sariki.es\/wp-content\/uploads\/2019\/07\/icono-portada-header.png\",\"datePublished\":\"2019-11-04T16:41:55+00:00\",\"dateModified\":\"2025-11-07T12:53:48+00:00\",\"description\":\"Mitutoyo Mistar is the new compact measuring machine for production environments that can be automated from: front, back and right.\",\"breadcrumb\":{\"@id\":\"https:\/\/www.sariki.es\/en\/measuring-equipment\/in-process-3d-measurement\/mitutoyo-mistar\/#breadcrumb\"},\"inLanguage\":\"en-US\",\"potentialAction\":[{\"@type\":\"ReadAction\",\"target\":[\"https:\/\/www.sariki.es\/en\/measuring-equipment\/in-process-3d-measurement\/mitutoyo-mistar\/\"]}]},{\"@type\":\"ImageObject\",\"inLanguage\":\"en-US\",\"@id\":\"https:\/\/www.sariki.es\/en\/measuring-equipment\/in-process-3d-measurement\/mitutoyo-mistar\/#primaryimage\",\"url\":\"https:\/\/www.sariki.es\/wp-content\/uploads\/2019\/07\/icono-portada-header.png\",\"contentUrl\":\"https:\/\/www.sariki.es\/wp-content\/uploads\/2019\/07\/icono-portada-header.png\"},{\"@type\":\"BreadcrumbList\",\"@id\":\"https:\/\/www.sariki.es\/en\/measuring-equipment\/in-process-3d-measurement\/mitutoyo-mistar\/#breadcrumb\",\"itemListElement\":[{\"@type\":\"ListItem\",\"position\":1,\"name\":\"Inicio\",\"item\":\"https:\/\/www.sariki.es\/en\/\"},{\"@type\":\"ListItem\",\"position\":2,\"name\":\"Measuring equipment\",\"item\":\"https:\/\/www.sariki.es\/en\/measuring-equipment\/\"},{\"@type\":\"ListItem\",\"position\":3,\"name\":\"In process 3D measurement\",\"item\":\"https:\/\/www.sariki.es\/en\/measuring-equipment\/in-process-3d-measurement\/\"},{\"@type\":\"ListItem\",\"position\":4,\"name\":\"Mitutoyo MISTAR\"}]},{\"@type\":\"WebSite\",\"@id\":\"https:\/\/www.sariki.es\/en\/#website\",\"url\":\"https:\/\/www.sariki.es\/en\/\",\"name\":\"Sariki - Metrolog\u00eda industrial\",\"description\":\"Metrolog\u00eda industrial en Gipuzkoa\",\"publisher\":{\"@id\":\"https:\/\/www.sariki.es\/en\/#organization\"},\"potentialAction\":[{\"@type\":\"SearchAction\",\"target\":{\"@type\":\"EntryPoint\",\"urlTemplate\":\"https:\/\/www.sariki.es\/en\/?s={search_term_string}\"},\"query-input\":{\"@type\":\"PropertyValueSpecification\",\"valueRequired\":true,\"valueName\":\"search_term_string\"}}],\"inLanguage\":\"en-US\"},{\"@type\":\"Organization\",\"@id\":\"https:\/\/www.sariki.es\/en\/#organization\",\"name\":\"Sariki - Soluciones de metrolog\u00eda\",\"url\":\"https:\/\/www.sariki.es\/en\/\",\"logo\":{\"@type\":\"ImageObject\",\"inLanguage\":\"en-US\",\"@id\":\"https:\/\/www.sariki.es\/en\/#\/schema\/logo\/image\/\",\"url\":\"\",\"contentUrl\":\"\",\"caption\":\"Sariki - Soluciones de metrolog\u00eda\"},\"image\":{\"@id\":\"https:\/\/www.sariki.es\/en\/#\/schema\/logo\/image\/\"},\"sameAs\":[\"https:\/\/www.facebook.com\/MetrologiaSariki\",\"https:\/\/x.com\/sarikisa\"]}]}<\/script>\n<!-- \/ Yoast SEO Premium plugin. -->","yoast_head_json":{"title":"Mitutoyo MISTAR - Metrolog\u00eda Sariki - Production Metrology","description":"Mitutoyo Mistar is the new compact measuring machine for production environments that can be automated from: front, back and right.","robots":{"index":"index","follow":"follow","max-snippet":"max-snippet:-1","max-image-preview":"max-image-preview:large","max-video-preview":"max-video-preview:-1"},"canonical":"https:\/\/www.sariki.es\/en\/measuring-equipment\/in-process-3d-measurement\/mitutoyo-mistar\/","og_locale":"en_US","og_type":"article","og_title":"Mitutoyo MISTAR","og_description":"Mitutoyo Mistar is the new compact measuring machine for production environments that can be automated from: front, back and right.","og_url":"https:\/\/www.sariki.es\/en\/measuring-equipment\/in-process-3d-measurement\/mitutoyo-mistar\/","og_site_name":"Sariki - Metrolog\u00eda industrial","article_publisher":"https:\/\/www.facebook.com\/MetrologiaSariki","article_modified_time":"2025-11-07T12:53:48+00:00","og_image":[{"url":"https:\/\/www.sariki.es\/wp-content\/uploads\/2019\/07\/icono-portada-header.png","type":"","width":"","height":""}],"twitter_card":"summary_large_image","twitter_site":"@sarikisa","twitter_misc":{"Est. reading time":"3 minutes"},"schema":{"@context":"https:\/\/schema.org","@graph":[{"@type":"WebPage","@id":"https:\/\/www.sariki.es\/en\/measuring-equipment\/in-process-3d-measurement\/mitutoyo-mistar\/","url":"https:\/\/www.sariki.es\/en\/measuring-equipment\/in-process-3d-measurement\/mitutoyo-mistar\/","name":"Mitutoyo MISTAR - Metrolog\u00eda Sariki - Production Metrology","isPartOf":{"@id":"https:\/\/www.sariki.es\/en\/#website"},"primaryImageOfPage":{"@id":"https:\/\/www.sariki.es\/en\/measuring-equipment\/in-process-3d-measurement\/mitutoyo-mistar\/#primaryimage"},"image":{"@id":"https:\/\/www.sariki.es\/en\/measuring-equipment\/in-process-3d-measurement\/mitutoyo-mistar\/#primaryimage"},"thumbnailUrl":"https:\/\/www.sariki.es\/wp-content\/uploads\/2019\/07\/icono-portada-header.png","datePublished":"2019-11-04T16:41:55+00:00","dateModified":"2025-11-07T12:53:48+00:00","description":"Mitutoyo Mistar is the new compact measuring machine for production environments that can be automated from: front, back and right.","breadcrumb":{"@id":"https:\/\/www.sariki.es\/en\/measuring-equipment\/in-process-3d-measurement\/mitutoyo-mistar\/#breadcrumb"},"inLanguage":"en-US","potentialAction":[{"@type":"ReadAction","target":["https:\/\/www.sariki.es\/en\/measuring-equipment\/in-process-3d-measurement\/mitutoyo-mistar\/"]}]},{"@type":"ImageObject","inLanguage":"en-US","@id":"https:\/\/www.sariki.es\/en\/measuring-equipment\/in-process-3d-measurement\/mitutoyo-mistar\/#primaryimage","url":"https:\/\/www.sariki.es\/wp-content\/uploads\/2019\/07\/icono-portada-header.png","contentUrl":"https:\/\/www.sariki.es\/wp-content\/uploads\/2019\/07\/icono-portada-header.png"},{"@type":"BreadcrumbList","@id":"https:\/\/www.sariki.es\/en\/measuring-equipment\/in-process-3d-measurement\/mitutoyo-mistar\/#breadcrumb","itemListElement":[{"@type":"ListItem","position":1,"name":"Inicio","item":"https:\/\/www.sariki.es\/en\/"},{"@type":"ListItem","position":2,"name":"Measuring equipment","item":"https:\/\/www.sariki.es\/en\/measuring-equipment\/"},{"@type":"ListItem","position":3,"name":"In process 3D measurement","item":"https:\/\/www.sariki.es\/en\/measuring-equipment\/in-process-3d-measurement\/"},{"@type":"ListItem","position":4,"name":"Mitutoyo MISTAR"}]},{"@type":"WebSite","@id":"https:\/\/www.sariki.es\/en\/#website","url":"https:\/\/www.sariki.es\/en\/","name":"Sariki - Metrolog\u00eda industrial","description":"Metrolog\u00eda industrial en Gipuzkoa","publisher":{"@id":"https:\/\/www.sariki.es\/en\/#organization"},"potentialAction":[{"@type":"SearchAction","target":{"@type":"EntryPoint","urlTemplate":"https:\/\/www.sariki.es\/en\/?s={search_term_string}"},"query-input":{"@type":"PropertyValueSpecification","valueRequired":true,"valueName":"search_term_string"}}],"inLanguage":"en-US"},{"@type":"Organization","@id":"https:\/\/www.sariki.es\/en\/#organization","name":"Sariki - Soluciones de metrolog\u00eda","url":"https:\/\/www.sariki.es\/en\/","logo":{"@type":"ImageObject","inLanguage":"en-US","@id":"https:\/\/www.sariki.es\/en\/#\/schema\/logo\/image\/","url":"","contentUrl":"","caption":"Sariki - Soluciones de metrolog\u00eda"},"image":{"@id":"https:\/\/www.sariki.es\/en\/#\/schema\/logo\/image\/"},"sameAs":["https:\/\/www.facebook.com\/MetrologiaSariki","https:\/\/x.com\/sarikisa"]}]}},"_links":{"self":[{"href":"https:\/\/www.sariki.es\/en\/wp-json\/wp\/v2\/pages\/10761","targetHints":{"allow":["GET"]}}],"collection":[{"href":"https:\/\/www.sariki.es\/en\/wp-json\/wp\/v2\/pages"}],"about":[{"href":"https:\/\/www.sariki.es\/en\/wp-json\/wp\/v2\/types\/page"}],"author":[{"embeddable":true,"href":"https:\/\/www.sariki.es\/en\/wp-json\/wp\/v2\/users\/1"}],"replies":[{"embeddable":true,"href":"https:\/\/www.sariki.es\/en\/wp-json\/wp\/v2\/comments?post=10761"}],"version-history":[{"count":3,"href":"https:\/\/www.sariki.es\/en\/wp-json\/wp\/v2\/pages\/10761\/revisions"}],"predecessor-version":[{"id":24943,"href":"https:\/\/www.sariki.es\/en\/wp-json\/wp\/v2\/pages\/10761\/revisions\/24943"}],"up":[{"embeddable":true,"href":"https:\/\/www.sariki.es\/en\/wp-json\/wp\/v2\/pages\/9518"}],"wp:attachment":[{"href":"https:\/\/www.sariki.es\/en\/wp-json\/wp\/v2\/media?parent=10761"}],"curies":[{"name":"wp","href":"https:\/\/api.w.org\/{rel}","templated":true}]}}