{"id":10319,"date":"2019-11-02T15:53:14","date_gmt":"2019-11-02T14:53:14","guid":{"rendered":"http:\/\/sariki.adimedia.net\/legal-notices\/"},"modified":"2024-05-02T14:04:11","modified_gmt":"2024-05-02T12:04:11","slug":"legal-notices","status":"publish","type":"page","link":"https:\/\/www.sariki.es\/en\/legal-notices\/","title":{"rendered":"Legal notices"},"content":{"rendered":"\n\n\t\t<h1>\n\t\t\tLegal notices\n\t\t<\/h1>\n\t<p>El presente aviso legal (en adelante, el &#8220;Aviso Legal&#8221;) regula el uso del servicio del portal de Internet http:\/\/www.sariki.es (en adelante, el &#8220;Web&#8221;) de METROLOGIA SARIKI, S.A. con domicilio social en C\/ SAN ANTOLIN KALEA 9, ELGOIBAR, 20870, GIPUZKOA con CIF A20097135.<\/p>\n<h3><strong>Legislaci\u00f3n<\/strong><\/h3>\n<p>Con car\u00e1cter general las relaciones entre METROLOGIA SARIKI, S.A. con los Usuarios de sus servicios telem\u00e1ticos, presentes en la web, se encuentran sometidas a la legislaci\u00f3n y jurisdicci\u00f3n espa\u00f1olas.<\/p>\n<p>Las partes renuncian expresamente al fuero que les pudiera corresponder y someten expresamente a los Juzgados y Tribunales de ELGOIBAR para resolver cualquier controversia que pueda surgir en la interpretaci\u00f3n o ejecuci\u00f3n de las presentes condiciones contractuales.<\/p>\n<h3><strong>Contenido y uso<\/strong><\/h3>\n<p>El Usuario queda informado, y acepta, que el acceso a la presente web no supone, en modo alguno, el inicio de una relaci\u00f3n comercial con METROLOGIA SARIKI, S.A..<\/p>\n<p>El titular del web no se identifica con las opiniones vertidas en el mismo por sus colaboradores. La Empresa se reserva el derecho de efectuar sin previo aviso las modificaciones que considere oportunas en su Web, pudiendo cambiar, suprimir o a\u00f1adir tanto los contenidos y servicios que se presten a trav\u00e9s de la misma como la forma en la que \u00e9stos aparezcan presentados o localizados en sus servidores.<\/p>\n<h3><strong>Propiedad intelectual e industrial<\/strong><\/h3>\n<p>Los derechos de propiedad intelectual del contenido de las p\u00e1ginas web, su dise\u00f1o gr\u00e1fico y c\u00f3digos son titularidad de METROLOGIA SARIKI, S.A. y, por tanto, queda prohibida su reproducci\u00f3n, distribuci\u00f3n, comunicaci\u00f3n p\u00fablica, transformaci\u00f3n o cualquier otra actividad que se pueda realizar con los contenidos de sus p\u00e1ginas web ni aun citando las fuentes, salvo consentimiento por escrito de METROLOGIA SARIKI, S.A.. Todos los nombres comerciales, marcas o signos distintos de cualquier clase contenidos en las p\u00e1ginas web de la Empresa son propiedad de sus due\u00f1os y est\u00e1n protegidos por ley.<\/p>\n<h3><strong>Enlaces (Links)<\/strong><\/h3>\n<p>La presencia de enlaces (links) en las p\u00e1ginas web de METROLOGIA SARIKI, S.A. tiene finalidad meramente informativa y en ning\u00fan caso supone sugerencia, invitaci\u00f3n o recomendaci\u00f3n sobre los mismos.<\/p>\n<h3><strong>Confidencialidad y Protecci\u00f3n de Datos<\/strong><\/h3>\n<p>A efecto de lo previsto en RGPD de 27 de abril de 2016, METROLOGIA SARIKI, S.A. informa al Usuario de la existencia de un tratamiento automatizado de datos de car\u00e1cter personal creado por y para METROLOGIA SARIKI, S.A. y bajo su responsabilidad, con la finalidad de realizar el mantenimiento y gesti\u00f3n de la relaci\u00f3n con el Usuario, as\u00ed como las labores de informaci\u00f3n. En el momento de la aceptaci\u00f3n de las presentes condiciones generales, METROLOGIA SARIKI, S.A. precisar\u00e1 del Usuario la recogida de unos datos imprescindibles para la prestaci\u00f3n de sus servicios.<\/p>\n<h3><strong>Registro de ficheros y formularios<\/strong><\/h3>\n<p>La cumplimentaci\u00f3n del formulario de registro es obligatoria para acceder y disfrutar de determinados servicios ofrecidos en la web. El no facilitar los datos personales solicitados o el no aceptar la presente pol\u00edtica de protecci\u00f3n de datos supone la imposibilidad de suscribirse, registrarse o participar en cualquiera de las promociones en las que se soliciten datos car\u00e1cter personal.<\/p>\n<p>A efecto de lo previsto en RGPD de 27 de abril de 2016, le informamos que los datos personales que se obtengan como consecuencia de su registro como Usuario, ser\u00e1n incorporados a un fichero titularidad de METROLOGIA SARIKI, S.A. con C.I.F A20097135 y domicilio en C\/ SAN ANTOLIN KALEA 9, ELGOIBAR, 20870, GIPUZKOA, teniendo implementadas las medidas de seguridad establecidas en el Real Decreto 1720\/2007, de 11 de junio.<\/p>\n<h3><strong>Exactitud y veracidad de los datos facilitados<\/strong><\/h3>\n<p>El Usuario es el \u00fanico responsable de la veracidad y correcci\u00f3n de los datos incluidos, exoner\u00e1ndose METROLOGIA SARIKI, S.A. de cualquier responsabilidad al respecto. Los usuarios garantizan y responden, en cualquier caso, de la exactitud, vigencia y autenticidad de los datos personales facilitados, y se comprometen a mantenerlos debidamente actualizados. El usuario acepta proporcionar informaci\u00f3n completa y correcta en el formulario de registro o suscripci\u00f3n. METROLOGIA SARIKI, S.A. no responde de la veracidad de las informaciones que no sean de elaboraci\u00f3n propia y de las que se indique otra fuente, por lo que tampoco asume responsabilidad alguna en cuanto a hipot\u00e9ticos perjuicios que pudieran originarse por el uso de dicha informaci\u00f3n. METROLOGIA SARIKI, S.A. se reserva el derecho a actualizar, modificar o eliminar la informaci\u00f3n contenida en sus p\u00e1ginas web pudiendo incluso limitar o no permitir el acceso a dicha informaci\u00f3n. Se exonera a METROLOGIA SARIKI, S.A. de responsabilidad ante cualquier da\u00f1o o perjuicio que pudiera sufrir el Usuario como consecuencia de errores, defectos u omisiones, en la informaci\u00f3n facilitada por METROLOGIA SARIKI, S.A. siempre que proceda de fuentes ajenas a METROLOGIA SARIKI, S.A..<\/p>\n<h3><strong>Cookies<\/strong><\/h3>\n<p>De conformidad con lo preceptuado en el art\u00edculo 22 de la Ley 34\/2002 de servicios de la Sociedad de la Informaci\u00f3n y de comercio electr\u00f3nico le informamos, que nuestro servidor enviar\u00e1 a su ordenador unos ficheros (cookie), que, d\u00e1ndonos informaci\u00f3n sobre las p\u00e1ginas que visita a trav\u00e9s del Portal, nos permitir\u00e1 conocer sus h\u00e1bitos de navegaci\u00f3n como usuario y personalizar de este modo en su inter\u00e9s la informaci\u00f3n que a trav\u00e9s de nuestro Portal recibe en el futuro.<\/p>\n<p>Las cookies son dispositivos de recuperaci\u00f3n y almacenamiento de datos que no pueden extraer informaci\u00f3n del disco duro del usuario o robar informaci\u00f3n personal del mismo, teniendo como usuario la posibilidad de configurar su navegador de forma que se rechace la instalaci\u00f3n en el mismo de dichas cookies, lo cual podr\u00e1 impedir la navegaci\u00f3n por esta web al ser la utilizaci\u00f3n de cookies estrictamente necesario para la contrataci\u00f3n del servicio solicitado.<\/p>\n<p>Esta p\u00e1gina web utiliza Google Analytics, un servicio anal\u00edtica web prestado por Google, Inc., una compa\u00f1\u00eda de Delaware cuya oficina principal est\u00e1 en 1600 Amphitheatre Parkway, Mountain View (California), CA 94043, Estados Unidos (\u00abGoogle\u00bb). La informaci\u00f3n que genera la cookie acerca de su uso del website (incluyendo su direcci\u00f3n IP) ser\u00e1 directamente transmitida y archivada por Google en los servidores de Estados Unidos. Google usar\u00e1 esta informaci\u00f3n por cuenta nuestra con el prop\u00f3sito de seguir la pista de su uso del website, recopilando informes de la actividad del website y prestando otros servicios relacionados con la actividad del website y el uso de Internet. Google podr\u00e1 transmitir dicha informaci\u00f3n a terceros cuando as\u00ed se lo requiera la legislaci\u00f3n, o cuando dichos terceros procesen la informaci\u00f3n por cuenta de Google. Google no asociar\u00e1 su direcci\u00f3n IP con ning\u00fan otro dato del que disponga Google. Puede rechazar el tratamiento de los datos o la informaci\u00f3n rechazando el uso de cookies mediante la selecci\u00f3n de la configuraci\u00f3n apropiada de su navegador, sin embargo, debe saber que si lo hace puede ser que no pueda usar la plena funcionabilidad de este website. Al utilizar este website consiente el tratamiento de su informaci\u00f3n por Google en la forma y para los fines arriba indicados.<\/p>\n<h3><strong>Finalidades<\/strong><\/h3>\n<p>Las finalidades de METROLOGIA SARIKI, S.A. son el mantenimiento y gesti\u00f3n de la relaci\u00f3n con el Usuario, as\u00ed como las labores de informaci\u00f3n.<\/p>\n<h3><strong>Menor de edad<\/strong><\/h3>\n<p>En el supuesto que algunos de nuestros servicios vayan dirigidos espec\u00edficamente a menores de edad, METROLOGIA SARIKI, S.A. solicitar\u00e1 la conformidad de los padres o tutores para la recogida de los datos personales o, en su caso, para el tratamiento automatizado de los datos.<\/p>\n<h3><strong>Cesi\u00f3n de datos a terceros<\/strong><\/h3>\n<p>METROLOGIA SARIKI, S.A. no realizar\u00e1 cesi\u00f3n de datos de los usuarios a terceros.<\/p>\n<h3><strong>Ejercicio de derechos de acceso, rectificaci\u00f3n, cancelaci\u00f3n y oposici\u00f3n<\/strong><\/h3>\n<p>Podr\u00e1 dirigir sus comunicaciones y ejercitar los derechos de acceso, rectificaci\u00f3n, supresi\u00f3n, limitaci\u00f3n, portabilidad y oposici\u00f3n en la direcci\u00f3n de Internet a http:\/\/www.sariki.es o bien por correo ordinario dirigido a METROLOGIA SARIKI, S.A., Ref. RGPD, en C\/ SAN ANTOLIN KALEA 9, ELGOIBAR, 20870, GIPUZKOA. Para ejercer dichos derechos es necesario que usted acredite su personalidad frente a METROLOGIA SARIKI, S.A. mediante el env\u00edo de fotocopia de Documento Nacional de Identidad o cualquier otro medio v\u00e1lido en Derecho. No obstante, la modificaci\u00f3n o rectificaci\u00f3n de sus datos de registro se podr\u00e1 realizar en el propio Site identific\u00e1ndose, previamente, con su usuario y contrase\u00f1a.<\/p>\n<h3><strong>Medidas de seguridad<\/strong><\/h3>\n<p>METROLOGIA SARIKI, S.A. ha adoptado los niveles de seguridad de protecci\u00f3n de los Datos Personales legalmente requeridos, y procuran instalar aquellos otros medios y medidas t\u00e9cnicas adicionales a su alcance para evitar la p\u00e9rdida, mal uso, alteraci\u00f3n, acceso no autorizado y robo de los Datos Personales facilitados a METROLOGIA SARIKI, S.A. no ser\u00e1 responsable de posibles da\u00f1os o perjuicios que se pudieran derivar de interferencias, omisiones, interrupciones, virus inform\u00e1ticos, aver\u00edas telef\u00f3nicas o desconexiones en el funcionamiento operativo de este sistema electr\u00f3nico, motivadas por causas ajenas a METROLOGIA SARIKI, S.A.; de retrasos o bloqueos en el uso del presente sistema electr\u00f3nico causados por deficiencias o sobrecargas de l\u00edneas telef\u00f3nicas o sobrecargas en el Centro de Procesos de Datos, en el sistema de Internet o en otros sistemas electr\u00f3nicos, as\u00ed como de da\u00f1os que puedan ser causados por terceras personas mediante intromisiones ileg\u00edtimas fuera del control de METROLOGIA SARIKI, S.A.. Ello, no obstante, el Usuario debe ser consciente de que las medidas de seguridad en Internet no son inexpugnables.<\/p>\n<h3><strong>Aceptaci\u00f3n y consentimiento<\/strong><\/h3>\n<p>El usuario declara haber sido informado de las condiciones sobre protecci\u00f3n de datos personales, aceptando y consintiendo el tratamiento automatizado de los mismos por parte de METROLOGIA SARIKI, S.A., en la forma y para las finalidades indicadas en la presente Pol\u00edtica de Protecci\u00f3n de Datos Personales. Ciertos servicios prestados en el Portal pueden contener condiciones particulares con previsiones espec\u00edficas en materia de protecci\u00f3n de Datos Personales.<\/p>\n\t\t<h1>\n\t\t\tPol\u00edtica de privacidad\n\t\t<\/h1>\n\t<p>La navegaci\u00f3n y uso de la p\u00e1gina web\u00a0<a href=\"https:\/\/www.sariki.es\/en\/\">https:\/\/www.sariki.es<\/a>\u00a0implicar\u00e1 la adhesi\u00f3n plena y sin reservas a todas y cada una de las condiciones de esta Pol\u00edtica de privacidad.<\/p>\n<h3><strong>Ley de Protecci\u00f3n de Datos<\/strong><\/h3>\n<p>Los datos personales que el Usuario facilita al ponerse en contacto con METROLOGIA SARIKI S.A. ser\u00e1n incluidos en un fichero de datos cuya finalidad ser\u00e1 gestionar la respuesta a las consultas o sugerencias planteadas, mejorar el dise\u00f1o y\/o el contenido de la p\u00e1gina y adaptarla a nuestros clientes, y enviarles noticias, novedades y ofertas comerciales sobre la empresa (por correo electr\u00f3nico o por cualquier otro medio de comunicaci\u00f3n).\u00a0<a href=\"https:\/\/www.sariki.es\/en\/\">https:\/\/www.sariki.es<\/a> \u00a0dominio web, perteneciente a METROLOGIA SARIKI S.A responsable de ficheros, se compromete a respetar la confidencialidad de su informaci\u00f3n de car\u00e1cter personal y tratar\u00e1 todos los datos de conformidad con lo establecido en la Ley Org\u00e1nica de Protecci\u00f3n de Datos de Car\u00e1cter Personal. As\u00ed mismo, se informa a los Usuarios de sus derechos de acceso, rectificaci\u00f3n, cancelaci\u00f3n y, en su caso, oposici\u00f3n, los cuales podr\u00e1n ejercitar dirigi\u00e9ndose a la siguiente direcci\u00f3n: METROLOGIA SARIKI, S.A. con C.I.F A20097135 y domicilio en C\/ SAN ANTOLIN KALEA 9, ELGOIBAR, 20870, GIPUZKOA<\/p>\n<h3><strong>Cookies<\/strong><\/h3>\n<p>Este sitio web, al igual que la mayor\u00eda de los sitios en Internet, usa cookies para mejorar y optimizar la experiencia del usuario. Una &#8220;cookie&#8221; es un peque\u00f1o fichero de texto que un servidor de p\u00e1ginas Web almacena en la unidad de disco duro del usuario. Las &#8220;cookies&#8221; no pueden por s\u00ed mismas identificar a una persona ya que no hacen referencia a ning\u00fan dato de car\u00e1cter personal y no se pueden ejecutar como c\u00f3digo o contener virus.<\/p>\n<p>Las cookies ayudan, por ejemplo, a guardar la configuraci\u00f3n del usuario (idioma y pa\u00eds desde el que navega) para que no tenga que introducir estos detalles de nuevo en su pr\u00f3xima visita. Adem\u00e1s, permiten conservar la informaci\u00f3n del pedido en una tienda online mientras recorre las p\u00e1ginas.<\/p>\n<p>METROLOGIA SARIKI SA utiliza en su dominio web las siguientes cookies que se detallan en el cuadro siguiente:<\/p>\n<table width=\"740\">\n<thead>\n<tr>\n<td width=\"95\"><strong>Dominio<\/strong><\/td>\n<td width=\"104\"><strong>Cookie<\/strong><\/td>\n<td width=\"217\"><strong>Prop\u00f3sito<\/strong><\/td>\n<td width=\"324\"><\/td>\n<\/tr>\n<\/thead>\n<tbody>\n<tr>\n<td width=\"95\">sariki.es<\/td>\n<td width=\"104\">_ga _gat _gid<\/td>\n<td width=\"217\">cookies que utiliza Google Analytics para an\u00e1lisis y estad\u00edsticas\n<a href=\"https:\/\/developers.google.com\/analytics\/devguides\/collection\/analyticsjs\/cookie-usage\">https:\/\/developers.google.com\/analytics\/devguides\/collection\/analyticsjs\/cookie-usage<\/a><\/td>\n<\/tr>\n<tr>\n<td width=\"95\"><a href=\"https:\/\/www.sariki.es\/en\/\">https:\/\/www.sariki.es<\/a><\/td>\n<td width=\"104\">cookie_notice_accepted\n&nbsp;<\/td>\n<td width=\"217\">herramienta para a\u00f1adir la funci\u00f3n de aceptaci\u00f3n de cookies en el sitio web.<\/td>\n<td width=\"324\"><\/td>\n<\/tr>\n<\/tbody>\n<\/table>\n<h3><strong>Desactivaci\u00f3n de cookies<\/strong><\/h3>\n<p>Si el usuario as\u00ed lo desea, es posible dejar de aceptar las cookies del navegador, o dejar de aceptar las cookies de un servicio en particular. Todos los navegadores modernos permiten cambiar la configuraci\u00f3n de cookies. Estos ajustes normalmente se encuentran en las &#8220;Opciones&#8221; o &#8220;Preferencias&#8221; del men\u00fa del navegador. El usuario podr\u00e1, en cualquier momento, deshabilitar el uso de cookies en este sitio web mediante: La configuraci\u00f3n del navegador, por ejemplo:<\/p>\n<ul>\n<li><a href=\"http:\/\/support.google.com\/chrome\/bin\/answer.py?hl=es&amp;answer=95647\">Google Chrome<\/a><\/li>\n<li><a href=\"http:\/\/windows.microsoft.com\/es-es\/windows7\/how-to-manage-cookies-in-internet-explorer-9\">Internet Explorer<\/a><\/li>\n<li><a href=\"https:\/\/support.mozilla.org\/es\/kb\/habilitar-y-deshabilitar-cookies-sitios-web-rastrear-preferencias\">Mozilla Firefox<\/a><\/li>\n<li><a href=\"http:\/\/support.apple.com\/kb\/ph5042\">Apple Safari<\/a><\/li>\n<li>Otras herramientas de terceros, disponibles on-line, que permiten a los usuarios detectar las cookies en cada sitio web que visita y gestionar su desactivaci\u00f3n (por ejemplo,\u00a0<a href=\"https:\/\/www.ghostery.com\/about-ghostery\/privacy-statements\/\">Ghostery<\/a>).<\/li>\n<\/ul>\n<p>METROLOGIA SARIKI SA no se hace responsable del contenido y veracidad de las pol\u00edticas de privacidad de los terceros incluidas en esta pol\u00edtica de cookies.<\/p>\n<p>Puede Usted rechazar el tratamiento de los datos o la informaci\u00f3n rechazando el uso de cookies mediante la selecci\u00f3n de la configuraci\u00f3n apropiada de su navegador, sin embargo, debe Usted saber que si lo hace puede ser que no pueda usar la plena funcionabilidad de este website.<\/p>\n<h3><strong>Ley Aplicable y Jurisdicci\u00f3n<\/strong><\/h3>\n<p>Para la resoluci\u00f3n de todas las controversias o cuestiones relacionadas con el presente sitio web o de las actividades en \u00e9l desarrolladas, ser\u00e1 de aplicaci\u00f3n la legislaci\u00f3n espa\u00f1ola, a la que se someten expresamente las partes. Como requisito previo al comienzo del litigio, METROLOGIA SARIKI SA y el cliente se obligan a negociar de buena fe para resolver el litigio o controversia durante el plazo de un (1) mes contando desde la fecha en que una de las partes notifique por escrito a la otra su pretensi\u00f3n potencialmente litigiosa.<\/p>\n<p><strong>Los usuarios de nuestra web son conscientes de todo lo expuesto y lo aceptan voluntariamente.<\/strong><\/p>\n<p>&nbsp;<\/p>\n\n","protected":false},"excerpt":{"rendered":"<p>Legal notices El presente aviso legal (en adelante, el &#8220;Aviso Legal&#8221;) regula el uso del servicio del portal de Internet http:\/\/www.sariki.es (en adelante, el &#8220;Web&#8221;) de METROLOGIA SARIKI, S.A. con domicilio social en C\/ SAN ANTOLIN KALEA 9, ELGOIBAR, 20870, GIPUZKOA con CIF A20097135. Legislaci\u00f3n Con car\u00e1cter general las relaciones entre METROLOGIA SARIKI, S.A. con&hellip;<\/p>\n","protected":false},"author":1,"featured_media":0,"parent":0,"menu_order":0,"comment_status":"closed","ping_status":"closed","template":"","meta":{"footnotes":""},"class_list":["post-10319","page","type-page","status-publish","hentry"],"yoast_head":"<!-- This site is optimized with the Yoast SEO Premium plugin v24.6 (Yoast SEO v24.6) - https:\/\/yoast.com\/wordpress\/plugins\/seo\/ -->\n<title>Legal notices - Sariki Metrolog\u00eda Industrial<\/title>\n<meta name=\"robots\" content=\"noindex, nofollow\" \/>\n<meta property=\"og:locale\" content=\"en_US\" \/>\n<meta property=\"og:type\" content=\"article\" \/>\n<meta property=\"og:title\" content=\"Legal notices\" \/>\n<meta property=\"og:description\" content=\"Legal notices El presente aviso legal (en adelante, el &#8220;Aviso Legal&#8221;) regula el uso del servicio del portal de Internet http:\/\/www.sariki.es (en adelante, el &#8220;Web&#8221;) de METROLOGIA SARIKI, S.A. con domicilio social en C\/ SAN ANTOLIN KALEA 9, ELGOIBAR, 20870, GIPUZKOA con CIF A20097135. Legislaci\u00f3n Con car\u00e1cter general las relaciones entre METROLOGIA SARIKI, S.A. con&hellip;\" \/>\n<meta property=\"og:url\" content=\"https:\/\/www.sariki.es\/en\/legal-notices\/\" \/>\n<meta property=\"og:site_name\" content=\"Sariki - Metrolog\u00eda industrial\" \/>\n<meta property=\"article:publisher\" content=\"https:\/\/www.facebook.com\/MetrologiaSariki\" \/>\n<meta property=\"article:modified_time\" content=\"2024-05-02T12:04:11+00:00\" \/>\n<meta name=\"twitter:card\" content=\"summary_large_image\" \/>\n<meta name=\"twitter:site\" content=\"@sarikisa\" \/>\n<meta name=\"twitter:label1\" content=\"Est. reading time\" \/>\n\t<meta name=\"twitter:data1\" content=\"12 minutes\" \/>\n<script type=\"application\/ld+json\" class=\"yoast-schema-graph\">{\"@context\":\"https:\/\/schema.org\",\"@graph\":[{\"@type\":\"WebPage\",\"@id\":\"https:\/\/www.sariki.es\/en\/legal-notices\/\",\"url\":\"https:\/\/www.sariki.es\/en\/legal-notices\/\",\"name\":\"Legal notices - Sariki Metrolog\u00eda Industrial\",\"isPartOf\":{\"@id\":\"https:\/\/www.sariki.es\/en\/#website\"},\"datePublished\":\"2019-11-02T14:53:14+00:00\",\"dateModified\":\"2024-05-02T12:04:11+00:00\",\"breadcrumb\":{\"@id\":\"https:\/\/www.sariki.es\/en\/legal-notices\/#breadcrumb\"},\"inLanguage\":\"en-US\",\"potentialAction\":[{\"@type\":\"ReadAction\",\"target\":[\"https:\/\/www.sariki.es\/en\/legal-notices\/\"]}]},{\"@type\":\"BreadcrumbList\",\"@id\":\"https:\/\/www.sariki.es\/en\/legal-notices\/#breadcrumb\",\"itemListElement\":[{\"@type\":\"ListItem\",\"position\":1,\"name\":\"Inicio\",\"item\":\"https:\/\/www.sariki.es\/en\/\"},{\"@type\":\"ListItem\",\"position\":2,\"name\":\"Legal notices\"}]},{\"@type\":\"WebSite\",\"@id\":\"https:\/\/www.sariki.es\/en\/#website\",\"url\":\"https:\/\/www.sariki.es\/en\/\",\"name\":\"Sariki - Metrolog\u00eda industrial\",\"description\":\"Metrolog\u00eda industrial en Gipuzkoa\",\"publisher\":{\"@id\":\"https:\/\/www.sariki.es\/en\/#organization\"},\"potentialAction\":[{\"@type\":\"SearchAction\",\"target\":{\"@type\":\"EntryPoint\",\"urlTemplate\":\"https:\/\/www.sariki.es\/en\/?s={search_term_string}\"},\"query-input\":{\"@type\":\"PropertyValueSpecification\",\"valueRequired\":true,\"valueName\":\"search_term_string\"}}],\"inLanguage\":\"en-US\"},{\"@type\":\"Organization\",\"@id\":\"https:\/\/www.sariki.es\/en\/#organization\",\"name\":\"Sariki - Soluciones de metrolog\u00eda\",\"url\":\"https:\/\/www.sariki.es\/en\/\",\"logo\":{\"@type\":\"ImageObject\",\"inLanguage\":\"en-US\",\"@id\":\"https:\/\/www.sariki.es\/en\/#\/schema\/logo\/image\/\",\"url\":\"\",\"contentUrl\":\"\",\"caption\":\"Sariki - Soluciones de metrolog\u00eda\"},\"image\":{\"@id\":\"https:\/\/www.sariki.es\/en\/#\/schema\/logo\/image\/\"},\"sameAs\":[\"https:\/\/www.facebook.com\/MetrologiaSariki\",\"https:\/\/x.com\/sarikisa\"]}]}<\/script>\n<!-- \/ Yoast SEO Premium plugin. -->","yoast_head_json":{"title":"Legal notices - Sariki Metrolog\u00eda Industrial","robots":{"index":"noindex","follow":"nofollow"},"og_locale":"en_US","og_type":"article","og_title":"Legal notices","og_description":"Legal notices El presente aviso legal (en adelante, el &#8220;Aviso Legal&#8221;) regula el uso del servicio del portal de Internet http:\/\/www.sariki.es (en adelante, el &#8220;Web&#8221;) de METROLOGIA SARIKI, S.A. con domicilio social en C\/ SAN ANTOLIN KALEA 9, ELGOIBAR, 20870, GIPUZKOA con CIF A20097135. Legislaci\u00f3n Con car\u00e1cter general las relaciones entre METROLOGIA SARIKI, S.A. con&hellip;","og_url":"https:\/\/www.sariki.es\/en\/legal-notices\/","og_site_name":"Sariki - Metrolog\u00eda industrial","article_publisher":"https:\/\/www.facebook.com\/MetrologiaSariki","article_modified_time":"2024-05-02T12:04:11+00:00","twitter_card":"summary_large_image","twitter_site":"@sarikisa","twitter_misc":{"Est. reading time":"12 minutes"},"schema":{"@context":"https:\/\/schema.org","@graph":[{"@type":"WebPage","@id":"https:\/\/www.sariki.es\/en\/legal-notices\/","url":"https:\/\/www.sariki.es\/en\/legal-notices\/","name":"Legal notices - Sariki Metrolog\u00eda Industrial","isPartOf":{"@id":"https:\/\/www.sariki.es\/en\/#website"},"datePublished":"2019-11-02T14:53:14+00:00","dateModified":"2024-05-02T12:04:11+00:00","breadcrumb":{"@id":"https:\/\/www.sariki.es\/en\/legal-notices\/#breadcrumb"},"inLanguage":"en-US","potentialAction":[{"@type":"ReadAction","target":["https:\/\/www.sariki.es\/en\/legal-notices\/"]}]},{"@type":"BreadcrumbList","@id":"https:\/\/www.sariki.es\/en\/legal-notices\/#breadcrumb","itemListElement":[{"@type":"ListItem","position":1,"name":"Inicio","item":"https:\/\/www.sariki.es\/en\/"},{"@type":"ListItem","position":2,"name":"Legal notices"}]},{"@type":"WebSite","@id":"https:\/\/www.sariki.es\/en\/#website","url":"https:\/\/www.sariki.es\/en\/","name":"Sariki - Metrolog\u00eda industrial","description":"Metrolog\u00eda industrial en Gipuzkoa","publisher":{"@id":"https:\/\/www.sariki.es\/en\/#organization"},"potentialAction":[{"@type":"SearchAction","target":{"@type":"EntryPoint","urlTemplate":"https:\/\/www.sariki.es\/en\/?s={search_term_string}"},"query-input":{"@type":"PropertyValueSpecification","valueRequired":true,"valueName":"search_term_string"}}],"inLanguage":"en-US"},{"@type":"Organization","@id":"https:\/\/www.sariki.es\/en\/#organization","name":"Sariki - Soluciones de metrolog\u00eda","url":"https:\/\/www.sariki.es\/en\/","logo":{"@type":"ImageObject","inLanguage":"en-US","@id":"https:\/\/www.sariki.es\/en\/#\/schema\/logo\/image\/","url":"","contentUrl":"","caption":"Sariki - Soluciones de metrolog\u00eda"},"image":{"@id":"https:\/\/www.sariki.es\/en\/#\/schema\/logo\/image\/"},"sameAs":["https:\/\/www.facebook.com\/MetrologiaSariki","https:\/\/x.com\/sarikisa"]}]}},"_links":{"self":[{"href":"https:\/\/www.sariki.es\/en\/wp-json\/wp\/v2\/pages\/10319","targetHints":{"allow":["GET"]}}],"collection":[{"href":"https:\/\/www.sariki.es\/en\/wp-json\/wp\/v2\/pages"}],"about":[{"href":"https:\/\/www.sariki.es\/en\/wp-json\/wp\/v2\/types\/page"}],"author":[{"embeddable":true,"href":"https:\/\/www.sariki.es\/en\/wp-json\/wp\/v2\/users\/1"}],"replies":[{"embeddable":true,"href":"https:\/\/www.sariki.es\/en\/wp-json\/wp\/v2\/comments?post=10319"}],"version-history":[{"count":3,"href":"https:\/\/www.sariki.es\/en\/wp-json\/wp\/v2\/pages\/10319\/revisions"}],"predecessor-version":[{"id":21509,"href":"https:\/\/www.sariki.es\/en\/wp-json\/wp\/v2\/pages\/10319\/revisions\/21509"}],"wp:attachment":[{"href":"https:\/\/www.sariki.es\/en\/wp-json\/wp\/v2\/media?parent=10319"}],"curies":[{"name":"wp","href":"https:\/\/api.w.org\/{rel}","templated":true}]}}